{"id":42149,"date":"2025-03-18T13:32:53","date_gmt":"2025-03-18T12:32:53","guid":{"rendered":"https:\/\/staging.fast-gas.com\/?post_type=product&#038;p=42149"},"modified":"2025-10-30T16:06:22","modified_gmt":"2025-10-30T15:06:22","slug":"tryckregulator","status":"publish","type":"product","link":"https:\/\/fast-gas.com\/sv\/produkt\/tryckregulator\/","title":{"rendered":"Tryckregulator"},"excerpt":{"rendered":"<p data-start=\"52\" data-end=\"174\">FastGas tryckregulatorer erbjuder en p\u00e5litlig och l\u00e4ttanv\u00e4nd l\u00f6sning f\u00f6r att ladda gr\u00e4ddsifoner och sodasifoner. Kompatibla med de flesta lustgas- och CO\u2082-beh\u00e5llare s\u00e4kerst\u00e4ller de j\u00e4mn och konsekvent prestanda i en m\u00e4ngd olika anv\u00e4ndningsomr\u00e5den.<\/p>\n<p data-start=\"311\" data-end=\"332\"><span class=\"title-highlight\"><strong data-start=\"315\" data-end=\"330\">Beskrivning<\/strong><\/span><\/p>\n<p data-start=\"333\" data-end=\"588\">Dessa regulatorer \u00e4r konstruerade f\u00f6r effektivitet och oavbruten anv\u00e4ndning, och \u00e4r idealiska f\u00f6r milj\u00f6er med h\u00f6g efterfr\u00e5gan som barer, professionella k\u00f6k och kaf\u00e9er. De \u00e4r ocks\u00e5 en praktisk l\u00f6sning f\u00f6r hemmabrukare som tillagar stora m\u00e4ngder vispgr\u00e4dde.<\/p>\n<p data-start=\"590\" data-end=\"870\">Regulatorerna \u00e4r s\u00e4rskilt anv\u00e4ndbara med st\u00f6rre 2L- och 3L-beh\u00e5llare d\u00e4r Creamer-maskinen \u00e4nnu inte \u00e4r tillg\u00e4nglig. De m\u00f6jligg\u00f6r en smidig och avbrottsfri drift \u2013 till skillnad fr\u00e5n den traditionella metoden med sm\u00e5 8g patroner som kr\u00e4ver st\u00e4ndig p\u00e5fyllning och st\u00f6r arbetsfl\u00f6det.<\/p>\n","protected":false},"featured_media":42752,"template":"","meta":{"_acf_changed":false},"product_brand":[],"product_cat":[500,462,463],"product_tag":[],"class_list":{"0":"post-42149","1":"product","2":"type-product","3":"status-publish","4":"has-post-thumbnail","6":"product_cat-alla","7":"product_cat-graddpatroner-sv","8":"product_cat-lustgas-sv","10":"first","11":"instock","12":"taxable","13":"shipping-taxable","14":"product-type-simple"},"acf":[],"yoast_head":"<!-- This site is optimized with the Yoast SEO plugin v27.2 - https:\/\/yoast.com\/product\/yoast-seo-wordpress\/ -->\n<title>FastGas tryckregulator: kontrollera trycket i din gr\u00e4ddpatron | FastGas<\/title>\n<meta name=\"description\" content=\"M\u00e4t trycket i din gr\u00e4ddpatron och minska svinn med FastGas tryckregulator. Uppn\u00e5 konsekventa och optimala resultat varje g\u00e5ng.\" \/>\n<meta name=\"robots\" content=\"index, follow, max-snippet:-1, max-image-preview:large, max-video-preview:-1\" \/>\n<link rel=\"canonical\" href=\"https:\/\/fast-gas.com\/sv\/produkt\/tryckregulator\/\" \/>\n<meta property=\"og:locale\" content=\"sv_SE\" \/>\n<meta property=\"og:type\" content=\"article\" \/>\n<meta property=\"og:title\" content=\"FastGas tryckregulator: kontrollera trycket i din gr\u00e4ddpatron | FastGas\" \/>\n<meta property=\"og:description\" content=\"M\u00e4t trycket i din gr\u00e4ddpatron och minska svinn med FastGas tryckregulator. Uppn\u00e5 konsekventa och optimala resultat varje g\u00e5ng.\" \/>\n<meta property=\"og:url\" content=\"https:\/\/fast-gas.com\/sv\/produkt\/tryckregulator\/\" \/>\n<meta property=\"og:site_name\" content=\"FastGas\" \/>\n<meta property=\"article:publisher\" content=\"https:\/\/facebook.com\/wearefastgas\" \/>\n<meta property=\"article:modified_time\" content=\"2025-10-30T15:06:22+00:00\" \/>\n<meta property=\"og:image\" content=\"https:\/\/fast-gas.com\/wp-content\/uploads\/2025\/03\/Pressure-Regulator-transparent.png\" \/>\n\t<meta property=\"og:image:width\" content=\"1000\" \/>\n\t<meta property=\"og:image:height\" content=\"1000\" \/>\n\t<meta property=\"og:image:type\" content=\"image\/png\" \/>\n<meta name=\"twitter:card\" content=\"summary_large_image\" \/>\n<meta name=\"twitter:label1\" content=\"Est. reading time\" \/>\n\t<meta name=\"twitter:data1\" content=\"1 minute\" \/>\n<script type=\"application\/ld+json\" class=\"yoast-schema-graph\">{\"@context\":\"https:\/\/schema.org\",\"@graph\":[{\"@type\":[\"WebPage\",\"ItemPage\"],\"@id\":\"https:\/\/fast-gas.com\/sv\/produkt\/tryckregulator\/\",\"url\":\"https:\/\/fast-gas.com\/sv\/produkt\/tryckregulator\/\",\"name\":\"FastGas tryckregulator: kontrollera trycket i din gr\u00e4ddpatron | FastGas\",\"isPartOf\":{\"@id\":\"https:\/\/fast-gas.com\/sv\/#website\"},\"primaryImageOfPage\":{\"@id\":\"https:\/\/fast-gas.com\/sv\/produkt\/tryckregulator\/#primaryimage\"},\"image\":{\"@id\":\"https:\/\/fast-gas.com\/sv\/produkt\/tryckregulator\/#primaryimage\"},\"thumbnailUrl\":\"https:\/\/fast-gas.com\/wp-content\/uploads\/2025\/03\/Pressure-Regulator-transparent.png\",\"datePublished\":\"2025-03-18T12:32:53+00:00\",\"dateModified\":\"2025-10-30T15:06:22+00:00\",\"description\":\"M\u00e4t trycket i din gr\u00e4ddpatron och minska svinn med FastGas tryckregulator. Uppn\u00e5 konsekventa och optimala resultat varje g\u00e5ng.\",\"breadcrumb\":{\"@id\":\"https:\/\/fast-gas.com\/sv\/produkt\/tryckregulator\/#breadcrumb\"},\"inLanguage\":\"sv-SE\",\"potentialAction\":[{\"@type\":\"ReadAction\",\"target\":[\"https:\/\/fast-gas.com\/sv\/produkt\/tryckregulator\/\"]}]},{\"@type\":\"ImageObject\",\"inLanguage\":\"sv-SE\",\"@id\":\"https:\/\/fast-gas.com\/sv\/produkt\/tryckregulator\/#primaryimage\",\"url\":\"https:\/\/fast-gas.com\/wp-content\/uploads\/2025\/03\/Pressure-Regulator-transparent.png\",\"contentUrl\":\"https:\/\/fast-gas.com\/wp-content\/uploads\/2025\/03\/Pressure-Regulator-transparent.png\",\"width\":1000,\"height\":1000},{\"@type\":\"BreadcrumbList\",\"@id\":\"https:\/\/fast-gas.com\/sv\/produkt\/tryckregulator\/#breadcrumb\",\"itemListElement\":[{\"@type\":\"ListItem\",\"position\":1,\"name\":\"Home\",\"item\":\"https:\/\/fast-gas.com\/sv\/\"},{\"@type\":\"ListItem\",\"position\":2,\"name\":\"Tryckregulator\"}]},{\"@type\":\"WebSite\",\"@id\":\"https:\/\/fast-gas.com\/sv\/#website\",\"url\":\"https:\/\/fast-gas.com\/sv\/\",\"name\":\"FastGas\",\"description\":\"640G N2O Cream Chargers\",\"publisher\":{\"@id\":\"https:\/\/fast-gas.com\/sv\/#organization\"},\"potentialAction\":[{\"@type\":\"SearchAction\",\"target\":{\"@type\":\"EntryPoint\",\"urlTemplate\":\"https:\/\/fast-gas.com\/sv\/?s={search_term_string}\"},\"query-input\":{\"@type\":\"PropertyValueSpecification\",\"valueRequired\":true,\"valueName\":\"search_term_string\"}}],\"inLanguage\":\"sv-SE\"},{\"@type\":\"Organization\",\"@id\":\"https:\/\/fast-gas.com\/sv\/#organization\",\"name\":\"FastGas - Helium, CO2 & N2O Wholesale\",\"alternateName\":\"Fast Gas\",\"url\":\"https:\/\/fast-gas.com\/sv\/\",\"logo\":{\"@type\":\"ImageObject\",\"inLanguage\":\"sv-SE\",\"@id\":\"https:\/\/fast-gas.com\/sv\/#\/schema\/logo\/image\/\",\"url\":\"https:\/\/fast-gas.com\/wp-content\/uploads\/2025\/03\/cropped-Fastgas-Favicon.png\",\"contentUrl\":\"https:\/\/fast-gas.com\/wp-content\/uploads\/2025\/03\/cropped-Fastgas-Favicon.png\",\"width\":512,\"height\":512,\"caption\":\"FastGas - Helium, CO2 & N2O Wholesale\"},\"image\":{\"@id\":\"https:\/\/fast-gas.com\/sv\/#\/schema\/logo\/image\/\"},\"sameAs\":[\"https:\/\/facebook.com\/wearefastgas\",\"https:\/\/www.youtube.com\/channel\/UCV5w9vrihWFu0yM7SZzQfVQ\/videos\",\"https:\/\/instagram.com\/fastgas.official\"]}]}<\/script>\n<!-- \/ Yoast SEO plugin. -->","yoast_head_json":{"title":"FastGas tryckregulator: kontrollera trycket i din gr\u00e4ddpatron | FastGas","description":"M\u00e4t trycket i din gr\u00e4ddpatron och minska svinn med FastGas tryckregulator. Uppn\u00e5 konsekventa och optimala resultat varje g\u00e5ng.","robots":{"index":"index","follow":"follow","max-snippet":"max-snippet:-1","max-image-preview":"max-image-preview:large","max-video-preview":"max-video-preview:-1"},"canonical":"https:\/\/fast-gas.com\/sv\/produkt\/tryckregulator\/","og_locale":"sv_SE","og_type":"article","og_title":"FastGas tryckregulator: kontrollera trycket i din gr\u00e4ddpatron | FastGas","og_description":"M\u00e4t trycket i din gr\u00e4ddpatron och minska svinn med FastGas tryckregulator. Uppn\u00e5 konsekventa och optimala resultat varje g\u00e5ng.","og_url":"https:\/\/fast-gas.com\/sv\/produkt\/tryckregulator\/","og_site_name":"FastGas","article_publisher":"https:\/\/facebook.com\/wearefastgas","article_modified_time":"2025-10-30T15:06:22+00:00","og_image":[{"width":1000,"height":1000,"url":"https:\/\/fast-gas.com\/wp-content\/uploads\/2025\/03\/Pressure-Regulator-transparent.png","type":"image\/png"}],"twitter_card":"summary_large_image","twitter_misc":{"Est. reading time":"1 minute"},"schema":{"@context":"https:\/\/schema.org","@graph":[{"@type":["WebPage","ItemPage"],"@id":"https:\/\/fast-gas.com\/sv\/produkt\/tryckregulator\/","url":"https:\/\/fast-gas.com\/sv\/produkt\/tryckregulator\/","name":"FastGas tryckregulator: kontrollera trycket i din gr\u00e4ddpatron | FastGas","isPartOf":{"@id":"https:\/\/fast-gas.com\/sv\/#website"},"primaryImageOfPage":{"@id":"https:\/\/fast-gas.com\/sv\/produkt\/tryckregulator\/#primaryimage"},"image":{"@id":"https:\/\/fast-gas.com\/sv\/produkt\/tryckregulator\/#primaryimage"},"thumbnailUrl":"https:\/\/fast-gas.com\/wp-content\/uploads\/2025\/03\/Pressure-Regulator-transparent.png","datePublished":"2025-03-18T12:32:53+00:00","dateModified":"2025-10-30T15:06:22+00:00","description":"M\u00e4t trycket i din gr\u00e4ddpatron och minska svinn med FastGas tryckregulator. Uppn\u00e5 konsekventa och optimala resultat varje g\u00e5ng.","breadcrumb":{"@id":"https:\/\/fast-gas.com\/sv\/produkt\/tryckregulator\/#breadcrumb"},"inLanguage":"sv-SE","potentialAction":[{"@type":"ReadAction","target":["https:\/\/fast-gas.com\/sv\/produkt\/tryckregulator\/"]}]},{"@type":"ImageObject","inLanguage":"sv-SE","@id":"https:\/\/fast-gas.com\/sv\/produkt\/tryckregulator\/#primaryimage","url":"https:\/\/fast-gas.com\/wp-content\/uploads\/2025\/03\/Pressure-Regulator-transparent.png","contentUrl":"https:\/\/fast-gas.com\/wp-content\/uploads\/2025\/03\/Pressure-Regulator-transparent.png","width":1000,"height":1000},{"@type":"BreadcrumbList","@id":"https:\/\/fast-gas.com\/sv\/produkt\/tryckregulator\/#breadcrumb","itemListElement":[{"@type":"ListItem","position":1,"name":"Home","item":"https:\/\/fast-gas.com\/sv\/"},{"@type":"ListItem","position":2,"name":"Tryckregulator"}]},{"@type":"WebSite","@id":"https:\/\/fast-gas.com\/sv\/#website","url":"https:\/\/fast-gas.com\/sv\/","name":"FastGas","description":"640G N2O Cream Chargers","publisher":{"@id":"https:\/\/fast-gas.com\/sv\/#organization"},"potentialAction":[{"@type":"SearchAction","target":{"@type":"EntryPoint","urlTemplate":"https:\/\/fast-gas.com\/sv\/?s={search_term_string}"},"query-input":{"@type":"PropertyValueSpecification","valueRequired":true,"valueName":"search_term_string"}}],"inLanguage":"sv-SE"},{"@type":"Organization","@id":"https:\/\/fast-gas.com\/sv\/#organization","name":"FastGas - Helium, CO2 & N2O Wholesale","alternateName":"Fast Gas","url":"https:\/\/fast-gas.com\/sv\/","logo":{"@type":"ImageObject","inLanguage":"sv-SE","@id":"https:\/\/fast-gas.com\/sv\/#\/schema\/logo\/image\/","url":"https:\/\/fast-gas.com\/wp-content\/uploads\/2025\/03\/cropped-Fastgas-Favicon.png","contentUrl":"https:\/\/fast-gas.com\/wp-content\/uploads\/2025\/03\/cropped-Fastgas-Favicon.png","width":512,"height":512,"caption":"FastGas - Helium, CO2 & N2O Wholesale"},"image":{"@id":"https:\/\/fast-gas.com\/sv\/#\/schema\/logo\/image\/"},"sameAs":["https:\/\/facebook.com\/wearefastgas","https:\/\/www.youtube.com\/channel\/UCV5w9vrihWFu0yM7SZzQfVQ\/videos","https:\/\/instagram.com\/fastgas.official"]}]}},"_links":{"self":[{"href":"https:\/\/fast-gas.com\/sv\/wp-json\/wp\/v2\/product\/42149","targetHints":{"allow":["GET"]}}],"collection":[{"href":"https:\/\/fast-gas.com\/sv\/wp-json\/wp\/v2\/product"}],"about":[{"href":"https:\/\/fast-gas.com\/sv\/wp-json\/wp\/v2\/types\/product"}],"wp:featuredmedia":[{"embeddable":true,"href":"https:\/\/fast-gas.com\/sv\/wp-json\/wp\/v2\/media\/42752"}],"wp:attachment":[{"href":"https:\/\/fast-gas.com\/sv\/wp-json\/wp\/v2\/media?parent=42149"}],"wp:term":[{"taxonomy":"product_brand","embeddable":true,"href":"https:\/\/fast-gas.com\/sv\/wp-json\/wp\/v2\/product_brand?post=42149"},{"taxonomy":"product_cat","embeddable":true,"href":"https:\/\/fast-gas.com\/sv\/wp-json\/wp\/v2\/product_cat?post=42149"},{"taxonomy":"product_tag","embeddable":true,"href":"https:\/\/fast-gas.com\/sv\/wp-json\/wp\/v2\/product_tag?post=42149"}],"curies":[{"name":"wp","href":"https:\/\/api.w.org\/{rel}","templated":true}]}}