{"id":42138,"date":"2025-03-18T13:26:42","date_gmt":"2025-03-18T12:26:42","guid":{"rendered":"https:\/\/staging.fast-gas.com\/?post_type=product&#038;p=42138"},"modified":"2025-10-30T15:58:35","modified_gmt":"2025-10-30T14:58:35","slug":"graddsifon","status":"publish","type":"product","link":"https:\/\/fast-gas.com\/sv\/produkt\/graddsifon\/","title":{"rendered":"Sifon"},"excerpt":{"rendered":"<p>FastGas gr\u00e4ddsifon \u00e4r utformad f\u00f6r att dispensra den slutliga produkten: vispgr\u00e4dde, espumas och skum p\u00e5 dina kulinariska eller barm\u00e4ssiga skapelser.<\/p>\n<p>Kompatibel med FastGas Creamer och FastGas tryckregulator samt de flesta branschstandarder.<\/p>\n<p>Endast l\u00e4mplig f\u00f6r kalla blandningar.<\/p>\n","protected":false},"featured_media":42740,"template":"","meta":{"_acf_changed":false},"product_brand":[],"product_cat":[500,462,463],"product_tag":[],"class_list":{"0":"post-42138","1":"product","2":"type-product","3":"status-publish","4":"has-post-thumbnail","6":"product_cat-alla","7":"product_cat-graddpatroner-sv","8":"product_cat-lustgas-sv","10":"first","11":"instock","12":"taxable","13":"shipping-taxable","14":"product-type-simple"},"acf":[],"yoast_head":"<!-- This site is optimized with the Yoast SEO plugin v27.2 - https:\/\/yoast.com\/product\/yoast-seo-wordpress\/ -->\n<title>FastGas gr\u00e4ddsifon: perfekta skum och vispningar | FastGas<\/title>\n<meta name=\"description\" content=\"H\u00f6j dina kulinariska eller barinspirerade kreationer med en FastGas gr\u00e4ddsifon \u2013 perfekt f\u00f6r vispad gr\u00e4dde, skum och espumas. Endast f\u00f6r kalla blandningar.\" \/>\n<meta name=\"robots\" content=\"index, follow, max-snippet:-1, max-image-preview:large, max-video-preview:-1\" \/>\n<link rel=\"canonical\" href=\"https:\/\/fast-gas.com\/sv\/produkt\/graddsifon\/\" \/>\n<meta property=\"og:locale\" content=\"sv_SE\" \/>\n<meta property=\"og:type\" content=\"article\" \/>\n<meta property=\"og:title\" content=\"FastGas gr\u00e4ddsifon: perfekta skum och vispningar | FastGas\" \/>\n<meta property=\"og:description\" content=\"H\u00f6j dina kulinariska eller barinspirerade kreationer med en FastGas gr\u00e4ddsifon \u2013 perfekt f\u00f6r vispad gr\u00e4dde, skum och espumas. Endast f\u00f6r kalla blandningar.\" \/>\n<meta property=\"og:url\" content=\"https:\/\/fast-gas.com\/sv\/produkt\/graddsifon\/\" \/>\n<meta property=\"og:site_name\" content=\"FastGas\" \/>\n<meta property=\"article:publisher\" content=\"https:\/\/facebook.com\/wearefastgas\" \/>\n<meta property=\"article:modified_time\" content=\"2025-10-30T14:58:35+00:00\" \/>\n<meta property=\"og:image\" content=\"https:\/\/fast-gas.com\/wp-content\/uploads\/2025\/03\/3.png\" \/>\n\t<meta property=\"og:image:width\" content=\"750\" \/>\n\t<meta property=\"og:image:height\" content=\"750\" \/>\n\t<meta property=\"og:image:type\" content=\"image\/png\" \/>\n<meta name=\"twitter:card\" content=\"summary_large_image\" \/>\n<meta name=\"twitter:label1\" content=\"Est. reading time\" \/>\n\t<meta name=\"twitter:data1\" content=\"1 minute\" \/>\n<script type=\"application\/ld+json\" class=\"yoast-schema-graph\">{\"@context\":\"https:\/\/schema.org\",\"@graph\":[{\"@type\":[\"WebPage\",\"ItemPage\"],\"@id\":\"https:\/\/fast-gas.com\/sv\/produkt\/graddsifon\/\",\"url\":\"https:\/\/fast-gas.com\/sv\/produkt\/graddsifon\/\",\"name\":\"FastGas gr\u00e4ddsifon: perfekta skum och vispningar | FastGas\",\"isPartOf\":{\"@id\":\"https:\/\/fast-gas.com\/sv\/#website\"},\"primaryImageOfPage\":{\"@id\":\"https:\/\/fast-gas.com\/sv\/produkt\/graddsifon\/#primaryimage\"},\"image\":{\"@id\":\"https:\/\/fast-gas.com\/sv\/produkt\/graddsifon\/#primaryimage\"},\"thumbnailUrl\":\"https:\/\/fast-gas.com\/wp-content\/uploads\/2025\/03\/3.png\",\"datePublished\":\"2025-03-18T12:26:42+00:00\",\"dateModified\":\"2025-10-30T14:58:35+00:00\",\"description\":\"H\u00f6j dina kulinariska eller barinspirerade kreationer med en FastGas gr\u00e4ddsifon \u2013 perfekt f\u00f6r vispad gr\u00e4dde, skum och espumas. Endast f\u00f6r kalla blandningar.\",\"breadcrumb\":{\"@id\":\"https:\/\/fast-gas.com\/sv\/produkt\/graddsifon\/#breadcrumb\"},\"inLanguage\":\"sv-SE\",\"potentialAction\":[{\"@type\":\"ReadAction\",\"target\":[\"https:\/\/fast-gas.com\/sv\/produkt\/graddsifon\/\"]}]},{\"@type\":\"ImageObject\",\"inLanguage\":\"sv-SE\",\"@id\":\"https:\/\/fast-gas.com\/sv\/produkt\/graddsifon\/#primaryimage\",\"url\":\"https:\/\/fast-gas.com\/wp-content\/uploads\/2025\/03\/3.png\",\"contentUrl\":\"https:\/\/fast-gas.com\/wp-content\/uploads\/2025\/03\/3.png\",\"width\":750,\"height\":750},{\"@type\":\"BreadcrumbList\",\"@id\":\"https:\/\/fast-gas.com\/sv\/produkt\/graddsifon\/#breadcrumb\",\"itemListElement\":[{\"@type\":\"ListItem\",\"position\":1,\"name\":\"Home\",\"item\":\"https:\/\/fast-gas.com\/sv\/\"},{\"@type\":\"ListItem\",\"position\":2,\"name\":\"Sifon\"}]},{\"@type\":\"WebSite\",\"@id\":\"https:\/\/fast-gas.com\/sv\/#website\",\"url\":\"https:\/\/fast-gas.com\/sv\/\",\"name\":\"FastGas\",\"description\":\"640G N2O Cream Chargers\",\"publisher\":{\"@id\":\"https:\/\/fast-gas.com\/sv\/#organization\"},\"potentialAction\":[{\"@type\":\"SearchAction\",\"target\":{\"@type\":\"EntryPoint\",\"urlTemplate\":\"https:\/\/fast-gas.com\/sv\/?s={search_term_string}\"},\"query-input\":{\"@type\":\"PropertyValueSpecification\",\"valueRequired\":true,\"valueName\":\"search_term_string\"}}],\"inLanguage\":\"sv-SE\"},{\"@type\":\"Organization\",\"@id\":\"https:\/\/fast-gas.com\/sv\/#organization\",\"name\":\"FastGas - Helium, CO2 & N2O Wholesale\",\"alternateName\":\"Fast Gas\",\"url\":\"https:\/\/fast-gas.com\/sv\/\",\"logo\":{\"@type\":\"ImageObject\",\"inLanguage\":\"sv-SE\",\"@id\":\"https:\/\/fast-gas.com\/sv\/#\/schema\/logo\/image\/\",\"url\":\"https:\/\/fast-gas.com\/wp-content\/uploads\/2025\/03\/cropped-Fastgas-Favicon.png\",\"contentUrl\":\"https:\/\/fast-gas.com\/wp-content\/uploads\/2025\/03\/cropped-Fastgas-Favicon.png\",\"width\":512,\"height\":512,\"caption\":\"FastGas - Helium, CO2 & N2O Wholesale\"},\"image\":{\"@id\":\"https:\/\/fast-gas.com\/sv\/#\/schema\/logo\/image\/\"},\"sameAs\":[\"https:\/\/facebook.com\/wearefastgas\",\"https:\/\/www.youtube.com\/channel\/UCV5w9vrihWFu0yM7SZzQfVQ\/videos\",\"https:\/\/instagram.com\/fastgas.official\"]}]}<\/script>\n<!-- \/ Yoast SEO plugin. -->","yoast_head_json":{"title":"FastGas gr\u00e4ddsifon: perfekta skum och vispningar | FastGas","description":"H\u00f6j dina kulinariska eller barinspirerade kreationer med en FastGas gr\u00e4ddsifon \u2013 perfekt f\u00f6r vispad gr\u00e4dde, skum och espumas. Endast f\u00f6r kalla blandningar.","robots":{"index":"index","follow":"follow","max-snippet":"max-snippet:-1","max-image-preview":"max-image-preview:large","max-video-preview":"max-video-preview:-1"},"canonical":"https:\/\/fast-gas.com\/sv\/produkt\/graddsifon\/","og_locale":"sv_SE","og_type":"article","og_title":"FastGas gr\u00e4ddsifon: perfekta skum och vispningar | FastGas","og_description":"H\u00f6j dina kulinariska eller barinspirerade kreationer med en FastGas gr\u00e4ddsifon \u2013 perfekt f\u00f6r vispad gr\u00e4dde, skum och espumas. Endast f\u00f6r kalla blandningar.","og_url":"https:\/\/fast-gas.com\/sv\/produkt\/graddsifon\/","og_site_name":"FastGas","article_publisher":"https:\/\/facebook.com\/wearefastgas","article_modified_time":"2025-10-30T14:58:35+00:00","og_image":[{"width":750,"height":750,"url":"https:\/\/fast-gas.com\/wp-content\/uploads\/2025\/03\/3.png","type":"image\/png"}],"twitter_card":"summary_large_image","twitter_misc":{"Est. reading time":"1 minute"},"schema":{"@context":"https:\/\/schema.org","@graph":[{"@type":["WebPage","ItemPage"],"@id":"https:\/\/fast-gas.com\/sv\/produkt\/graddsifon\/","url":"https:\/\/fast-gas.com\/sv\/produkt\/graddsifon\/","name":"FastGas gr\u00e4ddsifon: perfekta skum och vispningar | FastGas","isPartOf":{"@id":"https:\/\/fast-gas.com\/sv\/#website"},"primaryImageOfPage":{"@id":"https:\/\/fast-gas.com\/sv\/produkt\/graddsifon\/#primaryimage"},"image":{"@id":"https:\/\/fast-gas.com\/sv\/produkt\/graddsifon\/#primaryimage"},"thumbnailUrl":"https:\/\/fast-gas.com\/wp-content\/uploads\/2025\/03\/3.png","datePublished":"2025-03-18T12:26:42+00:00","dateModified":"2025-10-30T14:58:35+00:00","description":"H\u00f6j dina kulinariska eller barinspirerade kreationer med en FastGas gr\u00e4ddsifon \u2013 perfekt f\u00f6r vispad gr\u00e4dde, skum och espumas. Endast f\u00f6r kalla blandningar.","breadcrumb":{"@id":"https:\/\/fast-gas.com\/sv\/produkt\/graddsifon\/#breadcrumb"},"inLanguage":"sv-SE","potentialAction":[{"@type":"ReadAction","target":["https:\/\/fast-gas.com\/sv\/produkt\/graddsifon\/"]}]},{"@type":"ImageObject","inLanguage":"sv-SE","@id":"https:\/\/fast-gas.com\/sv\/produkt\/graddsifon\/#primaryimage","url":"https:\/\/fast-gas.com\/wp-content\/uploads\/2025\/03\/3.png","contentUrl":"https:\/\/fast-gas.com\/wp-content\/uploads\/2025\/03\/3.png","width":750,"height":750},{"@type":"BreadcrumbList","@id":"https:\/\/fast-gas.com\/sv\/produkt\/graddsifon\/#breadcrumb","itemListElement":[{"@type":"ListItem","position":1,"name":"Home","item":"https:\/\/fast-gas.com\/sv\/"},{"@type":"ListItem","position":2,"name":"Sifon"}]},{"@type":"WebSite","@id":"https:\/\/fast-gas.com\/sv\/#website","url":"https:\/\/fast-gas.com\/sv\/","name":"FastGas","description":"640G N2O Cream Chargers","publisher":{"@id":"https:\/\/fast-gas.com\/sv\/#organization"},"potentialAction":[{"@type":"SearchAction","target":{"@type":"EntryPoint","urlTemplate":"https:\/\/fast-gas.com\/sv\/?s={search_term_string}"},"query-input":{"@type":"PropertyValueSpecification","valueRequired":true,"valueName":"search_term_string"}}],"inLanguage":"sv-SE"},{"@type":"Organization","@id":"https:\/\/fast-gas.com\/sv\/#organization","name":"FastGas - Helium, CO2 & N2O Wholesale","alternateName":"Fast Gas","url":"https:\/\/fast-gas.com\/sv\/","logo":{"@type":"ImageObject","inLanguage":"sv-SE","@id":"https:\/\/fast-gas.com\/sv\/#\/schema\/logo\/image\/","url":"https:\/\/fast-gas.com\/wp-content\/uploads\/2025\/03\/cropped-Fastgas-Favicon.png","contentUrl":"https:\/\/fast-gas.com\/wp-content\/uploads\/2025\/03\/cropped-Fastgas-Favicon.png","width":512,"height":512,"caption":"FastGas - Helium, CO2 & N2O Wholesale"},"image":{"@id":"https:\/\/fast-gas.com\/sv\/#\/schema\/logo\/image\/"},"sameAs":["https:\/\/facebook.com\/wearefastgas","https:\/\/www.youtube.com\/channel\/UCV5w9vrihWFu0yM7SZzQfVQ\/videos","https:\/\/instagram.com\/fastgas.official"]}]}},"_links":{"self":[{"href":"https:\/\/fast-gas.com\/sv\/wp-json\/wp\/v2\/product\/42138","targetHints":{"allow":["GET"]}}],"collection":[{"href":"https:\/\/fast-gas.com\/sv\/wp-json\/wp\/v2\/product"}],"about":[{"href":"https:\/\/fast-gas.com\/sv\/wp-json\/wp\/v2\/types\/product"}],"wp:featuredmedia":[{"embeddable":true,"href":"https:\/\/fast-gas.com\/sv\/wp-json\/wp\/v2\/media\/42740"}],"wp:attachment":[{"href":"https:\/\/fast-gas.com\/sv\/wp-json\/wp\/v2\/media?parent=42138"}],"wp:term":[{"taxonomy":"product_brand","embeddable":true,"href":"https:\/\/fast-gas.com\/sv\/wp-json\/wp\/v2\/product_brand?post=42138"},{"taxonomy":"product_cat","embeddable":true,"href":"https:\/\/fast-gas.com\/sv\/wp-json\/wp\/v2\/product_cat?post=42138"},{"taxonomy":"product_tag","embeddable":true,"href":"https:\/\/fast-gas.com\/sv\/wp-json\/wp\/v2\/product_tag?post=42138"}],"curies":[{"name":"wp","href":"https:\/\/api.w.org\/{rel}","templated":true}]}}