{"id":36013,"date":"2024-06-12T13:25:43","date_gmt":"2024-06-12T11:25:43","guid":{"rendered":"https:\/\/fast-gas.com\/?post_type=product&#038;p=36013"},"modified":"2025-10-30T15:47:04","modified_gmt":"2025-10-30T14:47:04","slug":"fastgas-graddsifon","status":"publish","type":"product","link":"https:\/\/fast-gas.com\/sv\/produkt\/fastgas-graddsifon\/","title":{"rendered":"FastGas Gr\u00e4ddsifon"},"excerpt":{"rendered":"<p>V\u00e5rt ultimata tillbeh\u00f6r f\u00f6r bar och k\u00f6k.<\/p>\n<p>En innovativ N2O-dispenser anpassad f\u00f6r att skapa vispad gr\u00e4dde, kalla skum och s\u00e5ser. Kompatibel med v\u00e5r FastGas 670g-patron.<\/p>\n<p>Oavsett om du \u00e4r en proffs eller testar saker hemma, \u00e4r gr\u00e4ddsifonen designad f\u00f6r att frig\u00f6ra din kreativitet.<\/p>\n<p>DET REKOMMENDERADE PRIS \u00e4r 89,90 \u20ac<\/p>\n<p>Sifoner s\u00e4ljs separat.<\/p>\n","protected":false},"featured_media":42729,"template":"","meta":{"_acf_changed":false},"product_brand":[],"product_cat":[500,462,463],"product_tag":[],"class_list":{"0":"post-36013","1":"product","2":"type-product","3":"status-publish","4":"has-post-thumbnail","6":"product_cat-alla","7":"product_cat-graddpatroner-sv","8":"product_cat-lustgas-sv","10":"first","11":"instock","12":"taxable","13":"shipping-taxable","14":"product-type-simple"},"acf":[],"yoast_head":"<!-- This site is optimized with the Yoast SEO plugin v27.2 - https:\/\/yoast.com\/product\/yoast-seo-wordpress\/ -->\n<title>FastGas Gr\u00e4ddsifon | FastGas<\/title>\n<meta name=\"description\" content=\"FastGas Gr\u00e4ddsifon \u00e4r en innovativ N2O-doserare anpassad f\u00f6r att skapa vispgr\u00e4dde, espumas f\u00f6r cocktails, skum och s\u00e5ser.\" \/>\n<meta name=\"robots\" content=\"index, follow, max-snippet:-1, max-image-preview:large, max-video-preview:-1\" \/>\n<link rel=\"canonical\" href=\"https:\/\/fast-gas.com\/sv\/produkt\/fastgas-graddsifon\/\" \/>\n<meta property=\"og:locale\" content=\"sv_SE\" \/>\n<meta property=\"og:type\" content=\"article\" \/>\n<meta property=\"og:title\" content=\"FastGas Gr\u00e4ddsifon | FastGas\" \/>\n<meta property=\"og:description\" content=\"FastGas Gr\u00e4ddsifon \u00e4r en innovativ N2O-doserare anpassad f\u00f6r att skapa vispgr\u00e4dde, espumas f\u00f6r cocktails, skum och s\u00e5ser.\" \/>\n<meta property=\"og:url\" content=\"https:\/\/fast-gas.com\/sv\/produkt\/fastgas-graddsifon\/\" \/>\n<meta property=\"og:site_name\" content=\"FastGas\" \/>\n<meta property=\"article:publisher\" content=\"https:\/\/facebook.com\/wearefastgas\" \/>\n<meta property=\"article:modified_time\" content=\"2025-10-30T14:47:04+00:00\" \/>\n<meta property=\"og:image\" content=\"https:\/\/fast-gas.com\/wp-content\/uploads\/2024\/06\/fg-new-branding-670-original.png\" \/>\n\t<meta property=\"og:image:width\" content=\"750\" \/>\n\t<meta property=\"og:image:height\" content=\"750\" \/>\n\t<meta property=\"og:image:type\" content=\"image\/png\" \/>\n<meta name=\"twitter:card\" content=\"summary_large_image\" \/>\n<meta name=\"twitter:label1\" content=\"Est. reading time\" \/>\n\t<meta name=\"twitter:data1\" content=\"1 minute\" \/>\n<script type=\"application\/ld+json\" class=\"yoast-schema-graph\">{\"@context\":\"https:\/\/schema.org\",\"@graph\":[{\"@type\":[\"WebPage\",\"ItemPage\"],\"@id\":\"https:\/\/fast-gas.com\/sv\/produkt\/fastgas-graddsifon\/\",\"url\":\"https:\/\/fast-gas.com\/sv\/produkt\/fastgas-graddsifon\/\",\"name\":\"FastGas Gr\u00e4ddsifon | FastGas\",\"isPartOf\":{\"@id\":\"https:\/\/fast-gas.com\/sv\/#website\"},\"primaryImageOfPage\":{\"@id\":\"https:\/\/fast-gas.com\/sv\/produkt\/fastgas-graddsifon\/#primaryimage\"},\"image\":{\"@id\":\"https:\/\/fast-gas.com\/sv\/produkt\/fastgas-graddsifon\/#primaryimage\"},\"thumbnailUrl\":\"https:\/\/fast-gas.com\/wp-content\/uploads\/2024\/06\/fg-new-branding-670-original.png\",\"datePublished\":\"2024-06-12T11:25:43+00:00\",\"dateModified\":\"2025-10-30T14:47:04+00:00\",\"description\":\"FastGas Gr\u00e4ddsifon \u00e4r en innovativ N2O-doserare anpassad f\u00f6r att skapa vispgr\u00e4dde, espumas f\u00f6r cocktails, skum och s\u00e5ser.\",\"breadcrumb\":{\"@id\":\"https:\/\/fast-gas.com\/sv\/produkt\/fastgas-graddsifon\/#breadcrumb\"},\"inLanguage\":\"sv-SE\",\"potentialAction\":[{\"@type\":\"ReadAction\",\"target\":[\"https:\/\/fast-gas.com\/sv\/produkt\/fastgas-graddsifon\/\"]}]},{\"@type\":\"ImageObject\",\"inLanguage\":\"sv-SE\",\"@id\":\"https:\/\/fast-gas.com\/sv\/produkt\/fastgas-graddsifon\/#primaryimage\",\"url\":\"https:\/\/fast-gas.com\/wp-content\/uploads\/2024\/06\/fg-new-branding-670-original.png\",\"contentUrl\":\"https:\/\/fast-gas.com\/wp-content\/uploads\/2024\/06\/fg-new-branding-670-original.png\",\"width\":750,\"height\":750},{\"@type\":\"BreadcrumbList\",\"@id\":\"https:\/\/fast-gas.com\/sv\/produkt\/fastgas-graddsifon\/#breadcrumb\",\"itemListElement\":[{\"@type\":\"ListItem\",\"position\":1,\"name\":\"Home\",\"item\":\"https:\/\/fast-gas.com\/sv\/\"},{\"@type\":\"ListItem\",\"position\":2,\"name\":\"FastGas Gr\u00e4ddsifon\"}]},{\"@type\":\"WebSite\",\"@id\":\"https:\/\/fast-gas.com\/sv\/#website\",\"url\":\"https:\/\/fast-gas.com\/sv\/\",\"name\":\"FastGas\",\"description\":\"640G N2O Cream Chargers\",\"publisher\":{\"@id\":\"https:\/\/fast-gas.com\/sv\/#organization\"},\"potentialAction\":[{\"@type\":\"SearchAction\",\"target\":{\"@type\":\"EntryPoint\",\"urlTemplate\":\"https:\/\/fast-gas.com\/sv\/?s={search_term_string}\"},\"query-input\":{\"@type\":\"PropertyValueSpecification\",\"valueRequired\":true,\"valueName\":\"search_term_string\"}}],\"inLanguage\":\"sv-SE\"},{\"@type\":\"Organization\",\"@id\":\"https:\/\/fast-gas.com\/sv\/#organization\",\"name\":\"FastGas - Helium, CO2 & N2O Wholesale\",\"alternateName\":\"Fast Gas\",\"url\":\"https:\/\/fast-gas.com\/sv\/\",\"logo\":{\"@type\":\"ImageObject\",\"inLanguage\":\"sv-SE\",\"@id\":\"https:\/\/fast-gas.com\/sv\/#\/schema\/logo\/image\/\",\"url\":\"https:\/\/fast-gas.com\/wp-content\/uploads\/2025\/03\/cropped-Fastgas-Favicon.png\",\"contentUrl\":\"https:\/\/fast-gas.com\/wp-content\/uploads\/2025\/03\/cropped-Fastgas-Favicon.png\",\"width\":512,\"height\":512,\"caption\":\"FastGas - Helium, CO2 & N2O Wholesale\"},\"image\":{\"@id\":\"https:\/\/fast-gas.com\/sv\/#\/schema\/logo\/image\/\"},\"sameAs\":[\"https:\/\/facebook.com\/wearefastgas\",\"https:\/\/www.youtube.com\/channel\/UCV5w9vrihWFu0yM7SZzQfVQ\/videos\",\"https:\/\/instagram.com\/fastgas.official\"]}]}<\/script>\n<!-- \/ Yoast SEO plugin. -->","yoast_head_json":{"title":"FastGas Gr\u00e4ddsifon | FastGas","description":"FastGas Gr\u00e4ddsifon \u00e4r en innovativ N2O-doserare anpassad f\u00f6r att skapa vispgr\u00e4dde, espumas f\u00f6r cocktails, skum och s\u00e5ser.","robots":{"index":"index","follow":"follow","max-snippet":"max-snippet:-1","max-image-preview":"max-image-preview:large","max-video-preview":"max-video-preview:-1"},"canonical":"https:\/\/fast-gas.com\/sv\/produkt\/fastgas-graddsifon\/","og_locale":"sv_SE","og_type":"article","og_title":"FastGas Gr\u00e4ddsifon | FastGas","og_description":"FastGas Gr\u00e4ddsifon \u00e4r en innovativ N2O-doserare anpassad f\u00f6r att skapa vispgr\u00e4dde, espumas f\u00f6r cocktails, skum och s\u00e5ser.","og_url":"https:\/\/fast-gas.com\/sv\/produkt\/fastgas-graddsifon\/","og_site_name":"FastGas","article_publisher":"https:\/\/facebook.com\/wearefastgas","article_modified_time":"2025-10-30T14:47:04+00:00","og_image":[{"width":750,"height":750,"url":"https:\/\/fast-gas.com\/wp-content\/uploads\/2024\/06\/fg-new-branding-670-original.png","type":"image\/png"}],"twitter_card":"summary_large_image","twitter_misc":{"Est. reading time":"1 minute"},"schema":{"@context":"https:\/\/schema.org","@graph":[{"@type":["WebPage","ItemPage"],"@id":"https:\/\/fast-gas.com\/sv\/produkt\/fastgas-graddsifon\/","url":"https:\/\/fast-gas.com\/sv\/produkt\/fastgas-graddsifon\/","name":"FastGas Gr\u00e4ddsifon | FastGas","isPartOf":{"@id":"https:\/\/fast-gas.com\/sv\/#website"},"primaryImageOfPage":{"@id":"https:\/\/fast-gas.com\/sv\/produkt\/fastgas-graddsifon\/#primaryimage"},"image":{"@id":"https:\/\/fast-gas.com\/sv\/produkt\/fastgas-graddsifon\/#primaryimage"},"thumbnailUrl":"https:\/\/fast-gas.com\/wp-content\/uploads\/2024\/06\/fg-new-branding-670-original.png","datePublished":"2024-06-12T11:25:43+00:00","dateModified":"2025-10-30T14:47:04+00:00","description":"FastGas Gr\u00e4ddsifon \u00e4r en innovativ N2O-doserare anpassad f\u00f6r att skapa vispgr\u00e4dde, espumas f\u00f6r cocktails, skum och s\u00e5ser.","breadcrumb":{"@id":"https:\/\/fast-gas.com\/sv\/produkt\/fastgas-graddsifon\/#breadcrumb"},"inLanguage":"sv-SE","potentialAction":[{"@type":"ReadAction","target":["https:\/\/fast-gas.com\/sv\/produkt\/fastgas-graddsifon\/"]}]},{"@type":"ImageObject","inLanguage":"sv-SE","@id":"https:\/\/fast-gas.com\/sv\/produkt\/fastgas-graddsifon\/#primaryimage","url":"https:\/\/fast-gas.com\/wp-content\/uploads\/2024\/06\/fg-new-branding-670-original.png","contentUrl":"https:\/\/fast-gas.com\/wp-content\/uploads\/2024\/06\/fg-new-branding-670-original.png","width":750,"height":750},{"@type":"BreadcrumbList","@id":"https:\/\/fast-gas.com\/sv\/produkt\/fastgas-graddsifon\/#breadcrumb","itemListElement":[{"@type":"ListItem","position":1,"name":"Home","item":"https:\/\/fast-gas.com\/sv\/"},{"@type":"ListItem","position":2,"name":"FastGas Gr\u00e4ddsifon"}]},{"@type":"WebSite","@id":"https:\/\/fast-gas.com\/sv\/#website","url":"https:\/\/fast-gas.com\/sv\/","name":"FastGas","description":"640G N2O Cream Chargers","publisher":{"@id":"https:\/\/fast-gas.com\/sv\/#organization"},"potentialAction":[{"@type":"SearchAction","target":{"@type":"EntryPoint","urlTemplate":"https:\/\/fast-gas.com\/sv\/?s={search_term_string}"},"query-input":{"@type":"PropertyValueSpecification","valueRequired":true,"valueName":"search_term_string"}}],"inLanguage":"sv-SE"},{"@type":"Organization","@id":"https:\/\/fast-gas.com\/sv\/#organization","name":"FastGas - Helium, CO2 & N2O Wholesale","alternateName":"Fast Gas","url":"https:\/\/fast-gas.com\/sv\/","logo":{"@type":"ImageObject","inLanguage":"sv-SE","@id":"https:\/\/fast-gas.com\/sv\/#\/schema\/logo\/image\/","url":"https:\/\/fast-gas.com\/wp-content\/uploads\/2025\/03\/cropped-Fastgas-Favicon.png","contentUrl":"https:\/\/fast-gas.com\/wp-content\/uploads\/2025\/03\/cropped-Fastgas-Favicon.png","width":512,"height":512,"caption":"FastGas - Helium, CO2 & N2O Wholesale"},"image":{"@id":"https:\/\/fast-gas.com\/sv\/#\/schema\/logo\/image\/"},"sameAs":["https:\/\/facebook.com\/wearefastgas","https:\/\/www.youtube.com\/channel\/UCV5w9vrihWFu0yM7SZzQfVQ\/videos","https:\/\/instagram.com\/fastgas.official"]}]}},"_links":{"self":[{"href":"https:\/\/fast-gas.com\/sv\/wp-json\/wp\/v2\/product\/36013","targetHints":{"allow":["GET"]}}],"collection":[{"href":"https:\/\/fast-gas.com\/sv\/wp-json\/wp\/v2\/product"}],"about":[{"href":"https:\/\/fast-gas.com\/sv\/wp-json\/wp\/v2\/types\/product"}],"wp:featuredmedia":[{"embeddable":true,"href":"https:\/\/fast-gas.com\/sv\/wp-json\/wp\/v2\/media\/42729"}],"wp:attachment":[{"href":"https:\/\/fast-gas.com\/sv\/wp-json\/wp\/v2\/media?parent=36013"}],"wp:term":[{"taxonomy":"product_brand","embeddable":true,"href":"https:\/\/fast-gas.com\/sv\/wp-json\/wp\/v2\/product_brand?post=36013"},{"taxonomy":"product_cat","embeddable":true,"href":"https:\/\/fast-gas.com\/sv\/wp-json\/wp\/v2\/product_cat?post=36013"},{"taxonomy":"product_tag","embeddable":true,"href":"https:\/\/fast-gas.com\/sv\/wp-json\/wp\/v2\/product_tag?post=36013"}],"curies":[{"name":"wp","href":"https:\/\/api.w.org\/{rel}","templated":true}]}}