{"id":37569,"date":"2024-07-29T14:14:28","date_gmt":"2024-07-29T12:14:28","guid":{"rendered":"https:\/\/staging.fast-gas.com\/faqs\/"},"modified":"2025-07-14T14:52:34","modified_gmt":"2025-07-14T12:52:34","slug":"faqs","status":"publish","type":"page","link":"https:\/\/fast-gas.com\/sv\/faqs\/","title":{"rendered":"Vanliga Fr\u00e5gor"},"content":{"rendered":"","protected":false},"excerpt":{"rendered":"","protected":false},"author":4723,"featured_media":0,"parent":0,"menu_order":0,"comment_status":"closed","ping_status":"closed","template":"tpl-flex-content.php","meta":{"_acf_changed":false,"footnotes":""},"class_list":["post-37569","page","type-page","status-publish","hentry"],"acf":[],"yoast_head":"<!-- This site is optimized with the Yoast SEO plugin v27.4 - https:\/\/yoast.com\/product\/yoast-seo-wordpress\/ -->\n<title>Vanliga Fr\u00e5gor | FastGas<\/title>\n<meta name=\"description\" content=\"FastGas \u2013 Vanliga Fr\u00e5go. Vill du bli \u00e5terf\u00f6rs\u00e4ljare, eller har du helt enkelt en fr\u00e5ga?Fyll i v\u00e5rt \u00e5terf\u00f6rs\u00e4ljarformul\u00e4r s\u00e5 tar vi kontakt med dig s\u00e5 snart som m\u00f6jligt.\" \/>\n<meta name=\"robots\" content=\"index, follow, max-snippet:-1, max-image-preview:large, max-video-preview:-1\" \/>\n<link rel=\"canonical\" href=\"https:\/\/fast-gas.com\/sv\/faqs\/\" \/>\n<meta property=\"og:locale\" content=\"sv_SE\" \/>\n<meta property=\"og:type\" content=\"article\" \/>\n<meta property=\"og:title\" content=\"Vanliga Fr\u00e5gor | FastGas\" \/>\n<meta property=\"og:description\" content=\"FastGas \u2013 Vanliga Fr\u00e5go. Vill du bli \u00e5terf\u00f6rs\u00e4ljare, eller har du helt enkelt en fr\u00e5ga?Fyll i v\u00e5rt \u00e5terf\u00f6rs\u00e4ljarformul\u00e4r s\u00e5 tar vi kontakt med dig s\u00e5 snart som m\u00f6jligt.\" \/>\n<meta property=\"og:url\" content=\"https:\/\/fast-gas.com\/sv\/faqs\/\" \/>\n<meta property=\"og:site_name\" content=\"FastGas\" \/>\n<meta property=\"article:publisher\" content=\"https:\/\/facebook.com\/wearefastgas\" \/>\n<meta property=\"article:modified_time\" content=\"2025-07-14T12:52:34+00:00\" \/>\n<meta property=\"og:image\" content=\"https:\/\/fast-gas.com\/wp-content\/uploads\/2025\/09\/Untitled-design-4.png\" \/>\n\t<meta property=\"og:image:width\" content=\"500\" \/>\n\t<meta property=\"og:image:height\" content=\"500\" \/>\n\t<meta property=\"og:image:type\" content=\"image\/png\" \/>\n<meta name=\"twitter:card\" content=\"summary_large_image\" \/>\n<meta name=\"twitter:label1\" content=\"Est. reading time\" \/>\n\t<meta name=\"twitter:data1\" content=\"4 minutes\" \/>\n<script type=\"application\/ld+json\" class=\"yoast-schema-graph\">{\"@context\":\"https:\\\/\\\/schema.org\",\"@graph\":[{\"@type\":\"WebPage\",\"@id\":\"https:\\\/\\\/fast-gas.com\\\/sv\\\/faqs\\\/\",\"url\":\"https:\\\/\\\/fast-gas.com\\\/sv\\\/faqs\\\/\",\"name\":\"Vanliga Fr\u00e5gor | FastGas\",\"isPartOf\":{\"@id\":\"https:\\\/\\\/fast-gas.com\\\/sv\\\/#website\"},\"datePublished\":\"2024-07-29T12:14:28+00:00\",\"dateModified\":\"2025-07-14T12:52:34+00:00\",\"description\":\"FastGas \u2013 Vanliga Fr\u00e5go. Vill du bli \u00e5terf\u00f6rs\u00e4ljare, eller har du helt enkelt en fr\u00e5ga?Fyll i v\u00e5rt \u00e5terf\u00f6rs\u00e4ljarformul\u00e4r s\u00e5 tar vi kontakt med dig s\u00e5 snart som m\u00f6jligt.\",\"breadcrumb\":{\"@id\":\"https:\\\/\\\/fast-gas.com\\\/sv\\\/faqs\\\/#breadcrumb\"},\"inLanguage\":\"sv-SE\",\"potentialAction\":[{\"@type\":\"ReadAction\",\"target\":[\"https:\\\/\\\/fast-gas.com\\\/sv\\\/faqs\\\/\"]}]},{\"@type\":\"BreadcrumbList\",\"@id\":\"https:\\\/\\\/fast-gas.com\\\/sv\\\/faqs\\\/#breadcrumb\",\"itemListElement\":[{\"@type\":\"ListItem\",\"position\":1,\"name\":\"Home\",\"item\":\"https:\\\/\\\/fast-gas.com\\\/sv\\\/\"},{\"@type\":\"ListItem\",\"position\":2,\"name\":\"Vanliga Fr\u00e5gor\"}]},{\"@type\":\"WebSite\",\"@id\":\"https:\\\/\\\/fast-gas.com\\\/sv\\\/#website\",\"url\":\"https:\\\/\\\/fast-gas.com\\\/sv\\\/\",\"name\":\"FastGas\",\"description\":\"640G N2O Cream Chargers\",\"publisher\":{\"@id\":\"https:\\\/\\\/fast-gas.com\\\/sv\\\/#organization\"},\"potentialAction\":[{\"@type\":\"SearchAction\",\"target\":{\"@type\":\"EntryPoint\",\"urlTemplate\":\"https:\\\/\\\/fast-gas.com\\\/sv\\\/?s={search_term_string}\"},\"query-input\":{\"@type\":\"PropertyValueSpecification\",\"valueRequired\":true,\"valueName\":\"search_term_string\"}}],\"inLanguage\":\"sv-SE\"},{\"@type\":\"Organization\",\"@id\":\"https:\\\/\\\/fast-gas.com\\\/sv\\\/#organization\",\"name\":\"FastGas - Helium, CO2 & N2O Wholesale\",\"alternateName\":\"Fast Gas\",\"url\":\"https:\\\/\\\/fast-gas.com\\\/sv\\\/\",\"logo\":{\"@type\":\"ImageObject\",\"inLanguage\":\"sv-SE\",\"@id\":\"https:\\\/\\\/fast-gas.com\\\/sv\\\/#\\\/schema\\\/logo\\\/image\\\/\",\"url\":\"https:\\\/\\\/fast-gas.com\\\/wp-content\\\/uploads\\\/2025\\\/03\\\/cropped-Fastgas-Favicon.png\",\"contentUrl\":\"https:\\\/\\\/fast-gas.com\\\/wp-content\\\/uploads\\\/2025\\\/03\\\/cropped-Fastgas-Favicon.png\",\"width\":512,\"height\":512,\"caption\":\"FastGas - Helium, CO2 & N2O Wholesale\"},\"image\":{\"@id\":\"https:\\\/\\\/fast-gas.com\\\/sv\\\/#\\\/schema\\\/logo\\\/image\\\/\"},\"sameAs\":[\"https:\\\/\\\/facebook.com\\\/wearefastgas\",\"https:\\\/\\\/www.youtube.com\\\/channel\\\/UCV5w9vrihWFu0yM7SZzQfVQ\\\/videos\",\"https:\\\/\\\/instagram.com\\\/fastgas.official\"]}]}<\/script>\n<!-- \/ Yoast SEO plugin. -->","yoast_head_json":{"title":"Vanliga Fr\u00e5gor | FastGas","description":"FastGas \u2013 Vanliga Fr\u00e5go. Vill du bli \u00e5terf\u00f6rs\u00e4ljare, eller har du helt enkelt en fr\u00e5ga?Fyll i v\u00e5rt \u00e5terf\u00f6rs\u00e4ljarformul\u00e4r s\u00e5 tar vi kontakt med dig s\u00e5 snart som m\u00f6jligt.","robots":{"index":"index","follow":"follow","max-snippet":"max-snippet:-1","max-image-preview":"max-image-preview:large","max-video-preview":"max-video-preview:-1"},"canonical":"https:\/\/fast-gas.com\/sv\/faqs\/","og_locale":"sv_SE","og_type":"article","og_title":"Vanliga Fr\u00e5gor | FastGas","og_description":"FastGas \u2013 Vanliga Fr\u00e5go. Vill du bli \u00e5terf\u00f6rs\u00e4ljare, eller har du helt enkelt en fr\u00e5ga?Fyll i v\u00e5rt \u00e5terf\u00f6rs\u00e4ljarformul\u00e4r s\u00e5 tar vi kontakt med dig s\u00e5 snart som m\u00f6jligt.","og_url":"https:\/\/fast-gas.com\/sv\/faqs\/","og_site_name":"FastGas","article_publisher":"https:\/\/facebook.com\/wearefastgas","article_modified_time":"2025-07-14T12:52:34+00:00","og_image":[{"width":500,"height":500,"url":"https:\/\/fast-gas.com\/wp-content\/uploads\/2025\/09\/Untitled-design-4.png","type":"image\/png"}],"twitter_card":"summary_large_image","twitter_misc":{"Est. reading time":"4 minutes"},"schema":{"@context":"https:\/\/schema.org","@graph":[{"@type":"WebPage","@id":"https:\/\/fast-gas.com\/sv\/faqs\/","url":"https:\/\/fast-gas.com\/sv\/faqs\/","name":"Vanliga Fr\u00e5gor | FastGas","isPartOf":{"@id":"https:\/\/fast-gas.com\/sv\/#website"},"datePublished":"2024-07-29T12:14:28+00:00","dateModified":"2025-07-14T12:52:34+00:00","description":"FastGas \u2013 Vanliga Fr\u00e5go. Vill du bli \u00e5terf\u00f6rs\u00e4ljare, eller har du helt enkelt en fr\u00e5ga?Fyll i v\u00e5rt \u00e5terf\u00f6rs\u00e4ljarformul\u00e4r s\u00e5 tar vi kontakt med dig s\u00e5 snart som m\u00f6jligt.","breadcrumb":{"@id":"https:\/\/fast-gas.com\/sv\/faqs\/#breadcrumb"},"inLanguage":"sv-SE","potentialAction":[{"@type":"ReadAction","target":["https:\/\/fast-gas.com\/sv\/faqs\/"]}]},{"@type":"BreadcrumbList","@id":"https:\/\/fast-gas.com\/sv\/faqs\/#breadcrumb","itemListElement":[{"@type":"ListItem","position":1,"name":"Home","item":"https:\/\/fast-gas.com\/sv\/"},{"@type":"ListItem","position":2,"name":"Vanliga Fr\u00e5gor"}]},{"@type":"WebSite","@id":"https:\/\/fast-gas.com\/sv\/#website","url":"https:\/\/fast-gas.com\/sv\/","name":"FastGas","description":"640G N2O Cream Chargers","publisher":{"@id":"https:\/\/fast-gas.com\/sv\/#organization"},"potentialAction":[{"@type":"SearchAction","target":{"@type":"EntryPoint","urlTemplate":"https:\/\/fast-gas.com\/sv\/?s={search_term_string}"},"query-input":{"@type":"PropertyValueSpecification","valueRequired":true,"valueName":"search_term_string"}}],"inLanguage":"sv-SE"},{"@type":"Organization","@id":"https:\/\/fast-gas.com\/sv\/#organization","name":"FastGas - Helium, CO2 & N2O Wholesale","alternateName":"Fast Gas","url":"https:\/\/fast-gas.com\/sv\/","logo":{"@type":"ImageObject","inLanguage":"sv-SE","@id":"https:\/\/fast-gas.com\/sv\/#\/schema\/logo\/image\/","url":"https:\/\/fast-gas.com\/wp-content\/uploads\/2025\/03\/cropped-Fastgas-Favicon.png","contentUrl":"https:\/\/fast-gas.com\/wp-content\/uploads\/2025\/03\/cropped-Fastgas-Favicon.png","width":512,"height":512,"caption":"FastGas - Helium, CO2 & N2O Wholesale"},"image":{"@id":"https:\/\/fast-gas.com\/sv\/#\/schema\/logo\/image\/"},"sameAs":["https:\/\/facebook.com\/wearefastgas","https:\/\/www.youtube.com\/channel\/UCV5w9vrihWFu0yM7SZzQfVQ\/videos","https:\/\/instagram.com\/fastgas.official"]}]}},"_links":{"self":[{"href":"https:\/\/fast-gas.com\/sv\/wp-json\/wp\/v2\/pages\/37569","targetHints":{"allow":["GET"]}}],"collection":[{"href":"https:\/\/fast-gas.com\/sv\/wp-json\/wp\/v2\/pages"}],"about":[{"href":"https:\/\/fast-gas.com\/sv\/wp-json\/wp\/v2\/types\/page"}],"author":[{"embeddable":true,"href":"https:\/\/fast-gas.com\/sv\/wp-json\/wp\/v2\/users\/4723"}],"replies":[{"embeddable":true,"href":"https:\/\/fast-gas.com\/sv\/wp-json\/wp\/v2\/comments?post=37569"}],"version-history":[{"count":9,"href":"https:\/\/fast-gas.com\/sv\/wp-json\/wp\/v2\/pages\/37569\/revisions"}],"predecessor-version":[{"id":46678,"href":"https:\/\/fast-gas.com\/sv\/wp-json\/wp\/v2\/pages\/37569\/revisions\/46678"}],"wp:attachment":[{"href":"https:\/\/fast-gas.com\/sv\/wp-json\/wp\/v2\/media?parent=37569"}],"curies":[{"name":"wp","href":"https:\/\/api.w.org\/{rel}","templated":true}]}}