{"id":37534,"date":"2024-07-16T14:14:35","date_gmt":"2024-07-16T12:14:35","guid":{"rendered":"https:\/\/staging.fast-gas.com\/brand\/"},"modified":"2025-10-28T14:07:11","modified_gmt":"2025-10-28T13:07:11","slug":"brand","status":"publish","type":"page","link":"https:\/\/fast-gas.com\/sv\/brand\/","title":{"rendered":"Vilka vi \u00e4r"},"content":{"rendered":"","protected":false},"excerpt":{"rendered":"","protected":false},"author":4723,"featured_media":0,"parent":0,"menu_order":0,"comment_status":"closed","ping_status":"closed","template":"tpl-flex-content.php","meta":{"_acf_changed":false,"footnotes":""},"class_list":["post-37534","page","type-page","status-publish","hentry"],"acf":[],"yoast_head":"<!-- This site is optimized with the Yoast SEO plugin v27.2 - https:\/\/yoast.com\/product\/yoast-seo-wordpress\/ -->\n<title>Vilka vi \u00e4r | Om FastGas<\/title>\n<meta name=\"description\" content=\"FastGas: Din ultimata kv\u00e4llskompis f\u00f6r att utforska staden och hitta den perfekta cocktailen. Njut av livet p\u00e5 spr\u00e5ng! \ud83c\udf03\" \/>\n<meta name=\"robots\" content=\"index, follow, max-snippet:-1, max-image-preview:large, max-video-preview:-1\" \/>\n<link rel=\"canonical\" href=\"https:\/\/fast-gas.com\/sv\/brand\/\" \/>\n<meta property=\"og:locale\" content=\"sv_SE\" \/>\n<meta property=\"og:type\" content=\"article\" \/>\n<meta property=\"og:title\" content=\"Vilka vi \u00e4r | Om FastGas\" \/>\n<meta property=\"og:description\" content=\"FastGas: Din ultimata kv\u00e4llskompis f\u00f6r att utforska staden och hitta den perfekta cocktailen. Njut av livet p\u00e5 spr\u00e5ng! \ud83c\udf03\" \/>\n<meta property=\"og:url\" content=\"https:\/\/fast-gas.com\/sv\/brand\/\" \/>\n<meta property=\"og:site_name\" content=\"FastGas\" \/>\n<meta property=\"article:publisher\" content=\"https:\/\/facebook.com\/wearefastgas\" \/>\n<meta property=\"article:modified_time\" content=\"2025-10-28T13:07:11+00:00\" \/>\n<meta property=\"og:image\" content=\"https:\/\/fast-gas.com\/wp-content\/uploads\/2025\/09\/Untitled-design-4.png\" \/>\n\t<meta property=\"og:image:width\" content=\"500\" \/>\n\t<meta property=\"og:image:height\" content=\"500\" \/>\n\t<meta property=\"og:image:type\" content=\"image\/png\" \/>\n<meta name=\"twitter:card\" content=\"summary_large_image\" \/>\n<meta name=\"twitter:label1\" content=\"Est. reading time\" \/>\n\t<meta name=\"twitter:data1\" content=\"4 minutes\" \/>\n<script type=\"application\/ld+json\" class=\"yoast-schema-graph\">{\"@context\":\"https:\/\/schema.org\",\"@graph\":[{\"@type\":\"WebPage\",\"@id\":\"https:\/\/fast-gas.com\/sv\/brand\/\",\"url\":\"https:\/\/fast-gas.com\/sv\/brand\/\",\"name\":\"Vilka vi \u00e4r | Om FastGas\",\"isPartOf\":{\"@id\":\"https:\/\/fast-gas.com\/sv\/#website\"},\"datePublished\":\"2024-07-16T12:14:35+00:00\",\"dateModified\":\"2025-10-28T13:07:11+00:00\",\"description\":\"FastGas: Din ultimata kv\u00e4llskompis f\u00f6r att utforska staden och hitta den perfekta cocktailen. Njut av livet p\u00e5 spr\u00e5ng! \ud83c\udf03\",\"breadcrumb\":{\"@id\":\"https:\/\/fast-gas.com\/sv\/brand\/#breadcrumb\"},\"inLanguage\":\"sv-SE\",\"potentialAction\":[{\"@type\":\"ReadAction\",\"target\":[\"https:\/\/fast-gas.com\/sv\/brand\/\"]}]},{\"@type\":\"BreadcrumbList\",\"@id\":\"https:\/\/fast-gas.com\/sv\/brand\/#breadcrumb\",\"itemListElement\":[{\"@type\":\"ListItem\",\"position\":1,\"name\":\"Home\",\"item\":\"https:\/\/fast-gas.com\/sv\/\"},{\"@type\":\"ListItem\",\"position\":2,\"name\":\"Vilka vi \u00e4r\"}]},{\"@type\":\"WebSite\",\"@id\":\"https:\/\/fast-gas.com\/sv\/#website\",\"url\":\"https:\/\/fast-gas.com\/sv\/\",\"name\":\"FastGas\",\"description\":\"640G N2O Cream Chargers\",\"publisher\":{\"@id\":\"https:\/\/fast-gas.com\/sv\/#organization\"},\"potentialAction\":[{\"@type\":\"SearchAction\",\"target\":{\"@type\":\"EntryPoint\",\"urlTemplate\":\"https:\/\/fast-gas.com\/sv\/?s={search_term_string}\"},\"query-input\":{\"@type\":\"PropertyValueSpecification\",\"valueRequired\":true,\"valueName\":\"search_term_string\"}}],\"inLanguage\":\"sv-SE\"},{\"@type\":\"Organization\",\"@id\":\"https:\/\/fast-gas.com\/sv\/#organization\",\"name\":\"FastGas - Helium, CO2 & N2O Wholesale\",\"alternateName\":\"Fast Gas\",\"url\":\"https:\/\/fast-gas.com\/sv\/\",\"logo\":{\"@type\":\"ImageObject\",\"inLanguage\":\"sv-SE\",\"@id\":\"https:\/\/fast-gas.com\/sv\/#\/schema\/logo\/image\/\",\"url\":\"https:\/\/fast-gas.com\/wp-content\/uploads\/2025\/03\/cropped-Fastgas-Favicon.png\",\"contentUrl\":\"https:\/\/fast-gas.com\/wp-content\/uploads\/2025\/03\/cropped-Fastgas-Favicon.png\",\"width\":512,\"height\":512,\"caption\":\"FastGas - Helium, CO2 & N2O Wholesale\"},\"image\":{\"@id\":\"https:\/\/fast-gas.com\/sv\/#\/schema\/logo\/image\/\"},\"sameAs\":[\"https:\/\/facebook.com\/wearefastgas\",\"https:\/\/www.youtube.com\/channel\/UCV5w9vrihWFu0yM7SZzQfVQ\/videos\",\"https:\/\/instagram.com\/fastgas.official\"]}]}<\/script>\n<!-- \/ Yoast SEO plugin. -->","yoast_head_json":{"title":"Vilka vi \u00e4r | Om FastGas","description":"FastGas: Din ultimata kv\u00e4llskompis f\u00f6r att utforska staden och hitta den perfekta cocktailen. Njut av livet p\u00e5 spr\u00e5ng! \ud83c\udf03","robots":{"index":"index","follow":"follow","max-snippet":"max-snippet:-1","max-image-preview":"max-image-preview:large","max-video-preview":"max-video-preview:-1"},"canonical":"https:\/\/fast-gas.com\/sv\/brand\/","og_locale":"sv_SE","og_type":"article","og_title":"Vilka vi \u00e4r | Om FastGas","og_description":"FastGas: Din ultimata kv\u00e4llskompis f\u00f6r att utforska staden och hitta den perfekta cocktailen. Njut av livet p\u00e5 spr\u00e5ng! \ud83c\udf03","og_url":"https:\/\/fast-gas.com\/sv\/brand\/","og_site_name":"FastGas","article_publisher":"https:\/\/facebook.com\/wearefastgas","article_modified_time":"2025-10-28T13:07:11+00:00","og_image":[{"width":500,"height":500,"url":"https:\/\/fast-gas.com\/wp-content\/uploads\/2025\/09\/Untitled-design-4.png","type":"image\/png"}],"twitter_card":"summary_large_image","twitter_misc":{"Est. reading time":"4 minutes"},"schema":{"@context":"https:\/\/schema.org","@graph":[{"@type":"WebPage","@id":"https:\/\/fast-gas.com\/sv\/brand\/","url":"https:\/\/fast-gas.com\/sv\/brand\/","name":"Vilka vi \u00e4r | Om FastGas","isPartOf":{"@id":"https:\/\/fast-gas.com\/sv\/#website"},"datePublished":"2024-07-16T12:14:35+00:00","dateModified":"2025-10-28T13:07:11+00:00","description":"FastGas: Din ultimata kv\u00e4llskompis f\u00f6r att utforska staden och hitta den perfekta cocktailen. Njut av livet p\u00e5 spr\u00e5ng! \ud83c\udf03","breadcrumb":{"@id":"https:\/\/fast-gas.com\/sv\/brand\/#breadcrumb"},"inLanguage":"sv-SE","potentialAction":[{"@type":"ReadAction","target":["https:\/\/fast-gas.com\/sv\/brand\/"]}]},{"@type":"BreadcrumbList","@id":"https:\/\/fast-gas.com\/sv\/brand\/#breadcrumb","itemListElement":[{"@type":"ListItem","position":1,"name":"Home","item":"https:\/\/fast-gas.com\/sv\/"},{"@type":"ListItem","position":2,"name":"Vilka vi \u00e4r"}]},{"@type":"WebSite","@id":"https:\/\/fast-gas.com\/sv\/#website","url":"https:\/\/fast-gas.com\/sv\/","name":"FastGas","description":"640G N2O Cream Chargers","publisher":{"@id":"https:\/\/fast-gas.com\/sv\/#organization"},"potentialAction":[{"@type":"SearchAction","target":{"@type":"EntryPoint","urlTemplate":"https:\/\/fast-gas.com\/sv\/?s={search_term_string}"},"query-input":{"@type":"PropertyValueSpecification","valueRequired":true,"valueName":"search_term_string"}}],"inLanguage":"sv-SE"},{"@type":"Organization","@id":"https:\/\/fast-gas.com\/sv\/#organization","name":"FastGas - Helium, CO2 & N2O Wholesale","alternateName":"Fast Gas","url":"https:\/\/fast-gas.com\/sv\/","logo":{"@type":"ImageObject","inLanguage":"sv-SE","@id":"https:\/\/fast-gas.com\/sv\/#\/schema\/logo\/image\/","url":"https:\/\/fast-gas.com\/wp-content\/uploads\/2025\/03\/cropped-Fastgas-Favicon.png","contentUrl":"https:\/\/fast-gas.com\/wp-content\/uploads\/2025\/03\/cropped-Fastgas-Favicon.png","width":512,"height":512,"caption":"FastGas - Helium, CO2 & N2O Wholesale"},"image":{"@id":"https:\/\/fast-gas.com\/sv\/#\/schema\/logo\/image\/"},"sameAs":["https:\/\/facebook.com\/wearefastgas","https:\/\/www.youtube.com\/channel\/UCV5w9vrihWFu0yM7SZzQfVQ\/videos","https:\/\/instagram.com\/fastgas.official"]}]}},"_links":{"self":[{"href":"https:\/\/fast-gas.com\/sv\/wp-json\/wp\/v2\/pages\/37534","targetHints":{"allow":["GET"]}}],"collection":[{"href":"https:\/\/fast-gas.com\/sv\/wp-json\/wp\/v2\/pages"}],"about":[{"href":"https:\/\/fast-gas.com\/sv\/wp-json\/wp\/v2\/types\/page"}],"author":[{"embeddable":true,"href":"https:\/\/fast-gas.com\/sv\/wp-json\/wp\/v2\/users\/4723"}],"replies":[{"embeddable":true,"href":"https:\/\/fast-gas.com\/sv\/wp-json\/wp\/v2\/comments?post=37534"}],"version-history":[{"count":17,"href":"https:\/\/fast-gas.com\/sv\/wp-json\/wp\/v2\/pages\/37534\/revisions"}],"predecessor-version":[{"id":48484,"href":"https:\/\/fast-gas.com\/sv\/wp-json\/wp\/v2\/pages\/37534\/revisions\/48484"}],"wp:attachment":[{"href":"https:\/\/fast-gas.com\/sv\/wp-json\/wp\/v2\/media?parent=37534"}],"curies":[{"name":"wp","href":"https:\/\/api.w.org\/{rel}","templated":true}]}}