{"id":15233,"date":"2022-01-24T10:36:38","date_gmt":"2022-01-24T09:36:38","guid":{"rendered":"https:\/\/fast-gas.com\/guidelines-to-buy-cream-chargers\/"},"modified":"2025-01-02T02:47:35","modified_gmt":"2025-01-02T02:47:35","slug":"lustgas-det-basta-stallet-att-kopa","status":"publish","type":"page","link":"https:\/\/fast-gas.com\/sv\/lustgas-det-basta-stallet-att-kopa\/","title":{"rendered":"Lustgas &#8211; Riktlinjer f\u00f6r att k\u00f6pa N2O"},"content":{"rendered":"<h3>Lustgas och var man kan k\u00f6pa det<\/h3>\n<p>Om du vill k\u00f6pa lustgas ska du se till att lustgas och gr\u00e4ddsifon \u00e4r kompatibla. De vanligaste gr\u00e4dddsifonerna \u00e4r utformade f\u00f6r att rymma 8 g N2O-kapslar. N2O lustgas patroner \u00e4r fyllda med 100 % rent N2O (lustgas).<\/p>\n<p>Med en enda <a href=\"https:\/\/fast-gas.com\/sv\/produkt\/fastgas-original-lustgaspatron\/\">lustgaspatroner<\/a> kan du f\u00f6rbereda upp till 0,5 liter nyvispad gr\u00e4dde. P\u00e5 Internet kan du hitta alla m\u00f6jliga andra receptid\u00e9er f\u00f6r tillagning med gr\u00e4ddpatroner; ta en titt d\u00e4r och l\u00e5t dig inspireras.<\/p>\n<p>Absolut rekommenderat \u00e4r en gr\u00e4ddsifon i rostfritt st\u00e5l med en kapacitet p\u00e5 1,0 liter.<\/p>\n<p>Snabbt + enkelt: Fyll gr\u00e4ddsifonen till h\u00e4lften med gr\u00e4dde, s\u00e4tt i gr\u00e4ddpatronen, st\u00e4ng sedan beh\u00e5llaren v\u00e4l och skaka kraftigt. Resultatet \u00e4r imponerande; med den rostfria gr\u00e4ddsifonen och lustgas trollar du fram en perfekt vispad gr\u00e4ddtopping som g\u00f6r varje drink speciell.<\/p>\n<p style=\"text-align: center;\"><a class=\"button button--primary hero__button\" href=\"https:\/\/fast-gas.com\/sv\/distributor\/\">Bli Distribut\u00f6r<\/a><\/p>\n<h2>Var kan man k\u00f6pa lustgas patroner?<\/h2>\n<p>Lustgaspatroner finns i olika versioner, till exempel i 7,5g men ocks\u00e5 8,4g kapslar, som du kan k\u00f6pa p\u00e5 internet eller i butiken runt h\u00f6rnet.<br \/>\nOm du vill k\u00f6pa lustgas N2O hittar du ett stort antal tillverkare och m\u00e4rken p\u00e5 marknaden fr\u00e5n vilka du kan k\u00f6pa graddpatroner. Om priset inte spelar n\u00e5gon roll kan du k\u00f6pa kr\u00e4mladdare som kostar strax under 70,00 euro. Om du letar efter ett billigt alternativ kan du ocks\u00e5 hitta lustgas patroner f\u00f6r strax under 20,00 euro.<\/p>\n<h2>Vilket \u00e4r det b\u00e4sta st\u00e4llet att k\u00f6pa lustgas patroner?<\/h2>\n<p>Naturligtvis hittar du alltid det st\u00f6rsta urvalet p\u00e5 n\u00e4tet. P\u00e5 olika plattformar erbjuds lustgas patroner N2O till olika priser. Du b\u00f6r dock inte genast best\u00e4lla den f\u00f6rsta N2O-patronen du hittar, informera dig v\u00e4l och titta eventuellt p\u00e5 en testrapport.<\/p>\n<p><a href=\"https:\/\/fast-gas.com\/sv\/vad-ar-kvaveoxid\/\">Lustgaspatroner<\/a> anv\u00e4nds tyv\u00e4rr inte bara i k\u00f6ket, utan kapslarna anv\u00e4nds ocks\u00e5 ofta felaktigt. Anv\u00e4ndningen av lustgaspatroner som rekreationsdroger \u00e4r inte atypisk och med en fritt tillg\u00e4nglig gr\u00e4ddpatron\u00f6ppnare \u00e4r konsumtionen ocks\u00e5 ganska enkel. Utan en \u00f6ppnare f\u00f6r lustgaspatroner borde det vara n\u00e5got sv\u00e5rare att \u00f6ppna dem. I vilket fall som helst \u00e4r konsumtion definitivt inte tillr\u00e5dligt.<\/p>\n<p>I England \u00e4r det lagligt och v\u00e4l k\u00e4nt att &#8211; lustgas (N2O) vid inandning leder till en v\u00e5ldsam, kortvarig berusning som inte p\u00e5 n\u00e5got s\u00e4tt ska underskattas. Tillst\u00e5ndet efter inandning av lustgas, eller N2O som det vetenskapligt kallas, beskrivs ofta som trance-liknande. Kroppen k\u00e4nns tyngre, sinnesintrycken intensifieras avsev\u00e4rt. <a title=\"Nitrous Oxide In The Medical World\" href=\"https:\/\/fast-gas.com\/nitrous-oxide-in-the-medical-world\/\">Lustgaspatroner som anv\u00e4nds som rekreationsdroger<\/a> leder ofta till ett snabbt rus med l\u00e5ngtidseffekter.<\/p>\n<p>Inhalation av kv\u00e4veoxid kan leda till ett beroende av N2O om det anv\u00e4nds ofta, och konsekvenser som skador p\u00e5 det centrala nervsystemet \u00f6kar ocks\u00e5 kraftigt. Vid inandning kan lustgaspatroner vara s\u00e4rskilt farliga om det finns andra typer av droger i kroppen. I v\u00e4rsta fall kan inandning av lustgas leda till d\u00f6den.<\/p>\n<h2>Tillbaka till \u00e4mnet: Var kan man k\u00f6pa lustgaspatroner?<\/h2>\n<p>Naturligtvis kan du <a title=\"Order Nitrous Oxide Cream Chargers Online\" href=\"https:\/\/fast-gas.com\/sv\/produkt\/fastgas-original-lustgaspatron\/\">bestalla lustgaspatroner online<\/a>, det finns ocks\u00e5 stora m\u00e4ngder av gr\u00e4dd- och gr\u00e4ddmaskiner. Om du dock vill titta n\u00e4rmare p\u00e5 lustgaspatroner och gr\u00e4ddsifon innan du k\u00f6per kan du k\u00f6pa h\u00f6gkvalitativa produkter, till exempel gr\u00e4ddpatroner fr\u00e5n Rossmann, fr\u00e5n Flink&amp;Sauber. Gr\u00e4ddpatroner Rossmann finns i f\u00f6rpackningar om 10 stycken, till ett \u00f6verkomligt pris.<\/p>\n<p>Om du vill g\u00f6ra dig av med gr\u00e4ddpatroner p\u00e5 ett professionellt s\u00e4tt b\u00f6r du l\u00e4mna in de tomma patronerna p\u00e5 en sopstation eller kasta dem i en container f\u00f6r metallskrot. Sl\u00e4ngning av lustgaspatroner ska aldrig ske via soptunna f\u00f6r restavfall. Lustgaspatroner \u00e4r tillverkade av \u00e5teranv\u00e4ndbart st\u00e5l, milj\u00f6v\u00e4nligt. Om du sl\u00e4nger dina gr\u00e4ddpatroner enligt ovan \u00e5tervinner du patronerna och g\u00f6r n\u00e5got bra f\u00f6r milj\u00f6n.<\/p>\n","protected":false},"excerpt":{"rendered":"<p>Lustgas och var man kan k\u00f6pa det Om du vill k\u00f6pa lustgas ska du se till att lustgas och gr\u00e4ddsifon \u00e4r kompatibla. De vanligaste gr\u00e4dddsifonerna \u00e4r utformade f\u00f6r att rymma 8 g N2O-kapslar. N2O lustgas patroner \u00e4r fyllda med 100 % rent N2O (lustgas). Med en enda lustgaspatroner kan du f\u00f6rbereda upp till 0,5 liter [&hellip;]<\/p>\n","protected":false},"author":5216,"featured_media":1274,"parent":0,"menu_order":0,"comment_status":"closed","ping_status":"closed","template":"","meta":{"_acf_changed":false,"footnotes":""},"class_list":["post-15233","page","type-page","status-publish","has-post-thumbnail","hentry"],"acf":[],"yoast_head":"<!-- This site is optimized with the Yoast SEO plugin v27.2 - https:\/\/yoast.com\/product\/yoast-seo-wordpress\/ -->\n<title>Lustgas - Riktlinjer f\u00f6r att k\u00f6pa N2O - Fast Gas Lustgas 615G N2O<\/title>\n<meta name=\"description\" content=\"Det b\u00e4sta st\u00e4llet att k\u00f6pa lustgas. Fast Gas har fri frakt och europeisk gas. Anm\u00e4l dig till v\u00e5rt nyhetsbrev f\u00f6r att f\u00e5 en rabattkod!\" \/>\n<meta name=\"robots\" content=\"index, follow, max-snippet:-1, max-image-preview:large, max-video-preview:-1\" \/>\n<link rel=\"canonical\" href=\"https:\/\/fast-gas.com\/sv\/lustgas-det-basta-stallet-att-kopa\/\" \/>\n<meta property=\"og:locale\" content=\"sv_SE\" \/>\n<meta property=\"og:type\" content=\"article\" \/>\n<meta property=\"og:title\" content=\"Lustgas - Riktlinjer f\u00f6r att k\u00f6pa N2O - Fast Gas Lustgas 615G N2O\" \/>\n<meta property=\"og:description\" content=\"Det b\u00e4sta st\u00e4llet att k\u00f6pa lustgas. Fast Gas har fri frakt och europeisk gas. Anm\u00e4l dig till v\u00e5rt nyhetsbrev f\u00f6r att f\u00e5 en rabattkod!\" \/>\n<meta property=\"og:url\" content=\"https:\/\/fast-gas.com\/sv\/lustgas-det-basta-stallet-att-kopa\/\" \/>\n<meta property=\"og:site_name\" content=\"FastGas\" \/>\n<meta property=\"article:publisher\" content=\"https:\/\/facebook.com\/wearefastgas\" \/>\n<meta property=\"article:modified_time\" content=\"2025-01-02T02:47:35+00:00\" \/>\n<meta property=\"og:image\" content=\"https:\/\/fast-gas.com\/wp-content\/uploads\/2022\/01\/FastGas-CylinderLogo.jpg\" \/>\n\t<meta property=\"og:image:width\" content=\"760\" \/>\n\t<meta property=\"og:image:height\" content=\"760\" \/>\n\t<meta property=\"og:image:type\" content=\"image\/jpeg\" \/>\n<meta name=\"twitter:card\" content=\"summary_large_image\" \/>\n<meta name=\"twitter:label1\" content=\"Est. reading time\" \/>\n\t<meta name=\"twitter:data1\" content=\"3 minutes\" \/>\n<script type=\"application\/ld+json\" class=\"yoast-schema-graph\">{\"@context\":\"https:\/\/schema.org\",\"@graph\":[{\"@type\":[\"Article\",\"BlogPosting\"],\"@id\":\"https:\/\/fast-gas.com\/sv\/lustgas-det-basta-stallet-att-kopa\/#article\",\"isPartOf\":{\"@id\":\"https:\/\/fast-gas.com\/sv\/lustgas-det-basta-stallet-att-kopa\/\"},\"author\":{\"name\":\"Bro FastGas\",\"@id\":\"https:\/\/fast-gas.com\/sv\/#\/schema\/person\/4b3a9beffb469faf985fef2c2b684689\"},\"headline\":\"Lustgas &#8211; Riktlinjer f\u00f6r att k\u00f6pa N2O\",\"datePublished\":\"2022-01-24T09:36:38+00:00\",\"dateModified\":\"2025-01-02T02:47:35+00:00\",\"mainEntityOfPage\":{\"@id\":\"https:\/\/fast-gas.com\/sv\/lustgas-det-basta-stallet-att-kopa\/\"},\"wordCount\":676,\"publisher\":{\"@id\":\"https:\/\/fast-gas.com\/sv\/#organization\"},\"image\":{\"@id\":\"https:\/\/fast-gas.com\/sv\/lustgas-det-basta-stallet-att-kopa\/#primaryimage\"},\"thumbnailUrl\":\"https:\/\/fast-gas.com\/wp-content\/uploads\/2022\/01\/FastGas-CylinderLogo.jpg\",\"inLanguage\":\"sv-SE\"},{\"@type\":\"WebPage\",\"@id\":\"https:\/\/fast-gas.com\/sv\/lustgas-det-basta-stallet-att-kopa\/\",\"url\":\"https:\/\/fast-gas.com\/sv\/lustgas-det-basta-stallet-att-kopa\/\",\"name\":\"Lustgas - Riktlinjer f\u00f6r att k\u00f6pa N2O - Fast Gas Lustgas 615G N2O\",\"isPartOf\":{\"@id\":\"https:\/\/fast-gas.com\/sv\/#website\"},\"primaryImageOfPage\":{\"@id\":\"https:\/\/fast-gas.com\/sv\/lustgas-det-basta-stallet-att-kopa\/#primaryimage\"},\"image\":{\"@id\":\"https:\/\/fast-gas.com\/sv\/lustgas-det-basta-stallet-att-kopa\/#primaryimage\"},\"thumbnailUrl\":\"https:\/\/fast-gas.com\/wp-content\/uploads\/2022\/01\/FastGas-CylinderLogo.jpg\",\"datePublished\":\"2022-01-24T09:36:38+00:00\",\"dateModified\":\"2025-01-02T02:47:35+00:00\",\"description\":\"Det b\u00e4sta st\u00e4llet att k\u00f6pa lustgas. Fast Gas har fri frakt och europeisk gas. Anm\u00e4l dig till v\u00e5rt nyhetsbrev f\u00f6r att f\u00e5 en rabattkod!\",\"breadcrumb\":{\"@id\":\"https:\/\/fast-gas.com\/sv\/lustgas-det-basta-stallet-att-kopa\/#breadcrumb\"},\"inLanguage\":\"sv-SE\",\"potentialAction\":[{\"@type\":\"ReadAction\",\"target\":[\"https:\/\/fast-gas.com\/sv\/lustgas-det-basta-stallet-att-kopa\/\"]}]},{\"@type\":\"ImageObject\",\"inLanguage\":\"sv-SE\",\"@id\":\"https:\/\/fast-gas.com\/sv\/lustgas-det-basta-stallet-att-kopa\/#primaryimage\",\"url\":\"https:\/\/fast-gas.com\/wp-content\/uploads\/2022\/01\/FastGas-CylinderLogo.jpg\",\"contentUrl\":\"https:\/\/fast-gas.com\/wp-content\/uploads\/2022\/01\/FastGas-CylinderLogo.jpg\",\"width\":760,\"height\":760,\"caption\":\"Guidelines to Buy Whipped Cream Chargers | Fast Gas Cream Charger\"},{\"@type\":\"BreadcrumbList\",\"@id\":\"https:\/\/fast-gas.com\/sv\/lustgas-det-basta-stallet-att-kopa\/#breadcrumb\",\"itemListElement\":[{\"@type\":\"ListItem\",\"position\":1,\"name\":\"Home\",\"item\":\"https:\/\/fast-gas.com\/sv\/\"},{\"@type\":\"ListItem\",\"position\":2,\"name\":\"Lustgas &#8211; Riktlinjer f\u00f6r att k\u00f6pa N2O\"}]},{\"@type\":\"WebSite\",\"@id\":\"https:\/\/fast-gas.com\/sv\/#website\",\"url\":\"https:\/\/fast-gas.com\/sv\/\",\"name\":\"FastGas\",\"description\":\"640G N2O Cream Chargers\",\"publisher\":{\"@id\":\"https:\/\/fast-gas.com\/sv\/#organization\"},\"potentialAction\":[{\"@type\":\"SearchAction\",\"target\":{\"@type\":\"EntryPoint\",\"urlTemplate\":\"https:\/\/fast-gas.com\/sv\/?s={search_term_string}\"},\"query-input\":{\"@type\":\"PropertyValueSpecification\",\"valueRequired\":true,\"valueName\":\"search_term_string\"}}],\"inLanguage\":\"sv-SE\"},{\"@type\":\"Organization\",\"@id\":\"https:\/\/fast-gas.com\/sv\/#organization\",\"name\":\"FastGas - Helium, CO2 & N2O Wholesale\",\"alternateName\":\"Fast Gas\",\"url\":\"https:\/\/fast-gas.com\/sv\/\",\"logo\":{\"@type\":\"ImageObject\",\"inLanguage\":\"sv-SE\",\"@id\":\"https:\/\/fast-gas.com\/sv\/#\/schema\/logo\/image\/\",\"url\":\"https:\/\/fast-gas.com\/wp-content\/uploads\/2025\/03\/cropped-Fastgas-Favicon.png\",\"contentUrl\":\"https:\/\/fast-gas.com\/wp-content\/uploads\/2025\/03\/cropped-Fastgas-Favicon.png\",\"width\":512,\"height\":512,\"caption\":\"FastGas - Helium, CO2 & N2O Wholesale\"},\"image\":{\"@id\":\"https:\/\/fast-gas.com\/sv\/#\/schema\/logo\/image\/\"},\"sameAs\":[\"https:\/\/facebook.com\/wearefastgas\",\"https:\/\/www.youtube.com\/channel\/UCV5w9vrihWFu0yM7SZzQfVQ\/videos\",\"https:\/\/instagram.com\/fastgas.official\"]},{\"@type\":\"Person\",\"@id\":\"https:\/\/fast-gas.com\/sv\/#\/schema\/person\/4b3a9beffb469faf985fef2c2b684689\",\"name\":\"Bro FastGas\",\"description\":\"Meet our Culinary Gas &amp; Tech Editor: pioneering N2O, CO2, and cream charger innovations with recipes, reviews, and cutting-edge insights.\",\"url\":\"https:\/\/fast-gas.com\/sv\/author\/iryna\/\"}]}<\/script>\n<!-- \/ Yoast SEO plugin. -->","yoast_head_json":{"title":"Lustgas - Riktlinjer f\u00f6r att k\u00f6pa N2O - Fast Gas Lustgas 615G N2O","description":"Det b\u00e4sta st\u00e4llet att k\u00f6pa lustgas. Fast Gas har fri frakt och europeisk gas. Anm\u00e4l dig till v\u00e5rt nyhetsbrev f\u00f6r att f\u00e5 en rabattkod!","robots":{"index":"index","follow":"follow","max-snippet":"max-snippet:-1","max-image-preview":"max-image-preview:large","max-video-preview":"max-video-preview:-1"},"canonical":"https:\/\/fast-gas.com\/sv\/lustgas-det-basta-stallet-att-kopa\/","og_locale":"sv_SE","og_type":"article","og_title":"Lustgas - Riktlinjer f\u00f6r att k\u00f6pa N2O - Fast Gas Lustgas 615G N2O","og_description":"Det b\u00e4sta st\u00e4llet att k\u00f6pa lustgas. Fast Gas har fri frakt och europeisk gas. Anm\u00e4l dig till v\u00e5rt nyhetsbrev f\u00f6r att f\u00e5 en rabattkod!","og_url":"https:\/\/fast-gas.com\/sv\/lustgas-det-basta-stallet-att-kopa\/","og_site_name":"FastGas","article_publisher":"https:\/\/facebook.com\/wearefastgas","article_modified_time":"2025-01-02T02:47:35+00:00","og_image":[{"width":760,"height":760,"url":"https:\/\/fast-gas.com\/wp-content\/uploads\/2022\/01\/FastGas-CylinderLogo.jpg","type":"image\/jpeg"}],"twitter_card":"summary_large_image","twitter_misc":{"Est. reading time":"3 minutes"},"schema":{"@context":"https:\/\/schema.org","@graph":[{"@type":["Article","BlogPosting"],"@id":"https:\/\/fast-gas.com\/sv\/lustgas-det-basta-stallet-att-kopa\/#article","isPartOf":{"@id":"https:\/\/fast-gas.com\/sv\/lustgas-det-basta-stallet-att-kopa\/"},"author":{"name":"Bro FastGas","@id":"https:\/\/fast-gas.com\/sv\/#\/schema\/person\/4b3a9beffb469faf985fef2c2b684689"},"headline":"Lustgas &#8211; Riktlinjer f\u00f6r att k\u00f6pa N2O","datePublished":"2022-01-24T09:36:38+00:00","dateModified":"2025-01-02T02:47:35+00:00","mainEntityOfPage":{"@id":"https:\/\/fast-gas.com\/sv\/lustgas-det-basta-stallet-att-kopa\/"},"wordCount":676,"publisher":{"@id":"https:\/\/fast-gas.com\/sv\/#organization"},"image":{"@id":"https:\/\/fast-gas.com\/sv\/lustgas-det-basta-stallet-att-kopa\/#primaryimage"},"thumbnailUrl":"https:\/\/fast-gas.com\/wp-content\/uploads\/2022\/01\/FastGas-CylinderLogo.jpg","inLanguage":"sv-SE"},{"@type":"WebPage","@id":"https:\/\/fast-gas.com\/sv\/lustgas-det-basta-stallet-att-kopa\/","url":"https:\/\/fast-gas.com\/sv\/lustgas-det-basta-stallet-att-kopa\/","name":"Lustgas - Riktlinjer f\u00f6r att k\u00f6pa N2O - Fast Gas Lustgas 615G N2O","isPartOf":{"@id":"https:\/\/fast-gas.com\/sv\/#website"},"primaryImageOfPage":{"@id":"https:\/\/fast-gas.com\/sv\/lustgas-det-basta-stallet-att-kopa\/#primaryimage"},"image":{"@id":"https:\/\/fast-gas.com\/sv\/lustgas-det-basta-stallet-att-kopa\/#primaryimage"},"thumbnailUrl":"https:\/\/fast-gas.com\/wp-content\/uploads\/2022\/01\/FastGas-CylinderLogo.jpg","datePublished":"2022-01-24T09:36:38+00:00","dateModified":"2025-01-02T02:47:35+00:00","description":"Det b\u00e4sta st\u00e4llet att k\u00f6pa lustgas. Fast Gas har fri frakt och europeisk gas. Anm\u00e4l dig till v\u00e5rt nyhetsbrev f\u00f6r att f\u00e5 en rabattkod!","breadcrumb":{"@id":"https:\/\/fast-gas.com\/sv\/lustgas-det-basta-stallet-att-kopa\/#breadcrumb"},"inLanguage":"sv-SE","potentialAction":[{"@type":"ReadAction","target":["https:\/\/fast-gas.com\/sv\/lustgas-det-basta-stallet-att-kopa\/"]}]},{"@type":"ImageObject","inLanguage":"sv-SE","@id":"https:\/\/fast-gas.com\/sv\/lustgas-det-basta-stallet-att-kopa\/#primaryimage","url":"https:\/\/fast-gas.com\/wp-content\/uploads\/2022\/01\/FastGas-CylinderLogo.jpg","contentUrl":"https:\/\/fast-gas.com\/wp-content\/uploads\/2022\/01\/FastGas-CylinderLogo.jpg","width":760,"height":760,"caption":"Guidelines to Buy Whipped Cream Chargers | Fast Gas Cream Charger"},{"@type":"BreadcrumbList","@id":"https:\/\/fast-gas.com\/sv\/lustgas-det-basta-stallet-att-kopa\/#breadcrumb","itemListElement":[{"@type":"ListItem","position":1,"name":"Home","item":"https:\/\/fast-gas.com\/sv\/"},{"@type":"ListItem","position":2,"name":"Lustgas &#8211; Riktlinjer f\u00f6r att k\u00f6pa N2O"}]},{"@type":"WebSite","@id":"https:\/\/fast-gas.com\/sv\/#website","url":"https:\/\/fast-gas.com\/sv\/","name":"FastGas","description":"640G N2O Cream Chargers","publisher":{"@id":"https:\/\/fast-gas.com\/sv\/#organization"},"potentialAction":[{"@type":"SearchAction","target":{"@type":"EntryPoint","urlTemplate":"https:\/\/fast-gas.com\/sv\/?s={search_term_string}"},"query-input":{"@type":"PropertyValueSpecification","valueRequired":true,"valueName":"search_term_string"}}],"inLanguage":"sv-SE"},{"@type":"Organization","@id":"https:\/\/fast-gas.com\/sv\/#organization","name":"FastGas - Helium, CO2 & N2O Wholesale","alternateName":"Fast Gas","url":"https:\/\/fast-gas.com\/sv\/","logo":{"@type":"ImageObject","inLanguage":"sv-SE","@id":"https:\/\/fast-gas.com\/sv\/#\/schema\/logo\/image\/","url":"https:\/\/fast-gas.com\/wp-content\/uploads\/2025\/03\/cropped-Fastgas-Favicon.png","contentUrl":"https:\/\/fast-gas.com\/wp-content\/uploads\/2025\/03\/cropped-Fastgas-Favicon.png","width":512,"height":512,"caption":"FastGas - Helium, CO2 & N2O Wholesale"},"image":{"@id":"https:\/\/fast-gas.com\/sv\/#\/schema\/logo\/image\/"},"sameAs":["https:\/\/facebook.com\/wearefastgas","https:\/\/www.youtube.com\/channel\/UCV5w9vrihWFu0yM7SZzQfVQ\/videos","https:\/\/instagram.com\/fastgas.official"]},{"@type":"Person","@id":"https:\/\/fast-gas.com\/sv\/#\/schema\/person\/4b3a9beffb469faf985fef2c2b684689","name":"Bro FastGas","description":"Meet our Culinary Gas &amp; Tech Editor: pioneering N2O, CO2, and cream charger innovations with recipes, reviews, and cutting-edge insights.","url":"https:\/\/fast-gas.com\/sv\/author\/iryna\/"}]}},"_links":{"self":[{"href":"https:\/\/fast-gas.com\/sv\/wp-json\/wp\/v2\/pages\/15233","targetHints":{"allow":["GET"]}}],"collection":[{"href":"https:\/\/fast-gas.com\/sv\/wp-json\/wp\/v2\/pages"}],"about":[{"href":"https:\/\/fast-gas.com\/sv\/wp-json\/wp\/v2\/types\/page"}],"author":[{"embeddable":true,"href":"https:\/\/fast-gas.com\/sv\/wp-json\/wp\/v2\/users\/5216"}],"replies":[{"embeddable":true,"href":"https:\/\/fast-gas.com\/sv\/wp-json\/wp\/v2\/comments?post=15233"}],"version-history":[{"count":11,"href":"https:\/\/fast-gas.com\/sv\/wp-json\/wp\/v2\/pages\/15233\/revisions"}],"predecessor-version":[{"id":40081,"href":"https:\/\/fast-gas.com\/sv\/wp-json\/wp\/v2\/pages\/15233\/revisions\/40081"}],"wp:featuredmedia":[{"embeddable":true,"href":"https:\/\/fast-gas.com\/sv\/wp-json\/wp\/v2\/media\/1274"}],"wp:attachment":[{"href":"https:\/\/fast-gas.com\/sv\/wp-json\/wp\/v2\/media?parent=15233"}],"curies":[{"name":"wp","href":"https:\/\/api.w.org\/{rel}","templated":true}]}}