{"id":42147,"date":"2025-03-18T13:32:53","date_gmt":"2025-03-18T12:32:53","guid":{"rendered":"https:\/\/staging.fast-gas.com\/?post_type=product&#038;p=42147"},"modified":"2025-10-30T16:08:03","modified_gmt":"2025-10-30T15:08:03","slug":"regulator-pritiska","status":"publish","type":"product","link":"https:\/\/fast-gas.com\/sr\/product\/regulator-pritiska\/","title":{"rendered":"Regulator Pritiska"},"excerpt":{"rendered":"<p data-start=\"74\" data-end=\"192\">FastGas regulatori pritiska nude pouzdano i jednostavno re\u0161enje za punjenje sifona za \u0161lag i sifona za sodu. Kompatibilni sa ve\u0107inom boca sa azot-oksidom i CO\u2082 cilindara, obezbe\u0111uju glatke i dosledne performanse u \u0161irokom spektru primena.<\/p>\n<p data-start=\"324\" data-end=\"338\"><span class=\"title-highlight\"><strong>Opis<\/strong><\/span><\/p>\n<p data-start=\"339\" data-end=\"581\">Dizajnirani za efikasnost i neprekidnu upotrebu, ovi regulatori su idealni za sredine sa velikom potra\u017enjom kao \u0161to su barovi, profesionalne kuhinje i kafi\u0107i. Tako\u0111e su prakti\u010dno re\u0161enje za ku\u0107ne korisnike koji pripremaju ve\u0107e koli\u010dine \u0161laga.<\/p>\n<p data-start=\"583\" data-end=\"844\">Regulatori su posebno korisni uz ve\u0107e boce od 2L i 3L, u situacijama kada Creamer ure\u0111aj jo\u0161 nije dostupan. Omogu\u0107avaju neometan, kontinuiran rad \u2014 za razliku od tradicionalnog na\u010dina sa malim punjenjima od 8g, koja zahtevaju stalnu zamenu i prekidaju tok rada.<\/p>\n","protected":false},"featured_media":42750,"template":"","meta":{"_acf_changed":false},"product_brand":[],"product_cat":[485,486,495],"product_tag":[],"class_list":{"0":"post-42147","1":"product","2":"type-product","3":"status-publish","4":"has-post-thumbnail","6":"product_cat-cream-chargers-sr","7":"product_cat-nitrous-oxide-sr","8":"product_cat-svi","10":"first","11":"instock","12":"taxable","13":"shipping-taxable","14":"product-type-simple"},"acf":[],"yoast_head":"<!-- This site is optimized with the Yoast SEO plugin v27.2 - https:\/\/yoast.com\/product\/yoast-seo-wordpress\/ -->\n<title>FastGas regulator pritiska: kontroli\u0161ite pritisak u punja\u010dima za \u0161lag | FastGas<\/title>\n<meta name=\"description\" content=\"Izmerite pritisak u punja\u010dima za \u0161lag i smanjite otpad uz FastGas regulator pritiska. Postignite dosledne i optimalne rezultate svaki put.\" \/>\n<meta name=\"robots\" content=\"index, follow, max-snippet:-1, max-image-preview:large, max-video-preview:-1\" \/>\n<link rel=\"canonical\" href=\"https:\/\/fast-gas.com\/sr\/product\/regulator-pritiska\/\" \/>\n<meta property=\"og:locale\" content=\"sr_RS\" \/>\n<meta property=\"og:type\" content=\"article\" \/>\n<meta property=\"og:title\" content=\"FastGas regulator pritiska: kontroli\u0161ite pritisak u punja\u010dima za \u0161lag | FastGas\" \/>\n<meta property=\"og:description\" content=\"Izmerite pritisak u punja\u010dima za \u0161lag i smanjite otpad uz FastGas regulator pritiska. Postignite dosledne i optimalne rezultate svaki put.\" \/>\n<meta property=\"og:url\" content=\"https:\/\/fast-gas.com\/sr\/product\/regulator-pritiska\/\" \/>\n<meta property=\"og:site_name\" content=\"FastGas\" \/>\n<meta property=\"article:publisher\" content=\"https:\/\/facebook.com\/wearefastgas\" \/>\n<meta property=\"article:modified_time\" content=\"2025-10-30T15:08:03+00:00\" \/>\n<meta property=\"og:image\" content=\"https:\/\/fast-gas.com\/wp-content\/uploads\/2025\/03\/Pressure-Regulator-transparent.png\" \/>\n\t<meta property=\"og:image:width\" content=\"1000\" \/>\n\t<meta property=\"og:image:height\" content=\"1000\" \/>\n\t<meta property=\"og:image:type\" content=\"image\/png\" \/>\n<meta name=\"twitter:card\" content=\"summary_large_image\" \/>\n<meta name=\"twitter:label1\" content=\"Est. reading time\" \/>\n\t<meta name=\"twitter:data1\" content=\"1 minute\" \/>\n<script type=\"application\/ld+json\" class=\"yoast-schema-graph\">{\"@context\":\"https:\/\/schema.org\",\"@graph\":[{\"@type\":[\"WebPage\",\"ItemPage\"],\"@id\":\"https:\/\/fast-gas.com\/sr\/product\/regulator-pritiska\/\",\"url\":\"https:\/\/fast-gas.com\/sr\/product\/regulator-pritiska\/\",\"name\":\"FastGas regulator pritiska: kontroli\u0161ite pritisak u punja\u010dima za \u0161lag | FastGas\",\"isPartOf\":{\"@id\":\"https:\/\/fast-gas.com\/sr\/#website\"},\"primaryImageOfPage\":{\"@id\":\"https:\/\/fast-gas.com\/sr\/product\/regulator-pritiska\/#primaryimage\"},\"image\":{\"@id\":\"https:\/\/fast-gas.com\/sr\/product\/regulator-pritiska\/#primaryimage\"},\"thumbnailUrl\":\"https:\/\/fast-gas.com\/wp-content\/uploads\/2025\/03\/Pressure-Regulator-transparent.png\",\"datePublished\":\"2025-03-18T12:32:53+00:00\",\"dateModified\":\"2025-10-30T15:08:03+00:00\",\"description\":\"Izmerite pritisak u punja\u010dima za \u0161lag i smanjite otpad uz FastGas regulator pritiska. Postignite dosledne i optimalne rezultate svaki put.\",\"breadcrumb\":{\"@id\":\"https:\/\/fast-gas.com\/sr\/product\/regulator-pritiska\/#breadcrumb\"},\"inLanguage\":\"sr-RS\",\"potentialAction\":[{\"@type\":\"ReadAction\",\"target\":[\"https:\/\/fast-gas.com\/sr\/product\/regulator-pritiska\/\"]}]},{\"@type\":\"ImageObject\",\"inLanguage\":\"sr-RS\",\"@id\":\"https:\/\/fast-gas.com\/sr\/product\/regulator-pritiska\/#primaryimage\",\"url\":\"https:\/\/fast-gas.com\/wp-content\/uploads\/2025\/03\/Pressure-Regulator-transparent.png\",\"contentUrl\":\"https:\/\/fast-gas.com\/wp-content\/uploads\/2025\/03\/Pressure-Regulator-transparent.png\",\"width\":1000,\"height\":1000},{\"@type\":\"BreadcrumbList\",\"@id\":\"https:\/\/fast-gas.com\/sr\/product\/regulator-pritiska\/#breadcrumb\",\"itemListElement\":[{\"@type\":\"ListItem\",\"position\":1,\"name\":\"Home\",\"item\":\"https:\/\/fast-gas.com\/sr\/\"},{\"@type\":\"ListItem\",\"position\":2,\"name\":\"Regulator Pritiska\"}]},{\"@type\":\"WebSite\",\"@id\":\"https:\/\/fast-gas.com\/sr\/#website\",\"url\":\"https:\/\/fast-gas.com\/sr\/\",\"name\":\"FastGas\",\"description\":\"N2O Cream Chargers\",\"publisher\":{\"@id\":\"https:\/\/fast-gas.com\/sr\/#organization\"},\"potentialAction\":[{\"@type\":\"SearchAction\",\"target\":{\"@type\":\"EntryPoint\",\"urlTemplate\":\"https:\/\/fast-gas.com\/sr\/?s={search_term_string}\"},\"query-input\":{\"@type\":\"PropertyValueSpecification\",\"valueRequired\":true,\"valueName\":\"search_term_string\"}}],\"inLanguage\":\"sr-RS\"},{\"@type\":\"Organization\",\"@id\":\"https:\/\/fast-gas.com\/sr\/#organization\",\"name\":\"FastGas - Helium, CO2 & N2O Wholesale\",\"alternateName\":\"Fast Gas\",\"url\":\"https:\/\/fast-gas.com\/sr\/\",\"logo\":{\"@type\":\"ImageObject\",\"inLanguage\":\"sr-RS\",\"@id\":\"https:\/\/fast-gas.com\/sr\/#\/schema\/logo\/image\/\",\"url\":\"https:\/\/fast-gas.com\/wp-content\/uploads\/2025\/03\/cropped-Fastgas-Favicon.png\",\"contentUrl\":\"https:\/\/fast-gas.com\/wp-content\/uploads\/2025\/03\/cropped-Fastgas-Favicon.png\",\"width\":512,\"height\":512,\"caption\":\"FastGas - Helium, CO2 & N2O Wholesale\"},\"image\":{\"@id\":\"https:\/\/fast-gas.com\/sr\/#\/schema\/logo\/image\/\"},\"sameAs\":[\"https:\/\/facebook.com\/wearefastgas\",\"https:\/\/www.youtube.com\/channel\/UCV5w9vrihWFu0yM7SZzQfVQ\/videos\",\"https:\/\/instagram.com\/fastgas.official\"]}]}<\/script>\n<!-- \/ Yoast SEO plugin. -->","yoast_head_json":{"title":"FastGas regulator pritiska: kontroli\u0161ite pritisak u punja\u010dima za \u0161lag | FastGas","description":"Izmerite pritisak u punja\u010dima za \u0161lag i smanjite otpad uz FastGas regulator pritiska. Postignite dosledne i optimalne rezultate svaki put.","robots":{"index":"index","follow":"follow","max-snippet":"max-snippet:-1","max-image-preview":"max-image-preview:large","max-video-preview":"max-video-preview:-1"},"canonical":"https:\/\/fast-gas.com\/sr\/product\/regulator-pritiska\/","og_locale":"sr_RS","og_type":"article","og_title":"FastGas regulator pritiska: kontroli\u0161ite pritisak u punja\u010dima za \u0161lag | FastGas","og_description":"Izmerite pritisak u punja\u010dima za \u0161lag i smanjite otpad uz FastGas regulator pritiska. Postignite dosledne i optimalne rezultate svaki put.","og_url":"https:\/\/fast-gas.com\/sr\/product\/regulator-pritiska\/","og_site_name":"FastGas","article_publisher":"https:\/\/facebook.com\/wearefastgas","article_modified_time":"2025-10-30T15:08:03+00:00","og_image":[{"width":1000,"height":1000,"url":"https:\/\/fast-gas.com\/wp-content\/uploads\/2025\/03\/Pressure-Regulator-transparent.png","type":"image\/png"}],"twitter_card":"summary_large_image","twitter_misc":{"Est. reading time":"1 minute"},"schema":{"@context":"https:\/\/schema.org","@graph":[{"@type":["WebPage","ItemPage"],"@id":"https:\/\/fast-gas.com\/sr\/product\/regulator-pritiska\/","url":"https:\/\/fast-gas.com\/sr\/product\/regulator-pritiska\/","name":"FastGas regulator pritiska: kontroli\u0161ite pritisak u punja\u010dima za \u0161lag | FastGas","isPartOf":{"@id":"https:\/\/fast-gas.com\/sr\/#website"},"primaryImageOfPage":{"@id":"https:\/\/fast-gas.com\/sr\/product\/regulator-pritiska\/#primaryimage"},"image":{"@id":"https:\/\/fast-gas.com\/sr\/product\/regulator-pritiska\/#primaryimage"},"thumbnailUrl":"https:\/\/fast-gas.com\/wp-content\/uploads\/2025\/03\/Pressure-Regulator-transparent.png","datePublished":"2025-03-18T12:32:53+00:00","dateModified":"2025-10-30T15:08:03+00:00","description":"Izmerite pritisak u punja\u010dima za \u0161lag i smanjite otpad uz FastGas regulator pritiska. Postignite dosledne i optimalne rezultate svaki put.","breadcrumb":{"@id":"https:\/\/fast-gas.com\/sr\/product\/regulator-pritiska\/#breadcrumb"},"inLanguage":"sr-RS","potentialAction":[{"@type":"ReadAction","target":["https:\/\/fast-gas.com\/sr\/product\/regulator-pritiska\/"]}]},{"@type":"ImageObject","inLanguage":"sr-RS","@id":"https:\/\/fast-gas.com\/sr\/product\/regulator-pritiska\/#primaryimage","url":"https:\/\/fast-gas.com\/wp-content\/uploads\/2025\/03\/Pressure-Regulator-transparent.png","contentUrl":"https:\/\/fast-gas.com\/wp-content\/uploads\/2025\/03\/Pressure-Regulator-transparent.png","width":1000,"height":1000},{"@type":"BreadcrumbList","@id":"https:\/\/fast-gas.com\/sr\/product\/regulator-pritiska\/#breadcrumb","itemListElement":[{"@type":"ListItem","position":1,"name":"Home","item":"https:\/\/fast-gas.com\/sr\/"},{"@type":"ListItem","position":2,"name":"Regulator Pritiska"}]},{"@type":"WebSite","@id":"https:\/\/fast-gas.com\/sr\/#website","url":"https:\/\/fast-gas.com\/sr\/","name":"FastGas","description":"N2O Cream Chargers","publisher":{"@id":"https:\/\/fast-gas.com\/sr\/#organization"},"potentialAction":[{"@type":"SearchAction","target":{"@type":"EntryPoint","urlTemplate":"https:\/\/fast-gas.com\/sr\/?s={search_term_string}"},"query-input":{"@type":"PropertyValueSpecification","valueRequired":true,"valueName":"search_term_string"}}],"inLanguage":"sr-RS"},{"@type":"Organization","@id":"https:\/\/fast-gas.com\/sr\/#organization","name":"FastGas - Helium, CO2 & N2O Wholesale","alternateName":"Fast Gas","url":"https:\/\/fast-gas.com\/sr\/","logo":{"@type":"ImageObject","inLanguage":"sr-RS","@id":"https:\/\/fast-gas.com\/sr\/#\/schema\/logo\/image\/","url":"https:\/\/fast-gas.com\/wp-content\/uploads\/2025\/03\/cropped-Fastgas-Favicon.png","contentUrl":"https:\/\/fast-gas.com\/wp-content\/uploads\/2025\/03\/cropped-Fastgas-Favicon.png","width":512,"height":512,"caption":"FastGas - Helium, CO2 & N2O Wholesale"},"image":{"@id":"https:\/\/fast-gas.com\/sr\/#\/schema\/logo\/image\/"},"sameAs":["https:\/\/facebook.com\/wearefastgas","https:\/\/www.youtube.com\/channel\/UCV5w9vrihWFu0yM7SZzQfVQ\/videos","https:\/\/instagram.com\/fastgas.official"]}]}},"_links":{"self":[{"href":"https:\/\/fast-gas.com\/sr\/wp-json\/wp\/v2\/product\/42147","targetHints":{"allow":["GET"]}}],"collection":[{"href":"https:\/\/fast-gas.com\/sr\/wp-json\/wp\/v2\/product"}],"about":[{"href":"https:\/\/fast-gas.com\/sr\/wp-json\/wp\/v2\/types\/product"}],"wp:featuredmedia":[{"embeddable":true,"href":"https:\/\/fast-gas.com\/sr\/wp-json\/wp\/v2\/media\/42750"}],"wp:attachment":[{"href":"https:\/\/fast-gas.com\/sr\/wp-json\/wp\/v2\/media?parent=42147"}],"wp:term":[{"taxonomy":"product_brand","embeddable":true,"href":"https:\/\/fast-gas.com\/sr\/wp-json\/wp\/v2\/product_brand?post=42147"},{"taxonomy":"product_cat","embeddable":true,"href":"https:\/\/fast-gas.com\/sr\/wp-json\/wp\/v2\/product_cat?post=42147"},{"taxonomy":"product_tag","embeddable":true,"href":"https:\/\/fast-gas.com\/sr\/wp-json\/wp\/v2\/product_tag?post=42147"}],"curies":[{"name":"wp","href":"https:\/\/api.w.org\/{rel}","templated":true}]}}