{"id":42136,"date":"2025-03-18T13:26:42","date_gmt":"2025-03-18T12:26:42","guid":{"rendered":"https:\/\/staging.fast-gas.com\/?post_type=product&#038;p=42136"},"modified":"2025-10-30T16:00:37","modified_gmt":"2025-10-30T15:00:37","slug":"sifon-za-slag","status":"publish","type":"product","link":"https:\/\/fast-gas.com\/sr\/product\/sifon-za-slag\/","title":{"rendered":"Sifon"},"excerpt":{"rendered":"<p>FastGas\u00ae krem sifon je dizajniran za izdavanje finalnog proizvoda: \u0161lagova, espuma i pena za va\u0161e kulinarske ili barske kreacije.<\/p>\n<p>Kompatibilan sa FastGas\u00ae Creamer-om i FastGas\u00ae regulatorom pritiska, kao i sa ve\u0107inom industrijskih standarda.<\/p>\n<p>Pogodan samo za hladne me\u0161avine.<\/p>\n","protected":false},"featured_media":42738,"template":"","meta":{"_acf_changed":false},"product_brand":[],"product_cat":[485,486,495],"product_tag":[],"class_list":{"0":"post-42136","1":"product","2":"type-product","3":"status-publish","4":"has-post-thumbnail","6":"product_cat-cream-chargers-sr","7":"product_cat-nitrous-oxide-sr","8":"product_cat-svi","10":"first","11":"instock","12":"taxable","13":"shipping-taxable","14":"product-type-simple"},"acf":[],"yoast_head":"<!-- This site is optimized with the Yoast SEO plugin v27.2 - https:\/\/yoast.com\/product\/yoast-seo-wordpress\/ -->\n<title>FastGas sifon za kremu: savr\u0161ene pene i \u0161lag | FastGas<\/title>\n<meta name=\"description\" content=\"Pobolj\u0161ajte svoje kulinarske ili bar kreacije uz FastGas sifon za kremu \u2013 idealan za \u0161lag, pene i espume. Namenjen isklju\u010divo hladnim me\u0161avinama.\" \/>\n<meta name=\"robots\" content=\"index, follow, max-snippet:-1, max-image-preview:large, max-video-preview:-1\" \/>\n<link rel=\"canonical\" href=\"https:\/\/fast-gas.com\/sr\/product\/sifon-za-slag\/\" \/>\n<meta property=\"og:locale\" content=\"sr_RS\" \/>\n<meta property=\"og:type\" content=\"article\" \/>\n<meta property=\"og:title\" content=\"FastGas sifon za kremu: savr\u0161ene pene i \u0161lag | FastGas\" \/>\n<meta property=\"og:description\" content=\"Pobolj\u0161ajte svoje kulinarske ili bar kreacije uz FastGas sifon za kremu \u2013 idealan za \u0161lag, pene i espume. Namenjen isklju\u010divo hladnim me\u0161avinama.\" \/>\n<meta property=\"og:url\" content=\"https:\/\/fast-gas.com\/sr\/product\/sifon-za-slag\/\" \/>\n<meta property=\"og:site_name\" content=\"FastGas\" \/>\n<meta property=\"article:publisher\" content=\"https:\/\/facebook.com\/wearefastgas\" \/>\n<meta property=\"article:modified_time\" content=\"2025-10-30T15:00:37+00:00\" \/>\n<meta property=\"og:image\" content=\"https:\/\/fast-gas.com\/wp-content\/uploads\/2025\/03\/3.png\" \/>\n\t<meta property=\"og:image:width\" content=\"750\" \/>\n\t<meta property=\"og:image:height\" content=\"750\" \/>\n\t<meta property=\"og:image:type\" content=\"image\/png\" \/>\n<meta name=\"twitter:card\" content=\"summary_large_image\" \/>\n<meta name=\"twitter:label1\" content=\"Est. reading time\" \/>\n\t<meta name=\"twitter:data1\" content=\"1 minute\" \/>\n<script type=\"application\/ld+json\" class=\"yoast-schema-graph\">{\"@context\":\"https:\/\/schema.org\",\"@graph\":[{\"@type\":[\"WebPage\",\"ItemPage\"],\"@id\":\"https:\/\/fast-gas.com\/sr\/product\/sifon-za-slag\/\",\"url\":\"https:\/\/fast-gas.com\/sr\/product\/sifon-za-slag\/\",\"name\":\"FastGas sifon za kremu: savr\u0161ene pene i \u0161lag | FastGas\",\"isPartOf\":{\"@id\":\"https:\/\/fast-gas.com\/sr\/#website\"},\"primaryImageOfPage\":{\"@id\":\"https:\/\/fast-gas.com\/sr\/product\/sifon-za-slag\/#primaryimage\"},\"image\":{\"@id\":\"https:\/\/fast-gas.com\/sr\/product\/sifon-za-slag\/#primaryimage\"},\"thumbnailUrl\":\"https:\/\/fast-gas.com\/wp-content\/uploads\/2025\/03\/3.png\",\"datePublished\":\"2025-03-18T12:26:42+00:00\",\"dateModified\":\"2025-10-30T15:00:37+00:00\",\"description\":\"Pobolj\u0161ajte svoje kulinarske ili bar kreacije uz FastGas sifon za kremu \u2013 idealan za \u0161lag, pene i espume. Namenjen isklju\u010divo hladnim me\u0161avinama.\",\"breadcrumb\":{\"@id\":\"https:\/\/fast-gas.com\/sr\/product\/sifon-za-slag\/#breadcrumb\"},\"inLanguage\":\"sr-RS\",\"potentialAction\":[{\"@type\":\"ReadAction\",\"target\":[\"https:\/\/fast-gas.com\/sr\/product\/sifon-za-slag\/\"]}]},{\"@type\":\"ImageObject\",\"inLanguage\":\"sr-RS\",\"@id\":\"https:\/\/fast-gas.com\/sr\/product\/sifon-za-slag\/#primaryimage\",\"url\":\"https:\/\/fast-gas.com\/wp-content\/uploads\/2025\/03\/3.png\",\"contentUrl\":\"https:\/\/fast-gas.com\/wp-content\/uploads\/2025\/03\/3.png\",\"width\":750,\"height\":750},{\"@type\":\"BreadcrumbList\",\"@id\":\"https:\/\/fast-gas.com\/sr\/product\/sifon-za-slag\/#breadcrumb\",\"itemListElement\":[{\"@type\":\"ListItem\",\"position\":1,\"name\":\"Home\",\"item\":\"https:\/\/fast-gas.com\/sr\/\"},{\"@type\":\"ListItem\",\"position\":2,\"name\":\"Sifon\"}]},{\"@type\":\"WebSite\",\"@id\":\"https:\/\/fast-gas.com\/sr\/#website\",\"url\":\"https:\/\/fast-gas.com\/sr\/\",\"name\":\"FastGas\",\"description\":\"N2O Cream Chargers\",\"publisher\":{\"@id\":\"https:\/\/fast-gas.com\/sr\/#organization\"},\"potentialAction\":[{\"@type\":\"SearchAction\",\"target\":{\"@type\":\"EntryPoint\",\"urlTemplate\":\"https:\/\/fast-gas.com\/sr\/?s={search_term_string}\"},\"query-input\":{\"@type\":\"PropertyValueSpecification\",\"valueRequired\":true,\"valueName\":\"search_term_string\"}}],\"inLanguage\":\"sr-RS\"},{\"@type\":\"Organization\",\"@id\":\"https:\/\/fast-gas.com\/sr\/#organization\",\"name\":\"FastGas - Helium, CO2 & N2O Wholesale\",\"alternateName\":\"Fast Gas\",\"url\":\"https:\/\/fast-gas.com\/sr\/\",\"logo\":{\"@type\":\"ImageObject\",\"inLanguage\":\"sr-RS\",\"@id\":\"https:\/\/fast-gas.com\/sr\/#\/schema\/logo\/image\/\",\"url\":\"https:\/\/fast-gas.com\/wp-content\/uploads\/2025\/03\/cropped-Fastgas-Favicon.png\",\"contentUrl\":\"https:\/\/fast-gas.com\/wp-content\/uploads\/2025\/03\/cropped-Fastgas-Favicon.png\",\"width\":512,\"height\":512,\"caption\":\"FastGas - Helium, CO2 & N2O Wholesale\"},\"image\":{\"@id\":\"https:\/\/fast-gas.com\/sr\/#\/schema\/logo\/image\/\"},\"sameAs\":[\"https:\/\/facebook.com\/wearefastgas\",\"https:\/\/www.youtube.com\/channel\/UCV5w9vrihWFu0yM7SZzQfVQ\/videos\",\"https:\/\/instagram.com\/fastgas.official\"]}]}<\/script>\n<!-- \/ Yoast SEO plugin. -->","yoast_head_json":{"title":"FastGas sifon za kremu: savr\u0161ene pene i \u0161lag | FastGas","description":"Pobolj\u0161ajte svoje kulinarske ili bar kreacije uz FastGas sifon za kremu \u2013 idealan za \u0161lag, pene i espume. Namenjen isklju\u010divo hladnim me\u0161avinama.","robots":{"index":"index","follow":"follow","max-snippet":"max-snippet:-1","max-image-preview":"max-image-preview:large","max-video-preview":"max-video-preview:-1"},"canonical":"https:\/\/fast-gas.com\/sr\/product\/sifon-za-slag\/","og_locale":"sr_RS","og_type":"article","og_title":"FastGas sifon za kremu: savr\u0161ene pene i \u0161lag | FastGas","og_description":"Pobolj\u0161ajte svoje kulinarske ili bar kreacije uz FastGas sifon za kremu \u2013 idealan za \u0161lag, pene i espume. Namenjen isklju\u010divo hladnim me\u0161avinama.","og_url":"https:\/\/fast-gas.com\/sr\/product\/sifon-za-slag\/","og_site_name":"FastGas","article_publisher":"https:\/\/facebook.com\/wearefastgas","article_modified_time":"2025-10-30T15:00:37+00:00","og_image":[{"width":750,"height":750,"url":"https:\/\/fast-gas.com\/wp-content\/uploads\/2025\/03\/3.png","type":"image\/png"}],"twitter_card":"summary_large_image","twitter_misc":{"Est. reading time":"1 minute"},"schema":{"@context":"https:\/\/schema.org","@graph":[{"@type":["WebPage","ItemPage"],"@id":"https:\/\/fast-gas.com\/sr\/product\/sifon-za-slag\/","url":"https:\/\/fast-gas.com\/sr\/product\/sifon-za-slag\/","name":"FastGas sifon za kremu: savr\u0161ene pene i \u0161lag | FastGas","isPartOf":{"@id":"https:\/\/fast-gas.com\/sr\/#website"},"primaryImageOfPage":{"@id":"https:\/\/fast-gas.com\/sr\/product\/sifon-za-slag\/#primaryimage"},"image":{"@id":"https:\/\/fast-gas.com\/sr\/product\/sifon-za-slag\/#primaryimage"},"thumbnailUrl":"https:\/\/fast-gas.com\/wp-content\/uploads\/2025\/03\/3.png","datePublished":"2025-03-18T12:26:42+00:00","dateModified":"2025-10-30T15:00:37+00:00","description":"Pobolj\u0161ajte svoje kulinarske ili bar kreacije uz FastGas sifon za kremu \u2013 idealan za \u0161lag, pene i espume. Namenjen isklju\u010divo hladnim me\u0161avinama.","breadcrumb":{"@id":"https:\/\/fast-gas.com\/sr\/product\/sifon-za-slag\/#breadcrumb"},"inLanguage":"sr-RS","potentialAction":[{"@type":"ReadAction","target":["https:\/\/fast-gas.com\/sr\/product\/sifon-za-slag\/"]}]},{"@type":"ImageObject","inLanguage":"sr-RS","@id":"https:\/\/fast-gas.com\/sr\/product\/sifon-za-slag\/#primaryimage","url":"https:\/\/fast-gas.com\/wp-content\/uploads\/2025\/03\/3.png","contentUrl":"https:\/\/fast-gas.com\/wp-content\/uploads\/2025\/03\/3.png","width":750,"height":750},{"@type":"BreadcrumbList","@id":"https:\/\/fast-gas.com\/sr\/product\/sifon-za-slag\/#breadcrumb","itemListElement":[{"@type":"ListItem","position":1,"name":"Home","item":"https:\/\/fast-gas.com\/sr\/"},{"@type":"ListItem","position":2,"name":"Sifon"}]},{"@type":"WebSite","@id":"https:\/\/fast-gas.com\/sr\/#website","url":"https:\/\/fast-gas.com\/sr\/","name":"FastGas","description":"N2O Cream Chargers","publisher":{"@id":"https:\/\/fast-gas.com\/sr\/#organization"},"potentialAction":[{"@type":"SearchAction","target":{"@type":"EntryPoint","urlTemplate":"https:\/\/fast-gas.com\/sr\/?s={search_term_string}"},"query-input":{"@type":"PropertyValueSpecification","valueRequired":true,"valueName":"search_term_string"}}],"inLanguage":"sr-RS"},{"@type":"Organization","@id":"https:\/\/fast-gas.com\/sr\/#organization","name":"FastGas - Helium, CO2 & N2O Wholesale","alternateName":"Fast Gas","url":"https:\/\/fast-gas.com\/sr\/","logo":{"@type":"ImageObject","inLanguage":"sr-RS","@id":"https:\/\/fast-gas.com\/sr\/#\/schema\/logo\/image\/","url":"https:\/\/fast-gas.com\/wp-content\/uploads\/2025\/03\/cropped-Fastgas-Favicon.png","contentUrl":"https:\/\/fast-gas.com\/wp-content\/uploads\/2025\/03\/cropped-Fastgas-Favicon.png","width":512,"height":512,"caption":"FastGas - Helium, CO2 & N2O Wholesale"},"image":{"@id":"https:\/\/fast-gas.com\/sr\/#\/schema\/logo\/image\/"},"sameAs":["https:\/\/facebook.com\/wearefastgas","https:\/\/www.youtube.com\/channel\/UCV5w9vrihWFu0yM7SZzQfVQ\/videos","https:\/\/instagram.com\/fastgas.official"]}]}},"_links":{"self":[{"href":"https:\/\/fast-gas.com\/sr\/wp-json\/wp\/v2\/product\/42136","targetHints":{"allow":["GET"]}}],"collection":[{"href":"https:\/\/fast-gas.com\/sr\/wp-json\/wp\/v2\/product"}],"about":[{"href":"https:\/\/fast-gas.com\/sr\/wp-json\/wp\/v2\/types\/product"}],"wp:featuredmedia":[{"embeddable":true,"href":"https:\/\/fast-gas.com\/sr\/wp-json\/wp\/v2\/media\/42738"}],"wp:attachment":[{"href":"https:\/\/fast-gas.com\/sr\/wp-json\/wp\/v2\/media?parent=42136"}],"wp:term":[{"taxonomy":"product_brand","embeddable":true,"href":"https:\/\/fast-gas.com\/sr\/wp-json\/wp\/v2\/product_brand?post=42136"},{"taxonomy":"product_cat","embeddable":true,"href":"https:\/\/fast-gas.com\/sr\/wp-json\/wp\/v2\/product_cat?post=42136"},{"taxonomy":"product_tag","embeddable":true,"href":"https:\/\/fast-gas.com\/sr\/wp-json\/wp\/v2\/product_tag?post=42136"}],"curies":[{"name":"wp","href":"https:\/\/api.w.org\/{rel}","templated":true}]}}