{"id":42146,"date":"2025-03-18T13:32:53","date_gmt":"2025-03-18T12:32:53","guid":{"rendered":"https:\/\/staging.fast-gas.com\/?post_type=product&#038;p=42146"},"modified":"2025-10-30T16:06:58","modified_gmt":"2025-10-30T15:06:58","slug":"trykkregulator","status":"publish","type":"product","link":"https:\/\/fast-gas.com\/no\/produkt\/trykkregulator\/","title":{"rendered":"Trykkregulator"},"excerpt":{"rendered":"<p data-start=\"54\" data-end=\"176\">FastGas trykkregulatorer tilbyr en p\u00e5litelig og brukervennlig l\u00f8sning for \u00e5 fylle kremdispensere og sodasifoner. Kompatible med de fleste lystgass- og CO\u2082-beholdere, sikrer de jevn og stabil ytelse i et bredt spekter av bruksomr\u00e5der.<\/p>\n<p data-start=\"299\" data-end=\"320\"><span class=\"title-highlight\"><strong data-start=\"303\" data-end=\"318\">Beskrivelse<\/strong><\/span><\/p>\n<p data-start=\"321\" data-end=\"548\">Disse regulatorene er utviklet for effektivitet og kontinuerlig bruk, og er ideelle for krevende milj\u00f8er som barer, profesjonelle kj\u00f8kken og kafeer. De er ogs\u00e5 en praktisk l\u00f8sning for hjemmebrukere som lager store mengder krem.<\/p>\n<p data-start=\"550\" data-end=\"820\">Regulatorene er spesielt nyttige med st\u00f8rre 2L og 3L beholdere, der Creamer-maskinen enn\u00e5 ikke er tilgjengelig. De gir en jevn og uavbrutt drift \u2013 i motsetning til den tradisjonelle metoden med sm\u00e5 8g-patroner, som krever konstant utskifting og forstyrrer arbeidsflyten.<\/p>\n","protected":false},"featured_media":42749,"template":"","meta":{"_acf_changed":false},"product_brand":[],"product_cat":[501,456,457],"product_tag":[],"class_list":{"0":"post-42146","1":"product","2":"type-product","3":"status-publish","4":"has-post-thumbnail","6":"product_cat-alle","7":"product_cat-kremkapsler-no","8":"product_cat-lystgass-no","10":"first","11":"instock","12":"taxable","13":"shipping-taxable","14":"product-type-simple"},"acf":[],"yoast_head":"<!-- This site is optimized with the Yoast SEO plugin v27.2 - https:\/\/yoast.com\/product\/yoast-seo-wordpress\/ -->\n<title>FastGas trykkregulator: kontroller trykket i krempatronene | FastGas<\/title>\n<meta name=\"description\" content=\"M\u00e5l trykket i krempatronene og reduser svinn med FastGas trykkregulator. Oppn\u00e5 jevne, optimale resultater hver gang.\" \/>\n<meta name=\"robots\" content=\"index, follow, max-snippet:-1, max-image-preview:large, max-video-preview:-1\" \/>\n<link rel=\"canonical\" href=\"https:\/\/fast-gas.com\/no\/produkt\/trykkregulator\/\" \/>\n<meta property=\"og:locale\" content=\"nb_NO\" \/>\n<meta property=\"og:type\" content=\"article\" \/>\n<meta property=\"og:title\" content=\"FastGas trykkregulator: kontroller trykket i krempatronene | FastGas\" \/>\n<meta property=\"og:description\" content=\"M\u00e5l trykket i krempatronene og reduser svinn med FastGas trykkregulator. Oppn\u00e5 jevne, optimale resultater hver gang.\" \/>\n<meta property=\"og:url\" content=\"https:\/\/fast-gas.com\/no\/produkt\/trykkregulator\/\" \/>\n<meta property=\"og:site_name\" content=\"FastGas\" \/>\n<meta property=\"article:publisher\" content=\"https:\/\/facebook.com\/wearefastgas\" \/>\n<meta property=\"article:modified_time\" content=\"2025-10-30T15:06:58+00:00\" \/>\n<meta property=\"og:image\" content=\"https:\/\/fast-gas.com\/wp-content\/uploads\/2025\/03\/Pressure-Regulator-transparent.png\" \/>\n\t<meta property=\"og:image:width\" content=\"1000\" \/>\n\t<meta property=\"og:image:height\" content=\"1000\" \/>\n\t<meta property=\"og:image:type\" content=\"image\/png\" \/>\n<meta name=\"twitter:card\" content=\"summary_large_image\" \/>\n<meta name=\"twitter:label1\" content=\"Est. reading time\" \/>\n\t<meta name=\"twitter:data1\" content=\"1 minute\" \/>\n<script type=\"application\/ld+json\" class=\"yoast-schema-graph\">{\"@context\":\"https:\/\/schema.org\",\"@graph\":[{\"@type\":[\"WebPage\",\"ItemPage\"],\"@id\":\"https:\/\/fast-gas.com\/no\/produkt\/trykkregulator\/\",\"url\":\"https:\/\/fast-gas.com\/no\/produkt\/trykkregulator\/\",\"name\":\"FastGas trykkregulator: kontroller trykket i krempatronene | FastGas\",\"isPartOf\":{\"@id\":\"https:\/\/fast-gas.com\/no\/#website\"},\"primaryImageOfPage\":{\"@id\":\"https:\/\/fast-gas.com\/no\/produkt\/trykkregulator\/#primaryimage\"},\"image\":{\"@id\":\"https:\/\/fast-gas.com\/no\/produkt\/trykkregulator\/#primaryimage\"},\"thumbnailUrl\":\"https:\/\/fast-gas.com\/wp-content\/uploads\/2025\/03\/Pressure-Regulator-transparent.png\",\"datePublished\":\"2025-03-18T12:32:53+00:00\",\"dateModified\":\"2025-10-30T15:06:58+00:00\",\"description\":\"M\u00e5l trykket i krempatronene og reduser svinn med FastGas trykkregulator. Oppn\u00e5 jevne, optimale resultater hver gang.\",\"breadcrumb\":{\"@id\":\"https:\/\/fast-gas.com\/no\/produkt\/trykkregulator\/#breadcrumb\"},\"inLanguage\":\"nb-NO\",\"potentialAction\":[{\"@type\":\"ReadAction\",\"target\":[\"https:\/\/fast-gas.com\/no\/produkt\/trykkregulator\/\"]}]},{\"@type\":\"ImageObject\",\"inLanguage\":\"nb-NO\",\"@id\":\"https:\/\/fast-gas.com\/no\/produkt\/trykkregulator\/#primaryimage\",\"url\":\"https:\/\/fast-gas.com\/wp-content\/uploads\/2025\/03\/Pressure-Regulator-transparent.png\",\"contentUrl\":\"https:\/\/fast-gas.com\/wp-content\/uploads\/2025\/03\/Pressure-Regulator-transparent.png\",\"width\":1000,\"height\":1000},{\"@type\":\"BreadcrumbList\",\"@id\":\"https:\/\/fast-gas.com\/no\/produkt\/trykkregulator\/#breadcrumb\",\"itemListElement\":[{\"@type\":\"ListItem\",\"position\":1,\"name\":\"Home\",\"item\":\"https:\/\/fast-gas.com\/no\/\"},{\"@type\":\"ListItem\",\"position\":2,\"name\":\"Trykkregulator\"}]},{\"@type\":\"WebSite\",\"@id\":\"https:\/\/fast-gas.com\/no\/#website\",\"url\":\"https:\/\/fast-gas.com\/no\/\",\"name\":\"FastGas\",\"description\":\"N2O Cream Chargers\",\"publisher\":{\"@id\":\"https:\/\/fast-gas.com\/no\/#organization\"},\"potentialAction\":[{\"@type\":\"SearchAction\",\"target\":{\"@type\":\"EntryPoint\",\"urlTemplate\":\"https:\/\/fast-gas.com\/no\/?s={search_term_string}\"},\"query-input\":{\"@type\":\"PropertyValueSpecification\",\"valueRequired\":true,\"valueName\":\"search_term_string\"}}],\"inLanguage\":\"nb-NO\"},{\"@type\":\"Organization\",\"@id\":\"https:\/\/fast-gas.com\/no\/#organization\",\"name\":\"FastGas - Helium, CO2 & N2O Wholesale\",\"alternateName\":\"Fast Gas\",\"url\":\"https:\/\/fast-gas.com\/no\/\",\"logo\":{\"@type\":\"ImageObject\",\"inLanguage\":\"nb-NO\",\"@id\":\"https:\/\/fast-gas.com\/no\/#\/schema\/logo\/image\/\",\"url\":\"https:\/\/fast-gas.com\/wp-content\/uploads\/2025\/03\/cropped-Fastgas-Favicon.png\",\"contentUrl\":\"https:\/\/fast-gas.com\/wp-content\/uploads\/2025\/03\/cropped-Fastgas-Favicon.png\",\"width\":512,\"height\":512,\"caption\":\"FastGas - Helium, CO2 & N2O Wholesale\"},\"image\":{\"@id\":\"https:\/\/fast-gas.com\/no\/#\/schema\/logo\/image\/\"},\"sameAs\":[\"https:\/\/facebook.com\/wearefastgas\",\"https:\/\/www.youtube.com\/channel\/UCV5w9vrihWFu0yM7SZzQfVQ\/videos\",\"https:\/\/instagram.com\/fastgas.official\"]}]}<\/script>\n<!-- \/ Yoast SEO plugin. -->","yoast_head_json":{"title":"FastGas trykkregulator: kontroller trykket i krempatronene | FastGas","description":"M\u00e5l trykket i krempatronene og reduser svinn med FastGas trykkregulator. Oppn\u00e5 jevne, optimale resultater hver gang.","robots":{"index":"index","follow":"follow","max-snippet":"max-snippet:-1","max-image-preview":"max-image-preview:large","max-video-preview":"max-video-preview:-1"},"canonical":"https:\/\/fast-gas.com\/no\/produkt\/trykkregulator\/","og_locale":"nb_NO","og_type":"article","og_title":"FastGas trykkregulator: kontroller trykket i krempatronene | FastGas","og_description":"M\u00e5l trykket i krempatronene og reduser svinn med FastGas trykkregulator. Oppn\u00e5 jevne, optimale resultater hver gang.","og_url":"https:\/\/fast-gas.com\/no\/produkt\/trykkregulator\/","og_site_name":"FastGas","article_publisher":"https:\/\/facebook.com\/wearefastgas","article_modified_time":"2025-10-30T15:06:58+00:00","og_image":[{"width":1000,"height":1000,"url":"https:\/\/fast-gas.com\/wp-content\/uploads\/2025\/03\/Pressure-Regulator-transparent.png","type":"image\/png"}],"twitter_card":"summary_large_image","twitter_misc":{"Est. reading time":"1 minute"},"schema":{"@context":"https:\/\/schema.org","@graph":[{"@type":["WebPage","ItemPage"],"@id":"https:\/\/fast-gas.com\/no\/produkt\/trykkregulator\/","url":"https:\/\/fast-gas.com\/no\/produkt\/trykkregulator\/","name":"FastGas trykkregulator: kontroller trykket i krempatronene | FastGas","isPartOf":{"@id":"https:\/\/fast-gas.com\/no\/#website"},"primaryImageOfPage":{"@id":"https:\/\/fast-gas.com\/no\/produkt\/trykkregulator\/#primaryimage"},"image":{"@id":"https:\/\/fast-gas.com\/no\/produkt\/trykkregulator\/#primaryimage"},"thumbnailUrl":"https:\/\/fast-gas.com\/wp-content\/uploads\/2025\/03\/Pressure-Regulator-transparent.png","datePublished":"2025-03-18T12:32:53+00:00","dateModified":"2025-10-30T15:06:58+00:00","description":"M\u00e5l trykket i krempatronene og reduser svinn med FastGas trykkregulator. Oppn\u00e5 jevne, optimale resultater hver gang.","breadcrumb":{"@id":"https:\/\/fast-gas.com\/no\/produkt\/trykkregulator\/#breadcrumb"},"inLanguage":"nb-NO","potentialAction":[{"@type":"ReadAction","target":["https:\/\/fast-gas.com\/no\/produkt\/trykkregulator\/"]}]},{"@type":"ImageObject","inLanguage":"nb-NO","@id":"https:\/\/fast-gas.com\/no\/produkt\/trykkregulator\/#primaryimage","url":"https:\/\/fast-gas.com\/wp-content\/uploads\/2025\/03\/Pressure-Regulator-transparent.png","contentUrl":"https:\/\/fast-gas.com\/wp-content\/uploads\/2025\/03\/Pressure-Regulator-transparent.png","width":1000,"height":1000},{"@type":"BreadcrumbList","@id":"https:\/\/fast-gas.com\/no\/produkt\/trykkregulator\/#breadcrumb","itemListElement":[{"@type":"ListItem","position":1,"name":"Home","item":"https:\/\/fast-gas.com\/no\/"},{"@type":"ListItem","position":2,"name":"Trykkregulator"}]},{"@type":"WebSite","@id":"https:\/\/fast-gas.com\/no\/#website","url":"https:\/\/fast-gas.com\/no\/","name":"FastGas","description":"N2O Cream Chargers","publisher":{"@id":"https:\/\/fast-gas.com\/no\/#organization"},"potentialAction":[{"@type":"SearchAction","target":{"@type":"EntryPoint","urlTemplate":"https:\/\/fast-gas.com\/no\/?s={search_term_string}"},"query-input":{"@type":"PropertyValueSpecification","valueRequired":true,"valueName":"search_term_string"}}],"inLanguage":"nb-NO"},{"@type":"Organization","@id":"https:\/\/fast-gas.com\/no\/#organization","name":"FastGas - Helium, CO2 & N2O Wholesale","alternateName":"Fast Gas","url":"https:\/\/fast-gas.com\/no\/","logo":{"@type":"ImageObject","inLanguage":"nb-NO","@id":"https:\/\/fast-gas.com\/no\/#\/schema\/logo\/image\/","url":"https:\/\/fast-gas.com\/wp-content\/uploads\/2025\/03\/cropped-Fastgas-Favicon.png","contentUrl":"https:\/\/fast-gas.com\/wp-content\/uploads\/2025\/03\/cropped-Fastgas-Favicon.png","width":512,"height":512,"caption":"FastGas - Helium, CO2 & N2O Wholesale"},"image":{"@id":"https:\/\/fast-gas.com\/no\/#\/schema\/logo\/image\/"},"sameAs":["https:\/\/facebook.com\/wearefastgas","https:\/\/www.youtube.com\/channel\/UCV5w9vrihWFu0yM7SZzQfVQ\/videos","https:\/\/instagram.com\/fastgas.official"]}]}},"_links":{"self":[{"href":"https:\/\/fast-gas.com\/no\/wp-json\/wp\/v2\/product\/42146","targetHints":{"allow":["GET"]}}],"collection":[{"href":"https:\/\/fast-gas.com\/no\/wp-json\/wp\/v2\/product"}],"about":[{"href":"https:\/\/fast-gas.com\/no\/wp-json\/wp\/v2\/types\/product"}],"wp:featuredmedia":[{"embeddable":true,"href":"https:\/\/fast-gas.com\/no\/wp-json\/wp\/v2\/media\/42749"}],"wp:attachment":[{"href":"https:\/\/fast-gas.com\/no\/wp-json\/wp\/v2\/media?parent=42146"}],"wp:term":[{"taxonomy":"product_brand","embeddable":true,"href":"https:\/\/fast-gas.com\/no\/wp-json\/wp\/v2\/product_brand?post=42146"},{"taxonomy":"product_cat","embeddable":true,"href":"https:\/\/fast-gas.com\/no\/wp-json\/wp\/v2\/product_cat?post=42146"},{"taxonomy":"product_tag","embeddable":true,"href":"https:\/\/fast-gas.com\/no\/wp-json\/wp\/v2\/product_tag?post=42146"}],"curies":[{"name":"wp","href":"https:\/\/api.w.org\/{rel}","templated":true}]}}