{"id":42140,"date":"2025-03-18T13:32:53","date_gmt":"2025-03-18T12:32:53","guid":{"rendered":"https:\/\/staging.fast-gas.com\/?post_type=product&#038;p=42140"},"modified":"2025-10-30T16:07:30","modified_gmt":"2025-10-30T15:07:30","slug":"regulator-tlaka","status":"publish","type":"product","link":"https:\/\/fast-gas.com\/hr\/proizvod\/regulator-tlaka\/","title":{"rendered":"Regulator Tlaka"},"excerpt":{"rendered":"<p data-start=\"53\" data-end=\"166\">FastGas regulatori tlaka nude pouzdano i jednostavno rje\u0161enje za punjenje sifona za \u0161lag i soda sifona. Kompatibilni s ve\u0107inom spremnika du\u0161ikovog oksida i CO\u2082 boca, osiguravaju glatke i dosljedne performanse u \u0161irokom rasponu primjena.<\/p>\n<p data-start=\"301\" data-end=\"315\"><span class=\"title-highlight\"><strong data-start=\"305\" data-end=\"313\">Opis<\/strong><\/span><\/p>\n<p data-start=\"316\" data-end=\"556\">Dizajnirani za u\u010dinkovitost i neprekidno kori\u0161tenje, ovi su regulatori idealni za zahtjevna okru\u017eenja kao \u0161to su barovi, profesionalne kuhinje i kafi\u0107i. Tako\u0111er su prakti\u010dno rje\u0161enje za ku\u0107ne korisnike koji pripremaju velike koli\u010dine \u0161laga.<\/p>\n<p data-start=\"558\" data-end=\"807\">Regulatori su posebno korisni sa spremnicima od 2L i 3L, gdje ure\u0111aj za \u0161lag jo\u0161 nije dostupan. Omogu\u0107uju nesmetan, neprekinut rad \u2014 za razliku od tradicionalne metode kori\u0161tenja malih 8g punja\u010da koji zahtijevaju stalnu zamjenu i ometaju tijek rada.<\/p>\n","protected":false},"featured_media":42743,"template":"","meta":{"_acf_changed":false},"product_brand":[],"product_cat":[439,438,503],"product_tag":[],"class_list":{"0":"post-42140","1":"product","2":"type-product","3":"status-publish","4":"has-post-thumbnail","6":"product_cat-dusikov-oksid-hr","7":"product_cat-kapsule-za-slag-hr","8":"product_cat-svi","10":"first","11":"instock","12":"taxable","13":"shipping-taxable","14":"product-type-simple"},"acf":[],"yoast_head":"<!-- This site is optimized with the Yoast SEO plugin v27.4 - https:\/\/yoast.com\/product\/yoast-seo-wordpress\/ -->\n<title>FastGas regulator tlaka: upravljajte pritiskom u svojim punja\u010dima za \u0161lag | FastGas<\/title>\n<meta name=\"description\" content=\"Izmjerite tlak u punja\u010dima za \u0161lag i smanjite otpad pomo\u0107u FastGas regulatora tlaka. Postignite dosljedne, optimalne rezultate pri svakoj upotrebi.\" \/>\n<meta name=\"robots\" content=\"index, follow, max-snippet:-1, max-image-preview:large, max-video-preview:-1\" \/>\n<link rel=\"canonical\" href=\"https:\/\/fast-gas.com\/hr\/proizvod\/regulator-tlaka\/\" \/>\n<meta property=\"og:locale\" content=\"hr_HR\" \/>\n<meta property=\"og:type\" content=\"article\" \/>\n<meta property=\"og:title\" content=\"FastGas regulator tlaka: upravljajte pritiskom u svojim punja\u010dima za \u0161lag | FastGas\" \/>\n<meta property=\"og:description\" content=\"Izmjerite tlak u punja\u010dima za \u0161lag i smanjite otpad pomo\u0107u FastGas regulatora tlaka. Postignite dosljedne, optimalne rezultate pri svakoj upotrebi.\" \/>\n<meta property=\"og:url\" content=\"https:\/\/fast-gas.com\/hr\/proizvod\/regulator-tlaka\/\" \/>\n<meta property=\"og:site_name\" content=\"FastGas\" \/>\n<meta property=\"article:publisher\" content=\"https:\/\/facebook.com\/wearefastgas\" \/>\n<meta property=\"article:modified_time\" content=\"2025-10-30T15:07:30+00:00\" \/>\n<meta property=\"og:image\" content=\"https:\/\/fast-gas.com\/wp-content\/uploads\/2025\/03\/Pressure-Regulator-transparent.png\" \/>\n\t<meta property=\"og:image:width\" content=\"1000\" \/>\n\t<meta property=\"og:image:height\" content=\"1000\" \/>\n\t<meta property=\"og:image:type\" content=\"image\/png\" \/>\n<meta name=\"twitter:card\" content=\"summary_large_image\" \/>\n<meta name=\"twitter:label1\" content=\"Est. reading time\" \/>\n\t<meta name=\"twitter:data1\" content=\"1 minute\" \/>\n<script type=\"application\/ld+json\" class=\"yoast-schema-graph\">{\"@context\":\"https:\\\/\\\/schema.org\",\"@graph\":[{\"@type\":[\"WebPage\",\"ItemPage\"],\"@id\":\"https:\\\/\\\/fast-gas.com\\\/hr\\\/proizvod\\\/regulator-tlaka\\\/\",\"url\":\"https:\\\/\\\/fast-gas.com\\\/hr\\\/proizvod\\\/regulator-tlaka\\\/\",\"name\":\"FastGas regulator tlaka: upravljajte pritiskom u svojim punja\u010dima za \u0161lag | FastGas\",\"isPartOf\":{\"@id\":\"https:\\\/\\\/fast-gas.com\\\/hr\\\/#website\"},\"primaryImageOfPage\":{\"@id\":\"https:\\\/\\\/fast-gas.com\\\/hr\\\/proizvod\\\/regulator-tlaka\\\/#primaryimage\"},\"image\":{\"@id\":\"https:\\\/\\\/fast-gas.com\\\/hr\\\/proizvod\\\/regulator-tlaka\\\/#primaryimage\"},\"thumbnailUrl\":\"https:\\\/\\\/fast-gas.com\\\/wp-content\\\/uploads\\\/2025\\\/03\\\/Pressure-Regulator-transparent.png\",\"datePublished\":\"2025-03-18T12:32:53+00:00\",\"dateModified\":\"2025-10-30T15:07:30+00:00\",\"description\":\"Izmjerite tlak u punja\u010dima za \u0161lag i smanjite otpad pomo\u0107u FastGas regulatora tlaka. Postignite dosljedne, optimalne rezultate pri svakoj upotrebi.\",\"breadcrumb\":{\"@id\":\"https:\\\/\\\/fast-gas.com\\\/hr\\\/proizvod\\\/regulator-tlaka\\\/#breadcrumb\"},\"inLanguage\":\"hr\",\"potentialAction\":[{\"@type\":\"ReadAction\",\"target\":[\"https:\\\/\\\/fast-gas.com\\\/hr\\\/proizvod\\\/regulator-tlaka\\\/\"]}]},{\"@type\":\"ImageObject\",\"inLanguage\":\"hr\",\"@id\":\"https:\\\/\\\/fast-gas.com\\\/hr\\\/proizvod\\\/regulator-tlaka\\\/#primaryimage\",\"url\":\"https:\\\/\\\/fast-gas.com\\\/wp-content\\\/uploads\\\/2025\\\/03\\\/Pressure-Regulator-transparent.png\",\"contentUrl\":\"https:\\\/\\\/fast-gas.com\\\/wp-content\\\/uploads\\\/2025\\\/03\\\/Pressure-Regulator-transparent.png\",\"width\":1000,\"height\":1000},{\"@type\":\"BreadcrumbList\",\"@id\":\"https:\\\/\\\/fast-gas.com\\\/hr\\\/proizvod\\\/regulator-tlaka\\\/#breadcrumb\",\"itemListElement\":[{\"@type\":\"ListItem\",\"position\":1,\"name\":\"Home\",\"item\":\"https:\\\/\\\/fast-gas.com\\\/hr\\\/\"},{\"@type\":\"ListItem\",\"position\":2,\"name\":\"Regulator Tlaka\"}]},{\"@type\":\"WebSite\",\"@id\":\"https:\\\/\\\/fast-gas.com\\\/hr\\\/#website\",\"url\":\"https:\\\/\\\/fast-gas.com\\\/hr\\\/\",\"name\":\"FastGas\",\"description\":\"N2O Cream Chargers\",\"publisher\":{\"@id\":\"https:\\\/\\\/fast-gas.com\\\/hr\\\/#organization\"},\"potentialAction\":[{\"@type\":\"SearchAction\",\"target\":{\"@type\":\"EntryPoint\",\"urlTemplate\":\"https:\\\/\\\/fast-gas.com\\\/hr\\\/?s={search_term_string}\"},\"query-input\":{\"@type\":\"PropertyValueSpecification\",\"valueRequired\":true,\"valueName\":\"search_term_string\"}}],\"inLanguage\":\"hr\"},{\"@type\":\"Organization\",\"@id\":\"https:\\\/\\\/fast-gas.com\\\/hr\\\/#organization\",\"name\":\"FastGas - Helium, CO2 & N2O Wholesale\",\"alternateName\":\"Fast Gas\",\"url\":\"https:\\\/\\\/fast-gas.com\\\/hr\\\/\",\"logo\":{\"@type\":\"ImageObject\",\"inLanguage\":\"hr\",\"@id\":\"https:\\\/\\\/fast-gas.com\\\/hr\\\/#\\\/schema\\\/logo\\\/image\\\/\",\"url\":\"https:\\\/\\\/fast-gas.com\\\/wp-content\\\/uploads\\\/2025\\\/03\\\/cropped-Fastgas-Favicon.png\",\"contentUrl\":\"https:\\\/\\\/fast-gas.com\\\/wp-content\\\/uploads\\\/2025\\\/03\\\/cropped-Fastgas-Favicon.png\",\"width\":512,\"height\":512,\"caption\":\"FastGas - Helium, CO2 & N2O Wholesale\"},\"image\":{\"@id\":\"https:\\\/\\\/fast-gas.com\\\/hr\\\/#\\\/schema\\\/logo\\\/image\\\/\"},\"sameAs\":[\"https:\\\/\\\/facebook.com\\\/wearefastgas\",\"https:\\\/\\\/www.youtube.com\\\/channel\\\/UCV5w9vrihWFu0yM7SZzQfVQ\\\/videos\",\"https:\\\/\\\/instagram.com\\\/fastgas.official\"]}]}<\/script>\n<!-- \/ Yoast SEO plugin. -->","yoast_head_json":{"title":"FastGas regulator tlaka: upravljajte pritiskom u svojim punja\u010dima za \u0161lag | FastGas","description":"Izmjerite tlak u punja\u010dima za \u0161lag i smanjite otpad pomo\u0107u FastGas regulatora tlaka. Postignite dosljedne, optimalne rezultate pri svakoj upotrebi.","robots":{"index":"index","follow":"follow","max-snippet":"max-snippet:-1","max-image-preview":"max-image-preview:large","max-video-preview":"max-video-preview:-1"},"canonical":"https:\/\/fast-gas.com\/hr\/proizvod\/regulator-tlaka\/","og_locale":"hr_HR","og_type":"article","og_title":"FastGas regulator tlaka: upravljajte pritiskom u svojim punja\u010dima za \u0161lag | FastGas","og_description":"Izmjerite tlak u punja\u010dima za \u0161lag i smanjite otpad pomo\u0107u FastGas regulatora tlaka. Postignite dosljedne, optimalne rezultate pri svakoj upotrebi.","og_url":"https:\/\/fast-gas.com\/hr\/proizvod\/regulator-tlaka\/","og_site_name":"FastGas","article_publisher":"https:\/\/facebook.com\/wearefastgas","article_modified_time":"2025-10-30T15:07:30+00:00","og_image":[{"width":1000,"height":1000,"url":"https:\/\/fast-gas.com\/wp-content\/uploads\/2025\/03\/Pressure-Regulator-transparent.png","type":"image\/png"}],"twitter_card":"summary_large_image","twitter_misc":{"Est. reading time":"1 minute"},"schema":{"@context":"https:\/\/schema.org","@graph":[{"@type":["WebPage","ItemPage"],"@id":"https:\/\/fast-gas.com\/hr\/proizvod\/regulator-tlaka\/","url":"https:\/\/fast-gas.com\/hr\/proizvod\/regulator-tlaka\/","name":"FastGas regulator tlaka: upravljajte pritiskom u svojim punja\u010dima za \u0161lag | FastGas","isPartOf":{"@id":"https:\/\/fast-gas.com\/hr\/#website"},"primaryImageOfPage":{"@id":"https:\/\/fast-gas.com\/hr\/proizvod\/regulator-tlaka\/#primaryimage"},"image":{"@id":"https:\/\/fast-gas.com\/hr\/proizvod\/regulator-tlaka\/#primaryimage"},"thumbnailUrl":"https:\/\/fast-gas.com\/wp-content\/uploads\/2025\/03\/Pressure-Regulator-transparent.png","datePublished":"2025-03-18T12:32:53+00:00","dateModified":"2025-10-30T15:07:30+00:00","description":"Izmjerite tlak u punja\u010dima za \u0161lag i smanjite otpad pomo\u0107u FastGas regulatora tlaka. Postignite dosljedne, optimalne rezultate pri svakoj upotrebi.","breadcrumb":{"@id":"https:\/\/fast-gas.com\/hr\/proizvod\/regulator-tlaka\/#breadcrumb"},"inLanguage":"hr","potentialAction":[{"@type":"ReadAction","target":["https:\/\/fast-gas.com\/hr\/proizvod\/regulator-tlaka\/"]}]},{"@type":"ImageObject","inLanguage":"hr","@id":"https:\/\/fast-gas.com\/hr\/proizvod\/regulator-tlaka\/#primaryimage","url":"https:\/\/fast-gas.com\/wp-content\/uploads\/2025\/03\/Pressure-Regulator-transparent.png","contentUrl":"https:\/\/fast-gas.com\/wp-content\/uploads\/2025\/03\/Pressure-Regulator-transparent.png","width":1000,"height":1000},{"@type":"BreadcrumbList","@id":"https:\/\/fast-gas.com\/hr\/proizvod\/regulator-tlaka\/#breadcrumb","itemListElement":[{"@type":"ListItem","position":1,"name":"Home","item":"https:\/\/fast-gas.com\/hr\/"},{"@type":"ListItem","position":2,"name":"Regulator Tlaka"}]},{"@type":"WebSite","@id":"https:\/\/fast-gas.com\/hr\/#website","url":"https:\/\/fast-gas.com\/hr\/","name":"FastGas","description":"N2O Cream Chargers","publisher":{"@id":"https:\/\/fast-gas.com\/hr\/#organization"},"potentialAction":[{"@type":"SearchAction","target":{"@type":"EntryPoint","urlTemplate":"https:\/\/fast-gas.com\/hr\/?s={search_term_string}"},"query-input":{"@type":"PropertyValueSpecification","valueRequired":true,"valueName":"search_term_string"}}],"inLanguage":"hr"},{"@type":"Organization","@id":"https:\/\/fast-gas.com\/hr\/#organization","name":"FastGas - Helium, CO2 & N2O Wholesale","alternateName":"Fast Gas","url":"https:\/\/fast-gas.com\/hr\/","logo":{"@type":"ImageObject","inLanguage":"hr","@id":"https:\/\/fast-gas.com\/hr\/#\/schema\/logo\/image\/","url":"https:\/\/fast-gas.com\/wp-content\/uploads\/2025\/03\/cropped-Fastgas-Favicon.png","contentUrl":"https:\/\/fast-gas.com\/wp-content\/uploads\/2025\/03\/cropped-Fastgas-Favicon.png","width":512,"height":512,"caption":"FastGas - Helium, CO2 & N2O Wholesale"},"image":{"@id":"https:\/\/fast-gas.com\/hr\/#\/schema\/logo\/image\/"},"sameAs":["https:\/\/facebook.com\/wearefastgas","https:\/\/www.youtube.com\/channel\/UCV5w9vrihWFu0yM7SZzQfVQ\/videos","https:\/\/instagram.com\/fastgas.official"]}]}},"_links":{"self":[{"href":"https:\/\/fast-gas.com\/hr\/wp-json\/wp\/v2\/product\/42140","targetHints":{"allow":["GET"]}}],"collection":[{"href":"https:\/\/fast-gas.com\/hr\/wp-json\/wp\/v2\/product"}],"about":[{"href":"https:\/\/fast-gas.com\/hr\/wp-json\/wp\/v2\/types\/product"}],"wp:featuredmedia":[{"embeddable":true,"href":"https:\/\/fast-gas.com\/hr\/wp-json\/wp\/v2\/media\/42743"}],"wp:attachment":[{"href":"https:\/\/fast-gas.com\/hr\/wp-json\/wp\/v2\/media?parent=42140"}],"wp:term":[{"taxonomy":"product_brand","embeddable":true,"href":"https:\/\/fast-gas.com\/hr\/wp-json\/wp\/v2\/product_brand?post=42140"},{"taxonomy":"product_cat","embeddable":true,"href":"https:\/\/fast-gas.com\/hr\/wp-json\/wp\/v2\/product_cat?post=42140"},{"taxonomy":"product_tag","embeddable":true,"href":"https:\/\/fast-gas.com\/hr\/wp-json\/wp\/v2\/product_tag?post=42140"}],"curies":[{"name":"wp","href":"https:\/\/api.w.org\/{rel}","templated":true}]}}