{"id":42129,"date":"2025-03-18T13:26:42","date_gmt":"2025-03-18T12:26:42","guid":{"rendered":"https:\/\/staging.fast-gas.com\/?post_type=product&#038;p=42129"},"modified":"2025-10-30T15:59:58","modified_gmt":"2025-10-30T14:59:58","slug":"sifon-za-slag","status":"publish","type":"product","link":"https:\/\/fast-gas.com\/hr\/proizvod\/sifon-za-slag\/","title":{"rendered":"Sifon"},"excerpt":{"rendered":"<p>FastGas krem sifon je dizajniran za izdavanje finalnog proizvoda: \u0161lagova, espuma i pjena na va\u0161im kulinarskim ili barskim kreacijama.<\/p>\n<p>Kompatibilan s FastGas Creamerom i FastGas regulatorom tlaka, kao i ve\u0107inom industrijskih standarda.<\/p>\n<p>Pogodan samo za hladne smjese.<\/p>\n","protected":false},"featured_media":42731,"template":"","meta":{"_acf_changed":false},"product_brand":[],"product_cat":[439,438,503],"product_tag":[],"class_list":{"0":"post-42129","1":"product","2":"type-product","3":"status-publish","4":"has-post-thumbnail","6":"product_cat-dusikov-oksid-hr","7":"product_cat-kapsule-za-slag-hr","8":"product_cat-svi","10":"first","11":"instock","12":"taxable","13":"shipping-taxable","14":"product-type-simple"},"acf":[],"yoast_head":"<!-- This site is optimized with the Yoast SEO plugin v27.4 - https:\/\/yoast.com\/product\/yoast-seo-wordpress\/ -->\n<title>FastGas sifon za vrhnje: savr\u0161ene pjene i \u0161lag | FastGas<\/title>\n<meta name=\"description\" content=\"Unaprijedite svoje kulinarske ili barske kreacije uz FastGas sifon za vrhnje\u2014savr\u0161en za \u0161lag, pjene i espume. Namijenjen isklju\u010divo hladnim mje\u0161avinama.\" \/>\n<meta name=\"robots\" content=\"index, follow, max-snippet:-1, max-image-preview:large, max-video-preview:-1\" \/>\n<link rel=\"canonical\" href=\"https:\/\/fast-gas.com\/hr\/proizvod\/sifon-za-slag\/\" \/>\n<meta property=\"og:locale\" content=\"hr_HR\" \/>\n<meta property=\"og:type\" content=\"article\" \/>\n<meta property=\"og:title\" content=\"FastGas sifon za vrhnje: savr\u0161ene pjene i \u0161lag | FastGas\" \/>\n<meta property=\"og:description\" content=\"Unaprijedite svoje kulinarske ili barske kreacije uz FastGas sifon za vrhnje\u2014savr\u0161en za \u0161lag, pjene i espume. Namijenjen isklju\u010divo hladnim mje\u0161avinama.\" \/>\n<meta property=\"og:url\" content=\"https:\/\/fast-gas.com\/hr\/proizvod\/sifon-za-slag\/\" \/>\n<meta property=\"og:site_name\" content=\"FastGas\" \/>\n<meta property=\"article:publisher\" content=\"https:\/\/facebook.com\/wearefastgas\" \/>\n<meta property=\"article:modified_time\" content=\"2025-10-30T14:59:58+00:00\" \/>\n<meta property=\"og:image\" content=\"https:\/\/fast-gas.com\/wp-content\/uploads\/2025\/03\/3.png\" \/>\n\t<meta property=\"og:image:width\" content=\"750\" \/>\n\t<meta property=\"og:image:height\" content=\"750\" \/>\n\t<meta property=\"og:image:type\" content=\"image\/png\" \/>\n<meta name=\"twitter:card\" content=\"summary_large_image\" \/>\n<meta name=\"twitter:label1\" content=\"Est. reading time\" \/>\n\t<meta name=\"twitter:data1\" content=\"1 minute\" \/>\n<script type=\"application\/ld+json\" class=\"yoast-schema-graph\">{\"@context\":\"https:\\\/\\\/schema.org\",\"@graph\":[{\"@type\":[\"WebPage\",\"ItemPage\"],\"@id\":\"https:\\\/\\\/fast-gas.com\\\/hr\\\/proizvod\\\/sifon-za-slag\\\/\",\"url\":\"https:\\\/\\\/fast-gas.com\\\/hr\\\/proizvod\\\/sifon-za-slag\\\/\",\"name\":\"FastGas sifon za vrhnje: savr\u0161ene pjene i \u0161lag | FastGas\",\"isPartOf\":{\"@id\":\"https:\\\/\\\/fast-gas.com\\\/hr\\\/#website\"},\"primaryImageOfPage\":{\"@id\":\"https:\\\/\\\/fast-gas.com\\\/hr\\\/proizvod\\\/sifon-za-slag\\\/#primaryimage\"},\"image\":{\"@id\":\"https:\\\/\\\/fast-gas.com\\\/hr\\\/proizvod\\\/sifon-za-slag\\\/#primaryimage\"},\"thumbnailUrl\":\"https:\\\/\\\/fast-gas.com\\\/wp-content\\\/uploads\\\/2025\\\/03\\\/3.png\",\"datePublished\":\"2025-03-18T12:26:42+00:00\",\"dateModified\":\"2025-10-30T14:59:58+00:00\",\"description\":\"Unaprijedite svoje kulinarske ili barske kreacije uz FastGas sifon za vrhnje\u2014savr\u0161en za \u0161lag, pjene i espume. Namijenjen isklju\u010divo hladnim mje\u0161avinama.\",\"breadcrumb\":{\"@id\":\"https:\\\/\\\/fast-gas.com\\\/hr\\\/proizvod\\\/sifon-za-slag\\\/#breadcrumb\"},\"inLanguage\":\"hr\",\"potentialAction\":[{\"@type\":\"ReadAction\",\"target\":[\"https:\\\/\\\/fast-gas.com\\\/hr\\\/proizvod\\\/sifon-za-slag\\\/\"]}]},{\"@type\":\"ImageObject\",\"inLanguage\":\"hr\",\"@id\":\"https:\\\/\\\/fast-gas.com\\\/hr\\\/proizvod\\\/sifon-za-slag\\\/#primaryimage\",\"url\":\"https:\\\/\\\/fast-gas.com\\\/wp-content\\\/uploads\\\/2025\\\/03\\\/3.png\",\"contentUrl\":\"https:\\\/\\\/fast-gas.com\\\/wp-content\\\/uploads\\\/2025\\\/03\\\/3.png\",\"width\":750,\"height\":750},{\"@type\":\"BreadcrumbList\",\"@id\":\"https:\\\/\\\/fast-gas.com\\\/hr\\\/proizvod\\\/sifon-za-slag\\\/#breadcrumb\",\"itemListElement\":[{\"@type\":\"ListItem\",\"position\":1,\"name\":\"Home\",\"item\":\"https:\\\/\\\/fast-gas.com\\\/hr\\\/\"},{\"@type\":\"ListItem\",\"position\":2,\"name\":\"Sifon\"}]},{\"@type\":\"WebSite\",\"@id\":\"https:\\\/\\\/fast-gas.com\\\/hr\\\/#website\",\"url\":\"https:\\\/\\\/fast-gas.com\\\/hr\\\/\",\"name\":\"FastGas\",\"description\":\"N2O Cream Chargers\",\"publisher\":{\"@id\":\"https:\\\/\\\/fast-gas.com\\\/hr\\\/#organization\"},\"potentialAction\":[{\"@type\":\"SearchAction\",\"target\":{\"@type\":\"EntryPoint\",\"urlTemplate\":\"https:\\\/\\\/fast-gas.com\\\/hr\\\/?s={search_term_string}\"},\"query-input\":{\"@type\":\"PropertyValueSpecification\",\"valueRequired\":true,\"valueName\":\"search_term_string\"}}],\"inLanguage\":\"hr\"},{\"@type\":\"Organization\",\"@id\":\"https:\\\/\\\/fast-gas.com\\\/hr\\\/#organization\",\"name\":\"FastGas - Helium, CO2 & N2O Wholesale\",\"alternateName\":\"Fast Gas\",\"url\":\"https:\\\/\\\/fast-gas.com\\\/hr\\\/\",\"logo\":{\"@type\":\"ImageObject\",\"inLanguage\":\"hr\",\"@id\":\"https:\\\/\\\/fast-gas.com\\\/hr\\\/#\\\/schema\\\/logo\\\/image\\\/\",\"url\":\"https:\\\/\\\/fast-gas.com\\\/wp-content\\\/uploads\\\/2025\\\/03\\\/cropped-Fastgas-Favicon.png\",\"contentUrl\":\"https:\\\/\\\/fast-gas.com\\\/wp-content\\\/uploads\\\/2025\\\/03\\\/cropped-Fastgas-Favicon.png\",\"width\":512,\"height\":512,\"caption\":\"FastGas - Helium, CO2 & N2O Wholesale\"},\"image\":{\"@id\":\"https:\\\/\\\/fast-gas.com\\\/hr\\\/#\\\/schema\\\/logo\\\/image\\\/\"},\"sameAs\":[\"https:\\\/\\\/facebook.com\\\/wearefastgas\",\"https:\\\/\\\/www.youtube.com\\\/channel\\\/UCV5w9vrihWFu0yM7SZzQfVQ\\\/videos\",\"https:\\\/\\\/instagram.com\\\/fastgas.official\"]}]}<\/script>\n<!-- \/ Yoast SEO plugin. -->","yoast_head_json":{"title":"FastGas sifon za vrhnje: savr\u0161ene pjene i \u0161lag | FastGas","description":"Unaprijedite svoje kulinarske ili barske kreacije uz FastGas sifon za vrhnje\u2014savr\u0161en za \u0161lag, pjene i espume. Namijenjen isklju\u010divo hladnim mje\u0161avinama.","robots":{"index":"index","follow":"follow","max-snippet":"max-snippet:-1","max-image-preview":"max-image-preview:large","max-video-preview":"max-video-preview:-1"},"canonical":"https:\/\/fast-gas.com\/hr\/proizvod\/sifon-za-slag\/","og_locale":"hr_HR","og_type":"article","og_title":"FastGas sifon za vrhnje: savr\u0161ene pjene i \u0161lag | FastGas","og_description":"Unaprijedite svoje kulinarske ili barske kreacije uz FastGas sifon za vrhnje\u2014savr\u0161en za \u0161lag, pjene i espume. Namijenjen isklju\u010divo hladnim mje\u0161avinama.","og_url":"https:\/\/fast-gas.com\/hr\/proizvod\/sifon-za-slag\/","og_site_name":"FastGas","article_publisher":"https:\/\/facebook.com\/wearefastgas","article_modified_time":"2025-10-30T14:59:58+00:00","og_image":[{"width":750,"height":750,"url":"https:\/\/fast-gas.com\/wp-content\/uploads\/2025\/03\/3.png","type":"image\/png"}],"twitter_card":"summary_large_image","twitter_misc":{"Est. reading time":"1 minute"},"schema":{"@context":"https:\/\/schema.org","@graph":[{"@type":["WebPage","ItemPage"],"@id":"https:\/\/fast-gas.com\/hr\/proizvod\/sifon-za-slag\/","url":"https:\/\/fast-gas.com\/hr\/proizvod\/sifon-za-slag\/","name":"FastGas sifon za vrhnje: savr\u0161ene pjene i \u0161lag | FastGas","isPartOf":{"@id":"https:\/\/fast-gas.com\/hr\/#website"},"primaryImageOfPage":{"@id":"https:\/\/fast-gas.com\/hr\/proizvod\/sifon-za-slag\/#primaryimage"},"image":{"@id":"https:\/\/fast-gas.com\/hr\/proizvod\/sifon-za-slag\/#primaryimage"},"thumbnailUrl":"https:\/\/fast-gas.com\/wp-content\/uploads\/2025\/03\/3.png","datePublished":"2025-03-18T12:26:42+00:00","dateModified":"2025-10-30T14:59:58+00:00","description":"Unaprijedite svoje kulinarske ili barske kreacije uz FastGas sifon za vrhnje\u2014savr\u0161en za \u0161lag, pjene i espume. Namijenjen isklju\u010divo hladnim mje\u0161avinama.","breadcrumb":{"@id":"https:\/\/fast-gas.com\/hr\/proizvod\/sifon-za-slag\/#breadcrumb"},"inLanguage":"hr","potentialAction":[{"@type":"ReadAction","target":["https:\/\/fast-gas.com\/hr\/proizvod\/sifon-za-slag\/"]}]},{"@type":"ImageObject","inLanguage":"hr","@id":"https:\/\/fast-gas.com\/hr\/proizvod\/sifon-za-slag\/#primaryimage","url":"https:\/\/fast-gas.com\/wp-content\/uploads\/2025\/03\/3.png","contentUrl":"https:\/\/fast-gas.com\/wp-content\/uploads\/2025\/03\/3.png","width":750,"height":750},{"@type":"BreadcrumbList","@id":"https:\/\/fast-gas.com\/hr\/proizvod\/sifon-za-slag\/#breadcrumb","itemListElement":[{"@type":"ListItem","position":1,"name":"Home","item":"https:\/\/fast-gas.com\/hr\/"},{"@type":"ListItem","position":2,"name":"Sifon"}]},{"@type":"WebSite","@id":"https:\/\/fast-gas.com\/hr\/#website","url":"https:\/\/fast-gas.com\/hr\/","name":"FastGas","description":"N2O Cream Chargers","publisher":{"@id":"https:\/\/fast-gas.com\/hr\/#organization"},"potentialAction":[{"@type":"SearchAction","target":{"@type":"EntryPoint","urlTemplate":"https:\/\/fast-gas.com\/hr\/?s={search_term_string}"},"query-input":{"@type":"PropertyValueSpecification","valueRequired":true,"valueName":"search_term_string"}}],"inLanguage":"hr"},{"@type":"Organization","@id":"https:\/\/fast-gas.com\/hr\/#organization","name":"FastGas - Helium, CO2 & N2O Wholesale","alternateName":"Fast Gas","url":"https:\/\/fast-gas.com\/hr\/","logo":{"@type":"ImageObject","inLanguage":"hr","@id":"https:\/\/fast-gas.com\/hr\/#\/schema\/logo\/image\/","url":"https:\/\/fast-gas.com\/wp-content\/uploads\/2025\/03\/cropped-Fastgas-Favicon.png","contentUrl":"https:\/\/fast-gas.com\/wp-content\/uploads\/2025\/03\/cropped-Fastgas-Favicon.png","width":512,"height":512,"caption":"FastGas - Helium, CO2 & N2O Wholesale"},"image":{"@id":"https:\/\/fast-gas.com\/hr\/#\/schema\/logo\/image\/"},"sameAs":["https:\/\/facebook.com\/wearefastgas","https:\/\/www.youtube.com\/channel\/UCV5w9vrihWFu0yM7SZzQfVQ\/videos","https:\/\/instagram.com\/fastgas.official"]}]}},"_links":{"self":[{"href":"https:\/\/fast-gas.com\/hr\/wp-json\/wp\/v2\/product\/42129","targetHints":{"allow":["GET"]}}],"collection":[{"href":"https:\/\/fast-gas.com\/hr\/wp-json\/wp\/v2\/product"}],"about":[{"href":"https:\/\/fast-gas.com\/hr\/wp-json\/wp\/v2\/types\/product"}],"wp:featuredmedia":[{"embeddable":true,"href":"https:\/\/fast-gas.com\/hr\/wp-json\/wp\/v2\/media\/42731"}],"wp:attachment":[{"href":"https:\/\/fast-gas.com\/hr\/wp-json\/wp\/v2\/media?parent=42129"}],"wp:term":[{"taxonomy":"product_brand","embeddable":true,"href":"https:\/\/fast-gas.com\/hr\/wp-json\/wp\/v2\/product_brand?post=42129"},{"taxonomy":"product_cat","embeddable":true,"href":"https:\/\/fast-gas.com\/hr\/wp-json\/wp\/v2\/product_cat?post=42129"},{"taxonomy":"product_tag","embeddable":true,"href":"https:\/\/fast-gas.com\/hr\/wp-json\/wp\/v2\/product_tag?post=42129"}],"curies":[{"name":"wp","href":"https:\/\/api.w.org\/{rel}","templated":true}]}}