{"id":35978,"date":"2024-06-12T13:25:43","date_gmt":"2024-06-12T11:25:43","guid":{"rendered":"https:\/\/fast-gas.com\/?post_type=product&#038;p=35978"},"modified":"2025-10-30T15:48:24","modified_gmt":"2025-10-30T14:48:24","slug":"fastgas-slagac","status":"publish","type":"product","link":"https:\/\/fast-gas.com\/hr\/proizvod\/fastgas-slagac\/","title":{"rendered":"FastGas Creamer"},"excerpt":{"rendered":"<p>Na\u0161 najbolji dodatak za barove i kuhinje.<\/p>\n<p>Inovativni N2O dozator namijenjen za izradu \u0161laga, hladnih pjena i umaka. Kompatibilan s na\u0161om FastGas 670g bocom.<\/p>\n<p>Bilo da ste profesionalac ili eksperimentirate kod ku\u0107e, ure\u0111aj za \u0161lag je dizajniran da potakne va\u0161u kreativnost.<\/p>\n<p>PREPORU\u010cENA CIJENA je 89,90 \u20ac<\/p>\n<p>Sifoni se prodaju zasebno.<\/p>\n","protected":false},"featured_media":42720,"template":"","meta":{"_acf_changed":false},"product_brand":[],"product_cat":[439,438,503],"product_tag":[],"class_list":{"0":"post-35978","1":"product","2":"type-product","3":"status-publish","4":"has-post-thumbnail","6":"product_cat-dusikov-oksid-hr","7":"product_cat-kapsule-za-slag-hr","8":"product_cat-svi","10":"first","11":"instock","12":"taxable","13":"shipping-taxable","14":"product-type-simple"},"acf":[],"yoast_head":"<!-- This site is optimized with the Yoast SEO plugin v27.2 - https:\/\/yoast.com\/product\/yoast-seo-wordpress\/ -->\n<title>FastGas kremirka| FastGas<\/title>\n<meta name=\"description\" content=\"FastGas kremirka je inovativni dozirnik N2O prilago\u0111en za stvaranje \u0161laga, espuma za koktele, pjena i umaka.\" \/>\n<meta name=\"robots\" content=\"index, follow, max-snippet:-1, max-image-preview:large, max-video-preview:-1\" \/>\n<link rel=\"canonical\" href=\"https:\/\/fast-gas.com\/hr\/proizvod\/fastgas-slagac\/\" \/>\n<meta property=\"og:locale\" content=\"hr_HR\" \/>\n<meta property=\"og:type\" content=\"article\" \/>\n<meta property=\"og:title\" content=\"FastGas kremirka| FastGas\" \/>\n<meta property=\"og:description\" content=\"FastGas kremirka je inovativni dozirnik N2O prilago\u0111en za stvaranje \u0161laga, espuma za koktele, pjena i umaka.\" \/>\n<meta property=\"og:url\" content=\"https:\/\/fast-gas.com\/hr\/proizvod\/fastgas-slagac\/\" \/>\n<meta property=\"og:site_name\" content=\"FastGas\" \/>\n<meta property=\"article:publisher\" content=\"https:\/\/facebook.com\/wearefastgas\" \/>\n<meta property=\"article:modified_time\" content=\"2025-10-30T14:48:24+00:00\" \/>\n<meta property=\"og:image\" content=\"https:\/\/fast-gas.com\/wp-content\/uploads\/2024\/06\/fg-new-branding-670-original.png\" \/>\n\t<meta property=\"og:image:width\" content=\"750\" \/>\n\t<meta property=\"og:image:height\" content=\"750\" \/>\n\t<meta property=\"og:image:type\" content=\"image\/png\" \/>\n<meta name=\"twitter:card\" content=\"summary_large_image\" \/>\n<meta name=\"twitter:label1\" content=\"Est. reading time\" \/>\n\t<meta name=\"twitter:data1\" content=\"1 minute\" \/>\n<script type=\"application\/ld+json\" class=\"yoast-schema-graph\">{\"@context\":\"https:\/\/schema.org\",\"@graph\":[{\"@type\":[\"WebPage\",\"ItemPage\"],\"@id\":\"https:\/\/fast-gas.com\/hr\/proizvod\/fastgas-slagac\/\",\"url\":\"https:\/\/fast-gas.com\/hr\/proizvod\/fastgas-slagac\/\",\"name\":\"FastGas kremirka| FastGas\",\"isPartOf\":{\"@id\":\"https:\/\/fast-gas.com\/hr\/#website\"},\"primaryImageOfPage\":{\"@id\":\"https:\/\/fast-gas.com\/hr\/proizvod\/fastgas-slagac\/#primaryimage\"},\"image\":{\"@id\":\"https:\/\/fast-gas.com\/hr\/proizvod\/fastgas-slagac\/#primaryimage\"},\"thumbnailUrl\":\"https:\/\/fast-gas.com\/wp-content\/uploads\/2024\/06\/fg-new-branding-670-original.png\",\"datePublished\":\"2024-06-12T11:25:43+00:00\",\"dateModified\":\"2025-10-30T14:48:24+00:00\",\"description\":\"FastGas kremirka je inovativni dozirnik N2O prilago\u0111en za stvaranje \u0161laga, espuma za koktele, pjena i umaka.\",\"breadcrumb\":{\"@id\":\"https:\/\/fast-gas.com\/hr\/proizvod\/fastgas-slagac\/#breadcrumb\"},\"inLanguage\":\"hr\",\"potentialAction\":[{\"@type\":\"ReadAction\",\"target\":[\"https:\/\/fast-gas.com\/hr\/proizvod\/fastgas-slagac\/\"]}]},{\"@type\":\"ImageObject\",\"inLanguage\":\"hr\",\"@id\":\"https:\/\/fast-gas.com\/hr\/proizvod\/fastgas-slagac\/#primaryimage\",\"url\":\"https:\/\/fast-gas.com\/wp-content\/uploads\/2024\/06\/fg-new-branding-670-original.png\",\"contentUrl\":\"https:\/\/fast-gas.com\/wp-content\/uploads\/2024\/06\/fg-new-branding-670-original.png\",\"width\":750,\"height\":750},{\"@type\":\"BreadcrumbList\",\"@id\":\"https:\/\/fast-gas.com\/hr\/proizvod\/fastgas-slagac\/#breadcrumb\",\"itemListElement\":[{\"@type\":\"ListItem\",\"position\":1,\"name\":\"Home\",\"item\":\"https:\/\/fast-gas.com\/hr\/\"},{\"@type\":\"ListItem\",\"position\":2,\"name\":\"FastGas Creamer\"}]},{\"@type\":\"WebSite\",\"@id\":\"https:\/\/fast-gas.com\/hr\/#website\",\"url\":\"https:\/\/fast-gas.com\/hr\/\",\"name\":\"FastGas\",\"description\":\"N2O Cream Chargers\",\"publisher\":{\"@id\":\"https:\/\/fast-gas.com\/hr\/#organization\"},\"potentialAction\":[{\"@type\":\"SearchAction\",\"target\":{\"@type\":\"EntryPoint\",\"urlTemplate\":\"https:\/\/fast-gas.com\/hr\/?s={search_term_string}\"},\"query-input\":{\"@type\":\"PropertyValueSpecification\",\"valueRequired\":true,\"valueName\":\"search_term_string\"}}],\"inLanguage\":\"hr\"},{\"@type\":\"Organization\",\"@id\":\"https:\/\/fast-gas.com\/hr\/#organization\",\"name\":\"FastGas - Helium, CO2 & N2O Wholesale\",\"alternateName\":\"Fast Gas\",\"url\":\"https:\/\/fast-gas.com\/hr\/\",\"logo\":{\"@type\":\"ImageObject\",\"inLanguage\":\"hr\",\"@id\":\"https:\/\/fast-gas.com\/hr\/#\/schema\/logo\/image\/\",\"url\":\"https:\/\/fast-gas.com\/wp-content\/uploads\/2025\/03\/cropped-Fastgas-Favicon.png\",\"contentUrl\":\"https:\/\/fast-gas.com\/wp-content\/uploads\/2025\/03\/cropped-Fastgas-Favicon.png\",\"width\":512,\"height\":512,\"caption\":\"FastGas - Helium, CO2 & N2O Wholesale\"},\"image\":{\"@id\":\"https:\/\/fast-gas.com\/hr\/#\/schema\/logo\/image\/\"},\"sameAs\":[\"https:\/\/facebook.com\/wearefastgas\",\"https:\/\/www.youtube.com\/channel\/UCV5w9vrihWFu0yM7SZzQfVQ\/videos\",\"https:\/\/instagram.com\/fastgas.official\"]}]}<\/script>\n<!-- \/ Yoast SEO plugin. -->","yoast_head_json":{"title":"FastGas kremirka| FastGas","description":"FastGas kremirka je inovativni dozirnik N2O prilago\u0111en za stvaranje \u0161laga, espuma za koktele, pjena i umaka.","robots":{"index":"index","follow":"follow","max-snippet":"max-snippet:-1","max-image-preview":"max-image-preview:large","max-video-preview":"max-video-preview:-1"},"canonical":"https:\/\/fast-gas.com\/hr\/proizvod\/fastgas-slagac\/","og_locale":"hr_HR","og_type":"article","og_title":"FastGas kremirka| FastGas","og_description":"FastGas kremirka je inovativni dozirnik N2O prilago\u0111en za stvaranje \u0161laga, espuma za koktele, pjena i umaka.","og_url":"https:\/\/fast-gas.com\/hr\/proizvod\/fastgas-slagac\/","og_site_name":"FastGas","article_publisher":"https:\/\/facebook.com\/wearefastgas","article_modified_time":"2025-10-30T14:48:24+00:00","og_image":[{"width":750,"height":750,"url":"https:\/\/fast-gas.com\/wp-content\/uploads\/2024\/06\/fg-new-branding-670-original.png","type":"image\/png"}],"twitter_card":"summary_large_image","twitter_misc":{"Est. reading time":"1 minute"},"schema":{"@context":"https:\/\/schema.org","@graph":[{"@type":["WebPage","ItemPage"],"@id":"https:\/\/fast-gas.com\/hr\/proizvod\/fastgas-slagac\/","url":"https:\/\/fast-gas.com\/hr\/proizvod\/fastgas-slagac\/","name":"FastGas kremirka| FastGas","isPartOf":{"@id":"https:\/\/fast-gas.com\/hr\/#website"},"primaryImageOfPage":{"@id":"https:\/\/fast-gas.com\/hr\/proizvod\/fastgas-slagac\/#primaryimage"},"image":{"@id":"https:\/\/fast-gas.com\/hr\/proizvod\/fastgas-slagac\/#primaryimage"},"thumbnailUrl":"https:\/\/fast-gas.com\/wp-content\/uploads\/2024\/06\/fg-new-branding-670-original.png","datePublished":"2024-06-12T11:25:43+00:00","dateModified":"2025-10-30T14:48:24+00:00","description":"FastGas kremirka je inovativni dozirnik N2O prilago\u0111en za stvaranje \u0161laga, espuma za koktele, pjena i umaka.","breadcrumb":{"@id":"https:\/\/fast-gas.com\/hr\/proizvod\/fastgas-slagac\/#breadcrumb"},"inLanguage":"hr","potentialAction":[{"@type":"ReadAction","target":["https:\/\/fast-gas.com\/hr\/proizvod\/fastgas-slagac\/"]}]},{"@type":"ImageObject","inLanguage":"hr","@id":"https:\/\/fast-gas.com\/hr\/proizvod\/fastgas-slagac\/#primaryimage","url":"https:\/\/fast-gas.com\/wp-content\/uploads\/2024\/06\/fg-new-branding-670-original.png","contentUrl":"https:\/\/fast-gas.com\/wp-content\/uploads\/2024\/06\/fg-new-branding-670-original.png","width":750,"height":750},{"@type":"BreadcrumbList","@id":"https:\/\/fast-gas.com\/hr\/proizvod\/fastgas-slagac\/#breadcrumb","itemListElement":[{"@type":"ListItem","position":1,"name":"Home","item":"https:\/\/fast-gas.com\/hr\/"},{"@type":"ListItem","position":2,"name":"FastGas Creamer"}]},{"@type":"WebSite","@id":"https:\/\/fast-gas.com\/hr\/#website","url":"https:\/\/fast-gas.com\/hr\/","name":"FastGas","description":"N2O Cream Chargers","publisher":{"@id":"https:\/\/fast-gas.com\/hr\/#organization"},"potentialAction":[{"@type":"SearchAction","target":{"@type":"EntryPoint","urlTemplate":"https:\/\/fast-gas.com\/hr\/?s={search_term_string}"},"query-input":{"@type":"PropertyValueSpecification","valueRequired":true,"valueName":"search_term_string"}}],"inLanguage":"hr"},{"@type":"Organization","@id":"https:\/\/fast-gas.com\/hr\/#organization","name":"FastGas - Helium, CO2 & N2O Wholesale","alternateName":"Fast Gas","url":"https:\/\/fast-gas.com\/hr\/","logo":{"@type":"ImageObject","inLanguage":"hr","@id":"https:\/\/fast-gas.com\/hr\/#\/schema\/logo\/image\/","url":"https:\/\/fast-gas.com\/wp-content\/uploads\/2025\/03\/cropped-Fastgas-Favicon.png","contentUrl":"https:\/\/fast-gas.com\/wp-content\/uploads\/2025\/03\/cropped-Fastgas-Favicon.png","width":512,"height":512,"caption":"FastGas - Helium, CO2 & N2O Wholesale"},"image":{"@id":"https:\/\/fast-gas.com\/hr\/#\/schema\/logo\/image\/"},"sameAs":["https:\/\/facebook.com\/wearefastgas","https:\/\/www.youtube.com\/channel\/UCV5w9vrihWFu0yM7SZzQfVQ\/videos","https:\/\/instagram.com\/fastgas.official"]}]}},"_links":{"self":[{"href":"https:\/\/fast-gas.com\/hr\/wp-json\/wp\/v2\/product\/35978","targetHints":{"allow":["GET"]}}],"collection":[{"href":"https:\/\/fast-gas.com\/hr\/wp-json\/wp\/v2\/product"}],"about":[{"href":"https:\/\/fast-gas.com\/hr\/wp-json\/wp\/v2\/types\/product"}],"wp:featuredmedia":[{"embeddable":true,"href":"https:\/\/fast-gas.com\/hr\/wp-json\/wp\/v2\/media\/42720"}],"wp:attachment":[{"href":"https:\/\/fast-gas.com\/hr\/wp-json\/wp\/v2\/media?parent=35978"}],"wp:term":[{"taxonomy":"product_brand","embeddable":true,"href":"https:\/\/fast-gas.com\/hr\/wp-json\/wp\/v2\/product_brand?post=35978"},{"taxonomy":"product_cat","embeddable":true,"href":"https:\/\/fast-gas.com\/hr\/wp-json\/wp\/v2\/product_cat?post=35978"},{"taxonomy":"product_tag","embeddable":true,"href":"https:\/\/fast-gas.com\/hr\/wp-json\/wp\/v2\/product_tag?post=35978"}],"curies":[{"name":"wp","href":"https:\/\/api.w.org\/{rel}","templated":true}]}}