{"id":33925,"date":"2023-08-17T08:27:33","date_gmt":"2023-08-17T06:27:33","guid":{"rendered":"https:\/\/fast-gas.com\/product\/fastgas-original-nitrous-oxide-cylinder-2000-grams\/"},"modified":"2025-10-30T16:21:43","modified_gmt":"2025-10-30T15:21:43","slug":"fastgas-original-bocica-s-dusikovim-oksidom-2000-grama","status":"publish","type":"product","link":"https:\/\/fast-gas.com\/hr\/proizvod\/fastgas-original-bocica-s-dusikovim-oksidom-2000-grama\/","title":{"rendered":"FastGas Punja\u010d Za \u0161lag Original 2000g"},"excerpt":{"rendered":"<p>Na\u0161a najve\u0107a kapaciteta bo\u010dice dolazi u prakti\u010dnoj veli\u010dini i s korisnom trakom za no\u0161enje.<\/p>\n<p>Napunjena do kapaciteta kvalitetnim europskim du\u0161ikovim oksidom i proizvedena pod stro\u017eim sigurnosnim protokolima.<\/p>\n<p>FastGas stvara najpuhastiju \u0161lag kremu, espume za koktele, umake i jo\u0161 mnogo toga.<\/p>\n<p>Novi dizajn uklju\u010duje kontrolni QR kod. <a href=\"https:\/\/fast-gas.com\/hr\/verify\/\">Saznajte kako provjeriti svoju bocu<\/a>.<\/p>\n<p><strong>*Svaka paleta od 2kg sadr\u017ei 162 kutije (1 kanistar po kutiji)<\/strong><\/p>\n","protected":false},"featured_media":47712,"template":"","meta":{"_acf_changed":false},"product_brand":[],"product_cat":[439,438,503],"product_tag":[],"class_list":{"0":"post-33925","1":"product","2":"type-product","3":"status-publish","4":"has-post-thumbnail","6":"product_cat-dusikov-oksid-hr","7":"product_cat-kapsule-za-slag-hr","8":"product_cat-svi","10":"first","11":"instock","12":"taxable","13":"shipping-taxable","14":"product-type-simple"},"acf":[],"yoast_head":"<!-- This site is optimized with the Yoast SEO plugin v27.2 - https:\/\/yoast.com\/product\/yoast-seo-wordpress\/ -->\n<title>FastGas originalni spremnik s du\u0161ikovim oksidom - 2000 grama | FastGas<\/title>\n<meta name=\"description\" content=\"Pravite \u0161lag s FastGas N2O spremnikom | 2000g - punja\u010d s najve\u0107im kapacitetom | Savr\u0161eno za torte, koktele. Naru\u010dite odmah!\" \/>\n<meta name=\"robots\" content=\"index, follow, max-snippet:-1, max-image-preview:large, max-video-preview:-1\" \/>\n<link rel=\"canonical\" href=\"https:\/\/fast-gas.com\/hr\/proizvod\/fastgas-original-bocica-s-dusikovim-oksidom-2000-grama\/\" \/>\n<meta property=\"og:locale\" content=\"hr_HR\" \/>\n<meta property=\"og:type\" content=\"article\" \/>\n<meta property=\"og:title\" content=\"FastGas originalni spremnik s du\u0161ikovim oksidom - 2000 grama | FastGas\" \/>\n<meta property=\"og:description\" content=\"Pravite \u0161lag s FastGas N2O spremnikom | 2000g - punja\u010d s najve\u0107im kapacitetom | Savr\u0161eno za torte, koktele. Naru\u010dite odmah!\" \/>\n<meta property=\"og:url\" content=\"https:\/\/fast-gas.com\/hr\/proizvod\/fastgas-original-bocica-s-dusikovim-oksidom-2000-grama\/\" \/>\n<meta property=\"og:site_name\" content=\"FastGas\" \/>\n<meta property=\"article:publisher\" content=\"https:\/\/facebook.com\/wearefastgas\" \/>\n<meta property=\"article:modified_time\" content=\"2025-10-30T15:21:43+00:00\" \/>\n<meta property=\"og:image\" content=\"https:\/\/fast-gas.com\/wp-content\/uploads\/2023\/08\/PRODUCT-PAGE_2000_front-view.png\" \/>\n\t<meta property=\"og:image:width\" content=\"750\" \/>\n\t<meta property=\"og:image:height\" content=\"750\" \/>\n\t<meta property=\"og:image:type\" content=\"image\/png\" \/>\n<meta name=\"twitter:card\" content=\"summary_large_image\" \/>\n<meta name=\"twitter:label1\" content=\"Est. reading time\" \/>\n\t<meta name=\"twitter:data1\" content=\"1 minute\" \/>\n<script type=\"application\/ld+json\" class=\"yoast-schema-graph\">{\"@context\":\"https:\/\/schema.org\",\"@graph\":[{\"@type\":[\"WebPage\",\"ItemPage\"],\"@id\":\"https:\/\/fast-gas.com\/hr\/proizvod\/fastgas-original-bocica-s-dusikovim-oksidom-2000-grama\/\",\"url\":\"https:\/\/fast-gas.com\/hr\/proizvod\/fastgas-original-bocica-s-dusikovim-oksidom-2000-grama\/\",\"name\":\"FastGas originalni spremnik s du\u0161ikovim oksidom - 2000 grama | FastGas\",\"isPartOf\":{\"@id\":\"https:\/\/fast-gas.com\/hr\/#website\"},\"primaryImageOfPage\":{\"@id\":\"https:\/\/fast-gas.com\/hr\/proizvod\/fastgas-original-bocica-s-dusikovim-oksidom-2000-grama\/#primaryimage\"},\"image\":{\"@id\":\"https:\/\/fast-gas.com\/hr\/proizvod\/fastgas-original-bocica-s-dusikovim-oksidom-2000-grama\/#primaryimage\"},\"thumbnailUrl\":\"https:\/\/fast-gas.com\/wp-content\/uploads\/2023\/08\/PRODUCT-PAGE_2000_front-view.png\",\"datePublished\":\"2023-08-17T06:27:33+00:00\",\"dateModified\":\"2025-10-30T15:21:43+00:00\",\"description\":\"Pravite \u0161lag s FastGas N2O spremnikom | 2000g - punja\u010d s najve\u0107im kapacitetom | Savr\u0161eno za torte, koktele. Naru\u010dite odmah!\",\"breadcrumb\":{\"@id\":\"https:\/\/fast-gas.com\/hr\/proizvod\/fastgas-original-bocica-s-dusikovim-oksidom-2000-grama\/#breadcrumb\"},\"inLanguage\":\"hr\",\"potentialAction\":[{\"@type\":\"ReadAction\",\"target\":[\"https:\/\/fast-gas.com\/hr\/proizvod\/fastgas-original-bocica-s-dusikovim-oksidom-2000-grama\/\"]}]},{\"@type\":\"ImageObject\",\"inLanguage\":\"hr\",\"@id\":\"https:\/\/fast-gas.com\/hr\/proizvod\/fastgas-original-bocica-s-dusikovim-oksidom-2000-grama\/#primaryimage\",\"url\":\"https:\/\/fast-gas.com\/wp-content\/uploads\/2023\/08\/PRODUCT-PAGE_2000_front-view.png\",\"contentUrl\":\"https:\/\/fast-gas.com\/wp-content\/uploads\/2023\/08\/PRODUCT-PAGE_2000_front-view.png\",\"width\":750,\"height\":750},{\"@type\":\"BreadcrumbList\",\"@id\":\"https:\/\/fast-gas.com\/hr\/proizvod\/fastgas-original-bocica-s-dusikovim-oksidom-2000-grama\/#breadcrumb\",\"itemListElement\":[{\"@type\":\"ListItem\",\"position\":1,\"name\":\"Home\",\"item\":\"https:\/\/fast-gas.com\/hr\/\"},{\"@type\":\"ListItem\",\"position\":2,\"name\":\"FastGas Punja\u010d Za \u0161lag Original 2000g\"}]},{\"@type\":\"WebSite\",\"@id\":\"https:\/\/fast-gas.com\/hr\/#website\",\"url\":\"https:\/\/fast-gas.com\/hr\/\",\"name\":\"FastGas\",\"description\":\"N2O Cream Chargers\",\"publisher\":{\"@id\":\"https:\/\/fast-gas.com\/hr\/#organization\"},\"potentialAction\":[{\"@type\":\"SearchAction\",\"target\":{\"@type\":\"EntryPoint\",\"urlTemplate\":\"https:\/\/fast-gas.com\/hr\/?s={search_term_string}\"},\"query-input\":{\"@type\":\"PropertyValueSpecification\",\"valueRequired\":true,\"valueName\":\"search_term_string\"}}],\"inLanguage\":\"hr\"},{\"@type\":\"Organization\",\"@id\":\"https:\/\/fast-gas.com\/hr\/#organization\",\"name\":\"FastGas - Helium, CO2 & N2O Wholesale\",\"alternateName\":\"Fast Gas\",\"url\":\"https:\/\/fast-gas.com\/hr\/\",\"logo\":{\"@type\":\"ImageObject\",\"inLanguage\":\"hr\",\"@id\":\"https:\/\/fast-gas.com\/hr\/#\/schema\/logo\/image\/\",\"url\":\"https:\/\/fast-gas.com\/wp-content\/uploads\/2025\/03\/cropped-Fastgas-Favicon.png\",\"contentUrl\":\"https:\/\/fast-gas.com\/wp-content\/uploads\/2025\/03\/cropped-Fastgas-Favicon.png\",\"width\":512,\"height\":512,\"caption\":\"FastGas - Helium, CO2 & N2O Wholesale\"},\"image\":{\"@id\":\"https:\/\/fast-gas.com\/hr\/#\/schema\/logo\/image\/\"},\"sameAs\":[\"https:\/\/facebook.com\/wearefastgas\",\"https:\/\/www.youtube.com\/channel\/UCV5w9vrihWFu0yM7SZzQfVQ\/videos\",\"https:\/\/instagram.com\/fastgas.official\"]}]}<\/script>\n<!-- \/ Yoast SEO plugin. -->","yoast_head_json":{"title":"FastGas originalni spremnik s du\u0161ikovim oksidom - 2000 grama | FastGas","description":"Pravite \u0161lag s FastGas N2O spremnikom | 2000g - punja\u010d s najve\u0107im kapacitetom | Savr\u0161eno za torte, koktele. Naru\u010dite odmah!","robots":{"index":"index","follow":"follow","max-snippet":"max-snippet:-1","max-image-preview":"max-image-preview:large","max-video-preview":"max-video-preview:-1"},"canonical":"https:\/\/fast-gas.com\/hr\/proizvod\/fastgas-original-bocica-s-dusikovim-oksidom-2000-grama\/","og_locale":"hr_HR","og_type":"article","og_title":"FastGas originalni spremnik s du\u0161ikovim oksidom - 2000 grama | FastGas","og_description":"Pravite \u0161lag s FastGas N2O spremnikom | 2000g - punja\u010d s najve\u0107im kapacitetom | Savr\u0161eno za torte, koktele. Naru\u010dite odmah!","og_url":"https:\/\/fast-gas.com\/hr\/proizvod\/fastgas-original-bocica-s-dusikovim-oksidom-2000-grama\/","og_site_name":"FastGas","article_publisher":"https:\/\/facebook.com\/wearefastgas","article_modified_time":"2025-10-30T15:21:43+00:00","og_image":[{"width":750,"height":750,"url":"https:\/\/fast-gas.com\/wp-content\/uploads\/2023\/08\/PRODUCT-PAGE_2000_front-view.png","type":"image\/png"}],"twitter_card":"summary_large_image","twitter_misc":{"Est. reading time":"1 minute"},"schema":{"@context":"https:\/\/schema.org","@graph":[{"@type":["WebPage","ItemPage"],"@id":"https:\/\/fast-gas.com\/hr\/proizvod\/fastgas-original-bocica-s-dusikovim-oksidom-2000-grama\/","url":"https:\/\/fast-gas.com\/hr\/proizvod\/fastgas-original-bocica-s-dusikovim-oksidom-2000-grama\/","name":"FastGas originalni spremnik s du\u0161ikovim oksidom - 2000 grama | FastGas","isPartOf":{"@id":"https:\/\/fast-gas.com\/hr\/#website"},"primaryImageOfPage":{"@id":"https:\/\/fast-gas.com\/hr\/proizvod\/fastgas-original-bocica-s-dusikovim-oksidom-2000-grama\/#primaryimage"},"image":{"@id":"https:\/\/fast-gas.com\/hr\/proizvod\/fastgas-original-bocica-s-dusikovim-oksidom-2000-grama\/#primaryimage"},"thumbnailUrl":"https:\/\/fast-gas.com\/wp-content\/uploads\/2023\/08\/PRODUCT-PAGE_2000_front-view.png","datePublished":"2023-08-17T06:27:33+00:00","dateModified":"2025-10-30T15:21:43+00:00","description":"Pravite \u0161lag s FastGas N2O spremnikom | 2000g - punja\u010d s najve\u0107im kapacitetom | Savr\u0161eno za torte, koktele. Naru\u010dite odmah!","breadcrumb":{"@id":"https:\/\/fast-gas.com\/hr\/proizvod\/fastgas-original-bocica-s-dusikovim-oksidom-2000-grama\/#breadcrumb"},"inLanguage":"hr","potentialAction":[{"@type":"ReadAction","target":["https:\/\/fast-gas.com\/hr\/proizvod\/fastgas-original-bocica-s-dusikovim-oksidom-2000-grama\/"]}]},{"@type":"ImageObject","inLanguage":"hr","@id":"https:\/\/fast-gas.com\/hr\/proizvod\/fastgas-original-bocica-s-dusikovim-oksidom-2000-grama\/#primaryimage","url":"https:\/\/fast-gas.com\/wp-content\/uploads\/2023\/08\/PRODUCT-PAGE_2000_front-view.png","contentUrl":"https:\/\/fast-gas.com\/wp-content\/uploads\/2023\/08\/PRODUCT-PAGE_2000_front-view.png","width":750,"height":750},{"@type":"BreadcrumbList","@id":"https:\/\/fast-gas.com\/hr\/proizvod\/fastgas-original-bocica-s-dusikovim-oksidom-2000-grama\/#breadcrumb","itemListElement":[{"@type":"ListItem","position":1,"name":"Home","item":"https:\/\/fast-gas.com\/hr\/"},{"@type":"ListItem","position":2,"name":"FastGas Punja\u010d Za \u0161lag Original 2000g"}]},{"@type":"WebSite","@id":"https:\/\/fast-gas.com\/hr\/#website","url":"https:\/\/fast-gas.com\/hr\/","name":"FastGas","description":"N2O Cream Chargers","publisher":{"@id":"https:\/\/fast-gas.com\/hr\/#organization"},"potentialAction":[{"@type":"SearchAction","target":{"@type":"EntryPoint","urlTemplate":"https:\/\/fast-gas.com\/hr\/?s={search_term_string}"},"query-input":{"@type":"PropertyValueSpecification","valueRequired":true,"valueName":"search_term_string"}}],"inLanguage":"hr"},{"@type":"Organization","@id":"https:\/\/fast-gas.com\/hr\/#organization","name":"FastGas - Helium, CO2 & N2O Wholesale","alternateName":"Fast Gas","url":"https:\/\/fast-gas.com\/hr\/","logo":{"@type":"ImageObject","inLanguage":"hr","@id":"https:\/\/fast-gas.com\/hr\/#\/schema\/logo\/image\/","url":"https:\/\/fast-gas.com\/wp-content\/uploads\/2025\/03\/cropped-Fastgas-Favicon.png","contentUrl":"https:\/\/fast-gas.com\/wp-content\/uploads\/2025\/03\/cropped-Fastgas-Favicon.png","width":512,"height":512,"caption":"FastGas - Helium, CO2 & N2O Wholesale"},"image":{"@id":"https:\/\/fast-gas.com\/hr\/#\/schema\/logo\/image\/"},"sameAs":["https:\/\/facebook.com\/wearefastgas","https:\/\/www.youtube.com\/channel\/UCV5w9vrihWFu0yM7SZzQfVQ\/videos","https:\/\/instagram.com\/fastgas.official"]}]}},"_links":{"self":[{"href":"https:\/\/fast-gas.com\/hr\/wp-json\/wp\/v2\/product\/33925","targetHints":{"allow":["GET"]}}],"collection":[{"href":"https:\/\/fast-gas.com\/hr\/wp-json\/wp\/v2\/product"}],"about":[{"href":"https:\/\/fast-gas.com\/hr\/wp-json\/wp\/v2\/types\/product"}],"wp:featuredmedia":[{"embeddable":true,"href":"https:\/\/fast-gas.com\/hr\/wp-json\/wp\/v2\/media\/47712"}],"wp:attachment":[{"href":"https:\/\/fast-gas.com\/hr\/wp-json\/wp\/v2\/media?parent=33925"}],"wp:term":[{"taxonomy":"product_brand","embeddable":true,"href":"https:\/\/fast-gas.com\/hr\/wp-json\/wp\/v2\/product_brand?post=33925"},{"taxonomy":"product_cat","embeddable":true,"href":"https:\/\/fast-gas.com\/hr\/wp-json\/wp\/v2\/product_cat?post=33925"},{"taxonomy":"product_tag","embeddable":true,"href":"https:\/\/fast-gas.com\/hr\/wp-json\/wp\/v2\/product_tag?post=33925"}],"curies":[{"name":"wp","href":"https:\/\/api.w.org\/{rel}","templated":true}]}}