{"id":25111,"date":"2022-07-06T07:17:02","date_gmt":"2022-07-06T05:17:02","guid":{"rendered":"https:\/\/fast-gas.com\/product\/615g-cream-charger-with-nitrous-oxide-fast-gas-cream-charger\/"},"modified":"2025-10-30T16:13:50","modified_gmt":"2025-10-30T15:13:50","slug":"fastgas-originalni-cilindar-s-dusikovim-oksidom","status":"publish","type":"product","link":"https:\/\/fast-gas.com\/hr\/proizvod\/fastgas-originalni-cilindar-s-dusikovim-oksidom\/","title":{"rendered":"FastGas Punja\u010d Za \u0161Lag Original 670g"},"excerpt":{"rendered":"<p>Europska kvaliteta du\u0161ikovog oksida u sigurnoj i jednokratnoj \u010deli\u010dnoj boci.<\/p>\n<p>U\u010dinkovit i uvijek popunjen do maksimuma, ovaj 670g cilindar je najprodavanija veli\u010dina na\u0161e globalno prepoznate marke.<\/p>\n<p>FastGas stvara najmek\u0161i \u0161lag, espume za koktele, umake i jo\u0161 mnogo toga.<\/p>\n<p>Novi dizajn uklju\u010duje kontrolni QR kod. <a href=\"https:\/\/fast-gas.com\/hr\/verify\/\">Saznajte kako provjeriti svoju bocu<\/a>.<\/p>\n<p><strong>*Svaka paleta od 670g sadr\u017ei 75 kutija (6 kanistara po kutiji)<\/strong><\/p>\n","protected":false},"featured_media":47668,"template":"","meta":{"_acf_changed":false},"product_brand":[],"product_cat":[439,438,503],"product_tag":[],"class_list":{"0":"post-25111","1":"product","2":"type-product","3":"status-publish","4":"has-post-thumbnail","6":"product_cat-dusikov-oksid-hr","7":"product_cat-kapsule-za-slag-hr","8":"product_cat-svi","10":"first","11":"instock","12":"taxable","13":"shipping-taxable","14":"product-type-simple"},"acf":[],"yoast_head":"<!-- This site is optimized with the Yoast SEO plugin v27.2 - https:\/\/yoast.com\/product\/yoast-seo-wordpress\/ -->\n<title>FastGas originalni cilindar s du\u0161ikovim oksidom - 670 grama | FastGas<\/title>\n<meta name=\"description\" content=\"Pravite \u0161lag s FastGas N2O spremnikom | 670g - na\u0161 najprodavaniji punja\u010d | Savr\u0161eno za torte, koktele. Naru\u010dite odmah!\" \/>\n<meta name=\"robots\" content=\"index, follow, max-snippet:-1, max-image-preview:large, max-video-preview:-1\" \/>\n<link rel=\"canonical\" href=\"https:\/\/fast-gas.com\/hr\/proizvod\/fastgas-originalni-cilindar-s-dusikovim-oksidom\/\" \/>\n<meta property=\"og:locale\" content=\"hr_HR\" \/>\n<meta property=\"og:type\" content=\"article\" \/>\n<meta property=\"og:title\" content=\"FastGas originalni cilindar s du\u0161ikovim oksidom - 670 grama | FastGas\" \/>\n<meta property=\"og:description\" content=\"Pravite \u0161lag s FastGas N2O spremnikom | 670g - na\u0161 najprodavaniji punja\u010d | Savr\u0161eno za torte, koktele. Naru\u010dite odmah!\" \/>\n<meta property=\"og:url\" content=\"https:\/\/fast-gas.com\/hr\/proizvod\/fastgas-originalni-cilindar-s-dusikovim-oksidom\/\" \/>\n<meta property=\"og:site_name\" content=\"FastGas\" \/>\n<meta property=\"article:publisher\" content=\"https:\/\/facebook.com\/wearefastgas\" \/>\n<meta property=\"article:modified_time\" content=\"2025-10-30T15:13:50+00:00\" \/>\n<meta property=\"og:image\" content=\"https:\/\/fast-gas.com\/wp-content\/uploads\/2022\/07\/PRODUCT-PAGE_670_front-view.png\" \/>\n\t<meta property=\"og:image:width\" content=\"750\" \/>\n\t<meta property=\"og:image:height\" content=\"750\" \/>\n\t<meta property=\"og:image:type\" content=\"image\/png\" \/>\n<meta name=\"twitter:card\" content=\"summary_large_image\" \/>\n<meta name=\"twitter:label1\" content=\"Est. reading time\" \/>\n\t<meta name=\"twitter:data1\" content=\"2 minutes\" \/>\n<script type=\"application\/ld+json\" class=\"yoast-schema-graph\">{\"@context\":\"https:\/\/schema.org\",\"@graph\":[{\"@type\":[\"WebPage\",\"ItemPage\"],\"@id\":\"https:\/\/fast-gas.com\/hr\/proizvod\/fastgas-originalni-cilindar-s-dusikovim-oksidom\/\",\"url\":\"https:\/\/fast-gas.com\/hr\/proizvod\/fastgas-originalni-cilindar-s-dusikovim-oksidom\/\",\"name\":\"FastGas originalni cilindar s du\u0161ikovim oksidom - 670 grama | FastGas\",\"isPartOf\":{\"@id\":\"https:\/\/fast-gas.com\/hr\/#website\"},\"primaryImageOfPage\":{\"@id\":\"https:\/\/fast-gas.com\/hr\/proizvod\/fastgas-originalni-cilindar-s-dusikovim-oksidom\/#primaryimage\"},\"image\":{\"@id\":\"https:\/\/fast-gas.com\/hr\/proizvod\/fastgas-originalni-cilindar-s-dusikovim-oksidom\/#primaryimage\"},\"thumbnailUrl\":\"https:\/\/fast-gas.com\/wp-content\/uploads\/2022\/07\/PRODUCT-PAGE_670_front-view-e1764672680684.png\",\"datePublished\":\"2022-07-06T05:17:02+00:00\",\"dateModified\":\"2025-10-30T15:13:50+00:00\",\"description\":\"Pravite \u0161lag s FastGas N2O spremnikom | 670g - na\u0161 najprodavaniji punja\u010d | Savr\u0161eno za torte, koktele. Naru\u010dite odmah!\",\"breadcrumb\":{\"@id\":\"https:\/\/fast-gas.com\/hr\/proizvod\/fastgas-originalni-cilindar-s-dusikovim-oksidom\/#breadcrumb\"},\"inLanguage\":\"hr\",\"potentialAction\":[{\"@type\":\"ReadAction\",\"target\":[\"https:\/\/fast-gas.com\/hr\/proizvod\/fastgas-originalni-cilindar-s-dusikovim-oksidom\/\"]}]},{\"@type\":\"ImageObject\",\"inLanguage\":\"hr\",\"@id\":\"https:\/\/fast-gas.com\/hr\/proizvod\/fastgas-originalni-cilindar-s-dusikovim-oksidom\/#primaryimage\",\"url\":\"https:\/\/fast-gas.com\/wp-content\/uploads\/2022\/07\/PRODUCT-PAGE_670_front-view-e1764672680684.png\",\"contentUrl\":\"https:\/\/fast-gas.com\/wp-content\/uploads\/2022\/07\/PRODUCT-PAGE_670_front-view-e1764672680684.png\",\"width\":750,\"height\":750},{\"@type\":\"BreadcrumbList\",\"@id\":\"https:\/\/fast-gas.com\/hr\/proizvod\/fastgas-originalni-cilindar-s-dusikovim-oksidom\/#breadcrumb\",\"itemListElement\":[{\"@type\":\"ListItem\",\"position\":1,\"name\":\"Home\",\"item\":\"https:\/\/fast-gas.com\/hr\/\"},{\"@type\":\"ListItem\",\"position\":2,\"name\":\"FastGas Punja\u010d Za \u0161Lag Original 670g\"}]},{\"@type\":\"WebSite\",\"@id\":\"https:\/\/fast-gas.com\/hr\/#website\",\"url\":\"https:\/\/fast-gas.com\/hr\/\",\"name\":\"FastGas\",\"description\":\"N2O Cream Chargers\",\"publisher\":{\"@id\":\"https:\/\/fast-gas.com\/hr\/#organization\"},\"potentialAction\":[{\"@type\":\"SearchAction\",\"target\":{\"@type\":\"EntryPoint\",\"urlTemplate\":\"https:\/\/fast-gas.com\/hr\/?s={search_term_string}\"},\"query-input\":{\"@type\":\"PropertyValueSpecification\",\"valueRequired\":true,\"valueName\":\"search_term_string\"}}],\"inLanguage\":\"hr\"},{\"@type\":\"Organization\",\"@id\":\"https:\/\/fast-gas.com\/hr\/#organization\",\"name\":\"FastGas - Helium, CO2 & N2O Wholesale\",\"alternateName\":\"Fast Gas\",\"url\":\"https:\/\/fast-gas.com\/hr\/\",\"logo\":{\"@type\":\"ImageObject\",\"inLanguage\":\"hr\",\"@id\":\"https:\/\/fast-gas.com\/hr\/#\/schema\/logo\/image\/\",\"url\":\"https:\/\/fast-gas.com\/wp-content\/uploads\/2025\/03\/cropped-Fastgas-Favicon.png\",\"contentUrl\":\"https:\/\/fast-gas.com\/wp-content\/uploads\/2025\/03\/cropped-Fastgas-Favicon.png\",\"width\":512,\"height\":512,\"caption\":\"FastGas - Helium, CO2 & N2O Wholesale\"},\"image\":{\"@id\":\"https:\/\/fast-gas.com\/hr\/#\/schema\/logo\/image\/\"},\"sameAs\":[\"https:\/\/facebook.com\/wearefastgas\",\"https:\/\/www.youtube.com\/channel\/UCV5w9vrihWFu0yM7SZzQfVQ\/videos\",\"https:\/\/instagram.com\/fastgas.official\"]}]}<\/script>\n<!-- \/ Yoast SEO plugin. -->","yoast_head_json":{"title":"FastGas originalni cilindar s du\u0161ikovim oksidom - 670 grama | FastGas","description":"Pravite \u0161lag s FastGas N2O spremnikom | 670g - na\u0161 najprodavaniji punja\u010d | Savr\u0161eno za torte, koktele. Naru\u010dite odmah!","robots":{"index":"index","follow":"follow","max-snippet":"max-snippet:-1","max-image-preview":"max-image-preview:large","max-video-preview":"max-video-preview:-1"},"canonical":"https:\/\/fast-gas.com\/hr\/proizvod\/fastgas-originalni-cilindar-s-dusikovim-oksidom\/","og_locale":"hr_HR","og_type":"article","og_title":"FastGas originalni cilindar s du\u0161ikovim oksidom - 670 grama | FastGas","og_description":"Pravite \u0161lag s FastGas N2O spremnikom | 670g - na\u0161 najprodavaniji punja\u010d | Savr\u0161eno za torte, koktele. Naru\u010dite odmah!","og_url":"https:\/\/fast-gas.com\/hr\/proizvod\/fastgas-originalni-cilindar-s-dusikovim-oksidom\/","og_site_name":"FastGas","article_publisher":"https:\/\/facebook.com\/wearefastgas","article_modified_time":"2025-10-30T15:13:50+00:00","og_image":[{"width":750,"height":750,"url":"https:\/\/fast-gas.com\/wp-content\/uploads\/2022\/07\/PRODUCT-PAGE_670_front-view.png","type":"image\/png"}],"twitter_card":"summary_large_image","twitter_misc":{"Est. reading time":"2 minutes"},"schema":{"@context":"https:\/\/schema.org","@graph":[{"@type":["WebPage","ItemPage"],"@id":"https:\/\/fast-gas.com\/hr\/proizvod\/fastgas-originalni-cilindar-s-dusikovim-oksidom\/","url":"https:\/\/fast-gas.com\/hr\/proizvod\/fastgas-originalni-cilindar-s-dusikovim-oksidom\/","name":"FastGas originalni cilindar s du\u0161ikovim oksidom - 670 grama | FastGas","isPartOf":{"@id":"https:\/\/fast-gas.com\/hr\/#website"},"primaryImageOfPage":{"@id":"https:\/\/fast-gas.com\/hr\/proizvod\/fastgas-originalni-cilindar-s-dusikovim-oksidom\/#primaryimage"},"image":{"@id":"https:\/\/fast-gas.com\/hr\/proizvod\/fastgas-originalni-cilindar-s-dusikovim-oksidom\/#primaryimage"},"thumbnailUrl":"https:\/\/fast-gas.com\/wp-content\/uploads\/2022\/07\/PRODUCT-PAGE_670_front-view-e1764672680684.png","datePublished":"2022-07-06T05:17:02+00:00","dateModified":"2025-10-30T15:13:50+00:00","description":"Pravite \u0161lag s FastGas N2O spremnikom | 670g - na\u0161 najprodavaniji punja\u010d | Savr\u0161eno za torte, koktele. Naru\u010dite odmah!","breadcrumb":{"@id":"https:\/\/fast-gas.com\/hr\/proizvod\/fastgas-originalni-cilindar-s-dusikovim-oksidom\/#breadcrumb"},"inLanguage":"hr","potentialAction":[{"@type":"ReadAction","target":["https:\/\/fast-gas.com\/hr\/proizvod\/fastgas-originalni-cilindar-s-dusikovim-oksidom\/"]}]},{"@type":"ImageObject","inLanguage":"hr","@id":"https:\/\/fast-gas.com\/hr\/proizvod\/fastgas-originalni-cilindar-s-dusikovim-oksidom\/#primaryimage","url":"https:\/\/fast-gas.com\/wp-content\/uploads\/2022\/07\/PRODUCT-PAGE_670_front-view-e1764672680684.png","contentUrl":"https:\/\/fast-gas.com\/wp-content\/uploads\/2022\/07\/PRODUCT-PAGE_670_front-view-e1764672680684.png","width":750,"height":750},{"@type":"BreadcrumbList","@id":"https:\/\/fast-gas.com\/hr\/proizvod\/fastgas-originalni-cilindar-s-dusikovim-oksidom\/#breadcrumb","itemListElement":[{"@type":"ListItem","position":1,"name":"Home","item":"https:\/\/fast-gas.com\/hr\/"},{"@type":"ListItem","position":2,"name":"FastGas Punja\u010d Za \u0161Lag Original 670g"}]},{"@type":"WebSite","@id":"https:\/\/fast-gas.com\/hr\/#website","url":"https:\/\/fast-gas.com\/hr\/","name":"FastGas","description":"N2O Cream Chargers","publisher":{"@id":"https:\/\/fast-gas.com\/hr\/#organization"},"potentialAction":[{"@type":"SearchAction","target":{"@type":"EntryPoint","urlTemplate":"https:\/\/fast-gas.com\/hr\/?s={search_term_string}"},"query-input":{"@type":"PropertyValueSpecification","valueRequired":true,"valueName":"search_term_string"}}],"inLanguage":"hr"},{"@type":"Organization","@id":"https:\/\/fast-gas.com\/hr\/#organization","name":"FastGas - Helium, CO2 & N2O Wholesale","alternateName":"Fast Gas","url":"https:\/\/fast-gas.com\/hr\/","logo":{"@type":"ImageObject","inLanguage":"hr","@id":"https:\/\/fast-gas.com\/hr\/#\/schema\/logo\/image\/","url":"https:\/\/fast-gas.com\/wp-content\/uploads\/2025\/03\/cropped-Fastgas-Favicon.png","contentUrl":"https:\/\/fast-gas.com\/wp-content\/uploads\/2025\/03\/cropped-Fastgas-Favicon.png","width":512,"height":512,"caption":"FastGas - Helium, CO2 & N2O Wholesale"},"image":{"@id":"https:\/\/fast-gas.com\/hr\/#\/schema\/logo\/image\/"},"sameAs":["https:\/\/facebook.com\/wearefastgas","https:\/\/www.youtube.com\/channel\/UCV5w9vrihWFu0yM7SZzQfVQ\/videos","https:\/\/instagram.com\/fastgas.official"]}]}},"_links":{"self":[{"href":"https:\/\/fast-gas.com\/hr\/wp-json\/wp\/v2\/product\/25111","targetHints":{"allow":["GET"]}}],"collection":[{"href":"https:\/\/fast-gas.com\/hr\/wp-json\/wp\/v2\/product"}],"about":[{"href":"https:\/\/fast-gas.com\/hr\/wp-json\/wp\/v2\/types\/product"}],"wp:featuredmedia":[{"embeddable":true,"href":"https:\/\/fast-gas.com\/hr\/wp-json\/wp\/v2\/media\/47668"}],"wp:attachment":[{"href":"https:\/\/fast-gas.com\/hr\/wp-json\/wp\/v2\/media?parent=25111"}],"wp:term":[{"taxonomy":"product_brand","embeddable":true,"href":"https:\/\/fast-gas.com\/hr\/wp-json\/wp\/v2\/product_brand?post=25111"},{"taxonomy":"product_cat","embeddable":true,"href":"https:\/\/fast-gas.com\/hr\/wp-json\/wp\/v2\/product_cat?post=25111"},{"taxonomy":"product_tag","embeddable":true,"href":"https:\/\/fast-gas.com\/hr\/wp-json\/wp\/v2\/product_tag?post=25111"}],"curies":[{"name":"wp","href":"https:\/\/api.w.org\/{rel}","templated":true}]}}