{"id":25103,"date":"2022-08-02T13:14:54","date_gmt":"2022-08-02T11:14:54","guid":{"rendered":"https:\/\/fast-gas.com\/become-a-distributor\/"},"modified":"2025-08-29T15:42:22","modified_gmt":"2025-08-29T13:42:22","slug":"distributer","status":"publish","type":"page","link":"https:\/\/fast-gas.com\/hr\/distributer\/","title":{"rendered":"Postanite distributer"},"content":{"rendered":"","protected":false},"excerpt":{"rendered":"","protected":false},"author":5216,"featured_media":0,"parent":0,"menu_order":0,"comment_status":"open","ping_status":"closed","template":"tpl-flex-content.php","meta":{"_acf_changed":false,"footnotes":""},"class_list":["post-25103","page","type-page","status-publish","hentry"],"acf":[],"yoast_head":"<!-- This site is optimized with the Yoast SEO plugin v27.2 - https:\/\/yoast.com\/product\/yoast-seo-wordpress\/ -->\n<title>Postanite distributer vode\u0107eg brenda N2O na tr\u017ei\u0161tu, FastGas<\/title>\n<meta name=\"description\" content=\"FastGas | Postanite distributer vode\u0107eg brenda N2O na tr\u017ei\u0161tu! Postanite trgova\u010dki uspjeh.\" \/>\n<meta name=\"robots\" content=\"index, follow, max-snippet:-1, max-image-preview:large, max-video-preview:-1\" \/>\n<link rel=\"canonical\" href=\"https:\/\/fast-gas.com\/hr\/distributer\/\" \/>\n<meta property=\"og:locale\" content=\"hr_HR\" \/>\n<meta property=\"og:type\" content=\"article\" \/>\n<meta property=\"og:title\" content=\"Postanite distributer vode\u0107eg brenda N2O na tr\u017ei\u0161tu, FastGas\" \/>\n<meta property=\"og:description\" content=\"FastGas | Postanite distributer vode\u0107eg brenda N2O na tr\u017ei\u0161tu! Postanite trgova\u010dki uspjeh.\" \/>\n<meta property=\"og:url\" content=\"https:\/\/fast-gas.com\/hr\/distributer\/\" \/>\n<meta property=\"og:site_name\" content=\"FastGas\" \/>\n<meta property=\"article:publisher\" content=\"https:\/\/facebook.com\/wearefastgas\" \/>\n<meta property=\"article:modified_time\" content=\"2025-08-29T13:42:22+00:00\" \/>\n<meta property=\"og:image\" content=\"https:\/\/fast-gas.com\/wp-content\/uploads\/2025\/09\/Untitled-design-4.png\" \/>\n\t<meta property=\"og:image:width\" content=\"500\" \/>\n\t<meta property=\"og:image:height\" content=\"500\" \/>\n\t<meta property=\"og:image:type\" content=\"image\/png\" \/>\n<meta name=\"twitter:card\" content=\"summary_large_image\" \/>\n<meta name=\"twitter:label1\" content=\"Est. reading time\" \/>\n\t<meta name=\"twitter:data1\" content=\"4 minutes\" \/>\n<script type=\"application\/ld+json\" class=\"yoast-schema-graph\">{\"@context\":\"https:\/\/schema.org\",\"@graph\":[{\"@type\":\"WebPage\",\"@id\":\"https:\/\/fast-gas.com\/hr\/distributer\/\",\"url\":\"https:\/\/fast-gas.com\/hr\/distributer\/\",\"name\":\"Postanite distributer vode\u0107eg brenda N2O na tr\u017ei\u0161tu, FastGas\",\"isPartOf\":{\"@id\":\"https:\/\/fast-gas.com\/hr\/#website\"},\"datePublished\":\"2022-08-02T11:14:54+00:00\",\"dateModified\":\"2025-08-29T13:42:22+00:00\",\"description\":\"FastGas | Postanite distributer vode\u0107eg brenda N2O na tr\u017ei\u0161tu! Postanite trgova\u010dki uspjeh.\",\"breadcrumb\":{\"@id\":\"https:\/\/fast-gas.com\/hr\/distributer\/#breadcrumb\"},\"inLanguage\":\"hr\",\"potentialAction\":[{\"@type\":\"ReadAction\",\"target\":[\"https:\/\/fast-gas.com\/hr\/distributer\/\"]}]},{\"@type\":\"BreadcrumbList\",\"@id\":\"https:\/\/fast-gas.com\/hr\/distributer\/#breadcrumb\",\"itemListElement\":[{\"@type\":\"ListItem\",\"position\":1,\"name\":\"Home\",\"item\":\"https:\/\/fast-gas.com\/hr\/\"},{\"@type\":\"ListItem\",\"position\":2,\"name\":\"Postanite distributer\"}]},{\"@type\":\"WebSite\",\"@id\":\"https:\/\/fast-gas.com\/hr\/#website\",\"url\":\"https:\/\/fast-gas.com\/hr\/\",\"name\":\"FastGas\",\"description\":\"N2O Cream Chargers\",\"publisher\":{\"@id\":\"https:\/\/fast-gas.com\/hr\/#organization\"},\"potentialAction\":[{\"@type\":\"SearchAction\",\"target\":{\"@type\":\"EntryPoint\",\"urlTemplate\":\"https:\/\/fast-gas.com\/hr\/?s={search_term_string}\"},\"query-input\":{\"@type\":\"PropertyValueSpecification\",\"valueRequired\":true,\"valueName\":\"search_term_string\"}}],\"inLanguage\":\"hr\"},{\"@type\":\"Organization\",\"@id\":\"https:\/\/fast-gas.com\/hr\/#organization\",\"name\":\"FastGas - Helium, CO2 & N2O Wholesale\",\"alternateName\":\"Fast Gas\",\"url\":\"https:\/\/fast-gas.com\/hr\/\",\"logo\":{\"@type\":\"ImageObject\",\"inLanguage\":\"hr\",\"@id\":\"https:\/\/fast-gas.com\/hr\/#\/schema\/logo\/image\/\",\"url\":\"https:\/\/fast-gas.com\/wp-content\/uploads\/2025\/03\/cropped-Fastgas-Favicon.png\",\"contentUrl\":\"https:\/\/fast-gas.com\/wp-content\/uploads\/2025\/03\/cropped-Fastgas-Favicon.png\",\"width\":512,\"height\":512,\"caption\":\"FastGas - Helium, CO2 & N2O Wholesale\"},\"image\":{\"@id\":\"https:\/\/fast-gas.com\/hr\/#\/schema\/logo\/image\/\"},\"sameAs\":[\"https:\/\/facebook.com\/wearefastgas\",\"https:\/\/www.youtube.com\/channel\/UCV5w9vrihWFu0yM7SZzQfVQ\/videos\",\"https:\/\/instagram.com\/fastgas.official\"]}]}<\/script>\n<!-- \/ Yoast SEO plugin. -->","yoast_head_json":{"title":"Postanite distributer vode\u0107eg brenda N2O na tr\u017ei\u0161tu, FastGas","description":"FastGas | Postanite distributer vode\u0107eg brenda N2O na tr\u017ei\u0161tu! Postanite trgova\u010dki uspjeh.","robots":{"index":"index","follow":"follow","max-snippet":"max-snippet:-1","max-image-preview":"max-image-preview:large","max-video-preview":"max-video-preview:-1"},"canonical":"https:\/\/fast-gas.com\/hr\/distributer\/","og_locale":"hr_HR","og_type":"article","og_title":"Postanite distributer vode\u0107eg brenda N2O na tr\u017ei\u0161tu, FastGas","og_description":"FastGas | Postanite distributer vode\u0107eg brenda N2O na tr\u017ei\u0161tu! Postanite trgova\u010dki uspjeh.","og_url":"https:\/\/fast-gas.com\/hr\/distributer\/","og_site_name":"FastGas","article_publisher":"https:\/\/facebook.com\/wearefastgas","article_modified_time":"2025-08-29T13:42:22+00:00","og_image":[{"width":500,"height":500,"url":"https:\/\/fast-gas.com\/wp-content\/uploads\/2025\/09\/Untitled-design-4.png","type":"image\/png"}],"twitter_card":"summary_large_image","twitter_misc":{"Est. reading time":"4 minutes"},"schema":{"@context":"https:\/\/schema.org","@graph":[{"@type":"WebPage","@id":"https:\/\/fast-gas.com\/hr\/distributer\/","url":"https:\/\/fast-gas.com\/hr\/distributer\/","name":"Postanite distributer vode\u0107eg brenda N2O na tr\u017ei\u0161tu, FastGas","isPartOf":{"@id":"https:\/\/fast-gas.com\/hr\/#website"},"datePublished":"2022-08-02T11:14:54+00:00","dateModified":"2025-08-29T13:42:22+00:00","description":"FastGas | Postanite distributer vode\u0107eg brenda N2O na tr\u017ei\u0161tu! Postanite trgova\u010dki uspjeh.","breadcrumb":{"@id":"https:\/\/fast-gas.com\/hr\/distributer\/#breadcrumb"},"inLanguage":"hr","potentialAction":[{"@type":"ReadAction","target":["https:\/\/fast-gas.com\/hr\/distributer\/"]}]},{"@type":"BreadcrumbList","@id":"https:\/\/fast-gas.com\/hr\/distributer\/#breadcrumb","itemListElement":[{"@type":"ListItem","position":1,"name":"Home","item":"https:\/\/fast-gas.com\/hr\/"},{"@type":"ListItem","position":2,"name":"Postanite distributer"}]},{"@type":"WebSite","@id":"https:\/\/fast-gas.com\/hr\/#website","url":"https:\/\/fast-gas.com\/hr\/","name":"FastGas","description":"N2O Cream Chargers","publisher":{"@id":"https:\/\/fast-gas.com\/hr\/#organization"},"potentialAction":[{"@type":"SearchAction","target":{"@type":"EntryPoint","urlTemplate":"https:\/\/fast-gas.com\/hr\/?s={search_term_string}"},"query-input":{"@type":"PropertyValueSpecification","valueRequired":true,"valueName":"search_term_string"}}],"inLanguage":"hr"},{"@type":"Organization","@id":"https:\/\/fast-gas.com\/hr\/#organization","name":"FastGas - Helium, CO2 & N2O Wholesale","alternateName":"Fast Gas","url":"https:\/\/fast-gas.com\/hr\/","logo":{"@type":"ImageObject","inLanguage":"hr","@id":"https:\/\/fast-gas.com\/hr\/#\/schema\/logo\/image\/","url":"https:\/\/fast-gas.com\/wp-content\/uploads\/2025\/03\/cropped-Fastgas-Favicon.png","contentUrl":"https:\/\/fast-gas.com\/wp-content\/uploads\/2025\/03\/cropped-Fastgas-Favicon.png","width":512,"height":512,"caption":"FastGas - Helium, CO2 & N2O Wholesale"},"image":{"@id":"https:\/\/fast-gas.com\/hr\/#\/schema\/logo\/image\/"},"sameAs":["https:\/\/facebook.com\/wearefastgas","https:\/\/www.youtube.com\/channel\/UCV5w9vrihWFu0yM7SZzQfVQ\/videos","https:\/\/instagram.com\/fastgas.official"]}]}},"_links":{"self":[{"href":"https:\/\/fast-gas.com\/hr\/wp-json\/wp\/v2\/pages\/25103","targetHints":{"allow":["GET"]}}],"collection":[{"href":"https:\/\/fast-gas.com\/hr\/wp-json\/wp\/v2\/pages"}],"about":[{"href":"https:\/\/fast-gas.com\/hr\/wp-json\/wp\/v2\/types\/page"}],"author":[{"embeddable":true,"href":"https:\/\/fast-gas.com\/hr\/wp-json\/wp\/v2\/users\/5216"}],"replies":[{"embeddable":true,"href":"https:\/\/fast-gas.com\/hr\/wp-json\/wp\/v2\/comments?post=25103"}],"version-history":[{"count":16,"href":"https:\/\/fast-gas.com\/hr\/wp-json\/wp\/v2\/pages\/25103\/revisions"}],"predecessor-version":[{"id":47665,"href":"https:\/\/fast-gas.com\/hr\/wp-json\/wp\/v2\/pages\/25103\/revisions\/47665"}],"wp:attachment":[{"href":"https:\/\/fast-gas.com\/hr\/wp-json\/wp\/v2\/media?parent=25103"}],"curies":[{"name":"wp","href":"https:\/\/api.w.org\/{rel}","templated":true}]}}