{"id":42144,"date":"2025-03-18T13:32:53","date_gmt":"2025-03-18T12:32:53","guid":{"rendered":"https:\/\/staging.fast-gas.com\/?post_type=product&#038;p=42144"},"modified":"2025-10-30T16:04:11","modified_gmt":"2025-10-30T15:04:11","slug":"regulateur-de-pression","status":"publish","type":"product","link":"https:\/\/fast-gas.com\/fr\/produit\/regulateur-de-pression\/","title":{"rendered":"R\u00e9gulateur de Pression"},"excerpt":{"rendered":"<p data-start=\"51\" data-end=\"211\">Les r\u00e9gulateurs de pression FastGas offrent une solution fiable et facile \u00e0 utiliser pour charger les siphons \u00e0 cr\u00e8me chantilly et les siphons \u00e0 soda. Compatibles avec la plupart des bouteilles de protoxyde d\u2019azote et de CO\u2082, ils garantissent des performances fluides et constantes dans une grande vari\u00e9t\u00e9 d\u2019applications.<\/p>\n<p data-start=\"384\" data-end=\"405\"><span class=\"title-highlight\"><strong data-start=\"388\" data-end=\"403\">Description<\/strong><\/span><\/p>\n<p data-start=\"406\" data-end=\"727\">Con\u00e7us pour l\u2019efficacit\u00e9 et une utilisation continue, ces r\u00e9gulateurs sont id\u00e9aux pour les environnements \u00e0 forte demande tels que les bars, les cuisines professionnelles et les caf\u00e9s. Ils repr\u00e9sentent \u00e9galement une solution pratique pour les utilisateurs domestiques qui pr\u00e9parent de grandes quantit\u00e9s de cr\u00e8me fouett\u00e9e.<\/p>\n<p data-start=\"729\" data-end=\"1084\">Ces r\u00e9gulateurs sont particuli\u00e8rement utiles avec les bouteilles de 2L et 3L, dans les cas o\u00f9 la machine \u00e0 cr\u00e8me n\u2019est pas encore disponible. Ils permettent un fonctionnement fluide et ininterrompu \u2014 contrairement \u00e0 la m\u00e9thode traditionnelle utilisant de petites cartouches de 8g, qui n\u00e9cessitent un remplacement constant et perturbent le flux de travail.<\/p>\n","protected":false},"featured_media":42747,"template":"","meta":{"_acf_changed":false},"product_brand":[],"product_cat":[450,451,497],"product_tag":[],"class_list":{"0":"post-42144","1":"product","2":"type-product","3":"status-publish","4":"has-post-thumbnail","6":"product_cat-cartouches-de-creme-fr","7":"product_cat-protoxyde-dazote-fr","8":"product_cat-tous","10":"first","11":"instock","12":"taxable","13":"shipping-taxable","14":"product-type-simple"},"acf":[],"yoast_head":"<!-- This site is optimized with the Yoast SEO plugin v27.2 - https:\/\/yoast.com\/product\/yoast-seo-wordpress\/ -->\n<title>R\u00e9gulateur de pression FastGas\u00a0: contr\u00f4lez la pression de vos cartouches de cr\u00e8me | FastGas<\/title>\n<meta name=\"description\" content=\"Mesurez la pression de vos cartouches de cr\u00e8me et r\u00e9duisez le gaspillage gr\u00e2ce au r\u00e9gulateur de pression FastGas. Obtenez des r\u00e9sultats constants et optimaux \u00e0 chaque utilisation.\" \/>\n<meta name=\"robots\" content=\"index, follow, max-snippet:-1, max-image-preview:large, max-video-preview:-1\" \/>\n<link rel=\"canonical\" href=\"https:\/\/fast-gas.com\/fr\/produit\/regulateur-de-pression\/\" \/>\n<meta property=\"og:locale\" content=\"fr_FR\" \/>\n<meta property=\"og:type\" content=\"article\" \/>\n<meta property=\"og:title\" content=\"R\u00e9gulateur de pression FastGas\u00a0: contr\u00f4lez la pression de vos cartouches de cr\u00e8me | FastGas\" \/>\n<meta property=\"og:description\" content=\"Mesurez la pression de vos cartouches de cr\u00e8me et r\u00e9duisez le gaspillage gr\u00e2ce au r\u00e9gulateur de pression FastGas. Obtenez des r\u00e9sultats constants et optimaux \u00e0 chaque utilisation.\" \/>\n<meta property=\"og:url\" content=\"https:\/\/fast-gas.com\/fr\/produit\/regulateur-de-pression\/\" \/>\n<meta property=\"og:site_name\" content=\"FastGas\" \/>\n<meta property=\"article:publisher\" content=\"https:\/\/facebook.com\/wearefastgas\" \/>\n<meta property=\"article:modified_time\" content=\"2025-10-30T15:04:11+00:00\" \/>\n<meta property=\"og:image\" content=\"https:\/\/fast-gas.com\/wp-content\/uploads\/2025\/03\/Pressure-Regulator-transparent.png\" \/>\n\t<meta property=\"og:image:width\" content=\"1000\" \/>\n\t<meta property=\"og:image:height\" content=\"1000\" \/>\n\t<meta property=\"og:image:type\" content=\"image\/png\" \/>\n<meta name=\"twitter:card\" content=\"summary_large_image\" \/>\n<meta name=\"twitter:label1\" content=\"Est. reading time\" \/>\n\t<meta name=\"twitter:data1\" content=\"1 minute\" \/>\n<script type=\"application\/ld+json\" class=\"yoast-schema-graph\">{\"@context\":\"https:\/\/schema.org\",\"@graph\":[{\"@type\":[\"WebPage\",\"ItemPage\"],\"@id\":\"https:\/\/fast-gas.com\/fr\/produit\/regulateur-de-pression\/\",\"url\":\"https:\/\/fast-gas.com\/fr\/produit\/regulateur-de-pression\/\",\"name\":\"R\u00e9gulateur de pression FastGas\u00a0: contr\u00f4lez la pression de vos cartouches de cr\u00e8me | FastGas\",\"isPartOf\":{\"@id\":\"https:\/\/fast-gas.com\/fr\/#website\"},\"primaryImageOfPage\":{\"@id\":\"https:\/\/fast-gas.com\/fr\/produit\/regulateur-de-pression\/#primaryimage\"},\"image\":{\"@id\":\"https:\/\/fast-gas.com\/fr\/produit\/regulateur-de-pression\/#primaryimage\"},\"thumbnailUrl\":\"https:\/\/fast-gas.com\/wp-content\/uploads\/2025\/03\/Pressure-Regulator-transparent.png\",\"datePublished\":\"2025-03-18T12:32:53+00:00\",\"dateModified\":\"2025-10-30T15:04:11+00:00\",\"description\":\"Mesurez la pression de vos cartouches de cr\u00e8me et r\u00e9duisez le gaspillage gr\u00e2ce au r\u00e9gulateur de pression FastGas. Obtenez des r\u00e9sultats constants et optimaux \u00e0 chaque utilisation.\",\"breadcrumb\":{\"@id\":\"https:\/\/fast-gas.com\/fr\/produit\/regulateur-de-pression\/#breadcrumb\"},\"inLanguage\":\"fr-FR\",\"potentialAction\":[{\"@type\":\"ReadAction\",\"target\":[\"https:\/\/fast-gas.com\/fr\/produit\/regulateur-de-pression\/\"]}]},{\"@type\":\"ImageObject\",\"inLanguage\":\"fr-FR\",\"@id\":\"https:\/\/fast-gas.com\/fr\/produit\/regulateur-de-pression\/#primaryimage\",\"url\":\"https:\/\/fast-gas.com\/wp-content\/uploads\/2025\/03\/Pressure-Regulator-transparent.png\",\"contentUrl\":\"https:\/\/fast-gas.com\/wp-content\/uploads\/2025\/03\/Pressure-Regulator-transparent.png\",\"width\":1000,\"height\":1000},{\"@type\":\"BreadcrumbList\",\"@id\":\"https:\/\/fast-gas.com\/fr\/produit\/regulateur-de-pression\/#breadcrumb\",\"itemListElement\":[{\"@type\":\"ListItem\",\"position\":1,\"name\":\"Home\",\"item\":\"https:\/\/fast-gas.com\/fr\/\"},{\"@type\":\"ListItem\",\"position\":2,\"name\":\"R\u00e9gulateur de Pression\"}]},{\"@type\":\"WebSite\",\"@id\":\"https:\/\/fast-gas.com\/fr\/#website\",\"url\":\"https:\/\/fast-gas.com\/fr\/\",\"name\":\"FastGas\",\"description\":\"N2O Cream Chargers\",\"publisher\":{\"@id\":\"https:\/\/fast-gas.com\/fr\/#organization\"},\"potentialAction\":[{\"@type\":\"SearchAction\",\"target\":{\"@type\":\"EntryPoint\",\"urlTemplate\":\"https:\/\/fast-gas.com\/fr\/?s={search_term_string}\"},\"query-input\":{\"@type\":\"PropertyValueSpecification\",\"valueRequired\":true,\"valueName\":\"search_term_string\"}}],\"inLanguage\":\"fr-FR\"},{\"@type\":\"Organization\",\"@id\":\"https:\/\/fast-gas.com\/fr\/#organization\",\"name\":\"FastGas - Helium, CO2 & N2O Wholesale\",\"alternateName\":\"Fast Gas\",\"url\":\"https:\/\/fast-gas.com\/fr\/\",\"logo\":{\"@type\":\"ImageObject\",\"inLanguage\":\"fr-FR\",\"@id\":\"https:\/\/fast-gas.com\/fr\/#\/schema\/logo\/image\/\",\"url\":\"https:\/\/fast-gas.com\/wp-content\/uploads\/2025\/03\/cropped-Fastgas-Favicon.png\",\"contentUrl\":\"https:\/\/fast-gas.com\/wp-content\/uploads\/2025\/03\/cropped-Fastgas-Favicon.png\",\"width\":512,\"height\":512,\"caption\":\"FastGas - Helium, CO2 & N2O Wholesale\"},\"image\":{\"@id\":\"https:\/\/fast-gas.com\/fr\/#\/schema\/logo\/image\/\"},\"sameAs\":[\"https:\/\/facebook.com\/wearefastgas\",\"https:\/\/www.youtube.com\/channel\/UCV5w9vrihWFu0yM7SZzQfVQ\/videos\",\"https:\/\/instagram.com\/fastgas.official\"]}]}<\/script>\n<!-- \/ Yoast SEO plugin. -->","yoast_head_json":{"title":"R\u00e9gulateur de pression FastGas\u00a0: contr\u00f4lez la pression de vos cartouches de cr\u00e8me | FastGas","description":"Mesurez la pression de vos cartouches de cr\u00e8me et r\u00e9duisez le gaspillage gr\u00e2ce au r\u00e9gulateur de pression FastGas. Obtenez des r\u00e9sultats constants et optimaux \u00e0 chaque utilisation.","robots":{"index":"index","follow":"follow","max-snippet":"max-snippet:-1","max-image-preview":"max-image-preview:large","max-video-preview":"max-video-preview:-1"},"canonical":"https:\/\/fast-gas.com\/fr\/produit\/regulateur-de-pression\/","og_locale":"fr_FR","og_type":"article","og_title":"R\u00e9gulateur de pression FastGas\u00a0: contr\u00f4lez la pression de vos cartouches de cr\u00e8me | FastGas","og_description":"Mesurez la pression de vos cartouches de cr\u00e8me et r\u00e9duisez le gaspillage gr\u00e2ce au r\u00e9gulateur de pression FastGas. Obtenez des r\u00e9sultats constants et optimaux \u00e0 chaque utilisation.","og_url":"https:\/\/fast-gas.com\/fr\/produit\/regulateur-de-pression\/","og_site_name":"FastGas","article_publisher":"https:\/\/facebook.com\/wearefastgas","article_modified_time":"2025-10-30T15:04:11+00:00","og_image":[{"width":1000,"height":1000,"url":"https:\/\/fast-gas.com\/wp-content\/uploads\/2025\/03\/Pressure-Regulator-transparent.png","type":"image\/png"}],"twitter_card":"summary_large_image","twitter_misc":{"Est. reading time":"1 minute"},"schema":{"@context":"https:\/\/schema.org","@graph":[{"@type":["WebPage","ItemPage"],"@id":"https:\/\/fast-gas.com\/fr\/produit\/regulateur-de-pression\/","url":"https:\/\/fast-gas.com\/fr\/produit\/regulateur-de-pression\/","name":"R\u00e9gulateur de pression FastGas\u00a0: contr\u00f4lez la pression de vos cartouches de cr\u00e8me | FastGas","isPartOf":{"@id":"https:\/\/fast-gas.com\/fr\/#website"},"primaryImageOfPage":{"@id":"https:\/\/fast-gas.com\/fr\/produit\/regulateur-de-pression\/#primaryimage"},"image":{"@id":"https:\/\/fast-gas.com\/fr\/produit\/regulateur-de-pression\/#primaryimage"},"thumbnailUrl":"https:\/\/fast-gas.com\/wp-content\/uploads\/2025\/03\/Pressure-Regulator-transparent.png","datePublished":"2025-03-18T12:32:53+00:00","dateModified":"2025-10-30T15:04:11+00:00","description":"Mesurez la pression de vos cartouches de cr\u00e8me et r\u00e9duisez le gaspillage gr\u00e2ce au r\u00e9gulateur de pression FastGas. Obtenez des r\u00e9sultats constants et optimaux \u00e0 chaque utilisation.","breadcrumb":{"@id":"https:\/\/fast-gas.com\/fr\/produit\/regulateur-de-pression\/#breadcrumb"},"inLanguage":"fr-FR","potentialAction":[{"@type":"ReadAction","target":["https:\/\/fast-gas.com\/fr\/produit\/regulateur-de-pression\/"]}]},{"@type":"ImageObject","inLanguage":"fr-FR","@id":"https:\/\/fast-gas.com\/fr\/produit\/regulateur-de-pression\/#primaryimage","url":"https:\/\/fast-gas.com\/wp-content\/uploads\/2025\/03\/Pressure-Regulator-transparent.png","contentUrl":"https:\/\/fast-gas.com\/wp-content\/uploads\/2025\/03\/Pressure-Regulator-transparent.png","width":1000,"height":1000},{"@type":"BreadcrumbList","@id":"https:\/\/fast-gas.com\/fr\/produit\/regulateur-de-pression\/#breadcrumb","itemListElement":[{"@type":"ListItem","position":1,"name":"Home","item":"https:\/\/fast-gas.com\/fr\/"},{"@type":"ListItem","position":2,"name":"R\u00e9gulateur de Pression"}]},{"@type":"WebSite","@id":"https:\/\/fast-gas.com\/fr\/#website","url":"https:\/\/fast-gas.com\/fr\/","name":"FastGas","description":"N2O Cream Chargers","publisher":{"@id":"https:\/\/fast-gas.com\/fr\/#organization"},"potentialAction":[{"@type":"SearchAction","target":{"@type":"EntryPoint","urlTemplate":"https:\/\/fast-gas.com\/fr\/?s={search_term_string}"},"query-input":{"@type":"PropertyValueSpecification","valueRequired":true,"valueName":"search_term_string"}}],"inLanguage":"fr-FR"},{"@type":"Organization","@id":"https:\/\/fast-gas.com\/fr\/#organization","name":"FastGas - Helium, CO2 & N2O Wholesale","alternateName":"Fast Gas","url":"https:\/\/fast-gas.com\/fr\/","logo":{"@type":"ImageObject","inLanguage":"fr-FR","@id":"https:\/\/fast-gas.com\/fr\/#\/schema\/logo\/image\/","url":"https:\/\/fast-gas.com\/wp-content\/uploads\/2025\/03\/cropped-Fastgas-Favicon.png","contentUrl":"https:\/\/fast-gas.com\/wp-content\/uploads\/2025\/03\/cropped-Fastgas-Favicon.png","width":512,"height":512,"caption":"FastGas - Helium, CO2 & N2O Wholesale"},"image":{"@id":"https:\/\/fast-gas.com\/fr\/#\/schema\/logo\/image\/"},"sameAs":["https:\/\/facebook.com\/wearefastgas","https:\/\/www.youtube.com\/channel\/UCV5w9vrihWFu0yM7SZzQfVQ\/videos","https:\/\/instagram.com\/fastgas.official"]}]}},"_links":{"self":[{"href":"https:\/\/fast-gas.com\/fr\/wp-json\/wp\/v2\/product\/42144","targetHints":{"allow":["GET"]}}],"collection":[{"href":"https:\/\/fast-gas.com\/fr\/wp-json\/wp\/v2\/product"}],"about":[{"href":"https:\/\/fast-gas.com\/fr\/wp-json\/wp\/v2\/types\/product"}],"wp:featuredmedia":[{"embeddable":true,"href":"https:\/\/fast-gas.com\/fr\/wp-json\/wp\/v2\/media\/42747"}],"wp:attachment":[{"href":"https:\/\/fast-gas.com\/fr\/wp-json\/wp\/v2\/media?parent=42144"}],"wp:term":[{"taxonomy":"product_brand","embeddable":true,"href":"https:\/\/fast-gas.com\/fr\/wp-json\/wp\/v2\/product_brand?post=42144"},{"taxonomy":"product_cat","embeddable":true,"href":"https:\/\/fast-gas.com\/fr\/wp-json\/wp\/v2\/product_cat?post=42144"},{"taxonomy":"product_tag","embeddable":true,"href":"https:\/\/fast-gas.com\/fr\/wp-json\/wp\/v2\/product_tag?post=42144"}],"curies":[{"name":"wp","href":"https:\/\/api.w.org\/{rel}","templated":true}]}}