{"id":2049,"date":"2022-02-21T13:04:54","date_gmt":"2022-02-21T13:04:54","guid":{"rendered":"https:\/\/fast-gas.com\/?page_id=2049"},"modified":"2025-04-03T16:59:11","modified_gmt":"2025-04-03T14:59:11","slug":"bonbonne-n2o","status":"publish","type":"page","link":"https:\/\/fast-gas.com\/fr\/bonbonne-n2o\/","title":{"rendered":"Bonbonne protoxyde d&#8217;azote"},"content":{"rendered":"<p>L&#8217;achat de <a href=\"https:\/\/fast-gas.com\/fr\/produit\/cylindre-original-oxyde-nitreux-fastgas\/\">Bonbonne N2O Cream Deluxe gaz<\/a> permet de r\u00e9partir uniform\u00e9ment la cr\u00e8me sur les g\u00e2teaux ou p\u00e2tisseries, car le protoxyde d&#8217;azote se trouve dans ce que l&#8217;on appelle le bonbonne N2O Cream Deluxe gaz. Qui aurait pens\u00e9 que le gaz au nom un peu \u00e9trange pouvait avoir autant d&#8217;utilit\u00e9s ? Non seulement nous sommes surpris et expliquons dans l&#8217;article suivant pourquoi l&#8217;achat de n2o aupr\u00e8s du fournisseur sp\u00e9cialis\u00e9 allemand est une bonne et s\u00fbre d\u00e9cision.<\/p>\n<p style=\"text-align: center;\"><a class=\"button button--primary hero__button\" href=\"https:\/\/fast-gas.com\/fr\/distributeur\/\">Devenez Distributeur<\/a><\/p>\n<h2>Bonbonne N2O achat<\/h2>\n<p>Le premier regard sur la page d&#8217;accueil du fournisseur montre une image clairement structur\u00e9e avec diff\u00e9rentes cat\u00e9gories sur le c\u00f4t\u00e9 gauche et du texte et des photos continus sur le c\u00f4t\u00e9 droit. Le client doit pouvoir trouver simplement et facilement le produit souhait\u00e9 et l&#8217;avoir chez lui tout aussi rapidement. Le service mais aussi la confidentialit\u00e9 sont tr\u00e8s importants ici, c&#8217;est pourquoi les colis sont envoy\u00e9s discr\u00e8tement et sans publicit\u00e9. De plus, l&#8217;entreprise dispose d&#8217;un entrep\u00f4t bien approvisionn\u00e9 des marques les plus vendues afin de pouvoir livrer de mani\u00e8re fiable m\u00eame en cas de demande accrue.<\/p>\n<p>Ces produits phares incluent \u00e9galement ceux de la marque Kayser ou, par exemple, Mosa. N\u00e9anmoins, tous les autres produits propos\u00e9s sont optimis\u00e9s pour la s\u00e9curit\u00e9, certifi\u00e9s et garantis s\u00fbrs, notamment parce que <a href=\"https:\/\/fast-gas.com\/fr\/\">Fast-gas.com<\/a> travaille depuis ce pays, l&#8217;un des pays o\u00f9 les contr\u00f4les de produits sont les plus stricts au monde. Le bon prix est \u00e9galement perceptible lors de l&#8217;achat de <a href=\"https:\/\/fast-gas.com\/fr\/5-vendeurs-de-bonbonne-n2o-alternatifs-cream-deluxe\/\">N2O Cream Deluxe gaz<\/a>, car cela est \u00e9galement crucial pour la satisfaction du client.<\/p>\n<p>Le choix des produits ne laisse rien \u00e0 d\u00e9sirer, afin que chacun puisse trouver sa cartouche n2o adapt\u00e9e. Acheter du n2o ici signifie ne plus jamais avoir \u00e0 \u00e9conomiser sur une cr\u00e8me d\u00e9licieuse car la cartouche a soudainement rendu l&#8217;\u00e2me. Bien s\u00fbr, il en va de m\u00eame pour une f\u00eate, avec ces cartouches, vous ne manquerez jamais d&#8217;air (ou de protoxyde d&#8217;azote). La gamme de produits est fortement adapt\u00e9e aux besoins des clients, mais le gaz lui-m\u00eame a \u00e9galement des propri\u00e9t\u00e9s particuli\u00e8res, car il est comestible, insipide, invisible et ininflammable. Un vrai gaz magique.<\/p>\n<h2>Cartouche N2O<\/h2>\n<p>Apr\u00e8s tout, lorsque vous achetez du N2O sur <a href=\"https:\/\/fast-gas.com\/fr\/\">Fast-gas.com<\/a>, vous r\u00e9alisez que l&#8217;exp\u00e9rience d&#8217;achat id\u00e9ale doit \u00eatre obtenue pour chaque client gr\u00e2ce \u00e0 une vari\u00e9t\u00e9 d&#8217;options d&#8217;exp\u00e9dition. Si vous achetez plus, vous b\u00e9n\u00e9ficiez d&#8217;une r\u00e9duction sur certaines offres, et si vous le souhaitez, vous pouvez \u00e9galement commander le reste des accessoires de f\u00eate en m\u00eame temps, m\u00eame quelque chose \u00e0 grignoter. Si vous voulez acheter N2O ici, vous ne pouvez pas vous tromper, car le prix, la qualit\u00e9 et le service chez bonbonne n2o sont toujours amusants !<\/p>\n<p>C&#8217;est un excellent site Web o\u00f9 vous pouvez vous procurer des distributeurs de cr\u00e8me fouett\u00e9e, du <a href=\"https:\/\/fast-gas.com\/fr\/produit\/cylindre-original-oxyde-nitreux-fastgas\/\">Cream Deluxe gaz N2O<\/a> et du bonbonne azote. Un r\u00eave! Avec la cartouche n20 et le sorbeti\u00e8re ou sorbeti\u00e8re, je peux faire n&#8217;importe quelle cr\u00e8me ! Peu importe que ce soit de la chantilly, de la mousse au chocolat ou mes propres saveurs que je mets dans le cartouche n2o. Il existe de nombreuses buses de la bonbonne n2o avec diff\u00e9rents r\u00e9sultats de cr\u00e8me. Bonbonne azote m&#8217;assure d&#8217;obtenir toujours la cr\u00e8me fouett\u00e9e parfaite tr\u00e8s rapidement ! Qu&#8217;il<\/p>\n<p>soit frapp\u00e9 fort ou l\u00e2che. Depuis lors, le caf\u00e9 ou les g\u00e2teaux ont encore meilleur go\u00fbt ! La meilleure partie est que je n&#8217;ai plus \u00e0 passer des heures \u00e0 fouetter la cr\u00e8me avec un fouet. Cela n&#8217;a donn\u00e9 que des douleurs musculaires et a pris une \u00e9ternit\u00e9.<\/p>\n","protected":false},"excerpt":{"rendered":"<p>L&#8217;achat de Bonbonne N2O Cream Deluxe gaz permet de r\u00e9partir uniform\u00e9ment la cr\u00e8me sur les g\u00e2teaux ou p\u00e2tisseries, car le protoxyde d&#8217;azote se trouve dans ce que l&#8217;on appelle le bonbonne N2O Cream Deluxe gaz. Qui aurait pens\u00e9 que le gaz au nom un peu \u00e9trange pouvait avoir autant d&#8217;utilit\u00e9s ? Non seulement nous sommes [&hellip;]<\/p>\n","protected":false},"author":5216,"featured_media":15351,"parent":0,"menu_order":0,"comment_status":"closed","ping_status":"closed","template":"","meta":{"_acf_changed":false,"footnotes":""},"class_list":["post-2049","page","type-page","status-publish","has-post-thumbnail","hentry"],"acf":[],"yoast_head":"<!-- This site is optimized with the Yoast SEO plugin v27.4 - https:\/\/yoast.com\/product\/yoast-seo-wordpress\/ -->\n<title>Bonbonne protoxyde d&#039;azote Cream Deluxe Gaz | FastGas<\/title>\n<meta name=\"description\" content=\"Nous vous expliquerons pourquoi le protoxyde d&#039;azote d&#039;un sp\u00e9cialiste comme Cream Deluxe ou FastGas est une d\u00e9cision plus s\u00fbre.\" \/>\n<meta name=\"robots\" content=\"index, follow, max-snippet:-1, max-image-preview:large, max-video-preview:-1\" \/>\n<link rel=\"canonical\" href=\"https:\/\/fast-gas.com\/fr\/bonbonne-n2o\/\" \/>\n<meta property=\"og:locale\" content=\"fr_FR\" \/>\n<meta property=\"og:type\" content=\"article\" \/>\n<meta property=\"og:title\" content=\"Bonbonne protoxyde d&#039;azote Cream Deluxe Gaz | FastGas\" \/>\n<meta property=\"og:description\" content=\"Nous vous expliquerons pourquoi le protoxyde d&#039;azote d&#039;un sp\u00e9cialiste comme Cream Deluxe ou FastGas est une d\u00e9cision plus s\u00fbre.\" \/>\n<meta property=\"og:url\" content=\"https:\/\/fast-gas.com\/fr\/bonbonne-n2o\/\" \/>\n<meta property=\"og:site_name\" content=\"FastGas\" \/>\n<meta property=\"article:publisher\" content=\"https:\/\/facebook.com\/wearefastgas\" \/>\n<meta property=\"article:modified_time\" content=\"2025-04-03T14:59:11+00:00\" \/>\n<meta property=\"og:image\" content=\"https:\/\/fast-gas.com\/wp-content\/uploads\/2022\/01\/N2O-Front-White-BG.jpg\" \/>\n\t<meta property=\"og:image:width\" content=\"1000\" \/>\n\t<meta property=\"og:image:height\" content=\"1000\" \/>\n\t<meta property=\"og:image:type\" content=\"image\/jpeg\" \/>\n<meta name=\"twitter:card\" content=\"summary_large_image\" \/>\n<meta name=\"twitter:label1\" content=\"Est. reading time\" \/>\n\t<meta name=\"twitter:data1\" content=\"3 minutes\" \/>\n<script type=\"application\/ld+json\" class=\"yoast-schema-graph\">{\"@context\":\"https:\\\/\\\/schema.org\",\"@graph\":[{\"@type\":[\"Article\",\"BlogPosting\"],\"@id\":\"https:\\\/\\\/fast-gas.com\\\/fr\\\/bonbonne-n2o\\\/#article\",\"isPartOf\":{\"@id\":\"https:\\\/\\\/fast-gas.com\\\/fr\\\/bonbonne-n2o\\\/\"},\"author\":{\"name\":\"Bro FastGas\",\"@id\":\"https:\\\/\\\/fast-gas.com\\\/fr\\\/#\\\/schema\\\/person\\\/4b3a9beffb469faf985fef2c2b684689\"},\"headline\":\"Bonbonne protoxyde d&#8217;azote\",\"datePublished\":\"2022-02-21T13:04:54+00:00\",\"dateModified\":\"2025-04-03T14:59:11+00:00\",\"mainEntityOfPage\":{\"@id\":\"https:\\\/\\\/fast-gas.com\\\/fr\\\/bonbonne-n2o\\\/\"},\"wordCount\":683,\"publisher\":{\"@id\":\"https:\\\/\\\/fast-gas.com\\\/fr\\\/#organization\"},\"image\":{\"@id\":\"https:\\\/\\\/fast-gas.com\\\/fr\\\/bonbonne-n2o\\\/#primaryimage\"},\"thumbnailUrl\":\"https:\\\/\\\/fast-gas.com\\\/wp-content\\\/uploads\\\/2022\\\/01\\\/N2O-Front-White-BG.jpg\",\"inLanguage\":\"fr-FR\"},{\"@type\":\"WebPage\",\"@id\":\"https:\\\/\\\/fast-gas.com\\\/fr\\\/bonbonne-n2o\\\/\",\"url\":\"https:\\\/\\\/fast-gas.com\\\/fr\\\/bonbonne-n2o\\\/\",\"name\":\"Bonbonne protoxyde d'azote Cream Deluxe Gaz | FastGas\",\"isPartOf\":{\"@id\":\"https:\\\/\\\/fast-gas.com\\\/fr\\\/#website\"},\"primaryImageOfPage\":{\"@id\":\"https:\\\/\\\/fast-gas.com\\\/fr\\\/bonbonne-n2o\\\/#primaryimage\"},\"image\":{\"@id\":\"https:\\\/\\\/fast-gas.com\\\/fr\\\/bonbonne-n2o\\\/#primaryimage\"},\"thumbnailUrl\":\"https:\\\/\\\/fast-gas.com\\\/wp-content\\\/uploads\\\/2022\\\/01\\\/N2O-Front-White-BG.jpg\",\"datePublished\":\"2022-02-21T13:04:54+00:00\",\"dateModified\":\"2025-04-03T14:59:11+00:00\",\"description\":\"Nous vous expliquerons pourquoi le protoxyde d'azote d'un sp\u00e9cialiste comme Cream Deluxe ou FastGas est une d\u00e9cision plus s\u00fbre.\",\"breadcrumb\":{\"@id\":\"https:\\\/\\\/fast-gas.com\\\/fr\\\/bonbonne-n2o\\\/#breadcrumb\"},\"inLanguage\":\"fr-FR\",\"potentialAction\":[{\"@type\":\"ReadAction\",\"target\":[\"https:\\\/\\\/fast-gas.com\\\/fr\\\/bonbonne-n2o\\\/\"]}]},{\"@type\":\"ImageObject\",\"inLanguage\":\"fr-FR\",\"@id\":\"https:\\\/\\\/fast-gas.com\\\/fr\\\/bonbonne-n2o\\\/#primaryimage\",\"url\":\"https:\\\/\\\/fast-gas.com\\\/wp-content\\\/uploads\\\/2022\\\/01\\\/N2O-Front-White-BG.jpg\",\"contentUrl\":\"https:\\\/\\\/fast-gas.com\\\/wp-content\\\/uploads\\\/2022\\\/01\\\/N2O-Front-White-BG.jpg\",\"width\":1000,\"height\":1000},{\"@type\":\"BreadcrumbList\",\"@id\":\"https:\\\/\\\/fast-gas.com\\\/fr\\\/bonbonne-n2o\\\/#breadcrumb\",\"itemListElement\":[{\"@type\":\"ListItem\",\"position\":1,\"name\":\"Home\",\"item\":\"https:\\\/\\\/fast-gas.com\\\/fr\\\/\"},{\"@type\":\"ListItem\",\"position\":2,\"name\":\"Bonbonne protoxyde d&#8217;azote\"}]},{\"@type\":\"WebSite\",\"@id\":\"https:\\\/\\\/fast-gas.com\\\/fr\\\/#website\",\"url\":\"https:\\\/\\\/fast-gas.com\\\/fr\\\/\",\"name\":\"FastGas\",\"description\":\"N2O Cream Chargers\",\"publisher\":{\"@id\":\"https:\\\/\\\/fast-gas.com\\\/fr\\\/#organization\"},\"potentialAction\":[{\"@type\":\"SearchAction\",\"target\":{\"@type\":\"EntryPoint\",\"urlTemplate\":\"https:\\\/\\\/fast-gas.com\\\/fr\\\/?s={search_term_string}\"},\"query-input\":{\"@type\":\"PropertyValueSpecification\",\"valueRequired\":true,\"valueName\":\"search_term_string\"}}],\"inLanguage\":\"fr-FR\"},{\"@type\":\"Organization\",\"@id\":\"https:\\\/\\\/fast-gas.com\\\/fr\\\/#organization\",\"name\":\"FastGas - Helium, CO2 & N2O Wholesale\",\"alternateName\":\"Fast Gas\",\"url\":\"https:\\\/\\\/fast-gas.com\\\/fr\\\/\",\"logo\":{\"@type\":\"ImageObject\",\"inLanguage\":\"fr-FR\",\"@id\":\"https:\\\/\\\/fast-gas.com\\\/fr\\\/#\\\/schema\\\/logo\\\/image\\\/\",\"url\":\"https:\\\/\\\/fast-gas.com\\\/wp-content\\\/uploads\\\/2025\\\/03\\\/cropped-Fastgas-Favicon.png\",\"contentUrl\":\"https:\\\/\\\/fast-gas.com\\\/wp-content\\\/uploads\\\/2025\\\/03\\\/cropped-Fastgas-Favicon.png\",\"width\":512,\"height\":512,\"caption\":\"FastGas - Helium, CO2 & N2O Wholesale\"},\"image\":{\"@id\":\"https:\\\/\\\/fast-gas.com\\\/fr\\\/#\\\/schema\\\/logo\\\/image\\\/\"},\"sameAs\":[\"https:\\\/\\\/facebook.com\\\/wearefastgas\",\"https:\\\/\\\/www.youtube.com\\\/channel\\\/UCV5w9vrihWFu0yM7SZzQfVQ\\\/videos\",\"https:\\\/\\\/instagram.com\\\/fastgas.official\"]},{\"@type\":\"Person\",\"@id\":\"https:\\\/\\\/fast-gas.com\\\/fr\\\/#\\\/schema\\\/person\\\/4b3a9beffb469faf985fef2c2b684689\",\"name\":\"Bro FastGas\",\"description\":\"Meet our Culinary Gas &amp; Tech Editor: pioneering N2O, CO2, and cream charger innovations with recipes, reviews, and cutting-edge insights.\",\"url\":\"https:\\\/\\\/fast-gas.com\\\/fr\\\/author\\\/iryna\\\/\"}]}<\/script>\n<!-- \/ Yoast SEO plugin. -->","yoast_head_json":{"title":"Bonbonne protoxyde d'azote Cream Deluxe Gaz | FastGas","description":"Nous vous expliquerons pourquoi le protoxyde d'azote d'un sp\u00e9cialiste comme Cream Deluxe ou FastGas est une d\u00e9cision plus s\u00fbre.","robots":{"index":"index","follow":"follow","max-snippet":"max-snippet:-1","max-image-preview":"max-image-preview:large","max-video-preview":"max-video-preview:-1"},"canonical":"https:\/\/fast-gas.com\/fr\/bonbonne-n2o\/","og_locale":"fr_FR","og_type":"article","og_title":"Bonbonne protoxyde d'azote Cream Deluxe Gaz | FastGas","og_description":"Nous vous expliquerons pourquoi le protoxyde d'azote d'un sp\u00e9cialiste comme Cream Deluxe ou FastGas est une d\u00e9cision plus s\u00fbre.","og_url":"https:\/\/fast-gas.com\/fr\/bonbonne-n2o\/","og_site_name":"FastGas","article_publisher":"https:\/\/facebook.com\/wearefastgas","article_modified_time":"2025-04-03T14:59:11+00:00","og_image":[{"width":1000,"height":1000,"url":"https:\/\/fast-gas.com\/wp-content\/uploads\/2022\/01\/N2O-Front-White-BG.jpg","type":"image\/jpeg"}],"twitter_card":"summary_large_image","twitter_misc":{"Est. reading time":"3 minutes"},"schema":{"@context":"https:\/\/schema.org","@graph":[{"@type":["Article","BlogPosting"],"@id":"https:\/\/fast-gas.com\/fr\/bonbonne-n2o\/#article","isPartOf":{"@id":"https:\/\/fast-gas.com\/fr\/bonbonne-n2o\/"},"author":{"name":"Bro FastGas","@id":"https:\/\/fast-gas.com\/fr\/#\/schema\/person\/4b3a9beffb469faf985fef2c2b684689"},"headline":"Bonbonne protoxyde d&#8217;azote","datePublished":"2022-02-21T13:04:54+00:00","dateModified":"2025-04-03T14:59:11+00:00","mainEntityOfPage":{"@id":"https:\/\/fast-gas.com\/fr\/bonbonne-n2o\/"},"wordCount":683,"publisher":{"@id":"https:\/\/fast-gas.com\/fr\/#organization"},"image":{"@id":"https:\/\/fast-gas.com\/fr\/bonbonne-n2o\/#primaryimage"},"thumbnailUrl":"https:\/\/fast-gas.com\/wp-content\/uploads\/2022\/01\/N2O-Front-White-BG.jpg","inLanguage":"fr-FR"},{"@type":"WebPage","@id":"https:\/\/fast-gas.com\/fr\/bonbonne-n2o\/","url":"https:\/\/fast-gas.com\/fr\/bonbonne-n2o\/","name":"Bonbonne protoxyde d'azote Cream Deluxe Gaz | FastGas","isPartOf":{"@id":"https:\/\/fast-gas.com\/fr\/#website"},"primaryImageOfPage":{"@id":"https:\/\/fast-gas.com\/fr\/bonbonne-n2o\/#primaryimage"},"image":{"@id":"https:\/\/fast-gas.com\/fr\/bonbonne-n2o\/#primaryimage"},"thumbnailUrl":"https:\/\/fast-gas.com\/wp-content\/uploads\/2022\/01\/N2O-Front-White-BG.jpg","datePublished":"2022-02-21T13:04:54+00:00","dateModified":"2025-04-03T14:59:11+00:00","description":"Nous vous expliquerons pourquoi le protoxyde d'azote d'un sp\u00e9cialiste comme Cream Deluxe ou FastGas est une d\u00e9cision plus s\u00fbre.","breadcrumb":{"@id":"https:\/\/fast-gas.com\/fr\/bonbonne-n2o\/#breadcrumb"},"inLanguage":"fr-FR","potentialAction":[{"@type":"ReadAction","target":["https:\/\/fast-gas.com\/fr\/bonbonne-n2o\/"]}]},{"@type":"ImageObject","inLanguage":"fr-FR","@id":"https:\/\/fast-gas.com\/fr\/bonbonne-n2o\/#primaryimage","url":"https:\/\/fast-gas.com\/wp-content\/uploads\/2022\/01\/N2O-Front-White-BG.jpg","contentUrl":"https:\/\/fast-gas.com\/wp-content\/uploads\/2022\/01\/N2O-Front-White-BG.jpg","width":1000,"height":1000},{"@type":"BreadcrumbList","@id":"https:\/\/fast-gas.com\/fr\/bonbonne-n2o\/#breadcrumb","itemListElement":[{"@type":"ListItem","position":1,"name":"Home","item":"https:\/\/fast-gas.com\/fr\/"},{"@type":"ListItem","position":2,"name":"Bonbonne protoxyde d&#8217;azote"}]},{"@type":"WebSite","@id":"https:\/\/fast-gas.com\/fr\/#website","url":"https:\/\/fast-gas.com\/fr\/","name":"FastGas","description":"N2O Cream Chargers","publisher":{"@id":"https:\/\/fast-gas.com\/fr\/#organization"},"potentialAction":[{"@type":"SearchAction","target":{"@type":"EntryPoint","urlTemplate":"https:\/\/fast-gas.com\/fr\/?s={search_term_string}"},"query-input":{"@type":"PropertyValueSpecification","valueRequired":true,"valueName":"search_term_string"}}],"inLanguage":"fr-FR"},{"@type":"Organization","@id":"https:\/\/fast-gas.com\/fr\/#organization","name":"FastGas - Helium, CO2 & N2O Wholesale","alternateName":"Fast Gas","url":"https:\/\/fast-gas.com\/fr\/","logo":{"@type":"ImageObject","inLanguage":"fr-FR","@id":"https:\/\/fast-gas.com\/fr\/#\/schema\/logo\/image\/","url":"https:\/\/fast-gas.com\/wp-content\/uploads\/2025\/03\/cropped-Fastgas-Favicon.png","contentUrl":"https:\/\/fast-gas.com\/wp-content\/uploads\/2025\/03\/cropped-Fastgas-Favicon.png","width":512,"height":512,"caption":"FastGas - Helium, CO2 & N2O Wholesale"},"image":{"@id":"https:\/\/fast-gas.com\/fr\/#\/schema\/logo\/image\/"},"sameAs":["https:\/\/facebook.com\/wearefastgas","https:\/\/www.youtube.com\/channel\/UCV5w9vrihWFu0yM7SZzQfVQ\/videos","https:\/\/instagram.com\/fastgas.official"]},{"@type":"Person","@id":"https:\/\/fast-gas.com\/fr\/#\/schema\/person\/4b3a9beffb469faf985fef2c2b684689","name":"Bro FastGas","description":"Meet our Culinary Gas &amp; Tech Editor: pioneering N2O, CO2, and cream charger innovations with recipes, reviews, and cutting-edge insights.","url":"https:\/\/fast-gas.com\/fr\/author\/iryna\/"}]}},"_links":{"self":[{"href":"https:\/\/fast-gas.com\/fr\/wp-json\/wp\/v2\/pages\/2049","targetHints":{"allow":["GET"]}}],"collection":[{"href":"https:\/\/fast-gas.com\/fr\/wp-json\/wp\/v2\/pages"}],"about":[{"href":"https:\/\/fast-gas.com\/fr\/wp-json\/wp\/v2\/types\/page"}],"author":[{"embeddable":true,"href":"https:\/\/fast-gas.com\/fr\/wp-json\/wp\/v2\/users\/5216"}],"replies":[{"embeddable":true,"href":"https:\/\/fast-gas.com\/fr\/wp-json\/wp\/v2\/comments?post=2049"}],"version-history":[{"count":15,"href":"https:\/\/fast-gas.com\/fr\/wp-json\/wp\/v2\/pages\/2049\/revisions"}],"predecessor-version":[{"id":39925,"href":"https:\/\/fast-gas.com\/fr\/wp-json\/wp\/v2\/pages\/2049\/revisions\/39925"}],"wp:featuredmedia":[{"embeddable":true,"href":"https:\/\/fast-gas.com\/fr\/wp-json\/wp\/v2\/media\/15351"}],"wp:attachment":[{"href":"https:\/\/fast-gas.com\/fr\/wp-json\/wp\/v2\/media?parent=2049"}],"curies":[{"name":"wp","href":"https:\/\/api.w.org\/{rel}","templated":true}]}}