{"id":2047,"date":"2022-02-21T13:04:35","date_gmt":"2022-02-21T13:04:35","guid":{"rendered":"https:\/\/fast-gas.com\/?page_id=2047"},"modified":"2024-12-20T08:03:09","modified_gmt":"2024-12-20T08:03:09","slug":"cartouche-protoxyde-dazote","status":"publish","type":"page","link":"https:\/\/fast-gas.com\/fr\/cartouche-protoxyde-dazote\/","title":{"rendered":"Cartouche protoxyde d&#8217;azote"},"content":{"rendered":"<h1>Cartouche protoxyde d&#8217;azote<\/h1>\n<p><a href=\"https:\/\/fast-gas.com\/fr\/siphon-chantilly-tout-ce-que-vous-devez-savoir\/\">Les sifon de cr\u00e8me<\/a> deviennent de plus en plus populaires. Les chefs professionnels et amateurs ne jurent que par le doseur de cr\u00e8me avec la cartouche de protoxyde d&#8217;azote associ\u00e9e. Avec le distributeur de cr\u00e8me fouett\u00e9e, la cr\u00e8me fouett\u00e9e est meilleure que jamais. Les desserts peuvent facilement \u00eatre saut\u00e9s. Ne vous inqui\u00e9tez pas si le dessert gardera sa forme. La boutique professionnelle : <a href=\"https:\/\/fast-gas.com\/fr\/\">Fast-gas.com<\/a> dispose de la cartouche sp\u00e9ciale <a href=\"https:\/\/fast-gas.com\/fr\/protoxyde-dazote\/\">protoxyde d&#8217;azote<\/a>. Le cocktail et le dessert sont couronn\u00e9s de gloire. Le go\u00fbt l\u00e9ger et incomparable du soleil, de la plage et de la sensation de vacances est d\u00e9sormais disponible dans chaque bar, f\u00eate et dans la cuisine. Le go\u00fbt fond sur la langue et ne laisse aucune saveur artificielle.<\/p>\n<h2>Cartouche protoxyde d&#8217;azote achat<\/h2>\n<p>Avec la cartouche protoxyde d&#8217;azote chaque nappage \u00e0 la cr\u00e8me est un succ\u00e8s. Chaque cocktail tendance offre un moment de surprise avec la garniture \u00e0 la cr\u00e8me tropicale. Rien de tel ne s&#8217;est jamais produit auparavant. Les cr\u00e9ations culinaires \u00e0 la cr\u00e8me sont un r\u00e9gal pour les yeux et le palais. Le syst\u00e8me de capsule garantit le succ\u00e8s. La consistance diff\u00e8re des distributeurs de cr\u00e8me habituels. Le syst\u00e8me de capsules et le distributeur de cr\u00e8me cr\u00e9ent la pression parfaite pour une mousse coh\u00e9rente et cr\u00e9meuse. Diff\u00e9rentes consistances peuvent \u00eatre cr\u00e9\u00e9es avec diff\u00e9rentes pressions.<\/p>\n<p>Le <a href=\"https:\/\/fast-gas.com\/fr\/cream-deluxe-alternative-en-france\/\">Cream Deluxe gaz<\/a> est facile \u00e0 nettoyer. Les cartouches peuvent \u00eatre \u00e9chang\u00e9es et command\u00e9es \u00e0 tout moment. Diff\u00e9rentes consistances peuvent \u00eatre cr\u00e9\u00e9es avec diff\u00e9rentes pressions. Si des pi\u00e8ces de rechange sont n\u00e9cessaires, elles peuvent simplement \u00eatre command\u00e9es \u00e0 nouveau. Un distributeur de cr\u00e8me pr\u00e9sente l&#8217;avantage que le fouettage laborieux de la cr\u00e8me n&#8217;est plus n\u00e9cessaire. Avec la cartouche de protoxyde d&#8217;azote, le nappage de cr\u00e8me parfait est cr\u00e9\u00e9 en quelques secondes. Ceux qui aiment exp\u00e9rimenter en cuisine ou dans leur bar appr\u00e9cieront les saveurs exotiques. La mousse parfaite est cr\u00e9\u00e9e avec la cartouche de protoxyde d&#8217;azote. Et avec l&#8217;exotique cartouche protoxyde d&#8217;azote vous pourrez cr\u00e9er des sauces raffin\u00e9es. Une sauce sucr\u00e9e sur la glace revigore le corps et l&#8217;esprit. Une sauce fruit\u00e9e, chaude et cr\u00e9meuse sur le riz au jasmin moelleux cr\u00e9e une sophistication particuli\u00e8re.<\/p>\n<h2>Distributeur Cartouche protoxyde d&#8217;azote<\/h2>\n<p>La garniture \u00e0 la cr\u00e8me peut \u00e9galement \u00eatre saupoudr\u00e9e de chocolat ou de noix de coco r\u00e2p\u00e9e. L&#8217;imagination ne conna\u00eet pas de limites. L&#8217;\u00e9t\u00e9 se prolonge en automne. Et quand le blues de novembre frappe le pays, c&#8217;est l&#8217;heure du cocktail local avec sorbeti\u00e8re et <a href=\"https:\/\/fast-gas.com\/fr\/siphon-chantilly-tout-ce-que-vous-devez-savoir\/\">chantilly siphon<\/a> \u00e0 cartouche de <a href=\"https:\/\/fast-gas.com\/fr\/\">Fast-gas.com<\/a>. La bo\u00eete de rangement est utile pour qu&#8217;il y ait toujours suffisamment de stock dans la maison. Car l&#8217;exp\u00e9rience montre que les g\u00e9lules sont utilis\u00e9es plus souvent. Ils sont polyvalents et raffinent de nombreux plats dans toutes les cuisines gastronomiques. Les professionnels des bars et des clubs ne jurent que par l&#8217;exotique siphon \u00e0 gaz \u00e0 cartouche. D\u00e9sormais, ils sont rendus accessibles au grand public. Passez simplement la commande souhait\u00e9e avec tous les accessoires en ligne sur Fast-gas.com.<\/p>\n<p>Gr\u00e2ce aux diff\u00e9rentes options de commande, le client peut utiliser toutes les remises sur quantit\u00e9 et ne rien manquer d&#8217;important. En plus du cartouche chantilly, tout le monde peut acheter des collations telles que des bretzels ou les importants cartouches chantilly. En r\u00e9sum\u00e9, Fast Gas est une boutique tr\u00e8s compl\u00e8te qui valorise la qualit\u00e9, la s\u00e9curit\u00e9 et le service \u00e0 des prix tr\u00e8s comp\u00e9titifs. Acheter ici est : Recommand\u00e9 !<\/p>\n<h2>Cartouche helium siphon chantilly<\/h2>\n<p>Gr\u00e2ce aux diff\u00e9rentes options de commande, le client peut utiliser toutes les remises sur quantit\u00e9 et ne rien manquer d&#8217;important. En plus des <a href=\"https:\/\/fast-gas.com\/fr\/siphon-chantilly-tout-ce-que-vous-devez-savoir\/\">siphons<\/a> \u00e0 cartouches, chacun peut acheter des collations telles que des bretzels ou les importantes chantilly \u00e0 cartouches. En r\u00e9sum\u00e9, Fast-gas.com est une boutique tr\u00e8s compl\u00e8te qui valorise la qualit\u00e9, la s\u00e9curit\u00e9 et le service \u00e0 des prix tr\u00e8s comp\u00e9titifs. Acheter ici est : Recommand\u00e9 !<\/p>\n<p>Si vous n&#8217;associez le <a href=\"https:\/\/fast-gas.com\/fr\/protoxyde-dazote\/\">protoxyde d&#8217;azote<\/a> qu&#8217;\u00e0 une voix particuli\u00e8rement forte et des voitures rapides, vous en apprendrez encore beaucoup sur les diff\u00e9rentes utilisations possibles en cuisine et en g\u00e9n\u00e9ral. Parce que le protoxyde d&#8217;azote (protoxyde d&#8217;azote scientifique ou N2O) n&#8217;est pas seulement adapt\u00e9 pour gonfler les cartouches de chantilly, mais peut aussi \u00eatre tr\u00e8s amusant avant la f\u00eate. Parce qu&#8217;un <a href=\"https:\/\/fast-gas.com\/fr\/5-vendeurs-de-bonbonne-n2o-alternatifs-cream-deluxe\/\">Cream Deluxe gaz<\/a> avec des ouvre-cr\u00e8mes tout aussi \u00e9l\u00e9gants aide \u00e0 d\u00e9corer les p\u00e2tisseries et les g\u00e2teaux d&#8217;une mani\u00e8re vraiment festive. Et l&#8217;article suivant explique pourquoi vous devriez acheter un tr\u00e8s bon ouvre-bouteille de cr\u00e8me sur Fast-gas.com.<\/p>\n<p>En plus du protoxyde d&#8217;azote, d&#8217;autres aliments tels que des collations ou d&#8217;autres accessoires de protoxyde d&#8217;azote peuvent \u00e9galement \u00eatre achet\u00e9s sur Fast-gas.com. Dans l&#8217;ensemble, le sp\u00e9cialiste du protoxyde d&#8217;azote bas\u00e9 dans ce pays vaut vraiment le d\u00e9tour.<\/p>\n<p>Quiconque a d\u00e9j\u00e0 assist\u00e9 \u00e0 une grande f\u00eate conna\u00eet la vue d&#8217;innombrables cartouches de chantilly flottants, qui ravissent les invit\u00e9s de tous \u00e2ges. Mais le protoxyde d&#8217;azote ne devient pas une charge.<\/p>\n","protected":false},"excerpt":{"rendered":"<p>Cartouche protoxyde d&#8217;azote Les sifon de cr\u00e8me deviennent de plus en plus populaires. Les chefs professionnels et amateurs ne jurent que par le doseur de cr\u00e8me avec la cartouche de protoxyde d&#8217;azote associ\u00e9e. Avec le distributeur de cr\u00e8me fouett\u00e9e, la cr\u00e8me fouett\u00e9e est meilleure que jamais. Les desserts peuvent facilement \u00eatre saut\u00e9s. Ne vous inqui\u00e9tez [&hellip;]<\/p>\n","protected":false},"author":5216,"featured_media":0,"parent":0,"menu_order":0,"comment_status":"closed","ping_status":"closed","template":"","meta":{"_acf_changed":false,"footnotes":""},"class_list":["post-2047","page","type-page","status-publish","hentry"],"acf":[],"yoast_head":"<!-- This site is optimized with the Yoast SEO plugin v27.2 - https:\/\/yoast.com\/product\/yoast-seo-wordpress\/ -->\n<title>Achat Cartouche Protoxyde d&#039;Azote | FastGas<\/title>\n<meta name=\"description\" content=\"Les siphon chantilly deviennent de plus populaires. Les chefs professionnels ne jurent que par le siphon chantilly avec la protoxyde d\u2019azote.\" \/>\n<meta name=\"robots\" content=\"index, follow, max-snippet:-1, max-image-preview:large, max-video-preview:-1\" \/>\n<link rel=\"canonical\" href=\"https:\/\/fast-gas.com\/fr\/cartouche-protoxyde-dazote\/\" \/>\n<meta property=\"og:locale\" content=\"fr_FR\" \/>\n<meta property=\"og:type\" content=\"article\" \/>\n<meta property=\"og:title\" content=\"Achat Cartouche Protoxyde d&#039;Azote | FastGas\" \/>\n<meta property=\"og:description\" content=\"Les siphon chantilly deviennent de plus populaires. Les chefs professionnels ne jurent que par le siphon chantilly avec la protoxyde d\u2019azote.\" \/>\n<meta property=\"og:url\" content=\"https:\/\/fast-gas.com\/fr\/cartouche-protoxyde-dazote\/\" \/>\n<meta property=\"og:site_name\" content=\"FastGas\" \/>\n<meta property=\"article:publisher\" content=\"https:\/\/facebook.com\/wearefastgas\" \/>\n<meta property=\"article:modified_time\" content=\"2024-12-20T08:03:09+00:00\" \/>\n<meta property=\"og:image\" content=\"https:\/\/fast-gas.com\/wp-content\/uploads\/2025\/09\/Untitled-design-4.png\" \/>\n\t<meta property=\"og:image:width\" content=\"500\" \/>\n\t<meta property=\"og:image:height\" content=\"500\" \/>\n\t<meta property=\"og:image:type\" content=\"image\/png\" \/>\n<meta name=\"twitter:card\" content=\"summary_large_image\" \/>\n<meta name=\"twitter:label1\" content=\"Est. reading time\" \/>\n\t<meta name=\"twitter:data1\" content=\"4 minutes\" \/>\n<script type=\"application\/ld+json\" class=\"yoast-schema-graph\">{\"@context\":\"https:\/\/schema.org\",\"@graph\":[{\"@type\":\"Article\",\"@id\":\"https:\/\/fast-gas.com\/fr\/cartouche-protoxyde-dazote\/#article\",\"isPartOf\":{\"@id\":\"https:\/\/fast-gas.com\/fr\/cartouche-protoxyde-dazote\/\"},\"author\":{\"name\":\"Bro FastGas\",\"@id\":\"https:\/\/fast-gas.com\/fr\/#\/schema\/person\/4b3a9beffb469faf985fef2c2b684689\"},\"headline\":\"Cartouche protoxyde d&#8217;azote\",\"datePublished\":\"2022-02-21T13:04:35+00:00\",\"dateModified\":\"2024-12-20T08:03:09+00:00\",\"mainEntityOfPage\":{\"@id\":\"https:\/\/fast-gas.com\/fr\/cartouche-protoxyde-dazote\/\"},\"wordCount\":934,\"publisher\":{\"@id\":\"https:\/\/fast-gas.com\/fr\/#organization\"},\"inLanguage\":\"fr-FR\"},{\"@type\":\"WebPage\",\"@id\":\"https:\/\/fast-gas.com\/fr\/cartouche-protoxyde-dazote\/\",\"url\":\"https:\/\/fast-gas.com\/fr\/cartouche-protoxyde-dazote\/\",\"name\":\"Achat Cartouche Protoxyde d'Azote | FastGas\",\"isPartOf\":{\"@id\":\"https:\/\/fast-gas.com\/fr\/#website\"},\"datePublished\":\"2022-02-21T13:04:35+00:00\",\"dateModified\":\"2024-12-20T08:03:09+00:00\",\"description\":\"Les siphon chantilly deviennent de plus populaires. Les chefs professionnels ne jurent que par le siphon chantilly avec la protoxyde d\u2019azote.\",\"breadcrumb\":{\"@id\":\"https:\/\/fast-gas.com\/fr\/cartouche-protoxyde-dazote\/#breadcrumb\"},\"inLanguage\":\"fr-FR\",\"potentialAction\":[{\"@type\":\"ReadAction\",\"target\":[\"https:\/\/fast-gas.com\/fr\/cartouche-protoxyde-dazote\/\"]}]},{\"@type\":\"BreadcrumbList\",\"@id\":\"https:\/\/fast-gas.com\/fr\/cartouche-protoxyde-dazote\/#breadcrumb\",\"itemListElement\":[{\"@type\":\"ListItem\",\"position\":1,\"name\":\"Home\",\"item\":\"https:\/\/fast-gas.com\/fr\/\"},{\"@type\":\"ListItem\",\"position\":2,\"name\":\"Cartouche protoxyde d&#8217;azote\"}]},{\"@type\":\"WebSite\",\"@id\":\"https:\/\/fast-gas.com\/fr\/#website\",\"url\":\"https:\/\/fast-gas.com\/fr\/\",\"name\":\"FastGas\",\"description\":\"N2O Cream Chargers\",\"publisher\":{\"@id\":\"https:\/\/fast-gas.com\/fr\/#organization\"},\"potentialAction\":[{\"@type\":\"SearchAction\",\"target\":{\"@type\":\"EntryPoint\",\"urlTemplate\":\"https:\/\/fast-gas.com\/fr\/?s={search_term_string}\"},\"query-input\":{\"@type\":\"PropertyValueSpecification\",\"valueRequired\":true,\"valueName\":\"search_term_string\"}}],\"inLanguage\":\"fr-FR\"},{\"@type\":\"Organization\",\"@id\":\"https:\/\/fast-gas.com\/fr\/#organization\",\"name\":\"FastGas - Helium, CO2 & N2O Wholesale\",\"alternateName\":\"Fast Gas\",\"url\":\"https:\/\/fast-gas.com\/fr\/\",\"logo\":{\"@type\":\"ImageObject\",\"inLanguage\":\"fr-FR\",\"@id\":\"https:\/\/fast-gas.com\/fr\/#\/schema\/logo\/image\/\",\"url\":\"https:\/\/fast-gas.com\/wp-content\/uploads\/2025\/03\/cropped-Fastgas-Favicon.png\",\"contentUrl\":\"https:\/\/fast-gas.com\/wp-content\/uploads\/2025\/03\/cropped-Fastgas-Favicon.png\",\"width\":512,\"height\":512,\"caption\":\"FastGas - Helium, CO2 & N2O Wholesale\"},\"image\":{\"@id\":\"https:\/\/fast-gas.com\/fr\/#\/schema\/logo\/image\/\"},\"sameAs\":[\"https:\/\/facebook.com\/wearefastgas\",\"https:\/\/www.youtube.com\/channel\/UCV5w9vrihWFu0yM7SZzQfVQ\/videos\",\"https:\/\/instagram.com\/fastgas.official\"]},{\"@type\":\"Person\",\"@id\":\"https:\/\/fast-gas.com\/fr\/#\/schema\/person\/4b3a9beffb469faf985fef2c2b684689\",\"name\":\"Bro FastGas\",\"description\":\"Meet our Culinary Gas &amp; Tech Editor: pioneering N2O, CO2, and cream charger innovations with recipes, reviews, and cutting-edge insights.\",\"url\":\"https:\/\/fast-gas.com\/fr\/author\/iryna\/\"}]}<\/script>\n<!-- \/ Yoast SEO plugin. -->","yoast_head_json":{"title":"Achat Cartouche Protoxyde d'Azote | FastGas","description":"Les siphon chantilly deviennent de plus populaires. Les chefs professionnels ne jurent que par le siphon chantilly avec la protoxyde d\u2019azote.","robots":{"index":"index","follow":"follow","max-snippet":"max-snippet:-1","max-image-preview":"max-image-preview:large","max-video-preview":"max-video-preview:-1"},"canonical":"https:\/\/fast-gas.com\/fr\/cartouche-protoxyde-dazote\/","og_locale":"fr_FR","og_type":"article","og_title":"Achat Cartouche Protoxyde d'Azote | FastGas","og_description":"Les siphon chantilly deviennent de plus populaires. Les chefs professionnels ne jurent que par le siphon chantilly avec la protoxyde d\u2019azote.","og_url":"https:\/\/fast-gas.com\/fr\/cartouche-protoxyde-dazote\/","og_site_name":"FastGas","article_publisher":"https:\/\/facebook.com\/wearefastgas","article_modified_time":"2024-12-20T08:03:09+00:00","og_image":[{"width":500,"height":500,"url":"https:\/\/fast-gas.com\/wp-content\/uploads\/2025\/09\/Untitled-design-4.png","type":"image\/png"}],"twitter_card":"summary_large_image","twitter_misc":{"Est. reading time":"4 minutes"},"schema":{"@context":"https:\/\/schema.org","@graph":[{"@type":"Article","@id":"https:\/\/fast-gas.com\/fr\/cartouche-protoxyde-dazote\/#article","isPartOf":{"@id":"https:\/\/fast-gas.com\/fr\/cartouche-protoxyde-dazote\/"},"author":{"name":"Bro FastGas","@id":"https:\/\/fast-gas.com\/fr\/#\/schema\/person\/4b3a9beffb469faf985fef2c2b684689"},"headline":"Cartouche protoxyde d&#8217;azote","datePublished":"2022-02-21T13:04:35+00:00","dateModified":"2024-12-20T08:03:09+00:00","mainEntityOfPage":{"@id":"https:\/\/fast-gas.com\/fr\/cartouche-protoxyde-dazote\/"},"wordCount":934,"publisher":{"@id":"https:\/\/fast-gas.com\/fr\/#organization"},"inLanguage":"fr-FR"},{"@type":"WebPage","@id":"https:\/\/fast-gas.com\/fr\/cartouche-protoxyde-dazote\/","url":"https:\/\/fast-gas.com\/fr\/cartouche-protoxyde-dazote\/","name":"Achat Cartouche Protoxyde d'Azote | FastGas","isPartOf":{"@id":"https:\/\/fast-gas.com\/fr\/#website"},"datePublished":"2022-02-21T13:04:35+00:00","dateModified":"2024-12-20T08:03:09+00:00","description":"Les siphon chantilly deviennent de plus populaires. Les chefs professionnels ne jurent que par le siphon chantilly avec la protoxyde d\u2019azote.","breadcrumb":{"@id":"https:\/\/fast-gas.com\/fr\/cartouche-protoxyde-dazote\/#breadcrumb"},"inLanguage":"fr-FR","potentialAction":[{"@type":"ReadAction","target":["https:\/\/fast-gas.com\/fr\/cartouche-protoxyde-dazote\/"]}]},{"@type":"BreadcrumbList","@id":"https:\/\/fast-gas.com\/fr\/cartouche-protoxyde-dazote\/#breadcrumb","itemListElement":[{"@type":"ListItem","position":1,"name":"Home","item":"https:\/\/fast-gas.com\/fr\/"},{"@type":"ListItem","position":2,"name":"Cartouche protoxyde d&#8217;azote"}]},{"@type":"WebSite","@id":"https:\/\/fast-gas.com\/fr\/#website","url":"https:\/\/fast-gas.com\/fr\/","name":"FastGas","description":"N2O Cream Chargers","publisher":{"@id":"https:\/\/fast-gas.com\/fr\/#organization"},"potentialAction":[{"@type":"SearchAction","target":{"@type":"EntryPoint","urlTemplate":"https:\/\/fast-gas.com\/fr\/?s={search_term_string}"},"query-input":{"@type":"PropertyValueSpecification","valueRequired":true,"valueName":"search_term_string"}}],"inLanguage":"fr-FR"},{"@type":"Organization","@id":"https:\/\/fast-gas.com\/fr\/#organization","name":"FastGas - Helium, CO2 & N2O Wholesale","alternateName":"Fast Gas","url":"https:\/\/fast-gas.com\/fr\/","logo":{"@type":"ImageObject","inLanguage":"fr-FR","@id":"https:\/\/fast-gas.com\/fr\/#\/schema\/logo\/image\/","url":"https:\/\/fast-gas.com\/wp-content\/uploads\/2025\/03\/cropped-Fastgas-Favicon.png","contentUrl":"https:\/\/fast-gas.com\/wp-content\/uploads\/2025\/03\/cropped-Fastgas-Favicon.png","width":512,"height":512,"caption":"FastGas - Helium, CO2 & N2O Wholesale"},"image":{"@id":"https:\/\/fast-gas.com\/fr\/#\/schema\/logo\/image\/"},"sameAs":["https:\/\/facebook.com\/wearefastgas","https:\/\/www.youtube.com\/channel\/UCV5w9vrihWFu0yM7SZzQfVQ\/videos","https:\/\/instagram.com\/fastgas.official"]},{"@type":"Person","@id":"https:\/\/fast-gas.com\/fr\/#\/schema\/person\/4b3a9beffb469faf985fef2c2b684689","name":"Bro FastGas","description":"Meet our Culinary Gas &amp; Tech Editor: pioneering N2O, CO2, and cream charger innovations with recipes, reviews, and cutting-edge insights.","url":"https:\/\/fast-gas.com\/fr\/author\/iryna\/"}]}},"_links":{"self":[{"href":"https:\/\/fast-gas.com\/fr\/wp-json\/wp\/v2\/pages\/2047","targetHints":{"allow":["GET"]}}],"collection":[{"href":"https:\/\/fast-gas.com\/fr\/wp-json\/wp\/v2\/pages"}],"about":[{"href":"https:\/\/fast-gas.com\/fr\/wp-json\/wp\/v2\/types\/page"}],"author":[{"embeddable":true,"href":"https:\/\/fast-gas.com\/fr\/wp-json\/wp\/v2\/users\/5216"}],"replies":[{"embeddable":true,"href":"https:\/\/fast-gas.com\/fr\/wp-json\/wp\/v2\/comments?post=2047"}],"version-history":[{"count":13,"href":"https:\/\/fast-gas.com\/fr\/wp-json\/wp\/v2\/pages\/2047\/revisions"}],"predecessor-version":[{"id":39959,"href":"https:\/\/fast-gas.com\/fr\/wp-json\/wp\/v2\/pages\/2047\/revisions\/39959"}],"wp:attachment":[{"href":"https:\/\/fast-gas.com\/fr\/wp-json\/wp\/v2\/media?parent=2047"}],"curies":[{"name":"wp","href":"https:\/\/api.w.org\/{rel}","templated":true}]}}