{"id":2043,"date":"2022-02-21T13:03:33","date_gmt":"2022-02-21T13:03:33","guid":{"rendered":"https:\/\/fast-gas.com\/?page_id=2043"},"modified":"2023-10-13T12:59:42","modified_gmt":"2023-10-13T12:59:42","slug":"protoxyde-dazote","status":"publish","type":"page","link":"https:\/\/fast-gas.com\/fr\/protoxyde-dazote\/","title":{"rendered":"Protoxyde d&#8217;azote"},"content":{"rendered":"<h1>Protoxyde d\u2019azote<\/h1>\n<p>Quiconque a d\u00e9j\u00e0 assist\u00e9 \u00e0 une grande f\u00eate conna\u00eet la vue d&#8217;innombrables cartouches de chantilly flottants, qui inspirent petits et grands invit\u00e9s. Mais le <a href=\"https:\/\/fast-gas.com\/fr\/cream-deluxe-alternative-en-france\/\">protoxyde d&#8217;azote<\/a> n&#8217;est pas utilis\u00e9 pour garnir les cartouches de chantilly, car la chantilly du g\u00e2teau d&#8217;anniversaire a \u00e9galement \u00e9t\u00e9 d\u00e9cor\u00e9e \u00e0 l&#8217;aide d&#8217;un <a href=\"https:\/\/fast-gas.com\/fr\/cartouche-protoxyde-dazote\/\">cartouche de protoxyde d&#8217;azote<\/a>. Avec tant d&#8217;agitation autour du fun gas, il est important de trouver un vendeur s\u00fbr et fiable lors de l&#8217;achat de protoxyde d&#8217;azote. D\u00e9couvrons donc le sp\u00e9cialiste allemand du protoxyde d&#8217;azote (nom scientifique du protoxyde d&#8217;azote), Fast-gas.com.<\/p>\n<p>&nbsp;<\/p>\n<p>D\u00e8s le d\u00e9but, le site attire l&#8217;attention avec de grandes images et une interface claire, quiconque lit la suite remarquera imm\u00e9diatement que les op\u00e9rateurs appr\u00e9cient un traitement simple et rapide lors de l&#8217;achat de protoxyde d&#8217;azote. D&#8217;une part, le colis est envoy\u00e9 discr\u00e8tement, c&#8217;est-\u00e0-dire sans publicit\u00e9, et d&#8217;autre part, des marques de prestige telles que Mosa, Hendy ou Kayser sont toujours en stock et donc pr\u00eates \u00e0 \u00eatre exp\u00e9di\u00e9es presque imm\u00e9diatement. De plus, il est pr\u00e9cis\u00e9 que tous les contenants de protoxyde d&#8217;azote et autres gaz ont toujours \u00e9t\u00e9 certifi\u00e9s et rigoureusement test\u00e9s. N\u00e9anmoins, les op\u00e9rateurs de Sahne-Kassel.de se soucient \u00e9galement d&#8217;un prix \u00e9quitable supportable pour la concurrence mais surtout pour le client.<\/p>\n<p>&nbsp;<\/p>\n<p>Toute personne qui a un usage pour le gaz peut acheter ici du protoxyde d&#8217;azote achat, car une large gamme de produits est destin\u00e9e \u00e0 r\u00e9pondre \u00e0 tous les besoins possibles des clients. Par exemple, les cartouches de protoxyde d&#8217;azote, qui sont utilis\u00e9es dans un vaporisateur, sont vendues pour la cr\u00e8me. Les <a href=\"https:\/\/fast-gas.com\/fr\/cartouche-protoxyde-dazote\/\">cartouches de chantilly<\/a> sont remplies de protoxyde d&#8217;azote sp\u00e9cial et il n&#8217;y a aucun risque pour la sant\u00e9 en cas d&#8217;inhalation car elles sont sans danger pour les aliments et absolument pures. La d\u00e9cision d&#8217;acheter sur <a href=\"https:\/\/fast-gas.com\/fr\/produit\/cylindre-original-oxyde-nitreux-fastgas\/\">Fast Gas Cream Charger<\/a> est \u00e9galement recommand\u00e9e car le magasin vend depuis La France et les produits sont donc conformes aux normes de s\u00e9curit\u00e9 allemandes et europ\u00e9ennes.<\/p>\n<p>&nbsp;<\/p>\n<p>Quiconque souhaite acheter du protoxyde d&#8217;azote chez <a href=\"https:\/\/fast-gas.com\/fr\/\">Fast Gast Cream Charger<\/a> doit \u00e9galement savoir que le gaz propos\u00e9 ici est \u00e0 la fois insipide et indiscernable de l&#8217;air ambiant, du moins \u00e0 l&#8217;\u0153il nu. Surtout pour une utilisation lors d&#8217;\u00e9v\u00e9nements ou de f\u00eates d&#8217;anniversaire d&#8217;enfants, il est important que cette agate protoxyde d&#8217;azote soit ininflammable et ne pr\u00e9sente donc aucun danger pour les invit\u00e9s. Les cartouches et capsules restent simples et rapidement pr\u00eates \u00e0 l&#8217;emploi.<\/p>\n<p>&nbsp;<\/p>\n<p>Pour que ce soit \u00e9galement le cas, plusieurs options d&#8217;exp\u00e9dition et variations de commande sont propos\u00e9es lors de l&#8217;achat de protoxyde d&#8217;azote. On peut r\u00e9sumer que cette boutique veut offrir au client une exp\u00e9rience de magasinage compl\u00e8te en mati\u00e8re d&#8217;achat de <a href=\"https:\/\/fast-gas.com\/fr\/produit\/cylindre-original-oxyde-nitreux-fastgas\/\">protoxyde d&#8217;azote et cela \u00e0 bon prix.<\/a><\/p>\n","protected":false},"excerpt":{"rendered":"<p>Protoxyde d\u2019azote Quiconque a d\u00e9j\u00e0 assist\u00e9 \u00e0 une grande f\u00eate conna\u00eet la vue d&#8217;innombrables cartouches de chantilly flottants, qui inspirent petits et grands invit\u00e9s. Mais le protoxyde d&#8217;azote n&#8217;est pas utilis\u00e9 pour garnir les cartouches de chantilly, car la chantilly du g\u00e2teau d&#8217;anniversaire a \u00e9galement \u00e9t\u00e9 d\u00e9cor\u00e9e \u00e0 l&#8217;aide d&#8217;un cartouche de protoxyde d&#8217;azote. Avec [&hellip;]<\/p>\n","protected":false},"author":5216,"featured_media":0,"parent":0,"menu_order":0,"comment_status":"closed","ping_status":"closed","template":"","meta":{"_acf_changed":false,"footnotes":""},"class_list":["post-2043","page","type-page","status-publish","hentry"],"acf":[],"yoast_head":"<!-- This site is optimized with the Yoast SEO plugin v27.2 - https:\/\/yoast.com\/product\/yoast-seo-wordpress\/ -->\n<title>Protoxyde d\u2019azote sp\u00e9cialistes en France | FastGas<\/title>\n<meta name=\"description\" content=\"il est important de trouver un vendeur s\u00fbr et fiable lors de l&#039;achat de protoxyde d&#039;azote. L&#039;un de ces sp\u00e9cialistes de N2O est Fast Gas.\" \/>\n<meta name=\"robots\" content=\"index, follow, max-snippet:-1, max-image-preview:large, max-video-preview:-1\" \/>\n<link rel=\"canonical\" href=\"https:\/\/fast-gas.com\/fr\/cartouche-protoxyde-dazote\/\" \/>\n<meta property=\"og:locale\" content=\"fr_FR\" \/>\n<meta property=\"og:type\" content=\"article\" \/>\n<meta property=\"og:title\" content=\"Protoxyde d\u2019azote sp\u00e9cialistes en France | FastGas\" \/>\n<meta property=\"og:description\" content=\"il est important de trouver un vendeur s\u00fbr et fiable lors de l&#039;achat de protoxyde d&#039;azote. L&#039;un de ces sp\u00e9cialistes de N2O est Fast Gas.\" \/>\n<meta property=\"og:url\" content=\"https:\/\/fast-gas.com\/fr\/cartouche-protoxyde-dazote\/\" \/>\n<meta property=\"og:site_name\" content=\"FastGas\" \/>\n<meta property=\"article:publisher\" content=\"https:\/\/facebook.com\/wearefastgas\" \/>\n<meta property=\"article:modified_time\" content=\"2023-10-13T12:59:42+00:00\" \/>\n<meta property=\"og:image\" content=\"https:\/\/fast-gas.com\/wp-content\/uploads\/2025\/09\/Untitled-design-4.png\" \/>\n\t<meta property=\"og:image:width\" content=\"500\" \/>\n\t<meta property=\"og:image:height\" content=\"500\" \/>\n\t<meta property=\"og:image:type\" content=\"image\/png\" \/>\n<meta name=\"twitter:card\" content=\"summary_large_image\" \/>\n<meta name=\"twitter:label1\" content=\"Est. reading time\" \/>\n\t<meta name=\"twitter:data1\" content=\"2 minutes\" \/>\n<script type=\"application\/ld+json\" class=\"yoast-schema-graph\">{\"@context\":\"https:\/\/schema.org\",\"@graph\":[{\"@type\":[\"Article\",\"BlogPosting\"],\"@id\":\"https:\/\/fast-gas.com\/fr\/cartouche-protoxyde-dazote\/#article\",\"isPartOf\":{\"@id\":\"https:\/\/fast-gas.com\/fr\/protoxyde-dazote\/\"},\"author\":{\"name\":\"Bro FastGas\",\"@id\":\"https:\/\/fast-gas.com\/fr\/#\/schema\/person\/4b3a9beffb469faf985fef2c2b684689\"},\"headline\":\"Protoxyde d&#8217;azote\",\"datePublished\":\"2022-02-21T13:03:33+00:00\",\"dateModified\":\"2023-10-13T12:59:42+00:00\",\"mainEntityOfPage\":{\"@id\":\"https:\/\/fast-gas.com\/fr\/protoxyde-dazote\/\"},\"wordCount\":528,\"publisher\":{\"@id\":\"https:\/\/fast-gas.com\/fr\/#organization\"},\"inLanguage\":\"fr-FR\"},{\"@type\":\"WebPage\",\"@id\":\"https:\/\/fast-gas.com\/fr\/protoxyde-dazote\/\",\"url\":\"https:\/\/fast-gas.com\/fr\/cartouche-protoxyde-dazote\/\",\"name\":\"Protoxyde d\u2019azote sp\u00e9cialistes en France | FastGas\",\"isPartOf\":{\"@id\":\"https:\/\/fast-gas.com\/fr\/#website\"},\"datePublished\":\"2022-02-21T13:03:33+00:00\",\"dateModified\":\"2023-10-13T12:59:42+00:00\",\"description\":\"il est important de trouver un vendeur s\u00fbr et fiable lors de l'achat de protoxyde d'azote. L'un de ces sp\u00e9cialistes de N2O est Fast Gas.\",\"breadcrumb\":{\"@id\":\"https:\/\/fast-gas.com\/fr\/cartouche-protoxyde-dazote\/#breadcrumb\"},\"inLanguage\":\"fr-FR\",\"potentialAction\":[{\"@type\":\"ReadAction\",\"target\":[\"https:\/\/fast-gas.com\/fr\/cartouche-protoxyde-dazote\/\"]}]},{\"@type\":\"BreadcrumbList\",\"@id\":\"https:\/\/fast-gas.com\/fr\/cartouche-protoxyde-dazote\/#breadcrumb\",\"itemListElement\":[{\"@type\":\"ListItem\",\"position\":1,\"name\":\"Home\",\"item\":\"https:\/\/fast-gas.com\/fr\/\"},{\"@type\":\"ListItem\",\"position\":2,\"name\":\"Protoxyde d&#8217;azote\"}]},{\"@type\":\"WebSite\",\"@id\":\"https:\/\/fast-gas.com\/fr\/#website\",\"url\":\"https:\/\/fast-gas.com\/fr\/\",\"name\":\"FastGas\",\"description\":\"N2O Cream Chargers\",\"publisher\":{\"@id\":\"https:\/\/fast-gas.com\/fr\/#organization\"},\"potentialAction\":[{\"@type\":\"SearchAction\",\"target\":{\"@type\":\"EntryPoint\",\"urlTemplate\":\"https:\/\/fast-gas.com\/fr\/?s={search_term_string}\"},\"query-input\":{\"@type\":\"PropertyValueSpecification\",\"valueRequired\":true,\"valueName\":\"search_term_string\"}}],\"inLanguage\":\"fr-FR\"},{\"@type\":\"Organization\",\"@id\":\"https:\/\/fast-gas.com\/fr\/#organization\",\"name\":\"FastGas - Helium, CO2 & N2O Wholesale\",\"alternateName\":\"Fast Gas\",\"url\":\"https:\/\/fast-gas.com\/fr\/\",\"logo\":{\"@type\":\"ImageObject\",\"inLanguage\":\"fr-FR\",\"@id\":\"https:\/\/fast-gas.com\/fr\/#\/schema\/logo\/image\/\",\"url\":\"https:\/\/fast-gas.com\/wp-content\/uploads\/2025\/03\/cropped-Fastgas-Favicon.png\",\"contentUrl\":\"https:\/\/fast-gas.com\/wp-content\/uploads\/2025\/03\/cropped-Fastgas-Favicon.png\",\"width\":512,\"height\":512,\"caption\":\"FastGas - Helium, CO2 & N2O Wholesale\"},\"image\":{\"@id\":\"https:\/\/fast-gas.com\/fr\/#\/schema\/logo\/image\/\"},\"sameAs\":[\"https:\/\/facebook.com\/wearefastgas\",\"https:\/\/www.youtube.com\/channel\/UCV5w9vrihWFu0yM7SZzQfVQ\/videos\",\"https:\/\/instagram.com\/fastgas.official\"]},{\"@type\":\"Person\",\"@id\":\"https:\/\/fast-gas.com\/fr\/#\/schema\/person\/4b3a9beffb469faf985fef2c2b684689\",\"name\":\"Bro FastGas\",\"description\":\"Meet our Culinary Gas &amp; Tech Editor: pioneering N2O, CO2, and cream charger innovations with recipes, reviews, and cutting-edge insights.\",\"url\":\"https:\/\/fast-gas.com\/fr\/author\/iryna\/\"}]}<\/script>\n<!-- \/ Yoast SEO plugin. -->","yoast_head_json":{"title":"Protoxyde d\u2019azote sp\u00e9cialistes en France | FastGas","description":"il est important de trouver un vendeur s\u00fbr et fiable lors de l'achat de protoxyde d'azote. L'un de ces sp\u00e9cialistes de N2O est Fast Gas.","robots":{"index":"index","follow":"follow","max-snippet":"max-snippet:-1","max-image-preview":"max-image-preview:large","max-video-preview":"max-video-preview:-1"},"canonical":"https:\/\/fast-gas.com\/fr\/cartouche-protoxyde-dazote\/","og_locale":"fr_FR","og_type":"article","og_title":"Protoxyde d\u2019azote sp\u00e9cialistes en France | FastGas","og_description":"il est important de trouver un vendeur s\u00fbr et fiable lors de l'achat de protoxyde d'azote. L'un de ces sp\u00e9cialistes de N2O est Fast Gas.","og_url":"https:\/\/fast-gas.com\/fr\/cartouche-protoxyde-dazote\/","og_site_name":"FastGas","article_publisher":"https:\/\/facebook.com\/wearefastgas","article_modified_time":"2023-10-13T12:59:42+00:00","og_image":[{"width":500,"height":500,"url":"https:\/\/fast-gas.com\/wp-content\/uploads\/2025\/09\/Untitled-design-4.png","type":"image\/png"}],"twitter_card":"summary_large_image","twitter_misc":{"Est. reading time":"2 minutes"},"schema":{"@context":"https:\/\/schema.org","@graph":[{"@type":["Article","BlogPosting"],"@id":"https:\/\/fast-gas.com\/fr\/cartouche-protoxyde-dazote\/#article","isPartOf":{"@id":"https:\/\/fast-gas.com\/fr\/protoxyde-dazote\/"},"author":{"name":"Bro FastGas","@id":"https:\/\/fast-gas.com\/fr\/#\/schema\/person\/4b3a9beffb469faf985fef2c2b684689"},"headline":"Protoxyde d&#8217;azote","datePublished":"2022-02-21T13:03:33+00:00","dateModified":"2023-10-13T12:59:42+00:00","mainEntityOfPage":{"@id":"https:\/\/fast-gas.com\/fr\/protoxyde-dazote\/"},"wordCount":528,"publisher":{"@id":"https:\/\/fast-gas.com\/fr\/#organization"},"inLanguage":"fr-FR"},{"@type":"WebPage","@id":"https:\/\/fast-gas.com\/fr\/protoxyde-dazote\/","url":"https:\/\/fast-gas.com\/fr\/cartouche-protoxyde-dazote\/","name":"Protoxyde d\u2019azote sp\u00e9cialistes en France | FastGas","isPartOf":{"@id":"https:\/\/fast-gas.com\/fr\/#website"},"datePublished":"2022-02-21T13:03:33+00:00","dateModified":"2023-10-13T12:59:42+00:00","description":"il est important de trouver un vendeur s\u00fbr et fiable lors de l'achat de protoxyde d'azote. L'un de ces sp\u00e9cialistes de N2O est Fast Gas.","breadcrumb":{"@id":"https:\/\/fast-gas.com\/fr\/cartouche-protoxyde-dazote\/#breadcrumb"},"inLanguage":"fr-FR","potentialAction":[{"@type":"ReadAction","target":["https:\/\/fast-gas.com\/fr\/cartouche-protoxyde-dazote\/"]}]},{"@type":"BreadcrumbList","@id":"https:\/\/fast-gas.com\/fr\/cartouche-protoxyde-dazote\/#breadcrumb","itemListElement":[{"@type":"ListItem","position":1,"name":"Home","item":"https:\/\/fast-gas.com\/fr\/"},{"@type":"ListItem","position":2,"name":"Protoxyde d&#8217;azote"}]},{"@type":"WebSite","@id":"https:\/\/fast-gas.com\/fr\/#website","url":"https:\/\/fast-gas.com\/fr\/","name":"FastGas","description":"N2O Cream Chargers","publisher":{"@id":"https:\/\/fast-gas.com\/fr\/#organization"},"potentialAction":[{"@type":"SearchAction","target":{"@type":"EntryPoint","urlTemplate":"https:\/\/fast-gas.com\/fr\/?s={search_term_string}"},"query-input":{"@type":"PropertyValueSpecification","valueRequired":true,"valueName":"search_term_string"}}],"inLanguage":"fr-FR"},{"@type":"Organization","@id":"https:\/\/fast-gas.com\/fr\/#organization","name":"FastGas - Helium, CO2 & N2O Wholesale","alternateName":"Fast Gas","url":"https:\/\/fast-gas.com\/fr\/","logo":{"@type":"ImageObject","inLanguage":"fr-FR","@id":"https:\/\/fast-gas.com\/fr\/#\/schema\/logo\/image\/","url":"https:\/\/fast-gas.com\/wp-content\/uploads\/2025\/03\/cropped-Fastgas-Favicon.png","contentUrl":"https:\/\/fast-gas.com\/wp-content\/uploads\/2025\/03\/cropped-Fastgas-Favicon.png","width":512,"height":512,"caption":"FastGas - Helium, CO2 & N2O Wholesale"},"image":{"@id":"https:\/\/fast-gas.com\/fr\/#\/schema\/logo\/image\/"},"sameAs":["https:\/\/facebook.com\/wearefastgas","https:\/\/www.youtube.com\/channel\/UCV5w9vrihWFu0yM7SZzQfVQ\/videos","https:\/\/instagram.com\/fastgas.official"]},{"@type":"Person","@id":"https:\/\/fast-gas.com\/fr\/#\/schema\/person\/4b3a9beffb469faf985fef2c2b684689","name":"Bro FastGas","description":"Meet our Culinary Gas &amp; Tech Editor: pioneering N2O, CO2, and cream charger innovations with recipes, reviews, and cutting-edge insights.","url":"https:\/\/fast-gas.com\/fr\/author\/iryna\/"}]}},"_links":{"self":[{"href":"https:\/\/fast-gas.com\/fr\/wp-json\/wp\/v2\/pages\/2043","targetHints":{"allow":["GET"]}}],"collection":[{"href":"https:\/\/fast-gas.com\/fr\/wp-json\/wp\/v2\/pages"}],"about":[{"href":"https:\/\/fast-gas.com\/fr\/wp-json\/wp\/v2\/types\/page"}],"author":[{"embeddable":true,"href":"https:\/\/fast-gas.com\/fr\/wp-json\/wp\/v2\/users\/5216"}],"replies":[{"embeddable":true,"href":"https:\/\/fast-gas.com\/fr\/wp-json\/wp\/v2\/comments?post=2043"}],"version-history":[{"count":13,"href":"https:\/\/fast-gas.com\/fr\/wp-json\/wp\/v2\/pages\/2043\/revisions"}],"predecessor-version":[{"id":31092,"href":"https:\/\/fast-gas.com\/fr\/wp-json\/wp\/v2\/pages\/2043\/revisions\/31092"}],"wp:attachment":[{"href":"https:\/\/fast-gas.com\/fr\/wp-json\/wp\/v2\/media?parent=2043"}],"curies":[{"name":"wp","href":"https:\/\/api.w.org\/{rel}","templated":true}]}}