{"id":1701,"date":"2022-01-24T10:36:38","date_gmt":"2022-01-24T09:36:38","guid":{"rendered":"https:\/\/fast-gas.com\/how-to-use-cream-cartridges\/"},"modified":"2024-05-02T12:04:58","modified_gmt":"2024-05-02T12:04:58","slug":"comment-utiliser-les-cartouches-de-creme","status":"publish","type":"page","link":"https:\/\/fast-gas.com\/fr\/comment-utiliser-les-cartouches-de-creme\/","title":{"rendered":"Comment utiliser les cartouches de protoxyde d&#8217;azote"},"content":{"rendered":"<p><strong>Les cartouches de protoxyde d&#8217;azote ne doivent \u00eatre utilis\u00e9es que pour cr\u00e9er un nappage de cr\u00e8me chantilly, pour r\u00e9aliser de d\u00e9licieux desserts et mousses, et pour rehausser les sauces.<\/strong><\/p>\n<p>Il est interdit d&#8217;inhaler les <a href=\"https:\/\/fast-gas.com\/fr\/product-category\/tous\/\">cartouches de cr\u00e8me protoxyde d&#8217;azote<\/a>. Les capsules de cr\u00e8me Kaufland et les capsules de cr\u00e8me DM ainsi que les capsules de cr\u00e8me Aldi fonctionnent toutes selon le m\u00eame syst\u00e8me. Les bonbonne protoxyde d&#8217;azote fonctionnent par pression. Gr\u00e2ce aux diff\u00e9rentes pressions des <a href=\"https:\/\/fast-gas.com\/fr\/5-vendeurs-de-bonbonne-n2o-alternatifs-cream-deluxe\/\">cartouches de cr\u00e8me N2O<\/a>, il est possible de cr\u00e9er diff\u00e9rentes recettes de chantilly dans la cuisine.<\/p>\n<p style=\"text-align: center;\"><a class=\"button button--primary hero__button\" href=\"https:\/\/fast-gas.com\/fr\/distributeur\/\">Devenez Distributeur<\/a><\/p>\n<h2>Ouvrir les cartouches de protoxyde d&#8217;azote &#8211; Comment faire ?<\/h2>\n<p>Pour la cuisson et l&#8217;affinage de la cr\u00e8me chantilly, la plupart des cartouches de cr\u00e8me conviennent. Les cartouches de cr\u00e8me de Kaufland, les cartouches de DM, les cartouches de cr\u00e8me Aldi, les capsules de cr\u00e8me Real, les capsules de cr\u00e8me Hendi ainsi que les capsules de siphon de cr\u00e8me aux parfums exotiques peuvent \u00eatre achet\u00e9es en ligne ou directement en magasin. Les siphon cr\u00e8me peuvent \u00eatre recharg\u00e9s \u00e0 tout moment. Il existe \u00e9galement des cartouches de cr\u00e8me N2O ainsi que des cartouches de cr\u00e8me de Real et Kaufland.<\/p>\n<p>Il faut toujours noter qu&#8217;il faut \u00e9viter d&#8217;ouvrir les chargeurs de cr\u00e8me. Ceci s&#8217;applique \u00e9galement \u00e0 l&#8217;ouverture des bonbonne protoxyde d&#8217;azote. Les <a href=\"https:\/\/fast-gas.com\/fr\/5-vendeurs-de-bonbonne-n2o-alternatifs-cream-deluxe\/\">Cream Deluxe gaz<\/a> de Real et DM doivent toujours rester ferm\u00e9s. En outre, cela concerne \u00e9galement les capsules de cr\u00e8me Aldi et les capsules de cr\u00e8me Hendi. Les capsules de cr\u00e8me ne doivent \u00eatre ouvertes que par le fabricant. Le protoxyde d&#8217;azote est uniquement utilis\u00e9 pour la pr\u00e9paration de d\u00e9licieux choux \u00e0 la cr\u00e8me et de desserts.<\/p>\n<h2>Le contenu des cartouches de protoxyde d&#8217;azote<\/h2>\n<p>Le protoxyde d&#8217;azote gazeux contenu dans le siphon cr\u00e8me chantilly est destin\u00e9 \u00e0 \u00eatre utilis\u00e9 uniquement comme moyen de pression pour fabriquer de la cr\u00e8me chantilly. Le contenu des capsules de protoxyde d&#8217;azote peut \u00eatre utilis\u00e9 pour affiner un dessert et cr\u00e9er un nappage de cr\u00e8me chantilly. Bonbonne protoxyde d&#8217;azote sont de plus en plus populaires.<\/p>\n<p>La <a href=\"https:\/\/fast-gas.com\/fr\/avantages-des-cartouches-de-creme-au-protoxyde-dazote-n2o\/\">cartouche de protoxyde d&#8217;azote<\/a> est utilis\u00e9e pour cr\u00e9er la plus belle des cr\u00e8mes chantilly. Pour les capsules de protoxyde d&#8217;azote Hendi, il est \u00e9galement vrai que l&#8217;ouverture des capsules N2O n&#8217;est pas autoris\u00e9e. La cartouche de cr\u00e8me se trouvait auparavant surtout dans les cuisines professionnelles. Entre-temps, elles trouvent de plus en plus leur place dans les m\u00e9nages priv\u00e9s.<\/p>\n<p><a title=\"How To Use Cream Dispensers\" href=\"https:\/\/fast-gas.com\/fr\/siphon-creme-tout-ce-que-vous-devez-savoir\/\">Avec le cream deluxe gaz<\/a>, la cr\u00e8me chantilly est plac\u00e9e de mani\u00e8re si optimale sur le cocktail qu&#8217;une cr\u00e8me chantilly normale ne peut absolument pas suivre. Le siphon de cr\u00e8me est rempli avec exactement le contenu dont il a besoin pour un nappage optimal de la cr\u00e8me. Le contenu peut cr\u00e9er beaucoup de belle cr\u00e8me chantilly. La mousse est d\u00e9licieuse et pas du tout artificielle.<\/p>\n<p>Entre-temps, la mousse de cr\u00e8me est disponible en diff\u00e9rents parfums. Si les cartouches sont vides, elles peuvent \u00eatre recharg\u00e9es. Les invit\u00e9s peuvent donc venir en grand nombre. Vous serez \u00e9tonn\u00e9 du go\u00fbt d\u00e9licieux de la cr\u00e8me chantilly. Elles ne sont pas seulement un r\u00e9gal pour les yeux, mais aussi pour le palais, elles procurent un grand plaisir. Cela s&#8217;applique non seulement aux amateurs de cocktails qui ont la dent sucr\u00e9e, mais aussi \u00e0 ceux qui ne sont pas tr\u00e8s friands du go\u00fbt sucr\u00e9.<\/p>\n<p>D\u00e9couvrez les nombreux avantages des bonbonne protoxyde d&#8217;azote et les <a href=\"https:\/\/fast-gas.com\/fr\/chargeurs-de-creme-a-loxyde-nitreux-utilite-dans-la-cuisine\/\">les meilleures utilisations du protoxyde d&#8217;azote!<\/a><\/p>\n","protected":false},"excerpt":{"rendered":"<p>Les cartouches de protoxyde d&#8217;azote ne doivent \u00eatre utilis\u00e9es que pour cr\u00e9er un nappage de cr\u00e8me chantilly, pour r\u00e9aliser de d\u00e9licieux desserts et mousses, et pour rehausser les sauces. Il est interdit d&#8217;inhaler les cartouches de cr\u00e8me protoxyde d&#8217;azote. Les capsules de cr\u00e8me Kaufland et les capsules de cr\u00e8me DM ainsi que les capsules de [&hellip;]<\/p>\n","protected":false},"author":5216,"featured_media":1246,"parent":0,"menu_order":0,"comment_status":"closed","ping_status":"closed","template":"","meta":{"_acf_changed":false,"footnotes":""},"class_list":["post-1701","page","type-page","status-publish","has-post-thumbnail","hentry"],"acf":[],"yoast_head":"<!-- This site is optimized with the Yoast SEO plugin v27.4 - https:\/\/yoast.com\/product\/yoast-seo-wordpress\/ -->\n<title>Comment utiliser les cartouches de protoxyde d&#039;azote | FastGas<\/title>\n<meta name=\"description\" content=\"La plupart des cartouches de protoxyde d&#039;azote conviennent pour cr\u00e9er de la cr\u00e8me chantilly \u00e0 la maison dans la cuisine.\" \/>\n<meta name=\"robots\" content=\"index, follow, max-snippet:-1, max-image-preview:large, max-video-preview:-1\" \/>\n<link rel=\"canonical\" href=\"https:\/\/fast-gas.com\/fr\/comment-utiliser-les-cartouches-de-creme\/\" \/>\n<meta property=\"og:locale\" content=\"fr_FR\" \/>\n<meta property=\"og:type\" content=\"article\" \/>\n<meta property=\"og:title\" content=\"Comment utiliser les cartouches de protoxyde d&#039;azote | FastGas\" \/>\n<meta property=\"og:description\" content=\"La plupart des cartouches de protoxyde d&#039;azote conviennent pour cr\u00e9er de la cr\u00e8me chantilly \u00e0 la maison dans la cuisine.\" \/>\n<meta property=\"og:url\" content=\"https:\/\/fast-gas.com\/fr\/comment-utiliser-les-cartouches-de-creme\/\" \/>\n<meta property=\"og:site_name\" content=\"FastGas\" \/>\n<meta property=\"article:publisher\" content=\"https:\/\/facebook.com\/wearefastgas\" \/>\n<meta property=\"article:modified_time\" content=\"2024-05-02T12:04:58+00:00\" \/>\n<meta property=\"og:image\" content=\"https:\/\/fast-gas.com\/wp-content\/uploads\/2022\/01\/Schermafbeelding-2022-01-26-om-13.03.00.png\" \/>\n\t<meta property=\"og:image:width\" content=\"2356\" \/>\n\t<meta property=\"og:image:height\" content=\"1254\" \/>\n\t<meta property=\"og:image:type\" content=\"image\/png\" \/>\n<meta name=\"twitter:card\" content=\"summary_large_image\" \/>\n<meta name=\"twitter:label1\" content=\"Est. reading time\" \/>\n\t<meta name=\"twitter:data1\" content=\"3 minutes\" \/>\n<script type=\"application\/ld+json\" class=\"yoast-schema-graph\">{\"@context\":\"https:\\\/\\\/schema.org\",\"@graph\":[{\"@type\":\"WebPage\",\"@id\":\"https:\\\/\\\/fast-gas.com\\\/fr\\\/comment-utiliser-les-cartouches-de-creme\\\/\",\"url\":\"https:\\\/\\\/fast-gas.com\\\/fr\\\/comment-utiliser-les-cartouches-de-creme\\\/\",\"name\":\"Comment utiliser les cartouches de protoxyde d'azote | FastGas\",\"isPartOf\":{\"@id\":\"https:\\\/\\\/fast-gas.com\\\/fr\\\/#website\"},\"primaryImageOfPage\":{\"@id\":\"https:\\\/\\\/fast-gas.com\\\/fr\\\/comment-utiliser-les-cartouches-de-creme\\\/#primaryimage\"},\"image\":{\"@id\":\"https:\\\/\\\/fast-gas.com\\\/fr\\\/comment-utiliser-les-cartouches-de-creme\\\/#primaryimage\"},\"thumbnailUrl\":\"https:\\\/\\\/fast-gas.com\\\/wp-content\\\/uploads\\\/2022\\\/01\\\/Schermafbeelding-2022-01-26-om-13.03.00.png\",\"datePublished\":\"2022-01-24T09:36:38+00:00\",\"dateModified\":\"2024-05-02T12:04:58+00:00\",\"description\":\"La plupart des cartouches de protoxyde d'azote conviennent pour cr\u00e9er de la cr\u00e8me chantilly \u00e0 la maison dans la cuisine.\",\"breadcrumb\":{\"@id\":\"https:\\\/\\\/fast-gas.com\\\/fr\\\/comment-utiliser-les-cartouches-de-creme\\\/#breadcrumb\"},\"inLanguage\":\"fr-FR\",\"potentialAction\":[{\"@type\":\"ReadAction\",\"target\":[\"https:\\\/\\\/fast-gas.com\\\/fr\\\/comment-utiliser-les-cartouches-de-creme\\\/\"]}]},{\"@type\":\"ImageObject\",\"inLanguage\":\"fr-FR\",\"@id\":\"https:\\\/\\\/fast-gas.com\\\/fr\\\/comment-utiliser-les-cartouches-de-creme\\\/#primaryimage\",\"url\":\"https:\\\/\\\/fast-gas.com\\\/wp-content\\\/uploads\\\/2022\\\/01\\\/Schermafbeelding-2022-01-26-om-13.03.00.png\",\"contentUrl\":\"https:\\\/\\\/fast-gas.com\\\/wp-content\\\/uploads\\\/2022\\\/01\\\/Schermafbeelding-2022-01-26-om-13.03.00.png\",\"width\":2356,\"height\":1254,\"caption\":\"N2O Nitrous Oxide Whipped Cream Chargers\"},{\"@type\":\"BreadcrumbList\",\"@id\":\"https:\\\/\\\/fast-gas.com\\\/fr\\\/comment-utiliser-les-cartouches-de-creme\\\/#breadcrumb\",\"itemListElement\":[{\"@type\":\"ListItem\",\"position\":1,\"name\":\"Home\",\"item\":\"https:\\\/\\\/fast-gas.com\\\/fr\\\/\"},{\"@type\":\"ListItem\",\"position\":2,\"name\":\"Comment utiliser les cartouches de protoxyde d&#8217;azote\"}]},{\"@type\":\"WebSite\",\"@id\":\"https:\\\/\\\/fast-gas.com\\\/fr\\\/#website\",\"url\":\"https:\\\/\\\/fast-gas.com\\\/fr\\\/\",\"name\":\"FastGas\",\"description\":\"N2O Cream Chargers\",\"publisher\":{\"@id\":\"https:\\\/\\\/fast-gas.com\\\/fr\\\/#organization\"},\"potentialAction\":[{\"@type\":\"SearchAction\",\"target\":{\"@type\":\"EntryPoint\",\"urlTemplate\":\"https:\\\/\\\/fast-gas.com\\\/fr\\\/?s={search_term_string}\"},\"query-input\":{\"@type\":\"PropertyValueSpecification\",\"valueRequired\":true,\"valueName\":\"search_term_string\"}}],\"inLanguage\":\"fr-FR\"},{\"@type\":\"Organization\",\"@id\":\"https:\\\/\\\/fast-gas.com\\\/fr\\\/#organization\",\"name\":\"FastGas - Helium, CO2 & N2O Wholesale\",\"alternateName\":\"Fast Gas\",\"url\":\"https:\\\/\\\/fast-gas.com\\\/fr\\\/\",\"logo\":{\"@type\":\"ImageObject\",\"inLanguage\":\"fr-FR\",\"@id\":\"https:\\\/\\\/fast-gas.com\\\/fr\\\/#\\\/schema\\\/logo\\\/image\\\/\",\"url\":\"https:\\\/\\\/fast-gas.com\\\/wp-content\\\/uploads\\\/2025\\\/03\\\/cropped-Fastgas-Favicon.png\",\"contentUrl\":\"https:\\\/\\\/fast-gas.com\\\/wp-content\\\/uploads\\\/2025\\\/03\\\/cropped-Fastgas-Favicon.png\",\"width\":512,\"height\":512,\"caption\":\"FastGas - Helium, CO2 & N2O Wholesale\"},\"image\":{\"@id\":\"https:\\\/\\\/fast-gas.com\\\/fr\\\/#\\\/schema\\\/logo\\\/image\\\/\"},\"sameAs\":[\"https:\\\/\\\/facebook.com\\\/wearefastgas\",\"https:\\\/\\\/www.youtube.com\\\/channel\\\/UCV5w9vrihWFu0yM7SZzQfVQ\\\/videos\",\"https:\\\/\\\/instagram.com\\\/fastgas.official\"]}]}<\/script>\n<!-- \/ Yoast SEO plugin. -->","yoast_head_json":{"title":"Comment utiliser les cartouches de protoxyde d'azote | FastGas","description":"La plupart des cartouches de protoxyde d'azote conviennent pour cr\u00e9er de la cr\u00e8me chantilly \u00e0 la maison dans la cuisine.","robots":{"index":"index","follow":"follow","max-snippet":"max-snippet:-1","max-image-preview":"max-image-preview:large","max-video-preview":"max-video-preview:-1"},"canonical":"https:\/\/fast-gas.com\/fr\/comment-utiliser-les-cartouches-de-creme\/","og_locale":"fr_FR","og_type":"article","og_title":"Comment utiliser les cartouches de protoxyde d'azote | FastGas","og_description":"La plupart des cartouches de protoxyde d'azote conviennent pour cr\u00e9er de la cr\u00e8me chantilly \u00e0 la maison dans la cuisine.","og_url":"https:\/\/fast-gas.com\/fr\/comment-utiliser-les-cartouches-de-creme\/","og_site_name":"FastGas","article_publisher":"https:\/\/facebook.com\/wearefastgas","article_modified_time":"2024-05-02T12:04:58+00:00","og_image":[{"width":2356,"height":1254,"url":"https:\/\/fast-gas.com\/wp-content\/uploads\/2022\/01\/Schermafbeelding-2022-01-26-om-13.03.00.png","type":"image\/png"}],"twitter_card":"summary_large_image","twitter_misc":{"Est. reading time":"3 minutes"},"schema":{"@context":"https:\/\/schema.org","@graph":[{"@type":"WebPage","@id":"https:\/\/fast-gas.com\/fr\/comment-utiliser-les-cartouches-de-creme\/","url":"https:\/\/fast-gas.com\/fr\/comment-utiliser-les-cartouches-de-creme\/","name":"Comment utiliser les cartouches de protoxyde d'azote | FastGas","isPartOf":{"@id":"https:\/\/fast-gas.com\/fr\/#website"},"primaryImageOfPage":{"@id":"https:\/\/fast-gas.com\/fr\/comment-utiliser-les-cartouches-de-creme\/#primaryimage"},"image":{"@id":"https:\/\/fast-gas.com\/fr\/comment-utiliser-les-cartouches-de-creme\/#primaryimage"},"thumbnailUrl":"https:\/\/fast-gas.com\/wp-content\/uploads\/2022\/01\/Schermafbeelding-2022-01-26-om-13.03.00.png","datePublished":"2022-01-24T09:36:38+00:00","dateModified":"2024-05-02T12:04:58+00:00","description":"La plupart des cartouches de protoxyde d'azote conviennent pour cr\u00e9er de la cr\u00e8me chantilly \u00e0 la maison dans la cuisine.","breadcrumb":{"@id":"https:\/\/fast-gas.com\/fr\/comment-utiliser-les-cartouches-de-creme\/#breadcrumb"},"inLanguage":"fr-FR","potentialAction":[{"@type":"ReadAction","target":["https:\/\/fast-gas.com\/fr\/comment-utiliser-les-cartouches-de-creme\/"]}]},{"@type":"ImageObject","inLanguage":"fr-FR","@id":"https:\/\/fast-gas.com\/fr\/comment-utiliser-les-cartouches-de-creme\/#primaryimage","url":"https:\/\/fast-gas.com\/wp-content\/uploads\/2022\/01\/Schermafbeelding-2022-01-26-om-13.03.00.png","contentUrl":"https:\/\/fast-gas.com\/wp-content\/uploads\/2022\/01\/Schermafbeelding-2022-01-26-om-13.03.00.png","width":2356,"height":1254,"caption":"N2O Nitrous Oxide Whipped Cream Chargers"},{"@type":"BreadcrumbList","@id":"https:\/\/fast-gas.com\/fr\/comment-utiliser-les-cartouches-de-creme\/#breadcrumb","itemListElement":[{"@type":"ListItem","position":1,"name":"Home","item":"https:\/\/fast-gas.com\/fr\/"},{"@type":"ListItem","position":2,"name":"Comment utiliser les cartouches de protoxyde d&#8217;azote"}]},{"@type":"WebSite","@id":"https:\/\/fast-gas.com\/fr\/#website","url":"https:\/\/fast-gas.com\/fr\/","name":"FastGas","description":"N2O Cream Chargers","publisher":{"@id":"https:\/\/fast-gas.com\/fr\/#organization"},"potentialAction":[{"@type":"SearchAction","target":{"@type":"EntryPoint","urlTemplate":"https:\/\/fast-gas.com\/fr\/?s={search_term_string}"},"query-input":{"@type":"PropertyValueSpecification","valueRequired":true,"valueName":"search_term_string"}}],"inLanguage":"fr-FR"},{"@type":"Organization","@id":"https:\/\/fast-gas.com\/fr\/#organization","name":"FastGas - Helium, CO2 & N2O Wholesale","alternateName":"Fast Gas","url":"https:\/\/fast-gas.com\/fr\/","logo":{"@type":"ImageObject","inLanguage":"fr-FR","@id":"https:\/\/fast-gas.com\/fr\/#\/schema\/logo\/image\/","url":"https:\/\/fast-gas.com\/wp-content\/uploads\/2025\/03\/cropped-Fastgas-Favicon.png","contentUrl":"https:\/\/fast-gas.com\/wp-content\/uploads\/2025\/03\/cropped-Fastgas-Favicon.png","width":512,"height":512,"caption":"FastGas - Helium, CO2 & N2O Wholesale"},"image":{"@id":"https:\/\/fast-gas.com\/fr\/#\/schema\/logo\/image\/"},"sameAs":["https:\/\/facebook.com\/wearefastgas","https:\/\/www.youtube.com\/channel\/UCV5w9vrihWFu0yM7SZzQfVQ\/videos","https:\/\/instagram.com\/fastgas.official"]}]}},"_links":{"self":[{"href":"https:\/\/fast-gas.com\/fr\/wp-json\/wp\/v2\/pages\/1701","targetHints":{"allow":["GET"]}}],"collection":[{"href":"https:\/\/fast-gas.com\/fr\/wp-json\/wp\/v2\/pages"}],"about":[{"href":"https:\/\/fast-gas.com\/fr\/wp-json\/wp\/v2\/types\/page"}],"author":[{"embeddable":true,"href":"https:\/\/fast-gas.com\/fr\/wp-json\/wp\/v2\/users\/5216"}],"replies":[{"embeddable":true,"href":"https:\/\/fast-gas.com\/fr\/wp-json\/wp\/v2\/comments?post=1701"}],"version-history":[{"count":12,"href":"https:\/\/fast-gas.com\/fr\/wp-json\/wp\/v2\/pages\/1701\/revisions"}],"predecessor-version":[{"id":34956,"href":"https:\/\/fast-gas.com\/fr\/wp-json\/wp\/v2\/pages\/1701\/revisions\/34956"}],"wp:featuredmedia":[{"embeddable":true,"href":"https:\/\/fast-gas.com\/fr\/wp-json\/wp\/v2\/media\/1246"}],"wp:attachment":[{"href":"https:\/\/fast-gas.com\/fr\/wp-json\/wp\/v2\/media?parent=1701"}],"curies":[{"name":"wp","href":"https:\/\/api.w.org\/{rel}","templated":true}]}}