{"id":1694,"date":"2022-01-24T10:36:38","date_gmt":"2022-01-24T09:36:38","guid":{"rendered":"https:\/\/fast-gas.com\/guidelines-to-buy-cream-chargers\/"},"modified":"2024-12-20T02:05:52","modified_gmt":"2024-12-20T02:05:52","slug":"conseils-pour-acheter-des-bonbonne-n2o","status":"publish","type":"page","link":"https:\/\/fast-gas.com\/fr\/conseils-pour-acheter-des-bonbonne-n2o\/","title":{"rendered":"Conseils pour acheter des bonbonne N2O"},"content":{"rendered":"<h1>Bonbonne protoxyde d&#8217;azote<\/h1>\n<p>Si vous souhaitez acheter des <a href=\"https:\/\/fast-gas.com\/fr\/produit\/cylindre-original-oxyde-nitreux-fastgas\/\">Bonbonne cream deluxe gaz<\/a>, assurez-vous que les bonbonne protoxyde d&#8217;azote et le siphon a cr\u00e8me sont compatibles. Les siphons a cr\u00e8me chantilly les plus courants sont con\u00e7us pour contenir des capsules de 8 g de N2O. Les cartouche de cr\u00e8me chantilly N2O sont remplies de N2O (protoxyde d&#8217;azote) 100 % pur.<\/p>\n<p>Avec une cartouche de cr\u00e8me chantilly solo, vous pouvez pr\u00e9parer jusqu&#8217;\u00e0 0,5 litre de cr\u00e8me fra\u00eechement fouett\u00e9e. Sur Internet, vous trouverez toutes sortes d&#8217;autres id\u00e9es de recettes pour la pr\u00e9paration avec des cartouches de cr\u00e8me ; jetez-y un coup d&#8217;\u0153il et laissez-vous inspirer.<\/p>\n<p>Il est absolument recommand\u00e9 d&#8217;opter pour un siphon de cr\u00e8me en acier inoxydable d&#8217;une capacit\u00e9 de 1,0 litre.<\/p>\n<p>Simple et rapide : le siphon de cr\u00e8me est rempli \u00e0 moiti\u00e9 de cr\u00e8me, la cartouche de cr\u00e8me est ins\u00e9r\u00e9e, ensuite, il faut bien fermer le r\u00e9cipient et secouer vigoureusement. Le r\u00e9sultat est impressionnant : avec le distributeur de cr\u00e8me en acier inoxydable \u00e0 l&#8217;oxyde nitreux, vous obtenez une cr\u00e8me chantilly parfaite qui rend chaque boisson sp\u00e9ciale.<\/p>\n<h2>O\u00f9 acheter des cartouches de cr\u00e8me ?<\/h2>\n<p>Les <a href=\"https:\/\/fast-gas.com\/fr\/comment-utiliser-les-cartouches-de-creme\/\" data-cke-saved-href=\"https:\/\/fast-gas.com\/fr\/pages\/how-to-use-cream-cartridges\">cartouches de cr\u00e8me N2O<\/a> sont disponibles en diff\u00e9rentes versions, par exemple en capsules de 7,5g mais aussi de 8,4g, que vous pouvez acheter sur Internet ou dans le magasin du coin. Si vous voulez acheter des chargeurs de cr\u00e8me N2O, vous trouverez sur le march\u00e9 un large \u00e9ventail de fabricants et de marques aupr\u00e8s desquels vous pourrez acheter des cartouches de protoxyde d&#8217;azote. Si le prix n&#8217;a pas d&#8217;importance, vous pouvez acheter des cartouches de cr\u00e8me qui co\u00fbtent un peu moins de 70,00 euros. Si vous recherchez une alternative bon march\u00e9, vous pouvez \u00e9galement trouver des cartouches de cr\u00e8me pour un peu moins de 20,00 euros.<\/p>\n<h2>Quel est le meilleur endroit pour acheter des bonbonne protoxyde d&#8217;azote?<\/h2>\n<p>Bien entendu, vous trouverez toujours le plus grand choix en ligne. Sur diverses plateformes, les bonbonne protoxyde d&#8217;azote sont propos\u00e9s \u00e0 des prix diff\u00e9rents. Toutefois, il ne faut pas commander imm\u00e9diatement les premi\u00e8res cartouches N2O <a href=\"https:\/\/fast-gas.com\/fr\/5-vendeurs-de-bonbonne-n2o-alternatifs-cream-deluxe\/\">Cream Deluxe gaz<\/a> que vous trouvez, informez-vous bien et regardez \u00e9ventuellement aussi un rapport de test.<\/p>\n<p>Les cartouches de cr\u00e8me N2O ne sont malheureusement pas seulement utilis\u00e9es dans la cuisine, mais les capsules sont aussi souvent mal utilis\u00e9es. L&#8217;utilisation de cartouches de cr\u00e8me comme drogues r\u00e9cr\u00e9atives n&#8217;est pas atypique et avec un ouvreur de cartouches de cr\u00e8me disponible gratuitement, la consommation est \u00e9galement assez facile. Sans un ouvreur de cartouches de cr\u00e8me, l&#8217;ouverture des cartouches de cr\u00e8me devrait \u00eatre une entreprise un peu plus difficile. Dans tous les cas, la consommation n&#8217;est absolument pas recommand\u00e9e.<\/p>\n<p>L\u00e9gal et bien connu en Angleterre, le <a href=\"https:\/\/fast-gas.com\/fr\/5-vendeurs-de-bonbonne-n2o-alternatifs-cream-deluxe\/\">protoxyde d&#8217;azote (N2O)<\/a>, lorsqu&#8217;il est inhal\u00e9, entra\u00eene une intoxication violente et br\u00e8ve, qui ne doit en aucun cas \u00eatre sous-estim\u00e9e. L&#8217;\u00e9tat apr\u00e8s l&#8217;inhalation de protoxyde d&#8217;azote, ou N2O comme on l&#8217;appelle scientifiquement, est souvent d\u00e9crit comme une transe. Le corps semble plus lourd, les entr\u00e9es sensorielles s&#8217;intensifient consid\u00e9rablement. <a href=\"https:\/\/exotic-whip.com\/fr\/blog-fr\/effets-et-utilisations-du-n2o\/\">Les cartouches de cr\u00e8me utilis\u00e9es comme drogues r\u00e9cr\u00e9atives conduisent souvent \u00e0 un high rapide avec des effets \u00e0 long terme.<\/a><\/p>\n<p>L&#8217;inhalation d&#8217;protoxyde d&#8217;azote peut entra\u00eener une d\u00e9pendance au N2O en cas d&#8217;utilisation fr\u00e9quente, les cons\u00e9quences telles que les dommages au syst\u00e8me nerveux central sont \u00e9galement fortement accrues. L&#8217;inhalation de cartouches de cr\u00e8me peut \u00eatre particuli\u00e8rement dangereuse si l&#8217;organisme contient d&#8217;autres types de drogues. Dans le pire des cas, l&#8217;inhalation de protoxyde d&#8217;azote peut entra\u00eener la mort.<\/p>\n<h2>Revenons au sujet qui nous occupe : o\u00f9 acheter des cartouches de cr\u00e8me?<\/h2>\n<p>Bien entendu, vous pouvez commander des <a href=\"https:\/\/fast-gas.com\/fr\/produit\/cylindre-original-oxyde-nitreux-fastgas\/\" data-cke-saved-href=\"https:\/\/fast-gas.com\/fr\/products\/580g-n2ofast-gas-cream-charger\">cartouches de N2O en ligne, et les distributeurs de cr\u00e8me<\/a> peuvent \u00e9galement \u00eatre trouv\u00e9s en grande quantit\u00e9. Toutefois, si vous souhaitez examiner de plus pr\u00e8s les cartouches et les siphon de cr\u00e8me avant d&#8217;acheter, vous pouvez vous procurer des produits de haute qualit\u00e9, comme les bonbonne protoxyde d&#8217;azote chantilly Rossmann, chez Flink&amp;Sauber. Les cartouches de cr\u00e8me Rossmann sont disponibles en paquets de 10, \u00e0 un prix abordable.<\/p>\n<p>Pour une \u00e9limination professionnelle des bonbonne protoxyde d&#8217;azote, vous devez remettre les cartouches vides \u00e0 une casse ou les jeter dans un conteneur \u00e0 ferraille. Les bonbonne protoxyde d&#8217;azote ne doivent jamais \u00eatre jet\u00e9s dans la poubelle des d\u00e9chets r\u00e9siduels. Les bonbonne protoxyde d&#8217;azote sont fabriqu\u00e9s en acier r\u00e9utilisable et respectueux de l&#8217;environnement. Si vous vous d\u00e9barrassez de vos bonbonne protoxyde d&#8217;azote comme d\u00e9crit ci-dessus, vous recyclez les cartouches et faites un geste pour l&#8217;environnement.<\/p>\n","protected":false},"excerpt":{"rendered":"<p>Bonbonne protoxyde d&#8217;azote Si vous souhaitez acheter des Bonbonne cream deluxe gaz, assurez-vous que les bonbonne protoxyde d&#8217;azote et le siphon a cr\u00e8me sont compatibles. Les siphons a cr\u00e8me chantilly les plus courants sont con\u00e7us pour contenir des capsules de 8 g de N2O. Les cartouche de cr\u00e8me chantilly N2O sont remplies de N2O (protoxyde [&hellip;]<\/p>\n","protected":false},"author":5216,"featured_media":1271,"parent":0,"menu_order":0,"comment_status":"closed","ping_status":"closed","template":"","meta":{"_acf_changed":false,"footnotes":""},"class_list":["post-1694","page","type-page","status-publish","has-post-thumbnail","hentry"],"acf":[],"yoast_head":"<!-- This site is optimized with the Yoast SEO plugin v27.2 - https:\/\/yoast.com\/product\/yoast-seo-wordpress\/ -->\n<title>Acheter des bonbonne N2O Fast Gas - Conseils et astuces | FastGas<\/title>\n<meta name=\"description\" content=\"Le meilleur endroit pour acheter de la Cream Deluxe gaz &amp; Fast Gas. Inscrivez-vous \u00e0 notre newsletter pour b\u00e9n\u00e9ficier de r\u00e9ductions!\" \/>\n<meta name=\"robots\" content=\"index, follow, max-snippet:-1, max-image-preview:large, max-video-preview:-1\" \/>\n<link rel=\"canonical\" href=\"https:\/\/fast-gas.com\/fr\/conseils-pour-acheter-des-bonbonne-n2o\/\" \/>\n<meta property=\"og:locale\" content=\"fr_FR\" \/>\n<meta property=\"og:type\" content=\"article\" \/>\n<meta property=\"og:title\" content=\"Acheter des bonbonne N2O Fast Gas - Conseils et astuces | FastGas\" \/>\n<meta property=\"og:description\" content=\"Le meilleur endroit pour acheter de la Cream Deluxe gaz &amp; Fast Gas. Inscrivez-vous \u00e0 notre newsletter pour b\u00e9n\u00e9ficier de r\u00e9ductions!\" \/>\n<meta property=\"og:url\" content=\"https:\/\/fast-gas.com\/fr\/conseils-pour-acheter-des-bonbonne-n2o\/\" \/>\n<meta property=\"og:site_name\" content=\"FastGas\" \/>\n<meta property=\"article:publisher\" content=\"https:\/\/facebook.com\/wearefastgas\" \/>\n<meta property=\"article:modified_time\" content=\"2024-12-20T02:05:52+00:00\" \/>\n<meta property=\"og:image\" content=\"https:\/\/fast-gas.com\/wp-content\/uploads\/2022\/01\/FastGas-CylinderLogo.jpg\" \/>\n\t<meta property=\"og:image:width\" content=\"760\" \/>\n\t<meta property=\"og:image:height\" content=\"760\" \/>\n\t<meta property=\"og:image:type\" content=\"image\/jpeg\" \/>\n<meta name=\"twitter:card\" content=\"summary_large_image\" \/>\n<meta name=\"twitter:label1\" content=\"Est. reading time\" \/>\n\t<meta name=\"twitter:data1\" content=\"4 minutes\" \/>\n<script type=\"application\/ld+json\" class=\"yoast-schema-graph\">{\"@context\":\"https:\/\/schema.org\",\"@graph\":[{\"@type\":[\"Article\",\"BlogPosting\"],\"@id\":\"https:\/\/fast-gas.com\/fr\/conseils-pour-acheter-des-bonbonne-n2o\/#article\",\"isPartOf\":{\"@id\":\"https:\/\/fast-gas.com\/fr\/conseils-pour-acheter-des-bonbonne-n2o\/\"},\"author\":{\"name\":\"Bro FastGas\",\"@id\":\"https:\/\/fast-gas.com\/fr\/#\/schema\/person\/4b3a9beffb469faf985fef2c2b684689\"},\"headline\":\"Conseils pour acheter des bonbonne N2O\",\"datePublished\":\"2022-01-24T09:36:38+00:00\",\"dateModified\":\"2024-12-20T02:05:52+00:00\",\"mainEntityOfPage\":{\"@id\":\"https:\/\/fast-gas.com\/fr\/conseils-pour-acheter-des-bonbonne-n2o\/\"},\"wordCount\":842,\"publisher\":{\"@id\":\"https:\/\/fast-gas.com\/fr\/#organization\"},\"image\":{\"@id\":\"https:\/\/fast-gas.com\/fr\/conseils-pour-acheter-des-bonbonne-n2o\/#primaryimage\"},\"thumbnailUrl\":\"https:\/\/fast-gas.com\/wp-content\/uploads\/2022\/01\/FastGas-CylinderLogo.jpg\",\"inLanguage\":\"fr-FR\"},{\"@type\":\"WebPage\",\"@id\":\"https:\/\/fast-gas.com\/fr\/conseils-pour-acheter-des-bonbonne-n2o\/\",\"url\":\"https:\/\/fast-gas.com\/fr\/conseils-pour-acheter-des-bonbonne-n2o\/\",\"name\":\"Acheter des bonbonne N2O Fast Gas - Conseils et astuces | FastGas\",\"isPartOf\":{\"@id\":\"https:\/\/fast-gas.com\/fr\/#website\"},\"primaryImageOfPage\":{\"@id\":\"https:\/\/fast-gas.com\/fr\/conseils-pour-acheter-des-bonbonne-n2o\/#primaryimage\"},\"image\":{\"@id\":\"https:\/\/fast-gas.com\/fr\/conseils-pour-acheter-des-bonbonne-n2o\/#primaryimage\"},\"thumbnailUrl\":\"https:\/\/fast-gas.com\/wp-content\/uploads\/2022\/01\/FastGas-CylinderLogo.jpg\",\"datePublished\":\"2022-01-24T09:36:38+00:00\",\"dateModified\":\"2024-12-20T02:05:52+00:00\",\"description\":\"Le meilleur endroit pour acheter de la Cream Deluxe gaz & Fast Gas. Inscrivez-vous \u00e0 notre newsletter pour b\u00e9n\u00e9ficier de r\u00e9ductions!\",\"breadcrumb\":{\"@id\":\"https:\/\/fast-gas.com\/fr\/conseils-pour-acheter-des-bonbonne-n2o\/#breadcrumb\"},\"inLanguage\":\"fr-FR\",\"potentialAction\":[{\"@type\":\"ReadAction\",\"target\":[\"https:\/\/fast-gas.com\/fr\/conseils-pour-acheter-des-bonbonne-n2o\/\"]}]},{\"@type\":\"ImageObject\",\"inLanguage\":\"fr-FR\",\"@id\":\"https:\/\/fast-gas.com\/fr\/conseils-pour-acheter-des-bonbonne-n2o\/#primaryimage\",\"url\":\"https:\/\/fast-gas.com\/wp-content\/uploads\/2022\/01\/FastGas-CylinderLogo.jpg\",\"contentUrl\":\"https:\/\/fast-gas.com\/wp-content\/uploads\/2022\/01\/FastGas-CylinderLogo.jpg\",\"width\":760,\"height\":760,\"caption\":\"Guidelines to Buy Whipped Cream Chargers | Fast Gas Cream Charger\"},{\"@type\":\"BreadcrumbList\",\"@id\":\"https:\/\/fast-gas.com\/fr\/conseils-pour-acheter-des-bonbonne-n2o\/#breadcrumb\",\"itemListElement\":[{\"@type\":\"ListItem\",\"position\":1,\"name\":\"Home\",\"item\":\"https:\/\/fast-gas.com\/fr\/\"},{\"@type\":\"ListItem\",\"position\":2,\"name\":\"Conseils pour acheter des bonbonne N2O\"}]},{\"@type\":\"WebSite\",\"@id\":\"https:\/\/fast-gas.com\/fr\/#website\",\"url\":\"https:\/\/fast-gas.com\/fr\/\",\"name\":\"FastGas\",\"description\":\"N2O Cream Chargers\",\"publisher\":{\"@id\":\"https:\/\/fast-gas.com\/fr\/#organization\"},\"potentialAction\":[{\"@type\":\"SearchAction\",\"target\":{\"@type\":\"EntryPoint\",\"urlTemplate\":\"https:\/\/fast-gas.com\/fr\/?s={search_term_string}\"},\"query-input\":{\"@type\":\"PropertyValueSpecification\",\"valueRequired\":true,\"valueName\":\"search_term_string\"}}],\"inLanguage\":\"fr-FR\"},{\"@type\":\"Organization\",\"@id\":\"https:\/\/fast-gas.com\/fr\/#organization\",\"name\":\"FastGas - Helium, CO2 & N2O Wholesale\",\"alternateName\":\"Fast Gas\",\"url\":\"https:\/\/fast-gas.com\/fr\/\",\"logo\":{\"@type\":\"ImageObject\",\"inLanguage\":\"fr-FR\",\"@id\":\"https:\/\/fast-gas.com\/fr\/#\/schema\/logo\/image\/\",\"url\":\"https:\/\/fast-gas.com\/wp-content\/uploads\/2025\/03\/cropped-Fastgas-Favicon.png\",\"contentUrl\":\"https:\/\/fast-gas.com\/wp-content\/uploads\/2025\/03\/cropped-Fastgas-Favicon.png\",\"width\":512,\"height\":512,\"caption\":\"FastGas - Helium, CO2 & N2O Wholesale\"},\"image\":{\"@id\":\"https:\/\/fast-gas.com\/fr\/#\/schema\/logo\/image\/\"},\"sameAs\":[\"https:\/\/facebook.com\/wearefastgas\",\"https:\/\/www.youtube.com\/channel\/UCV5w9vrihWFu0yM7SZzQfVQ\/videos\",\"https:\/\/instagram.com\/fastgas.official\"]},{\"@type\":\"Person\",\"@id\":\"https:\/\/fast-gas.com\/fr\/#\/schema\/person\/4b3a9beffb469faf985fef2c2b684689\",\"name\":\"Bro FastGas\",\"description\":\"Meet our Culinary Gas &amp; Tech Editor: pioneering N2O, CO2, and cream charger innovations with recipes, reviews, and cutting-edge insights.\",\"url\":\"https:\/\/fast-gas.com\/fr\/author\/iryna\/\"}]}<\/script>\n<!-- \/ Yoast SEO plugin. -->","yoast_head_json":{"title":"Acheter des bonbonne N2O Fast Gas - Conseils et astuces | FastGas","description":"Le meilleur endroit pour acheter de la Cream Deluxe gaz & Fast Gas. Inscrivez-vous \u00e0 notre newsletter pour b\u00e9n\u00e9ficier de r\u00e9ductions!","robots":{"index":"index","follow":"follow","max-snippet":"max-snippet:-1","max-image-preview":"max-image-preview:large","max-video-preview":"max-video-preview:-1"},"canonical":"https:\/\/fast-gas.com\/fr\/conseils-pour-acheter-des-bonbonne-n2o\/","og_locale":"fr_FR","og_type":"article","og_title":"Acheter des bonbonne N2O Fast Gas - Conseils et astuces | FastGas","og_description":"Le meilleur endroit pour acheter de la Cream Deluxe gaz & Fast Gas. Inscrivez-vous \u00e0 notre newsletter pour b\u00e9n\u00e9ficier de r\u00e9ductions!","og_url":"https:\/\/fast-gas.com\/fr\/conseils-pour-acheter-des-bonbonne-n2o\/","og_site_name":"FastGas","article_publisher":"https:\/\/facebook.com\/wearefastgas","article_modified_time":"2024-12-20T02:05:52+00:00","og_image":[{"width":760,"height":760,"url":"https:\/\/fast-gas.com\/wp-content\/uploads\/2022\/01\/FastGas-CylinderLogo.jpg","type":"image\/jpeg"}],"twitter_card":"summary_large_image","twitter_misc":{"Est. reading time":"4 minutes"},"schema":{"@context":"https:\/\/schema.org","@graph":[{"@type":["Article","BlogPosting"],"@id":"https:\/\/fast-gas.com\/fr\/conseils-pour-acheter-des-bonbonne-n2o\/#article","isPartOf":{"@id":"https:\/\/fast-gas.com\/fr\/conseils-pour-acheter-des-bonbonne-n2o\/"},"author":{"name":"Bro FastGas","@id":"https:\/\/fast-gas.com\/fr\/#\/schema\/person\/4b3a9beffb469faf985fef2c2b684689"},"headline":"Conseils pour acheter des bonbonne N2O","datePublished":"2022-01-24T09:36:38+00:00","dateModified":"2024-12-20T02:05:52+00:00","mainEntityOfPage":{"@id":"https:\/\/fast-gas.com\/fr\/conseils-pour-acheter-des-bonbonne-n2o\/"},"wordCount":842,"publisher":{"@id":"https:\/\/fast-gas.com\/fr\/#organization"},"image":{"@id":"https:\/\/fast-gas.com\/fr\/conseils-pour-acheter-des-bonbonne-n2o\/#primaryimage"},"thumbnailUrl":"https:\/\/fast-gas.com\/wp-content\/uploads\/2022\/01\/FastGas-CylinderLogo.jpg","inLanguage":"fr-FR"},{"@type":"WebPage","@id":"https:\/\/fast-gas.com\/fr\/conseils-pour-acheter-des-bonbonne-n2o\/","url":"https:\/\/fast-gas.com\/fr\/conseils-pour-acheter-des-bonbonne-n2o\/","name":"Acheter des bonbonne N2O Fast Gas - Conseils et astuces | FastGas","isPartOf":{"@id":"https:\/\/fast-gas.com\/fr\/#website"},"primaryImageOfPage":{"@id":"https:\/\/fast-gas.com\/fr\/conseils-pour-acheter-des-bonbonne-n2o\/#primaryimage"},"image":{"@id":"https:\/\/fast-gas.com\/fr\/conseils-pour-acheter-des-bonbonne-n2o\/#primaryimage"},"thumbnailUrl":"https:\/\/fast-gas.com\/wp-content\/uploads\/2022\/01\/FastGas-CylinderLogo.jpg","datePublished":"2022-01-24T09:36:38+00:00","dateModified":"2024-12-20T02:05:52+00:00","description":"Le meilleur endroit pour acheter de la Cream Deluxe gaz & Fast Gas. Inscrivez-vous \u00e0 notre newsletter pour b\u00e9n\u00e9ficier de r\u00e9ductions!","breadcrumb":{"@id":"https:\/\/fast-gas.com\/fr\/conseils-pour-acheter-des-bonbonne-n2o\/#breadcrumb"},"inLanguage":"fr-FR","potentialAction":[{"@type":"ReadAction","target":["https:\/\/fast-gas.com\/fr\/conseils-pour-acheter-des-bonbonne-n2o\/"]}]},{"@type":"ImageObject","inLanguage":"fr-FR","@id":"https:\/\/fast-gas.com\/fr\/conseils-pour-acheter-des-bonbonne-n2o\/#primaryimage","url":"https:\/\/fast-gas.com\/wp-content\/uploads\/2022\/01\/FastGas-CylinderLogo.jpg","contentUrl":"https:\/\/fast-gas.com\/wp-content\/uploads\/2022\/01\/FastGas-CylinderLogo.jpg","width":760,"height":760,"caption":"Guidelines to Buy Whipped Cream Chargers | Fast Gas Cream Charger"},{"@type":"BreadcrumbList","@id":"https:\/\/fast-gas.com\/fr\/conseils-pour-acheter-des-bonbonne-n2o\/#breadcrumb","itemListElement":[{"@type":"ListItem","position":1,"name":"Home","item":"https:\/\/fast-gas.com\/fr\/"},{"@type":"ListItem","position":2,"name":"Conseils pour acheter des bonbonne N2O"}]},{"@type":"WebSite","@id":"https:\/\/fast-gas.com\/fr\/#website","url":"https:\/\/fast-gas.com\/fr\/","name":"FastGas","description":"N2O Cream Chargers","publisher":{"@id":"https:\/\/fast-gas.com\/fr\/#organization"},"potentialAction":[{"@type":"SearchAction","target":{"@type":"EntryPoint","urlTemplate":"https:\/\/fast-gas.com\/fr\/?s={search_term_string}"},"query-input":{"@type":"PropertyValueSpecification","valueRequired":true,"valueName":"search_term_string"}}],"inLanguage":"fr-FR"},{"@type":"Organization","@id":"https:\/\/fast-gas.com\/fr\/#organization","name":"FastGas - Helium, CO2 & N2O Wholesale","alternateName":"Fast Gas","url":"https:\/\/fast-gas.com\/fr\/","logo":{"@type":"ImageObject","inLanguage":"fr-FR","@id":"https:\/\/fast-gas.com\/fr\/#\/schema\/logo\/image\/","url":"https:\/\/fast-gas.com\/wp-content\/uploads\/2025\/03\/cropped-Fastgas-Favicon.png","contentUrl":"https:\/\/fast-gas.com\/wp-content\/uploads\/2025\/03\/cropped-Fastgas-Favicon.png","width":512,"height":512,"caption":"FastGas - Helium, CO2 & N2O Wholesale"},"image":{"@id":"https:\/\/fast-gas.com\/fr\/#\/schema\/logo\/image\/"},"sameAs":["https:\/\/facebook.com\/wearefastgas","https:\/\/www.youtube.com\/channel\/UCV5w9vrihWFu0yM7SZzQfVQ\/videos","https:\/\/instagram.com\/fastgas.official"]},{"@type":"Person","@id":"https:\/\/fast-gas.com\/fr\/#\/schema\/person\/4b3a9beffb469faf985fef2c2b684689","name":"Bro FastGas","description":"Meet our Culinary Gas &amp; Tech Editor: pioneering N2O, CO2, and cream charger innovations with recipes, reviews, and cutting-edge insights.","url":"https:\/\/fast-gas.com\/fr\/author\/iryna\/"}]}},"_links":{"self":[{"href":"https:\/\/fast-gas.com\/fr\/wp-json\/wp\/v2\/pages\/1694","targetHints":{"allow":["GET"]}}],"collection":[{"href":"https:\/\/fast-gas.com\/fr\/wp-json\/wp\/v2\/pages"}],"about":[{"href":"https:\/\/fast-gas.com\/fr\/wp-json\/wp\/v2\/types\/page"}],"author":[{"embeddable":true,"href":"https:\/\/fast-gas.com\/fr\/wp-json\/wp\/v2\/users\/5216"}],"replies":[{"embeddable":true,"href":"https:\/\/fast-gas.com\/fr\/wp-json\/wp\/v2\/comments?post=1694"}],"version-history":[{"count":13,"href":"https:\/\/fast-gas.com\/fr\/wp-json\/wp\/v2\/pages\/1694\/revisions"}],"predecessor-version":[{"id":39933,"href":"https:\/\/fast-gas.com\/fr\/wp-json\/wp\/v2\/pages\/1694\/revisions\/39933"}],"wp:featuredmedia":[{"embeddable":true,"href":"https:\/\/fast-gas.com\/fr\/wp-json\/wp\/v2\/media\/1271"}],"wp:attachment":[{"href":"https:\/\/fast-gas.com\/fr\/wp-json\/wp\/v2\/media?parent=1694"}],"curies":[{"name":"wp","href":"https:\/\/api.w.org\/{rel}","templated":true}]}}