{"id":1691,"date":"2022-01-24T10:36:38","date_gmt":"2022-01-24T09:36:38","guid":{"rendered":"https:\/\/fast-gas.com\/cream-siphon-everything-you-should-know\/"},"modified":"2024-05-04T04:00:11","modified_gmt":"2024-05-04T04:00:11","slug":"siphon-chantilly-tout-ce-que-vous-devez-savoir","status":"publish","type":"page","link":"https:\/\/fast-gas.com\/fr\/siphon-chantilly-tout-ce-que-vous-devez-savoir\/","title":{"rendered":"Siphon chantilly &#8211; Tout ce que vous devez savoir"},"content":{"rendered":"<h2>Qu&#8217;est-ce qu&#8217;un siphon chantilly ?<\/h2>\n<p><em>&#8211; En achetant un siphon \u00e0 cr\u00e8me, vous disposez d&#8217;un outil adapt\u00e9 pour <a href=\"https:\/\/fast-gas.com\/fr\/les-5-meilleures-recettes-de-creme-chantilly\/\" data-cke-saved-href=\"https:\/\/fast-gas.com\/fr\/blogs\/news\/top-ten-whipped-cream-recipes\">r\u00e9aliser rapidement de la chantilly \u00e0 partir de cr\u00e8me sucr\u00e9e<\/a>. Le siphon \u00e0 cr\u00e8me, \u00e9galement appel\u00e9 siphon chantilly, est rempli de cr\u00e8me juste avant son utilisation.<br \/>\n&#8211; En plus de la cr\u00e8me, des <a href=\"https:\/\/fast-gas.com\/fr\/comment-utiliser-les-cartouches-de-creme\/\" data-cke-saved-href=\"https:\/\/fast-gas.com\/fr\/pages\/how-to-use-cream-cartridges\">cartouches de cr\u00e8me<\/a> sont ins\u00e9r\u00e9es dans le siphon chantilly. Selon la quantit\u00e9 de cr\u00e8me et de mousse, 1 \u00e0 2 cartouches de cr\u00e8me sont n\u00e9cessaires.<br \/>\n&#8211; Bien que les siphon chantilly en acier inoxydable soient tr\u00e8s robustes, ils sont aussi tr\u00e8s lourds. Pour le monde f\u00e9minin, une variante de mod\u00e8le plus l\u00e9g\u00e8re sous forme de siphon \u00e0 cr\u00e8me en aluminium est recommand\u00e9e. Totalement ind\u00e9pendants de l&#8217;entretien, les deux peuvent \u00eatre parfaitement nettoy\u00e9s au lave-vaisselle.<\/em><\/p>\n<p style=\"text-align: center;\"><a class=\"button button--primary hero__button\" href=\"https:\/\/fast-gas.com\/fr\/distributeur\/\">Devenez Distributeur<\/a><\/p>\n<h2>Comment fonctionne un siphon chantilly?<\/h2>\n<p>Une petite <a href=\"https:\/\/fast-gas.com\/fr\/comment-utiliser-les-cartouches-de-creme\/\" data-cke-saved-href=\"https:\/\/fast-gas.com\/fr\/pages\/how-to-use-cream-cartridges\">cartouche de cr\u00e8me<\/a> est ins\u00e9r\u00e9e dans le haut du siphon chantilly, \u00e0 l&#8217;oppos\u00e9 du bec verseur. Cette cartouche est remplie d&#8217;protoxyde d&#8217;azote, un gaz propulseur. La cr\u00e8me liquide contenue dans le siphon se met alors \u00e0 mousser et est expuls\u00e9e par une buse de pulv\u00e9risation situ\u00e9e \u00e0 la t\u00eate du siphon.<\/p>\n<p>Dans de nombreux cas, les sahnesyphon edelstahl sont utilis\u00e9s dans le secteur de la restauration, mais il est bien s\u00fbr difficile d&#8217;imaginer un foyer sans un tel siphon chantilly. D\u00e8s qu&#8217;il y a un dessert ou un g\u00e2teau \u00e0 la maison, le siphon chantilly est indispensable. Il n&#8217;est pas n\u00e9cessaire de fouetter la cr\u00e8me pendant longtemps et la cr\u00e8me peut \u00eatre utilis\u00e9e parfaitement dans le siphon chantilly, m\u00eame le lendemain.<\/p>\n<p>Avec le siphon \u00e0 cr\u00e8me, <a href=\"https:\/\/fast-gas.com\/fr\/une-creme-fouettee-qui-reste-ferme\/\" data-cke-saved-href=\"https:\/\/fast-gas.com\/fr\/blogs\/news\/how-to-ensure-your-whipped-cream-remains-firm\">vous pr\u00e9parez votre propre cr\u00e8me chantilly<\/a>. Il suffit de secouer quelques fois et la cr\u00e8me est pr\u00eate \u00e0 \u00eatre utilis\u00e9e. Dans de nombreux cas, la cr\u00e8me est \u00e9galement utilis\u00e9e dans la cuisine mol\u00e9culaire. Ici, une certaine vari\u00e9t\u00e9 de saveurs peut \u00eatre facilement inject\u00e9e dans la mousse pour augmenter la vari\u00e9t\u00e9 des saveurs.<\/p>\n<h2>Combien de temps peut-on conserver de la cr\u00e8me dans un siphon \u00e0 cr\u00e8me?<\/h2>\n<p>Selon le fabricant, la cr\u00e8me dans le siphon peut \u00eatre conserv\u00e9e au r\u00e9frig\u00e9rateur jusqu&#8217;\u00e0 14 jours. Comme il existe diff\u00e9rentes tailles de pots de cr\u00e8me, c&#8217;est un bon moyen de d\u00e9terminer la dur\u00e9e de conservation et de ne pas avoir \u00e0 mijoter dans le siphon pendant 14 jours. Les recettes de siphon chantilly sont \u00e9galement int\u00e9ressantes.<\/p>\n<h2>Quelle cr\u00e8me utiliser pour un siphon chantilly?<\/h2>\n<p>La cr\u00e8me fra\u00eeche convient particuli\u00e8rement bien car c&#8217;est ici que ressort le go\u00fbt particuli\u00e8rement bon de la cr\u00e8me pour les recettes de cr\u00e8me chantilly. La conservation jusqu&#8217;\u00e0 l&#8217;utilisation doit toujours se faire au r\u00e9frig\u00e9rateur. Il est pr\u00e9f\u00e9rable de la conserver dans le siphon. La cr\u00e8me chantilly doit \u00eatre conserv\u00e9e \u00e0 une temp\u00e9rature de 5 \u00e0 7 degr\u00e9s.<\/p>\n<h2>Qu&#8217;en est-il des cartouches de cr\u00e8me?<\/h2>\n<p>Une <a href=\"https:\/\/fast-gas.com\/fr\/comment-utiliser-les-cartouches-de-creme\/\" data-cke-saved-href=\"https:\/\/fast-gas.com\/fr\/pages\/how-to-use-cream-cartridges\">cartouche de cr\u00e8me<\/a> est suffisante pour un seul remplissage dans un siphon chantilly ISI 1603 (capacit\u00e9 0,5 litres). Cependant, il n&#8217;est pas n\u00e9cessaire de tout utiliser en une journ\u00e9e, il suffit que la cartouche soit vide.<\/p>\n<p>Quelle est la dur\u00e9e de conservation des cartouches de cr\u00e8me ? Toutes les cartouches des siphon chantilly sont remplies de N2O (protoxyde d&#8217;azote) et ont une dur\u00e9e de conservation de plusieurs ann\u00e9es si elles ne sont pas utilis\u00e9es. Quelle que soit la marque, les cartouches pour siphon chantilly contiennent 8 grammes de protoxyde d&#8217;azote liquide sous pression. \u00c0 l&#8217;exception de la couleur, il n&#8217;y a pas de diff\u00e9rence entre les cartouches des diff\u00e9rents fabricants.<\/p>\n<h2>Pour l&#8217;achat d&#8217;un siphon chantilly, quel est le meilleur choix : acier inoxydable ou aluminium?<\/h2>\n<p>Vous trouverez deux types diff\u00e9rents de <a href=\"https:\/\/fast-gas.com\/fr\/product-category\/tous\/\">siphon chantilly<\/a>. Ceux-ci se distinguent par leur manipulation, ainsi que par le mat\u00e9riau des appareils. Le premier est en acier inoxydable, mais tout ne doit pas n\u00e9cessairement \u00eatre en acier inoxydable. Il se peut en effet que la t\u00eate de l&#8217;appareil soit en plastique ou en un autre m\u00e9tal.<\/p>\n<p>De bonne qualit\u00e9, ce siphon chantilly wmf ou d&#8217;autres marques peut \u00eatre utilis\u00e9 pour des applications lourdes. Par exemple, dans un bar \u00e0 cocktail ou pour une utilisation intensive dans la restauration. Si vous faites confiance \u00e0 un appareil de marque comme le sahnesyphon wmf, vous pouvez vous rabattre sur une gamme \u00e9tendue de pi\u00e8ces de rechange, si jamais votre siphon chantilly a un probl\u00e8me technique.<\/p>\n<p>Mais cela ne veut pas dire qu&#8217;un siphon chantilly en aluminium n&#8217;a pas ses qualit\u00e9s. Ils passent \u00e9galement au lave-vaisselle et sont beaucoup plus l\u00e9gers. Pour le personnel f\u00e9minin d&#8217;un bar \u00e0 cocktails, le poids du siphon joue un r\u00f4le important \u00e0 long terme. Surtout lorsqu&#8217;il est utilis\u00e9 au bar pendant plusieurs heures, le poids se fait positivement sentir dans la manipulation. En outre, les siphons chantilly sont disponibles en 250 millilitres et 500 millilitres, chacun avec les cartouches de siphon chantilly correspondantes.<\/p>\n","protected":false},"excerpt":{"rendered":"<p>Qu&#8217;est-ce qu&#8217;un siphon chantilly ? &#8211; En achetant un siphon \u00e0 cr\u00e8me, vous disposez d&#8217;un outil adapt\u00e9 pour r\u00e9aliser rapidement de la chantilly \u00e0 partir de cr\u00e8me sucr\u00e9e. Le siphon \u00e0 cr\u00e8me, \u00e9galement appel\u00e9 siphon chantilly, est rempli de cr\u00e8me juste avant son utilisation. &#8211; En plus de la cr\u00e8me, des cartouches de cr\u00e8me sont [&hellip;]<\/p>\n","protected":false},"author":5216,"featured_media":1341,"parent":0,"menu_order":0,"comment_status":"closed","ping_status":"closed","template":"","meta":{"_acf_changed":false,"footnotes":""},"class_list":["post-1691","page","type-page","status-publish","has-post-thumbnail","hentry"],"acf":[],"yoast_head":"<!-- This site is optimized with the Yoast SEO plugin v27.4 - https:\/\/yoast.com\/product\/yoast-seo-wordpress\/ -->\n<title>Siphon chantilly - Tout ce que vous devez savoir | FastGas<\/title>\n<meta name=\"description\" content=\"Lorsque vous achetez un siphon chantilly, vous obtenez un outil pour faire rapidement de la cr\u00e8me chantilly, mais \u00e0 quoi faire attention?\" \/>\n<meta name=\"robots\" content=\"index, follow, max-snippet:-1, max-image-preview:large, max-video-preview:-1\" \/>\n<link rel=\"canonical\" href=\"https:\/\/fast-gas.com\/fr\/siphon-chantilly-tout-ce-que-vous-devez-savoir\/\" \/>\n<meta property=\"og:locale\" content=\"fr_FR\" \/>\n<meta property=\"og:type\" content=\"article\" \/>\n<meta property=\"og:title\" content=\"Siphon chantilly - Tout ce que vous devez savoir | FastGas\" \/>\n<meta property=\"og:description\" content=\"Lorsque vous achetez un siphon chantilly, vous obtenez un outil pour faire rapidement de la cr\u00e8me chantilly, mais \u00e0 quoi faire attention?\" \/>\n<meta property=\"og:url\" content=\"https:\/\/fast-gas.com\/fr\/siphon-chantilly-tout-ce-que-vous-devez-savoir\/\" \/>\n<meta property=\"og:site_name\" content=\"FastGas\" \/>\n<meta property=\"article:publisher\" content=\"https:\/\/facebook.com\/wearefastgas\" \/>\n<meta property=\"article:modified_time\" content=\"2024-05-04T04:00:11+00:00\" \/>\n<meta property=\"og:image\" content=\"https:\/\/fast-gas.com\/wp-content\/uploads\/2022\/01\/Whipped-Cream-Sweets.jpg\" \/>\n\t<meta property=\"og:image:width\" content=\"819\" \/>\n\t<meta property=\"og:image:height\" content=\"819\" \/>\n\t<meta property=\"og:image:type\" content=\"image\/jpeg\" \/>\n<meta name=\"twitter:card\" content=\"summary_large_image\" \/>\n<meta name=\"twitter:label1\" content=\"Est. reading time\" \/>\n\t<meta name=\"twitter:data1\" content=\"4 minutes\" \/>\n<script type=\"application\/ld+json\" class=\"yoast-schema-graph\">{\"@context\":\"https:\\\/\\\/schema.org\",\"@graph\":[{\"@type\":[\"Article\",\"BlogPosting\"],\"@id\":\"https:\\\/\\\/fast-gas.com\\\/fr\\\/siphon-chantilly-tout-ce-que-vous-devez-savoir\\\/#article\",\"isPartOf\":{\"@id\":\"https:\\\/\\\/fast-gas.com\\\/fr\\\/siphon-chantilly-tout-ce-que-vous-devez-savoir\\\/\"},\"author\":{\"name\":\"Bro FastGas\",\"@id\":\"https:\\\/\\\/fast-gas.com\\\/fr\\\/#\\\/schema\\\/person\\\/4b3a9beffb469faf985fef2c2b684689\"},\"headline\":\"Siphon chantilly &#8211; Tout ce que vous devez savoir\",\"datePublished\":\"2022-01-24T09:36:38+00:00\",\"dateModified\":\"2024-05-04T04:00:11+00:00\",\"mainEntityOfPage\":{\"@id\":\"https:\\\/\\\/fast-gas.com\\\/fr\\\/siphon-chantilly-tout-ce-que-vous-devez-savoir\\\/\"},\"wordCount\":885,\"publisher\":{\"@id\":\"https:\\\/\\\/fast-gas.com\\\/fr\\\/#organization\"},\"image\":{\"@id\":\"https:\\\/\\\/fast-gas.com\\\/fr\\\/siphon-chantilly-tout-ce-que-vous-devez-savoir\\\/#primaryimage\"},\"thumbnailUrl\":\"https:\\\/\\\/fast-gas.com\\\/wp-content\\\/uploads\\\/2022\\\/01\\\/Whipped-Cream-Sweets.jpg\",\"inLanguage\":\"fr-FR\"},{\"@type\":\"WebPage\",\"@id\":\"https:\\\/\\\/fast-gas.com\\\/fr\\\/siphon-chantilly-tout-ce-que-vous-devez-savoir\\\/\",\"url\":\"https:\\\/\\\/fast-gas.com\\\/fr\\\/siphon-chantilly-tout-ce-que-vous-devez-savoir\\\/\",\"name\":\"Siphon chantilly - Tout ce que vous devez savoir | FastGas\",\"isPartOf\":{\"@id\":\"https:\\\/\\\/fast-gas.com\\\/fr\\\/#website\"},\"primaryImageOfPage\":{\"@id\":\"https:\\\/\\\/fast-gas.com\\\/fr\\\/siphon-chantilly-tout-ce-que-vous-devez-savoir\\\/#primaryimage\"},\"image\":{\"@id\":\"https:\\\/\\\/fast-gas.com\\\/fr\\\/siphon-chantilly-tout-ce-que-vous-devez-savoir\\\/#primaryimage\"},\"thumbnailUrl\":\"https:\\\/\\\/fast-gas.com\\\/wp-content\\\/uploads\\\/2022\\\/01\\\/Whipped-Cream-Sweets.jpg\",\"datePublished\":\"2022-01-24T09:36:38+00:00\",\"dateModified\":\"2024-05-04T04:00:11+00:00\",\"description\":\"Lorsque vous achetez un siphon chantilly, vous obtenez un outil pour faire rapidement de la cr\u00e8me chantilly, mais \u00e0 quoi faire attention?\",\"breadcrumb\":{\"@id\":\"https:\\\/\\\/fast-gas.com\\\/fr\\\/siphon-chantilly-tout-ce-que-vous-devez-savoir\\\/#breadcrumb\"},\"inLanguage\":\"fr-FR\",\"potentialAction\":[{\"@type\":\"ReadAction\",\"target\":[\"https:\\\/\\\/fast-gas.com\\\/fr\\\/siphon-chantilly-tout-ce-que-vous-devez-savoir\\\/\"]}]},{\"@type\":\"ImageObject\",\"inLanguage\":\"fr-FR\",\"@id\":\"https:\\\/\\\/fast-gas.com\\\/fr\\\/siphon-chantilly-tout-ce-que-vous-devez-savoir\\\/#primaryimage\",\"url\":\"https:\\\/\\\/fast-gas.com\\\/wp-content\\\/uploads\\\/2022\\\/01\\\/Whipped-Cream-Sweets.jpg\",\"contentUrl\":\"https:\\\/\\\/fast-gas.com\\\/wp-content\\\/uploads\\\/2022\\\/01\\\/Whipped-Cream-Sweets.jpg\",\"width\":819,\"height\":819,\"caption\":\"Whipped Cream Chargers:\"},{\"@type\":\"BreadcrumbList\",\"@id\":\"https:\\\/\\\/fast-gas.com\\\/fr\\\/siphon-chantilly-tout-ce-que-vous-devez-savoir\\\/#breadcrumb\",\"itemListElement\":[{\"@type\":\"ListItem\",\"position\":1,\"name\":\"Home\",\"item\":\"https:\\\/\\\/fast-gas.com\\\/fr\\\/\"},{\"@type\":\"ListItem\",\"position\":2,\"name\":\"Siphon chantilly &#8211; Tout ce que vous devez savoir\"}]},{\"@type\":\"WebSite\",\"@id\":\"https:\\\/\\\/fast-gas.com\\\/fr\\\/#website\",\"url\":\"https:\\\/\\\/fast-gas.com\\\/fr\\\/\",\"name\":\"FastGas\",\"description\":\"N2O Cream Chargers\",\"publisher\":{\"@id\":\"https:\\\/\\\/fast-gas.com\\\/fr\\\/#organization\"},\"potentialAction\":[{\"@type\":\"SearchAction\",\"target\":{\"@type\":\"EntryPoint\",\"urlTemplate\":\"https:\\\/\\\/fast-gas.com\\\/fr\\\/?s={search_term_string}\"},\"query-input\":{\"@type\":\"PropertyValueSpecification\",\"valueRequired\":true,\"valueName\":\"search_term_string\"}}],\"inLanguage\":\"fr-FR\"},{\"@type\":\"Organization\",\"@id\":\"https:\\\/\\\/fast-gas.com\\\/fr\\\/#organization\",\"name\":\"FastGas - Helium, CO2 & N2O Wholesale\",\"alternateName\":\"Fast Gas\",\"url\":\"https:\\\/\\\/fast-gas.com\\\/fr\\\/\",\"logo\":{\"@type\":\"ImageObject\",\"inLanguage\":\"fr-FR\",\"@id\":\"https:\\\/\\\/fast-gas.com\\\/fr\\\/#\\\/schema\\\/logo\\\/image\\\/\",\"url\":\"https:\\\/\\\/fast-gas.com\\\/wp-content\\\/uploads\\\/2025\\\/03\\\/cropped-Fastgas-Favicon.png\",\"contentUrl\":\"https:\\\/\\\/fast-gas.com\\\/wp-content\\\/uploads\\\/2025\\\/03\\\/cropped-Fastgas-Favicon.png\",\"width\":512,\"height\":512,\"caption\":\"FastGas - Helium, CO2 & N2O Wholesale\"},\"image\":{\"@id\":\"https:\\\/\\\/fast-gas.com\\\/fr\\\/#\\\/schema\\\/logo\\\/image\\\/\"},\"sameAs\":[\"https:\\\/\\\/facebook.com\\\/wearefastgas\",\"https:\\\/\\\/www.youtube.com\\\/channel\\\/UCV5w9vrihWFu0yM7SZzQfVQ\\\/videos\",\"https:\\\/\\\/instagram.com\\\/fastgas.official\"]},{\"@type\":\"Person\",\"@id\":\"https:\\\/\\\/fast-gas.com\\\/fr\\\/#\\\/schema\\\/person\\\/4b3a9beffb469faf985fef2c2b684689\",\"name\":\"Bro FastGas\",\"description\":\"Meet our Culinary Gas &amp; Tech Editor: pioneering N2O, CO2, and cream charger innovations with recipes, reviews, and cutting-edge insights.\",\"url\":\"https:\\\/\\\/fast-gas.com\\\/fr\\\/author\\\/iryna\\\/\"}]}<\/script>\n<!-- \/ Yoast SEO plugin. -->","yoast_head_json":{"title":"Siphon chantilly - Tout ce que vous devez savoir | FastGas","description":"Lorsque vous achetez un siphon chantilly, vous obtenez un outil pour faire rapidement de la cr\u00e8me chantilly, mais \u00e0 quoi faire attention?","robots":{"index":"index","follow":"follow","max-snippet":"max-snippet:-1","max-image-preview":"max-image-preview:large","max-video-preview":"max-video-preview:-1"},"canonical":"https:\/\/fast-gas.com\/fr\/siphon-chantilly-tout-ce-que-vous-devez-savoir\/","og_locale":"fr_FR","og_type":"article","og_title":"Siphon chantilly - Tout ce que vous devez savoir | FastGas","og_description":"Lorsque vous achetez un siphon chantilly, vous obtenez un outil pour faire rapidement de la cr\u00e8me chantilly, mais \u00e0 quoi faire attention?","og_url":"https:\/\/fast-gas.com\/fr\/siphon-chantilly-tout-ce-que-vous-devez-savoir\/","og_site_name":"FastGas","article_publisher":"https:\/\/facebook.com\/wearefastgas","article_modified_time":"2024-05-04T04:00:11+00:00","og_image":[{"width":819,"height":819,"url":"https:\/\/fast-gas.com\/wp-content\/uploads\/2022\/01\/Whipped-Cream-Sweets.jpg","type":"image\/jpeg"}],"twitter_card":"summary_large_image","twitter_misc":{"Est. reading time":"4 minutes"},"schema":{"@context":"https:\/\/schema.org","@graph":[{"@type":["Article","BlogPosting"],"@id":"https:\/\/fast-gas.com\/fr\/siphon-chantilly-tout-ce-que-vous-devez-savoir\/#article","isPartOf":{"@id":"https:\/\/fast-gas.com\/fr\/siphon-chantilly-tout-ce-que-vous-devez-savoir\/"},"author":{"name":"Bro FastGas","@id":"https:\/\/fast-gas.com\/fr\/#\/schema\/person\/4b3a9beffb469faf985fef2c2b684689"},"headline":"Siphon chantilly &#8211; Tout ce que vous devez savoir","datePublished":"2022-01-24T09:36:38+00:00","dateModified":"2024-05-04T04:00:11+00:00","mainEntityOfPage":{"@id":"https:\/\/fast-gas.com\/fr\/siphon-chantilly-tout-ce-que-vous-devez-savoir\/"},"wordCount":885,"publisher":{"@id":"https:\/\/fast-gas.com\/fr\/#organization"},"image":{"@id":"https:\/\/fast-gas.com\/fr\/siphon-chantilly-tout-ce-que-vous-devez-savoir\/#primaryimage"},"thumbnailUrl":"https:\/\/fast-gas.com\/wp-content\/uploads\/2022\/01\/Whipped-Cream-Sweets.jpg","inLanguage":"fr-FR"},{"@type":"WebPage","@id":"https:\/\/fast-gas.com\/fr\/siphon-chantilly-tout-ce-que-vous-devez-savoir\/","url":"https:\/\/fast-gas.com\/fr\/siphon-chantilly-tout-ce-que-vous-devez-savoir\/","name":"Siphon chantilly - Tout ce que vous devez savoir | FastGas","isPartOf":{"@id":"https:\/\/fast-gas.com\/fr\/#website"},"primaryImageOfPage":{"@id":"https:\/\/fast-gas.com\/fr\/siphon-chantilly-tout-ce-que-vous-devez-savoir\/#primaryimage"},"image":{"@id":"https:\/\/fast-gas.com\/fr\/siphon-chantilly-tout-ce-que-vous-devez-savoir\/#primaryimage"},"thumbnailUrl":"https:\/\/fast-gas.com\/wp-content\/uploads\/2022\/01\/Whipped-Cream-Sweets.jpg","datePublished":"2022-01-24T09:36:38+00:00","dateModified":"2024-05-04T04:00:11+00:00","description":"Lorsque vous achetez un siphon chantilly, vous obtenez un outil pour faire rapidement de la cr\u00e8me chantilly, mais \u00e0 quoi faire attention?","breadcrumb":{"@id":"https:\/\/fast-gas.com\/fr\/siphon-chantilly-tout-ce-que-vous-devez-savoir\/#breadcrumb"},"inLanguage":"fr-FR","potentialAction":[{"@type":"ReadAction","target":["https:\/\/fast-gas.com\/fr\/siphon-chantilly-tout-ce-que-vous-devez-savoir\/"]}]},{"@type":"ImageObject","inLanguage":"fr-FR","@id":"https:\/\/fast-gas.com\/fr\/siphon-chantilly-tout-ce-que-vous-devez-savoir\/#primaryimage","url":"https:\/\/fast-gas.com\/wp-content\/uploads\/2022\/01\/Whipped-Cream-Sweets.jpg","contentUrl":"https:\/\/fast-gas.com\/wp-content\/uploads\/2022\/01\/Whipped-Cream-Sweets.jpg","width":819,"height":819,"caption":"Whipped Cream Chargers:"},{"@type":"BreadcrumbList","@id":"https:\/\/fast-gas.com\/fr\/siphon-chantilly-tout-ce-que-vous-devez-savoir\/#breadcrumb","itemListElement":[{"@type":"ListItem","position":1,"name":"Home","item":"https:\/\/fast-gas.com\/fr\/"},{"@type":"ListItem","position":2,"name":"Siphon chantilly &#8211; Tout ce que vous devez savoir"}]},{"@type":"WebSite","@id":"https:\/\/fast-gas.com\/fr\/#website","url":"https:\/\/fast-gas.com\/fr\/","name":"FastGas","description":"N2O Cream Chargers","publisher":{"@id":"https:\/\/fast-gas.com\/fr\/#organization"},"potentialAction":[{"@type":"SearchAction","target":{"@type":"EntryPoint","urlTemplate":"https:\/\/fast-gas.com\/fr\/?s={search_term_string}"},"query-input":{"@type":"PropertyValueSpecification","valueRequired":true,"valueName":"search_term_string"}}],"inLanguage":"fr-FR"},{"@type":"Organization","@id":"https:\/\/fast-gas.com\/fr\/#organization","name":"FastGas - Helium, CO2 & N2O Wholesale","alternateName":"Fast Gas","url":"https:\/\/fast-gas.com\/fr\/","logo":{"@type":"ImageObject","inLanguage":"fr-FR","@id":"https:\/\/fast-gas.com\/fr\/#\/schema\/logo\/image\/","url":"https:\/\/fast-gas.com\/wp-content\/uploads\/2025\/03\/cropped-Fastgas-Favicon.png","contentUrl":"https:\/\/fast-gas.com\/wp-content\/uploads\/2025\/03\/cropped-Fastgas-Favicon.png","width":512,"height":512,"caption":"FastGas - Helium, CO2 & N2O Wholesale"},"image":{"@id":"https:\/\/fast-gas.com\/fr\/#\/schema\/logo\/image\/"},"sameAs":["https:\/\/facebook.com\/wearefastgas","https:\/\/www.youtube.com\/channel\/UCV5w9vrihWFu0yM7SZzQfVQ\/videos","https:\/\/instagram.com\/fastgas.official"]},{"@type":"Person","@id":"https:\/\/fast-gas.com\/fr\/#\/schema\/person\/4b3a9beffb469faf985fef2c2b684689","name":"Bro FastGas","description":"Meet our Culinary Gas &amp; Tech Editor: pioneering N2O, CO2, and cream charger innovations with recipes, reviews, and cutting-edge insights.","url":"https:\/\/fast-gas.com\/fr\/author\/iryna\/"}]}},"_links":{"self":[{"href":"https:\/\/fast-gas.com\/fr\/wp-json\/wp\/v2\/pages\/1691","targetHints":{"allow":["GET"]}}],"collection":[{"href":"https:\/\/fast-gas.com\/fr\/wp-json\/wp\/v2\/pages"}],"about":[{"href":"https:\/\/fast-gas.com\/fr\/wp-json\/wp\/v2\/types\/page"}],"author":[{"embeddable":true,"href":"https:\/\/fast-gas.com\/fr\/wp-json\/wp\/v2\/users\/5216"}],"replies":[{"embeddable":true,"href":"https:\/\/fast-gas.com\/fr\/wp-json\/wp\/v2\/comments?post=1691"}],"version-history":[{"count":8,"href":"https:\/\/fast-gas.com\/fr\/wp-json\/wp\/v2\/pages\/1691\/revisions"}],"predecessor-version":[{"id":35020,"href":"https:\/\/fast-gas.com\/fr\/wp-json\/wp\/v2\/pages\/1691\/revisions\/35020"}],"wp:featuredmedia":[{"embeddable":true,"href":"https:\/\/fast-gas.com\/fr\/wp-json\/wp\/v2\/media\/1341"}],"wp:attachment":[{"href":"https:\/\/fast-gas.com\/fr\/wp-json\/wp\/v2\/media?parent=1691"}],"curies":[{"name":"wp","href":"https:\/\/api.w.org\/{rel}","templated":true}]}}