{"id":1688,"date":"2022-01-24T10:36:38","date_gmt":"2022-01-24T09:36:38","guid":{"rendered":"https:\/\/fast-gas.com\/cream-dispenser-all-you-need-to-know\/"},"modified":"2025-09-10T16:28:47","modified_gmt":"2025-09-10T14:28:47","slug":"siphon-creme-tout-ce-que-vous-devez-savoir","status":"publish","type":"page","link":"https:\/\/fast-gas.com\/fr\/siphon-creme-tout-ce-que-vous-devez-savoir\/","title":{"rendered":"Siphon \u00e0 cr\u00e8me &#8211; Tout ce que vous devez savoir"},"content":{"rendered":"<h1>Siphon chantilly<\/h1>\n<p>Les chefs professionnels et amateurs adorent le siphon chantilly. Que ce soit dans le bar \u00e0 cocktails de la ville ou dans le restaurant gastronomique de la campagne, chaque chef utilise un siphon \u00e0 cr\u00e8me pour couronner son cocktail et le d\u00e9licieux dessert \u00e0 la fin d&#8217;une belle soir\u00e9e. Avec les <a href=\"https:\/\/fast-gas.com\/fr\/conseils-pour-acheter-des-bonbonne-n2o\/\" data-cke-saved-href=\"https:\/\/fast-gas.com\/fr\/pages\/guidelines-cream-chargers\">bonbonne protoxyde d&#8217;azote<\/a>, chaque garniture de cr\u00e8me chantilly est parfaitement r\u00e9ussie.<\/p>\n<p>Le chef professionnel utilise \u00e9galement les cartouches \u00e0 cr\u00e8me pour la pr\u00e9paration de recettes raffin\u00e9es de distributeurs de cr\u00e8me. Dans le forum des siphons \u00e0 cr\u00e8me, les chefs amateurs \u00e9changent des informations sur les nouveaux tests de siphons \u00e0 cr\u00e8me ainsi que sur les pi\u00e8ces d\u00e9tach\u00e9es des siphons \u00e0 cr\u00e8me. Les siphons chantilly en acier inoxydable sont examin\u00e9s de pr\u00e8s. Le siphon \u00e0 cr\u00e8me Hendi, le siphon \u00e0 cr\u00e8me Amazon, le siphon \u00e0 cr\u00e8me Mosa et le siphon \u00e0 cr\u00e8me Edeka sont analys\u00e9s en d\u00e9tail avec les r\u00e9sultats de l&#8217;examen. Le siphon chantilly WMF et d&#8217;autres siphons chantilly \u00e0 protoxyde d&#8217;azote ont \u00e9galement re\u00e7u leur verdict. Les r\u00e9sultats du siphon \u00e0 cr\u00e8me Edeka et du siphon \u00e0 cr\u00e8me Amazon sont passionnants. Dans les forums sur le siphon \u00e0 cr\u00e8me, le d\u00e9butant est assur\u00e9 de trouver des informations importantes sur le siphon \u00e0 cr\u00e8me, les pi\u00e8ces de rechange pour siphons domestiques comme le siphon \u00e0 cr\u00e8me WMF. Il ne vous reste plus qu&#8217;\u00e0 acheter le siphon chantilly. Il est important de regarder de pr\u00e8s le siphon chantilly Mosa et le siphon chantilly Hendi.<\/p>\n<h2>Cartouches de cr\u00e8me<\/h2>\n<p>Avec les siphons \u00e0 cr\u00e8me \u00e0 cartouches, le siphon chantilly en acier inoxydable est toujours recharg\u00e9. La fonction siphon chantilly est facile \u00e0 utiliser. Gr\u00e2ce au mode d&#8217;emploi du siphon \u00e0 cr\u00e8me, il est possible de pr\u00e9parer n&#8217;importe quelle cr\u00e8me en un rien de temps. Le processus acc\u00e9l\u00e9r\u00e9 de la fonction siphon \u00e0 cr\u00e8me affecte le go\u00fbt, l&#8217;apparence et finalement la texture de la cr\u00e8me chantilly. Avec une pr\u00e9cision incroyable, la cr\u00e8me fouett\u00e9e devient ferme et appr\u00e9ci\u00e9e des chefs professionnels et des cuisiniers amateurs pour <a href=\"https:\/\/fast-gas.com\/fr\/utilisation-de-chargeurs-de-creme-chantilly\/\" data-cke-saved-href=\"https:\/\/fast-gas.com\/fr\/blogs\/news\/how-to-become-a-true-baker-with-the-help-of-a-cream-dispenser\">chaque recette de cr\u00e8me chantilly<\/a>.<\/p>\n<p>Le siphon chantilly en acier inoxydable ainsi que les pi\u00e8ces d\u00e9tach\u00e9es pour siphon domestique peuvent \u00eatre command\u00e9s en ligne \u00e0 tout moment. La livraison sera effectu\u00e9e en quelques jours. Il vaut la peine de stocker les capsules pour siphon chantilly ainsi que les <a href=\"https:\/\/fast-gas.com\/fr\/bonbonnes-n2o-et-les-capsules-de-creme\/\">cartouches N2O <\/a>pour siphon chantilly. Ainsi, vous pourrez toujours pr\u00e9parer un magnifique nappage de cr\u00e8me sur le cocktail pour les invit\u00e9s inattendus.<\/p>\n<h2>Cr\u00e8me chantilly<\/h2>\n<p>Pour obtenir un nappage parfait de la cr\u00e8me chantilly, il faut utiliser le siphon \u00e0 cr\u00e8me WMF ou le siphon \u00e0 cr\u00e8me Amazon. Il faut pr\u00e9parer la cartouche du siphon \u00e0 cr\u00e8me avec un grand bol ainsi qu&#8217;un racloir. Les ingr\u00e9dients n\u00e9cessaires ainsi que la capsule du siphon \u00e0 cr\u00e8me sont pes\u00e9s avec pr\u00e9cision. Si n\u00e9cessaire, les pi\u00e8ces d\u00e9tach\u00e9es du siphon chantilly doivent encore \u00eatre pr\u00e9par\u00e9es.<\/p>\n<p>Il est important que la pression correcte soit toujours s\u00e9lectionn\u00e9e pour les recettes de siphon \u00e0 cr\u00e8me respectives selon les instructions du siphon \u00e0 cr\u00e8me. Le bouton est r\u00e9gl\u00e9 exactement dans le sens des aiguilles d&#8217;une montre. Si l&#8217;on suit les instructions du tableau des pressions pour le bonbonne protoxyde d&#8217;azote, chaque nappage de cr\u00e8me chantilly ou autre cr\u00e9ation sortira parfaitement.<\/p>\n<p>Lors de l&#8217;achat d&#8217;un siphon \u00e0 cr\u00e8me, il faut tout de m\u00eame tenir compte du test du siphon chantilly. Le siphon chantilly tient clairement ses promesses. Quiconque a d\u00e9j\u00e0 utilis\u00e9 un siphon \u00e0 cr\u00e8me comprend pourquoi les professionnels et les amateurs en raffolent. Il n&#8217;existe aucun autre moyen de cr\u00e9er une cr\u00e8me chantilly aussi ferme. La fonction de siphon chantilly doit \u00eatre utilis\u00e9e conform\u00e9ment aux instructions. Faites toujours attention \u00e0 la sp\u00e9cification de la pression, afin que la cr\u00e8me chantilly belle et convenable r\u00e9ussisse. Que ce soit le siphon \u00e0 cr\u00e8me Mosa ou le siphon \u00e0 cr\u00e8me Hendi, ils sont tous \u00e9valu\u00e9s dans le test du siphon \u00e0 cr\u00e8me. Une \u00e9valuation utile dans le forum avec les avantages et les inconv\u00e9nients attendent les lecteurs int\u00e9ress\u00e9s avant d&#8217;acheter un siphon chantilly. Le siphon \u00e0 cr\u00e8me WMF fait \u00e9galement partie des marques incontournables.<\/p>\n<p>Les <a href=\"https:\/\/fast-gas.com\/fr\/utilisation-de-chargeurs-de-creme-chantilly\/\" data-cke-saved-href=\"https:\/\/fast-gas.com\/fr\/pages\/guidelines-cream-chargers\">bonbonne cream deluxe gaz<\/a> contenant de protoxyde d&#8217;azote ont leur place dans tous les foyers. La cr\u00e9ation compliqu\u00e9e d&#8217;une cr\u00e8me chantilly parfaite r\u00e9ussit avec un bonbonne protoxyde d&#8217;azote. La peur que cela puisse mal se passer est garantie et \u00e9limin\u00e9e. Les invit\u00e9s seront \u00e9tonn\u00e9s par les desserts sophistiqu\u00e9s qui sont d\u00e9sormais possibles en un clin d&#8217;\u0153il gr\u00e2ce aux <a href=\"https:\/\/fast-gas.com\/fr\/produit\/cylindre-original-oxyde-nitreux-fastgas\/\">Fast Gas &#8211; Cream Deluxe Gaz 670G<\/a>. Un \u00e9change anim\u00e9 a lieu sur le forum du siphon chantilly. D&#8217;ailleurs, les pi\u00e8ces d\u00e9tach\u00e9es du siphon chantilly sont disponibles \u00e0 tout moment. Il n&#8217;est pas n\u00e9cessaire d&#8217;acheter un nouveau siphon chantilly edeka. Nous avons toutes les <a href=\"https:\/\/fast-gas.com\/fr\/comment-utiliser-les-cartouches-de-creme\/\" data-cke-saved-href=\"https:\/\/fast-gas.com\/fr\/pages\/how-to-use-cream-cartridges\">cartouches de cr\u00e8me N2O<\/a>, les siphons chantilly sont \u00e9galement disponibles \u00e0 tout moment.<\/p>\n","protected":false},"excerpt":{"rendered":"<p>Siphon chantilly Les chefs professionnels et amateurs adorent le siphon chantilly. Que ce soit dans le bar \u00e0 cocktails de la ville ou dans le restaurant gastronomique de la campagne, chaque chef utilise un siphon \u00e0 cr\u00e8me pour couronner son cocktail et le d\u00e9licieux dessert \u00e0 la fin d&#8217;une belle soir\u00e9e. Avec les bonbonne protoxyde [&hellip;]<\/p>\n","protected":false},"author":5216,"featured_media":1306,"parent":0,"menu_order":0,"comment_status":"closed","ping_status":"closed","template":"","meta":{"_acf_changed":false,"footnotes":""},"class_list":["post-1688","page","type-page","status-publish","has-post-thumbnail","hentry"],"acf":[],"yoast_head":"<!-- This site is optimized with the Yoast SEO plugin v27.4 - https:\/\/yoast.com\/product\/yoast-seo-wordpress\/ -->\n<title>Cr\u00e8me chantilly - Tout sur la siphon chantilly et protoxyde d\u2019azote.<\/title>\n<meta name=\"description\" content=\"Le siphon chantilly est appr\u00e9ci\u00e9 des professionnels &amp; amateurs. Tout savoir sur le siphon chantilly, la cr\u00e8me chantilly &amp; protoxyde d&#039;azote.\" \/>\n<meta name=\"robots\" content=\"index, follow, max-snippet:-1, max-image-preview:large, max-video-preview:-1\" \/>\n<link rel=\"canonical\" href=\"https:\/\/fast-gas.com\/fr\/siphon-creme-tout-ce-que-vous-devez-savoir\/\" \/>\n<meta property=\"og:locale\" content=\"fr_FR\" \/>\n<meta property=\"og:type\" content=\"article\" \/>\n<meta property=\"og:title\" content=\"Cr\u00e8me chantilly - Tout sur la siphon chantilly et protoxyde d\u2019azote.\" \/>\n<meta property=\"og:description\" content=\"Le siphon chantilly est appr\u00e9ci\u00e9 des professionnels &amp; amateurs. Tout savoir sur le siphon chantilly, la cr\u00e8me chantilly &amp; protoxyde d&#039;azote.\" \/>\n<meta property=\"og:url\" content=\"https:\/\/fast-gas.com\/fr\/siphon-creme-tout-ce-que-vous-devez-savoir\/\" \/>\n<meta property=\"og:site_name\" content=\"FastGas\" \/>\n<meta property=\"article:publisher\" content=\"https:\/\/facebook.com\/wearefastgas\" \/>\n<meta property=\"article:modified_time\" content=\"2025-09-10T14:28:47+00:00\" \/>\n<meta property=\"og:image\" content=\"https:\/\/fast-gas.com\/wp-content\/uploads\/2022\/01\/whipped-cream-advantages.png\" \/>\n\t<meta property=\"og:image:width\" content=\"500\" \/>\n\t<meta property=\"og:image:height\" content=\"500\" \/>\n\t<meta property=\"og:image:type\" content=\"image\/png\" \/>\n<meta name=\"twitter:card\" content=\"summary_large_image\" \/>\n<meta name=\"twitter:label1\" content=\"Est. reading time\" \/>\n\t<meta name=\"twitter:data1\" content=\"4 minutes\" \/>\n<script type=\"application\/ld+json\" class=\"yoast-schema-graph\">{\"@context\":\"https:\\\/\\\/schema.org\",\"@graph\":[{\"@type\":[\"Article\",\"BlogPosting\"],\"@id\":\"https:\\\/\\\/fast-gas.com\\\/fr\\\/siphon-creme-tout-ce-que-vous-devez-savoir\\\/#article\",\"isPartOf\":{\"@id\":\"https:\\\/\\\/fast-gas.com\\\/fr\\\/siphon-creme-tout-ce-que-vous-devez-savoir\\\/\"},\"author\":{\"name\":\"Bro FastGas\",\"@id\":\"https:\\\/\\\/fast-gas.com\\\/fr\\\/#\\\/schema\\\/person\\\/4b3a9beffb469faf985fef2c2b684689\"},\"headline\":\"Siphon \u00e0 cr\u00e8me &#8211; Tout ce que vous devez savoir\",\"datePublished\":\"2022-01-24T09:36:38+00:00\",\"dateModified\":\"2025-09-10T14:28:47+00:00\",\"mainEntityOfPage\":{\"@id\":\"https:\\\/\\\/fast-gas.com\\\/fr\\\/siphon-creme-tout-ce-que-vous-devez-savoir\\\/\"},\"wordCount\":904,\"publisher\":{\"@id\":\"https:\\\/\\\/fast-gas.com\\\/fr\\\/#organization\"},\"image\":{\"@id\":\"https:\\\/\\\/fast-gas.com\\\/fr\\\/siphon-creme-tout-ce-que-vous-devez-savoir\\\/#primaryimage\"},\"thumbnailUrl\":\"https:\\\/\\\/fast-gas.com\\\/wp-content\\\/uploads\\\/2022\\\/01\\\/whipped-cream-advantages.png\",\"inLanguage\":\"fr-FR\"},{\"@type\":\"WebPage\",\"@id\":\"https:\\\/\\\/fast-gas.com\\\/fr\\\/siphon-creme-tout-ce-que-vous-devez-savoir\\\/\",\"url\":\"https:\\\/\\\/fast-gas.com\\\/fr\\\/siphon-creme-tout-ce-que-vous-devez-savoir\\\/\",\"name\":\"Cr\u00e8me chantilly - Tout sur la siphon chantilly et protoxyde d\u2019azote.\",\"isPartOf\":{\"@id\":\"https:\\\/\\\/fast-gas.com\\\/fr\\\/#website\"},\"primaryImageOfPage\":{\"@id\":\"https:\\\/\\\/fast-gas.com\\\/fr\\\/siphon-creme-tout-ce-que-vous-devez-savoir\\\/#primaryimage\"},\"image\":{\"@id\":\"https:\\\/\\\/fast-gas.com\\\/fr\\\/siphon-creme-tout-ce-que-vous-devez-savoir\\\/#primaryimage\"},\"thumbnailUrl\":\"https:\\\/\\\/fast-gas.com\\\/wp-content\\\/uploads\\\/2022\\\/01\\\/whipped-cream-advantages.png\",\"datePublished\":\"2022-01-24T09:36:38+00:00\",\"dateModified\":\"2025-09-10T14:28:47+00:00\",\"description\":\"Le siphon chantilly est appr\u00e9ci\u00e9 des professionnels & amateurs. Tout savoir sur le siphon chantilly, la cr\u00e8me chantilly & protoxyde d'azote.\",\"breadcrumb\":{\"@id\":\"https:\\\/\\\/fast-gas.com\\\/fr\\\/siphon-creme-tout-ce-que-vous-devez-savoir\\\/#breadcrumb\"},\"inLanguage\":\"fr-FR\",\"potentialAction\":[{\"@type\":\"ReadAction\",\"target\":[\"https:\\\/\\\/fast-gas.com\\\/fr\\\/siphon-creme-tout-ce-que-vous-devez-savoir\\\/\"]}]},{\"@type\":\"ImageObject\",\"inLanguage\":\"fr-FR\",\"@id\":\"https:\\\/\\\/fast-gas.com\\\/fr\\\/siphon-creme-tout-ce-que-vous-devez-savoir\\\/#primaryimage\",\"url\":\"https:\\\/\\\/fast-gas.com\\\/wp-content\\\/uploads\\\/2022\\\/01\\\/whipped-cream-advantages.png\",\"contentUrl\":\"https:\\\/\\\/fast-gas.com\\\/wp-content\\\/uploads\\\/2022\\\/01\\\/whipped-cream-advantages.png\",\"width\":500,\"height\":500,\"caption\":\"Best Whipped Cream Dispenser Instructions | Fast Gas Cream Charger\"},{\"@type\":\"BreadcrumbList\",\"@id\":\"https:\\\/\\\/fast-gas.com\\\/fr\\\/siphon-creme-tout-ce-que-vous-devez-savoir\\\/#breadcrumb\",\"itemListElement\":[{\"@type\":\"ListItem\",\"position\":1,\"name\":\"Home\",\"item\":\"https:\\\/\\\/fast-gas.com\\\/fr\\\/\"},{\"@type\":\"ListItem\",\"position\":2,\"name\":\"Siphon \u00e0 cr\u00e8me &#8211; Tout ce que vous devez savoir\"}]},{\"@type\":\"WebSite\",\"@id\":\"https:\\\/\\\/fast-gas.com\\\/fr\\\/#website\",\"url\":\"https:\\\/\\\/fast-gas.com\\\/fr\\\/\",\"name\":\"FastGas\",\"description\":\"N2O Cream Chargers\",\"publisher\":{\"@id\":\"https:\\\/\\\/fast-gas.com\\\/fr\\\/#organization\"},\"potentialAction\":[{\"@type\":\"SearchAction\",\"target\":{\"@type\":\"EntryPoint\",\"urlTemplate\":\"https:\\\/\\\/fast-gas.com\\\/fr\\\/?s={search_term_string}\"},\"query-input\":{\"@type\":\"PropertyValueSpecification\",\"valueRequired\":true,\"valueName\":\"search_term_string\"}}],\"inLanguage\":\"fr-FR\"},{\"@type\":\"Organization\",\"@id\":\"https:\\\/\\\/fast-gas.com\\\/fr\\\/#organization\",\"name\":\"FastGas - Helium, CO2 & N2O Wholesale\",\"alternateName\":\"Fast Gas\",\"url\":\"https:\\\/\\\/fast-gas.com\\\/fr\\\/\",\"logo\":{\"@type\":\"ImageObject\",\"inLanguage\":\"fr-FR\",\"@id\":\"https:\\\/\\\/fast-gas.com\\\/fr\\\/#\\\/schema\\\/logo\\\/image\\\/\",\"url\":\"https:\\\/\\\/fast-gas.com\\\/wp-content\\\/uploads\\\/2025\\\/03\\\/cropped-Fastgas-Favicon.png\",\"contentUrl\":\"https:\\\/\\\/fast-gas.com\\\/wp-content\\\/uploads\\\/2025\\\/03\\\/cropped-Fastgas-Favicon.png\",\"width\":512,\"height\":512,\"caption\":\"FastGas - Helium, CO2 & N2O Wholesale\"},\"image\":{\"@id\":\"https:\\\/\\\/fast-gas.com\\\/fr\\\/#\\\/schema\\\/logo\\\/image\\\/\"},\"sameAs\":[\"https:\\\/\\\/facebook.com\\\/wearefastgas\",\"https:\\\/\\\/www.youtube.com\\\/channel\\\/UCV5w9vrihWFu0yM7SZzQfVQ\\\/videos\",\"https:\\\/\\\/instagram.com\\\/fastgas.official\"]},{\"@type\":\"Person\",\"@id\":\"https:\\\/\\\/fast-gas.com\\\/fr\\\/#\\\/schema\\\/person\\\/4b3a9beffb469faf985fef2c2b684689\",\"name\":\"Bro FastGas\",\"description\":\"Meet our Culinary Gas &amp; Tech Editor: pioneering N2O, CO2, and cream charger innovations with recipes, reviews, and cutting-edge insights.\",\"url\":\"https:\\\/\\\/fast-gas.com\\\/fr\\\/author\\\/iryna\\\/\"}]}<\/script>\n<!-- \/ Yoast SEO plugin. -->","yoast_head_json":{"title":"Cr\u00e8me chantilly - Tout sur la siphon chantilly et protoxyde d\u2019azote.","description":"Le siphon chantilly est appr\u00e9ci\u00e9 des professionnels & amateurs. Tout savoir sur le siphon chantilly, la cr\u00e8me chantilly & protoxyde d'azote.","robots":{"index":"index","follow":"follow","max-snippet":"max-snippet:-1","max-image-preview":"max-image-preview:large","max-video-preview":"max-video-preview:-1"},"canonical":"https:\/\/fast-gas.com\/fr\/siphon-creme-tout-ce-que-vous-devez-savoir\/","og_locale":"fr_FR","og_type":"article","og_title":"Cr\u00e8me chantilly - Tout sur la siphon chantilly et protoxyde d\u2019azote.","og_description":"Le siphon chantilly est appr\u00e9ci\u00e9 des professionnels & amateurs. Tout savoir sur le siphon chantilly, la cr\u00e8me chantilly & protoxyde d'azote.","og_url":"https:\/\/fast-gas.com\/fr\/siphon-creme-tout-ce-que-vous-devez-savoir\/","og_site_name":"FastGas","article_publisher":"https:\/\/facebook.com\/wearefastgas","article_modified_time":"2025-09-10T14:28:47+00:00","og_image":[{"width":500,"height":500,"url":"https:\/\/fast-gas.com\/wp-content\/uploads\/2022\/01\/whipped-cream-advantages.png","type":"image\/png"}],"twitter_card":"summary_large_image","twitter_misc":{"Est. reading time":"4 minutes"},"schema":{"@context":"https:\/\/schema.org","@graph":[{"@type":["Article","BlogPosting"],"@id":"https:\/\/fast-gas.com\/fr\/siphon-creme-tout-ce-que-vous-devez-savoir\/#article","isPartOf":{"@id":"https:\/\/fast-gas.com\/fr\/siphon-creme-tout-ce-que-vous-devez-savoir\/"},"author":{"name":"Bro FastGas","@id":"https:\/\/fast-gas.com\/fr\/#\/schema\/person\/4b3a9beffb469faf985fef2c2b684689"},"headline":"Siphon \u00e0 cr\u00e8me &#8211; Tout ce que vous devez savoir","datePublished":"2022-01-24T09:36:38+00:00","dateModified":"2025-09-10T14:28:47+00:00","mainEntityOfPage":{"@id":"https:\/\/fast-gas.com\/fr\/siphon-creme-tout-ce-que-vous-devez-savoir\/"},"wordCount":904,"publisher":{"@id":"https:\/\/fast-gas.com\/fr\/#organization"},"image":{"@id":"https:\/\/fast-gas.com\/fr\/siphon-creme-tout-ce-que-vous-devez-savoir\/#primaryimage"},"thumbnailUrl":"https:\/\/fast-gas.com\/wp-content\/uploads\/2022\/01\/whipped-cream-advantages.png","inLanguage":"fr-FR"},{"@type":"WebPage","@id":"https:\/\/fast-gas.com\/fr\/siphon-creme-tout-ce-que-vous-devez-savoir\/","url":"https:\/\/fast-gas.com\/fr\/siphon-creme-tout-ce-que-vous-devez-savoir\/","name":"Cr\u00e8me chantilly - Tout sur la siphon chantilly et protoxyde d\u2019azote.","isPartOf":{"@id":"https:\/\/fast-gas.com\/fr\/#website"},"primaryImageOfPage":{"@id":"https:\/\/fast-gas.com\/fr\/siphon-creme-tout-ce-que-vous-devez-savoir\/#primaryimage"},"image":{"@id":"https:\/\/fast-gas.com\/fr\/siphon-creme-tout-ce-que-vous-devez-savoir\/#primaryimage"},"thumbnailUrl":"https:\/\/fast-gas.com\/wp-content\/uploads\/2022\/01\/whipped-cream-advantages.png","datePublished":"2022-01-24T09:36:38+00:00","dateModified":"2025-09-10T14:28:47+00:00","description":"Le siphon chantilly est appr\u00e9ci\u00e9 des professionnels & amateurs. Tout savoir sur le siphon chantilly, la cr\u00e8me chantilly & protoxyde d'azote.","breadcrumb":{"@id":"https:\/\/fast-gas.com\/fr\/siphon-creme-tout-ce-que-vous-devez-savoir\/#breadcrumb"},"inLanguage":"fr-FR","potentialAction":[{"@type":"ReadAction","target":["https:\/\/fast-gas.com\/fr\/siphon-creme-tout-ce-que-vous-devez-savoir\/"]}]},{"@type":"ImageObject","inLanguage":"fr-FR","@id":"https:\/\/fast-gas.com\/fr\/siphon-creme-tout-ce-que-vous-devez-savoir\/#primaryimage","url":"https:\/\/fast-gas.com\/wp-content\/uploads\/2022\/01\/whipped-cream-advantages.png","contentUrl":"https:\/\/fast-gas.com\/wp-content\/uploads\/2022\/01\/whipped-cream-advantages.png","width":500,"height":500,"caption":"Best Whipped Cream Dispenser Instructions | Fast Gas Cream Charger"},{"@type":"BreadcrumbList","@id":"https:\/\/fast-gas.com\/fr\/siphon-creme-tout-ce-que-vous-devez-savoir\/#breadcrumb","itemListElement":[{"@type":"ListItem","position":1,"name":"Home","item":"https:\/\/fast-gas.com\/fr\/"},{"@type":"ListItem","position":2,"name":"Siphon \u00e0 cr\u00e8me &#8211; Tout ce que vous devez savoir"}]},{"@type":"WebSite","@id":"https:\/\/fast-gas.com\/fr\/#website","url":"https:\/\/fast-gas.com\/fr\/","name":"FastGas","description":"N2O Cream Chargers","publisher":{"@id":"https:\/\/fast-gas.com\/fr\/#organization"},"potentialAction":[{"@type":"SearchAction","target":{"@type":"EntryPoint","urlTemplate":"https:\/\/fast-gas.com\/fr\/?s={search_term_string}"},"query-input":{"@type":"PropertyValueSpecification","valueRequired":true,"valueName":"search_term_string"}}],"inLanguage":"fr-FR"},{"@type":"Organization","@id":"https:\/\/fast-gas.com\/fr\/#organization","name":"FastGas - Helium, CO2 & N2O Wholesale","alternateName":"Fast Gas","url":"https:\/\/fast-gas.com\/fr\/","logo":{"@type":"ImageObject","inLanguage":"fr-FR","@id":"https:\/\/fast-gas.com\/fr\/#\/schema\/logo\/image\/","url":"https:\/\/fast-gas.com\/wp-content\/uploads\/2025\/03\/cropped-Fastgas-Favicon.png","contentUrl":"https:\/\/fast-gas.com\/wp-content\/uploads\/2025\/03\/cropped-Fastgas-Favicon.png","width":512,"height":512,"caption":"FastGas - Helium, CO2 & N2O Wholesale"},"image":{"@id":"https:\/\/fast-gas.com\/fr\/#\/schema\/logo\/image\/"},"sameAs":["https:\/\/facebook.com\/wearefastgas","https:\/\/www.youtube.com\/channel\/UCV5w9vrihWFu0yM7SZzQfVQ\/videos","https:\/\/instagram.com\/fastgas.official"]},{"@type":"Person","@id":"https:\/\/fast-gas.com\/fr\/#\/schema\/person\/4b3a9beffb469faf985fef2c2b684689","name":"Bro FastGas","description":"Meet our Culinary Gas &amp; Tech Editor: pioneering N2O, CO2, and cream charger innovations with recipes, reviews, and cutting-edge insights.","url":"https:\/\/fast-gas.com\/fr\/author\/iryna\/"}]}},"_links":{"self":[{"href":"https:\/\/fast-gas.com\/fr\/wp-json\/wp\/v2\/pages\/1688","targetHints":{"allow":["GET"]}}],"collection":[{"href":"https:\/\/fast-gas.com\/fr\/wp-json\/wp\/v2\/pages"}],"about":[{"href":"https:\/\/fast-gas.com\/fr\/wp-json\/wp\/v2\/types\/page"}],"author":[{"embeddable":true,"href":"https:\/\/fast-gas.com\/fr\/wp-json\/wp\/v2\/users\/5216"}],"replies":[{"embeddable":true,"href":"https:\/\/fast-gas.com\/fr\/wp-json\/wp\/v2\/comments?post=1688"}],"version-history":[{"count":13,"href":"https:\/\/fast-gas.com\/fr\/wp-json\/wp\/v2\/pages\/1688\/revisions"}],"predecessor-version":[{"id":47918,"href":"https:\/\/fast-gas.com\/fr\/wp-json\/wp\/v2\/pages\/1688\/revisions\/47918"}],"wp:featuredmedia":[{"embeddable":true,"href":"https:\/\/fast-gas.com\/fr\/wp-json\/wp\/v2\/media\/1306"}],"wp:attachment":[{"href":"https:\/\/fast-gas.com\/fr\/wp-json\/wp\/v2\/media?parent=1688"}],"curies":[{"name":"wp","href":"https:\/\/api.w.org\/{rel}","templated":true}]}}