{"id":15427,"date":"2022-03-17T11:24:28","date_gmt":"2022-03-17T11:24:28","guid":{"rendered":"https:\/\/fast-gas.com\/?page_id=15427"},"modified":"2024-12-20T01:54:56","modified_gmt":"2024-12-20T01:54:56","slug":"5-vendeurs-de-bonbonne-n2o-alternatifs-cream-deluxe","status":"publish","type":"page","link":"https:\/\/fast-gas.com\/fr\/5-vendeurs-de-bonbonne-n2o-alternatifs-cream-deluxe\/","title":{"rendered":"Les cinq plus grands fournisseurs de bonbonne protoxyde d&#8217;azote en France"},"content":{"rendered":"<p><a href=\"https:\/\/fast-gas.com\/fr\/siphon-chantilly-tout-ce-que-vous-devez-savoir\/\">Les seringues \u00e0 cr\u00e8me fouett\u00e9e<\/a> sont non seulement id\u00e9ales pour d\u00e9corer un dessert avec de la cr\u00e8me fouett\u00e9e, mais elles sont \u00e9galement tr\u00e8s faciles \u00e0 utiliser. Cependant, il est important que vous disposiez d&#8217;un nombre suffisant de petites cartouches de cr\u00e8me fouett\u00e9e de 8 g ou de<strong> bouteilles N2O <\/strong>comme celles de <a href=\"https:\/\/fast-gas.com\/fr\/\">Fast Gas Cream Charger<\/a>, car la seringue \u00e0 cr\u00e8me fouett\u00e9e ne fonctionnera pas sans ces cartouches. Vous pensez a\u00e9rer votre m\u00e9lange avec des cartouches de N2O et ne savez pas encore o\u00f9 les acheter ? Vous trouverez ci-dessous <strong>une<\/strong> <strong>liste des cinq principaux fournisseurs de bonbonne N2O en France.<\/strong><\/p>\n<p style=\"text-align: center;\"><a class=\"button button--primary hero__button\" href=\"https:\/\/fast-gas.com\/fr\/distributeur\/\">Devenez Distributeur<\/a><\/p>\n<h2>Cream Deluxe<\/h2>\n<p>Cream Deluxe vend sa propre marque de bonbonne protoxyde d&#8217;azote de Cream Deluxe avec un total de 615 grammes protoxyde d&#8217;azote. Cream Deluxe a r\u00e9cemment ferm\u00e9 sa boutique en ligne, donc si vous cherchez une alternative aux bonbonne protoxyde d&#8217;azote Cream Deluxe, consultez les <a href=\"https:\/\/fast-gas.com\/fr\/produit\/cylindre-original-oxyde-nitreux-fastgas\/\">bonbonne protoxyde d&#8217;azote Fast Gas 670 grammes<\/a>.<\/p>\n<ul>\n<li>Notes \u00e9lev\u00e9es des clients.<\/li>\n<li>Bonnes promotions disponibles.<\/li>\n<li>De grosses bo\u00eetes \u00e0 rabais chez Cream Deluxe.<\/li>\n<li>Frais d&#8217;exp\u00e9dition assez \u00e9lev\u00e9s.<\/li>\n<li>Un v\u00e9ritable accord de garantie directe<\/li>\n<\/ul>\n<p>Ce fournisseur s&#8217;adresse aux entreprises du secteur de la cuisine qui ont besoin de bouteilles N2O. En outre, ils vendent tout ce qui est n\u00e9cessaire pour une entreprise de restauration. Les promotions sur leurs produits vont jusqu&#8217;\u00e0 20%, ce qui en fait un fournisseur bon march\u00e9 de <a href=\"https:\/\/fast-gas.com\/fr\/produit\/cylindre-original-oxyde-nitreux-fastgas\/\">bonbonne protoxyde d&#8217;azote<\/a>.<\/p>\n<p>Vous avez le choix entre trois bo\u00eetes de 10, 24 ou 50 Cream Deluxe. Toutefois, les frais d&#8217;exp\u00e9dition sont relativement \u00e9lev\u00e9s par rapport \u00e0 d&#8217;autres fournisseurs. Enfin, ils offrent une garantie allant jusqu&#8217;\u00e0 deux ans sur leurs produits.<\/p>\n<p>Depuis 2022, Cream Deluxe a ferm\u00e9 sa boutique en ligne, lisez la suite sur le blog &#8211; <a href=\"https:\/\/fast-gas.com\/fr\/cream-deluxe-alternative-en-france\/\">Alternatives a Cream Deluxe<\/a>.<\/p>\n<h2>Cuisineaddict.com<\/h2>\n<ul>\n<li>Un bon avis client<\/li>\n<li>Prix relativement cher<\/li>\n<li>-Beaucoup de choix dans les motifs de chantilly<\/li>\n<li>Livraison gratuite au dessus d&#8217;un certain montant<\/li>\n<li>Livraison rapide<\/li>\n<\/ul>\n<p><a href=\"https:\/\/www.cuisineaddict.com\/\">Cuisineaddict.com<\/a> n&#8217;est pas seulement un fournisseur de cartouches de cr\u00e8me fouett\u00e9e, mais comme son nom l&#8217;indique dans tout ce qui touche \u00e0 la cuisine et \u00e0<a href=\"https:\/\/lapati.eu\/\"> la p\u00e2tisserie<\/a>. Une bonne note client de 4,5 \u00e9toiles sur cinq en dit long sur la qualit\u00e9 de ce fournisseur. Les prix sont un peu plus chers par rapport \u00e0 d&#8217;autres fournisseurs tels que Cream Deluxe, mais il y a aussi beaucoup de choix dans les mod\u00e8les de cr\u00e8me fouett\u00e9e.<\/p>\n<p>Vous pouvez par exemple opter pour des cartons de 250 pi\u00e8ces et des packs de dix cartouches de chantilly sont en vente. Ce fournisseur offre la livraison gratuite si votre achat total est sup\u00e9rieur \u00e0 49 euros. La livraison rapide est souvent faite ici. La plupart des colis sont livr\u00e9s le lendemain !<\/p>\n<h2>Auchan.fr<\/h2>\n<ul>\n<li>Magasin bien connu aux La France<\/li>\n<li>Bons prix<\/li>\n<li>Seulement six choix de motifs de <a href=\"https:\/\/fast-gas.com\/fr\/une-creme-fouettee-qui-reste-ferme\/\">cr\u00e8me fouett\u00e9e<\/a><\/li>\n<li>Livraison gratuite au dessus de 39,95\u20ac<\/li>\n<li>Livraison rapide ou retrait dans un magasin Auchan.fr<\/li>\n<\/ul>\n<p>Auchan.fr est un magasin bien connu aux La France qui propose de nombreux produits pour la maison et ses environs. Cela rend familier l&#8217;achat de vos cartouches de cr\u00e8me fouett\u00e9e ici. De plus, les prix sont bons et certainement pas trop chers.<\/p>\n<p>Cependant, il n&#8217;y a que six choix dans lesquels vous souhaitez acheter des mod\u00e8les de cr\u00e8me fouett\u00e9e. Vous pouvez choisir parmi 10, 24 ou 50 pi\u00e8ces de diff\u00e9rentes marques telles que Cream deluxe gaz. Ce prestataire propose \u00e9galement la livraison gratuite avec un montant total sup\u00e9rieur \u00e0 39,95 euros. Enfin, la livraison se fait le lendemain ou vous pouvez choisir de retirer le colis le jour m\u00eame dans un magasin Auchan.fr.<\/p>\n<h2>Lambertin.fr<\/h2>\n<ul>\n<li>Une note client \u00e9lev\u00e9e<\/li>\n<li>Bonnes promotions disponibles<\/li>\n<li>Grandes bo\u00eetes de r\u00e9duction<\/li>\n<li>Frais de port assez \u00e9lev\u00e9s<\/li>\n<li>Un v\u00e9ritable r\u00e8glement de garantie direct<\/li>\n<\/ul>\n<p>Un grand fournisseur bien connu du nom : Lambertin.fr, a choisi un nom typique pour le produit. Ce fournisseur obtient une note client de 9,9. Pas \u00e9tonnant quand de si bonnes promotions sont disponibles. Les bo\u00eetes de cartouches de cr\u00e8me fouett\u00e9e de cinquante pi\u00e8ces sont \u00e0 des prix comp\u00e9titifs, selon ce qui suit : plus il y a de bo\u00eetes, moins elles sont ch\u00e8res.<\/p>\n<p>Il y a cinquante cartouches de cr\u00e8me fouett\u00e9e dans une bo\u00eete ! Cependant, les frais de port sont un peu plus \u00e9lev\u00e9s, car le colis est pes\u00e9. Le poids \u00e9lev\u00e9 des cartouches de chantilly fait exploser les frais de port. Pourtant, Lambertin.fr est l&#8217;un des rares \u00e0 proposer une gestion directe de la garantie, contrairement \u00e0 d&#8217;autres fournisseurs.<\/p>\n<h2>\u00a0Nisbets.fr<\/h2>\n<ul>\n<li>Fournisseur qui se concentre principalement sur les cartouches<\/li>\n<li>Des prix comp\u00e9titifs avec de bonnes promotions<\/li>\n<li>Beaucoup d&#8217;options dans la quantit\u00e9 de motifs de cr\u00e8me fouett\u00e9e<\/li>\n<li>Livraison gratuite<\/li>\n<li>Livraison rapide<\/li>\n<\/ul>\n<p>Nisbets.fr se concentre principalement sur tout ce qui concerne les motifs. Ils proposent leurs produits \u00e0 des prix comp\u00e9titifs, gr\u00e2ce \u00e0 de bonnes promotions jusqu&#8217;\u00e0 21% de r\u00e9duction ! Il existe \u00e9galement de nombreuses options quant au nombre de cartouches de cr\u00e8me fouett\u00e9e que vous souhaitez acheter, de 24 \u00e0 300 pi\u00e8ces. La livraison gratuite en fait un excellent fournisseur et ils livrent \u00e9galement rapidement. Le colis sera exp\u00e9di\u00e9 le lendemain.<\/p>\n<p>Comme vous pouvez le constater, il existe de nombreux fournisseurs de cartouches \u00e0 chantilly et de bonbonnes N2O sur le march\u00e9, mais voici les cinq plus importants en France. Les fournisseurs sont tr\u00e8s diff\u00e9rents les uns des autres, de sorte qu&#8217;il y a une option pour tout le monde. Voulez-vous une bonne garantie et \u00eates-vous pr\u00eat \u00e0 payer un peu plus ? Ou pr\u00e9f\u00e9rez-vous des produits bon march\u00e9 avec des frais de livraison plus \u00e9lev\u00e9s ? Vous avez maintenant suffisamment d&#8217;options \u00e0 consid\u00e9rer.<\/p>\n<p>Si vous souhaitez en savoir plus sur Fastgas, suivez <a href=\"https:\/\/fast-gas.com\/fr\/blog\/\">notre blog<\/a> pour en savoir plus sur le protoxyde de&#8217;azote et les bienfaits des bouteilles N2O.<\/p>\n","protected":false},"excerpt":{"rendered":"<p>Les seringues \u00e0 cr\u00e8me fouett\u00e9e sont non seulement id\u00e9ales pour d\u00e9corer un dessert avec de la cr\u00e8me fouett\u00e9e, mais elles sont \u00e9galement tr\u00e8s faciles \u00e0 utiliser. Cependant, il est important que vous disposiez d&#8217;un nombre suffisant de petites cartouches de cr\u00e8me fouett\u00e9e de 8 g ou de bouteilles N2O comme celles de Fast Gas Cream [&hellip;]<\/p>\n","protected":false},"author":5216,"featured_media":15801,"parent":0,"menu_order":0,"comment_status":"closed","ping_status":"closed","template":"","meta":{"_acf_changed":false,"footnotes":""},"class_list":["post-15427","page","type-page","status-publish","has-post-thumbnail","hentry"],"acf":[],"yoast_head":"<!-- This site is optimized with the Yoast SEO plugin v27.2 - https:\/\/yoast.com\/product\/yoast-seo-wordpress\/ -->\n<title>5 Alternatives comme Cream Deluxe en France | Fast Gas<\/title>\n<meta name=\"description\" content=\"Vous ne savez pas o\u00f9 acheter des bonbonne protoxyde d&#039;azote? D\u00e9couvrez les cinq meilleurs fournisseurs dans cette liste !\" \/>\n<meta name=\"robots\" content=\"index, follow, max-snippet:-1, max-image-preview:large, max-video-preview:-1\" \/>\n<link rel=\"canonical\" href=\"https:\/\/fast-gas.com\/fr\/cream-deluxe-alternative-en-france\/\" \/>\n<meta property=\"og:locale\" content=\"fr_FR\" \/>\n<meta property=\"og:type\" content=\"article\" \/>\n<meta property=\"og:title\" content=\"5 Alternatives comme Cream Deluxe en France | Fast Gas\" \/>\n<meta property=\"og:description\" content=\"Vous ne savez pas o\u00f9 acheter des bonbonne protoxyde d&#039;azote? D\u00e9couvrez les cinq meilleurs fournisseurs dans cette liste !\" \/>\n<meta property=\"og:url\" content=\"https:\/\/fast-gas.com\/fr\/cream-deluxe-alternative-en-france\/\" \/>\n<meta property=\"og:site_name\" content=\"FastGas\" \/>\n<meta property=\"article:publisher\" content=\"https:\/\/facebook.com\/wearefastgas\" \/>\n<meta property=\"article:modified_time\" content=\"2024-12-20T01:54:56+00:00\" \/>\n<meta property=\"og:image\" content=\"https:\/\/fast-gas.com\/wp-content\/uploads\/2022\/04\/N2O-Fast-Gas-6Pack.png\" \/>\n\t<meta property=\"og:image:width\" content=\"1000\" \/>\n\t<meta property=\"og:image:height\" content=\"1000\" \/>\n\t<meta property=\"og:image:type\" content=\"image\/png\" \/>\n<meta name=\"twitter:card\" content=\"summary_large_image\" \/>\n<meta name=\"twitter:label1\" content=\"Est. reading time\" \/>\n\t<meta name=\"twitter:data1\" content=\"5 minutes\" \/>\n<script type=\"application\/ld+json\" class=\"yoast-schema-graph\">{\"@context\":\"https:\/\/schema.org\",\"@graph\":[{\"@type\":[\"Article\",\"BlogPosting\"],\"@id\":\"https:\/\/fast-gas.com\/fr\/cream-deluxe-alternative-en-france\/#article\",\"isPartOf\":{\"@id\":\"https:\/\/fast-gas.com\/fr\/5-vendeurs-de-bonbonne-n2o-alternatifs-cream-deluxe\/\"},\"author\":{\"name\":\"Bro FastGas\",\"@id\":\"https:\/\/fast-gas.com\/fr\/#\/schema\/person\/4b3a9beffb469faf985fef2c2b684689\"},\"headline\":\"Les cinq plus grands fournisseurs de bonbonne protoxyde d&#8217;azote en France\",\"datePublished\":\"2022-03-17T11:24:28+00:00\",\"dateModified\":\"2024-12-20T01:54:56+00:00\",\"mainEntityOfPage\":{\"@id\":\"https:\/\/fast-gas.com\/fr\/5-vendeurs-de-bonbonne-n2o-alternatifs-cream-deluxe\/\"},\"wordCount\":1023,\"publisher\":{\"@id\":\"https:\/\/fast-gas.com\/fr\/#organization\"},\"image\":{\"@id\":\"https:\/\/fast-gas.com\/fr\/cream-deluxe-alternative-en-france\/#primaryimage\"},\"thumbnailUrl\":\"https:\/\/fast-gas.com\/wp-content\/uploads\/2022\/04\/N2O-Fast-Gas-6Pack.png\",\"inLanguage\":\"fr-FR\"},{\"@type\":\"WebPage\",\"@id\":\"https:\/\/fast-gas.com\/fr\/5-vendeurs-de-bonbonne-n2o-alternatifs-cream-deluxe\/\",\"url\":\"https:\/\/fast-gas.com\/fr\/cream-deluxe-alternative-en-france\/\",\"name\":\"5 Alternatives comme Cream Deluxe en France | Fast Gas\",\"isPartOf\":{\"@id\":\"https:\/\/fast-gas.com\/fr\/#website\"},\"primaryImageOfPage\":{\"@id\":\"https:\/\/fast-gas.com\/fr\/cream-deluxe-alternative-en-france\/#primaryimage\"},\"image\":{\"@id\":\"https:\/\/fast-gas.com\/fr\/cream-deluxe-alternative-en-france\/#primaryimage\"},\"thumbnailUrl\":\"https:\/\/fast-gas.com\/wp-content\/uploads\/2022\/04\/N2O-Fast-Gas-6Pack.png\",\"datePublished\":\"2022-03-17T11:24:28+00:00\",\"dateModified\":\"2024-12-20T01:54:56+00:00\",\"description\":\"Vous ne savez pas o\u00f9 acheter des bonbonne protoxyde d'azote? D\u00e9couvrez les cinq meilleurs fournisseurs dans cette liste !\",\"breadcrumb\":{\"@id\":\"https:\/\/fast-gas.com\/fr\/cream-deluxe-alternative-en-france\/#breadcrumb\"},\"inLanguage\":\"fr-FR\",\"potentialAction\":[{\"@type\":\"ReadAction\",\"target\":[\"https:\/\/fast-gas.com\/fr\/cream-deluxe-alternative-en-france\/\"]}]},{\"@type\":\"ImageObject\",\"inLanguage\":\"fr-FR\",\"@id\":\"https:\/\/fast-gas.com\/fr\/cream-deluxe-alternative-en-france\/#primaryimage\",\"url\":\"https:\/\/fast-gas.com\/wp-content\/uploads\/2022\/04\/N2O-Fast-Gas-6Pack.png\",\"contentUrl\":\"https:\/\/fast-gas.com\/wp-content\/uploads\/2022\/04\/N2O-Fast-Gas-6Pack.png\",\"width\":1000,\"height\":1000,\"caption\":\"Fast Gas cream charger alternative to cream deluxe\"},{\"@type\":\"BreadcrumbList\",\"@id\":\"https:\/\/fast-gas.com\/fr\/cream-deluxe-alternative-en-france\/#breadcrumb\",\"itemListElement\":[{\"@type\":\"ListItem\",\"position\":1,\"name\":\"Home\",\"item\":\"https:\/\/fast-gas.com\/fr\/\"},{\"@type\":\"ListItem\",\"position\":2,\"name\":\"Les cinq plus grands fournisseurs de bonbonne protoxyde d&#8217;azote en France\"}]},{\"@type\":\"WebSite\",\"@id\":\"https:\/\/fast-gas.com\/fr\/#website\",\"url\":\"https:\/\/fast-gas.com\/fr\/\",\"name\":\"FastGas\",\"description\":\"N2O Cream Chargers\",\"publisher\":{\"@id\":\"https:\/\/fast-gas.com\/fr\/#organization\"},\"potentialAction\":[{\"@type\":\"SearchAction\",\"target\":{\"@type\":\"EntryPoint\",\"urlTemplate\":\"https:\/\/fast-gas.com\/fr\/?s={search_term_string}\"},\"query-input\":{\"@type\":\"PropertyValueSpecification\",\"valueRequired\":true,\"valueName\":\"search_term_string\"}}],\"inLanguage\":\"fr-FR\"},{\"@type\":\"Organization\",\"@id\":\"https:\/\/fast-gas.com\/fr\/#organization\",\"name\":\"FastGas - Helium, CO2 & N2O Wholesale\",\"alternateName\":\"Fast Gas\",\"url\":\"https:\/\/fast-gas.com\/fr\/\",\"logo\":{\"@type\":\"ImageObject\",\"inLanguage\":\"fr-FR\",\"@id\":\"https:\/\/fast-gas.com\/fr\/#\/schema\/logo\/image\/\",\"url\":\"https:\/\/fast-gas.com\/wp-content\/uploads\/2025\/03\/cropped-Fastgas-Favicon.png\",\"contentUrl\":\"https:\/\/fast-gas.com\/wp-content\/uploads\/2025\/03\/cropped-Fastgas-Favicon.png\",\"width\":512,\"height\":512,\"caption\":\"FastGas - Helium, CO2 & N2O Wholesale\"},\"image\":{\"@id\":\"https:\/\/fast-gas.com\/fr\/#\/schema\/logo\/image\/\"},\"sameAs\":[\"https:\/\/facebook.com\/wearefastgas\",\"https:\/\/www.youtube.com\/channel\/UCV5w9vrihWFu0yM7SZzQfVQ\/videos\",\"https:\/\/instagram.com\/fastgas.official\"]},{\"@type\":\"Person\",\"@id\":\"https:\/\/fast-gas.com\/fr\/#\/schema\/person\/4b3a9beffb469faf985fef2c2b684689\",\"name\":\"Bro FastGas\",\"description\":\"Meet our Culinary Gas &amp; Tech Editor: pioneering N2O, CO2, and cream charger innovations with recipes, reviews, and cutting-edge insights.\",\"url\":\"https:\/\/fast-gas.com\/fr\/author\/iryna\/\"}]}<\/script>\n<!-- \/ Yoast SEO plugin. -->","yoast_head_json":{"title":"5 Alternatives comme Cream Deluxe en France | Fast Gas","description":"Vous ne savez pas o\u00f9 acheter des bonbonne protoxyde d'azote? D\u00e9couvrez les cinq meilleurs fournisseurs dans cette liste !","robots":{"index":"index","follow":"follow","max-snippet":"max-snippet:-1","max-image-preview":"max-image-preview:large","max-video-preview":"max-video-preview:-1"},"canonical":"https:\/\/fast-gas.com\/fr\/cream-deluxe-alternative-en-france\/","og_locale":"fr_FR","og_type":"article","og_title":"5 Alternatives comme Cream Deluxe en France | Fast Gas","og_description":"Vous ne savez pas o\u00f9 acheter des bonbonne protoxyde d'azote? D\u00e9couvrez les cinq meilleurs fournisseurs dans cette liste !","og_url":"https:\/\/fast-gas.com\/fr\/cream-deluxe-alternative-en-france\/","og_site_name":"FastGas","article_publisher":"https:\/\/facebook.com\/wearefastgas","article_modified_time":"2024-12-20T01:54:56+00:00","og_image":[{"width":1000,"height":1000,"url":"https:\/\/fast-gas.com\/wp-content\/uploads\/2022\/04\/N2O-Fast-Gas-6Pack.png","type":"image\/png"}],"twitter_card":"summary_large_image","twitter_misc":{"Est. reading time":"5 minutes"},"schema":{"@context":"https:\/\/schema.org","@graph":[{"@type":["Article","BlogPosting"],"@id":"https:\/\/fast-gas.com\/fr\/cream-deluxe-alternative-en-france\/#article","isPartOf":{"@id":"https:\/\/fast-gas.com\/fr\/5-vendeurs-de-bonbonne-n2o-alternatifs-cream-deluxe\/"},"author":{"name":"Bro FastGas","@id":"https:\/\/fast-gas.com\/fr\/#\/schema\/person\/4b3a9beffb469faf985fef2c2b684689"},"headline":"Les cinq plus grands fournisseurs de bonbonne protoxyde d&#8217;azote en France","datePublished":"2022-03-17T11:24:28+00:00","dateModified":"2024-12-20T01:54:56+00:00","mainEntityOfPage":{"@id":"https:\/\/fast-gas.com\/fr\/5-vendeurs-de-bonbonne-n2o-alternatifs-cream-deluxe\/"},"wordCount":1023,"publisher":{"@id":"https:\/\/fast-gas.com\/fr\/#organization"},"image":{"@id":"https:\/\/fast-gas.com\/fr\/cream-deluxe-alternative-en-france\/#primaryimage"},"thumbnailUrl":"https:\/\/fast-gas.com\/wp-content\/uploads\/2022\/04\/N2O-Fast-Gas-6Pack.png","inLanguage":"fr-FR"},{"@type":"WebPage","@id":"https:\/\/fast-gas.com\/fr\/5-vendeurs-de-bonbonne-n2o-alternatifs-cream-deluxe\/","url":"https:\/\/fast-gas.com\/fr\/cream-deluxe-alternative-en-france\/","name":"5 Alternatives comme Cream Deluxe en France | Fast Gas","isPartOf":{"@id":"https:\/\/fast-gas.com\/fr\/#website"},"primaryImageOfPage":{"@id":"https:\/\/fast-gas.com\/fr\/cream-deluxe-alternative-en-france\/#primaryimage"},"image":{"@id":"https:\/\/fast-gas.com\/fr\/cream-deluxe-alternative-en-france\/#primaryimage"},"thumbnailUrl":"https:\/\/fast-gas.com\/wp-content\/uploads\/2022\/04\/N2O-Fast-Gas-6Pack.png","datePublished":"2022-03-17T11:24:28+00:00","dateModified":"2024-12-20T01:54:56+00:00","description":"Vous ne savez pas o\u00f9 acheter des bonbonne protoxyde d'azote? D\u00e9couvrez les cinq meilleurs fournisseurs dans cette liste !","breadcrumb":{"@id":"https:\/\/fast-gas.com\/fr\/cream-deluxe-alternative-en-france\/#breadcrumb"},"inLanguage":"fr-FR","potentialAction":[{"@type":"ReadAction","target":["https:\/\/fast-gas.com\/fr\/cream-deluxe-alternative-en-france\/"]}]},{"@type":"ImageObject","inLanguage":"fr-FR","@id":"https:\/\/fast-gas.com\/fr\/cream-deluxe-alternative-en-france\/#primaryimage","url":"https:\/\/fast-gas.com\/wp-content\/uploads\/2022\/04\/N2O-Fast-Gas-6Pack.png","contentUrl":"https:\/\/fast-gas.com\/wp-content\/uploads\/2022\/04\/N2O-Fast-Gas-6Pack.png","width":1000,"height":1000,"caption":"Fast Gas cream charger alternative to cream deluxe"},{"@type":"BreadcrumbList","@id":"https:\/\/fast-gas.com\/fr\/cream-deluxe-alternative-en-france\/#breadcrumb","itemListElement":[{"@type":"ListItem","position":1,"name":"Home","item":"https:\/\/fast-gas.com\/fr\/"},{"@type":"ListItem","position":2,"name":"Les cinq plus grands fournisseurs de bonbonne protoxyde d&#8217;azote en France"}]},{"@type":"WebSite","@id":"https:\/\/fast-gas.com\/fr\/#website","url":"https:\/\/fast-gas.com\/fr\/","name":"FastGas","description":"N2O Cream Chargers","publisher":{"@id":"https:\/\/fast-gas.com\/fr\/#organization"},"potentialAction":[{"@type":"SearchAction","target":{"@type":"EntryPoint","urlTemplate":"https:\/\/fast-gas.com\/fr\/?s={search_term_string}"},"query-input":{"@type":"PropertyValueSpecification","valueRequired":true,"valueName":"search_term_string"}}],"inLanguage":"fr-FR"},{"@type":"Organization","@id":"https:\/\/fast-gas.com\/fr\/#organization","name":"FastGas - Helium, CO2 & N2O Wholesale","alternateName":"Fast Gas","url":"https:\/\/fast-gas.com\/fr\/","logo":{"@type":"ImageObject","inLanguage":"fr-FR","@id":"https:\/\/fast-gas.com\/fr\/#\/schema\/logo\/image\/","url":"https:\/\/fast-gas.com\/wp-content\/uploads\/2025\/03\/cropped-Fastgas-Favicon.png","contentUrl":"https:\/\/fast-gas.com\/wp-content\/uploads\/2025\/03\/cropped-Fastgas-Favicon.png","width":512,"height":512,"caption":"FastGas - Helium, CO2 & N2O Wholesale"},"image":{"@id":"https:\/\/fast-gas.com\/fr\/#\/schema\/logo\/image\/"},"sameAs":["https:\/\/facebook.com\/wearefastgas","https:\/\/www.youtube.com\/channel\/UCV5w9vrihWFu0yM7SZzQfVQ\/videos","https:\/\/instagram.com\/fastgas.official"]},{"@type":"Person","@id":"https:\/\/fast-gas.com\/fr\/#\/schema\/person\/4b3a9beffb469faf985fef2c2b684689","name":"Bro FastGas","description":"Meet our Culinary Gas &amp; Tech Editor: pioneering N2O, CO2, and cream charger innovations with recipes, reviews, and cutting-edge insights.","url":"https:\/\/fast-gas.com\/fr\/author\/iryna\/"}]}},"_links":{"self":[{"href":"https:\/\/fast-gas.com\/fr\/wp-json\/wp\/v2\/pages\/15427","targetHints":{"allow":["GET"]}}],"collection":[{"href":"https:\/\/fast-gas.com\/fr\/wp-json\/wp\/v2\/pages"}],"about":[{"href":"https:\/\/fast-gas.com\/fr\/wp-json\/wp\/v2\/types\/page"}],"author":[{"embeddable":true,"href":"https:\/\/fast-gas.com\/fr\/wp-json\/wp\/v2\/users\/5216"}],"replies":[{"embeddable":true,"href":"https:\/\/fast-gas.com\/fr\/wp-json\/wp\/v2\/comments?post=15427"}],"version-history":[{"count":16,"href":"https:\/\/fast-gas.com\/fr\/wp-json\/wp\/v2\/pages\/15427\/revisions"}],"predecessor-version":[{"id":39931,"href":"https:\/\/fast-gas.com\/fr\/wp-json\/wp\/v2\/pages\/15427\/revisions\/39931"}],"wp:featuredmedia":[{"embeddable":true,"href":"https:\/\/fast-gas.com\/fr\/wp-json\/wp\/v2\/media\/15801"}],"wp:attachment":[{"href":"https:\/\/fast-gas.com\/fr\/wp-json\/wp\/v2\/media?parent=15427"}],"curies":[{"name":"wp","href":"https:\/\/api.w.org\/{rel}","templated":true}]}}