{"id":50837,"date":"2022-07-06T07:17:02","date_gmt":"2022-07-06T07:17:02","guid":{"rendered":"https:\/\/fast-gas.com\/product\/fastgas-original-nitrous-oxide-cylinder\/"},"modified":"2026-04-06T16:53:34","modified_gmt":"2026-04-06T14:53:34","slug":"fastgas-original-nitrous-oxide-cylinder","status":"publish","type":"product","link":"https:\/\/fast-gas.com\/fr-af\/product\/fastgas-original-nitrous-oxide-cylinder\/","title":{"rendered":"Cartouche de cr\u00e8me FastGas Original 670 g"},"excerpt":{"rendered":"<p>Protoxyde d\u2019azote de qualit\u00e9 europ\u00e9enne conditionn\u00e9 dans un cylindre en acier s\u00fbr et jetable.<\/p>\n<p>Le FastGas Cream Charger 670g est efficace, rempli \u00e0 pleine capacit\u00e9 et reste le format le plus vendu sur les march\u00e9s africains et internationaux. Ce cylindre de gaz pour cr\u00e8me fouett\u00e9e est con\u00e7u pour les environnements \u00e0 forte demande tels que les bars, restaurants et services traiteur.<\/p>\n<p>De la cr\u00e8me fouett\u00e9e aux espumas pour cocktails et sauces, ce cylindre pour cr\u00e8me fouett\u00e9e offre des performances constantes pour un usage professionnel.<\/p>\n<p>Le nouveau design inclut un code QR pour v\u00e9rifier l\u2019authenticit\u00e9 du produit et s\u00e9curiser votre activit\u00e9. <a href=\"https:\/\/fast-gas.com\/fr-af\/verify-your-fastgas-bottle\/\">D\u00e9couvrez comment v\u00e9rifier l&#8217;authenticit\u00e9 de votre bouteille.<\/a><\/p>\n<p><strong>*Chaque palette de 670g contient 75 cartons (6 cylindres par carton)<\/strong><\/p>\n","protected":false},"featured_media":50842,"template":"","meta":{"_acf_changed":false},"product_brand":[],"product_cat":[931,932,933],"product_tag":[],"class_list":{"0":"post-50837","1":"product","2":"type-product","3":"status-publish","4":"has-post-thumbnail","6":"product_cat-all","7":"product_cat-cream-chargers","8":"product_cat-nitrous-oxide","10":"first","11":"instock","12":"taxable","13":"shipping-taxable","14":"product-type-simple"},"acf":[],"yoast_head":"<!-- This site is optimized with the Yoast SEO plugin v27.2 - https:\/\/yoast.com\/product\/yoast-seo-wordpress\/ -->\n<title>FastGas Bouteille d&#039;oxyde nitreux d&#039;origine - 670 grammes | FastGas<\/title>\n<meta name=\"description\" content=\"Pr\u00e9parez de la cr\u00e8me fouett\u00e9e avec la cartouche de N2O FastGas 670 g \u2013 notre cartouche la plus vendue | Id\u00e9ale pour les g\u00e2teaux et les cocktails. Commandez d\u00e8s maintenant!\" \/>\n<meta name=\"robots\" content=\"index, follow, max-snippet:-1, max-image-preview:large, max-video-preview:-1\" \/>\n<link rel=\"canonical\" href=\"https:\/\/fast-gas.com\/fr-af\/product\/fastgas-original-nitrous-oxide-cylinder\/\" \/>\n<meta property=\"og:locale\" content=\"fr_FR\" \/>\n<meta property=\"og:type\" content=\"article\" \/>\n<meta property=\"og:title\" content=\"FastGas Bouteille d&#039;oxyde nitreux d&#039;origine - 670 grammes | FastGas\" \/>\n<meta property=\"og:description\" content=\"Pr\u00e9parez de la cr\u00e8me fouett\u00e9e avec la cartouche de N2O FastGas 670 g \u2013 notre cartouche la plus vendue | Id\u00e9ale pour les g\u00e2teaux et les cocktails. Commandez d\u00e8s maintenant!\" \/>\n<meta property=\"og:url\" content=\"https:\/\/fast-gas.com\/fr-af\/product\/fastgas-original-nitrous-oxide-cylinder\/\" \/>\n<meta property=\"og:site_name\" content=\"FastGas\" \/>\n<meta property=\"article:publisher\" content=\"https:\/\/facebook.com\/wearefastgas\" \/>\n<meta property=\"article:modified_time\" content=\"2026-04-06T14:53:34+00:00\" \/>\n<meta property=\"og:image\" content=\"https:\/\/fast-gas.com\/wp-content\/uploads\/2022\/07\/PRODUCT-PAGE_670_front-view-e1764672680684.png\" \/>\n\t<meta property=\"og:image:width\" content=\"750\" \/>\n\t<meta property=\"og:image:height\" content=\"623\" \/>\n\t<meta property=\"og:image:type\" content=\"image\/png\" \/>\n<meta name=\"twitter:card\" content=\"summary_large_image\" \/>\n<meta name=\"twitter:label1\" content=\"Est. reading time\" \/>\n\t<meta name=\"twitter:data1\" content=\"2 minutes\" \/>\n<script type=\"application\/ld+json\" class=\"yoast-schema-graph\">{\"@context\":\"https:\/\/schema.org\",\"@graph\":[{\"@type\":[\"WebPage\",\"ItemPage\"],\"@id\":\"https:\/\/fast-gas.com\/fr-af\/product\/fastgas-original-nitrous-oxide-cylinder\/\",\"url\":\"https:\/\/fast-gas.com\/fr-af\/product\/fastgas-original-nitrous-oxide-cylinder\/\",\"name\":\"FastGas Bouteille d'oxyde nitreux d'origine - 670 grammes | FastGas\",\"isPartOf\":{\"@id\":\"https:\/\/fast-gas.com\/fr-af\/#website\"},\"primaryImageOfPage\":{\"@id\":\"https:\/\/fast-gas.com\/fr-af\/product\/fastgas-original-nitrous-oxide-cylinder\/#primaryimage\"},\"image\":{\"@id\":\"https:\/\/fast-gas.com\/fr-af\/product\/fastgas-original-nitrous-oxide-cylinder\/#primaryimage\"},\"thumbnailUrl\":\"https:\/\/fast-gas.com\/wp-content\/uploads\/2022\/07\/PRODUCT-PAGE_670_front-view-e1764672680684.png\",\"datePublished\":\"2022-07-06T07:17:02+00:00\",\"dateModified\":\"2026-04-06T14:53:34+00:00\",\"description\":\"Pr\u00e9parez de la cr\u00e8me fouett\u00e9e avec la cartouche de N2O FastGas 670 g \u2013 notre cartouche la plus vendue | Id\u00e9ale pour les g\u00e2teaux et les cocktails. Commandez d\u00e8s maintenant!\",\"breadcrumb\":{\"@id\":\"https:\/\/fast-gas.com\/fr-af\/product\/fastgas-original-nitrous-oxide-cylinder\/#breadcrumb\"},\"inLanguage\":\"fr\",\"potentialAction\":[{\"@type\":\"ReadAction\",\"target\":[\"https:\/\/fast-gas.com\/fr-af\/product\/fastgas-original-nitrous-oxide-cylinder\/\"]}]},{\"@type\":\"ImageObject\",\"inLanguage\":\"fr\",\"@id\":\"https:\/\/fast-gas.com\/fr-af\/product\/fastgas-original-nitrous-oxide-cylinder\/#primaryimage\",\"url\":\"https:\/\/fast-gas.com\/wp-content\/uploads\/2022\/07\/PRODUCT-PAGE_670_front-view-e1764672680684.png\",\"contentUrl\":\"https:\/\/fast-gas.com\/wp-content\/uploads\/2022\/07\/PRODUCT-PAGE_670_front-view-e1764672680684.png\",\"width\":750,\"height\":623},{\"@type\":\"BreadcrumbList\",\"@id\":\"https:\/\/fast-gas.com\/fr-af\/product\/fastgas-original-nitrous-oxide-cylinder\/#breadcrumb\",\"itemListElement\":[{\"@type\":\"ListItem\",\"position\":1,\"name\":\"Home\",\"item\":\"https:\/\/fast-gas.com\/fr-af\/\"},{\"@type\":\"ListItem\",\"position\":2,\"name\":\"Cartouche de cr\u00e8me FastGas Original 670 g\"}]},{\"@type\":\"WebSite\",\"@id\":\"https:\/\/fast-gas.com\/fr-af\/#website\",\"url\":\"https:\/\/fast-gas.com\/fr-af\/\",\"name\":\"FastGas\",\"description\":\"N2O Cream Chargers\",\"publisher\":{\"@id\":\"https:\/\/fast-gas.com\/fr-af\/#organization\"},\"potentialAction\":[{\"@type\":\"SearchAction\",\"target\":{\"@type\":\"EntryPoint\",\"urlTemplate\":\"https:\/\/fast-gas.com\/fr-af\/?s={search_term_string}\"},\"query-input\":{\"@type\":\"PropertyValueSpecification\",\"valueRequired\":true,\"valueName\":\"search_term_string\"}}],\"inLanguage\":\"fr\"},{\"@type\":\"Organization\",\"@id\":\"https:\/\/fast-gas.com\/fr-af\/#organization\",\"name\":\"FastGas - Helium, CO2 & N2O Wholesale\",\"alternateName\":\"Fast Gas\",\"url\":\"https:\/\/fast-gas.com\/fr-af\/\",\"logo\":{\"@type\":\"ImageObject\",\"inLanguage\":\"fr\",\"@id\":\"https:\/\/fast-gas.com\/fr-af\/#\/schema\/logo\/image\/\",\"url\":\"https:\/\/fast-gas.com\/wp-content\/uploads\/2025\/03\/cropped-Fastgas-Favicon.png\",\"contentUrl\":\"https:\/\/fast-gas.com\/wp-content\/uploads\/2025\/03\/cropped-Fastgas-Favicon.png\",\"width\":512,\"height\":512,\"caption\":\"FastGas - Helium, CO2 & N2O Wholesale\"},\"image\":{\"@id\":\"https:\/\/fast-gas.com\/fr-af\/#\/schema\/logo\/image\/\"},\"sameAs\":[\"https:\/\/facebook.com\/wearefastgas\",\"https:\/\/www.youtube.com\/channel\/UCV5w9vrihWFu0yM7SZzQfVQ\/videos\",\"https:\/\/instagram.com\/fastgas.official\"]}]}<\/script>\n<!-- \/ Yoast SEO plugin. -->","yoast_head_json":{"title":"FastGas Bouteille d'oxyde nitreux d'origine - 670 grammes | FastGas","description":"Pr\u00e9parez de la cr\u00e8me fouett\u00e9e avec la cartouche de N2O FastGas 670 g \u2013 notre cartouche la plus vendue | Id\u00e9ale pour les g\u00e2teaux et les cocktails. Commandez d\u00e8s maintenant!","robots":{"index":"index","follow":"follow","max-snippet":"max-snippet:-1","max-image-preview":"max-image-preview:large","max-video-preview":"max-video-preview:-1"},"canonical":"https:\/\/fast-gas.com\/fr-af\/product\/fastgas-original-nitrous-oxide-cylinder\/","og_locale":"fr_FR","og_type":"article","og_title":"FastGas Bouteille d'oxyde nitreux d'origine - 670 grammes | FastGas","og_description":"Pr\u00e9parez de la cr\u00e8me fouett\u00e9e avec la cartouche de N2O FastGas 670 g \u2013 notre cartouche la plus vendue | Id\u00e9ale pour les g\u00e2teaux et les cocktails. Commandez d\u00e8s maintenant!","og_url":"https:\/\/fast-gas.com\/fr-af\/product\/fastgas-original-nitrous-oxide-cylinder\/","og_site_name":"FastGas","article_publisher":"https:\/\/facebook.com\/wearefastgas","article_modified_time":"2026-04-06T14:53:34+00:00","og_image":[{"width":750,"height":623,"url":"https:\/\/fast-gas.com\/wp-content\/uploads\/2022\/07\/PRODUCT-PAGE_670_front-view-e1764672680684.png","type":"image\/png"}],"twitter_card":"summary_large_image","twitter_misc":{"Est. reading time":"2 minutes"},"schema":{"@context":"https:\/\/schema.org","@graph":[{"@type":["WebPage","ItemPage"],"@id":"https:\/\/fast-gas.com\/fr-af\/product\/fastgas-original-nitrous-oxide-cylinder\/","url":"https:\/\/fast-gas.com\/fr-af\/product\/fastgas-original-nitrous-oxide-cylinder\/","name":"FastGas Bouteille d'oxyde nitreux d'origine - 670 grammes | FastGas","isPartOf":{"@id":"https:\/\/fast-gas.com\/fr-af\/#website"},"primaryImageOfPage":{"@id":"https:\/\/fast-gas.com\/fr-af\/product\/fastgas-original-nitrous-oxide-cylinder\/#primaryimage"},"image":{"@id":"https:\/\/fast-gas.com\/fr-af\/product\/fastgas-original-nitrous-oxide-cylinder\/#primaryimage"},"thumbnailUrl":"https:\/\/fast-gas.com\/wp-content\/uploads\/2022\/07\/PRODUCT-PAGE_670_front-view-e1764672680684.png","datePublished":"2022-07-06T07:17:02+00:00","dateModified":"2026-04-06T14:53:34+00:00","description":"Pr\u00e9parez de la cr\u00e8me fouett\u00e9e avec la cartouche de N2O FastGas 670 g \u2013 notre cartouche la plus vendue | Id\u00e9ale pour les g\u00e2teaux et les cocktails. Commandez d\u00e8s maintenant!","breadcrumb":{"@id":"https:\/\/fast-gas.com\/fr-af\/product\/fastgas-original-nitrous-oxide-cylinder\/#breadcrumb"},"inLanguage":"fr","potentialAction":[{"@type":"ReadAction","target":["https:\/\/fast-gas.com\/fr-af\/product\/fastgas-original-nitrous-oxide-cylinder\/"]}]},{"@type":"ImageObject","inLanguage":"fr","@id":"https:\/\/fast-gas.com\/fr-af\/product\/fastgas-original-nitrous-oxide-cylinder\/#primaryimage","url":"https:\/\/fast-gas.com\/wp-content\/uploads\/2022\/07\/PRODUCT-PAGE_670_front-view-e1764672680684.png","contentUrl":"https:\/\/fast-gas.com\/wp-content\/uploads\/2022\/07\/PRODUCT-PAGE_670_front-view-e1764672680684.png","width":750,"height":623},{"@type":"BreadcrumbList","@id":"https:\/\/fast-gas.com\/fr-af\/product\/fastgas-original-nitrous-oxide-cylinder\/#breadcrumb","itemListElement":[{"@type":"ListItem","position":1,"name":"Home","item":"https:\/\/fast-gas.com\/fr-af\/"},{"@type":"ListItem","position":2,"name":"Cartouche de cr\u00e8me FastGas Original 670 g"}]},{"@type":"WebSite","@id":"https:\/\/fast-gas.com\/fr-af\/#website","url":"https:\/\/fast-gas.com\/fr-af\/","name":"FastGas","description":"N2O Cream Chargers","publisher":{"@id":"https:\/\/fast-gas.com\/fr-af\/#organization"},"potentialAction":[{"@type":"SearchAction","target":{"@type":"EntryPoint","urlTemplate":"https:\/\/fast-gas.com\/fr-af\/?s={search_term_string}"},"query-input":{"@type":"PropertyValueSpecification","valueRequired":true,"valueName":"search_term_string"}}],"inLanguage":"fr"},{"@type":"Organization","@id":"https:\/\/fast-gas.com\/fr-af\/#organization","name":"FastGas - Helium, CO2 & N2O Wholesale","alternateName":"Fast Gas","url":"https:\/\/fast-gas.com\/fr-af\/","logo":{"@type":"ImageObject","inLanguage":"fr","@id":"https:\/\/fast-gas.com\/fr-af\/#\/schema\/logo\/image\/","url":"https:\/\/fast-gas.com\/wp-content\/uploads\/2025\/03\/cropped-Fastgas-Favicon.png","contentUrl":"https:\/\/fast-gas.com\/wp-content\/uploads\/2025\/03\/cropped-Fastgas-Favicon.png","width":512,"height":512,"caption":"FastGas - Helium, CO2 & N2O Wholesale"},"image":{"@id":"https:\/\/fast-gas.com\/fr-af\/#\/schema\/logo\/image\/"},"sameAs":["https:\/\/facebook.com\/wearefastgas","https:\/\/www.youtube.com\/channel\/UCV5w9vrihWFu0yM7SZzQfVQ\/videos","https:\/\/instagram.com\/fastgas.official"]}]}},"_links":{"self":[{"href":"https:\/\/fast-gas.com\/fr-af\/wp-json\/wp\/v2\/product\/50837","targetHints":{"allow":["GET"]}}],"collection":[{"href":"https:\/\/fast-gas.com\/fr-af\/wp-json\/wp\/v2\/product"}],"about":[{"href":"https:\/\/fast-gas.com\/fr-af\/wp-json\/wp\/v2\/types\/product"}],"wp:featuredmedia":[{"embeddable":true,"href":"https:\/\/fast-gas.com\/fr-af\/wp-json\/wp\/v2\/media\/50842"}],"wp:attachment":[{"href":"https:\/\/fast-gas.com\/fr-af\/wp-json\/wp\/v2\/media?parent=50837"}],"wp:term":[{"taxonomy":"product_brand","embeddable":true,"href":"https:\/\/fast-gas.com\/fr-af\/wp-json\/wp\/v2\/product_brand?post=50837"},{"taxonomy":"product_cat","embeddable":true,"href":"https:\/\/fast-gas.com\/fr-af\/wp-json\/wp\/v2\/product_cat?post=50837"},{"taxonomy":"product_tag","embeddable":true,"href":"https:\/\/fast-gas.com\/fr-af\/wp-json\/wp\/v2\/product_tag?post=50837"}],"curies":[{"name":"wp","href":"https:\/\/api.w.org\/{rel}","templated":true}]}}