{"id":50831,"date":"2023-08-17T08:27:33","date_gmt":"2023-08-17T08:27:33","guid":{"rendered":"https:\/\/fast-gas.com\/product\/fastgas-original-nitrous-oxide-cylinder-2000-grams\/"},"modified":"2026-04-06T16:45:29","modified_gmt":"2026-04-06T14:45:29","slug":"fastgas-original-nitrous-oxide-cylinder-2000-grams","status":"publish","type":"product","link":"https:\/\/fast-gas.com\/fr-af\/product\/fastgas-original-nitrous-oxide-cylinder-2000-grams\/","title":{"rendered":"Cartouche de cr\u00e8me FastGas Original 2000 g"},"excerpt":{"rendered":"<p>Notre cylindre de plus grande capacit\u00e9, con\u00e7u pour une utilisation pratique avec une sangle de maintien facilitant la manipulation dans les environnements \u00e0 forte activit\u00e9.<\/p>\n<p>Le FastGas Cream Charger 2000g est rempli \u00e0 pleine capacit\u00e9 avec du protoxyde d\u2019azote de qualit\u00e9 europ\u00e9enne et fabriqu\u00e9 selon des normes de s\u00e9curit\u00e9 strictes. Ce cylindre de gaz pour cr\u00e8me fouett\u00e9e est id\u00e9al pour une utilisation intensive dans les bars, restaurants et services traiteur \u00e0 travers l\u2019Afrique.<\/p>\n<p>De la cr\u00e8me fouett\u00e9e aux espumas pour cocktails et sauces, ce cylindre pour cr\u00e8me fouett\u00e9e garantit une performance constante et une grande efficacit\u00e9 pour r\u00e9pondre \u00e0 une forte demande.<\/p>\n<p>Le nouveau design inclut un code QR pour v\u00e9rifier rapidement l\u2019authenticit\u00e9 du produit et s\u00e9curiser votre activit\u00e9. <a href=\"https:\/\/fast-gas.com\/fr-af\/verify-your-fastgas-bottle\/\">Learn how to verify your bottle.<\/a><\/p>\n<p><strong>*Each pallet of 2kg contains 162 cases (1 canister per case)\u00a0<\/strong><\/p>\n","protected":false},"featured_media":50836,"template":"","meta":{"_acf_changed":false},"product_brand":[],"product_cat":[931,932,933],"product_tag":[],"class_list":{"0":"post-50831","1":"product","2":"type-product","3":"status-publish","4":"has-post-thumbnail","6":"product_cat-all","7":"product_cat-cream-chargers","8":"product_cat-nitrous-oxide","10":"first","11":"instock","12":"taxable","13":"shipping-taxable","14":"product-type-simple"},"acf":[],"yoast_head":"<!-- This site is optimized with the Yoast SEO plugin v27.2 - https:\/\/yoast.com\/product\/yoast-seo-wordpress\/ -->\n<title>FastGas Bouteille d&#039;oxyde nitreux d&#039;origine - 2000 grammes | FastGas<\/title>\n<meta name=\"description\" content=\"Pr\u00e9parez de la cr\u00e8me fouett\u00e9e avec la cartouche de N\u2082O de FastGas 2000 g la plus grande capacit\u00e9 | Id\u00e9ale pour les g\u00e2teaux et les cocktails.\" \/>\n<meta name=\"robots\" content=\"index, follow, max-snippet:-1, max-image-preview:large, max-video-preview:-1\" \/>\n<link rel=\"canonical\" href=\"https:\/\/fast-gas.com\/fr-af\/product\/fastgas-original-nitrous-oxide-cylinder-2000-grams\/\" \/>\n<meta property=\"og:locale\" content=\"fr_FR\" \/>\n<meta property=\"og:type\" content=\"article\" \/>\n<meta property=\"og:title\" content=\"FastGas Bouteille d&#039;oxyde nitreux d&#039;origine - 2000 grammes | FastGas\" \/>\n<meta property=\"og:description\" content=\"Pr\u00e9parez de la cr\u00e8me fouett\u00e9e avec la cartouche de N\u2082O de FastGas 2000 g la plus grande capacit\u00e9 | Id\u00e9ale pour les g\u00e2teaux et les cocktails.\" \/>\n<meta property=\"og:url\" content=\"https:\/\/fast-gas.com\/fr-af\/product\/fastgas-original-nitrous-oxide-cylinder-2000-grams\/\" \/>\n<meta property=\"og:site_name\" content=\"FastGas\" \/>\n<meta property=\"article:publisher\" content=\"https:\/\/facebook.com\/wearefastgas\" \/>\n<meta property=\"article:modified_time\" content=\"2026-04-06T14:45:29+00:00\" \/>\n<meta property=\"og:image\" content=\"https:\/\/fast-gas.com\/wp-content\/uploads\/2023\/08\/PRODUCT-PAGE_2000_front-view.png\" \/>\n\t<meta property=\"og:image:width\" content=\"750\" \/>\n\t<meta property=\"og:image:height\" content=\"750\" \/>\n\t<meta property=\"og:image:type\" content=\"image\/png\" \/>\n<meta name=\"twitter:card\" content=\"summary_large_image\" \/>\n<meta name=\"twitter:label1\" content=\"Est. reading time\" \/>\n\t<meta name=\"twitter:data1\" content=\"1 minute\" \/>\n<script type=\"application\/ld+json\" class=\"yoast-schema-graph\">{\"@context\":\"https:\/\/schema.org\",\"@graph\":[{\"@type\":[\"WebPage\",\"ItemPage\"],\"@id\":\"https:\/\/fast-gas.com\/fr-af\/product\/fastgas-original-nitrous-oxide-cylinder-2000-grams\/\",\"url\":\"https:\/\/fast-gas.com\/fr-af\/product\/fastgas-original-nitrous-oxide-cylinder-2000-grams\/\",\"name\":\"FastGas Bouteille d'oxyde nitreux d'origine - 2000 grammes | FastGas\",\"isPartOf\":{\"@id\":\"https:\/\/fast-gas.com\/fr-af\/#website\"},\"primaryImageOfPage\":{\"@id\":\"https:\/\/fast-gas.com\/fr-af\/product\/fastgas-original-nitrous-oxide-cylinder-2000-grams\/#primaryimage\"},\"image\":{\"@id\":\"https:\/\/fast-gas.com\/fr-af\/product\/fastgas-original-nitrous-oxide-cylinder-2000-grams\/#primaryimage\"},\"thumbnailUrl\":\"https:\/\/fast-gas.com\/wp-content\/uploads\/2023\/08\/PRODUCT-PAGE_2000_front-view.png\",\"datePublished\":\"2023-08-17T08:27:33+00:00\",\"dateModified\":\"2026-04-06T14:45:29+00:00\",\"description\":\"Pr\u00e9parez de la cr\u00e8me fouett\u00e9e avec la cartouche de N\u2082O de FastGas 2000 g la plus grande capacit\u00e9 | Id\u00e9ale pour les g\u00e2teaux et les cocktails.\",\"breadcrumb\":{\"@id\":\"https:\/\/fast-gas.com\/fr-af\/product\/fastgas-original-nitrous-oxide-cylinder-2000-grams\/#breadcrumb\"},\"inLanguage\":\"fr\",\"potentialAction\":[{\"@type\":\"ReadAction\",\"target\":[\"https:\/\/fast-gas.com\/fr-af\/product\/fastgas-original-nitrous-oxide-cylinder-2000-grams\/\"]}]},{\"@type\":\"ImageObject\",\"inLanguage\":\"fr\",\"@id\":\"https:\/\/fast-gas.com\/fr-af\/product\/fastgas-original-nitrous-oxide-cylinder-2000-grams\/#primaryimage\",\"url\":\"https:\/\/fast-gas.com\/wp-content\/uploads\/2023\/08\/PRODUCT-PAGE_2000_front-view.png\",\"contentUrl\":\"https:\/\/fast-gas.com\/wp-content\/uploads\/2023\/08\/PRODUCT-PAGE_2000_front-view.png\",\"width\":750,\"height\":750},{\"@type\":\"BreadcrumbList\",\"@id\":\"https:\/\/fast-gas.com\/fr-af\/product\/fastgas-original-nitrous-oxide-cylinder-2000-grams\/#breadcrumb\",\"itemListElement\":[{\"@type\":\"ListItem\",\"position\":1,\"name\":\"Home\",\"item\":\"https:\/\/fast-gas.com\/fr-af\/\"},{\"@type\":\"ListItem\",\"position\":2,\"name\":\"Cartouche de cr\u00e8me FastGas Original 2000 g\"}]},{\"@type\":\"WebSite\",\"@id\":\"https:\/\/fast-gas.com\/fr-af\/#website\",\"url\":\"https:\/\/fast-gas.com\/fr-af\/\",\"name\":\"FastGas\",\"description\":\"N2O Cream Chargers\",\"publisher\":{\"@id\":\"https:\/\/fast-gas.com\/fr-af\/#organization\"},\"potentialAction\":[{\"@type\":\"SearchAction\",\"target\":{\"@type\":\"EntryPoint\",\"urlTemplate\":\"https:\/\/fast-gas.com\/fr-af\/?s={search_term_string}\"},\"query-input\":{\"@type\":\"PropertyValueSpecification\",\"valueRequired\":true,\"valueName\":\"search_term_string\"}}],\"inLanguage\":\"fr\"},{\"@type\":\"Organization\",\"@id\":\"https:\/\/fast-gas.com\/fr-af\/#organization\",\"name\":\"FastGas - Helium, CO2 & N2O Wholesale\",\"alternateName\":\"Fast Gas\",\"url\":\"https:\/\/fast-gas.com\/fr-af\/\",\"logo\":{\"@type\":\"ImageObject\",\"inLanguage\":\"fr\",\"@id\":\"https:\/\/fast-gas.com\/fr-af\/#\/schema\/logo\/image\/\",\"url\":\"https:\/\/fast-gas.com\/wp-content\/uploads\/2025\/03\/cropped-Fastgas-Favicon.png\",\"contentUrl\":\"https:\/\/fast-gas.com\/wp-content\/uploads\/2025\/03\/cropped-Fastgas-Favicon.png\",\"width\":512,\"height\":512,\"caption\":\"FastGas - Helium, CO2 & N2O Wholesale\"},\"image\":{\"@id\":\"https:\/\/fast-gas.com\/fr-af\/#\/schema\/logo\/image\/\"},\"sameAs\":[\"https:\/\/facebook.com\/wearefastgas\",\"https:\/\/www.youtube.com\/channel\/UCV5w9vrihWFu0yM7SZzQfVQ\/videos\",\"https:\/\/instagram.com\/fastgas.official\"]}]}<\/script>\n<!-- \/ Yoast SEO plugin. -->","yoast_head_json":{"title":"FastGas Bouteille d'oxyde nitreux d'origine - 2000 grammes | FastGas","description":"Pr\u00e9parez de la cr\u00e8me fouett\u00e9e avec la cartouche de N\u2082O de FastGas 2000 g la plus grande capacit\u00e9 | Id\u00e9ale pour les g\u00e2teaux et les cocktails.","robots":{"index":"index","follow":"follow","max-snippet":"max-snippet:-1","max-image-preview":"max-image-preview:large","max-video-preview":"max-video-preview:-1"},"canonical":"https:\/\/fast-gas.com\/fr-af\/product\/fastgas-original-nitrous-oxide-cylinder-2000-grams\/","og_locale":"fr_FR","og_type":"article","og_title":"FastGas Bouteille d'oxyde nitreux d'origine - 2000 grammes | FastGas","og_description":"Pr\u00e9parez de la cr\u00e8me fouett\u00e9e avec la cartouche de N\u2082O de FastGas 2000 g la plus grande capacit\u00e9 | Id\u00e9ale pour les g\u00e2teaux et les cocktails.","og_url":"https:\/\/fast-gas.com\/fr-af\/product\/fastgas-original-nitrous-oxide-cylinder-2000-grams\/","og_site_name":"FastGas","article_publisher":"https:\/\/facebook.com\/wearefastgas","article_modified_time":"2026-04-06T14:45:29+00:00","og_image":[{"width":750,"height":750,"url":"https:\/\/fast-gas.com\/wp-content\/uploads\/2023\/08\/PRODUCT-PAGE_2000_front-view.png","type":"image\/png"}],"twitter_card":"summary_large_image","twitter_misc":{"Est. reading time":"1 minute"},"schema":{"@context":"https:\/\/schema.org","@graph":[{"@type":["WebPage","ItemPage"],"@id":"https:\/\/fast-gas.com\/fr-af\/product\/fastgas-original-nitrous-oxide-cylinder-2000-grams\/","url":"https:\/\/fast-gas.com\/fr-af\/product\/fastgas-original-nitrous-oxide-cylinder-2000-grams\/","name":"FastGas Bouteille d'oxyde nitreux d'origine - 2000 grammes | FastGas","isPartOf":{"@id":"https:\/\/fast-gas.com\/fr-af\/#website"},"primaryImageOfPage":{"@id":"https:\/\/fast-gas.com\/fr-af\/product\/fastgas-original-nitrous-oxide-cylinder-2000-grams\/#primaryimage"},"image":{"@id":"https:\/\/fast-gas.com\/fr-af\/product\/fastgas-original-nitrous-oxide-cylinder-2000-grams\/#primaryimage"},"thumbnailUrl":"https:\/\/fast-gas.com\/wp-content\/uploads\/2023\/08\/PRODUCT-PAGE_2000_front-view.png","datePublished":"2023-08-17T08:27:33+00:00","dateModified":"2026-04-06T14:45:29+00:00","description":"Pr\u00e9parez de la cr\u00e8me fouett\u00e9e avec la cartouche de N\u2082O de FastGas 2000 g la plus grande capacit\u00e9 | Id\u00e9ale pour les g\u00e2teaux et les cocktails.","breadcrumb":{"@id":"https:\/\/fast-gas.com\/fr-af\/product\/fastgas-original-nitrous-oxide-cylinder-2000-grams\/#breadcrumb"},"inLanguage":"fr","potentialAction":[{"@type":"ReadAction","target":["https:\/\/fast-gas.com\/fr-af\/product\/fastgas-original-nitrous-oxide-cylinder-2000-grams\/"]}]},{"@type":"ImageObject","inLanguage":"fr","@id":"https:\/\/fast-gas.com\/fr-af\/product\/fastgas-original-nitrous-oxide-cylinder-2000-grams\/#primaryimage","url":"https:\/\/fast-gas.com\/wp-content\/uploads\/2023\/08\/PRODUCT-PAGE_2000_front-view.png","contentUrl":"https:\/\/fast-gas.com\/wp-content\/uploads\/2023\/08\/PRODUCT-PAGE_2000_front-view.png","width":750,"height":750},{"@type":"BreadcrumbList","@id":"https:\/\/fast-gas.com\/fr-af\/product\/fastgas-original-nitrous-oxide-cylinder-2000-grams\/#breadcrumb","itemListElement":[{"@type":"ListItem","position":1,"name":"Home","item":"https:\/\/fast-gas.com\/fr-af\/"},{"@type":"ListItem","position":2,"name":"Cartouche de cr\u00e8me FastGas Original 2000 g"}]},{"@type":"WebSite","@id":"https:\/\/fast-gas.com\/fr-af\/#website","url":"https:\/\/fast-gas.com\/fr-af\/","name":"FastGas","description":"N2O Cream Chargers","publisher":{"@id":"https:\/\/fast-gas.com\/fr-af\/#organization"},"potentialAction":[{"@type":"SearchAction","target":{"@type":"EntryPoint","urlTemplate":"https:\/\/fast-gas.com\/fr-af\/?s={search_term_string}"},"query-input":{"@type":"PropertyValueSpecification","valueRequired":true,"valueName":"search_term_string"}}],"inLanguage":"fr"},{"@type":"Organization","@id":"https:\/\/fast-gas.com\/fr-af\/#organization","name":"FastGas - Helium, CO2 & N2O Wholesale","alternateName":"Fast Gas","url":"https:\/\/fast-gas.com\/fr-af\/","logo":{"@type":"ImageObject","inLanguage":"fr","@id":"https:\/\/fast-gas.com\/fr-af\/#\/schema\/logo\/image\/","url":"https:\/\/fast-gas.com\/wp-content\/uploads\/2025\/03\/cropped-Fastgas-Favicon.png","contentUrl":"https:\/\/fast-gas.com\/wp-content\/uploads\/2025\/03\/cropped-Fastgas-Favicon.png","width":512,"height":512,"caption":"FastGas - Helium, CO2 & N2O Wholesale"},"image":{"@id":"https:\/\/fast-gas.com\/fr-af\/#\/schema\/logo\/image\/"},"sameAs":["https:\/\/facebook.com\/wearefastgas","https:\/\/www.youtube.com\/channel\/UCV5w9vrihWFu0yM7SZzQfVQ\/videos","https:\/\/instagram.com\/fastgas.official"]}]}},"_links":{"self":[{"href":"https:\/\/fast-gas.com\/fr-af\/wp-json\/wp\/v2\/product\/50831","targetHints":{"allow":["GET"]}}],"collection":[{"href":"https:\/\/fast-gas.com\/fr-af\/wp-json\/wp\/v2\/product"}],"about":[{"href":"https:\/\/fast-gas.com\/fr-af\/wp-json\/wp\/v2\/types\/product"}],"wp:featuredmedia":[{"embeddable":true,"href":"https:\/\/fast-gas.com\/fr-af\/wp-json\/wp\/v2\/media\/50836"}],"wp:attachment":[{"href":"https:\/\/fast-gas.com\/fr-af\/wp-json\/wp\/v2\/media?parent=50831"}],"wp:term":[{"taxonomy":"product_brand","embeddable":true,"href":"https:\/\/fast-gas.com\/fr-af\/wp-json\/wp\/v2\/product_brand?post=50831"},{"taxonomy":"product_cat","embeddable":true,"href":"https:\/\/fast-gas.com\/fr-af\/wp-json\/wp\/v2\/product_cat?post=50831"},{"taxonomy":"product_tag","embeddable":true,"href":"https:\/\/fast-gas.com\/fr-af\/wp-json\/wp\/v2\/product_tag?post=50831"}],"curies":[{"name":"wp","href":"https:\/\/api.w.org\/{rel}","templated":true}]}}