{"id":50828,"date":"2024-06-12T13:25:43","date_gmt":"2024-06-12T13:25:43","guid":{"rendered":"https:\/\/fast-gas.com\/product\/fastgas-creamer\/"},"modified":"2026-04-06T17:07:38","modified_gmt":"2026-04-06T15:07:38","slug":"fastgas-creamer","status":"publish","type":"product","link":"https:\/\/fast-gas.com\/fr-af\/product\/fastgas-creamer\/","title":{"rendered":"Cr\u00e8me FastGas"},"excerpt":{"rendered":"<p>Votre indispensable pour le bar et la cuisine.<\/p>\n<p>Un distributeur N\u2082O fiable con\u00e7u pour pr\u00e9parer de la cr\u00e8me fouett\u00e9e, des mousses froides et des sauces en toute simplicit\u00e9. Enti\u00e8rement compatible avec la cartouche FastGas 670g, il s\u2019adapte parfaitement aux bars, restaurants et services traiteur \u00e0 forte activit\u00e9.<\/p>\n<p>Que vous soyez un professionnel du secteur HORECA ou que vous exp\u00e9rimentiez \u00e0 la maison, ce appareil \u00e0 cr\u00e8me fouett\u00e9e vous offre un contr\u00f4le total et des r\u00e9sultats constants \u00e0 chaque utilisation.<\/p>\n<p>Siphons vendus s\u00e9par\u00e9ment.<\/p>\n","protected":false},"featured_media":50827,"template":"","meta":{"_acf_changed":false},"product_brand":[],"product_cat":[931,932,933],"product_tag":[],"class_list":{"0":"post-50828","1":"product","2":"type-product","3":"status-publish","4":"has-post-thumbnail","6":"product_cat-all","7":"product_cat-cream-chargers","8":"product_cat-nitrous-oxide","10":"first","11":"instock","12":"taxable","13":"shipping-taxable","14":"product-type-simple"},"acf":[],"yoast_head":"<!-- This site is optimized with the Yoast SEO plugin v27.2 - https:\/\/yoast.com\/product\/yoast-seo-wordpress\/ -->\n<title>Cr\u00e8me FastGas FastGas<\/title>\n<meta name=\"description\" content=\"Le FastGas Creamer est un distributeur de protoxyde d&#039;azote innovant, sp\u00e9cialement con\u00e7u pour la pr\u00e9paration de cr\u00e8me fouett\u00e9e, d&#039;espumas pour cocktails, de mousses et de sauces.\" \/>\n<meta name=\"robots\" content=\"index, follow, max-snippet:-1, max-image-preview:large, max-video-preview:-1\" \/>\n<link rel=\"canonical\" href=\"https:\/\/fast-gas.com\/fr-af\/product\/fastgas-creamer\/\" \/>\n<meta property=\"og:locale\" content=\"fr_FR\" \/>\n<meta property=\"og:type\" content=\"article\" \/>\n<meta property=\"og:title\" content=\"Cr\u00e8me FastGas FastGas\" \/>\n<meta property=\"og:description\" content=\"Le FastGas Creamer est un distributeur de protoxyde d&#039;azote innovant, sp\u00e9cialement con\u00e7u pour la pr\u00e9paration de cr\u00e8me fouett\u00e9e, d&#039;espumas pour cocktails, de mousses et de sauces.\" \/>\n<meta property=\"og:url\" content=\"https:\/\/fast-gas.com\/fr-af\/product\/fastgas-creamer\/\" \/>\n<meta property=\"og:site_name\" content=\"FastGas\" \/>\n<meta property=\"article:publisher\" content=\"https:\/\/facebook.com\/wearefastgas\" \/>\n<meta property=\"article:modified_time\" content=\"2026-04-06T15:07:38+00:00\" \/>\n<meta property=\"og:image\" content=\"https:\/\/fast-gas.com\/wp-content\/uploads\/2024\/06\/fg-new-branding-670-original.png\" \/>\n\t<meta property=\"og:image:width\" content=\"750\" \/>\n\t<meta property=\"og:image:height\" content=\"750\" \/>\n\t<meta property=\"og:image:type\" content=\"image\/png\" \/>\n<meta name=\"twitter:card\" content=\"summary_large_image\" \/>\n<meta name=\"twitter:label1\" content=\"Est. reading time\" \/>\n\t<meta name=\"twitter:data1\" content=\"1 minute\" \/>\n<script type=\"application\/ld+json\" class=\"yoast-schema-graph\">{\"@context\":\"https:\/\/schema.org\",\"@graph\":[{\"@type\":[\"WebPage\",\"ItemPage\"],\"@id\":\"https:\/\/fast-gas.com\/fr-af\/product\/fastgas-creamer\/\",\"url\":\"https:\/\/fast-gas.com\/fr-af\/product\/fastgas-creamer\/\",\"name\":\"Cr\u00e8me FastGas FastGas\",\"isPartOf\":{\"@id\":\"https:\/\/fast-gas.com\/fr-af\/#website\"},\"primaryImageOfPage\":{\"@id\":\"https:\/\/fast-gas.com\/fr-af\/product\/fastgas-creamer\/#primaryimage\"},\"image\":{\"@id\":\"https:\/\/fast-gas.com\/fr-af\/product\/fastgas-creamer\/#primaryimage\"},\"thumbnailUrl\":\"https:\/\/fast-gas.com\/wp-content\/uploads\/2024\/06\/fg-new-branding-670-original.png\",\"datePublished\":\"2024-06-12T13:25:43+00:00\",\"dateModified\":\"2026-04-06T15:07:38+00:00\",\"description\":\"Le FastGas Creamer est un distributeur de protoxyde d'azote innovant, sp\u00e9cialement con\u00e7u pour la pr\u00e9paration de cr\u00e8me fouett\u00e9e, d'espumas pour cocktails, de mousses et de sauces.\",\"breadcrumb\":{\"@id\":\"https:\/\/fast-gas.com\/fr-af\/product\/fastgas-creamer\/#breadcrumb\"},\"inLanguage\":\"fr\",\"potentialAction\":[{\"@type\":\"ReadAction\",\"target\":[\"https:\/\/fast-gas.com\/fr-af\/product\/fastgas-creamer\/\"]}]},{\"@type\":\"ImageObject\",\"inLanguage\":\"fr\",\"@id\":\"https:\/\/fast-gas.com\/fr-af\/product\/fastgas-creamer\/#primaryimage\",\"url\":\"https:\/\/fast-gas.com\/wp-content\/uploads\/2024\/06\/fg-new-branding-670-original.png\",\"contentUrl\":\"https:\/\/fast-gas.com\/wp-content\/uploads\/2024\/06\/fg-new-branding-670-original.png\",\"width\":750,\"height\":750},{\"@type\":\"BreadcrumbList\",\"@id\":\"https:\/\/fast-gas.com\/fr-af\/product\/fastgas-creamer\/#breadcrumb\",\"itemListElement\":[{\"@type\":\"ListItem\",\"position\":1,\"name\":\"Home\",\"item\":\"https:\/\/fast-gas.com\/fr-af\/\"},{\"@type\":\"ListItem\",\"position\":2,\"name\":\"Cr\u00e8me FastGas\"}]},{\"@type\":\"WebSite\",\"@id\":\"https:\/\/fast-gas.com\/fr-af\/#website\",\"url\":\"https:\/\/fast-gas.com\/fr-af\/\",\"name\":\"FastGas\",\"description\":\"N2O Cream Chargers\",\"publisher\":{\"@id\":\"https:\/\/fast-gas.com\/fr-af\/#organization\"},\"potentialAction\":[{\"@type\":\"SearchAction\",\"target\":{\"@type\":\"EntryPoint\",\"urlTemplate\":\"https:\/\/fast-gas.com\/fr-af\/?s={search_term_string}\"},\"query-input\":{\"@type\":\"PropertyValueSpecification\",\"valueRequired\":true,\"valueName\":\"search_term_string\"}}],\"inLanguage\":\"fr\"},{\"@type\":\"Organization\",\"@id\":\"https:\/\/fast-gas.com\/fr-af\/#organization\",\"name\":\"FastGas - Helium, CO2 & N2O Wholesale\",\"alternateName\":\"Fast Gas\",\"url\":\"https:\/\/fast-gas.com\/fr-af\/\",\"logo\":{\"@type\":\"ImageObject\",\"inLanguage\":\"fr\",\"@id\":\"https:\/\/fast-gas.com\/fr-af\/#\/schema\/logo\/image\/\",\"url\":\"https:\/\/fast-gas.com\/wp-content\/uploads\/2025\/03\/cropped-Fastgas-Favicon.png\",\"contentUrl\":\"https:\/\/fast-gas.com\/wp-content\/uploads\/2025\/03\/cropped-Fastgas-Favicon.png\",\"width\":512,\"height\":512,\"caption\":\"FastGas - Helium, CO2 & N2O Wholesale\"},\"image\":{\"@id\":\"https:\/\/fast-gas.com\/fr-af\/#\/schema\/logo\/image\/\"},\"sameAs\":[\"https:\/\/facebook.com\/wearefastgas\",\"https:\/\/www.youtube.com\/channel\/UCV5w9vrihWFu0yM7SZzQfVQ\/videos\",\"https:\/\/instagram.com\/fastgas.official\"]}]}<\/script>\n<!-- \/ Yoast SEO plugin. -->","yoast_head_json":{"title":"Cr\u00e8me FastGas FastGas","description":"Le FastGas Creamer est un distributeur de protoxyde d'azote innovant, sp\u00e9cialement con\u00e7u pour la pr\u00e9paration de cr\u00e8me fouett\u00e9e, d'espumas pour cocktails, de mousses et de sauces.","robots":{"index":"index","follow":"follow","max-snippet":"max-snippet:-1","max-image-preview":"max-image-preview:large","max-video-preview":"max-video-preview:-1"},"canonical":"https:\/\/fast-gas.com\/fr-af\/product\/fastgas-creamer\/","og_locale":"fr_FR","og_type":"article","og_title":"Cr\u00e8me FastGas FastGas","og_description":"Le FastGas Creamer est un distributeur de protoxyde d'azote innovant, sp\u00e9cialement con\u00e7u pour la pr\u00e9paration de cr\u00e8me fouett\u00e9e, d'espumas pour cocktails, de mousses et de sauces.","og_url":"https:\/\/fast-gas.com\/fr-af\/product\/fastgas-creamer\/","og_site_name":"FastGas","article_publisher":"https:\/\/facebook.com\/wearefastgas","article_modified_time":"2026-04-06T15:07:38+00:00","og_image":[{"width":750,"height":750,"url":"https:\/\/fast-gas.com\/wp-content\/uploads\/2024\/06\/fg-new-branding-670-original.png","type":"image\/png"}],"twitter_card":"summary_large_image","twitter_misc":{"Est. reading time":"1 minute"},"schema":{"@context":"https:\/\/schema.org","@graph":[{"@type":["WebPage","ItemPage"],"@id":"https:\/\/fast-gas.com\/fr-af\/product\/fastgas-creamer\/","url":"https:\/\/fast-gas.com\/fr-af\/product\/fastgas-creamer\/","name":"Cr\u00e8me FastGas FastGas","isPartOf":{"@id":"https:\/\/fast-gas.com\/fr-af\/#website"},"primaryImageOfPage":{"@id":"https:\/\/fast-gas.com\/fr-af\/product\/fastgas-creamer\/#primaryimage"},"image":{"@id":"https:\/\/fast-gas.com\/fr-af\/product\/fastgas-creamer\/#primaryimage"},"thumbnailUrl":"https:\/\/fast-gas.com\/wp-content\/uploads\/2024\/06\/fg-new-branding-670-original.png","datePublished":"2024-06-12T13:25:43+00:00","dateModified":"2026-04-06T15:07:38+00:00","description":"Le FastGas Creamer est un distributeur de protoxyde d'azote innovant, sp\u00e9cialement con\u00e7u pour la pr\u00e9paration de cr\u00e8me fouett\u00e9e, d'espumas pour cocktails, de mousses et de sauces.","breadcrumb":{"@id":"https:\/\/fast-gas.com\/fr-af\/product\/fastgas-creamer\/#breadcrumb"},"inLanguage":"fr","potentialAction":[{"@type":"ReadAction","target":["https:\/\/fast-gas.com\/fr-af\/product\/fastgas-creamer\/"]}]},{"@type":"ImageObject","inLanguage":"fr","@id":"https:\/\/fast-gas.com\/fr-af\/product\/fastgas-creamer\/#primaryimage","url":"https:\/\/fast-gas.com\/wp-content\/uploads\/2024\/06\/fg-new-branding-670-original.png","contentUrl":"https:\/\/fast-gas.com\/wp-content\/uploads\/2024\/06\/fg-new-branding-670-original.png","width":750,"height":750},{"@type":"BreadcrumbList","@id":"https:\/\/fast-gas.com\/fr-af\/product\/fastgas-creamer\/#breadcrumb","itemListElement":[{"@type":"ListItem","position":1,"name":"Home","item":"https:\/\/fast-gas.com\/fr-af\/"},{"@type":"ListItem","position":2,"name":"Cr\u00e8me FastGas"}]},{"@type":"WebSite","@id":"https:\/\/fast-gas.com\/fr-af\/#website","url":"https:\/\/fast-gas.com\/fr-af\/","name":"FastGas","description":"N2O Cream Chargers","publisher":{"@id":"https:\/\/fast-gas.com\/fr-af\/#organization"},"potentialAction":[{"@type":"SearchAction","target":{"@type":"EntryPoint","urlTemplate":"https:\/\/fast-gas.com\/fr-af\/?s={search_term_string}"},"query-input":{"@type":"PropertyValueSpecification","valueRequired":true,"valueName":"search_term_string"}}],"inLanguage":"fr"},{"@type":"Organization","@id":"https:\/\/fast-gas.com\/fr-af\/#organization","name":"FastGas - Helium, CO2 & N2O Wholesale","alternateName":"Fast Gas","url":"https:\/\/fast-gas.com\/fr-af\/","logo":{"@type":"ImageObject","inLanguage":"fr","@id":"https:\/\/fast-gas.com\/fr-af\/#\/schema\/logo\/image\/","url":"https:\/\/fast-gas.com\/wp-content\/uploads\/2025\/03\/cropped-Fastgas-Favicon.png","contentUrl":"https:\/\/fast-gas.com\/wp-content\/uploads\/2025\/03\/cropped-Fastgas-Favicon.png","width":512,"height":512,"caption":"FastGas - Helium, CO2 & N2O Wholesale"},"image":{"@id":"https:\/\/fast-gas.com\/fr-af\/#\/schema\/logo\/image\/"},"sameAs":["https:\/\/facebook.com\/wearefastgas","https:\/\/www.youtube.com\/channel\/UCV5w9vrihWFu0yM7SZzQfVQ\/videos","https:\/\/instagram.com\/fastgas.official"]}]}},"_links":{"self":[{"href":"https:\/\/fast-gas.com\/fr-af\/wp-json\/wp\/v2\/product\/50828","targetHints":{"allow":["GET"]}}],"collection":[{"href":"https:\/\/fast-gas.com\/fr-af\/wp-json\/wp\/v2\/product"}],"about":[{"href":"https:\/\/fast-gas.com\/fr-af\/wp-json\/wp\/v2\/types\/product"}],"wp:featuredmedia":[{"embeddable":true,"href":"https:\/\/fast-gas.com\/fr-af\/wp-json\/wp\/v2\/media\/50827"}],"wp:attachment":[{"href":"https:\/\/fast-gas.com\/fr-af\/wp-json\/wp\/v2\/media?parent=50828"}],"wp:term":[{"taxonomy":"product_brand","embeddable":true,"href":"https:\/\/fast-gas.com\/fr-af\/wp-json\/wp\/v2\/product_brand?post=50828"},{"taxonomy":"product_cat","embeddable":true,"href":"https:\/\/fast-gas.com\/fr-af\/wp-json\/wp\/v2\/product_cat?post=50828"},{"taxonomy":"product_tag","embeddable":true,"href":"https:\/\/fast-gas.com\/fr-af\/wp-json\/wp\/v2\/product_tag?post=50828"}],"curies":[{"name":"wp","href":"https:\/\/api.w.org\/{rel}","templated":true}]}}