{"id":50825,"date":"2025-03-18T13:26:42","date_gmt":"2025-03-18T13:26:42","guid":{"rendered":"https:\/\/fast-gas.com\/product\/cream-syphon\/"},"modified":"2026-04-06T16:56:03","modified_gmt":"2026-04-06T14:56:03","slug":"cream-syphon","status":"publish","type":"product","link":"https:\/\/fast-gas.com\/fr-af\/product\/cream-syphon\/","title":{"rendered":"SIPHON"},"excerpt":{"rendered":"<p>Le siphon \u00e0 cr\u00e8me FastGas est con\u00e7u pour apporter la touche finale \u00e0 vos pr\u00e9parations, qu\u2019il s\u2019agisse de cr\u00e8me fouett\u00e9e, d\u2019espumas ou de mousses en cuisine ou au bar.<\/p>\n<p>Ce siphon \u00e0 cr\u00e8me fouett\u00e9e est compatible avec le FastGas Creamer et le r\u00e9gulateur de pression, ainsi qu\u2019avec la plupart des \u00e9quipements standards utilis\u00e9s dans le secteur HORECA.<\/p>\n<p>Fiable et facile \u00e0 utiliser, ce siphon pour cr\u00e8me fouett\u00e9e garantit des r\u00e9sultats constants, id\u00e9al pour les bars, restaurants et services traiteur en Afrique.<\/p>\n<p>Uniquement adapt\u00e9 aux pr\u00e9parations froides.<\/p>\n","protected":false},"featured_media":50826,"template":"","meta":{"_acf_changed":false},"product_brand":[],"product_cat":[931,932,933],"product_tag":[],"class_list":{"0":"post-50825","1":"product","2":"type-product","3":"status-publish","4":"has-post-thumbnail","6":"product_cat-all","7":"product_cat-cream-chargers","8":"product_cat-nitrous-oxide","10":"first","11":"instock","12":"taxable","13":"shipping-taxable","14":"product-type-simple"},"acf":[],"yoast_head":"<!-- This site is optimized with the Yoast SEO plugin v27.2 - https:\/\/yoast.com\/product\/yoast-seo-wordpress\/ -->\n<title>Siphon FastGas: mousses &amp; cr\u00e8mes chef pro | FastGas<\/title>\n<meta name=\"description\" content=\"Rehaussez vos cr\u00e9ations culinaires ou de bar gr\u00e2ce au siphon \u00e0 cr\u00e8me FastGas, id\u00e9al pour la cr\u00e8me fouett\u00e9e, les mousses et les espumas. \u00c0 utiliser uniquement avec des pr\u00e9parations froides.\" \/>\n<meta name=\"robots\" content=\"index, follow, max-snippet:-1, max-image-preview:large, max-video-preview:-1\" \/>\n<link rel=\"canonical\" href=\"https:\/\/fast-gas.com\/fr-af\/product\/cream-syphon\/\" \/>\n<meta property=\"og:locale\" content=\"fr_FR\" \/>\n<meta property=\"og:type\" content=\"article\" \/>\n<meta property=\"og:title\" content=\"Siphon FastGas: mousses &amp; cr\u00e8mes chef pro | FastGas\" \/>\n<meta property=\"og:description\" content=\"Rehaussez vos cr\u00e9ations culinaires ou de bar gr\u00e2ce au siphon \u00e0 cr\u00e8me FastGas, id\u00e9al pour la cr\u00e8me fouett\u00e9e, les mousses et les espumas. \u00c0 utiliser uniquement avec des pr\u00e9parations froides.\" \/>\n<meta property=\"og:url\" content=\"https:\/\/fast-gas.com\/fr-af\/product\/cream-syphon\/\" \/>\n<meta property=\"og:site_name\" content=\"FastGas\" \/>\n<meta property=\"article:publisher\" content=\"https:\/\/facebook.com\/wearefastgas\" \/>\n<meta property=\"article:modified_time\" content=\"2026-04-06T14:56:03+00:00\" \/>\n<meta property=\"og:image\" content=\"https:\/\/fast-gas.com\/wp-content\/uploads\/2025\/03\/3.png\" \/>\n\t<meta property=\"og:image:width\" content=\"750\" \/>\n\t<meta property=\"og:image:height\" content=\"750\" \/>\n\t<meta property=\"og:image:type\" content=\"image\/png\" \/>\n<meta name=\"twitter:card\" content=\"summary_large_image\" \/>\n<meta name=\"twitter:label1\" content=\"Est. reading time\" \/>\n\t<meta name=\"twitter:data1\" content=\"1 minute\" \/>\n<script type=\"application\/ld+json\" class=\"yoast-schema-graph\">{\"@context\":\"https:\/\/schema.org\",\"@graph\":[{\"@type\":[\"WebPage\",\"ItemPage\"],\"@id\":\"https:\/\/fast-gas.com\/fr-af\/product\/cream-syphon\/\",\"url\":\"https:\/\/fast-gas.com\/fr-af\/product\/cream-syphon\/\",\"name\":\"Siphon FastGas: mousses & cr\u00e8mes chef pro | FastGas\",\"isPartOf\":{\"@id\":\"https:\/\/fast-gas.com\/fr-af\/#website\"},\"primaryImageOfPage\":{\"@id\":\"https:\/\/fast-gas.com\/fr-af\/product\/cream-syphon\/#primaryimage\"},\"image\":{\"@id\":\"https:\/\/fast-gas.com\/fr-af\/product\/cream-syphon\/#primaryimage\"},\"thumbnailUrl\":\"https:\/\/fast-gas.com\/wp-content\/uploads\/2025\/03\/3.png\",\"datePublished\":\"2025-03-18T13:26:42+00:00\",\"dateModified\":\"2026-04-06T14:56:03+00:00\",\"description\":\"Rehaussez vos cr\u00e9ations culinaires ou de bar gr\u00e2ce au siphon \u00e0 cr\u00e8me FastGas, id\u00e9al pour la cr\u00e8me fouett\u00e9e, les mousses et les espumas. \u00c0 utiliser uniquement avec des pr\u00e9parations froides.\",\"breadcrumb\":{\"@id\":\"https:\/\/fast-gas.com\/fr-af\/product\/cream-syphon\/#breadcrumb\"},\"inLanguage\":\"fr\",\"potentialAction\":[{\"@type\":\"ReadAction\",\"target\":[\"https:\/\/fast-gas.com\/fr-af\/product\/cream-syphon\/\"]}]},{\"@type\":\"ImageObject\",\"inLanguage\":\"fr\",\"@id\":\"https:\/\/fast-gas.com\/fr-af\/product\/cream-syphon\/#primaryimage\",\"url\":\"https:\/\/fast-gas.com\/wp-content\/uploads\/2025\/03\/3.png\",\"contentUrl\":\"https:\/\/fast-gas.com\/wp-content\/uploads\/2025\/03\/3.png\",\"width\":750,\"height\":750},{\"@type\":\"BreadcrumbList\",\"@id\":\"https:\/\/fast-gas.com\/fr-af\/product\/cream-syphon\/#breadcrumb\",\"itemListElement\":[{\"@type\":\"ListItem\",\"position\":1,\"name\":\"Home\",\"item\":\"https:\/\/fast-gas.com\/fr-af\/\"},{\"@type\":\"ListItem\",\"position\":2,\"name\":\"SIPHON\"}]},{\"@type\":\"WebSite\",\"@id\":\"https:\/\/fast-gas.com\/fr-af\/#website\",\"url\":\"https:\/\/fast-gas.com\/fr-af\/\",\"name\":\"FastGas\",\"description\":\"N2O Cream Chargers\",\"publisher\":{\"@id\":\"https:\/\/fast-gas.com\/fr-af\/#organization\"},\"potentialAction\":[{\"@type\":\"SearchAction\",\"target\":{\"@type\":\"EntryPoint\",\"urlTemplate\":\"https:\/\/fast-gas.com\/fr-af\/?s={search_term_string}\"},\"query-input\":{\"@type\":\"PropertyValueSpecification\",\"valueRequired\":true,\"valueName\":\"search_term_string\"}}],\"inLanguage\":\"fr\"},{\"@type\":\"Organization\",\"@id\":\"https:\/\/fast-gas.com\/fr-af\/#organization\",\"name\":\"FastGas - Helium, CO2 & N2O Wholesale\",\"alternateName\":\"Fast Gas\",\"url\":\"https:\/\/fast-gas.com\/fr-af\/\",\"logo\":{\"@type\":\"ImageObject\",\"inLanguage\":\"fr\",\"@id\":\"https:\/\/fast-gas.com\/fr-af\/#\/schema\/logo\/image\/\",\"url\":\"https:\/\/fast-gas.com\/wp-content\/uploads\/2025\/03\/cropped-Fastgas-Favicon.png\",\"contentUrl\":\"https:\/\/fast-gas.com\/wp-content\/uploads\/2025\/03\/cropped-Fastgas-Favicon.png\",\"width\":512,\"height\":512,\"caption\":\"FastGas - Helium, CO2 & N2O Wholesale\"},\"image\":{\"@id\":\"https:\/\/fast-gas.com\/fr-af\/#\/schema\/logo\/image\/\"},\"sameAs\":[\"https:\/\/facebook.com\/wearefastgas\",\"https:\/\/www.youtube.com\/channel\/UCV5w9vrihWFu0yM7SZzQfVQ\/videos\",\"https:\/\/instagram.com\/fastgas.official\"]}]}<\/script>\n<!-- \/ Yoast SEO plugin. -->","yoast_head_json":{"title":"Siphon FastGas: mousses & cr\u00e8mes chef pro | FastGas","description":"Rehaussez vos cr\u00e9ations culinaires ou de bar gr\u00e2ce au siphon \u00e0 cr\u00e8me FastGas, id\u00e9al pour la cr\u00e8me fouett\u00e9e, les mousses et les espumas. \u00c0 utiliser uniquement avec des pr\u00e9parations froides.","robots":{"index":"index","follow":"follow","max-snippet":"max-snippet:-1","max-image-preview":"max-image-preview:large","max-video-preview":"max-video-preview:-1"},"canonical":"https:\/\/fast-gas.com\/fr-af\/product\/cream-syphon\/","og_locale":"fr_FR","og_type":"article","og_title":"Siphon FastGas: mousses & cr\u00e8mes chef pro | FastGas","og_description":"Rehaussez vos cr\u00e9ations culinaires ou de bar gr\u00e2ce au siphon \u00e0 cr\u00e8me FastGas, id\u00e9al pour la cr\u00e8me fouett\u00e9e, les mousses et les espumas. \u00c0 utiliser uniquement avec des pr\u00e9parations froides.","og_url":"https:\/\/fast-gas.com\/fr-af\/product\/cream-syphon\/","og_site_name":"FastGas","article_publisher":"https:\/\/facebook.com\/wearefastgas","article_modified_time":"2026-04-06T14:56:03+00:00","og_image":[{"width":750,"height":750,"url":"https:\/\/fast-gas.com\/wp-content\/uploads\/2025\/03\/3.png","type":"image\/png"}],"twitter_card":"summary_large_image","twitter_misc":{"Est. reading time":"1 minute"},"schema":{"@context":"https:\/\/schema.org","@graph":[{"@type":["WebPage","ItemPage"],"@id":"https:\/\/fast-gas.com\/fr-af\/product\/cream-syphon\/","url":"https:\/\/fast-gas.com\/fr-af\/product\/cream-syphon\/","name":"Siphon FastGas: mousses & cr\u00e8mes chef pro | FastGas","isPartOf":{"@id":"https:\/\/fast-gas.com\/fr-af\/#website"},"primaryImageOfPage":{"@id":"https:\/\/fast-gas.com\/fr-af\/product\/cream-syphon\/#primaryimage"},"image":{"@id":"https:\/\/fast-gas.com\/fr-af\/product\/cream-syphon\/#primaryimage"},"thumbnailUrl":"https:\/\/fast-gas.com\/wp-content\/uploads\/2025\/03\/3.png","datePublished":"2025-03-18T13:26:42+00:00","dateModified":"2026-04-06T14:56:03+00:00","description":"Rehaussez vos cr\u00e9ations culinaires ou de bar gr\u00e2ce au siphon \u00e0 cr\u00e8me FastGas, id\u00e9al pour la cr\u00e8me fouett\u00e9e, les mousses et les espumas. \u00c0 utiliser uniquement avec des pr\u00e9parations froides.","breadcrumb":{"@id":"https:\/\/fast-gas.com\/fr-af\/product\/cream-syphon\/#breadcrumb"},"inLanguage":"fr","potentialAction":[{"@type":"ReadAction","target":["https:\/\/fast-gas.com\/fr-af\/product\/cream-syphon\/"]}]},{"@type":"ImageObject","inLanguage":"fr","@id":"https:\/\/fast-gas.com\/fr-af\/product\/cream-syphon\/#primaryimage","url":"https:\/\/fast-gas.com\/wp-content\/uploads\/2025\/03\/3.png","contentUrl":"https:\/\/fast-gas.com\/wp-content\/uploads\/2025\/03\/3.png","width":750,"height":750},{"@type":"BreadcrumbList","@id":"https:\/\/fast-gas.com\/fr-af\/product\/cream-syphon\/#breadcrumb","itemListElement":[{"@type":"ListItem","position":1,"name":"Home","item":"https:\/\/fast-gas.com\/fr-af\/"},{"@type":"ListItem","position":2,"name":"SIPHON"}]},{"@type":"WebSite","@id":"https:\/\/fast-gas.com\/fr-af\/#website","url":"https:\/\/fast-gas.com\/fr-af\/","name":"FastGas","description":"N2O Cream Chargers","publisher":{"@id":"https:\/\/fast-gas.com\/fr-af\/#organization"},"potentialAction":[{"@type":"SearchAction","target":{"@type":"EntryPoint","urlTemplate":"https:\/\/fast-gas.com\/fr-af\/?s={search_term_string}"},"query-input":{"@type":"PropertyValueSpecification","valueRequired":true,"valueName":"search_term_string"}}],"inLanguage":"fr"},{"@type":"Organization","@id":"https:\/\/fast-gas.com\/fr-af\/#organization","name":"FastGas - Helium, CO2 & N2O Wholesale","alternateName":"Fast Gas","url":"https:\/\/fast-gas.com\/fr-af\/","logo":{"@type":"ImageObject","inLanguage":"fr","@id":"https:\/\/fast-gas.com\/fr-af\/#\/schema\/logo\/image\/","url":"https:\/\/fast-gas.com\/wp-content\/uploads\/2025\/03\/cropped-Fastgas-Favicon.png","contentUrl":"https:\/\/fast-gas.com\/wp-content\/uploads\/2025\/03\/cropped-Fastgas-Favicon.png","width":512,"height":512,"caption":"FastGas - Helium, CO2 & N2O Wholesale"},"image":{"@id":"https:\/\/fast-gas.com\/fr-af\/#\/schema\/logo\/image\/"},"sameAs":["https:\/\/facebook.com\/wearefastgas","https:\/\/www.youtube.com\/channel\/UCV5w9vrihWFu0yM7SZzQfVQ\/videos","https:\/\/instagram.com\/fastgas.official"]}]}},"_links":{"self":[{"href":"https:\/\/fast-gas.com\/fr-af\/wp-json\/wp\/v2\/product\/50825","targetHints":{"allow":["GET"]}}],"collection":[{"href":"https:\/\/fast-gas.com\/fr-af\/wp-json\/wp\/v2\/product"}],"about":[{"href":"https:\/\/fast-gas.com\/fr-af\/wp-json\/wp\/v2\/types\/product"}],"wp:featuredmedia":[{"embeddable":true,"href":"https:\/\/fast-gas.com\/fr-af\/wp-json\/wp\/v2\/media\/50826"}],"wp:attachment":[{"href":"https:\/\/fast-gas.com\/fr-af\/wp-json\/wp\/v2\/media?parent=50825"}],"wp:term":[{"taxonomy":"product_brand","embeddable":true,"href":"https:\/\/fast-gas.com\/fr-af\/wp-json\/wp\/v2\/product_brand?post=50825"},{"taxonomy":"product_cat","embeddable":true,"href":"https:\/\/fast-gas.com\/fr-af\/wp-json\/wp\/v2\/product_cat?post=50825"},{"taxonomy":"product_tag","embeddable":true,"href":"https:\/\/fast-gas.com\/fr-af\/wp-json\/wp\/v2\/product_tag?post=50825"}],"curies":[{"name":"wp","href":"https:\/\/api.w.org\/{rel}","templated":true}]}}