{"id":50820,"date":"2025-03-18T13:32:53","date_gmt":"2025-03-18T13:32:53","guid":{"rendered":"https:\/\/fast-gas.com\/product\/pressure-regulator\/"},"modified":"2026-04-06T16:54:44","modified_gmt":"2026-04-06T14:54:44","slug":"pressure-regulator","status":"publish","type":"product","link":"https:\/\/fast-gas.com\/fr-af\/product\/pressure-regulator\/","title":{"rendered":"R\u00e9gulateur de pression"},"excerpt":{"rendered":"<p>Les r\u00e9gulateurs de pression FastGas offrent une solution fiable et simple d\u2019utilisation pour charger les siphons \u00e0 cr\u00e8me et les siphons \u00e0 soda. Compatibles avec la plupart des bouteilles de protoxyde d\u2019azote et des cylindres de CO\u2082, ils assurent une performance fluide et constante dans diverses applications.<\/p>\n<p><strong>Description<\/strong><\/p>\n<p>Con\u00e7u pour une utilisation efficace et continue, ce r\u00e9gulateur de pression pour cr\u00e8me fouett\u00e9e est id\u00e9al pour les environnements \u00e0 forte activit\u00e9 comme les bars, cuisines professionnelles, caf\u00e9s et services traiteur \u00e0 travers l\u2019Afrique. Il convient \u00e9galement aux particuliers qui pr\u00e9parent de grandes quantit\u00e9s de cr\u00e8me fouett\u00e9e.<\/p>\n<p>Cette vanne r\u00e9gulatrice de pression pour cr\u00e8me fouett\u00e9e est particuli\u00e8rement adapt\u00e9e aux cylindres de grande capacit\u00e9 (2L et 3L), lorsque la Creamer Machine n\u2019est pas disponible. Elle permet un fonctionnement fluide et sans interruption, contrairement aux cartouches traditionnelles de 8g qui n\u00e9cessitent des remplacements fr\u00e9quents et ralentissent le travail.<\/p>\n","protected":false},"featured_media":50821,"template":"","meta":{"_acf_changed":false},"product_brand":[],"product_cat":[931,932,933],"product_tag":[],"class_list":{"0":"post-50820","1":"product","2":"type-product","3":"status-publish","4":"has-post-thumbnail","6":"product_cat-all","7":"product_cat-cream-chargers","8":"product_cat-nitrous-oxide","10":"first","11":"instock","12":"taxable","13":"shipping-taxable","14":"product-type-simple"},"acf":[],"yoast_head":"<!-- This site is optimized with the Yoast SEO plugin v27.2 - https:\/\/yoast.com\/product\/yoast-seo-wordpress\/ -->\n<title>FastGas Pressure Regulator: Control Your Cream Charger Pressure | FastGas<\/title>\n<meta name=\"description\" content=\"Measure cream charger pressure and reduce waste with the FastGas pressure regulator. Achieve consistent, optimal results every time.\" \/>\n<meta name=\"robots\" content=\"index, follow, max-snippet:-1, max-image-preview:large, max-video-preview:-1\" \/>\n<link rel=\"canonical\" href=\"https:\/\/fast-gas.com\/fr-af\/product\/pressure-regulator\/\" \/>\n<meta property=\"og:locale\" content=\"fr_FR\" \/>\n<meta property=\"og:type\" content=\"article\" \/>\n<meta property=\"og:title\" content=\"FastGas Pressure Regulator: Control Your Cream Charger Pressure | FastGas\" \/>\n<meta property=\"og:description\" content=\"Measure cream charger pressure and reduce waste with the FastGas pressure regulator. Achieve consistent, optimal results every time.\" \/>\n<meta property=\"og:url\" content=\"https:\/\/fast-gas.com\/fr-af\/product\/pressure-regulator\/\" \/>\n<meta property=\"og:site_name\" content=\"FastGas\" \/>\n<meta property=\"article:publisher\" content=\"https:\/\/facebook.com\/wearefastgas\" \/>\n<meta property=\"article:modified_time\" content=\"2026-04-06T14:54:44+00:00\" \/>\n<meta property=\"og:image\" content=\"https:\/\/fast-gas.com\/wp-content\/uploads\/2025\/03\/Pressure-Regulator-transparent.png\" \/>\n\t<meta property=\"og:image:width\" content=\"1000\" \/>\n\t<meta property=\"og:image:height\" content=\"1000\" \/>\n\t<meta property=\"og:image:type\" content=\"image\/png\" \/>\n<meta name=\"twitter:card\" content=\"summary_large_image\" \/>\n<meta name=\"twitter:label1\" content=\"Est. reading time\" \/>\n\t<meta name=\"twitter:data1\" content=\"1 minute\" \/>\n<script type=\"application\/ld+json\" class=\"yoast-schema-graph\">{\"@context\":\"https:\/\/schema.org\",\"@graph\":[{\"@type\":[\"WebPage\",\"ItemPage\"],\"@id\":\"https:\/\/fast-gas.com\/fr-af\/product\/pressure-regulator\/\",\"url\":\"https:\/\/fast-gas.com\/fr-af\/product\/pressure-regulator\/\",\"name\":\"FastGas Pressure Regulator: Control Your Cream Charger Pressure | FastGas\",\"isPartOf\":{\"@id\":\"https:\/\/fast-gas.com\/fr-af\/#website\"},\"primaryImageOfPage\":{\"@id\":\"https:\/\/fast-gas.com\/fr-af\/product\/pressure-regulator\/#primaryimage\"},\"image\":{\"@id\":\"https:\/\/fast-gas.com\/fr-af\/product\/pressure-regulator\/#primaryimage\"},\"thumbnailUrl\":\"https:\/\/fast-gas.com\/wp-content\/uploads\/2025\/03\/Pressure-Regulator-transparent.png\",\"datePublished\":\"2025-03-18T13:32:53+00:00\",\"dateModified\":\"2026-04-06T14:54:44+00:00\",\"description\":\"Measure cream charger pressure and reduce waste with the FastGas pressure regulator. Achieve consistent, optimal results every time.\",\"breadcrumb\":{\"@id\":\"https:\/\/fast-gas.com\/fr-af\/product\/pressure-regulator\/#breadcrumb\"},\"inLanguage\":\"fr\",\"potentialAction\":[{\"@type\":\"ReadAction\",\"target\":[\"https:\/\/fast-gas.com\/fr-af\/product\/pressure-regulator\/\"]}]},{\"@type\":\"ImageObject\",\"inLanguage\":\"fr\",\"@id\":\"https:\/\/fast-gas.com\/fr-af\/product\/pressure-regulator\/#primaryimage\",\"url\":\"https:\/\/fast-gas.com\/wp-content\/uploads\/2025\/03\/Pressure-Regulator-transparent.png\",\"contentUrl\":\"https:\/\/fast-gas.com\/wp-content\/uploads\/2025\/03\/Pressure-Regulator-transparent.png\",\"width\":1000,\"height\":1000},{\"@type\":\"BreadcrumbList\",\"@id\":\"https:\/\/fast-gas.com\/fr-af\/product\/pressure-regulator\/#breadcrumb\",\"itemListElement\":[{\"@type\":\"ListItem\",\"position\":1,\"name\":\"Home\",\"item\":\"https:\/\/fast-gas.com\/fr-af\/\"},{\"@type\":\"ListItem\",\"position\":2,\"name\":\"R\u00e9gulateur de pression\"}]},{\"@type\":\"WebSite\",\"@id\":\"https:\/\/fast-gas.com\/fr-af\/#website\",\"url\":\"https:\/\/fast-gas.com\/fr-af\/\",\"name\":\"FastGas\",\"description\":\"N2O Cream Chargers\",\"publisher\":{\"@id\":\"https:\/\/fast-gas.com\/fr-af\/#organization\"},\"potentialAction\":[{\"@type\":\"SearchAction\",\"target\":{\"@type\":\"EntryPoint\",\"urlTemplate\":\"https:\/\/fast-gas.com\/fr-af\/?s={search_term_string}\"},\"query-input\":{\"@type\":\"PropertyValueSpecification\",\"valueRequired\":true,\"valueName\":\"search_term_string\"}}],\"inLanguage\":\"fr\"},{\"@type\":\"Organization\",\"@id\":\"https:\/\/fast-gas.com\/fr-af\/#organization\",\"name\":\"FastGas - Helium, CO2 & N2O Wholesale\",\"alternateName\":\"Fast Gas\",\"url\":\"https:\/\/fast-gas.com\/fr-af\/\",\"logo\":{\"@type\":\"ImageObject\",\"inLanguage\":\"fr\",\"@id\":\"https:\/\/fast-gas.com\/fr-af\/#\/schema\/logo\/image\/\",\"url\":\"https:\/\/fast-gas.com\/wp-content\/uploads\/2025\/03\/cropped-Fastgas-Favicon.png\",\"contentUrl\":\"https:\/\/fast-gas.com\/wp-content\/uploads\/2025\/03\/cropped-Fastgas-Favicon.png\",\"width\":512,\"height\":512,\"caption\":\"FastGas - Helium, CO2 & N2O Wholesale\"},\"image\":{\"@id\":\"https:\/\/fast-gas.com\/fr-af\/#\/schema\/logo\/image\/\"},\"sameAs\":[\"https:\/\/facebook.com\/wearefastgas\",\"https:\/\/www.youtube.com\/channel\/UCV5w9vrihWFu0yM7SZzQfVQ\/videos\",\"https:\/\/instagram.com\/fastgas.official\"]}]}<\/script>\n<!-- \/ Yoast SEO plugin. -->","yoast_head_json":{"title":"FastGas Pressure Regulator: Control Your Cream Charger Pressure | FastGas","description":"Measure cream charger pressure and reduce waste with the FastGas pressure regulator. Achieve consistent, optimal results every time.","robots":{"index":"index","follow":"follow","max-snippet":"max-snippet:-1","max-image-preview":"max-image-preview:large","max-video-preview":"max-video-preview:-1"},"canonical":"https:\/\/fast-gas.com\/fr-af\/product\/pressure-regulator\/","og_locale":"fr_FR","og_type":"article","og_title":"FastGas Pressure Regulator: Control Your Cream Charger Pressure | FastGas","og_description":"Measure cream charger pressure and reduce waste with the FastGas pressure regulator. Achieve consistent, optimal results every time.","og_url":"https:\/\/fast-gas.com\/fr-af\/product\/pressure-regulator\/","og_site_name":"FastGas","article_publisher":"https:\/\/facebook.com\/wearefastgas","article_modified_time":"2026-04-06T14:54:44+00:00","og_image":[{"width":1000,"height":1000,"url":"https:\/\/fast-gas.com\/wp-content\/uploads\/2025\/03\/Pressure-Regulator-transparent.png","type":"image\/png"}],"twitter_card":"summary_large_image","twitter_misc":{"Est. reading time":"1 minute"},"schema":{"@context":"https:\/\/schema.org","@graph":[{"@type":["WebPage","ItemPage"],"@id":"https:\/\/fast-gas.com\/fr-af\/product\/pressure-regulator\/","url":"https:\/\/fast-gas.com\/fr-af\/product\/pressure-regulator\/","name":"FastGas Pressure Regulator: Control Your Cream Charger Pressure | FastGas","isPartOf":{"@id":"https:\/\/fast-gas.com\/fr-af\/#website"},"primaryImageOfPage":{"@id":"https:\/\/fast-gas.com\/fr-af\/product\/pressure-regulator\/#primaryimage"},"image":{"@id":"https:\/\/fast-gas.com\/fr-af\/product\/pressure-regulator\/#primaryimage"},"thumbnailUrl":"https:\/\/fast-gas.com\/wp-content\/uploads\/2025\/03\/Pressure-Regulator-transparent.png","datePublished":"2025-03-18T13:32:53+00:00","dateModified":"2026-04-06T14:54:44+00:00","description":"Measure cream charger pressure and reduce waste with the FastGas pressure regulator. Achieve consistent, optimal results every time.","breadcrumb":{"@id":"https:\/\/fast-gas.com\/fr-af\/product\/pressure-regulator\/#breadcrumb"},"inLanguage":"fr","potentialAction":[{"@type":"ReadAction","target":["https:\/\/fast-gas.com\/fr-af\/product\/pressure-regulator\/"]}]},{"@type":"ImageObject","inLanguage":"fr","@id":"https:\/\/fast-gas.com\/fr-af\/product\/pressure-regulator\/#primaryimage","url":"https:\/\/fast-gas.com\/wp-content\/uploads\/2025\/03\/Pressure-Regulator-transparent.png","contentUrl":"https:\/\/fast-gas.com\/wp-content\/uploads\/2025\/03\/Pressure-Regulator-transparent.png","width":1000,"height":1000},{"@type":"BreadcrumbList","@id":"https:\/\/fast-gas.com\/fr-af\/product\/pressure-regulator\/#breadcrumb","itemListElement":[{"@type":"ListItem","position":1,"name":"Home","item":"https:\/\/fast-gas.com\/fr-af\/"},{"@type":"ListItem","position":2,"name":"R\u00e9gulateur de pression"}]},{"@type":"WebSite","@id":"https:\/\/fast-gas.com\/fr-af\/#website","url":"https:\/\/fast-gas.com\/fr-af\/","name":"FastGas","description":"N2O Cream Chargers","publisher":{"@id":"https:\/\/fast-gas.com\/fr-af\/#organization"},"potentialAction":[{"@type":"SearchAction","target":{"@type":"EntryPoint","urlTemplate":"https:\/\/fast-gas.com\/fr-af\/?s={search_term_string}"},"query-input":{"@type":"PropertyValueSpecification","valueRequired":true,"valueName":"search_term_string"}}],"inLanguage":"fr"},{"@type":"Organization","@id":"https:\/\/fast-gas.com\/fr-af\/#organization","name":"FastGas - Helium, CO2 & N2O Wholesale","alternateName":"Fast Gas","url":"https:\/\/fast-gas.com\/fr-af\/","logo":{"@type":"ImageObject","inLanguage":"fr","@id":"https:\/\/fast-gas.com\/fr-af\/#\/schema\/logo\/image\/","url":"https:\/\/fast-gas.com\/wp-content\/uploads\/2025\/03\/cropped-Fastgas-Favicon.png","contentUrl":"https:\/\/fast-gas.com\/wp-content\/uploads\/2025\/03\/cropped-Fastgas-Favicon.png","width":512,"height":512,"caption":"FastGas - Helium, CO2 & N2O Wholesale"},"image":{"@id":"https:\/\/fast-gas.com\/fr-af\/#\/schema\/logo\/image\/"},"sameAs":["https:\/\/facebook.com\/wearefastgas","https:\/\/www.youtube.com\/channel\/UCV5w9vrihWFu0yM7SZzQfVQ\/videos","https:\/\/instagram.com\/fastgas.official"]}]}},"_links":{"self":[{"href":"https:\/\/fast-gas.com\/fr-af\/wp-json\/wp\/v2\/product\/50820","targetHints":{"allow":["GET"]}}],"collection":[{"href":"https:\/\/fast-gas.com\/fr-af\/wp-json\/wp\/v2\/product"}],"about":[{"href":"https:\/\/fast-gas.com\/fr-af\/wp-json\/wp\/v2\/types\/product"}],"wp:featuredmedia":[{"embeddable":true,"href":"https:\/\/fast-gas.com\/fr-af\/wp-json\/wp\/v2\/media\/50821"}],"wp:attachment":[{"href":"https:\/\/fast-gas.com\/fr-af\/wp-json\/wp\/v2\/media?parent=50820"}],"wp:term":[{"taxonomy":"product_brand","embeddable":true,"href":"https:\/\/fast-gas.com\/fr-af\/wp-json\/wp\/v2\/product_brand?post=50820"},{"taxonomy":"product_cat","embeddable":true,"href":"https:\/\/fast-gas.com\/fr-af\/wp-json\/wp\/v2\/product_cat?post=50820"},{"taxonomy":"product_tag","embeddable":true,"href":"https:\/\/fast-gas.com\/fr-af\/wp-json\/wp\/v2\/product_tag?post=50820"}],"curies":[{"name":"wp","href":"https:\/\/api.w.org\/{rel}","templated":true}]}}