{"id":50814,"date":"2022-01-24T10:36:38","date_gmt":"2022-01-24T09:36:38","guid":{"rendered":"https:\/\/fast-gas.com\/how-to-use-cream-cartridges\/"},"modified":"2026-03-31T11:03:41","modified_gmt":"2026-03-31T09:03:41","slug":"how-to-use-cream-cartridges","status":"publish","type":"page","link":"https:\/\/fast-gas.com\/fr-af\/how-to-use-cream-cartridges\/","title":{"rendered":"Comment utiliser les cartouches de cr\u00e8me"},"content":{"rendered":"<h1><strong>Comment utiliser les cartouches de cr\u00e8me Fast Gas<\/strong><\/h1>\n<p>Les cartouches de protoxyde d\u2019azote doivent \u00eatre utilis\u00e9es uniquement pour pr\u00e9parer de la cr\u00e8me fouett\u00e9e, des desserts, des mousses et pour am\u00e9liorer certaines sauces.<\/p>\n<p>Il est interdit d\u2019inhaler les cartouches de N2O. Toutes les cartouches fonctionnent sur le m\u00eame principe, avec de la pression. Selon le niveau de pression, vous pouvez obtenir diff\u00e9rentes textures de cr\u00e8me en cuisine.<\/p>\n<h2><strong>Ouverture des cartouches \u2013 comment faire ?<\/strong><\/h2>\n<p>Pour la pr\u00e9paration de cr\u00e8me fouett\u00e9e, la plupart des cartouches sont adapt\u00e9es. Elles peuvent \u00eatre achet\u00e9es en ligne ou en magasin.<\/p>\n<p>Il est important de ne jamais essayer d\u2019ouvrir une cartouche de cr\u00e8me ou une cartouche N2O. Elles doivent toujours rester ferm\u00e9es et \u00eatre utilis\u00e9es uniquement avec un siphon adapt\u00e9. Seul le fabricant est autoris\u00e9 \u00e0 les manipuler directement.<\/p>\n<p>Le protoxyde d\u2019azote est destin\u00e9 uniquement \u00e0 la pr\u00e9paration de desserts et de cr\u00e8me fouett\u00e9e.<\/p>\n<h3><strong>Contenu des cartouches de cr\u00e8me<\/strong><\/h3>\n<p>Le gaz contenu dans les cartouches sert uniquement \u00e0 cr\u00e9er de la pression pour transformer la cr\u00e8me en mousse. Il permet d\u2019obtenir une cr\u00e8me fouett\u00e9e parfaite pour vos desserts.<\/p>\n<p>Les cartouches sont de plus en plus utilis\u00e9es, aussi bien en cuisine professionnelle qu\u2019\u00e0 la maison.<\/p>\n<p>Avec un siphon, la cr\u00e8me est appliqu\u00e9e de mani\u00e8re pr\u00e9cise et professionnelle sur les desserts et cocktails. Le r\u00e9sultat est une mousse l\u00e9g\u00e8re, savoureuse et naturelle.<\/p>\n<p>Aujourd\u2019hui, il existe plusieurs saveurs pour varier les plaisirs. Une fois les cartouches vides, elles doivent \u00eatre remplac\u00e9es pour continuer l\u2019utilisation.<\/p>\n<p>Vos invit\u00e9s seront impressionn\u00e9s par la qualit\u00e9 et le go\u00fbt de la cr\u00e8me. Elle est aussi agr\u00e9able \u00e0 voir qu\u2019\u00e0 d\u00e9guster, que vous aimiez les desserts tr\u00e8s sucr\u00e9s ou plus l\u00e9gers.<\/p>\n<p><strong>D\u00e9couvrez tous les avantages des cartouches N2O et leurs meilleures utilisations !<\/strong><\/p>\n","protected":false},"excerpt":{"rendered":"<p>Comment utiliser les cartouches de cr\u00e8me Fast Gas Les cartouches de protoxyde d\u2019azote doivent \u00eatre utilis\u00e9es uniquement pour pr\u00e9parer de la cr\u00e8me fouett\u00e9e, des desserts, des mousses et pour am\u00e9liorer certaines sauces. Il est interdit d\u2019inhaler les cartouches de N2O. Toutes les cartouches fonctionnent sur le m\u00eame principe, avec de la pression. Selon le niveau [&hellip;]<\/p>\n","protected":false},"author":5216,"featured_media":50815,"parent":0,"menu_order":0,"comment_status":"closed","ping_status":"closed","template":"","meta":{"_acf_changed":false,"footnotes":""},"class_list":["post-50814","page","type-page","status-publish","has-post-thumbnail","hentry"],"acf":[],"yoast_head":"<!-- This site is optimized with the Yoast SEO plugin v27.4 - https:\/\/yoast.com\/product\/yoast-seo-wordpress\/ -->\n<title>Comment utiliser les cartouches de cr\u00e8me fouett\u00e9e ? | Fast Gas<\/title>\n<meta name=\"description\" content=\"Les cartouches \u00e0 cr\u00e8me sont des alli\u00e9s indispensables en cuisine. L&#039;utilisation d&#039;un siphon \u00e0 cr\u00e8me n&#039;a rien de compliqu\u00e9 et repose toujours sur le m\u00eame principe.\" \/>\n<meta name=\"robots\" content=\"index, follow, max-snippet:-1, max-image-preview:large, max-video-preview:-1\" \/>\n<link rel=\"canonical\" href=\"https:\/\/fast-gas.com\/fr-af\/how-to-use-cream-cartridges\/\" \/>\n<meta property=\"og:locale\" content=\"fr_FR\" \/>\n<meta property=\"og:type\" content=\"article\" \/>\n<meta property=\"og:title\" content=\"Comment utiliser les cartouches de cr\u00e8me fouett\u00e9e ? | Fast Gas\" \/>\n<meta property=\"og:description\" content=\"Les cartouches \u00e0 cr\u00e8me sont des alli\u00e9s indispensables en cuisine. L&#039;utilisation d&#039;un siphon \u00e0 cr\u00e8me n&#039;a rien de compliqu\u00e9 et repose toujours sur le m\u00eame principe.\" \/>\n<meta property=\"og:url\" content=\"https:\/\/fast-gas.com\/fr-af\/how-to-use-cream-cartridges\/\" \/>\n<meta property=\"og:site_name\" content=\"FastGas\" \/>\n<meta property=\"article:publisher\" content=\"https:\/\/facebook.com\/wearefastgas\" \/>\n<meta property=\"article:modified_time\" content=\"2026-03-31T09:03:41+00:00\" \/>\n<meta property=\"og:image\" content=\"https:\/\/fast-gas.com\/wp-content\/uploads\/2022\/01\/Schermafbeelding-2022-01-26-om-13.03.00.png\" \/>\n\t<meta property=\"og:image:width\" content=\"2356\" \/>\n\t<meta property=\"og:image:height\" content=\"1254\" \/>\n\t<meta property=\"og:image:type\" content=\"image\/png\" \/>\n<meta name=\"twitter:card\" content=\"summary_large_image\" \/>\n<meta name=\"twitter:label1\" content=\"Est. reading time\" \/>\n\t<meta name=\"twitter:data1\" content=\"2 minutes\" \/>\n<script type=\"application\/ld+json\" class=\"yoast-schema-graph\">{\"@context\":\"https:\\\/\\\/schema.org\",\"@graph\":[{\"@type\":[\"Article\",\"BlogPosting\"],\"@id\":\"https:\\\/\\\/fast-gas.com\\\/fr-af\\\/how-to-use-cream-cartridges\\\/#article\",\"isPartOf\":{\"@id\":\"https:\\\/\\\/fast-gas.com\\\/fr-af\\\/how-to-use-cream-cartridges\\\/\"},\"author\":{\"name\":\"Bro FastGas\",\"@id\":\"https:\\\/\\\/fast-gas.com\\\/fr-af\\\/#\\\/schema\\\/person\\\/4b3a9beffb469faf985fef2c2b684689\"},\"headline\":\"Comment utiliser les cartouches de cr\u00e8me\",\"datePublished\":\"2022-01-24T09:36:38+00:00\",\"dateModified\":\"2026-03-31T09:03:41+00:00\",\"mainEntityOfPage\":{\"@id\":\"https:\\\/\\\/fast-gas.com\\\/fr-af\\\/how-to-use-cream-cartridges\\\/\"},\"wordCount\":341,\"publisher\":{\"@id\":\"https:\\\/\\\/fast-gas.com\\\/fr-af\\\/#organization\"},\"image\":{\"@id\":\"https:\\\/\\\/fast-gas.com\\\/fr-af\\\/how-to-use-cream-cartridges\\\/#primaryimage\"},\"thumbnailUrl\":\"https:\\\/\\\/fast-gas.com\\\/wp-content\\\/uploads\\\/2022\\\/01\\\/Schermafbeelding-2022-01-26-om-13.03.00.png\",\"inLanguage\":\"fr\"},{\"@type\":\"WebPage\",\"@id\":\"https:\\\/\\\/fast-gas.com\\\/fr-af\\\/how-to-use-cream-cartridges\\\/\",\"url\":\"https:\\\/\\\/fast-gas.com\\\/fr-af\\\/how-to-use-cream-cartridges\\\/\",\"name\":\"Comment utiliser les cartouches de cr\u00e8me fouett\u00e9e ? | Fast Gas\",\"isPartOf\":{\"@id\":\"https:\\\/\\\/fast-gas.com\\\/fr-af\\\/#website\"},\"primaryImageOfPage\":{\"@id\":\"https:\\\/\\\/fast-gas.com\\\/fr-af\\\/how-to-use-cream-cartridges\\\/#primaryimage\"},\"image\":{\"@id\":\"https:\\\/\\\/fast-gas.com\\\/fr-af\\\/how-to-use-cream-cartridges\\\/#primaryimage\"},\"thumbnailUrl\":\"https:\\\/\\\/fast-gas.com\\\/wp-content\\\/uploads\\\/2022\\\/01\\\/Schermafbeelding-2022-01-26-om-13.03.00.png\",\"datePublished\":\"2022-01-24T09:36:38+00:00\",\"dateModified\":\"2026-03-31T09:03:41+00:00\",\"description\":\"Les cartouches \u00e0 cr\u00e8me sont des alli\u00e9s indispensables en cuisine. L'utilisation d'un siphon \u00e0 cr\u00e8me n'a rien de compliqu\u00e9 et repose toujours sur le m\u00eame principe.\",\"breadcrumb\":{\"@id\":\"https:\\\/\\\/fast-gas.com\\\/fr-af\\\/how-to-use-cream-cartridges\\\/#breadcrumb\"},\"inLanguage\":\"fr\",\"potentialAction\":[{\"@type\":\"ReadAction\",\"target\":[\"https:\\\/\\\/fast-gas.com\\\/fr-af\\\/how-to-use-cream-cartridges\\\/\"]}]},{\"@type\":\"ImageObject\",\"inLanguage\":\"fr\",\"@id\":\"https:\\\/\\\/fast-gas.com\\\/fr-af\\\/how-to-use-cream-cartridges\\\/#primaryimage\",\"url\":\"https:\\\/\\\/fast-gas.com\\\/wp-content\\\/uploads\\\/2022\\\/01\\\/Schermafbeelding-2022-01-26-om-13.03.00.png\",\"contentUrl\":\"https:\\\/\\\/fast-gas.com\\\/wp-content\\\/uploads\\\/2022\\\/01\\\/Schermafbeelding-2022-01-26-om-13.03.00.png\",\"width\":2356,\"height\":1254,\"caption\":\"How to Use Cream Cartridges? | Whipped Cream Dispenser | Fast Gas\"},{\"@type\":\"BreadcrumbList\",\"@id\":\"https:\\\/\\\/fast-gas.com\\\/fr-af\\\/how-to-use-cream-cartridges\\\/#breadcrumb\",\"itemListElement\":[{\"@type\":\"ListItem\",\"position\":1,\"name\":\"Home\",\"item\":\"https:\\\/\\\/fast-gas.com\\\/fr-af\\\/\"},{\"@type\":\"ListItem\",\"position\":2,\"name\":\"Comment utiliser les cartouches de cr\u00e8me\"}]},{\"@type\":\"WebSite\",\"@id\":\"https:\\\/\\\/fast-gas.com\\\/fr-af\\\/#website\",\"url\":\"https:\\\/\\\/fast-gas.com\\\/fr-af\\\/\",\"name\":\"FastGas\",\"description\":\"N2O Cream Chargers\",\"publisher\":{\"@id\":\"https:\\\/\\\/fast-gas.com\\\/fr-af\\\/#organization\"},\"potentialAction\":[{\"@type\":\"SearchAction\",\"target\":{\"@type\":\"EntryPoint\",\"urlTemplate\":\"https:\\\/\\\/fast-gas.com\\\/fr-af\\\/?s={search_term_string}\"},\"query-input\":{\"@type\":\"PropertyValueSpecification\",\"valueRequired\":true,\"valueName\":\"search_term_string\"}}],\"inLanguage\":\"fr\"},{\"@type\":\"Organization\",\"@id\":\"https:\\\/\\\/fast-gas.com\\\/fr-af\\\/#organization\",\"name\":\"FastGas - Helium, CO2 & N2O Wholesale\",\"alternateName\":\"Fast Gas\",\"url\":\"https:\\\/\\\/fast-gas.com\\\/fr-af\\\/\",\"logo\":{\"@type\":\"ImageObject\",\"inLanguage\":\"fr\",\"@id\":\"https:\\\/\\\/fast-gas.com\\\/fr-af\\\/#\\\/schema\\\/logo\\\/image\\\/\",\"url\":\"https:\\\/\\\/fast-gas.com\\\/wp-content\\\/uploads\\\/2025\\\/03\\\/cropped-Fastgas-Favicon.png\",\"contentUrl\":\"https:\\\/\\\/fast-gas.com\\\/wp-content\\\/uploads\\\/2025\\\/03\\\/cropped-Fastgas-Favicon.png\",\"width\":512,\"height\":512,\"caption\":\"FastGas - Helium, CO2 & N2O Wholesale\"},\"image\":{\"@id\":\"https:\\\/\\\/fast-gas.com\\\/fr-af\\\/#\\\/schema\\\/logo\\\/image\\\/\"},\"sameAs\":[\"https:\\\/\\\/facebook.com\\\/wearefastgas\",\"https:\\\/\\\/www.youtube.com\\\/channel\\\/UCV5w9vrihWFu0yM7SZzQfVQ\\\/videos\",\"https:\\\/\\\/instagram.com\\\/fastgas.official\"]},{\"@type\":\"Person\",\"@id\":\"https:\\\/\\\/fast-gas.com\\\/fr-af\\\/#\\\/schema\\\/person\\\/4b3a9beffb469faf985fef2c2b684689\",\"name\":\"Bro FastGas\",\"description\":\"Meet our Culinary Gas &amp; Tech Editor: pioneering N2O, CO2, and cream charger innovations with recipes, reviews, and cutting-edge insights.\",\"url\":\"https:\\\/\\\/fast-gas.com\\\/fr-af\\\/author\\\/iryna\\\/\"}]}<\/script>\n<!-- \/ Yoast SEO plugin. -->","yoast_head_json":{"title":"Comment utiliser les cartouches de cr\u00e8me fouett\u00e9e ? | Fast Gas","description":"Les cartouches \u00e0 cr\u00e8me sont des alli\u00e9s indispensables en cuisine. L'utilisation d'un siphon \u00e0 cr\u00e8me n'a rien de compliqu\u00e9 et repose toujours sur le m\u00eame principe.","robots":{"index":"index","follow":"follow","max-snippet":"max-snippet:-1","max-image-preview":"max-image-preview:large","max-video-preview":"max-video-preview:-1"},"canonical":"https:\/\/fast-gas.com\/fr-af\/how-to-use-cream-cartridges\/","og_locale":"fr_FR","og_type":"article","og_title":"Comment utiliser les cartouches de cr\u00e8me fouett\u00e9e ? | Fast Gas","og_description":"Les cartouches \u00e0 cr\u00e8me sont des alli\u00e9s indispensables en cuisine. L'utilisation d'un siphon \u00e0 cr\u00e8me n'a rien de compliqu\u00e9 et repose toujours sur le m\u00eame principe.","og_url":"https:\/\/fast-gas.com\/fr-af\/how-to-use-cream-cartridges\/","og_site_name":"FastGas","article_publisher":"https:\/\/facebook.com\/wearefastgas","article_modified_time":"2026-03-31T09:03:41+00:00","og_image":[{"width":2356,"height":1254,"url":"https:\/\/fast-gas.com\/wp-content\/uploads\/2022\/01\/Schermafbeelding-2022-01-26-om-13.03.00.png","type":"image\/png"}],"twitter_card":"summary_large_image","twitter_misc":{"Est. reading time":"2 minutes"},"schema":{"@context":"https:\/\/schema.org","@graph":[{"@type":["Article","BlogPosting"],"@id":"https:\/\/fast-gas.com\/fr-af\/how-to-use-cream-cartridges\/#article","isPartOf":{"@id":"https:\/\/fast-gas.com\/fr-af\/how-to-use-cream-cartridges\/"},"author":{"name":"Bro FastGas","@id":"https:\/\/fast-gas.com\/fr-af\/#\/schema\/person\/4b3a9beffb469faf985fef2c2b684689"},"headline":"Comment utiliser les cartouches de cr\u00e8me","datePublished":"2022-01-24T09:36:38+00:00","dateModified":"2026-03-31T09:03:41+00:00","mainEntityOfPage":{"@id":"https:\/\/fast-gas.com\/fr-af\/how-to-use-cream-cartridges\/"},"wordCount":341,"publisher":{"@id":"https:\/\/fast-gas.com\/fr-af\/#organization"},"image":{"@id":"https:\/\/fast-gas.com\/fr-af\/how-to-use-cream-cartridges\/#primaryimage"},"thumbnailUrl":"https:\/\/fast-gas.com\/wp-content\/uploads\/2022\/01\/Schermafbeelding-2022-01-26-om-13.03.00.png","inLanguage":"fr"},{"@type":"WebPage","@id":"https:\/\/fast-gas.com\/fr-af\/how-to-use-cream-cartridges\/","url":"https:\/\/fast-gas.com\/fr-af\/how-to-use-cream-cartridges\/","name":"Comment utiliser les cartouches de cr\u00e8me fouett\u00e9e ? | Fast Gas","isPartOf":{"@id":"https:\/\/fast-gas.com\/fr-af\/#website"},"primaryImageOfPage":{"@id":"https:\/\/fast-gas.com\/fr-af\/how-to-use-cream-cartridges\/#primaryimage"},"image":{"@id":"https:\/\/fast-gas.com\/fr-af\/how-to-use-cream-cartridges\/#primaryimage"},"thumbnailUrl":"https:\/\/fast-gas.com\/wp-content\/uploads\/2022\/01\/Schermafbeelding-2022-01-26-om-13.03.00.png","datePublished":"2022-01-24T09:36:38+00:00","dateModified":"2026-03-31T09:03:41+00:00","description":"Les cartouches \u00e0 cr\u00e8me sont des alli\u00e9s indispensables en cuisine. L'utilisation d'un siphon \u00e0 cr\u00e8me n'a rien de compliqu\u00e9 et repose toujours sur le m\u00eame principe.","breadcrumb":{"@id":"https:\/\/fast-gas.com\/fr-af\/how-to-use-cream-cartridges\/#breadcrumb"},"inLanguage":"fr","potentialAction":[{"@type":"ReadAction","target":["https:\/\/fast-gas.com\/fr-af\/how-to-use-cream-cartridges\/"]}]},{"@type":"ImageObject","inLanguage":"fr","@id":"https:\/\/fast-gas.com\/fr-af\/how-to-use-cream-cartridges\/#primaryimage","url":"https:\/\/fast-gas.com\/wp-content\/uploads\/2022\/01\/Schermafbeelding-2022-01-26-om-13.03.00.png","contentUrl":"https:\/\/fast-gas.com\/wp-content\/uploads\/2022\/01\/Schermafbeelding-2022-01-26-om-13.03.00.png","width":2356,"height":1254,"caption":"How to Use Cream Cartridges? | Whipped Cream Dispenser | Fast Gas"},{"@type":"BreadcrumbList","@id":"https:\/\/fast-gas.com\/fr-af\/how-to-use-cream-cartridges\/#breadcrumb","itemListElement":[{"@type":"ListItem","position":1,"name":"Home","item":"https:\/\/fast-gas.com\/fr-af\/"},{"@type":"ListItem","position":2,"name":"Comment utiliser les cartouches de cr\u00e8me"}]},{"@type":"WebSite","@id":"https:\/\/fast-gas.com\/fr-af\/#website","url":"https:\/\/fast-gas.com\/fr-af\/","name":"FastGas","description":"N2O Cream Chargers","publisher":{"@id":"https:\/\/fast-gas.com\/fr-af\/#organization"},"potentialAction":[{"@type":"SearchAction","target":{"@type":"EntryPoint","urlTemplate":"https:\/\/fast-gas.com\/fr-af\/?s={search_term_string}"},"query-input":{"@type":"PropertyValueSpecification","valueRequired":true,"valueName":"search_term_string"}}],"inLanguage":"fr"},{"@type":"Organization","@id":"https:\/\/fast-gas.com\/fr-af\/#organization","name":"FastGas - Helium, CO2 & N2O Wholesale","alternateName":"Fast Gas","url":"https:\/\/fast-gas.com\/fr-af\/","logo":{"@type":"ImageObject","inLanguage":"fr","@id":"https:\/\/fast-gas.com\/fr-af\/#\/schema\/logo\/image\/","url":"https:\/\/fast-gas.com\/wp-content\/uploads\/2025\/03\/cropped-Fastgas-Favicon.png","contentUrl":"https:\/\/fast-gas.com\/wp-content\/uploads\/2025\/03\/cropped-Fastgas-Favicon.png","width":512,"height":512,"caption":"FastGas - Helium, CO2 & N2O Wholesale"},"image":{"@id":"https:\/\/fast-gas.com\/fr-af\/#\/schema\/logo\/image\/"},"sameAs":["https:\/\/facebook.com\/wearefastgas","https:\/\/www.youtube.com\/channel\/UCV5w9vrihWFu0yM7SZzQfVQ\/videos","https:\/\/instagram.com\/fastgas.official"]},{"@type":"Person","@id":"https:\/\/fast-gas.com\/fr-af\/#\/schema\/person\/4b3a9beffb469faf985fef2c2b684689","name":"Bro FastGas","description":"Meet our Culinary Gas &amp; Tech Editor: pioneering N2O, CO2, and cream charger innovations with recipes, reviews, and cutting-edge insights.","url":"https:\/\/fast-gas.com\/fr-af\/author\/iryna\/"}]}},"_links":{"self":[{"href":"https:\/\/fast-gas.com\/fr-af\/wp-json\/wp\/v2\/pages\/50814","targetHints":{"allow":["GET"]}}],"collection":[{"href":"https:\/\/fast-gas.com\/fr-af\/wp-json\/wp\/v2\/pages"}],"about":[{"href":"https:\/\/fast-gas.com\/fr-af\/wp-json\/wp\/v2\/types\/page"}],"author":[{"embeddable":true,"href":"https:\/\/fast-gas.com\/fr-af\/wp-json\/wp\/v2\/users\/5216"}],"replies":[{"embeddable":true,"href":"https:\/\/fast-gas.com\/fr-af\/wp-json\/wp\/v2\/comments?post=50814"}],"version-history":[{"count":2,"href":"https:\/\/fast-gas.com\/fr-af\/wp-json\/wp\/v2\/pages\/50814\/revisions"}],"predecessor-version":[{"id":51097,"href":"https:\/\/fast-gas.com\/fr-af\/wp-json\/wp\/v2\/pages\/50814\/revisions\/51097"}],"wp:featuredmedia":[{"embeddable":true,"href":"https:\/\/fast-gas.com\/fr-af\/wp-json\/wp\/v2\/media\/50815"}],"wp:attachment":[{"href":"https:\/\/fast-gas.com\/fr-af\/wp-json\/wp\/v2\/media?parent=50814"}],"curies":[{"name":"wp","href":"https:\/\/api.w.org\/{rel}","templated":true}]}}