{"id":42143,"date":"2025-03-18T13:32:53","date_gmt":"2025-03-18T12:32:53","guid":{"rendered":"https:\/\/staging.fast-gas.com\/?post_type=product&#038;p=42143"},"modified":"2025-10-30T16:04:44","modified_gmt":"2025-10-30T15:04:44","slug":"paineensaadin","status":"publish","type":"product","link":"https:\/\/fast-gas.com\/fi\/tuote\/paineensaadin\/","title":{"rendered":"Paineens\u00e4\u00e4din"},"excerpt":{"rendered":"<p data-start=\"61\" data-end=\"194\">FastGas-paineens\u00e4\u00e4timet tarjoavat luotettavan ja helppok\u00e4ytt\u00f6isen ratkaisun kermasifonien ja soodavesilaitteiden lataamiseen. Yhteensopivia useimpien dityppioksidi- ja hiilidioksidis\u00e4ili\u00f6iden kanssa, n\u00e4m\u00e4 s\u00e4\u00e4timet varmistavat sujuvan ja tasaisen suorituskyvyn monenlaisissa k\u00e4ytt\u00f6kohteissa.<\/p>\n<h3 data-start=\"361\" data-end=\"375\"><span class=\"title-highlight\"><strong data-start=\"365\" data-end=\"375\">Kuvaus<\/strong><\/span><\/h3>\n<p data-start=\"376\" data-end=\"656\">N\u00e4m\u00e4 s\u00e4\u00e4timet on suunniteltu tehokkaaseen ja keskeytym\u00e4tt\u00f6m\u00e4\u00e4n k\u00e4ytt\u00f6\u00f6n, ja ne soveltuvat erinomaisesti vaativiin ymp\u00e4rist\u00f6ihin, kuten baareihin, ammattikeitti\u00f6ihin ja kahviloihin. Ne ovat my\u00f6s k\u00e4yt\u00e4nn\u00f6llinen ratkaisu kotik\u00e4ytt\u00e4jille, jotka valmistavat suuria m\u00e4\u00e4ri\u00e4 kermavaahtoa.<\/p>\n<p data-start=\"658\" data-end=\"949\">S\u00e4\u00e4timet ovat erityisen hy\u00f6dyllisi\u00e4 suurten, 2L ja 3L s\u00e4ili\u00f6iden kanssa k\u00e4ytett\u00e4ess\u00e4, jolloin Creamer-konetta ei ole viel\u00e4 saatavilla. Ne mahdollistavat sujuvan ja keskeytym\u00e4tt\u00f6m\u00e4n k\u00e4yt\u00f6n \u2014 toisin kuin perinteiset 8g kapselit, jotka vaativat jatkuvaa vaihtamista ja h\u00e4iritsev\u00e4t ty\u00f6prosessia.<\/p>\n","protected":false},"featured_media":42746,"template":"","meta":{"_acf_changed":false},"product_brand":[],"product_cat":[496,447,448],"product_tag":[],"class_list":{"0":"post-42143","1":"product","2":"type-product","3":"status-publish","4":"has-post-thumbnail","6":"product_cat-kaikille","7":"product_cat-kerma-annostelijat-fi","8":"product_cat-typpioksiduuli-fi","10":"first","11":"instock","12":"taxable","13":"shipping-taxable","14":"product-type-simple"},"acf":[],"yoast_head":"<!-- This site is optimized with the Yoast SEO plugin v27.4 - https:\/\/yoast.com\/product\/yoast-seo-wordpress\/ -->\n<title>FastGas-paineregulaattori: hallitse kermapatruunan painetta | FastGas<\/title>\n<meta name=\"description\" content=\"Mittaa kermapatruunan paine ja v\u00e4henn\u00e4 h\u00e4vikki\u00e4 FastGas-paineregulaattorilla. Saavuta tasaiset ja optimaaliset tulokset jokaisella k\u00e4ytt\u00f6kerralla.\" \/>\n<meta name=\"robots\" content=\"index, follow, max-snippet:-1, max-image-preview:large, max-video-preview:-1\" \/>\n<link rel=\"canonical\" href=\"https:\/\/fast-gas.com\/fi\/tuote\/paineensaadin\/\" \/>\n<meta property=\"og:locale\" content=\"fi_FI\" \/>\n<meta property=\"og:type\" content=\"article\" \/>\n<meta property=\"og:title\" content=\"FastGas-paineregulaattori: hallitse kermapatruunan painetta | FastGas\" \/>\n<meta property=\"og:description\" content=\"Mittaa kermapatruunan paine ja v\u00e4henn\u00e4 h\u00e4vikki\u00e4 FastGas-paineregulaattorilla. Saavuta tasaiset ja optimaaliset tulokset jokaisella k\u00e4ytt\u00f6kerralla.\" \/>\n<meta property=\"og:url\" content=\"https:\/\/fast-gas.com\/fi\/tuote\/paineensaadin\/\" \/>\n<meta property=\"og:site_name\" content=\"FastGas\" \/>\n<meta property=\"article:publisher\" content=\"https:\/\/facebook.com\/wearefastgas\" \/>\n<meta property=\"article:modified_time\" content=\"2025-10-30T15:04:44+00:00\" \/>\n<meta property=\"og:image\" content=\"https:\/\/fast-gas.com\/wp-content\/uploads\/2025\/03\/Pressure-Regulator-transparent.png\" \/>\n\t<meta property=\"og:image:width\" content=\"1000\" \/>\n\t<meta property=\"og:image:height\" content=\"1000\" \/>\n\t<meta property=\"og:image:type\" content=\"image\/png\" \/>\n<meta name=\"twitter:card\" content=\"summary_large_image\" \/>\n<meta name=\"twitter:label1\" content=\"Est. reading time\" \/>\n\t<meta name=\"twitter:data1\" content=\"1 minute\" \/>\n<script type=\"application\/ld+json\" class=\"yoast-schema-graph\">{\"@context\":\"https:\\\/\\\/schema.org\",\"@graph\":[{\"@type\":[\"WebPage\",\"ItemPage\"],\"@id\":\"https:\\\/\\\/fast-gas.com\\\/fi\\\/tuote\\\/paineensaadin\\\/\",\"url\":\"https:\\\/\\\/fast-gas.com\\\/fi\\\/tuote\\\/paineensaadin\\\/\",\"name\":\"FastGas-paineregulaattori: hallitse kermapatruunan painetta | FastGas\",\"isPartOf\":{\"@id\":\"https:\\\/\\\/fast-gas.com\\\/fi\\\/#website\"},\"primaryImageOfPage\":{\"@id\":\"https:\\\/\\\/fast-gas.com\\\/fi\\\/tuote\\\/paineensaadin\\\/#primaryimage\"},\"image\":{\"@id\":\"https:\\\/\\\/fast-gas.com\\\/fi\\\/tuote\\\/paineensaadin\\\/#primaryimage\"},\"thumbnailUrl\":\"https:\\\/\\\/fast-gas.com\\\/wp-content\\\/uploads\\\/2025\\\/03\\\/Pressure-Regulator-transparent.png\",\"datePublished\":\"2025-03-18T12:32:53+00:00\",\"dateModified\":\"2025-10-30T15:04:44+00:00\",\"description\":\"Mittaa kermapatruunan paine ja v\u00e4henn\u00e4 h\u00e4vikki\u00e4 FastGas-paineregulaattorilla. Saavuta tasaiset ja optimaaliset tulokset jokaisella k\u00e4ytt\u00f6kerralla.\",\"breadcrumb\":{\"@id\":\"https:\\\/\\\/fast-gas.com\\\/fi\\\/tuote\\\/paineensaadin\\\/#breadcrumb\"},\"inLanguage\":\"fi-FI\",\"potentialAction\":[{\"@type\":\"ReadAction\",\"target\":[\"https:\\\/\\\/fast-gas.com\\\/fi\\\/tuote\\\/paineensaadin\\\/\"]}]},{\"@type\":\"ImageObject\",\"inLanguage\":\"fi-FI\",\"@id\":\"https:\\\/\\\/fast-gas.com\\\/fi\\\/tuote\\\/paineensaadin\\\/#primaryimage\",\"url\":\"https:\\\/\\\/fast-gas.com\\\/wp-content\\\/uploads\\\/2025\\\/03\\\/Pressure-Regulator-transparent.png\",\"contentUrl\":\"https:\\\/\\\/fast-gas.com\\\/wp-content\\\/uploads\\\/2025\\\/03\\\/Pressure-Regulator-transparent.png\",\"width\":1000,\"height\":1000},{\"@type\":\"BreadcrumbList\",\"@id\":\"https:\\\/\\\/fast-gas.com\\\/fi\\\/tuote\\\/paineensaadin\\\/#breadcrumb\",\"itemListElement\":[{\"@type\":\"ListItem\",\"position\":1,\"name\":\"Home\",\"item\":\"https:\\\/\\\/fast-gas.com\\\/fi\\\/\"},{\"@type\":\"ListItem\",\"position\":2,\"name\":\"Paineens\u00e4\u00e4din\"}]},{\"@type\":\"WebSite\",\"@id\":\"https:\\\/\\\/fast-gas.com\\\/fi\\\/#website\",\"url\":\"https:\\\/\\\/fast-gas.com\\\/fi\\\/\",\"name\":\"FastGas\",\"description\":\"N2O Cream Chargers\",\"publisher\":{\"@id\":\"https:\\\/\\\/fast-gas.com\\\/fi\\\/#organization\"},\"potentialAction\":[{\"@type\":\"SearchAction\",\"target\":{\"@type\":\"EntryPoint\",\"urlTemplate\":\"https:\\\/\\\/fast-gas.com\\\/fi\\\/?s={search_term_string}\"},\"query-input\":{\"@type\":\"PropertyValueSpecification\",\"valueRequired\":true,\"valueName\":\"search_term_string\"}}],\"inLanguage\":\"fi-FI\"},{\"@type\":\"Organization\",\"@id\":\"https:\\\/\\\/fast-gas.com\\\/fi\\\/#organization\",\"name\":\"FastGas - Helium, CO2 & N2O Wholesale\",\"alternateName\":\"Fast Gas\",\"url\":\"https:\\\/\\\/fast-gas.com\\\/fi\\\/\",\"logo\":{\"@type\":\"ImageObject\",\"inLanguage\":\"fi-FI\",\"@id\":\"https:\\\/\\\/fast-gas.com\\\/fi\\\/#\\\/schema\\\/logo\\\/image\\\/\",\"url\":\"https:\\\/\\\/fast-gas.com\\\/wp-content\\\/uploads\\\/2025\\\/03\\\/cropped-Fastgas-Favicon.png\",\"contentUrl\":\"https:\\\/\\\/fast-gas.com\\\/wp-content\\\/uploads\\\/2025\\\/03\\\/cropped-Fastgas-Favicon.png\",\"width\":512,\"height\":512,\"caption\":\"FastGas - Helium, CO2 & N2O Wholesale\"},\"image\":{\"@id\":\"https:\\\/\\\/fast-gas.com\\\/fi\\\/#\\\/schema\\\/logo\\\/image\\\/\"},\"sameAs\":[\"https:\\\/\\\/facebook.com\\\/wearefastgas\",\"https:\\\/\\\/www.youtube.com\\\/channel\\\/UCV5w9vrihWFu0yM7SZzQfVQ\\\/videos\",\"https:\\\/\\\/instagram.com\\\/fastgas.official\"]}]}<\/script>\n<!-- \/ Yoast SEO plugin. -->","yoast_head_json":{"title":"FastGas-paineregulaattori: hallitse kermapatruunan painetta | FastGas","description":"Mittaa kermapatruunan paine ja v\u00e4henn\u00e4 h\u00e4vikki\u00e4 FastGas-paineregulaattorilla. Saavuta tasaiset ja optimaaliset tulokset jokaisella k\u00e4ytt\u00f6kerralla.","robots":{"index":"index","follow":"follow","max-snippet":"max-snippet:-1","max-image-preview":"max-image-preview:large","max-video-preview":"max-video-preview:-1"},"canonical":"https:\/\/fast-gas.com\/fi\/tuote\/paineensaadin\/","og_locale":"fi_FI","og_type":"article","og_title":"FastGas-paineregulaattori: hallitse kermapatruunan painetta | FastGas","og_description":"Mittaa kermapatruunan paine ja v\u00e4henn\u00e4 h\u00e4vikki\u00e4 FastGas-paineregulaattorilla. Saavuta tasaiset ja optimaaliset tulokset jokaisella k\u00e4ytt\u00f6kerralla.","og_url":"https:\/\/fast-gas.com\/fi\/tuote\/paineensaadin\/","og_site_name":"FastGas","article_publisher":"https:\/\/facebook.com\/wearefastgas","article_modified_time":"2025-10-30T15:04:44+00:00","og_image":[{"width":1000,"height":1000,"url":"https:\/\/fast-gas.com\/wp-content\/uploads\/2025\/03\/Pressure-Regulator-transparent.png","type":"image\/png"}],"twitter_card":"summary_large_image","twitter_misc":{"Est. reading time":"1 minute"},"schema":{"@context":"https:\/\/schema.org","@graph":[{"@type":["WebPage","ItemPage"],"@id":"https:\/\/fast-gas.com\/fi\/tuote\/paineensaadin\/","url":"https:\/\/fast-gas.com\/fi\/tuote\/paineensaadin\/","name":"FastGas-paineregulaattori: hallitse kermapatruunan painetta | FastGas","isPartOf":{"@id":"https:\/\/fast-gas.com\/fi\/#website"},"primaryImageOfPage":{"@id":"https:\/\/fast-gas.com\/fi\/tuote\/paineensaadin\/#primaryimage"},"image":{"@id":"https:\/\/fast-gas.com\/fi\/tuote\/paineensaadin\/#primaryimage"},"thumbnailUrl":"https:\/\/fast-gas.com\/wp-content\/uploads\/2025\/03\/Pressure-Regulator-transparent.png","datePublished":"2025-03-18T12:32:53+00:00","dateModified":"2025-10-30T15:04:44+00:00","description":"Mittaa kermapatruunan paine ja v\u00e4henn\u00e4 h\u00e4vikki\u00e4 FastGas-paineregulaattorilla. Saavuta tasaiset ja optimaaliset tulokset jokaisella k\u00e4ytt\u00f6kerralla.","breadcrumb":{"@id":"https:\/\/fast-gas.com\/fi\/tuote\/paineensaadin\/#breadcrumb"},"inLanguage":"fi-FI","potentialAction":[{"@type":"ReadAction","target":["https:\/\/fast-gas.com\/fi\/tuote\/paineensaadin\/"]}]},{"@type":"ImageObject","inLanguage":"fi-FI","@id":"https:\/\/fast-gas.com\/fi\/tuote\/paineensaadin\/#primaryimage","url":"https:\/\/fast-gas.com\/wp-content\/uploads\/2025\/03\/Pressure-Regulator-transparent.png","contentUrl":"https:\/\/fast-gas.com\/wp-content\/uploads\/2025\/03\/Pressure-Regulator-transparent.png","width":1000,"height":1000},{"@type":"BreadcrumbList","@id":"https:\/\/fast-gas.com\/fi\/tuote\/paineensaadin\/#breadcrumb","itemListElement":[{"@type":"ListItem","position":1,"name":"Home","item":"https:\/\/fast-gas.com\/fi\/"},{"@type":"ListItem","position":2,"name":"Paineens\u00e4\u00e4din"}]},{"@type":"WebSite","@id":"https:\/\/fast-gas.com\/fi\/#website","url":"https:\/\/fast-gas.com\/fi\/","name":"FastGas","description":"N2O Cream Chargers","publisher":{"@id":"https:\/\/fast-gas.com\/fi\/#organization"},"potentialAction":[{"@type":"SearchAction","target":{"@type":"EntryPoint","urlTemplate":"https:\/\/fast-gas.com\/fi\/?s={search_term_string}"},"query-input":{"@type":"PropertyValueSpecification","valueRequired":true,"valueName":"search_term_string"}}],"inLanguage":"fi-FI"},{"@type":"Organization","@id":"https:\/\/fast-gas.com\/fi\/#organization","name":"FastGas - Helium, CO2 & N2O Wholesale","alternateName":"Fast Gas","url":"https:\/\/fast-gas.com\/fi\/","logo":{"@type":"ImageObject","inLanguage":"fi-FI","@id":"https:\/\/fast-gas.com\/fi\/#\/schema\/logo\/image\/","url":"https:\/\/fast-gas.com\/wp-content\/uploads\/2025\/03\/cropped-Fastgas-Favicon.png","contentUrl":"https:\/\/fast-gas.com\/wp-content\/uploads\/2025\/03\/cropped-Fastgas-Favicon.png","width":512,"height":512,"caption":"FastGas - Helium, CO2 & N2O Wholesale"},"image":{"@id":"https:\/\/fast-gas.com\/fi\/#\/schema\/logo\/image\/"},"sameAs":["https:\/\/facebook.com\/wearefastgas","https:\/\/www.youtube.com\/channel\/UCV5w9vrihWFu0yM7SZzQfVQ\/videos","https:\/\/instagram.com\/fastgas.official"]}]}},"_links":{"self":[{"href":"https:\/\/fast-gas.com\/fi\/wp-json\/wp\/v2\/product\/42143","targetHints":{"allow":["GET"]}}],"collection":[{"href":"https:\/\/fast-gas.com\/fi\/wp-json\/wp\/v2\/product"}],"about":[{"href":"https:\/\/fast-gas.com\/fi\/wp-json\/wp\/v2\/types\/product"}],"wp:featuredmedia":[{"embeddable":true,"href":"https:\/\/fast-gas.com\/fi\/wp-json\/wp\/v2\/media\/42746"}],"wp:attachment":[{"href":"https:\/\/fast-gas.com\/fi\/wp-json\/wp\/v2\/media?parent=42143"}],"wp:term":[{"taxonomy":"product_brand","embeddable":true,"href":"https:\/\/fast-gas.com\/fi\/wp-json\/wp\/v2\/product_brand?post=42143"},{"taxonomy":"product_cat","embeddable":true,"href":"https:\/\/fast-gas.com\/fi\/wp-json\/wp\/v2\/product_cat?post=42143"},{"taxonomy":"product_tag","embeddable":true,"href":"https:\/\/fast-gas.com\/fi\/wp-json\/wp\/v2\/product_tag?post=42143"}],"curies":[{"name":"wp","href":"https:\/\/api.w.org\/{rel}","templated":true}]}}