{"id":42132,"date":"2025-03-18T13:26:42","date_gmt":"2025-03-18T12:26:42","guid":{"rendered":"https:\/\/staging.fast-gas.com\/?post_type=product&#038;p=42132"},"modified":"2025-10-30T15:55:48","modified_gmt":"2025-10-30T14:55:48","slug":"kermasifoni","status":"publish","type":"product","link":"https:\/\/fast-gas.com\/fi\/tuote\/kermasifoni\/","title":{"rendered":"Sifoni"},"excerpt":{"rendered":"<p>FastGas-kermasifoni on suunniteltu annostelemaan lopputuote: kermavaahdot, espumat ja vaahdot kulinaarisiin tai baariluomuksiisi.<\/p>\n<p>Yhteensopiva FastGas Creamerin ja FastGas-paines\u00e4\u00e4timen kanssa sek\u00e4 useimpien alan standardien kanssa.<\/p>\n<p>Sopii vain kylmille seoksille.<\/p>\n","protected":false},"featured_media":42734,"template":"","meta":{"_acf_changed":false},"product_brand":[],"product_cat":[496,447,448],"product_tag":[],"class_list":{"0":"post-42132","1":"product","2":"type-product","3":"status-publish","4":"has-post-thumbnail","6":"product_cat-kaikille","7":"product_cat-kerma-annostelijat-fi","8":"product_cat-typpioksiduuli-fi","10":"first","11":"instock","12":"taxable","13":"shipping-taxable","14":"product-type-simple"},"acf":[],"yoast_head":"<!-- This site is optimized with the Yoast SEO plugin v27.2 - https:\/\/yoast.com\/product\/yoast-seo-wordpress\/ -->\n<title>FastGas kermasifoni: t\u00e4ydelliset vaahdot ja vispit | FastGas<\/title>\n<meta name=\"description\" content=\"Kohota keitti\u00f6- tai baariluomuksiasi FastGas-kermasifonilla \u2013 t\u00e4ydellinen kermavaahdon, vaahdon ja espuman valmistukseen. Vain kylmille seoksille.\" \/>\n<meta name=\"robots\" content=\"index, follow, max-snippet:-1, max-image-preview:large, max-video-preview:-1\" \/>\n<link rel=\"canonical\" href=\"https:\/\/fast-gas.com\/fi\/tuote\/kermasifoni\/\" \/>\n<meta property=\"og:locale\" content=\"fi_FI\" \/>\n<meta property=\"og:type\" content=\"article\" \/>\n<meta property=\"og:title\" content=\"FastGas kermasifoni: t\u00e4ydelliset vaahdot ja vispit | FastGas\" \/>\n<meta property=\"og:description\" content=\"Kohota keitti\u00f6- tai baariluomuksiasi FastGas-kermasifonilla \u2013 t\u00e4ydellinen kermavaahdon, vaahdon ja espuman valmistukseen. Vain kylmille seoksille.\" \/>\n<meta property=\"og:url\" content=\"https:\/\/fast-gas.com\/fi\/tuote\/kermasifoni\/\" \/>\n<meta property=\"og:site_name\" content=\"FastGas\" \/>\n<meta property=\"article:publisher\" content=\"https:\/\/facebook.com\/wearefastgas\" \/>\n<meta property=\"article:modified_time\" content=\"2025-10-30T14:55:48+00:00\" \/>\n<meta property=\"og:image\" content=\"https:\/\/fast-gas.com\/wp-content\/uploads\/2025\/03\/3.png\" \/>\n\t<meta property=\"og:image:width\" content=\"750\" \/>\n\t<meta property=\"og:image:height\" content=\"750\" \/>\n\t<meta property=\"og:image:type\" content=\"image\/png\" \/>\n<meta name=\"twitter:card\" content=\"summary_large_image\" \/>\n<meta name=\"twitter:label1\" content=\"Est. reading time\" \/>\n\t<meta name=\"twitter:data1\" content=\"1 minute\" \/>\n<script type=\"application\/ld+json\" class=\"yoast-schema-graph\">{\"@context\":\"https:\/\/schema.org\",\"@graph\":[{\"@type\":[\"WebPage\",\"ItemPage\"],\"@id\":\"https:\/\/fast-gas.com\/fi\/tuote\/kermasifoni\/\",\"url\":\"https:\/\/fast-gas.com\/fi\/tuote\/kermasifoni\/\",\"name\":\"FastGas kermasifoni: t\u00e4ydelliset vaahdot ja vispit | FastGas\",\"isPartOf\":{\"@id\":\"https:\/\/fast-gas.com\/fi\/#website\"},\"primaryImageOfPage\":{\"@id\":\"https:\/\/fast-gas.com\/fi\/tuote\/kermasifoni\/#primaryimage\"},\"image\":{\"@id\":\"https:\/\/fast-gas.com\/fi\/tuote\/kermasifoni\/#primaryimage\"},\"thumbnailUrl\":\"https:\/\/fast-gas.com\/wp-content\/uploads\/2025\/03\/3.png\",\"datePublished\":\"2025-03-18T12:26:42+00:00\",\"dateModified\":\"2025-10-30T14:55:48+00:00\",\"description\":\"Kohota keitti\u00f6- tai baariluomuksiasi FastGas-kermasifonilla \u2013 t\u00e4ydellinen kermavaahdon, vaahdon ja espuman valmistukseen. Vain kylmille seoksille.\",\"breadcrumb\":{\"@id\":\"https:\/\/fast-gas.com\/fi\/tuote\/kermasifoni\/#breadcrumb\"},\"inLanguage\":\"fi-FI\",\"potentialAction\":[{\"@type\":\"ReadAction\",\"target\":[\"https:\/\/fast-gas.com\/fi\/tuote\/kermasifoni\/\"]}]},{\"@type\":\"ImageObject\",\"inLanguage\":\"fi-FI\",\"@id\":\"https:\/\/fast-gas.com\/fi\/tuote\/kermasifoni\/#primaryimage\",\"url\":\"https:\/\/fast-gas.com\/wp-content\/uploads\/2025\/03\/3.png\",\"contentUrl\":\"https:\/\/fast-gas.com\/wp-content\/uploads\/2025\/03\/3.png\",\"width\":750,\"height\":750},{\"@type\":\"BreadcrumbList\",\"@id\":\"https:\/\/fast-gas.com\/fi\/tuote\/kermasifoni\/#breadcrumb\",\"itemListElement\":[{\"@type\":\"ListItem\",\"position\":1,\"name\":\"Home\",\"item\":\"https:\/\/fast-gas.com\/fi\/\"},{\"@type\":\"ListItem\",\"position\":2,\"name\":\"Sifoni\"}]},{\"@type\":\"WebSite\",\"@id\":\"https:\/\/fast-gas.com\/fi\/#website\",\"url\":\"https:\/\/fast-gas.com\/fi\/\",\"name\":\"FastGas\",\"description\":\"N2O Cream Chargers\",\"publisher\":{\"@id\":\"https:\/\/fast-gas.com\/fi\/#organization\"},\"potentialAction\":[{\"@type\":\"SearchAction\",\"target\":{\"@type\":\"EntryPoint\",\"urlTemplate\":\"https:\/\/fast-gas.com\/fi\/?s={search_term_string}\"},\"query-input\":{\"@type\":\"PropertyValueSpecification\",\"valueRequired\":true,\"valueName\":\"search_term_string\"}}],\"inLanguage\":\"fi-FI\"},{\"@type\":\"Organization\",\"@id\":\"https:\/\/fast-gas.com\/fi\/#organization\",\"name\":\"FastGas - Helium, CO2 & N2O Wholesale\",\"alternateName\":\"Fast Gas\",\"url\":\"https:\/\/fast-gas.com\/fi\/\",\"logo\":{\"@type\":\"ImageObject\",\"inLanguage\":\"fi-FI\",\"@id\":\"https:\/\/fast-gas.com\/fi\/#\/schema\/logo\/image\/\",\"url\":\"https:\/\/fast-gas.com\/wp-content\/uploads\/2025\/03\/cropped-Fastgas-Favicon.png\",\"contentUrl\":\"https:\/\/fast-gas.com\/wp-content\/uploads\/2025\/03\/cropped-Fastgas-Favicon.png\",\"width\":512,\"height\":512,\"caption\":\"FastGas - Helium, CO2 & N2O Wholesale\"},\"image\":{\"@id\":\"https:\/\/fast-gas.com\/fi\/#\/schema\/logo\/image\/\"},\"sameAs\":[\"https:\/\/facebook.com\/wearefastgas\",\"https:\/\/www.youtube.com\/channel\/UCV5w9vrihWFu0yM7SZzQfVQ\/videos\",\"https:\/\/instagram.com\/fastgas.official\"]}]}<\/script>\n<!-- \/ Yoast SEO plugin. -->","yoast_head_json":{"title":"FastGas kermasifoni: t\u00e4ydelliset vaahdot ja vispit | FastGas","description":"Kohota keitti\u00f6- tai baariluomuksiasi FastGas-kermasifonilla \u2013 t\u00e4ydellinen kermavaahdon, vaahdon ja espuman valmistukseen. Vain kylmille seoksille.","robots":{"index":"index","follow":"follow","max-snippet":"max-snippet:-1","max-image-preview":"max-image-preview:large","max-video-preview":"max-video-preview:-1"},"canonical":"https:\/\/fast-gas.com\/fi\/tuote\/kermasifoni\/","og_locale":"fi_FI","og_type":"article","og_title":"FastGas kermasifoni: t\u00e4ydelliset vaahdot ja vispit | FastGas","og_description":"Kohota keitti\u00f6- tai baariluomuksiasi FastGas-kermasifonilla \u2013 t\u00e4ydellinen kermavaahdon, vaahdon ja espuman valmistukseen. Vain kylmille seoksille.","og_url":"https:\/\/fast-gas.com\/fi\/tuote\/kermasifoni\/","og_site_name":"FastGas","article_publisher":"https:\/\/facebook.com\/wearefastgas","article_modified_time":"2025-10-30T14:55:48+00:00","og_image":[{"width":750,"height":750,"url":"https:\/\/fast-gas.com\/wp-content\/uploads\/2025\/03\/3.png","type":"image\/png"}],"twitter_card":"summary_large_image","twitter_misc":{"Est. reading time":"1 minute"},"schema":{"@context":"https:\/\/schema.org","@graph":[{"@type":["WebPage","ItemPage"],"@id":"https:\/\/fast-gas.com\/fi\/tuote\/kermasifoni\/","url":"https:\/\/fast-gas.com\/fi\/tuote\/kermasifoni\/","name":"FastGas kermasifoni: t\u00e4ydelliset vaahdot ja vispit | FastGas","isPartOf":{"@id":"https:\/\/fast-gas.com\/fi\/#website"},"primaryImageOfPage":{"@id":"https:\/\/fast-gas.com\/fi\/tuote\/kermasifoni\/#primaryimage"},"image":{"@id":"https:\/\/fast-gas.com\/fi\/tuote\/kermasifoni\/#primaryimage"},"thumbnailUrl":"https:\/\/fast-gas.com\/wp-content\/uploads\/2025\/03\/3.png","datePublished":"2025-03-18T12:26:42+00:00","dateModified":"2025-10-30T14:55:48+00:00","description":"Kohota keitti\u00f6- tai baariluomuksiasi FastGas-kermasifonilla \u2013 t\u00e4ydellinen kermavaahdon, vaahdon ja espuman valmistukseen. Vain kylmille seoksille.","breadcrumb":{"@id":"https:\/\/fast-gas.com\/fi\/tuote\/kermasifoni\/#breadcrumb"},"inLanguage":"fi-FI","potentialAction":[{"@type":"ReadAction","target":["https:\/\/fast-gas.com\/fi\/tuote\/kermasifoni\/"]}]},{"@type":"ImageObject","inLanguage":"fi-FI","@id":"https:\/\/fast-gas.com\/fi\/tuote\/kermasifoni\/#primaryimage","url":"https:\/\/fast-gas.com\/wp-content\/uploads\/2025\/03\/3.png","contentUrl":"https:\/\/fast-gas.com\/wp-content\/uploads\/2025\/03\/3.png","width":750,"height":750},{"@type":"BreadcrumbList","@id":"https:\/\/fast-gas.com\/fi\/tuote\/kermasifoni\/#breadcrumb","itemListElement":[{"@type":"ListItem","position":1,"name":"Home","item":"https:\/\/fast-gas.com\/fi\/"},{"@type":"ListItem","position":2,"name":"Sifoni"}]},{"@type":"WebSite","@id":"https:\/\/fast-gas.com\/fi\/#website","url":"https:\/\/fast-gas.com\/fi\/","name":"FastGas","description":"N2O Cream Chargers","publisher":{"@id":"https:\/\/fast-gas.com\/fi\/#organization"},"potentialAction":[{"@type":"SearchAction","target":{"@type":"EntryPoint","urlTemplate":"https:\/\/fast-gas.com\/fi\/?s={search_term_string}"},"query-input":{"@type":"PropertyValueSpecification","valueRequired":true,"valueName":"search_term_string"}}],"inLanguage":"fi-FI"},{"@type":"Organization","@id":"https:\/\/fast-gas.com\/fi\/#organization","name":"FastGas - Helium, CO2 & N2O Wholesale","alternateName":"Fast Gas","url":"https:\/\/fast-gas.com\/fi\/","logo":{"@type":"ImageObject","inLanguage":"fi-FI","@id":"https:\/\/fast-gas.com\/fi\/#\/schema\/logo\/image\/","url":"https:\/\/fast-gas.com\/wp-content\/uploads\/2025\/03\/cropped-Fastgas-Favicon.png","contentUrl":"https:\/\/fast-gas.com\/wp-content\/uploads\/2025\/03\/cropped-Fastgas-Favicon.png","width":512,"height":512,"caption":"FastGas - Helium, CO2 & N2O Wholesale"},"image":{"@id":"https:\/\/fast-gas.com\/fi\/#\/schema\/logo\/image\/"},"sameAs":["https:\/\/facebook.com\/wearefastgas","https:\/\/www.youtube.com\/channel\/UCV5w9vrihWFu0yM7SZzQfVQ\/videos","https:\/\/instagram.com\/fastgas.official"]}]}},"_links":{"self":[{"href":"https:\/\/fast-gas.com\/fi\/wp-json\/wp\/v2\/product\/42132","targetHints":{"allow":["GET"]}}],"collection":[{"href":"https:\/\/fast-gas.com\/fi\/wp-json\/wp\/v2\/product"}],"about":[{"href":"https:\/\/fast-gas.com\/fi\/wp-json\/wp\/v2\/types\/product"}],"wp:featuredmedia":[{"embeddable":true,"href":"https:\/\/fast-gas.com\/fi\/wp-json\/wp\/v2\/media\/42734"}],"wp:attachment":[{"href":"https:\/\/fast-gas.com\/fi\/wp-json\/wp\/v2\/media?parent=42132"}],"wp:term":[{"taxonomy":"product_brand","embeddable":true,"href":"https:\/\/fast-gas.com\/fi\/wp-json\/wp\/v2\/product_brand?post=42132"},{"taxonomy":"product_cat","embeddable":true,"href":"https:\/\/fast-gas.com\/fi\/wp-json\/wp\/v2\/product_cat?post=42132"},{"taxonomy":"product_tag","embeddable":true,"href":"https:\/\/fast-gas.com\/fi\/wp-json\/wp\/v2\/product_tag?post=42132"}],"curies":[{"name":"wp","href":"https:\/\/api.w.org\/{rel}","templated":true}]}}