{"id":35988,"date":"2024-06-12T13:25:43","date_gmt":"2024-06-12T11:25:43","guid":{"rendered":"https:\/\/fast-gas.com\/?post_type=product&#038;p=35988"},"modified":"2025-10-30T15:41:25","modified_gmt":"2025-10-30T14:41:25","slug":"fastgas-kermakapseli","status":"publish","type":"product","link":"https:\/\/fast-gas.com\/fi\/tuote\/fastgas-kermakapseli\/","title":{"rendered":"FastGas Kermakapseli"},"excerpt":{"rendered":"<p>Ehdoton baarin ja keitti\u00f6n lis\u00e4varuste.<\/p>\n<p>Innovatiivinen N2O-annostelija, joka on r\u00e4\u00e4t\u00e4l\u00f6ity kermavaahdon, kylm\u00e4vaahtojen ja kastikkeiden luomiseen. Yhteensopiva FastGas 670g-kaasus\u00e4ili\u00f6mme kanssa.<\/p>\n<p>Olitpa ammattilainen tai kokeilet kotona, kermakone on suunniteltu vapauttamaan luovuutesi.<\/p>\n<p>SUOSITUSHINTA on 89,90 \u20ac<\/p>\n<p>Sifonit myyd\u00e4\u00e4n erikseen.<\/p>\n","protected":false},"featured_media":42723,"template":"","meta":{"_acf_changed":false},"product_brand":[],"product_cat":[496,447,448],"product_tag":[],"class_list":{"0":"post-35988","1":"product","2":"type-product","3":"status-publish","4":"has-post-thumbnail","6":"product_cat-kaikille","7":"product_cat-kerma-annostelijat-fi","8":"product_cat-typpioksiduuli-fi","10":"first","11":"instock","12":"taxable","13":"shipping-taxable","14":"product-type-simple"},"acf":[],"yoast_head":"<!-- This site is optimized with the Yoast SEO plugin v27.4 - https:\/\/yoast.com\/product\/yoast-seo-wordpress\/ -->\n<title>FastGas Creamer | FastGas<\/title>\n<meta name=\"description\" content=\"FastGas Creamer on innovatiivinen N2O-annostelija, joka on suunniteltu erityisesti kermavaahdon, espumien cocktaileihin, vaahtojen ja kastikkeiden valmistamiseen.\" \/>\n<meta name=\"robots\" content=\"index, follow, max-snippet:-1, max-image-preview:large, max-video-preview:-1\" \/>\n<link rel=\"canonical\" href=\"https:\/\/fast-gas.com\/fi\/tuote\/fastgas-kermakapseli\/\" \/>\n<meta property=\"og:locale\" content=\"fi_FI\" \/>\n<meta property=\"og:type\" content=\"article\" \/>\n<meta property=\"og:title\" content=\"FastGas Creamer | FastGas\" \/>\n<meta property=\"og:description\" content=\"FastGas Creamer on innovatiivinen N2O-annostelija, joka on suunniteltu erityisesti kermavaahdon, espumien cocktaileihin, vaahtojen ja kastikkeiden valmistamiseen.\" \/>\n<meta property=\"og:url\" content=\"https:\/\/fast-gas.com\/fi\/tuote\/fastgas-kermakapseli\/\" \/>\n<meta property=\"og:site_name\" content=\"FastGas\" \/>\n<meta property=\"article:publisher\" content=\"https:\/\/facebook.com\/wearefastgas\" \/>\n<meta property=\"article:modified_time\" content=\"2025-10-30T14:41:25+00:00\" \/>\n<meta property=\"og:image\" content=\"https:\/\/fast-gas.com\/wp-content\/uploads\/2024\/06\/fg-new-branding-670-original.png\" \/>\n\t<meta property=\"og:image:width\" content=\"750\" \/>\n\t<meta property=\"og:image:height\" content=\"750\" \/>\n\t<meta property=\"og:image:type\" content=\"image\/png\" \/>\n<meta name=\"twitter:card\" content=\"summary_large_image\" \/>\n<meta name=\"twitter:label1\" content=\"Est. reading time\" \/>\n\t<meta name=\"twitter:data1\" content=\"1 minute\" \/>\n<script type=\"application\/ld+json\" class=\"yoast-schema-graph\">{\"@context\":\"https:\\\/\\\/schema.org\",\"@graph\":[{\"@type\":[\"WebPage\",\"ItemPage\"],\"@id\":\"https:\\\/\\\/fast-gas.com\\\/fi\\\/tuote\\\/fastgas-kermakapseli\\\/\",\"url\":\"https:\\\/\\\/fast-gas.com\\\/fi\\\/tuote\\\/fastgas-kermakapseli\\\/\",\"name\":\"FastGas Creamer | FastGas\",\"isPartOf\":{\"@id\":\"https:\\\/\\\/fast-gas.com\\\/fi\\\/#website\"},\"primaryImageOfPage\":{\"@id\":\"https:\\\/\\\/fast-gas.com\\\/fi\\\/tuote\\\/fastgas-kermakapseli\\\/#primaryimage\"},\"image\":{\"@id\":\"https:\\\/\\\/fast-gas.com\\\/fi\\\/tuote\\\/fastgas-kermakapseli\\\/#primaryimage\"},\"thumbnailUrl\":\"https:\\\/\\\/fast-gas.com\\\/wp-content\\\/uploads\\\/2024\\\/06\\\/fg-new-branding-670-original.png\",\"datePublished\":\"2024-06-12T11:25:43+00:00\",\"dateModified\":\"2025-10-30T14:41:25+00:00\",\"description\":\"FastGas Creamer on innovatiivinen N2O-annostelija, joka on suunniteltu erityisesti kermavaahdon, espumien cocktaileihin, vaahtojen ja kastikkeiden valmistamiseen.\",\"breadcrumb\":{\"@id\":\"https:\\\/\\\/fast-gas.com\\\/fi\\\/tuote\\\/fastgas-kermakapseli\\\/#breadcrumb\"},\"inLanguage\":\"fi-FI\",\"potentialAction\":[{\"@type\":\"ReadAction\",\"target\":[\"https:\\\/\\\/fast-gas.com\\\/fi\\\/tuote\\\/fastgas-kermakapseli\\\/\"]}]},{\"@type\":\"ImageObject\",\"inLanguage\":\"fi-FI\",\"@id\":\"https:\\\/\\\/fast-gas.com\\\/fi\\\/tuote\\\/fastgas-kermakapseli\\\/#primaryimage\",\"url\":\"https:\\\/\\\/fast-gas.com\\\/wp-content\\\/uploads\\\/2024\\\/06\\\/fg-new-branding-670-original.png\",\"contentUrl\":\"https:\\\/\\\/fast-gas.com\\\/wp-content\\\/uploads\\\/2024\\\/06\\\/fg-new-branding-670-original.png\",\"width\":750,\"height\":750},{\"@type\":\"BreadcrumbList\",\"@id\":\"https:\\\/\\\/fast-gas.com\\\/fi\\\/tuote\\\/fastgas-kermakapseli\\\/#breadcrumb\",\"itemListElement\":[{\"@type\":\"ListItem\",\"position\":1,\"name\":\"Home\",\"item\":\"https:\\\/\\\/fast-gas.com\\\/fi\\\/\"},{\"@type\":\"ListItem\",\"position\":2,\"name\":\"FastGas Kermakapseli\"}]},{\"@type\":\"WebSite\",\"@id\":\"https:\\\/\\\/fast-gas.com\\\/fi\\\/#website\",\"url\":\"https:\\\/\\\/fast-gas.com\\\/fi\\\/\",\"name\":\"FastGas\",\"description\":\"N2O Cream Chargers\",\"publisher\":{\"@id\":\"https:\\\/\\\/fast-gas.com\\\/fi\\\/#organization\"},\"potentialAction\":[{\"@type\":\"SearchAction\",\"target\":{\"@type\":\"EntryPoint\",\"urlTemplate\":\"https:\\\/\\\/fast-gas.com\\\/fi\\\/?s={search_term_string}\"},\"query-input\":{\"@type\":\"PropertyValueSpecification\",\"valueRequired\":true,\"valueName\":\"search_term_string\"}}],\"inLanguage\":\"fi-FI\"},{\"@type\":\"Organization\",\"@id\":\"https:\\\/\\\/fast-gas.com\\\/fi\\\/#organization\",\"name\":\"FastGas - Helium, CO2 & N2O Wholesale\",\"alternateName\":\"Fast Gas\",\"url\":\"https:\\\/\\\/fast-gas.com\\\/fi\\\/\",\"logo\":{\"@type\":\"ImageObject\",\"inLanguage\":\"fi-FI\",\"@id\":\"https:\\\/\\\/fast-gas.com\\\/fi\\\/#\\\/schema\\\/logo\\\/image\\\/\",\"url\":\"https:\\\/\\\/fast-gas.com\\\/wp-content\\\/uploads\\\/2025\\\/03\\\/cropped-Fastgas-Favicon.png\",\"contentUrl\":\"https:\\\/\\\/fast-gas.com\\\/wp-content\\\/uploads\\\/2025\\\/03\\\/cropped-Fastgas-Favicon.png\",\"width\":512,\"height\":512,\"caption\":\"FastGas - Helium, CO2 & N2O Wholesale\"},\"image\":{\"@id\":\"https:\\\/\\\/fast-gas.com\\\/fi\\\/#\\\/schema\\\/logo\\\/image\\\/\"},\"sameAs\":[\"https:\\\/\\\/facebook.com\\\/wearefastgas\",\"https:\\\/\\\/www.youtube.com\\\/channel\\\/UCV5w9vrihWFu0yM7SZzQfVQ\\\/videos\",\"https:\\\/\\\/instagram.com\\\/fastgas.official\"]}]}<\/script>\n<!-- \/ Yoast SEO plugin. -->","yoast_head_json":{"title":"FastGas Creamer | FastGas","description":"FastGas Creamer on innovatiivinen N2O-annostelija, joka on suunniteltu erityisesti kermavaahdon, espumien cocktaileihin, vaahtojen ja kastikkeiden valmistamiseen.","robots":{"index":"index","follow":"follow","max-snippet":"max-snippet:-1","max-image-preview":"max-image-preview:large","max-video-preview":"max-video-preview:-1"},"canonical":"https:\/\/fast-gas.com\/fi\/tuote\/fastgas-kermakapseli\/","og_locale":"fi_FI","og_type":"article","og_title":"FastGas Creamer | FastGas","og_description":"FastGas Creamer on innovatiivinen N2O-annostelija, joka on suunniteltu erityisesti kermavaahdon, espumien cocktaileihin, vaahtojen ja kastikkeiden valmistamiseen.","og_url":"https:\/\/fast-gas.com\/fi\/tuote\/fastgas-kermakapseli\/","og_site_name":"FastGas","article_publisher":"https:\/\/facebook.com\/wearefastgas","article_modified_time":"2025-10-30T14:41:25+00:00","og_image":[{"width":750,"height":750,"url":"https:\/\/fast-gas.com\/wp-content\/uploads\/2024\/06\/fg-new-branding-670-original.png","type":"image\/png"}],"twitter_card":"summary_large_image","twitter_misc":{"Est. reading time":"1 minute"},"schema":{"@context":"https:\/\/schema.org","@graph":[{"@type":["WebPage","ItemPage"],"@id":"https:\/\/fast-gas.com\/fi\/tuote\/fastgas-kermakapseli\/","url":"https:\/\/fast-gas.com\/fi\/tuote\/fastgas-kermakapseli\/","name":"FastGas Creamer | FastGas","isPartOf":{"@id":"https:\/\/fast-gas.com\/fi\/#website"},"primaryImageOfPage":{"@id":"https:\/\/fast-gas.com\/fi\/tuote\/fastgas-kermakapseli\/#primaryimage"},"image":{"@id":"https:\/\/fast-gas.com\/fi\/tuote\/fastgas-kermakapseli\/#primaryimage"},"thumbnailUrl":"https:\/\/fast-gas.com\/wp-content\/uploads\/2024\/06\/fg-new-branding-670-original.png","datePublished":"2024-06-12T11:25:43+00:00","dateModified":"2025-10-30T14:41:25+00:00","description":"FastGas Creamer on innovatiivinen N2O-annostelija, joka on suunniteltu erityisesti kermavaahdon, espumien cocktaileihin, vaahtojen ja kastikkeiden valmistamiseen.","breadcrumb":{"@id":"https:\/\/fast-gas.com\/fi\/tuote\/fastgas-kermakapseli\/#breadcrumb"},"inLanguage":"fi-FI","potentialAction":[{"@type":"ReadAction","target":["https:\/\/fast-gas.com\/fi\/tuote\/fastgas-kermakapseli\/"]}]},{"@type":"ImageObject","inLanguage":"fi-FI","@id":"https:\/\/fast-gas.com\/fi\/tuote\/fastgas-kermakapseli\/#primaryimage","url":"https:\/\/fast-gas.com\/wp-content\/uploads\/2024\/06\/fg-new-branding-670-original.png","contentUrl":"https:\/\/fast-gas.com\/wp-content\/uploads\/2024\/06\/fg-new-branding-670-original.png","width":750,"height":750},{"@type":"BreadcrumbList","@id":"https:\/\/fast-gas.com\/fi\/tuote\/fastgas-kermakapseli\/#breadcrumb","itemListElement":[{"@type":"ListItem","position":1,"name":"Home","item":"https:\/\/fast-gas.com\/fi\/"},{"@type":"ListItem","position":2,"name":"FastGas Kermakapseli"}]},{"@type":"WebSite","@id":"https:\/\/fast-gas.com\/fi\/#website","url":"https:\/\/fast-gas.com\/fi\/","name":"FastGas","description":"N2O Cream Chargers","publisher":{"@id":"https:\/\/fast-gas.com\/fi\/#organization"},"potentialAction":[{"@type":"SearchAction","target":{"@type":"EntryPoint","urlTemplate":"https:\/\/fast-gas.com\/fi\/?s={search_term_string}"},"query-input":{"@type":"PropertyValueSpecification","valueRequired":true,"valueName":"search_term_string"}}],"inLanguage":"fi-FI"},{"@type":"Organization","@id":"https:\/\/fast-gas.com\/fi\/#organization","name":"FastGas - Helium, CO2 & N2O Wholesale","alternateName":"Fast Gas","url":"https:\/\/fast-gas.com\/fi\/","logo":{"@type":"ImageObject","inLanguage":"fi-FI","@id":"https:\/\/fast-gas.com\/fi\/#\/schema\/logo\/image\/","url":"https:\/\/fast-gas.com\/wp-content\/uploads\/2025\/03\/cropped-Fastgas-Favicon.png","contentUrl":"https:\/\/fast-gas.com\/wp-content\/uploads\/2025\/03\/cropped-Fastgas-Favicon.png","width":512,"height":512,"caption":"FastGas - Helium, CO2 & N2O Wholesale"},"image":{"@id":"https:\/\/fast-gas.com\/fi\/#\/schema\/logo\/image\/"},"sameAs":["https:\/\/facebook.com\/wearefastgas","https:\/\/www.youtube.com\/channel\/UCV5w9vrihWFu0yM7SZzQfVQ\/videos","https:\/\/instagram.com\/fastgas.official"]}]}},"_links":{"self":[{"href":"https:\/\/fast-gas.com\/fi\/wp-json\/wp\/v2\/product\/35988","targetHints":{"allow":["GET"]}}],"collection":[{"href":"https:\/\/fast-gas.com\/fi\/wp-json\/wp\/v2\/product"}],"about":[{"href":"https:\/\/fast-gas.com\/fi\/wp-json\/wp\/v2\/types\/product"}],"wp:featuredmedia":[{"embeddable":true,"href":"https:\/\/fast-gas.com\/fi\/wp-json\/wp\/v2\/media\/42723"}],"wp:attachment":[{"href":"https:\/\/fast-gas.com\/fi\/wp-json\/wp\/v2\/media?parent=35988"}],"wp:term":[{"taxonomy":"product_brand","embeddable":true,"href":"https:\/\/fast-gas.com\/fi\/wp-json\/wp\/v2\/product_brand?post=35988"},{"taxonomy":"product_cat","embeddable":true,"href":"https:\/\/fast-gas.com\/fi\/wp-json\/wp\/v2\/product_cat?post=35988"},{"taxonomy":"product_tag","embeddable":true,"href":"https:\/\/fast-gas.com\/fi\/wp-json\/wp\/v2\/product_tag?post=35988"}],"curies":[{"name":"wp","href":"https:\/\/api.w.org\/{rel}","templated":true}]}}