{"id":33928,"date":"2023-08-17T08:27:33","date_gmt":"2023-08-17T06:27:33","guid":{"rendered":"https:\/\/fast-gas.com\/product\/fastgas-original-nitrous-oxide-cylinder-2000-grams\/"},"modified":"2025-10-30T16:18:35","modified_gmt":"2025-10-30T15:18:35","slug":"fastgas-original-typpikaasusylinteri-2000-grammaa","status":"publish","type":"product","link":"https:\/\/fast-gas.com\/fi\/tuote\/fastgas-original-typpikaasusylinteri-2000-grammaa\/","title":{"rendered":"FastGas Kermavaahtopatruuna Original 2000g"},"excerpt":{"rendered":"<p>Suurin kapasiteettimme sylinteri on k\u00e4tev\u00e4n kokoinen ja varustettu k\u00e4tev\u00e4ll\u00e4 hihnalla.<\/p>\n<p>T\u00e4ytetty kapasiteettiinsa Euroopan laatustandardien mukaista typpioksidia noudattaen tiukkoja turvallisuusprotokollia.<\/p>\n<p>FastGas tuottaa kuohkeimman kermavaahdon, espumat cocktaileihin, kastikkeet ja muuta.<\/p>\n<p>Uusi muotoilu sis\u00e4lt\u00e4\u00e4 varmistus-QR-koodin. <a href=\"https:\/\/fast-gas.com\/fi\/verify\/\">Opi vahvistamaan pullosi<\/a>.<\/p>\n<p><strong>*Jokainen 2 kg:n lava sis\u00e4lt\u00e4\u00e4 162 laatikkoa (1 kanisteri per laatikko)<\/strong><\/p>\n","protected":false},"featured_media":47715,"template":"","meta":{"_acf_changed":false},"product_brand":[],"product_cat":[496,447,448],"product_tag":[],"class_list":{"0":"post-33928","1":"product","2":"type-product","3":"status-publish","4":"has-post-thumbnail","6":"product_cat-kaikille","7":"product_cat-kerma-annostelijat-fi","8":"product_cat-typpioksiduuli-fi","10":"first","11":"instock","12":"taxable","13":"shipping-taxable","14":"product-type-simple"},"acf":[],"yoast_head":"<!-- This site is optimized with the Yoast SEO plugin v27.2 - https:\/\/yoast.com\/product\/yoast-seo-wordpress\/ -->\n<title>FastGas Original N2O-kaasupatruuna - 2000 grammaa | FastGas<\/title>\n<meta name=\"description\" content=\"Valmista kermavaahtoja FastGas N2O-kaasupatruunalla | 2000g - suurikapasiteettisin laturi | T\u00e4ydellinen kakkuja ja cocktaileja varten. Tilaa nyt!\" \/>\n<meta name=\"robots\" content=\"index, follow, max-snippet:-1, max-image-preview:large, max-video-preview:-1\" \/>\n<link rel=\"canonical\" href=\"https:\/\/fast-gas.com\/fi\/tuote\/fastgas-original-typpikaasusylinteri-2000-grammaa\/\" \/>\n<meta property=\"og:locale\" content=\"fi_FI\" \/>\n<meta property=\"og:type\" content=\"article\" \/>\n<meta property=\"og:title\" content=\"FastGas Original N2O-kaasupatruuna - 2000 grammaa | FastGas\" \/>\n<meta property=\"og:description\" content=\"Valmista kermavaahtoja FastGas N2O-kaasupatruunalla | 2000g - suurikapasiteettisin laturi | T\u00e4ydellinen kakkuja ja cocktaileja varten. Tilaa nyt!\" \/>\n<meta property=\"og:url\" content=\"https:\/\/fast-gas.com\/fi\/tuote\/fastgas-original-typpikaasusylinteri-2000-grammaa\/\" \/>\n<meta property=\"og:site_name\" content=\"FastGas\" \/>\n<meta property=\"article:publisher\" content=\"https:\/\/facebook.com\/wearefastgas\" \/>\n<meta property=\"article:modified_time\" content=\"2025-10-30T15:18:35+00:00\" \/>\n<meta property=\"og:image\" content=\"https:\/\/fast-gas.com\/wp-content\/uploads\/2023\/08\/PRODUCT-PAGE_2000_front-view.png\" \/>\n\t<meta property=\"og:image:width\" content=\"750\" \/>\n\t<meta property=\"og:image:height\" content=\"750\" \/>\n\t<meta property=\"og:image:type\" content=\"image\/png\" \/>\n<meta name=\"twitter:card\" content=\"summary_large_image\" \/>\n<meta name=\"twitter:label1\" content=\"Est. reading time\" \/>\n\t<meta name=\"twitter:data1\" content=\"1 minute\" \/>\n<script type=\"application\/ld+json\" class=\"yoast-schema-graph\">{\"@context\":\"https:\/\/schema.org\",\"@graph\":[{\"@type\":[\"WebPage\",\"ItemPage\"],\"@id\":\"https:\/\/fast-gas.com\/fi\/tuote\/fastgas-original-typpikaasusylinteri-2000-grammaa\/\",\"url\":\"https:\/\/fast-gas.com\/fi\/tuote\/fastgas-original-typpikaasusylinteri-2000-grammaa\/\",\"name\":\"FastGas Original N2O-kaasupatruuna - 2000 grammaa | FastGas\",\"isPartOf\":{\"@id\":\"https:\/\/fast-gas.com\/fi\/#website\"},\"primaryImageOfPage\":{\"@id\":\"https:\/\/fast-gas.com\/fi\/tuote\/fastgas-original-typpikaasusylinteri-2000-grammaa\/#primaryimage\"},\"image\":{\"@id\":\"https:\/\/fast-gas.com\/fi\/tuote\/fastgas-original-typpikaasusylinteri-2000-grammaa\/#primaryimage\"},\"thumbnailUrl\":\"https:\/\/fast-gas.com\/wp-content\/uploads\/2023\/08\/PRODUCT-PAGE_2000_front-view.png\",\"datePublished\":\"2023-08-17T06:27:33+00:00\",\"dateModified\":\"2025-10-30T15:18:35+00:00\",\"description\":\"Valmista kermavaahtoja FastGas N2O-kaasupatruunalla | 2000g - suurikapasiteettisin laturi | T\u00e4ydellinen kakkuja ja cocktaileja varten. Tilaa nyt!\",\"breadcrumb\":{\"@id\":\"https:\/\/fast-gas.com\/fi\/tuote\/fastgas-original-typpikaasusylinteri-2000-grammaa\/#breadcrumb\"},\"inLanguage\":\"fi-FI\",\"potentialAction\":[{\"@type\":\"ReadAction\",\"target\":[\"https:\/\/fast-gas.com\/fi\/tuote\/fastgas-original-typpikaasusylinteri-2000-grammaa\/\"]}]},{\"@type\":\"ImageObject\",\"inLanguage\":\"fi-FI\",\"@id\":\"https:\/\/fast-gas.com\/fi\/tuote\/fastgas-original-typpikaasusylinteri-2000-grammaa\/#primaryimage\",\"url\":\"https:\/\/fast-gas.com\/wp-content\/uploads\/2023\/08\/PRODUCT-PAGE_2000_front-view.png\",\"contentUrl\":\"https:\/\/fast-gas.com\/wp-content\/uploads\/2023\/08\/PRODUCT-PAGE_2000_front-view.png\",\"width\":750,\"height\":750},{\"@type\":\"BreadcrumbList\",\"@id\":\"https:\/\/fast-gas.com\/fi\/tuote\/fastgas-original-typpikaasusylinteri-2000-grammaa\/#breadcrumb\",\"itemListElement\":[{\"@type\":\"ListItem\",\"position\":1,\"name\":\"Home\",\"item\":\"https:\/\/fast-gas.com\/fi\/\"},{\"@type\":\"ListItem\",\"position\":2,\"name\":\"FastGas Kermavaahtopatruuna Original 2000g\"}]},{\"@type\":\"WebSite\",\"@id\":\"https:\/\/fast-gas.com\/fi\/#website\",\"url\":\"https:\/\/fast-gas.com\/fi\/\",\"name\":\"FastGas\",\"description\":\"N2O Cream Chargers\",\"publisher\":{\"@id\":\"https:\/\/fast-gas.com\/fi\/#organization\"},\"potentialAction\":[{\"@type\":\"SearchAction\",\"target\":{\"@type\":\"EntryPoint\",\"urlTemplate\":\"https:\/\/fast-gas.com\/fi\/?s={search_term_string}\"},\"query-input\":{\"@type\":\"PropertyValueSpecification\",\"valueRequired\":true,\"valueName\":\"search_term_string\"}}],\"inLanguage\":\"fi-FI\"},{\"@type\":\"Organization\",\"@id\":\"https:\/\/fast-gas.com\/fi\/#organization\",\"name\":\"FastGas - Helium, CO2 & N2O Wholesale\",\"alternateName\":\"Fast Gas\",\"url\":\"https:\/\/fast-gas.com\/fi\/\",\"logo\":{\"@type\":\"ImageObject\",\"inLanguage\":\"fi-FI\",\"@id\":\"https:\/\/fast-gas.com\/fi\/#\/schema\/logo\/image\/\",\"url\":\"https:\/\/fast-gas.com\/wp-content\/uploads\/2025\/03\/cropped-Fastgas-Favicon.png\",\"contentUrl\":\"https:\/\/fast-gas.com\/wp-content\/uploads\/2025\/03\/cropped-Fastgas-Favicon.png\",\"width\":512,\"height\":512,\"caption\":\"FastGas - Helium, CO2 & N2O Wholesale\"},\"image\":{\"@id\":\"https:\/\/fast-gas.com\/fi\/#\/schema\/logo\/image\/\"},\"sameAs\":[\"https:\/\/facebook.com\/wearefastgas\",\"https:\/\/www.youtube.com\/channel\/UCV5w9vrihWFu0yM7SZzQfVQ\/videos\",\"https:\/\/instagram.com\/fastgas.official\"]}]}<\/script>\n<!-- \/ Yoast SEO plugin. -->","yoast_head_json":{"title":"FastGas Original N2O-kaasupatruuna - 2000 grammaa | FastGas","description":"Valmista kermavaahtoja FastGas N2O-kaasupatruunalla | 2000g - suurikapasiteettisin laturi | T\u00e4ydellinen kakkuja ja cocktaileja varten. Tilaa nyt!","robots":{"index":"index","follow":"follow","max-snippet":"max-snippet:-1","max-image-preview":"max-image-preview:large","max-video-preview":"max-video-preview:-1"},"canonical":"https:\/\/fast-gas.com\/fi\/tuote\/fastgas-original-typpikaasusylinteri-2000-grammaa\/","og_locale":"fi_FI","og_type":"article","og_title":"FastGas Original N2O-kaasupatruuna - 2000 grammaa | FastGas","og_description":"Valmista kermavaahtoja FastGas N2O-kaasupatruunalla | 2000g - suurikapasiteettisin laturi | T\u00e4ydellinen kakkuja ja cocktaileja varten. Tilaa nyt!","og_url":"https:\/\/fast-gas.com\/fi\/tuote\/fastgas-original-typpikaasusylinteri-2000-grammaa\/","og_site_name":"FastGas","article_publisher":"https:\/\/facebook.com\/wearefastgas","article_modified_time":"2025-10-30T15:18:35+00:00","og_image":[{"width":750,"height":750,"url":"https:\/\/fast-gas.com\/wp-content\/uploads\/2023\/08\/PRODUCT-PAGE_2000_front-view.png","type":"image\/png"}],"twitter_card":"summary_large_image","twitter_misc":{"Est. reading time":"1 minute"},"schema":{"@context":"https:\/\/schema.org","@graph":[{"@type":["WebPage","ItemPage"],"@id":"https:\/\/fast-gas.com\/fi\/tuote\/fastgas-original-typpikaasusylinteri-2000-grammaa\/","url":"https:\/\/fast-gas.com\/fi\/tuote\/fastgas-original-typpikaasusylinteri-2000-grammaa\/","name":"FastGas Original N2O-kaasupatruuna - 2000 grammaa | FastGas","isPartOf":{"@id":"https:\/\/fast-gas.com\/fi\/#website"},"primaryImageOfPage":{"@id":"https:\/\/fast-gas.com\/fi\/tuote\/fastgas-original-typpikaasusylinteri-2000-grammaa\/#primaryimage"},"image":{"@id":"https:\/\/fast-gas.com\/fi\/tuote\/fastgas-original-typpikaasusylinteri-2000-grammaa\/#primaryimage"},"thumbnailUrl":"https:\/\/fast-gas.com\/wp-content\/uploads\/2023\/08\/PRODUCT-PAGE_2000_front-view.png","datePublished":"2023-08-17T06:27:33+00:00","dateModified":"2025-10-30T15:18:35+00:00","description":"Valmista kermavaahtoja FastGas N2O-kaasupatruunalla | 2000g - suurikapasiteettisin laturi | T\u00e4ydellinen kakkuja ja cocktaileja varten. Tilaa nyt!","breadcrumb":{"@id":"https:\/\/fast-gas.com\/fi\/tuote\/fastgas-original-typpikaasusylinteri-2000-grammaa\/#breadcrumb"},"inLanguage":"fi-FI","potentialAction":[{"@type":"ReadAction","target":["https:\/\/fast-gas.com\/fi\/tuote\/fastgas-original-typpikaasusylinteri-2000-grammaa\/"]}]},{"@type":"ImageObject","inLanguage":"fi-FI","@id":"https:\/\/fast-gas.com\/fi\/tuote\/fastgas-original-typpikaasusylinteri-2000-grammaa\/#primaryimage","url":"https:\/\/fast-gas.com\/wp-content\/uploads\/2023\/08\/PRODUCT-PAGE_2000_front-view.png","contentUrl":"https:\/\/fast-gas.com\/wp-content\/uploads\/2023\/08\/PRODUCT-PAGE_2000_front-view.png","width":750,"height":750},{"@type":"BreadcrumbList","@id":"https:\/\/fast-gas.com\/fi\/tuote\/fastgas-original-typpikaasusylinteri-2000-grammaa\/#breadcrumb","itemListElement":[{"@type":"ListItem","position":1,"name":"Home","item":"https:\/\/fast-gas.com\/fi\/"},{"@type":"ListItem","position":2,"name":"FastGas Kermavaahtopatruuna Original 2000g"}]},{"@type":"WebSite","@id":"https:\/\/fast-gas.com\/fi\/#website","url":"https:\/\/fast-gas.com\/fi\/","name":"FastGas","description":"N2O Cream Chargers","publisher":{"@id":"https:\/\/fast-gas.com\/fi\/#organization"},"potentialAction":[{"@type":"SearchAction","target":{"@type":"EntryPoint","urlTemplate":"https:\/\/fast-gas.com\/fi\/?s={search_term_string}"},"query-input":{"@type":"PropertyValueSpecification","valueRequired":true,"valueName":"search_term_string"}}],"inLanguage":"fi-FI"},{"@type":"Organization","@id":"https:\/\/fast-gas.com\/fi\/#organization","name":"FastGas - Helium, CO2 & N2O Wholesale","alternateName":"Fast Gas","url":"https:\/\/fast-gas.com\/fi\/","logo":{"@type":"ImageObject","inLanguage":"fi-FI","@id":"https:\/\/fast-gas.com\/fi\/#\/schema\/logo\/image\/","url":"https:\/\/fast-gas.com\/wp-content\/uploads\/2025\/03\/cropped-Fastgas-Favicon.png","contentUrl":"https:\/\/fast-gas.com\/wp-content\/uploads\/2025\/03\/cropped-Fastgas-Favicon.png","width":512,"height":512,"caption":"FastGas - Helium, CO2 & N2O Wholesale"},"image":{"@id":"https:\/\/fast-gas.com\/fi\/#\/schema\/logo\/image\/"},"sameAs":["https:\/\/facebook.com\/wearefastgas","https:\/\/www.youtube.com\/channel\/UCV5w9vrihWFu0yM7SZzQfVQ\/videos","https:\/\/instagram.com\/fastgas.official"]}]}},"_links":{"self":[{"href":"https:\/\/fast-gas.com\/fi\/wp-json\/wp\/v2\/product\/33928","targetHints":{"allow":["GET"]}}],"collection":[{"href":"https:\/\/fast-gas.com\/fi\/wp-json\/wp\/v2\/product"}],"about":[{"href":"https:\/\/fast-gas.com\/fi\/wp-json\/wp\/v2\/types\/product"}],"wp:featuredmedia":[{"embeddable":true,"href":"https:\/\/fast-gas.com\/fi\/wp-json\/wp\/v2\/media\/47715"}],"wp:attachment":[{"href":"https:\/\/fast-gas.com\/fi\/wp-json\/wp\/v2\/media?parent=33928"}],"wp:term":[{"taxonomy":"product_brand","embeddable":true,"href":"https:\/\/fast-gas.com\/fi\/wp-json\/wp\/v2\/product_brand?post=33928"},{"taxonomy":"product_cat","embeddable":true,"href":"https:\/\/fast-gas.com\/fi\/wp-json\/wp\/v2\/product_cat?post=33928"},{"taxonomy":"product_tag","embeddable":true,"href":"https:\/\/fast-gas.com\/fi\/wp-json\/wp\/v2\/product_tag?post=33928"}],"curies":[{"name":"wp","href":"https:\/\/api.w.org\/{rel}","templated":true}]}}