{"id":37346,"date":"2024-07-16T13:12:42","date_gmt":"2024-07-16T11:12:42","guid":{"rendered":"https:\/\/staging.fast-gas.com\/fastgas-helium-n2o-and-co2-gasses-at-wholesale-prices\/"},"modified":"2025-10-28T13:47:18","modified_gmt":"2025-10-28T12:47:18","slug":"fastgas-helium-n2o-and-co2-gasses-at-wholesale-prices","status":"publish","type":"page","link":"https:\/\/fast-gas.com\/fi\/","title":{"rendered":"Parhaiten myyv\u00e4 N2O tukkuhinnoin!"},"content":{"rendered":"","protected":false},"excerpt":{"rendered":"","protected":false},"author":4723,"featured_media":0,"parent":0,"menu_order":0,"comment_status":"closed","ping_status":"closed","template":"tpl-flex-content.php","meta":{"_acf_changed":false,"footnotes":""},"class_list":["post-37346","page","type-page","status-publish","hentry"],"acf":[],"yoast_head":"<!-- This site is optimized with the Yoast SEO plugin v27.2 - https:\/\/yoast.com\/product\/yoast-seo-wordpress\/ -->\n<title>FastGas parhaiten myyv\u00e4 N2O tukkuhinnoin!<\/title>\n<meta name=\"description\" content=\"FastGas Parhaiten myyv\u00e4\u00e4 eurooppalaista laatua olevaa N2O:ta tukkuhintaan. Aina varastossa &amp; kansainv\u00e4liset toimitukset.\" \/>\n<meta name=\"robots\" content=\"index, follow, max-snippet:-1, max-image-preview:large, max-video-preview:-1\" \/>\n<link rel=\"canonical\" href=\"https:\/\/fast-gas.com\/fi\/\" \/>\n<meta property=\"og:locale\" content=\"fi_FI\" \/>\n<meta property=\"og:type\" content=\"article\" \/>\n<meta property=\"og:title\" content=\"FastGas parhaiten myyv\u00e4 N2O tukkuhinnoin!\" \/>\n<meta property=\"og:description\" content=\"FastGas Parhaiten myyv\u00e4\u00e4 eurooppalaista laatua olevaa N2O:ta tukkuhintaan. Aina varastossa &amp; kansainv\u00e4liset toimitukset.\" \/>\n<meta property=\"og:url\" content=\"https:\/\/fast-gas.com\/fi\/\" \/>\n<meta property=\"og:site_name\" content=\"FastGas\" \/>\n<meta property=\"article:publisher\" content=\"https:\/\/facebook.com\/wearefastgas\" \/>\n<meta property=\"article:modified_time\" content=\"2025-10-28T12:47:18+00:00\" \/>\n<meta property=\"og:image\" content=\"https:\/\/fast-gas.com\/wp-content\/uploads\/2025\/09\/Untitled-design-4.png\" \/>\n\t<meta property=\"og:image:width\" content=\"500\" \/>\n\t<meta property=\"og:image:height\" content=\"500\" \/>\n\t<meta property=\"og:image:type\" content=\"image\/png\" \/>\n<meta name=\"twitter:card\" content=\"summary_large_image\" \/>\n<meta name=\"twitter:label1\" content=\"Est. reading time\" \/>\n\t<meta name=\"twitter:data1\" content=\"3 minutes\" \/>\n<script type=\"application\/ld+json\" class=\"yoast-schema-graph\">{\"@context\":\"https:\/\/schema.org\",\"@graph\":[{\"@type\":\"WebPage\",\"@id\":\"https:\/\/fast-gas.com\/fi\/\",\"url\":\"https:\/\/fast-gas.com\/fi\/\",\"name\":\"FastGas parhaiten myyv\u00e4 N2O tukkuhinnoin!\",\"isPartOf\":{\"@id\":\"https:\/\/fast-gas.com\/fi\/#website\"},\"datePublished\":\"2024-07-16T11:12:42+00:00\",\"dateModified\":\"2025-10-28T12:47:18+00:00\",\"description\":\"FastGas Parhaiten myyv\u00e4\u00e4 eurooppalaista laatua olevaa N2O:ta tukkuhintaan. Aina varastossa & kansainv\u00e4liset toimitukset.\",\"breadcrumb\":{\"@id\":\"https:\/\/fast-gas.com\/fi\/#breadcrumb\"},\"inLanguage\":\"fi-FI\",\"potentialAction\":[{\"@type\":\"ReadAction\",\"target\":[\"https:\/\/fast-gas.com\/fi\/\"]}]},{\"@type\":\"BreadcrumbList\",\"@id\":\"https:\/\/fast-gas.com\/fi\/#breadcrumb\",\"itemListElement\":[{\"@type\":\"ListItem\",\"position\":1,\"name\":\"Home\",\"item\":\"https:\/\/fast-gas.com\/fi\/\"},{\"@type\":\"ListItem\",\"position\":2,\"name\":\"Parhaiten myyv\u00e4 N2O tukkuhinnoin!\"}]},{\"@type\":\"WebSite\",\"@id\":\"https:\/\/fast-gas.com\/fi\/#website\",\"url\":\"https:\/\/fast-gas.com\/fi\/\",\"name\":\"FastGas\",\"description\":\"N2O Cream Chargers\",\"publisher\":{\"@id\":\"https:\/\/fast-gas.com\/fi\/#organization\"},\"potentialAction\":[{\"@type\":\"SearchAction\",\"target\":{\"@type\":\"EntryPoint\",\"urlTemplate\":\"https:\/\/fast-gas.com\/fi\/?s={search_term_string}\"},\"query-input\":{\"@type\":\"PropertyValueSpecification\",\"valueRequired\":true,\"valueName\":\"search_term_string\"}}],\"inLanguage\":\"fi-FI\"},{\"@type\":\"Organization\",\"@id\":\"https:\/\/fast-gas.com\/fi\/#organization\",\"name\":\"FastGas - Helium, CO2 & N2O Wholesale\",\"alternateName\":\"Fast Gas\",\"url\":\"https:\/\/fast-gas.com\/fi\/\",\"logo\":{\"@type\":\"ImageObject\",\"inLanguage\":\"fi-FI\",\"@id\":\"https:\/\/fast-gas.com\/fi\/#\/schema\/logo\/image\/\",\"url\":\"https:\/\/fast-gas.com\/wp-content\/uploads\/2025\/03\/cropped-Fastgas-Favicon.png\",\"contentUrl\":\"https:\/\/fast-gas.com\/wp-content\/uploads\/2025\/03\/cropped-Fastgas-Favicon.png\",\"width\":512,\"height\":512,\"caption\":\"FastGas - Helium, CO2 & N2O Wholesale\"},\"image\":{\"@id\":\"https:\/\/fast-gas.com\/fi\/#\/schema\/logo\/image\/\"},\"sameAs\":[\"https:\/\/facebook.com\/wearefastgas\",\"https:\/\/www.youtube.com\/channel\/UCV5w9vrihWFu0yM7SZzQfVQ\/videos\",\"https:\/\/instagram.com\/fastgas.official\"]}]}<\/script>\n<!-- \/ Yoast SEO plugin. -->","yoast_head_json":{"title":"FastGas parhaiten myyv\u00e4 N2O tukkuhinnoin!","description":"FastGas Parhaiten myyv\u00e4\u00e4 eurooppalaista laatua olevaa N2O:ta tukkuhintaan. Aina varastossa & kansainv\u00e4liset toimitukset.","robots":{"index":"index","follow":"follow","max-snippet":"max-snippet:-1","max-image-preview":"max-image-preview:large","max-video-preview":"max-video-preview:-1"},"canonical":"https:\/\/fast-gas.com\/fi\/","og_locale":"fi_FI","og_type":"article","og_title":"FastGas parhaiten myyv\u00e4 N2O tukkuhinnoin!","og_description":"FastGas Parhaiten myyv\u00e4\u00e4 eurooppalaista laatua olevaa N2O:ta tukkuhintaan. Aina varastossa & kansainv\u00e4liset toimitukset.","og_url":"https:\/\/fast-gas.com\/fi\/","og_site_name":"FastGas","article_publisher":"https:\/\/facebook.com\/wearefastgas","article_modified_time":"2025-10-28T12:47:18+00:00","og_image":[{"width":500,"height":500,"url":"https:\/\/fast-gas.com\/wp-content\/uploads\/2025\/09\/Untitled-design-4.png","type":"image\/png"}],"twitter_card":"summary_large_image","twitter_misc":{"Est. reading time":"3 minutes"},"schema":{"@context":"https:\/\/schema.org","@graph":[{"@type":"WebPage","@id":"https:\/\/fast-gas.com\/fi\/","url":"https:\/\/fast-gas.com\/fi\/","name":"FastGas parhaiten myyv\u00e4 N2O tukkuhinnoin!","isPartOf":{"@id":"https:\/\/fast-gas.com\/fi\/#website"},"datePublished":"2024-07-16T11:12:42+00:00","dateModified":"2025-10-28T12:47:18+00:00","description":"FastGas Parhaiten myyv\u00e4\u00e4 eurooppalaista laatua olevaa N2O:ta tukkuhintaan. Aina varastossa & kansainv\u00e4liset toimitukset.","breadcrumb":{"@id":"https:\/\/fast-gas.com\/fi\/#breadcrumb"},"inLanguage":"fi-FI","potentialAction":[{"@type":"ReadAction","target":["https:\/\/fast-gas.com\/fi\/"]}]},{"@type":"BreadcrumbList","@id":"https:\/\/fast-gas.com\/fi\/#breadcrumb","itemListElement":[{"@type":"ListItem","position":1,"name":"Home","item":"https:\/\/fast-gas.com\/fi\/"},{"@type":"ListItem","position":2,"name":"Parhaiten myyv\u00e4 N2O tukkuhinnoin!"}]},{"@type":"WebSite","@id":"https:\/\/fast-gas.com\/fi\/#website","url":"https:\/\/fast-gas.com\/fi\/","name":"FastGas","description":"N2O Cream Chargers","publisher":{"@id":"https:\/\/fast-gas.com\/fi\/#organization"},"potentialAction":[{"@type":"SearchAction","target":{"@type":"EntryPoint","urlTemplate":"https:\/\/fast-gas.com\/fi\/?s={search_term_string}"},"query-input":{"@type":"PropertyValueSpecification","valueRequired":true,"valueName":"search_term_string"}}],"inLanguage":"fi-FI"},{"@type":"Organization","@id":"https:\/\/fast-gas.com\/fi\/#organization","name":"FastGas - Helium, CO2 & N2O Wholesale","alternateName":"Fast Gas","url":"https:\/\/fast-gas.com\/fi\/","logo":{"@type":"ImageObject","inLanguage":"fi-FI","@id":"https:\/\/fast-gas.com\/fi\/#\/schema\/logo\/image\/","url":"https:\/\/fast-gas.com\/wp-content\/uploads\/2025\/03\/cropped-Fastgas-Favicon.png","contentUrl":"https:\/\/fast-gas.com\/wp-content\/uploads\/2025\/03\/cropped-Fastgas-Favicon.png","width":512,"height":512,"caption":"FastGas - Helium, CO2 & N2O Wholesale"},"image":{"@id":"https:\/\/fast-gas.com\/fi\/#\/schema\/logo\/image\/"},"sameAs":["https:\/\/facebook.com\/wearefastgas","https:\/\/www.youtube.com\/channel\/UCV5w9vrihWFu0yM7SZzQfVQ\/videos","https:\/\/instagram.com\/fastgas.official"]}]}},"_links":{"self":[{"href":"https:\/\/fast-gas.com\/fi\/wp-json\/wp\/v2\/pages\/37346","targetHints":{"allow":["GET"]}}],"collection":[{"href":"https:\/\/fast-gas.com\/fi\/wp-json\/wp\/v2\/pages"}],"about":[{"href":"https:\/\/fast-gas.com\/fi\/wp-json\/wp\/v2\/types\/page"}],"author":[{"embeddable":true,"href":"https:\/\/fast-gas.com\/fi\/wp-json\/wp\/v2\/users\/4723"}],"replies":[{"embeddable":true,"href":"https:\/\/fast-gas.com\/fi\/wp-json\/wp\/v2\/comments?post=37346"}],"version-history":[{"count":17,"href":"https:\/\/fast-gas.com\/fi\/wp-json\/wp\/v2\/pages\/37346\/revisions"}],"predecessor-version":[{"id":48445,"href":"https:\/\/fast-gas.com\/fi\/wp-json\/wp\/v2\/pages\/37346\/revisions\/48445"}],"wp:attachment":[{"href":"https:\/\/fast-gas.com\/fi\/wp-json\/wp\/v2\/media?parent=37346"}],"curies":[{"name":"wp","href":"https:\/\/api.w.org\/{rel}","templated":true}]}}