{"id":42137,"date":"2025-03-18T13:26:42","date_gmt":"2025-03-18T12:26:42","guid":{"rendered":"https:\/\/staging.fast-gas.com\/?post_type=product&#038;p=42137"},"modified":"2025-10-30T15:57:55","modified_gmt":"2025-10-30T14:57:55","slug":"sifon-de-crema","status":"publish","type":"product","link":"https:\/\/fast-gas.com\/es\/producto\/sifon-de-crema\/","title":{"rendered":"Sif\u00f3n"},"excerpt":{"rendered":"<p>El sif\u00f3n de crema FastGas est\u00e1 dise\u00f1ado para dispensar el producto final: cremas batidas, espumas y mousses en tus creaciones culinarias o de bar.<\/p>\n<p>Compatible con el FastGas Creamer y el regulador de presi\u00f3n FastGas, as\u00ed como con la mayor\u00eda de los est\u00e1ndares de la industria.<\/p>\n<p>Solo adecuado para mezclas fr\u00edas.<\/p>\n","protected":false},"featured_media":42739,"template":"","meta":{"_acf_changed":false},"product_brand":[],"product_cat":[459,460,498],"product_tag":[],"class_list":{"0":"post-42137","1":"product","2":"type-product","3":"status-publish","4":"has-post-thumbnail","6":"product_cat-cargas-para-nata-es","7":"product_cat-oxido-nitroso-es","8":"product_cat-todos","10":"first","11":"instock","12":"taxable","13":"shipping-taxable","14":"product-type-simple"},"acf":[],"yoast_head":"<!-- This site is optimized with the Yoast SEO plugin v27.2 - https:\/\/yoast.com\/product\/yoast-seo-wordpress\/ -->\n<title>Sif\u00f3n de crema FastGas: espumas y cremas perfectas | FastGas<\/title>\n<meta name=\"description\" content=\"Mejora tus creaciones culinarias o de bar con el sif\u00f3n de crema FastGas\u2014ideal para crema batida, espumas y espumas fr\u00edas. Solo apto para mezclas fr\u00edas.\" \/>\n<meta name=\"robots\" content=\"index, follow, max-snippet:-1, max-image-preview:large, max-video-preview:-1\" \/>\n<link rel=\"canonical\" href=\"https:\/\/fast-gas.com\/es\/producto\/sifon-de-crema\/\" \/>\n<meta property=\"og:locale\" content=\"es_ES\" \/>\n<meta property=\"og:type\" content=\"article\" \/>\n<meta property=\"og:title\" content=\"Sif\u00f3n de crema FastGas: espumas y cremas perfectas | FastGas\" \/>\n<meta property=\"og:description\" content=\"Mejora tus creaciones culinarias o de bar con el sif\u00f3n de crema FastGas\u2014ideal para crema batida, espumas y espumas fr\u00edas. Solo apto para mezclas fr\u00edas.\" \/>\n<meta property=\"og:url\" content=\"https:\/\/fast-gas.com\/es\/producto\/sifon-de-crema\/\" \/>\n<meta property=\"og:site_name\" content=\"FastGas\" \/>\n<meta property=\"article:publisher\" content=\"https:\/\/facebook.com\/wearefastgas\" \/>\n<meta property=\"article:modified_time\" content=\"2025-10-30T14:57:55+00:00\" \/>\n<meta property=\"og:image\" content=\"https:\/\/fast-gas.com\/wp-content\/uploads\/2025\/03\/3.png\" \/>\n\t<meta property=\"og:image:width\" content=\"750\" \/>\n\t<meta property=\"og:image:height\" content=\"750\" \/>\n\t<meta property=\"og:image:type\" content=\"image\/png\" \/>\n<meta name=\"twitter:card\" content=\"summary_large_image\" \/>\n<meta name=\"twitter:label1\" content=\"Est. reading time\" \/>\n\t<meta name=\"twitter:data1\" content=\"1 minute\" \/>\n<script type=\"application\/ld+json\" class=\"yoast-schema-graph\">{\"@context\":\"https:\/\/schema.org\",\"@graph\":[{\"@type\":[\"WebPage\",\"ItemPage\"],\"@id\":\"https:\/\/fast-gas.com\/es\/producto\/sifon-de-crema\/\",\"url\":\"https:\/\/fast-gas.com\/es\/producto\/sifon-de-crema\/\",\"name\":\"Sif\u00f3n de crema FastGas: espumas y cremas perfectas | FastGas\",\"isPartOf\":{\"@id\":\"https:\/\/fast-gas.com\/es\/#website\"},\"primaryImageOfPage\":{\"@id\":\"https:\/\/fast-gas.com\/es\/producto\/sifon-de-crema\/#primaryimage\"},\"image\":{\"@id\":\"https:\/\/fast-gas.com\/es\/producto\/sifon-de-crema\/#primaryimage\"},\"thumbnailUrl\":\"https:\/\/fast-gas.com\/wp-content\/uploads\/2025\/03\/3.png\",\"datePublished\":\"2025-03-18T12:26:42+00:00\",\"dateModified\":\"2025-10-30T14:57:55+00:00\",\"description\":\"Mejora tus creaciones culinarias o de bar con el sif\u00f3n de crema FastGas\u2014ideal para crema batida, espumas y espumas fr\u00edas. Solo apto para mezclas fr\u00edas.\",\"breadcrumb\":{\"@id\":\"https:\/\/fast-gas.com\/es\/producto\/sifon-de-crema\/#breadcrumb\"},\"inLanguage\":\"es-ES\",\"potentialAction\":[{\"@type\":\"ReadAction\",\"target\":[\"https:\/\/fast-gas.com\/es\/producto\/sifon-de-crema\/\"]}]},{\"@type\":\"ImageObject\",\"inLanguage\":\"es-ES\",\"@id\":\"https:\/\/fast-gas.com\/es\/producto\/sifon-de-crema\/#primaryimage\",\"url\":\"https:\/\/fast-gas.com\/wp-content\/uploads\/2025\/03\/3.png\",\"contentUrl\":\"https:\/\/fast-gas.com\/wp-content\/uploads\/2025\/03\/3.png\",\"width\":750,\"height\":750},{\"@type\":\"BreadcrumbList\",\"@id\":\"https:\/\/fast-gas.com\/es\/producto\/sifon-de-crema\/#breadcrumb\",\"itemListElement\":[{\"@type\":\"ListItem\",\"position\":1,\"name\":\"Home\",\"item\":\"https:\/\/fast-gas.com\/es\/\"},{\"@type\":\"ListItem\",\"position\":2,\"name\":\"Sif\u00f3n\"}]},{\"@type\":\"WebSite\",\"@id\":\"https:\/\/fast-gas.com\/es\/#website\",\"url\":\"https:\/\/fast-gas.com\/es\/\",\"name\":\"FastGas\",\"description\":\"N2O Cream Chargers\",\"publisher\":{\"@id\":\"https:\/\/fast-gas.com\/es\/#organization\"},\"potentialAction\":[{\"@type\":\"SearchAction\",\"target\":{\"@type\":\"EntryPoint\",\"urlTemplate\":\"https:\/\/fast-gas.com\/es\/?s={search_term_string}\"},\"query-input\":{\"@type\":\"PropertyValueSpecification\",\"valueRequired\":true,\"valueName\":\"search_term_string\"}}],\"inLanguage\":\"es-ES\"},{\"@type\":\"Organization\",\"@id\":\"https:\/\/fast-gas.com\/es\/#organization\",\"name\":\"FastGas - Helium, CO2 & N2O Wholesale\",\"alternateName\":\"Fast Gas\",\"url\":\"https:\/\/fast-gas.com\/es\/\",\"logo\":{\"@type\":\"ImageObject\",\"inLanguage\":\"es-ES\",\"@id\":\"https:\/\/fast-gas.com\/es\/#\/schema\/logo\/image\/\",\"url\":\"https:\/\/fast-gas.com\/wp-content\/uploads\/2025\/03\/cropped-Fastgas-Favicon.png\",\"contentUrl\":\"https:\/\/fast-gas.com\/wp-content\/uploads\/2025\/03\/cropped-Fastgas-Favicon.png\",\"width\":512,\"height\":512,\"caption\":\"FastGas - Helium, CO2 & N2O Wholesale\"},\"image\":{\"@id\":\"https:\/\/fast-gas.com\/es\/#\/schema\/logo\/image\/\"},\"sameAs\":[\"https:\/\/facebook.com\/wearefastgas\",\"https:\/\/www.youtube.com\/channel\/UCV5w9vrihWFu0yM7SZzQfVQ\/videos\",\"https:\/\/instagram.com\/fastgas.official\"]}]}<\/script>\n<!-- \/ Yoast SEO plugin. -->","yoast_head_json":{"title":"Sif\u00f3n de crema FastGas: espumas y cremas perfectas | FastGas","description":"Mejora tus creaciones culinarias o de bar con el sif\u00f3n de crema FastGas\u2014ideal para crema batida, espumas y espumas fr\u00edas. Solo apto para mezclas fr\u00edas.","robots":{"index":"index","follow":"follow","max-snippet":"max-snippet:-1","max-image-preview":"max-image-preview:large","max-video-preview":"max-video-preview:-1"},"canonical":"https:\/\/fast-gas.com\/es\/producto\/sifon-de-crema\/","og_locale":"es_ES","og_type":"article","og_title":"Sif\u00f3n de crema FastGas: espumas y cremas perfectas | FastGas","og_description":"Mejora tus creaciones culinarias o de bar con el sif\u00f3n de crema FastGas\u2014ideal para crema batida, espumas y espumas fr\u00edas. Solo apto para mezclas fr\u00edas.","og_url":"https:\/\/fast-gas.com\/es\/producto\/sifon-de-crema\/","og_site_name":"FastGas","article_publisher":"https:\/\/facebook.com\/wearefastgas","article_modified_time":"2025-10-30T14:57:55+00:00","og_image":[{"width":750,"height":750,"url":"https:\/\/fast-gas.com\/wp-content\/uploads\/2025\/03\/3.png","type":"image\/png"}],"twitter_card":"summary_large_image","twitter_misc":{"Est. reading time":"1 minute"},"schema":{"@context":"https:\/\/schema.org","@graph":[{"@type":["WebPage","ItemPage"],"@id":"https:\/\/fast-gas.com\/es\/producto\/sifon-de-crema\/","url":"https:\/\/fast-gas.com\/es\/producto\/sifon-de-crema\/","name":"Sif\u00f3n de crema FastGas: espumas y cremas perfectas | FastGas","isPartOf":{"@id":"https:\/\/fast-gas.com\/es\/#website"},"primaryImageOfPage":{"@id":"https:\/\/fast-gas.com\/es\/producto\/sifon-de-crema\/#primaryimage"},"image":{"@id":"https:\/\/fast-gas.com\/es\/producto\/sifon-de-crema\/#primaryimage"},"thumbnailUrl":"https:\/\/fast-gas.com\/wp-content\/uploads\/2025\/03\/3.png","datePublished":"2025-03-18T12:26:42+00:00","dateModified":"2025-10-30T14:57:55+00:00","description":"Mejora tus creaciones culinarias o de bar con el sif\u00f3n de crema FastGas\u2014ideal para crema batida, espumas y espumas fr\u00edas. Solo apto para mezclas fr\u00edas.","breadcrumb":{"@id":"https:\/\/fast-gas.com\/es\/producto\/sifon-de-crema\/#breadcrumb"},"inLanguage":"es-ES","potentialAction":[{"@type":"ReadAction","target":["https:\/\/fast-gas.com\/es\/producto\/sifon-de-crema\/"]}]},{"@type":"ImageObject","inLanguage":"es-ES","@id":"https:\/\/fast-gas.com\/es\/producto\/sifon-de-crema\/#primaryimage","url":"https:\/\/fast-gas.com\/wp-content\/uploads\/2025\/03\/3.png","contentUrl":"https:\/\/fast-gas.com\/wp-content\/uploads\/2025\/03\/3.png","width":750,"height":750},{"@type":"BreadcrumbList","@id":"https:\/\/fast-gas.com\/es\/producto\/sifon-de-crema\/#breadcrumb","itemListElement":[{"@type":"ListItem","position":1,"name":"Home","item":"https:\/\/fast-gas.com\/es\/"},{"@type":"ListItem","position":2,"name":"Sif\u00f3n"}]},{"@type":"WebSite","@id":"https:\/\/fast-gas.com\/es\/#website","url":"https:\/\/fast-gas.com\/es\/","name":"FastGas","description":"N2O Cream Chargers","publisher":{"@id":"https:\/\/fast-gas.com\/es\/#organization"},"potentialAction":[{"@type":"SearchAction","target":{"@type":"EntryPoint","urlTemplate":"https:\/\/fast-gas.com\/es\/?s={search_term_string}"},"query-input":{"@type":"PropertyValueSpecification","valueRequired":true,"valueName":"search_term_string"}}],"inLanguage":"es-ES"},{"@type":"Organization","@id":"https:\/\/fast-gas.com\/es\/#organization","name":"FastGas - Helium, CO2 & N2O Wholesale","alternateName":"Fast Gas","url":"https:\/\/fast-gas.com\/es\/","logo":{"@type":"ImageObject","inLanguage":"es-ES","@id":"https:\/\/fast-gas.com\/es\/#\/schema\/logo\/image\/","url":"https:\/\/fast-gas.com\/wp-content\/uploads\/2025\/03\/cropped-Fastgas-Favicon.png","contentUrl":"https:\/\/fast-gas.com\/wp-content\/uploads\/2025\/03\/cropped-Fastgas-Favicon.png","width":512,"height":512,"caption":"FastGas - Helium, CO2 & N2O Wholesale"},"image":{"@id":"https:\/\/fast-gas.com\/es\/#\/schema\/logo\/image\/"},"sameAs":["https:\/\/facebook.com\/wearefastgas","https:\/\/www.youtube.com\/channel\/UCV5w9vrihWFu0yM7SZzQfVQ\/videos","https:\/\/instagram.com\/fastgas.official"]}]}},"_links":{"self":[{"href":"https:\/\/fast-gas.com\/es\/wp-json\/wp\/v2\/product\/42137","targetHints":{"allow":["GET"]}}],"collection":[{"href":"https:\/\/fast-gas.com\/es\/wp-json\/wp\/v2\/product"}],"about":[{"href":"https:\/\/fast-gas.com\/es\/wp-json\/wp\/v2\/types\/product"}],"wp:featuredmedia":[{"embeddable":true,"href":"https:\/\/fast-gas.com\/es\/wp-json\/wp\/v2\/media\/42739"}],"wp:attachment":[{"href":"https:\/\/fast-gas.com\/es\/wp-json\/wp\/v2\/media?parent=42137"}],"wp:term":[{"taxonomy":"product_brand","embeddable":true,"href":"https:\/\/fast-gas.com\/es\/wp-json\/wp\/v2\/product_brand?post=42137"},{"taxonomy":"product_cat","embeddable":true,"href":"https:\/\/fast-gas.com\/es\/wp-json\/wp\/v2\/product_cat?post=42137"},{"taxonomy":"product_tag","embeddable":true,"href":"https:\/\/fast-gas.com\/es\/wp-json\/wp\/v2\/product_tag?post=42137"}],"curies":[{"name":"wp","href":"https:\/\/api.w.org\/{rel}","templated":true}]}}