{"id":36008,"date":"2024-06-12T13:25:43","date_gmt":"2024-06-12T11:25:43","guid":{"rendered":"https:\/\/fast-gas.com\/?post_type=product&#038;p=36008"},"modified":"2025-10-30T15:46:24","modified_gmt":"2025-10-30T14:46:24","slug":"fastgas-creamer","status":"publish","type":"product","link":"https:\/\/fast-gas.com\/es\/producto\/fastgas-creamer\/","title":{"rendered":"FastGas Creamer"},"excerpt":{"rendered":"<p>El accesorio definitivo para bar y cocina.<\/p>\n<p>Un dispensador innovador de N2O dise\u00f1ado espec\u00edficamente para la creaci\u00f3n de nata montada, espumas fr\u00edas y salsas. Compatible con nuestro cartucho FastGas de 670g.<\/p>\n<p>Tanto si eres un profesional como si experimentas en casa, la m\u00e1quina de nata est\u00e1 pensada para desatar tu creatividad.<\/p>\n<p>EL PRECIO DE VENTA RECOMENDADO es de 89,90 \u20ac<\/p>\n<p>Los sifones se venden por separado.<\/p>\n","protected":false},"featured_media":42728,"template":"","meta":{"_acf_changed":false},"product_brand":[],"product_cat":[459,460,498],"product_tag":[],"class_list":{"0":"post-36008","1":"product","2":"type-product","3":"status-publish","4":"has-post-thumbnail","6":"product_cat-cargas-para-nata-es","7":"product_cat-oxido-nitroso-es","8":"product_cat-todos","10":"first","11":"instock","12":"taxable","13":"shipping-taxable","14":"product-type-simple"},"acf":[],"yoast_head":"<!-- This site is optimized with the Yoast SEO plugin v27.2 - https:\/\/yoast.com\/product\/yoast-seo-wordpress\/ -->\n<title>FastGas Creamer | FastGas<\/title>\n<meta name=\"description\" content=\"El Creamer de FastGas es un dispensador de N2O innovador dise\u00f1ado para la creaci\u00f3n de nata montada, espumas para c\u00f3cteles, mousses y salsas.\" \/>\n<meta name=\"robots\" content=\"index, follow, max-snippet:-1, max-image-preview:large, max-video-preview:-1\" \/>\n<link rel=\"canonical\" href=\"https:\/\/fast-gas.com\/es\/producto\/fastgas-creamer\/\" \/>\n<meta property=\"og:locale\" content=\"es_ES\" \/>\n<meta property=\"og:type\" content=\"article\" \/>\n<meta property=\"og:title\" content=\"FastGas Creamer | FastGas\" \/>\n<meta property=\"og:description\" content=\"El Creamer de FastGas es un dispensador de N2O innovador dise\u00f1ado para la creaci\u00f3n de nata montada, espumas para c\u00f3cteles, mousses y salsas.\" \/>\n<meta property=\"og:url\" content=\"https:\/\/fast-gas.com\/es\/producto\/fastgas-creamer\/\" \/>\n<meta property=\"og:site_name\" content=\"FastGas\" \/>\n<meta property=\"article:publisher\" content=\"https:\/\/facebook.com\/wearefastgas\" \/>\n<meta property=\"article:modified_time\" content=\"2025-10-30T14:46:24+00:00\" \/>\n<meta property=\"og:image\" content=\"https:\/\/fast-gas.com\/wp-content\/uploads\/2024\/06\/fg-new-branding-670-original.png\" \/>\n\t<meta property=\"og:image:width\" content=\"750\" \/>\n\t<meta property=\"og:image:height\" content=\"750\" \/>\n\t<meta property=\"og:image:type\" content=\"image\/png\" \/>\n<meta name=\"twitter:card\" content=\"summary_large_image\" \/>\n<meta name=\"twitter:label1\" content=\"Est. reading time\" \/>\n\t<meta name=\"twitter:data1\" content=\"1 minute\" \/>\n<script type=\"application\/ld+json\" class=\"yoast-schema-graph\">{\"@context\":\"https:\/\/schema.org\",\"@graph\":[{\"@type\":[\"WebPage\",\"ItemPage\"],\"@id\":\"https:\/\/fast-gas.com\/es\/producto\/fastgas-creamer\/\",\"url\":\"https:\/\/fast-gas.com\/es\/producto\/fastgas-creamer\/\",\"name\":\"FastGas Creamer | FastGas\",\"isPartOf\":{\"@id\":\"https:\/\/fast-gas.com\/es\/#website\"},\"primaryImageOfPage\":{\"@id\":\"https:\/\/fast-gas.com\/es\/producto\/fastgas-creamer\/#primaryimage\"},\"image\":{\"@id\":\"https:\/\/fast-gas.com\/es\/producto\/fastgas-creamer\/#primaryimage\"},\"thumbnailUrl\":\"https:\/\/fast-gas.com\/wp-content\/uploads\/2024\/06\/fg-new-branding-670-original.png\",\"datePublished\":\"2024-06-12T11:25:43+00:00\",\"dateModified\":\"2025-10-30T14:46:24+00:00\",\"description\":\"El Creamer de FastGas es un dispensador de N2O innovador dise\u00f1ado para la creaci\u00f3n de nata montada, espumas para c\u00f3cteles, mousses y salsas.\",\"breadcrumb\":{\"@id\":\"https:\/\/fast-gas.com\/es\/producto\/fastgas-creamer\/#breadcrumb\"},\"inLanguage\":\"es-ES\",\"potentialAction\":[{\"@type\":\"ReadAction\",\"target\":[\"https:\/\/fast-gas.com\/es\/producto\/fastgas-creamer\/\"]}]},{\"@type\":\"ImageObject\",\"inLanguage\":\"es-ES\",\"@id\":\"https:\/\/fast-gas.com\/es\/producto\/fastgas-creamer\/#primaryimage\",\"url\":\"https:\/\/fast-gas.com\/wp-content\/uploads\/2024\/06\/fg-new-branding-670-original.png\",\"contentUrl\":\"https:\/\/fast-gas.com\/wp-content\/uploads\/2024\/06\/fg-new-branding-670-original.png\",\"width\":750,\"height\":750},{\"@type\":\"BreadcrumbList\",\"@id\":\"https:\/\/fast-gas.com\/es\/producto\/fastgas-creamer\/#breadcrumb\",\"itemListElement\":[{\"@type\":\"ListItem\",\"position\":1,\"name\":\"Home\",\"item\":\"https:\/\/fast-gas.com\/es\/\"},{\"@type\":\"ListItem\",\"position\":2,\"name\":\"FastGas Creamer\"}]},{\"@type\":\"WebSite\",\"@id\":\"https:\/\/fast-gas.com\/es\/#website\",\"url\":\"https:\/\/fast-gas.com\/es\/\",\"name\":\"FastGas\",\"description\":\"N2O Cream Chargers\",\"publisher\":{\"@id\":\"https:\/\/fast-gas.com\/es\/#organization\"},\"potentialAction\":[{\"@type\":\"SearchAction\",\"target\":{\"@type\":\"EntryPoint\",\"urlTemplate\":\"https:\/\/fast-gas.com\/es\/?s={search_term_string}\"},\"query-input\":{\"@type\":\"PropertyValueSpecification\",\"valueRequired\":true,\"valueName\":\"search_term_string\"}}],\"inLanguage\":\"es-ES\"},{\"@type\":\"Organization\",\"@id\":\"https:\/\/fast-gas.com\/es\/#organization\",\"name\":\"FastGas - Helium, CO2 & N2O Wholesale\",\"alternateName\":\"Fast Gas\",\"url\":\"https:\/\/fast-gas.com\/es\/\",\"logo\":{\"@type\":\"ImageObject\",\"inLanguage\":\"es-ES\",\"@id\":\"https:\/\/fast-gas.com\/es\/#\/schema\/logo\/image\/\",\"url\":\"https:\/\/fast-gas.com\/wp-content\/uploads\/2025\/03\/cropped-Fastgas-Favicon.png\",\"contentUrl\":\"https:\/\/fast-gas.com\/wp-content\/uploads\/2025\/03\/cropped-Fastgas-Favicon.png\",\"width\":512,\"height\":512,\"caption\":\"FastGas - Helium, CO2 & N2O Wholesale\"},\"image\":{\"@id\":\"https:\/\/fast-gas.com\/es\/#\/schema\/logo\/image\/\"},\"sameAs\":[\"https:\/\/facebook.com\/wearefastgas\",\"https:\/\/www.youtube.com\/channel\/UCV5w9vrihWFu0yM7SZzQfVQ\/videos\",\"https:\/\/instagram.com\/fastgas.official\"]}]}<\/script>\n<!-- \/ Yoast SEO plugin. -->","yoast_head_json":{"title":"FastGas Creamer | FastGas","description":"El Creamer de FastGas es un dispensador de N2O innovador dise\u00f1ado para la creaci\u00f3n de nata montada, espumas para c\u00f3cteles, mousses y salsas.","robots":{"index":"index","follow":"follow","max-snippet":"max-snippet:-1","max-image-preview":"max-image-preview:large","max-video-preview":"max-video-preview:-1"},"canonical":"https:\/\/fast-gas.com\/es\/producto\/fastgas-creamer\/","og_locale":"es_ES","og_type":"article","og_title":"FastGas Creamer | FastGas","og_description":"El Creamer de FastGas es un dispensador de N2O innovador dise\u00f1ado para la creaci\u00f3n de nata montada, espumas para c\u00f3cteles, mousses y salsas.","og_url":"https:\/\/fast-gas.com\/es\/producto\/fastgas-creamer\/","og_site_name":"FastGas","article_publisher":"https:\/\/facebook.com\/wearefastgas","article_modified_time":"2025-10-30T14:46:24+00:00","og_image":[{"width":750,"height":750,"url":"https:\/\/fast-gas.com\/wp-content\/uploads\/2024\/06\/fg-new-branding-670-original.png","type":"image\/png"}],"twitter_card":"summary_large_image","twitter_misc":{"Est. reading time":"1 minute"},"schema":{"@context":"https:\/\/schema.org","@graph":[{"@type":["WebPage","ItemPage"],"@id":"https:\/\/fast-gas.com\/es\/producto\/fastgas-creamer\/","url":"https:\/\/fast-gas.com\/es\/producto\/fastgas-creamer\/","name":"FastGas Creamer | FastGas","isPartOf":{"@id":"https:\/\/fast-gas.com\/es\/#website"},"primaryImageOfPage":{"@id":"https:\/\/fast-gas.com\/es\/producto\/fastgas-creamer\/#primaryimage"},"image":{"@id":"https:\/\/fast-gas.com\/es\/producto\/fastgas-creamer\/#primaryimage"},"thumbnailUrl":"https:\/\/fast-gas.com\/wp-content\/uploads\/2024\/06\/fg-new-branding-670-original.png","datePublished":"2024-06-12T11:25:43+00:00","dateModified":"2025-10-30T14:46:24+00:00","description":"El Creamer de FastGas es un dispensador de N2O innovador dise\u00f1ado para la creaci\u00f3n de nata montada, espumas para c\u00f3cteles, mousses y salsas.","breadcrumb":{"@id":"https:\/\/fast-gas.com\/es\/producto\/fastgas-creamer\/#breadcrumb"},"inLanguage":"es-ES","potentialAction":[{"@type":"ReadAction","target":["https:\/\/fast-gas.com\/es\/producto\/fastgas-creamer\/"]}]},{"@type":"ImageObject","inLanguage":"es-ES","@id":"https:\/\/fast-gas.com\/es\/producto\/fastgas-creamer\/#primaryimage","url":"https:\/\/fast-gas.com\/wp-content\/uploads\/2024\/06\/fg-new-branding-670-original.png","contentUrl":"https:\/\/fast-gas.com\/wp-content\/uploads\/2024\/06\/fg-new-branding-670-original.png","width":750,"height":750},{"@type":"BreadcrumbList","@id":"https:\/\/fast-gas.com\/es\/producto\/fastgas-creamer\/#breadcrumb","itemListElement":[{"@type":"ListItem","position":1,"name":"Home","item":"https:\/\/fast-gas.com\/es\/"},{"@type":"ListItem","position":2,"name":"FastGas Creamer"}]},{"@type":"WebSite","@id":"https:\/\/fast-gas.com\/es\/#website","url":"https:\/\/fast-gas.com\/es\/","name":"FastGas","description":"N2O Cream Chargers","publisher":{"@id":"https:\/\/fast-gas.com\/es\/#organization"},"potentialAction":[{"@type":"SearchAction","target":{"@type":"EntryPoint","urlTemplate":"https:\/\/fast-gas.com\/es\/?s={search_term_string}"},"query-input":{"@type":"PropertyValueSpecification","valueRequired":true,"valueName":"search_term_string"}}],"inLanguage":"es-ES"},{"@type":"Organization","@id":"https:\/\/fast-gas.com\/es\/#organization","name":"FastGas - Helium, CO2 & N2O Wholesale","alternateName":"Fast Gas","url":"https:\/\/fast-gas.com\/es\/","logo":{"@type":"ImageObject","inLanguage":"es-ES","@id":"https:\/\/fast-gas.com\/es\/#\/schema\/logo\/image\/","url":"https:\/\/fast-gas.com\/wp-content\/uploads\/2025\/03\/cropped-Fastgas-Favicon.png","contentUrl":"https:\/\/fast-gas.com\/wp-content\/uploads\/2025\/03\/cropped-Fastgas-Favicon.png","width":512,"height":512,"caption":"FastGas - Helium, CO2 & N2O Wholesale"},"image":{"@id":"https:\/\/fast-gas.com\/es\/#\/schema\/logo\/image\/"},"sameAs":["https:\/\/facebook.com\/wearefastgas","https:\/\/www.youtube.com\/channel\/UCV5w9vrihWFu0yM7SZzQfVQ\/videos","https:\/\/instagram.com\/fastgas.official"]}]}},"_links":{"self":[{"href":"https:\/\/fast-gas.com\/es\/wp-json\/wp\/v2\/product\/36008","targetHints":{"allow":["GET"]}}],"collection":[{"href":"https:\/\/fast-gas.com\/es\/wp-json\/wp\/v2\/product"}],"about":[{"href":"https:\/\/fast-gas.com\/es\/wp-json\/wp\/v2\/types\/product"}],"wp:featuredmedia":[{"embeddable":true,"href":"https:\/\/fast-gas.com\/es\/wp-json\/wp\/v2\/media\/42728"}],"wp:attachment":[{"href":"https:\/\/fast-gas.com\/es\/wp-json\/wp\/v2\/media?parent=36008"}],"wp:term":[{"taxonomy":"product_brand","embeddable":true,"href":"https:\/\/fast-gas.com\/es\/wp-json\/wp\/v2\/product_brand?post=36008"},{"taxonomy":"product_cat","embeddable":true,"href":"https:\/\/fast-gas.com\/es\/wp-json\/wp\/v2\/product_cat?post=36008"},{"taxonomy":"product_tag","embeddable":true,"href":"https:\/\/fast-gas.com\/es\/wp-json\/wp\/v2\/product_tag?post=36008"}],"curies":[{"name":"wp","href":"https:\/\/api.w.org\/{rel}","templated":true}]}}