{"id":33932,"date":"2023-08-17T08:27:33","date_gmt":"2023-08-17T06:27:33","guid":{"rendered":"https:\/\/fast-gas.com\/product\/fastgas-original-nitrous-oxide-cylinder-2000-grams\/"},"modified":"2025-10-30T16:20:12","modified_gmt":"2025-10-30T15:20:12","slug":"cilindro-de-oxido-nitroso-original-fastgas-de-2000-gramos","status":"publish","type":"product","link":"https:\/\/fast-gas.com\/es\/producto\/cilindro-de-oxido-nitroso-original-fastgas-de-2000-gramos\/","title":{"rendered":"FastGas Cargador de Crema Original 2000g"},"excerpt":{"rendered":"<p>Nuestro cartucho de mayor capacidad viene en un tama\u00f1o conveniente y con una correa pr\u00e1ctica.<\/p>\n<p>Llenado hasta la capacidad m\u00e1xima con \u00f3xido nitroso de calidad europea y producido bajo estrictos protocolos de seguridad.<\/p>\n<p>FastGas hace la nata montada m\u00e1s esponjosa, espumas para c\u00f3cteles, salsas y m\u00e1s.<\/p>\n<p>El nuevo dise\u00f1o incluye c\u00f3digo QR de verificaci\u00f3n. <a href=\"https:\/\/fast-gas.com\/es\/verify\/\">Aprenda c\u00f3mo verificar su botella<\/a>.<\/p>\n<p><strong>*Cada pallet de 2kg contiene 162 cajas (1 cartucho por caja)<\/strong><\/p>\n","protected":false},"featured_media":47720,"template":"","meta":{"_acf_changed":false},"product_brand":[],"product_cat":[459,460,498],"product_tag":[],"class_list":{"0":"post-33932","1":"product","2":"type-product","3":"status-publish","4":"has-post-thumbnail","6":"product_cat-cargas-para-nata-es","7":"product_cat-oxido-nitroso-es","8":"product_cat-todos","10":"first","11":"instock","12":"taxable","13":"shipping-taxable","14":"product-type-simple"},"acf":[],"yoast_head":"<!-- This site is optimized with the Yoast SEO plugin v27.2 - https:\/\/yoast.com\/product\/yoast-seo-wordpress\/ -->\n<title>Carga de \u00d3xido Nitroso Original FastGas - 2000 gramos | FastGas<\/title>\n<meta name=\"description\" content=\"Haz nata montada con la Carga de N2O Fast Gas | 2000g - carga de m\u00e1xima capacidad | Perfecto para pasteles, c\u00f3cteles. \u00a1Pide ahora!\" \/>\n<meta name=\"robots\" content=\"index, follow, max-snippet:-1, max-image-preview:large, max-video-preview:-1\" \/>\n<link rel=\"canonical\" href=\"https:\/\/fast-gas.com\/es\/producto\/cilindro-de-oxido-nitroso-original-fastgas-de-2000-gramos\/\" \/>\n<meta property=\"og:locale\" content=\"es_ES\" \/>\n<meta property=\"og:type\" content=\"article\" \/>\n<meta property=\"og:title\" content=\"Carga de \u00d3xido Nitroso Original FastGas - 2000 gramos | FastGas\" \/>\n<meta property=\"og:description\" content=\"Haz nata montada con la Carga de N2O Fast Gas | 2000g - carga de m\u00e1xima capacidad | Perfecto para pasteles, c\u00f3cteles. \u00a1Pide ahora!\" \/>\n<meta property=\"og:url\" content=\"https:\/\/fast-gas.com\/es\/producto\/cilindro-de-oxido-nitroso-original-fastgas-de-2000-gramos\/\" \/>\n<meta property=\"og:site_name\" content=\"FastGas\" \/>\n<meta property=\"article:publisher\" content=\"https:\/\/facebook.com\/wearefastgas\" \/>\n<meta property=\"article:modified_time\" content=\"2025-10-30T15:20:12+00:00\" \/>\n<meta property=\"og:image\" content=\"https:\/\/fast-gas.com\/wp-content\/uploads\/2023\/08\/PRODUCT-PAGE_2000_front-view.png\" \/>\n\t<meta property=\"og:image:width\" content=\"750\" \/>\n\t<meta property=\"og:image:height\" content=\"750\" \/>\n\t<meta property=\"og:image:type\" content=\"image\/png\" \/>\n<meta name=\"twitter:card\" content=\"summary_large_image\" \/>\n<meta name=\"twitter:label1\" content=\"Est. reading time\" \/>\n\t<meta name=\"twitter:data1\" content=\"1 minute\" \/>\n<script type=\"application\/ld+json\" class=\"yoast-schema-graph\">{\"@context\":\"https:\/\/schema.org\",\"@graph\":[{\"@type\":[\"WebPage\",\"ItemPage\"],\"@id\":\"https:\/\/fast-gas.com\/es\/producto\/cilindro-de-oxido-nitroso-original-fastgas-de-2000-gramos\/\",\"url\":\"https:\/\/fast-gas.com\/es\/producto\/cilindro-de-oxido-nitroso-original-fastgas-de-2000-gramos\/\",\"name\":\"Carga de \u00d3xido Nitroso Original FastGas - 2000 gramos | FastGas\",\"isPartOf\":{\"@id\":\"https:\/\/fast-gas.com\/es\/#website\"},\"primaryImageOfPage\":{\"@id\":\"https:\/\/fast-gas.com\/es\/producto\/cilindro-de-oxido-nitroso-original-fastgas-de-2000-gramos\/#primaryimage\"},\"image\":{\"@id\":\"https:\/\/fast-gas.com\/es\/producto\/cilindro-de-oxido-nitroso-original-fastgas-de-2000-gramos\/#primaryimage\"},\"thumbnailUrl\":\"https:\/\/fast-gas.com\/wp-content\/uploads\/2023\/08\/PRODUCT-PAGE_2000_front-view.png\",\"datePublished\":\"2023-08-17T06:27:33+00:00\",\"dateModified\":\"2025-10-30T15:20:12+00:00\",\"description\":\"Haz nata montada con la Carga de N2O Fast Gas | 2000g - carga de m\u00e1xima capacidad | Perfecto para pasteles, c\u00f3cteles. \u00a1Pide ahora!\",\"breadcrumb\":{\"@id\":\"https:\/\/fast-gas.com\/es\/producto\/cilindro-de-oxido-nitroso-original-fastgas-de-2000-gramos\/#breadcrumb\"},\"inLanguage\":\"es-ES\",\"potentialAction\":[{\"@type\":\"ReadAction\",\"target\":[\"https:\/\/fast-gas.com\/es\/producto\/cilindro-de-oxido-nitroso-original-fastgas-de-2000-gramos\/\"]}]},{\"@type\":\"ImageObject\",\"inLanguage\":\"es-ES\",\"@id\":\"https:\/\/fast-gas.com\/es\/producto\/cilindro-de-oxido-nitroso-original-fastgas-de-2000-gramos\/#primaryimage\",\"url\":\"https:\/\/fast-gas.com\/wp-content\/uploads\/2023\/08\/PRODUCT-PAGE_2000_front-view.png\",\"contentUrl\":\"https:\/\/fast-gas.com\/wp-content\/uploads\/2023\/08\/PRODUCT-PAGE_2000_front-view.png\",\"width\":750,\"height\":750},{\"@type\":\"BreadcrumbList\",\"@id\":\"https:\/\/fast-gas.com\/es\/producto\/cilindro-de-oxido-nitroso-original-fastgas-de-2000-gramos\/#breadcrumb\",\"itemListElement\":[{\"@type\":\"ListItem\",\"position\":1,\"name\":\"Home\",\"item\":\"https:\/\/fast-gas.com\/es\/\"},{\"@type\":\"ListItem\",\"position\":2,\"name\":\"FastGas Cargador de Crema Original 2000g\"}]},{\"@type\":\"WebSite\",\"@id\":\"https:\/\/fast-gas.com\/es\/#website\",\"url\":\"https:\/\/fast-gas.com\/es\/\",\"name\":\"FastGas\",\"description\":\"N2O Cream Chargers\",\"publisher\":{\"@id\":\"https:\/\/fast-gas.com\/es\/#organization\"},\"potentialAction\":[{\"@type\":\"SearchAction\",\"target\":{\"@type\":\"EntryPoint\",\"urlTemplate\":\"https:\/\/fast-gas.com\/es\/?s={search_term_string}\"},\"query-input\":{\"@type\":\"PropertyValueSpecification\",\"valueRequired\":true,\"valueName\":\"search_term_string\"}}],\"inLanguage\":\"es-ES\"},{\"@type\":\"Organization\",\"@id\":\"https:\/\/fast-gas.com\/es\/#organization\",\"name\":\"FastGas - Helium, CO2 & N2O Wholesale\",\"alternateName\":\"Fast Gas\",\"url\":\"https:\/\/fast-gas.com\/es\/\",\"logo\":{\"@type\":\"ImageObject\",\"inLanguage\":\"es-ES\",\"@id\":\"https:\/\/fast-gas.com\/es\/#\/schema\/logo\/image\/\",\"url\":\"https:\/\/fast-gas.com\/wp-content\/uploads\/2025\/03\/cropped-Fastgas-Favicon.png\",\"contentUrl\":\"https:\/\/fast-gas.com\/wp-content\/uploads\/2025\/03\/cropped-Fastgas-Favicon.png\",\"width\":512,\"height\":512,\"caption\":\"FastGas - Helium, CO2 & N2O Wholesale\"},\"image\":{\"@id\":\"https:\/\/fast-gas.com\/es\/#\/schema\/logo\/image\/\"},\"sameAs\":[\"https:\/\/facebook.com\/wearefastgas\",\"https:\/\/www.youtube.com\/channel\/UCV5w9vrihWFu0yM7SZzQfVQ\/videos\",\"https:\/\/instagram.com\/fastgas.official\"]}]}<\/script>\n<!-- \/ Yoast SEO plugin. -->","yoast_head_json":{"title":"Carga de \u00d3xido Nitroso Original FastGas - 2000 gramos | FastGas","description":"Haz nata montada con la Carga de N2O Fast Gas | 2000g - carga de m\u00e1xima capacidad | Perfecto para pasteles, c\u00f3cteles. \u00a1Pide ahora!","robots":{"index":"index","follow":"follow","max-snippet":"max-snippet:-1","max-image-preview":"max-image-preview:large","max-video-preview":"max-video-preview:-1"},"canonical":"https:\/\/fast-gas.com\/es\/producto\/cilindro-de-oxido-nitroso-original-fastgas-de-2000-gramos\/","og_locale":"es_ES","og_type":"article","og_title":"Carga de \u00d3xido Nitroso Original FastGas - 2000 gramos | FastGas","og_description":"Haz nata montada con la Carga de N2O Fast Gas | 2000g - carga de m\u00e1xima capacidad | Perfecto para pasteles, c\u00f3cteles. \u00a1Pide ahora!","og_url":"https:\/\/fast-gas.com\/es\/producto\/cilindro-de-oxido-nitroso-original-fastgas-de-2000-gramos\/","og_site_name":"FastGas","article_publisher":"https:\/\/facebook.com\/wearefastgas","article_modified_time":"2025-10-30T15:20:12+00:00","og_image":[{"width":750,"height":750,"url":"https:\/\/fast-gas.com\/wp-content\/uploads\/2023\/08\/PRODUCT-PAGE_2000_front-view.png","type":"image\/png"}],"twitter_card":"summary_large_image","twitter_misc":{"Est. reading time":"1 minute"},"schema":{"@context":"https:\/\/schema.org","@graph":[{"@type":["WebPage","ItemPage"],"@id":"https:\/\/fast-gas.com\/es\/producto\/cilindro-de-oxido-nitroso-original-fastgas-de-2000-gramos\/","url":"https:\/\/fast-gas.com\/es\/producto\/cilindro-de-oxido-nitroso-original-fastgas-de-2000-gramos\/","name":"Carga de \u00d3xido Nitroso Original FastGas - 2000 gramos | FastGas","isPartOf":{"@id":"https:\/\/fast-gas.com\/es\/#website"},"primaryImageOfPage":{"@id":"https:\/\/fast-gas.com\/es\/producto\/cilindro-de-oxido-nitroso-original-fastgas-de-2000-gramos\/#primaryimage"},"image":{"@id":"https:\/\/fast-gas.com\/es\/producto\/cilindro-de-oxido-nitroso-original-fastgas-de-2000-gramos\/#primaryimage"},"thumbnailUrl":"https:\/\/fast-gas.com\/wp-content\/uploads\/2023\/08\/PRODUCT-PAGE_2000_front-view.png","datePublished":"2023-08-17T06:27:33+00:00","dateModified":"2025-10-30T15:20:12+00:00","description":"Haz nata montada con la Carga de N2O Fast Gas | 2000g - carga de m\u00e1xima capacidad | Perfecto para pasteles, c\u00f3cteles. \u00a1Pide ahora!","breadcrumb":{"@id":"https:\/\/fast-gas.com\/es\/producto\/cilindro-de-oxido-nitroso-original-fastgas-de-2000-gramos\/#breadcrumb"},"inLanguage":"es-ES","potentialAction":[{"@type":"ReadAction","target":["https:\/\/fast-gas.com\/es\/producto\/cilindro-de-oxido-nitroso-original-fastgas-de-2000-gramos\/"]}]},{"@type":"ImageObject","inLanguage":"es-ES","@id":"https:\/\/fast-gas.com\/es\/producto\/cilindro-de-oxido-nitroso-original-fastgas-de-2000-gramos\/#primaryimage","url":"https:\/\/fast-gas.com\/wp-content\/uploads\/2023\/08\/PRODUCT-PAGE_2000_front-view.png","contentUrl":"https:\/\/fast-gas.com\/wp-content\/uploads\/2023\/08\/PRODUCT-PAGE_2000_front-view.png","width":750,"height":750},{"@type":"BreadcrumbList","@id":"https:\/\/fast-gas.com\/es\/producto\/cilindro-de-oxido-nitroso-original-fastgas-de-2000-gramos\/#breadcrumb","itemListElement":[{"@type":"ListItem","position":1,"name":"Home","item":"https:\/\/fast-gas.com\/es\/"},{"@type":"ListItem","position":2,"name":"FastGas Cargador de Crema Original 2000g"}]},{"@type":"WebSite","@id":"https:\/\/fast-gas.com\/es\/#website","url":"https:\/\/fast-gas.com\/es\/","name":"FastGas","description":"N2O Cream Chargers","publisher":{"@id":"https:\/\/fast-gas.com\/es\/#organization"},"potentialAction":[{"@type":"SearchAction","target":{"@type":"EntryPoint","urlTemplate":"https:\/\/fast-gas.com\/es\/?s={search_term_string}"},"query-input":{"@type":"PropertyValueSpecification","valueRequired":true,"valueName":"search_term_string"}}],"inLanguage":"es-ES"},{"@type":"Organization","@id":"https:\/\/fast-gas.com\/es\/#organization","name":"FastGas - Helium, CO2 & N2O Wholesale","alternateName":"Fast Gas","url":"https:\/\/fast-gas.com\/es\/","logo":{"@type":"ImageObject","inLanguage":"es-ES","@id":"https:\/\/fast-gas.com\/es\/#\/schema\/logo\/image\/","url":"https:\/\/fast-gas.com\/wp-content\/uploads\/2025\/03\/cropped-Fastgas-Favicon.png","contentUrl":"https:\/\/fast-gas.com\/wp-content\/uploads\/2025\/03\/cropped-Fastgas-Favicon.png","width":512,"height":512,"caption":"FastGas - Helium, CO2 & N2O Wholesale"},"image":{"@id":"https:\/\/fast-gas.com\/es\/#\/schema\/logo\/image\/"},"sameAs":["https:\/\/facebook.com\/wearefastgas","https:\/\/www.youtube.com\/channel\/UCV5w9vrihWFu0yM7SZzQfVQ\/videos","https:\/\/instagram.com\/fastgas.official"]}]}},"_links":{"self":[{"href":"https:\/\/fast-gas.com\/es\/wp-json\/wp\/v2\/product\/33932","targetHints":{"allow":["GET"]}}],"collection":[{"href":"https:\/\/fast-gas.com\/es\/wp-json\/wp\/v2\/product"}],"about":[{"href":"https:\/\/fast-gas.com\/es\/wp-json\/wp\/v2\/types\/product"}],"wp:featuredmedia":[{"embeddable":true,"href":"https:\/\/fast-gas.com\/es\/wp-json\/wp\/v2\/media\/47720"}],"wp:attachment":[{"href":"https:\/\/fast-gas.com\/es\/wp-json\/wp\/v2\/media?parent=33932"}],"wp:term":[{"taxonomy":"product_brand","embeddable":true,"href":"https:\/\/fast-gas.com\/es\/wp-json\/wp\/v2\/product_brand?post=33932"},{"taxonomy":"product_cat","embeddable":true,"href":"https:\/\/fast-gas.com\/es\/wp-json\/wp\/v2\/product_cat?post=33932"},{"taxonomy":"product_tag","embeddable":true,"href":"https:\/\/fast-gas.com\/es\/wp-json\/wp\/v2\/product_tag?post=33932"}],"curies":[{"name":"wp","href":"https:\/\/api.w.org\/{rel}","templated":true}]}}