{"id":2078,"date":"2022-02-21T14:41:06","date_gmt":"2022-02-21T14:41:06","guid":{"rendered":"https:\/\/fast-gas.com\/?page_id=2078"},"modified":"2024-12-26T02:32:04","modified_gmt":"2024-12-26T02:32:04","slug":"oxido-nitrico-comunmente-conocido-como-n2o-que-es-y-para-que-se-utiliza","status":"publish","type":"page","link":"https:\/\/fast-gas.com\/es\/oxido-nitrico-comunmente-conocido-como-n2o-que-es-y-para-que-se-utiliza\/","title":{"rendered":"Oxido nitroso: com\u00fanmente conocido como n2o; \u00bfqu\u00e9 es y para qu\u00e9 se utiliza?"},"content":{"rendered":"<p>Tambi\u00e9n conocido como \u00f3xido n\u00edtroso en el mundo qu\u00edmico, el N2O se ha establecido tanto en el mundo m\u00e9dico como en la industria alimentaria gracias a sus \u00fatiles funciones. Mientras que el N2O se utiliza principalmente en el sector de la salud como sedante y analg\u00e9sico, en la industria alimentaria se utiliza principalmente como propulsor de la crema directa de los botes de spray previstos para tal fin.<\/p>\n<p>La diferencia entre el <a href=\"https:\/\/fast-gas.com\/es\/oxido-nitroso\/\">\u00f3xido n\u00edtroso<\/a> para uso m\u00e9dico y para la industria alimentaria es que se limpia con especial cuidado para que quede lo m\u00e1s est\u00e9ril posible.<\/p>\n<p>El N2O es ideal para la industria alimentaria, en parte porque el <a href=\"https:\/\/fast-gas.com\/es\/oxido-nitroso\/\">\u00f3xido n\u00edtroso<\/a> casi no tiene sabor. Adem\u00e1s, el cargador de nata relleno de <a href=\"https:\/\/fast-gas.com\/es\/producto\/cilindro-original-fastgas-oxido-nitroso\/\">N2O Fast Gas<\/a> lo hace muy f\u00e1cil de usar en cualquier cocina.<\/p>\n<p>La Uni\u00f3n Europea ha marcado el \u00f3xido de nitr\u00f3geno con un n\u00famero E (E942). Esto significa que el uso de oxido nitroso como aditivo en alimentos est\u00e1 permitido a nivel europeo.<\/p>\n<p style=\"text-align: center;\"><a class=\"button button--primary hero__button\" href=\"https:\/\/fast-gas.com\/es\/distribuidor\/\">Convi\u00e9rtase en Distribuidor<\/a><\/p>\n<p>Por \u00faltimo, pero no menos importante, el \u00f3xido de nitr\u00f3geno ha encontrado recientemente un nuevo prop\u00f3sito para sus funcionalidades inherentes. El N2O se ha utilizado recientemente en la fabricaci\u00f3n de chips electr\u00f3nicos. En esta industria, como en la medicina, el \u00f3xido nitroso es de alt\u00edsima esterilidad y pureza.<\/p>\n<h2>Historia del mon\u00f3xido de nitrogen<\/h2>\n<p>El \u00f3xido nitroso fue descubierto en 1776 pero no se us\u00f3 de inmediato. No fue hasta unos 20 a\u00f1os despu\u00e9s que un empleado del Instituto Neum\u00e1tico de Bristol experiment\u00f3 con \u00e9l. Se trataba de la Dra. Humphry Davy, quien investig\u00f3 c\u00f3mo los gases, incluido el \u00f3xido de nitr\u00f3geno, podr\u00edan usarse terap\u00e9uticamente. Humphry Davy invit\u00f3 a sus amigos a probar el mon\u00f3xido de nitr\u00f3geno para ver sus reacciones.<\/p>\n<p>Durante estas fiestas, Davy les pidi\u00f3 a sus amigos que escribieran sus experiencias y \u00e9l recopil\u00f3 sus respuestas, que luego se publicaron en el siglo XIX. De esta manera, Davy trat\u00f3 de comprender mejor el cerebro humano. Peter Mark Roget coment\u00f3 en la fiesta: &#8220;Parec\u00eda perder el sentido de mi propio peso y me imaginaba hundi\u00e9ndome en el suelo&#8221;. Y el poeta Samuel Coleridge describe un estado de \u00e9xtasis silencioso, &#8220;como salir de un paseo por la nieve volver a una habitaci\u00f3n c\u00e1lida&#8221;.<\/p>\n<p>Davy recolect\u00f3 alrededor de 30 respuestas y descripciones de las experiencias de sus amigos. Estos partidos dieron lugar a uno de los avances m\u00e9dicos m\u00e1s importantes del siglo XIX, ya que Davy fue el \u00fanico en reconocer a finales del siglo XVIII que el oxido nitroso tiene efectos analg\u00e9sicos y narc\u00f3ticos.<\/p>\n<p>Un dentista estadounidense, Horace Wells, al darse cuenta de que el mon\u00f3xido de nitr\u00f3geno tiene un efecto narc\u00f3tico, decidi\u00f3 administrar \u00f3xido nitroso a un paciente al extraer un diente. Qued\u00f3 tan impresionado por los efectos narc\u00f3ticos que comparti\u00f3 esta experiencia con los cirujanos y les aconsej\u00f3 que usaran oxido nitroso cuando trataran a sus pacientes. Desafortunadamente, esto no tuvo el mismo efecto en todas las operaciones; muchas cirug\u00edas son mucho m\u00e1s dolorosas y consumen m\u00e1s tiempo que la extracci\u00f3n de un diente. &#8220;No tom\u00f3 la dosis correcta y fue un completo desastre, por lo que se prohibi\u00f3 el mon\u00f3xido de nitr\u00f3geno&#8221;, dice Barry Baker, profesor em\u00e9rito de la Universidad de Sydney y ex anestesista cardiovascular.<\/p>\n<p>Un colega de Wells que hab\u00eda sido testigo del fallido experimento quir\u00fargico le sugiri\u00f3 a otro dentista, William Morton, que el \u00e9ter podr\u00eda ser un mejor anest\u00e9sico que el \u00f3xido nitroso. En 1846, despu\u00e9s de experimentar con sus perros y consigo mismo, realiz\u00f3 una exitosa demostraci\u00f3n de cirug\u00eda p\u00fablica utilizando \u00e9ter como analg\u00e9sico. Este fue el nacimiento de la anestesia.<\/p>\n<p>El \u00f3xido nitroso se ha utilizado en medicina durante m\u00e1s de 200 a\u00f1os. Se puede utilizar tanto para anestesia como para sedaci\u00f3n. Adem\u00e1s del sue\u00f1o, el <a href=\"https:\/\/fast-gas.com\/es\/comprar-capsulas-de-oxido-nitroso\/\">mon\u00f3xido de nitr\u00f3geno<\/a> tambi\u00e9n proporciona alivio del dolor.<\/p>\n<h2>Oxido nitroso y las aplicaciones m\u00e9dicas<\/h2>\n<p>En medicina, el \u00f3xido nitroso se utiliza principalmente para la anestesia y el alivio del dolor. Por lo tanto, conocemos algunas \u00e1reas de aplicaci\u00f3n que se usan con m\u00e1s frecuencia. En anestesia, en sala de partos, en cuidados paliativos y en el odont\u00f3logo.<\/p>\n<p><strong>Uso de mon\u00f3xido de nitr\u00f3geno en salud<\/strong><\/p>\n<p>El hecho de que el valor MAC de N2o (oxido nitroso) sea del 101% significa que solo se puede administrar en combinaci\u00f3n con otros gases (p. ej., ox\u00edgeno) para una anestesia completa.<\/p>\n<p><strong>Ejemplos de uso de N2O en el cuidado de la salud<\/strong><\/p>\n<p>Ya hemos mencionado brevemente la anestesia, i. h el proceso por el cual los pacientes son anestesiados. Esto sucede, por ejemplo, antes de una operaci\u00f3n. Tambi\u00e9n se utiliza en la sala de partos o en la sala de emergencias. Ahora se piensa principalmente como un analg\u00e9sico. El dentista tambi\u00e9n puede usarlo por este motivo.<\/p>\n<p><strong>\u00bfQu\u00e9 es exactamente un valor MAC?<\/strong><\/p>\n<p>El valor MAC (concentraci\u00f3n alveolar m\u00ednima) es un valor en el que el 50% de las personas evaluadas ya no responden a un est\u00edmulo quir\u00fargico. Si el valor de CAM supera el 100%, siempre debe administrarse en combinaci\u00f3n con otros gases para lograr una anestesia completa.<\/p>\n<p>Beneficios del dioxido de nitrogeno en el cuidado de la salud<\/p>\n<p>Es una de las formas m\u00e1s seguras de utilizar gases medicinales.<\/p>\n<p>El gas afecta al paciente muy r\u00e1pidamente porque el cuerpo lo absorbe r\u00e1pidamente.<\/p>\n<p>La respiraci\u00f3n del paciente se mantiene mejor con di\u00f3xido de nitr\u00f3geno que con anest\u00e9sicos comparables.<\/p>\n<h2>Uso de oxido nitroso en la industria alimentaria<\/h2>\n<p><strong>Aplicaciones de N2O en la industria alimentaria<\/strong><\/p>\n<p>No importa a qu\u00e9 chef le preguntes, todos estar\u00e1n de acuerdo en que el oxido n\u00edtroso se ha convertido en una parte indispensable de sus cocinas. La presi\u00f3n del oxido nitroso se utiliza para dejar los platos m\u00e1s aireados. oxido nitroso es inodoro, incoloro e ins\u00edpido y, por lo tanto, es muy adecuado para esta aplicaci\u00f3n.<\/p>\n<p><strong>\u00bfEl uso del oxido nitroso en la cocina (profesional)?<\/strong><\/p>\n<p>Con un sif\u00f3n y un cartucho aireas r\u00e1pidamente el plato. Sin embargo, con la nueva soluci\u00f3n del gas r\u00e1pido di\u00f3xido de nitr\u00f3geno se utiliza un pr\u00e1ctico cilindro. Esto ahorra a los chefs el tiempo perdido cambiando los cartuchos de crema y tambi\u00e9n es m\u00e1s ecol\u00f3gico.<\/p>\n<p>A diferencia de los <a href=\"https:\/\/fast-gas.com\/es\/comprar-capsulas-de-oxido-nitroso\/\">cartuchos de crema<\/a> tradicionales de un solo llenado, los cilindros cargadores de crema ahorran alrededor del 20 % de los desechos met\u00e1licos y tambi\u00e9n ahorran tiempo, ya que un cilindro cargador de crema equivale a m\u00e1s de 70 cartuchos individuales de crema.<\/p>\n<p><strong>\u00bfQu\u00e9 tipo de platos se pueden preparar con la ayuda de \u00f3xidos de nitrogeno?<\/strong><\/p>\n<p>La aplicaci\u00f3n alimentaria m\u00e1s conocida y m\u00e1s utilizada es la nata montada. De repente es muy f\u00e1cil hacer crema batida. Aqu\u00ed tampoco est\u00e1 involucrada ninguna m\u00e1quina. Llene el sif\u00f3n con crema batida y luego conecte el cilindro.<\/p>\n<p>El N2o se presiona en la crema batida l\u00edquida a muy alta presi\u00f3n. Ahora (despu\u00e9s de marcar) puede comenzar a rociar inmediatamente la crema batida. A excepci\u00f3n de la crema batida, b\u00e1sicamente puedes hacer todos los merengues de la misma manera. En todos los sabores y colores.<\/p>\n<p><strong>\u00bfPuedo usar N2O tambi\u00e9n para preparar platos que no sean merengues?<\/strong><\/p>\n<p>\u00a1S\u00ed tu puedes! Tambi\u00e9n puedes usarlo para preparar gofres belgas, por ejemplo. Estos son gofres algo gruesos con ranuras profundas. Con \u00f3xido nitroso la masa se vuelve particularmente aireada. Como no tiene sabor, color ni olor, \u00a1sus invitados se sorprender\u00e1n! Otro gran consejo son los panqueques. De la misma manera, puedes hacer una deliciosa masa.<\/p>\n<p><strong>Entonces, \u00bfesta aplicaci\u00f3n es adecuada para una cocina culinaria?<\/strong><\/p>\n<p>Si eres un comedor gourmet frecuente, probablemente sepas que muchos chefs trabajan con merengues. Estos merengues vienen en todo tipo de colores y sabores. Por ejemplo, B. a base de champi\u00f1ones, lim\u00f3n o parmesano. Es muy importante que se a\u00f1ada prote\u00edna. Con esta adici\u00f3n, la espuma mantiene su forma de forma permanente.<\/p>\n<h2>Oxido nitroso en medicina y en la industria alimentaria, en breve<\/h2>\n<p>En primer lugar: \u00bfA qu\u00e9 huele, sabe y se ve el \u00f3xido nitroso? El \u00f3xido n\u00edtroso tambi\u00e9n se conoce como N2O. Es un gas incoloro de olor y sabor dulce. La inhalaci\u00f3n de oxido n\u00edtroso provoca una p\u00e9rdida de conciencia, comparable a la que se produce despu\u00e9s de beber demasiado alcohol. A veces tambi\u00e9n se usa en la sala de emergencias o en la sala de partos.<\/p>\n<p>El oxido nitroso se ha utilizado con fines medicinales desde el siglo XVIII para adormecer a los pacientes durante un tiempo breve. Con un uso experto en la dosis adecuada, pr\u00e1cticamente no tiene efectos secundarios. Con un uso prolongado, unas 2 a 4 horas, puede provocar diversos efectos secundarios como: B:<\/p>\n<p>aceleraci\u00f3n de la frecuencia card\u00edaca<\/p>\n<p>respiraci\u00f3n<\/p>\n<p>arritmia card\u00edaca<\/p>\n<p>Alta presi\u00f3n sangu\u00ednea<\/p>\n<p>insuficiencia cardiaca aguda<\/p>\n<p>dilataci\u00f3n de pupila<\/p>\n<p>sudor<\/p>\n<p>contracci\u00f3n muscular espont\u00e1nea<\/p>\n<p>el oxido nitroso acorta e inhibe el est\u00edmulo doloroso, es un analg\u00e9sico de acci\u00f3n corta que tambi\u00e9n se suele utilizar en el odont\u00f3logo o en la ambulancia. Actualmente se utilizan otros anest\u00e9sicos para procedimientos m\u00e1s prolongados.<\/p>\n<p>La anestesia es el adormecimiento de los pacientes. por lo tanto, el mon\u00f3xido de nitr\u00f3geno se usa como un anest\u00e9sico d\u00e9bil para la anestesia. el oxido nitroso tiene un llamado valor MAC de 101%. Un valor MAC tambi\u00e9n se conoce como la concentraci\u00f3n m\u00ednima respirable. En este nivel, el 50 % de las personas ya no responder\u00e1 a la cirug\u00eda. Si este valor es superior al 100%, se deben administrar varios agentes para lograr una anestesia completa. Un valor MAC del 101% para el oxido nitroso significa que hay que administrar varios gases, en este caso ox\u00edgeno.<\/p>\n<p>La proporci\u00f3n de di\u00f3xido de nitr\u00f3geno a ox\u00edgeno se puede ajustar individualmente para cada paciente.<\/p>\n<p>El <a href=\"https:\/\/fast-gas.com\/es\/oxido-nitroso\/\">\u00f3xido n\u00edtroso<\/a> se puede usar en una variedad de industrias, como se acaba de describir, se puede usar bien en el campo de la medicina, en la industria alimentaria se usa como propulsor, en las carreras de autom\u00f3viles y motocicletas se usa para aumentar el rendimiento de la combusti\u00f3n interna. motores y en la cocina se puede utilizar para muchos platos diferentes.<\/p>\n","protected":false},"excerpt":{"rendered":"<p>Tambi\u00e9n conocido como \u00f3xido n\u00edtroso en el mundo qu\u00edmico, el N2O se ha establecido tanto en el mundo m\u00e9dico como en la industria alimentaria gracias a sus \u00fatiles funciones. Mientras que el N2O se utiliza principalmente en el sector de la salud como sedante y analg\u00e9sico, en la industria alimentaria se utiliza principalmente como propulsor [&hellip;]<\/p>\n","protected":false},"author":5216,"featured_media":0,"parent":0,"menu_order":0,"comment_status":"closed","ping_status":"closed","template":"","meta":{"_acf_changed":false,"footnotes":""},"class_list":["post-2078","page","type-page","status-publish","hentry"],"acf":[],"yoast_head":"<!-- This site is optimized with the Yoast SEO plugin v27.2 - https:\/\/yoast.com\/product\/yoast-seo-wordpress\/ -->\n<title>\u00d3xido nitroso: \u00bfqu\u00e9 es y para qu\u00e9 sirve? | FastGas<\/title>\n<meta name=\"description\" content=\"El N2O se ha impuesto en el mundo de la medicina y en la industria alimentaria gracias a sus \u00fatiles funciones.\" \/>\n<meta name=\"robots\" content=\"index, follow, max-snippet:-1, max-image-preview:large, max-video-preview:-1\" \/>\n<link rel=\"canonical\" href=\"https:\/\/fast-gas.com\/es\/oxido-nitrico-comunmente-conocido-como-n2o-que-es-y-para-que-se-utiliza\/\" \/>\n<meta property=\"og:locale\" content=\"es_ES\" \/>\n<meta property=\"og:type\" content=\"article\" \/>\n<meta property=\"og:title\" content=\"\u00d3xido nitroso: \u00bfqu\u00e9 es y para qu\u00e9 sirve? | FastGas\" \/>\n<meta property=\"og:description\" content=\"El N2O se ha impuesto en el mundo de la medicina y en la industria alimentaria gracias a sus \u00fatiles funciones.\" \/>\n<meta property=\"og:url\" content=\"https:\/\/fast-gas.com\/es\/oxido-nitrico-comunmente-conocido-como-n2o-que-es-y-para-que-se-utiliza\/\" \/>\n<meta property=\"og:site_name\" content=\"FastGas\" \/>\n<meta property=\"article:publisher\" content=\"https:\/\/facebook.com\/wearefastgas\" \/>\n<meta property=\"article:modified_time\" content=\"2024-12-26T02:32:04+00:00\" \/>\n<meta property=\"og:image\" content=\"https:\/\/fast-gas.com\/wp-content\/uploads\/2025\/09\/Untitled-design-4.png\" \/>\n\t<meta property=\"og:image:width\" content=\"500\" \/>\n\t<meta property=\"og:image:height\" content=\"500\" \/>\n\t<meta property=\"og:image:type\" content=\"image\/png\" \/>\n<meta name=\"twitter:card\" content=\"summary_large_image\" \/>\n<meta name=\"twitter:label1\" content=\"Est. reading time\" \/>\n\t<meta name=\"twitter:data1\" content=\"8 minutes\" \/>\n<script type=\"application\/ld+json\" class=\"yoast-schema-graph\">{\"@context\":\"https:\/\/schema.org\",\"@graph\":[{\"@type\":[\"Article\",\"BlogPosting\"],\"@id\":\"https:\/\/fast-gas.com\/es\/oxido-nitrico-comunmente-conocido-como-n2o-que-es-y-para-que-se-utiliza\/#article\",\"isPartOf\":{\"@id\":\"https:\/\/fast-gas.com\/es\/oxido-nitrico-comunmente-conocido-como-n2o-que-es-y-para-que-se-utiliza\/\"},\"author\":{\"name\":\"Bro FastGas\",\"@id\":\"https:\/\/fast-gas.com\/es\/#\/schema\/person\/4b3a9beffb469faf985fef2c2b684689\"},\"headline\":\"Oxido nitroso: com\u00fanmente conocido como n2o; \u00bfqu\u00e9 es y para qu\u00e9 se utiliza?\",\"datePublished\":\"2022-02-21T14:41:06+00:00\",\"dateModified\":\"2024-12-26T02:32:04+00:00\",\"mainEntityOfPage\":{\"@id\":\"https:\/\/fast-gas.com\/es\/oxido-nitrico-comunmente-conocido-como-n2o-que-es-y-para-que-se-utiliza\/\"},\"wordCount\":1820,\"publisher\":{\"@id\":\"https:\/\/fast-gas.com\/es\/#organization\"},\"inLanguage\":\"es-ES\"},{\"@type\":\"WebPage\",\"@id\":\"https:\/\/fast-gas.com\/es\/oxido-nitrico-comunmente-conocido-como-n2o-que-es-y-para-que-se-utiliza\/\",\"url\":\"https:\/\/fast-gas.com\/es\/oxido-nitrico-comunmente-conocido-como-n2o-que-es-y-para-que-se-utiliza\/\",\"name\":\"\u00d3xido nitroso: \u00bfqu\u00e9 es y para qu\u00e9 sirve? | FastGas\",\"isPartOf\":{\"@id\":\"https:\/\/fast-gas.com\/es\/#website\"},\"datePublished\":\"2022-02-21T14:41:06+00:00\",\"dateModified\":\"2024-12-26T02:32:04+00:00\",\"description\":\"El N2O se ha impuesto en el mundo de la medicina y en la industria alimentaria gracias a sus \u00fatiles funciones.\",\"breadcrumb\":{\"@id\":\"https:\/\/fast-gas.com\/es\/oxido-nitrico-comunmente-conocido-como-n2o-que-es-y-para-que-se-utiliza\/#breadcrumb\"},\"inLanguage\":\"es-ES\",\"potentialAction\":[{\"@type\":\"ReadAction\",\"target\":[\"https:\/\/fast-gas.com\/es\/oxido-nitrico-comunmente-conocido-como-n2o-que-es-y-para-que-se-utiliza\/\"]}]},{\"@type\":\"BreadcrumbList\",\"@id\":\"https:\/\/fast-gas.com\/es\/oxido-nitrico-comunmente-conocido-como-n2o-que-es-y-para-que-se-utiliza\/#breadcrumb\",\"itemListElement\":[{\"@type\":\"ListItem\",\"position\":1,\"name\":\"Home\",\"item\":\"https:\/\/fast-gas.com\/es\/\"},{\"@type\":\"ListItem\",\"position\":2,\"name\":\"Oxido nitroso: com\u00fanmente conocido como n2o; \u00bfqu\u00e9 es y para qu\u00e9 se utiliza?\"}]},{\"@type\":\"WebSite\",\"@id\":\"https:\/\/fast-gas.com\/es\/#website\",\"url\":\"https:\/\/fast-gas.com\/es\/\",\"name\":\"FastGas\",\"description\":\"N2O Cream Chargers\",\"publisher\":{\"@id\":\"https:\/\/fast-gas.com\/es\/#organization\"},\"potentialAction\":[{\"@type\":\"SearchAction\",\"target\":{\"@type\":\"EntryPoint\",\"urlTemplate\":\"https:\/\/fast-gas.com\/es\/?s={search_term_string}\"},\"query-input\":{\"@type\":\"PropertyValueSpecification\",\"valueRequired\":true,\"valueName\":\"search_term_string\"}}],\"inLanguage\":\"es-ES\"},{\"@type\":\"Organization\",\"@id\":\"https:\/\/fast-gas.com\/es\/#organization\",\"name\":\"FastGas - Helium, CO2 & N2O Wholesale\",\"alternateName\":\"Fast Gas\",\"url\":\"https:\/\/fast-gas.com\/es\/\",\"logo\":{\"@type\":\"ImageObject\",\"inLanguage\":\"es-ES\",\"@id\":\"https:\/\/fast-gas.com\/es\/#\/schema\/logo\/image\/\",\"url\":\"https:\/\/fast-gas.com\/wp-content\/uploads\/2025\/03\/cropped-Fastgas-Favicon.png\",\"contentUrl\":\"https:\/\/fast-gas.com\/wp-content\/uploads\/2025\/03\/cropped-Fastgas-Favicon.png\",\"width\":512,\"height\":512,\"caption\":\"FastGas - Helium, CO2 & N2O Wholesale\"},\"image\":{\"@id\":\"https:\/\/fast-gas.com\/es\/#\/schema\/logo\/image\/\"},\"sameAs\":[\"https:\/\/facebook.com\/wearefastgas\",\"https:\/\/www.youtube.com\/channel\/UCV5w9vrihWFu0yM7SZzQfVQ\/videos\",\"https:\/\/instagram.com\/fastgas.official\"]},{\"@type\":\"Person\",\"@id\":\"https:\/\/fast-gas.com\/es\/#\/schema\/person\/4b3a9beffb469faf985fef2c2b684689\",\"name\":\"Bro FastGas\",\"description\":\"Meet our Culinary Gas &amp; Tech Editor: pioneering N2O, CO2, and cream charger innovations with recipes, reviews, and cutting-edge insights.\",\"url\":\"https:\/\/fast-gas.com\/es\/author\/iryna\/\"}]}<\/script>\n<!-- \/ Yoast SEO plugin. -->","yoast_head_json":{"title":"\u00d3xido nitroso: \u00bfqu\u00e9 es y para qu\u00e9 sirve? | FastGas","description":"El N2O se ha impuesto en el mundo de la medicina y en la industria alimentaria gracias a sus \u00fatiles funciones.","robots":{"index":"index","follow":"follow","max-snippet":"max-snippet:-1","max-image-preview":"max-image-preview:large","max-video-preview":"max-video-preview:-1"},"canonical":"https:\/\/fast-gas.com\/es\/oxido-nitrico-comunmente-conocido-como-n2o-que-es-y-para-que-se-utiliza\/","og_locale":"es_ES","og_type":"article","og_title":"\u00d3xido nitroso: \u00bfqu\u00e9 es y para qu\u00e9 sirve? | FastGas","og_description":"El N2O se ha impuesto en el mundo de la medicina y en la industria alimentaria gracias a sus \u00fatiles funciones.","og_url":"https:\/\/fast-gas.com\/es\/oxido-nitrico-comunmente-conocido-como-n2o-que-es-y-para-que-se-utiliza\/","og_site_name":"FastGas","article_publisher":"https:\/\/facebook.com\/wearefastgas","article_modified_time":"2024-12-26T02:32:04+00:00","og_image":[{"width":500,"height":500,"url":"https:\/\/fast-gas.com\/wp-content\/uploads\/2025\/09\/Untitled-design-4.png","type":"image\/png"}],"twitter_card":"summary_large_image","twitter_misc":{"Est. reading time":"8 minutes"},"schema":{"@context":"https:\/\/schema.org","@graph":[{"@type":["Article","BlogPosting"],"@id":"https:\/\/fast-gas.com\/es\/oxido-nitrico-comunmente-conocido-como-n2o-que-es-y-para-que-se-utiliza\/#article","isPartOf":{"@id":"https:\/\/fast-gas.com\/es\/oxido-nitrico-comunmente-conocido-como-n2o-que-es-y-para-que-se-utiliza\/"},"author":{"name":"Bro FastGas","@id":"https:\/\/fast-gas.com\/es\/#\/schema\/person\/4b3a9beffb469faf985fef2c2b684689"},"headline":"Oxido nitroso: com\u00fanmente conocido como n2o; \u00bfqu\u00e9 es y para qu\u00e9 se utiliza?","datePublished":"2022-02-21T14:41:06+00:00","dateModified":"2024-12-26T02:32:04+00:00","mainEntityOfPage":{"@id":"https:\/\/fast-gas.com\/es\/oxido-nitrico-comunmente-conocido-como-n2o-que-es-y-para-que-se-utiliza\/"},"wordCount":1820,"publisher":{"@id":"https:\/\/fast-gas.com\/es\/#organization"},"inLanguage":"es-ES"},{"@type":"WebPage","@id":"https:\/\/fast-gas.com\/es\/oxido-nitrico-comunmente-conocido-como-n2o-que-es-y-para-que-se-utiliza\/","url":"https:\/\/fast-gas.com\/es\/oxido-nitrico-comunmente-conocido-como-n2o-que-es-y-para-que-se-utiliza\/","name":"\u00d3xido nitroso: \u00bfqu\u00e9 es y para qu\u00e9 sirve? | FastGas","isPartOf":{"@id":"https:\/\/fast-gas.com\/es\/#website"},"datePublished":"2022-02-21T14:41:06+00:00","dateModified":"2024-12-26T02:32:04+00:00","description":"El N2O se ha impuesto en el mundo de la medicina y en la industria alimentaria gracias a sus \u00fatiles funciones.","breadcrumb":{"@id":"https:\/\/fast-gas.com\/es\/oxido-nitrico-comunmente-conocido-como-n2o-que-es-y-para-que-se-utiliza\/#breadcrumb"},"inLanguage":"es-ES","potentialAction":[{"@type":"ReadAction","target":["https:\/\/fast-gas.com\/es\/oxido-nitrico-comunmente-conocido-como-n2o-que-es-y-para-que-se-utiliza\/"]}]},{"@type":"BreadcrumbList","@id":"https:\/\/fast-gas.com\/es\/oxido-nitrico-comunmente-conocido-como-n2o-que-es-y-para-que-se-utiliza\/#breadcrumb","itemListElement":[{"@type":"ListItem","position":1,"name":"Home","item":"https:\/\/fast-gas.com\/es\/"},{"@type":"ListItem","position":2,"name":"Oxido nitroso: com\u00fanmente conocido como n2o; \u00bfqu\u00e9 es y para qu\u00e9 se utiliza?"}]},{"@type":"WebSite","@id":"https:\/\/fast-gas.com\/es\/#website","url":"https:\/\/fast-gas.com\/es\/","name":"FastGas","description":"N2O Cream Chargers","publisher":{"@id":"https:\/\/fast-gas.com\/es\/#organization"},"potentialAction":[{"@type":"SearchAction","target":{"@type":"EntryPoint","urlTemplate":"https:\/\/fast-gas.com\/es\/?s={search_term_string}"},"query-input":{"@type":"PropertyValueSpecification","valueRequired":true,"valueName":"search_term_string"}}],"inLanguage":"es-ES"},{"@type":"Organization","@id":"https:\/\/fast-gas.com\/es\/#organization","name":"FastGas - Helium, CO2 & N2O Wholesale","alternateName":"Fast Gas","url":"https:\/\/fast-gas.com\/es\/","logo":{"@type":"ImageObject","inLanguage":"es-ES","@id":"https:\/\/fast-gas.com\/es\/#\/schema\/logo\/image\/","url":"https:\/\/fast-gas.com\/wp-content\/uploads\/2025\/03\/cropped-Fastgas-Favicon.png","contentUrl":"https:\/\/fast-gas.com\/wp-content\/uploads\/2025\/03\/cropped-Fastgas-Favicon.png","width":512,"height":512,"caption":"FastGas - Helium, CO2 & N2O Wholesale"},"image":{"@id":"https:\/\/fast-gas.com\/es\/#\/schema\/logo\/image\/"},"sameAs":["https:\/\/facebook.com\/wearefastgas","https:\/\/www.youtube.com\/channel\/UCV5w9vrihWFu0yM7SZzQfVQ\/videos","https:\/\/instagram.com\/fastgas.official"]},{"@type":"Person","@id":"https:\/\/fast-gas.com\/es\/#\/schema\/person\/4b3a9beffb469faf985fef2c2b684689","name":"Bro FastGas","description":"Meet our Culinary Gas &amp; Tech Editor: pioneering N2O, CO2, and cream charger innovations with recipes, reviews, and cutting-edge insights.","url":"https:\/\/fast-gas.com\/es\/author\/iryna\/"}]}},"_links":{"self":[{"href":"https:\/\/fast-gas.com\/es\/wp-json\/wp\/v2\/pages\/2078","targetHints":{"allow":["GET"]}}],"collection":[{"href":"https:\/\/fast-gas.com\/es\/wp-json\/wp\/v2\/pages"}],"about":[{"href":"https:\/\/fast-gas.com\/es\/wp-json\/wp\/v2\/types\/page"}],"author":[{"embeddable":true,"href":"https:\/\/fast-gas.com\/es\/wp-json\/wp\/v2\/users\/5216"}],"replies":[{"embeddable":true,"href":"https:\/\/fast-gas.com\/es\/wp-json\/wp\/v2\/comments?post=2078"}],"version-history":[{"count":12,"href":"https:\/\/fast-gas.com\/es\/wp-json\/wp\/v2\/pages\/2078\/revisions"}],"predecessor-version":[{"id":40021,"href":"https:\/\/fast-gas.com\/es\/wp-json\/wp\/v2\/pages\/2078\/revisions\/40021"}],"wp:attachment":[{"href":"https:\/\/fast-gas.com\/es\/wp-json\/wp\/v2\/media?parent=2078"}],"curies":[{"name":"wp","href":"https:\/\/api.w.org\/{rel}","templated":true}]}}