{"id":2076,"date":"2022-02-21T14:40:42","date_gmt":"2022-02-21T14:40:42","guid":{"rendered":"https:\/\/fast-gas.com\/?page_id=2076"},"modified":"2024-09-06T13:45:34","modified_gmt":"2024-09-06T13:45:34","slug":"bombonas-de-gas","status":"publish","type":"page","link":"https:\/\/fast-gas.com\/es\/bombonas-de-gas\/","title":{"rendered":"Bombonas de gas"},"content":{"rendered":"<h1>Bombonas de gas<\/h1>\n<p>Comprar bombonas de gas de la risa ayuda a repartir uniformemente la nata en tartas o pasteles, porque el <a href=\"https:\/\/fast-gas.com\/es\/oxido-nitroso\/\">oxido nitroso<\/a> se encuentra en las llamadas bombonas de gas de la risa. \u00bfQui\u00e9n hubiera pensado que el gas con el nombre un tanto extra\u00f1o podr\u00eda tener tantos usos? No solo nos sorprendemos y explicamos en el siguiente art\u00edculo por qu\u00e9 comprar n2o al proveedor especialista alem\u00e1n es una buena y segura decisi\u00f3n.<\/p>\n<h2>Bombonas de gas de la risa<\/h2>\n<p>El primer vistazo a la p\u00e1gina de inicio del proveedor muestra una imagen claramente estructurada con diferentes categor\u00edas en el lado izquierdo y texto continuo y fotos en el lado derecho. El cliente debe poder encontrar el producto deseado de manera simple y f\u00e1cil y tenerlo en casa con la misma rapidez. El servicio pero tambi\u00e9n la privacidad son muy importantes aqu\u00ed, por lo que los paquetes se env\u00edan de forma discreta y sin publicidad. Adem\u00e1s, la empresa cuenta con un almac\u00e9n bien surtido de las marcas m\u00e1s vendidas para poder entregar de manera confiable incluso en caso de aumento de la demanda.<\/p>\n<p>Entre estos productos estrella tambi\u00e9n se encuentran los de la marca Kayser o, por ejemplo, Mosa. Sin embargo, todos los dem\u00e1s productos ofrecidos son seguros optimizados, certificados y garantizados, sobre todo porque <a href=\"https:\/\/fast-gas.com\/es\/\">Fast Gas<\/a>\u00a0trabaja desde este pa\u00eds, uno de los pa\u00edses con los controles de productos m\u00e1s estrictos del mundo. El buen precio tambi\u00e9n se nota al comprar n2o, ya que este tambi\u00e9n es crucial para la satisfacci\u00f3n del cliente.<\/p>\n<p>La elecci\u00f3n de los productos no deja nada que desear, para que todos puedan encontrar su Bombonas <a href=\"https:\/\/fast-gas.com\/es\/oxido-nitroso\/\">oxido nitroso<\/a> adecuada. Comprar n2o aqu\u00ed significa no tener que volver a ahorrar en una deliciosa crema porque el cartucho de repente se rindi\u00f3. Por supuesto, lo mismo aplica para una celebraci\u00f3n, con estos cartuchos nunca te quedas sin aire (ni el <a href=\"https:\/\/fast-gas.com\/es\/oxido-nitrico-comunmente-conocido-como-n2o-que-es-y-para-que-se-utiliza\/\">oxido nitroso<\/a>). La gama de productos est\u00e1 fuertemente adaptada a las necesidades del cliente, pero el gas en s\u00ed tambi\u00e9n tiene propiedades especiales, ya que es seguro para comer, ins\u00edpido, invisible y no inflamable. Un verdadero gas m\u00e1gico.<\/p>\n<h2>Bombonas de gas precio<\/h2>\n<p>Despu\u00e9s de todo, cuando compra n2o en <a href=\"https:\/\/fast-gas.com\/es\/\">Fast Gas<\/a>, Cream Deluxe, se da cuenta de que se debe lograr la experiencia de compra ideal para cada cliente a trav\u00e9s de una variedad de opciones de env\u00edo. Si compras m\u00e1s, obtienes un descuento en ciertas ofertas, y si quieres, tambi\u00e9n puedes pedir el resto de accesorios de fiesta al mismo tiempo, incluso algo para picar. Si quieres comprar n2o aqu\u00ed, no puedes equivocarte, \u00a1porque el precio, la calidad y el servicio en Bombonas de gas siguen siendo divertidos!<\/p>\n<p>Este es un gran sitio web donde puedes conseguir dosificadores de crema y bombonas oxido nitroso. \u00a1Un sue\u00f1o! Con las Bombonas <a href=\"https:\/\/fast-gas.com\/es\/oxido-nitrico-comunmente-conocido-como-n2o-que-es-y-para-que-se-utiliza\/\">oxido nitroso<\/a> y la crema o dosificador de crema puedo hacer cualquier crema! No importa si es crema batida, mousse au chocolat o mis propios sabores que le agrego a las bombonas de gas de la risa. Hay un mont\u00f3n de boquillas de Bombonas de gas de la risa con diferentes resultados de crema. \u00a1El oxido nitroso de Bombona asegura que siempre obtengo la crema batida perfecta muy r\u00e1pidamente! Ya sea golpeado fuerte o suelto. \u00a1Desde entonces, el caf\u00e9 o el pastel saben a\u00fan<\/p>\n<p>mejor! La mejor parte es que ya no tengo que pasar horas batiendo crema con un batidor. Eso solo dio dolores musculares y tom\u00f3 una eternidad.<\/p>\n","protected":false},"excerpt":{"rendered":"<p>Bombonas de gas Comprar bombonas de gas de la risa ayuda a repartir uniformemente la nata en tartas o pasteles, porque el oxido nitroso se encuentra en las llamadas bombonas de gas de la risa. \u00bfQui\u00e9n hubiera pensado que el gas con el nombre un tanto extra\u00f1o podr\u00eda tener tantos usos? No solo nos sorprendemos [&hellip;]<\/p>\n","protected":false},"author":5216,"featured_media":0,"parent":0,"menu_order":0,"comment_status":"closed","ping_status":"closed","template":"","meta":{"_acf_changed":false,"footnotes":""},"class_list":["post-2076","page","type-page","status-publish","hentry"],"acf":[],"yoast_head":"<!-- This site is optimized with the Yoast SEO plugin v27.4 - https:\/\/yoast.com\/product\/yoast-seo-wordpress\/ -->\n<title>Bombonas De Gas - Cream Deluxe Gas &amp; Fast Gas Cream Charger<\/title>\n<meta name=\"description\" content=\"En este art\u00edculo explicaremos por qu\u00e9 comprar \u00f3xido nitroso a un especialista como Cream Deluxe o Fast Gas es una decisi\u00f3n m\u00e1s segura.\" \/>\n<meta name=\"robots\" content=\"index, follow, max-snippet:-1, max-image-preview:large, max-video-preview:-1\" \/>\n<link rel=\"canonical\" href=\"https:\/\/fast-gas.com\/es\/bombonas-de-gas\/\" \/>\n<meta property=\"og:locale\" content=\"es_ES\" \/>\n<meta property=\"og:type\" content=\"article\" \/>\n<meta property=\"og:title\" content=\"Bombonas De Gas - Cream Deluxe Gas &amp; Fast Gas Cream Charger\" \/>\n<meta property=\"og:description\" content=\"En este art\u00edculo explicaremos por qu\u00e9 comprar \u00f3xido nitroso a un especialista como Cream Deluxe o Fast Gas es una decisi\u00f3n m\u00e1s segura.\" \/>\n<meta property=\"og:url\" content=\"https:\/\/fast-gas.com\/es\/bombonas-de-gas\/\" \/>\n<meta property=\"og:site_name\" content=\"FastGas\" \/>\n<meta property=\"article:publisher\" content=\"https:\/\/facebook.com\/wearefastgas\" \/>\n<meta property=\"article:modified_time\" content=\"2024-09-06T13:45:34+00:00\" \/>\n<meta property=\"og:image\" content=\"https:\/\/fast-gas.com\/wp-content\/uploads\/2025\/09\/Untitled-design-4.png\" \/>\n\t<meta property=\"og:image:width\" content=\"500\" \/>\n\t<meta property=\"og:image:height\" content=\"500\" \/>\n\t<meta property=\"og:image:type\" content=\"image\/png\" \/>\n<meta name=\"twitter:card\" content=\"summary_large_image\" \/>\n<meta name=\"twitter:label1\" content=\"Est. reading time\" \/>\n\t<meta name=\"twitter:data1\" content=\"3 minutes\" \/>\n<script type=\"application\/ld+json\" class=\"yoast-schema-graph\">{\"@context\":\"https:\\\/\\\/schema.org\",\"@graph\":[{\"@type\":[\"Article\",\"BlogPosting\"],\"@id\":\"https:\\\/\\\/fast-gas.com\\\/es\\\/bombonas-de-gas\\\/#article\",\"isPartOf\":{\"@id\":\"https:\\\/\\\/fast-gas.com\\\/es\\\/bombonas-de-gas\\\/\"},\"author\":{\"name\":\"Bro FastGas\",\"@id\":\"https:\\\/\\\/fast-gas.com\\\/es\\\/#\\\/schema\\\/person\\\/4b3a9beffb469faf985fef2c2b684689\"},\"headline\":\"Bombonas de gas\",\"datePublished\":\"2022-02-21T14:40:42+00:00\",\"dateModified\":\"2024-09-06T13:45:34+00:00\",\"mainEntityOfPage\":{\"@id\":\"https:\\\/\\\/fast-gas.com\\\/es\\\/bombonas-de-gas\\\/\"},\"wordCount\":618,\"publisher\":{\"@id\":\"https:\\\/\\\/fast-gas.com\\\/es\\\/#organization\"},\"inLanguage\":\"es-ES\"},{\"@type\":\"WebPage\",\"@id\":\"https:\\\/\\\/fast-gas.com\\\/es\\\/bombonas-de-gas\\\/\",\"url\":\"https:\\\/\\\/fast-gas.com\\\/es\\\/bombonas-de-gas\\\/\",\"name\":\"Bombonas De Gas - Cream Deluxe Gas & Fast Gas Cream Charger\",\"isPartOf\":{\"@id\":\"https:\\\/\\\/fast-gas.com\\\/es\\\/#website\"},\"datePublished\":\"2022-02-21T14:40:42+00:00\",\"dateModified\":\"2024-09-06T13:45:34+00:00\",\"description\":\"En este art\u00edculo explicaremos por qu\u00e9 comprar \u00f3xido nitroso a un especialista como Cream Deluxe o Fast Gas es una decisi\u00f3n m\u00e1s segura.\",\"breadcrumb\":{\"@id\":\"https:\\\/\\\/fast-gas.com\\\/es\\\/bombonas-de-gas\\\/#breadcrumb\"},\"inLanguage\":\"es-ES\",\"potentialAction\":[{\"@type\":\"ReadAction\",\"target\":[\"https:\\\/\\\/fast-gas.com\\\/es\\\/bombonas-de-gas\\\/\"]}]},{\"@type\":\"BreadcrumbList\",\"@id\":\"https:\\\/\\\/fast-gas.com\\\/es\\\/bombonas-de-gas\\\/#breadcrumb\",\"itemListElement\":[{\"@type\":\"ListItem\",\"position\":1,\"name\":\"Home\",\"item\":\"https:\\\/\\\/fast-gas.com\\\/es\\\/\"},{\"@type\":\"ListItem\",\"position\":2,\"name\":\"Bombonas de gas\"}]},{\"@type\":\"WebSite\",\"@id\":\"https:\\\/\\\/fast-gas.com\\\/es\\\/#website\",\"url\":\"https:\\\/\\\/fast-gas.com\\\/es\\\/\",\"name\":\"FastGas\",\"description\":\"N2O Cream Chargers\",\"publisher\":{\"@id\":\"https:\\\/\\\/fast-gas.com\\\/es\\\/#organization\"},\"potentialAction\":[{\"@type\":\"SearchAction\",\"target\":{\"@type\":\"EntryPoint\",\"urlTemplate\":\"https:\\\/\\\/fast-gas.com\\\/es\\\/?s={search_term_string}\"},\"query-input\":{\"@type\":\"PropertyValueSpecification\",\"valueRequired\":true,\"valueName\":\"search_term_string\"}}],\"inLanguage\":\"es-ES\"},{\"@type\":\"Organization\",\"@id\":\"https:\\\/\\\/fast-gas.com\\\/es\\\/#organization\",\"name\":\"FastGas - Helium, CO2 & N2O Wholesale\",\"alternateName\":\"Fast Gas\",\"url\":\"https:\\\/\\\/fast-gas.com\\\/es\\\/\",\"logo\":{\"@type\":\"ImageObject\",\"inLanguage\":\"es-ES\",\"@id\":\"https:\\\/\\\/fast-gas.com\\\/es\\\/#\\\/schema\\\/logo\\\/image\\\/\",\"url\":\"https:\\\/\\\/fast-gas.com\\\/wp-content\\\/uploads\\\/2025\\\/03\\\/cropped-Fastgas-Favicon.png\",\"contentUrl\":\"https:\\\/\\\/fast-gas.com\\\/wp-content\\\/uploads\\\/2025\\\/03\\\/cropped-Fastgas-Favicon.png\",\"width\":512,\"height\":512,\"caption\":\"FastGas - Helium, CO2 & N2O Wholesale\"},\"image\":{\"@id\":\"https:\\\/\\\/fast-gas.com\\\/es\\\/#\\\/schema\\\/logo\\\/image\\\/\"},\"sameAs\":[\"https:\\\/\\\/facebook.com\\\/wearefastgas\",\"https:\\\/\\\/www.youtube.com\\\/channel\\\/UCV5w9vrihWFu0yM7SZzQfVQ\\\/videos\",\"https:\\\/\\\/instagram.com\\\/fastgas.official\"]},{\"@type\":\"Person\",\"@id\":\"https:\\\/\\\/fast-gas.com\\\/es\\\/#\\\/schema\\\/person\\\/4b3a9beffb469faf985fef2c2b684689\",\"name\":\"Bro FastGas\",\"description\":\"Meet our Culinary Gas &amp; Tech Editor: pioneering N2O, CO2, and cream charger innovations with recipes, reviews, and cutting-edge insights.\",\"url\":\"https:\\\/\\\/fast-gas.com\\\/es\\\/author\\\/iryna\\\/\"}]}<\/script>\n<!-- \/ Yoast SEO plugin. -->","yoast_head_json":{"title":"Bombonas De Gas - Cream Deluxe Gas & Fast Gas Cream Charger","description":"En este art\u00edculo explicaremos por qu\u00e9 comprar \u00f3xido nitroso a un especialista como Cream Deluxe o Fast Gas es una decisi\u00f3n m\u00e1s segura.","robots":{"index":"index","follow":"follow","max-snippet":"max-snippet:-1","max-image-preview":"max-image-preview:large","max-video-preview":"max-video-preview:-1"},"canonical":"https:\/\/fast-gas.com\/es\/bombonas-de-gas\/","og_locale":"es_ES","og_type":"article","og_title":"Bombonas De Gas - Cream Deluxe Gas & Fast Gas Cream Charger","og_description":"En este art\u00edculo explicaremos por qu\u00e9 comprar \u00f3xido nitroso a un especialista como Cream Deluxe o Fast Gas es una decisi\u00f3n m\u00e1s segura.","og_url":"https:\/\/fast-gas.com\/es\/bombonas-de-gas\/","og_site_name":"FastGas","article_publisher":"https:\/\/facebook.com\/wearefastgas","article_modified_time":"2024-09-06T13:45:34+00:00","og_image":[{"width":500,"height":500,"url":"https:\/\/fast-gas.com\/wp-content\/uploads\/2025\/09\/Untitled-design-4.png","type":"image\/png"}],"twitter_card":"summary_large_image","twitter_misc":{"Est. reading time":"3 minutes"},"schema":{"@context":"https:\/\/schema.org","@graph":[{"@type":["Article","BlogPosting"],"@id":"https:\/\/fast-gas.com\/es\/bombonas-de-gas\/#article","isPartOf":{"@id":"https:\/\/fast-gas.com\/es\/bombonas-de-gas\/"},"author":{"name":"Bro FastGas","@id":"https:\/\/fast-gas.com\/es\/#\/schema\/person\/4b3a9beffb469faf985fef2c2b684689"},"headline":"Bombonas de gas","datePublished":"2022-02-21T14:40:42+00:00","dateModified":"2024-09-06T13:45:34+00:00","mainEntityOfPage":{"@id":"https:\/\/fast-gas.com\/es\/bombonas-de-gas\/"},"wordCount":618,"publisher":{"@id":"https:\/\/fast-gas.com\/es\/#organization"},"inLanguage":"es-ES"},{"@type":"WebPage","@id":"https:\/\/fast-gas.com\/es\/bombonas-de-gas\/","url":"https:\/\/fast-gas.com\/es\/bombonas-de-gas\/","name":"Bombonas De Gas - Cream Deluxe Gas & Fast Gas Cream Charger","isPartOf":{"@id":"https:\/\/fast-gas.com\/es\/#website"},"datePublished":"2022-02-21T14:40:42+00:00","dateModified":"2024-09-06T13:45:34+00:00","description":"En este art\u00edculo explicaremos por qu\u00e9 comprar \u00f3xido nitroso a un especialista como Cream Deluxe o Fast Gas es una decisi\u00f3n m\u00e1s segura.","breadcrumb":{"@id":"https:\/\/fast-gas.com\/es\/bombonas-de-gas\/#breadcrumb"},"inLanguage":"es-ES","potentialAction":[{"@type":"ReadAction","target":["https:\/\/fast-gas.com\/es\/bombonas-de-gas\/"]}]},{"@type":"BreadcrumbList","@id":"https:\/\/fast-gas.com\/es\/bombonas-de-gas\/#breadcrumb","itemListElement":[{"@type":"ListItem","position":1,"name":"Home","item":"https:\/\/fast-gas.com\/es\/"},{"@type":"ListItem","position":2,"name":"Bombonas de gas"}]},{"@type":"WebSite","@id":"https:\/\/fast-gas.com\/es\/#website","url":"https:\/\/fast-gas.com\/es\/","name":"FastGas","description":"N2O Cream Chargers","publisher":{"@id":"https:\/\/fast-gas.com\/es\/#organization"},"potentialAction":[{"@type":"SearchAction","target":{"@type":"EntryPoint","urlTemplate":"https:\/\/fast-gas.com\/es\/?s={search_term_string}"},"query-input":{"@type":"PropertyValueSpecification","valueRequired":true,"valueName":"search_term_string"}}],"inLanguage":"es-ES"},{"@type":"Organization","@id":"https:\/\/fast-gas.com\/es\/#organization","name":"FastGas - Helium, CO2 & N2O Wholesale","alternateName":"Fast Gas","url":"https:\/\/fast-gas.com\/es\/","logo":{"@type":"ImageObject","inLanguage":"es-ES","@id":"https:\/\/fast-gas.com\/es\/#\/schema\/logo\/image\/","url":"https:\/\/fast-gas.com\/wp-content\/uploads\/2025\/03\/cropped-Fastgas-Favicon.png","contentUrl":"https:\/\/fast-gas.com\/wp-content\/uploads\/2025\/03\/cropped-Fastgas-Favicon.png","width":512,"height":512,"caption":"FastGas - Helium, CO2 & N2O Wholesale"},"image":{"@id":"https:\/\/fast-gas.com\/es\/#\/schema\/logo\/image\/"},"sameAs":["https:\/\/facebook.com\/wearefastgas","https:\/\/www.youtube.com\/channel\/UCV5w9vrihWFu0yM7SZzQfVQ\/videos","https:\/\/instagram.com\/fastgas.official"]},{"@type":"Person","@id":"https:\/\/fast-gas.com\/es\/#\/schema\/person\/4b3a9beffb469faf985fef2c2b684689","name":"Bro FastGas","description":"Meet our Culinary Gas &amp; Tech Editor: pioneering N2O, CO2, and cream charger innovations with recipes, reviews, and cutting-edge insights.","url":"https:\/\/fast-gas.com\/es\/author\/iryna\/"}]}},"_links":{"self":[{"href":"https:\/\/fast-gas.com\/es\/wp-json\/wp\/v2\/pages\/2076","targetHints":{"allow":["GET"]}}],"collection":[{"href":"https:\/\/fast-gas.com\/es\/wp-json\/wp\/v2\/pages"}],"about":[{"href":"https:\/\/fast-gas.com\/es\/wp-json\/wp\/v2\/types\/page"}],"author":[{"embeddable":true,"href":"https:\/\/fast-gas.com\/es\/wp-json\/wp\/v2\/users\/5216"}],"replies":[{"embeddable":true,"href":"https:\/\/fast-gas.com\/es\/wp-json\/wp\/v2\/comments?post=2076"}],"version-history":[{"count":7,"href":"https:\/\/fast-gas.com\/es\/wp-json\/wp\/v2\/pages\/2076\/revisions"}],"predecessor-version":[{"id":38126,"href":"https:\/\/fast-gas.com\/es\/wp-json\/wp\/v2\/pages\/2076\/revisions\/38126"}],"wp:attachment":[{"href":"https:\/\/fast-gas.com\/es\/wp-json\/wp\/v2\/media?parent=2076"}],"curies":[{"name":"wp","href":"https:\/\/api.w.org\/{rel}","templated":true}]}}