{"id":2074,"date":"2022-02-21T14:40:22","date_gmt":"2022-02-21T14:40:22","guid":{"rendered":"https:\/\/fast-gas.com\/?page_id=2074"},"modified":"2025-03-27T07:22:05","modified_gmt":"2025-03-27T07:22:05","slug":"comprar-capsulas-de-oxido-nitroso","status":"publish","type":"page","link":"https:\/\/fast-gas.com\/es\/comprar-capsulas-de-oxido-nitroso\/","title":{"rendered":"Comprar capsulas de oxido nitroso"},"content":{"rendered":"<h1>Comprar capsulas de oxido nitroso<\/h1>\n<p>Los dispensadores de crema son cada vez m\u00e1s populares. Los cocineros profesionales y aficionados apuestan por el dosificador de nata con su correspondiente comprar capsulas <a href=\"https:\/\/fast-gas.com\/es\/oxido-nitroso\/\">oxido nitroso<\/a>. Con el sifon de nata montada, la nata montada es mejor que nunca. Los postres se pueden omitir f\u00e1cilmente. No te preocupes si el postre mantendr\u00e1 su forma. La tienda profesional: Fast-gas.com tiene la especial comprar capsulas oxido nitroso. El sabor ligero e incomparable del sol, la playa y la sensaci\u00f3n de vacaciones ahora est\u00e1 disponible en todos los bares, fiestas y cocinas. El sabor se derrite en la lengua y no deja sabores artificiales.<\/p>\n<h2>Comparar capsulas oxido nitroso online<\/h2>\n<p>Con comprar c\u00e1psulas oxido nitroso cualquier cobertura de crema es un \u00e9xito. Cada c\u00f3ctel de moda ofrece un momento de sorpresa con la cobertura de crema tropical. Nada como esto ha sucedido antes. Las creaciones de cremas culinarias son un fest\u00edn para la vista y el paladar. El sistema de c\u00e1psulas garantiza el \u00e9xito. La consistencia difiere de los dispensadores de crema habituales. El sistema de c\u00e1psulas y el <a href=\"\/es\/producto\/sifon-de-crema\/\">sifon de crema<\/a> crean la presi\u00f3n perfecta para la espuma cremosa y coherente. Se pueden crear diferentes consistencias con diferentes presiones.<\/p>\n<h2>C\u00e1psulas de globos de la risa<\/h2>\n<p>El sifon de crema es f\u00e1cil de limpiar. Los cartuchos se pueden cambiar y pedir de nuevo en cualquier momento. Se pueden crear diferentes consistencias con diferentes presiones. Si se necesitan piezas de repuesto, simplemente se pueden volver a pedir. Un dosificador de nata tiene la ventaja de que ya no es necesario el laborioso batido de la nata. Con los globos de la risa comprar se crea la cobertura de crema perfecta en cuesti\u00f3n de segundos. Aquellos a los que les gusta experimentar en la cocina o en su barra disfrutar\u00e1n de los sabores ex\u00f3ticos. La mousse perfecta se crea con los globos de la risa. Y con las ex\u00f3ticas <a href=\"\/es\/product-category\/todos\/\">c\u00e1psulas oxido nitroso<\/a> se pueden comprar y elaborar salsas sofisticadas. Una salsa dulce sobre el helado vigoriza el cuerpo y la mente. Una salsa afrutada, c\u00e1lida y cremosa sobre el esponjoso arroz jazm\u00edn crea una sofisticaci\u00f3n especial.<\/p>\n<p>La cobertura de crema tambi\u00e9n se puede espolvorear con chocolate o coco rallado. La imaginaci\u00f3n no conoce l\u00edmites. El verano se prolonga hasta el oto\u00f1o. Y cuando la tristeza de noviembre llega al pa\u00eds, llega el momento de un c\u00f3ctel local con dispensador de crema y comprar c\u00e1psulas de Fast-gas.com. La caja de almacenaje merece la pena para que siempre haya suficiente stock en la casa. Porque la experiencia demuestra que las c\u00e1psulas se usan con m\u00e1s frecuencia. Son vers\u00e1tiles y refinan muchos platos en cada cocina gourmet. Los profesionales de los bares y discotecas han jurado durante mucho tiempo por el ex\u00f3tico sif\u00f3n comprar c\u00e1psulas de gas. Ahora se est\u00e1n poniendo a disposici\u00f3n del p\u00fablico en general. Simplemente haga el pedido deseado con todos los accesorios en l\u00ednea en Fast-gas.com.<\/p>\n<p>Gracias a las diversas opciones de pedido, el cliente puede utilizar cualquier descuento por cantidad y no perderse nada importante. Adem\u00e1s del chantilly<\/p>\n<p>cartucho, todos pueden comprar bocadillos como pretzels o los importantes cartuchos cocina. En resumen, Fast-gas.com es una tienda muy completa que valora la calidad, la seguridad y el servicio a precios muy competitivos. Comprar aqu\u00ed es: \u00a1Recomendado<\/p>\n<h2>C\u00e1psulas de \u00f3xido nitroso<\/h2>\n<p>Gracias a las diversas opciones de pedido, el cliente puede utilizar cualquier descuento por cantidad y no perderse nada importante. Adem\u00e1s del sif\u00f3n de cartuchos, todos pueden comprar snacks como pretzels o los importantes cartuchos cocina. En resumen, <a href=\"https:\/\/fast-gas.com\/es\/\">Fast-gas.com<\/a> \/ Cream Deluxe es una tienda muy completa que valora la calidad, la seguridad y el servicio a precios muy competitivos. Comprar aqu\u00ed es: \u00a1Recomendado!<\/p>\n<p>Si solo asocias globos de la risa con una voz particularmente alta y coches r\u00e1pidos, a\u00fan puedes aprender mucho sobre los diferentes usos posibles en la cocina y en general. Porque las capsulas oxido nitroso (cient\u00edficamente globos de la risa o N2O) no solo son aptas para inflar <a href=\"https:\/\/fast-gas.com\/es\/bombonas-de-gas\/\">cartuchos cocina<\/a>, sino que tambi\u00e9n pueden ser muy divertidas antes de la fiesta. Porque una base de crema con abridores de base de crema igualmente elegantes ayuda a decorar productos horneados y pasteles de una manera realmente festiva. Y el siguiente art\u00edculo explica por qu\u00e9 deber\u00eda comprar un abrebotellas de crema realmente bueno en <a href=\"https:\/\/fast-gas.com\/es\/\">Fast-gas.com<\/a> \/ Cream Deluxe.<\/p>\n<p>Adem\u00e1s de capsulas oxido nitroso, en Fast-gas.com \/ Cream Deluxe tambi\u00e9n se pueden adquirir otros alimentos como snacks u otros complementos de globos de la risa. Con todo, el especialista en oxido nitroso con sede en este pa\u00eds definitivamente vale la pena echarle un vistazo. Cualquiera que haya estado alguna vez en una gran fiesta conoce la vista de innumerables cartuchos flotantes de cocina, que hacen las delicias de los invitados de todas las edades.<\/p>\n<p>Pero los globos de la risa no se usan para rellenar cartuchos de cocina, porque la crema de la torta de cumplea\u00f1os tambi\u00e9n se decor\u00f3 con un cartucho de oxido nitroso. Con tanto alboroto sobre Fungas, es importante encontrar un proveedor seguro y confiable para comprar su oxido nitroso. As\u00ed que echemos un vistazo al especialista de este pa\u00eds en capsulas oxido nitroso (el nombre cient\u00edfico del oxido nitroso) <a href=\"https:\/\/fast-gas.com\/es\/\">Fast-gas.com<\/a> \/ Cream Deluxe.<\/p>\n","protected":false},"excerpt":{"rendered":"<p>Comprar capsulas de oxido nitroso Los dispensadores de crema son cada vez m\u00e1s populares. Los cocineros profesionales y aficionados apuestan por el dosificador de nata con su correspondiente comprar capsulas oxido nitroso. Con el sifon de nata montada, la nata montada es mejor que nunca. Los postres se pueden omitir f\u00e1cilmente. No te preocupes si [&hellip;]<\/p>\n","protected":false},"author":5208,"featured_media":0,"parent":0,"menu_order":0,"comment_status":"closed","ping_status":"closed","template":"","meta":{"_acf_changed":false,"footnotes":""},"class_list":["post-2074","page","type-page","status-publish","hentry"],"acf":[],"yoast_head":"<!-- This site is optimized with the Yoast SEO plugin v27.2 - https:\/\/yoast.com\/product\/yoast-seo-wordpress\/ -->\n<title>Comprar Capsulas De Oxido Nitroso - Cream Deluxe Gas &amp; FastGas<\/title>\n<meta name=\"description\" content=\"C\u00e1psulas de \u00f3xido nitroso, \u00bfcu\u00e1l debe adquirir? Compara la Cream Deluxe, FastGas y m\u00e1s aqu\u00ed en el blog de Fast Gas Cream Charger.\" \/>\n<meta name=\"robots\" content=\"index, follow, max-snippet:-1, max-image-preview:large, max-video-preview:-1\" \/>\n<link rel=\"canonical\" href=\"https:\/\/fast-gas.com\/es\/comprar-capsulas-de-oxido-nitroso\/\" \/>\n<meta property=\"og:locale\" content=\"es_ES\" \/>\n<meta property=\"og:type\" content=\"article\" \/>\n<meta property=\"og:title\" content=\"Comprar Capsulas De Oxido Nitroso - Cream Deluxe Gas &amp; FastGas\" \/>\n<meta property=\"og:description\" content=\"C\u00e1psulas de \u00f3xido nitroso, \u00bfcu\u00e1l debe adquirir? Compara la Cream Deluxe, FastGas y m\u00e1s aqu\u00ed en el blog de Fast Gas Cream Charger.\" \/>\n<meta property=\"og:url\" content=\"https:\/\/fast-gas.com\/es\/comprar-capsulas-de-oxido-nitroso\/\" \/>\n<meta property=\"og:site_name\" content=\"FastGas\" \/>\n<meta property=\"article:publisher\" content=\"https:\/\/facebook.com\/wearefastgas\" \/>\n<meta property=\"article:modified_time\" content=\"2025-03-27T07:22:05+00:00\" \/>\n<meta property=\"og:image\" content=\"https:\/\/fast-gas.com\/wp-content\/uploads\/2025\/09\/Untitled-design-4.png\" \/>\n\t<meta property=\"og:image:width\" content=\"500\" \/>\n\t<meta property=\"og:image:height\" content=\"500\" \/>\n\t<meta property=\"og:image:type\" content=\"image\/png\" \/>\n<meta name=\"twitter:card\" content=\"summary_large_image\" \/>\n<meta name=\"twitter:label1\" content=\"Est. reading time\" \/>\n\t<meta name=\"twitter:data1\" content=\"4 minutes\" \/>\n<script type=\"application\/ld+json\" class=\"yoast-schema-graph\">{\"@context\":\"https:\/\/schema.org\",\"@graph\":[{\"@type\":[\"Article\",\"BlogPosting\"],\"@id\":\"https:\/\/fast-gas.com\/es\/comprar-capsulas-de-oxido-nitroso\/#article\",\"isPartOf\":{\"@id\":\"https:\/\/fast-gas.com\/es\/comprar-capsulas-de-oxido-nitroso\/\"},\"author\":{\"name\":\"Olivia Frost\",\"@id\":\"https:\/\/fast-gas.com\/es\/#\/schema\/person\/fffce006e63079e2e34830714379ee63\"},\"headline\":\"Comprar capsulas de oxido nitroso\",\"datePublished\":\"2022-02-21T14:40:22+00:00\",\"dateModified\":\"2025-03-27T07:22:05+00:00\",\"mainEntityOfPage\":{\"@id\":\"https:\/\/fast-gas.com\/es\/comprar-capsulas-de-oxido-nitroso\/\"},\"wordCount\":932,\"publisher\":{\"@id\":\"https:\/\/fast-gas.com\/es\/#organization\"},\"inLanguage\":\"es-ES\"},{\"@type\":\"WebPage\",\"@id\":\"https:\/\/fast-gas.com\/es\/comprar-capsulas-de-oxido-nitroso\/\",\"url\":\"https:\/\/fast-gas.com\/es\/comprar-capsulas-de-oxido-nitroso\/\",\"name\":\"Comprar Capsulas De Oxido Nitroso - Cream Deluxe Gas & FastGas\",\"isPartOf\":{\"@id\":\"https:\/\/fast-gas.com\/es\/#website\"},\"datePublished\":\"2022-02-21T14:40:22+00:00\",\"dateModified\":\"2025-03-27T07:22:05+00:00\",\"description\":\"C\u00e1psulas de \u00f3xido nitroso, \u00bfcu\u00e1l debe adquirir? Compara la Cream Deluxe, FastGas y m\u00e1s aqu\u00ed en el blog de Fast Gas Cream Charger.\",\"breadcrumb\":{\"@id\":\"https:\/\/fast-gas.com\/es\/comprar-capsulas-de-oxido-nitroso\/#breadcrumb\"},\"inLanguage\":\"es-ES\",\"potentialAction\":[{\"@type\":\"ReadAction\",\"target\":[\"https:\/\/fast-gas.com\/es\/comprar-capsulas-de-oxido-nitroso\/\"]}]},{\"@type\":\"BreadcrumbList\",\"@id\":\"https:\/\/fast-gas.com\/es\/comprar-capsulas-de-oxido-nitroso\/#breadcrumb\",\"itemListElement\":[{\"@type\":\"ListItem\",\"position\":1,\"name\":\"Home\",\"item\":\"https:\/\/fast-gas.com\/es\/\"},{\"@type\":\"ListItem\",\"position\":2,\"name\":\"Comprar capsulas de oxido nitroso\"}]},{\"@type\":\"WebSite\",\"@id\":\"https:\/\/fast-gas.com\/es\/#website\",\"url\":\"https:\/\/fast-gas.com\/es\/\",\"name\":\"FastGas\",\"description\":\"N2O Cream Chargers\",\"publisher\":{\"@id\":\"https:\/\/fast-gas.com\/es\/#organization\"},\"potentialAction\":[{\"@type\":\"SearchAction\",\"target\":{\"@type\":\"EntryPoint\",\"urlTemplate\":\"https:\/\/fast-gas.com\/es\/?s={search_term_string}\"},\"query-input\":{\"@type\":\"PropertyValueSpecification\",\"valueRequired\":true,\"valueName\":\"search_term_string\"}}],\"inLanguage\":\"es-ES\"},{\"@type\":\"Organization\",\"@id\":\"https:\/\/fast-gas.com\/es\/#organization\",\"name\":\"FastGas - Helium, CO2 & N2O Wholesale\",\"alternateName\":\"Fast Gas\",\"url\":\"https:\/\/fast-gas.com\/es\/\",\"logo\":{\"@type\":\"ImageObject\",\"inLanguage\":\"es-ES\",\"@id\":\"https:\/\/fast-gas.com\/es\/#\/schema\/logo\/image\/\",\"url\":\"https:\/\/fast-gas.com\/wp-content\/uploads\/2025\/03\/cropped-Fastgas-Favicon.png\",\"contentUrl\":\"https:\/\/fast-gas.com\/wp-content\/uploads\/2025\/03\/cropped-Fastgas-Favicon.png\",\"width\":512,\"height\":512,\"caption\":\"FastGas - Helium, CO2 & N2O Wholesale\"},\"image\":{\"@id\":\"https:\/\/fast-gas.com\/es\/#\/schema\/logo\/image\/\"},\"sameAs\":[\"https:\/\/facebook.com\/wearefastgas\",\"https:\/\/www.youtube.com\/channel\/UCV5w9vrihWFu0yM7SZzQfVQ\/videos\",\"https:\/\/instagram.com\/fastgas.official\"]},{\"@type\":\"Person\",\"@id\":\"https:\/\/fast-gas.com\/es\/#\/schema\/person\/fffce006e63079e2e34830714379ee63\",\"name\":\"Olivia Frost\",\"description\":\"Culinary Gas &amp; Tech Editor exploring N2O, CO2 &amp; cream charger recipes, product reviews, and the latest industry insights.\",\"url\":\"https:\/\/fast-gas.com\/es\/author\/expertmixologist\/\"}]}<\/script>\n<!-- \/ Yoast SEO plugin. -->","yoast_head_json":{"title":"Comprar Capsulas De Oxido Nitroso - Cream Deluxe Gas & FastGas","description":"C\u00e1psulas de \u00f3xido nitroso, \u00bfcu\u00e1l debe adquirir? Compara la Cream Deluxe, FastGas y m\u00e1s aqu\u00ed en el blog de Fast Gas Cream Charger.","robots":{"index":"index","follow":"follow","max-snippet":"max-snippet:-1","max-image-preview":"max-image-preview:large","max-video-preview":"max-video-preview:-1"},"canonical":"https:\/\/fast-gas.com\/es\/comprar-capsulas-de-oxido-nitroso\/","og_locale":"es_ES","og_type":"article","og_title":"Comprar Capsulas De Oxido Nitroso - Cream Deluxe Gas & FastGas","og_description":"C\u00e1psulas de \u00f3xido nitroso, \u00bfcu\u00e1l debe adquirir? Compara la Cream Deluxe, FastGas y m\u00e1s aqu\u00ed en el blog de Fast Gas Cream Charger.","og_url":"https:\/\/fast-gas.com\/es\/comprar-capsulas-de-oxido-nitroso\/","og_site_name":"FastGas","article_publisher":"https:\/\/facebook.com\/wearefastgas","article_modified_time":"2025-03-27T07:22:05+00:00","og_image":[{"width":500,"height":500,"url":"https:\/\/fast-gas.com\/wp-content\/uploads\/2025\/09\/Untitled-design-4.png","type":"image\/png"}],"twitter_card":"summary_large_image","twitter_misc":{"Est. reading time":"4 minutes"},"schema":{"@context":"https:\/\/schema.org","@graph":[{"@type":["Article","BlogPosting"],"@id":"https:\/\/fast-gas.com\/es\/comprar-capsulas-de-oxido-nitroso\/#article","isPartOf":{"@id":"https:\/\/fast-gas.com\/es\/comprar-capsulas-de-oxido-nitroso\/"},"author":{"name":"Olivia Frost","@id":"https:\/\/fast-gas.com\/es\/#\/schema\/person\/fffce006e63079e2e34830714379ee63"},"headline":"Comprar capsulas de oxido nitroso","datePublished":"2022-02-21T14:40:22+00:00","dateModified":"2025-03-27T07:22:05+00:00","mainEntityOfPage":{"@id":"https:\/\/fast-gas.com\/es\/comprar-capsulas-de-oxido-nitroso\/"},"wordCount":932,"publisher":{"@id":"https:\/\/fast-gas.com\/es\/#organization"},"inLanguage":"es-ES"},{"@type":"WebPage","@id":"https:\/\/fast-gas.com\/es\/comprar-capsulas-de-oxido-nitroso\/","url":"https:\/\/fast-gas.com\/es\/comprar-capsulas-de-oxido-nitroso\/","name":"Comprar Capsulas De Oxido Nitroso - Cream Deluxe Gas & FastGas","isPartOf":{"@id":"https:\/\/fast-gas.com\/es\/#website"},"datePublished":"2022-02-21T14:40:22+00:00","dateModified":"2025-03-27T07:22:05+00:00","description":"C\u00e1psulas de \u00f3xido nitroso, \u00bfcu\u00e1l debe adquirir? Compara la Cream Deluxe, FastGas y m\u00e1s aqu\u00ed en el blog de Fast Gas Cream Charger.","breadcrumb":{"@id":"https:\/\/fast-gas.com\/es\/comprar-capsulas-de-oxido-nitroso\/#breadcrumb"},"inLanguage":"es-ES","potentialAction":[{"@type":"ReadAction","target":["https:\/\/fast-gas.com\/es\/comprar-capsulas-de-oxido-nitroso\/"]}]},{"@type":"BreadcrumbList","@id":"https:\/\/fast-gas.com\/es\/comprar-capsulas-de-oxido-nitroso\/#breadcrumb","itemListElement":[{"@type":"ListItem","position":1,"name":"Home","item":"https:\/\/fast-gas.com\/es\/"},{"@type":"ListItem","position":2,"name":"Comprar capsulas de oxido nitroso"}]},{"@type":"WebSite","@id":"https:\/\/fast-gas.com\/es\/#website","url":"https:\/\/fast-gas.com\/es\/","name":"FastGas","description":"N2O Cream Chargers","publisher":{"@id":"https:\/\/fast-gas.com\/es\/#organization"},"potentialAction":[{"@type":"SearchAction","target":{"@type":"EntryPoint","urlTemplate":"https:\/\/fast-gas.com\/es\/?s={search_term_string}"},"query-input":{"@type":"PropertyValueSpecification","valueRequired":true,"valueName":"search_term_string"}}],"inLanguage":"es-ES"},{"@type":"Organization","@id":"https:\/\/fast-gas.com\/es\/#organization","name":"FastGas - Helium, CO2 & N2O Wholesale","alternateName":"Fast Gas","url":"https:\/\/fast-gas.com\/es\/","logo":{"@type":"ImageObject","inLanguage":"es-ES","@id":"https:\/\/fast-gas.com\/es\/#\/schema\/logo\/image\/","url":"https:\/\/fast-gas.com\/wp-content\/uploads\/2025\/03\/cropped-Fastgas-Favicon.png","contentUrl":"https:\/\/fast-gas.com\/wp-content\/uploads\/2025\/03\/cropped-Fastgas-Favicon.png","width":512,"height":512,"caption":"FastGas - Helium, CO2 & N2O Wholesale"},"image":{"@id":"https:\/\/fast-gas.com\/es\/#\/schema\/logo\/image\/"},"sameAs":["https:\/\/facebook.com\/wearefastgas","https:\/\/www.youtube.com\/channel\/UCV5w9vrihWFu0yM7SZzQfVQ\/videos","https:\/\/instagram.com\/fastgas.official"]},{"@type":"Person","@id":"https:\/\/fast-gas.com\/es\/#\/schema\/person\/fffce006e63079e2e34830714379ee63","name":"Olivia Frost","description":"Culinary Gas &amp; Tech Editor exploring N2O, CO2 &amp; cream charger recipes, product reviews, and the latest industry insights.","url":"https:\/\/fast-gas.com\/es\/author\/expertmixologist\/"}]}},"_links":{"self":[{"href":"https:\/\/fast-gas.com\/es\/wp-json\/wp\/v2\/pages\/2074","targetHints":{"allow":["GET"]}}],"collection":[{"href":"https:\/\/fast-gas.com\/es\/wp-json\/wp\/v2\/pages"}],"about":[{"href":"https:\/\/fast-gas.com\/es\/wp-json\/wp\/v2\/types\/page"}],"author":[{"embeddable":true,"href":"https:\/\/fast-gas.com\/es\/wp-json\/wp\/v2\/users\/5208"}],"replies":[{"embeddable":true,"href":"https:\/\/fast-gas.com\/es\/wp-json\/wp\/v2\/comments?post=2074"}],"version-history":[{"count":9,"href":"https:\/\/fast-gas.com\/es\/wp-json\/wp\/v2\/pages\/2074\/revisions"}],"predecessor-version":[{"id":43915,"href":"https:\/\/fast-gas.com\/es\/wp-json\/wp\/v2\/pages\/2074\/revisions\/43915"}],"wp:attachment":[{"href":"https:\/\/fast-gas.com\/es\/wp-json\/wp\/v2\/media?parent=2074"}],"curies":[{"name":"wp","href":"https:\/\/api.w.org\/{rel}","templated":true}]}}