{"id":2070,"date":"2022-02-21T14:39:04","date_gmt":"2022-02-21T14:39:04","guid":{"rendered":"https:\/\/fast-gas.com\/?page_id=2070"},"modified":"2025-03-27T07:24:57","modified_gmt":"2025-03-27T07:24:57","slug":"oxido-nitroso","status":"publish","type":"page","link":"https:\/\/fast-gas.com\/es\/oxido-nitroso\/","title":{"rendered":"D\u00f3nde Comprar Oxido Nitroso y Qu\u00e9 Marca"},"content":{"rendered":"<h1>Comprar Oxido nitroso<\/h1>\n<p>Cualquiera que haya estado alguna vez en una celebraci\u00f3n m\u00e1s grande conoce la vista de innumerables cartuchos de <a href=\"\/es\/producto\/sifon-de-crema\/\">cocina<\/a> flotantes, que inspiran a los invitados j\u00f3venes y mayores por igual. Pero el <a href=\"\/es\/product-category\/todos\/\">oxido nitroso<\/a> no se usa para rellenar cartuchos de chantilly, porque la crema batida de la torta de cumplea\u00f1os tambi\u00e9n se decor\u00f3 con la ayuda de una capsula oxido nitroso. Con tanto alboroto por el gas divertido, es importante encontrar un proveedor seguro y confiable al comprar oxido nitroso. As\u00ed que aqu\u00ed echamos un vistazo al especialista en \u00f3xido nitroso (el nombre cient\u00edfico del gas de la risa) del pa\u00eds, <a href=\"https:\/\/fast-gas.com\/es\/\">Fast Gas<\/a>\u00a0\/ Cream Deluxe.<\/p>\n<h2>Oxido nitroso formular<\/h2>\n<p>Desde el principio, el sitio atrae la atenci\u00f3n con im\u00e1genes grandes y una interfaz clara, quien lea se dar\u00e1 cuenta inmediatamente de que los operadores valoran el procesamiento r\u00e1pido y sin complicaciones al comprar oxido nitroso. Por un lado, el paquete se env\u00eda de forma discreta, es decir, sin publicidad, y por otro lado, marcas de prestigio como Mosa, Hendy o Kayser siempre est\u00e1n en stock y, por lo tanto, listas para su env\u00edo casi de inmediato. Adem\u00e1s, se se\u00f1ala que todos los recipientes de gas de la risa y otros gases siempre han sido certificados y estrictamente probados. Sin embargo, los operadores de Sahne-Kassel.de tambi\u00e9n se preocupan por un precio justo que sea soportable para la competencia pero sobre todo para el cliente.<\/p>\n<p>Cualquiera que tenga un uso para el gas puede comprar oxido nitroso aqu\u00ed, ya que una amplia gama de productos deber\u00eda satisfacer todas las posibles necesidades de los clientes. Por ejemplo, las c\u00e1psulas de oxido nitroso, que se utilizan en un dispositivo de pulverizaci\u00f3n, se venden como crema. Los cartuchos chantilly est\u00e1n rellenos con gas especial de la risa e incluso la inhalaci\u00f3n no representa ning\u00fan riesgo para la salud ya que es seguro para los alimentos y absolutamente puro. Tambi\u00e9n se recomienda la decisi\u00f3n de comprar en Fast Gas\u00a0\/ Cream Deluxe porque la tienda vende desde este pa\u00eds y, por lo tanto, los productos cumplen con las normas de seguridad alemanas y europeas.<\/p>\n<h2>Efectos oxido nitroso<\/h2>\n<p>Cualquiera que quiera comprar oxido nitroso en FastGas \/ Cream Deluxe tambi\u00e9n debe saber que el gas que se ofrece aqu\u00ed no tiene sabor y no se puede distinguir del aire ambiente, al menos a simple vista. Especialmente para su uso en eventos o fiestas de cumplea\u00f1os infantiles, es importante que este comprar oxido nitroso no sea inflamable y por tanto no suponga un peligro para los invitados. Los cartuchos y c\u00e1psulas se mantienen simples y r\u00e1pidamente listos para usar.<\/p>\n<p>Para garantizar que as\u00ed sea, se ofrecen varias opciones de env\u00edo y variaciones de pedido al comprar gas. Se puede resumir que esta tienda quiere ofrecer al cliente una experiencia de compra integral en lo que se refiere a &#8220;oxido nitroso&#8221; y eso a buenos precios.<\/p>\n","protected":false},"excerpt":{"rendered":"<p>Comprar Oxido nitroso Cualquiera que haya estado alguna vez en una celebraci\u00f3n m\u00e1s grande conoce la vista de innumerables cartuchos de cocina flotantes, que inspiran a los invitados j\u00f3venes y mayores por igual. Pero el oxido nitroso no se usa para rellenar cartuchos de chantilly, porque la crema batida de la torta de cumplea\u00f1os tambi\u00e9n [&hellip;]<\/p>\n","protected":false},"author":5208,"featured_media":0,"parent":0,"menu_order":0,"comment_status":"closed","ping_status":"closed","template":"","meta":{"_acf_changed":false,"footnotes":""},"class_list":["post-2070","page","type-page","status-publish","hentry"],"acf":[],"yoast_head":"<!-- This site is optimized with the Yoast SEO plugin v27.2 - https:\/\/yoast.com\/product\/yoast-seo-wordpress\/ -->\n<title>D\u00f3nde Comprar Oxido Nitroso y Qu\u00e9 Marca | FastGas<\/title>\n<meta name=\"description\" content=\"Es importante encontrar un vendedor seguro y fiable al comprar \u00f3xido nitroso. Uno de estos especialistas en N2O es FastGas .\" \/>\n<meta name=\"robots\" content=\"index, follow, max-snippet:-1, max-image-preview:large, max-video-preview:-1\" \/>\n<link rel=\"canonical\" href=\"https:\/\/fast-gas.com\/es\/oxido-nitroso\/\" \/>\n<meta property=\"og:locale\" content=\"es_ES\" \/>\n<meta property=\"og:type\" content=\"article\" \/>\n<meta property=\"og:title\" content=\"D\u00f3nde Comprar Oxido Nitroso y Qu\u00e9 Marca | FastGas\" \/>\n<meta property=\"og:description\" content=\"Es importante encontrar un vendedor seguro y fiable al comprar \u00f3xido nitroso. Uno de estos especialistas en N2O es FastGas .\" \/>\n<meta property=\"og:url\" content=\"https:\/\/fast-gas.com\/es\/oxido-nitroso\/\" \/>\n<meta property=\"og:site_name\" content=\"FastGas\" \/>\n<meta property=\"article:publisher\" content=\"https:\/\/facebook.com\/wearefastgas\" \/>\n<meta property=\"article:modified_time\" content=\"2025-03-27T07:24:57+00:00\" \/>\n<meta property=\"og:image\" content=\"https:\/\/fast-gas.com\/wp-content\/uploads\/2025\/09\/Untitled-design-4.png\" \/>\n\t<meta property=\"og:image:width\" content=\"500\" \/>\n\t<meta property=\"og:image:height\" content=\"500\" \/>\n\t<meta property=\"og:image:type\" content=\"image\/png\" \/>\n<meta name=\"twitter:card\" content=\"summary_large_image\" \/>\n<meta name=\"twitter:label1\" content=\"Est. reading time\" \/>\n\t<meta name=\"twitter:data1\" content=\"3 minutes\" \/>\n<script type=\"application\/ld+json\" class=\"yoast-schema-graph\">{\"@context\":\"https:\/\/schema.org\",\"@graph\":[{\"@type\":[\"Article\",\"BlogPosting\"],\"@id\":\"https:\/\/fast-gas.com\/es\/oxido-nitroso\/#article\",\"isPartOf\":{\"@id\":\"https:\/\/fast-gas.com\/es\/oxido-nitroso\/\"},\"author\":{\"name\":\"Olivia Frost\",\"@id\":\"https:\/\/fast-gas.com\/es\/#\/schema\/person\/fffce006e63079e2e34830714379ee63\"},\"headline\":\"D\u00f3nde Comprar Oxido Nitroso y Qu\u00e9 Marca\",\"datePublished\":\"2022-02-21T14:39:04+00:00\",\"dateModified\":\"2025-03-27T07:24:57+00:00\",\"mainEntityOfPage\":{\"@id\":\"https:\/\/fast-gas.com\/es\/oxido-nitroso\/\"},\"wordCount\":517,\"publisher\":{\"@id\":\"https:\/\/fast-gas.com\/es\/#organization\"},\"inLanguage\":\"es-ES\"},{\"@type\":\"WebPage\",\"@id\":\"https:\/\/fast-gas.com\/es\/oxido-nitroso\/\",\"url\":\"https:\/\/fast-gas.com\/es\/oxido-nitroso\/\",\"name\":\"D\u00f3nde Comprar Oxido Nitroso y Qu\u00e9 Marca | FastGas\",\"isPartOf\":{\"@id\":\"https:\/\/fast-gas.com\/es\/#website\"},\"datePublished\":\"2022-02-21T14:39:04+00:00\",\"dateModified\":\"2025-03-27T07:24:57+00:00\",\"description\":\"Es importante encontrar un vendedor seguro y fiable al comprar \u00f3xido nitroso. Uno de estos especialistas en N2O es FastGas .\",\"breadcrumb\":{\"@id\":\"https:\/\/fast-gas.com\/es\/oxido-nitroso\/#breadcrumb\"},\"inLanguage\":\"es-ES\",\"potentialAction\":[{\"@type\":\"ReadAction\",\"target\":[\"https:\/\/fast-gas.com\/es\/oxido-nitroso\/\"]}]},{\"@type\":\"BreadcrumbList\",\"@id\":\"https:\/\/fast-gas.com\/es\/oxido-nitroso\/#breadcrumb\",\"itemListElement\":[{\"@type\":\"ListItem\",\"position\":1,\"name\":\"Home\",\"item\":\"https:\/\/fast-gas.com\/es\/\"},{\"@type\":\"ListItem\",\"position\":2,\"name\":\"D\u00f3nde Comprar Oxido Nitroso y Qu\u00e9 Marca\"}]},{\"@type\":\"WebSite\",\"@id\":\"https:\/\/fast-gas.com\/es\/#website\",\"url\":\"https:\/\/fast-gas.com\/es\/\",\"name\":\"FastGas\",\"description\":\"N2O Cream Chargers\",\"publisher\":{\"@id\":\"https:\/\/fast-gas.com\/es\/#organization\"},\"potentialAction\":[{\"@type\":\"SearchAction\",\"target\":{\"@type\":\"EntryPoint\",\"urlTemplate\":\"https:\/\/fast-gas.com\/es\/?s={search_term_string}\"},\"query-input\":{\"@type\":\"PropertyValueSpecification\",\"valueRequired\":true,\"valueName\":\"search_term_string\"}}],\"inLanguage\":\"es-ES\"},{\"@type\":\"Organization\",\"@id\":\"https:\/\/fast-gas.com\/es\/#organization\",\"name\":\"FastGas - Helium, CO2 & N2O Wholesale\",\"alternateName\":\"Fast Gas\",\"url\":\"https:\/\/fast-gas.com\/es\/\",\"logo\":{\"@type\":\"ImageObject\",\"inLanguage\":\"es-ES\",\"@id\":\"https:\/\/fast-gas.com\/es\/#\/schema\/logo\/image\/\",\"url\":\"https:\/\/fast-gas.com\/wp-content\/uploads\/2025\/03\/cropped-Fastgas-Favicon.png\",\"contentUrl\":\"https:\/\/fast-gas.com\/wp-content\/uploads\/2025\/03\/cropped-Fastgas-Favicon.png\",\"width\":512,\"height\":512,\"caption\":\"FastGas - Helium, CO2 & N2O Wholesale\"},\"image\":{\"@id\":\"https:\/\/fast-gas.com\/es\/#\/schema\/logo\/image\/\"},\"sameAs\":[\"https:\/\/facebook.com\/wearefastgas\",\"https:\/\/www.youtube.com\/channel\/UCV5w9vrihWFu0yM7SZzQfVQ\/videos\",\"https:\/\/instagram.com\/fastgas.official\"]},{\"@type\":\"Person\",\"@id\":\"https:\/\/fast-gas.com\/es\/#\/schema\/person\/fffce006e63079e2e34830714379ee63\",\"name\":\"Olivia Frost\",\"description\":\"Culinary Gas &amp; Tech Editor exploring N2O, CO2 &amp; cream charger recipes, product reviews, and the latest industry insights.\",\"url\":\"https:\/\/fast-gas.com\/es\/author\/expertmixologist\/\"}]}<\/script>\n<!-- \/ Yoast SEO plugin. -->","yoast_head_json":{"title":"D\u00f3nde Comprar Oxido Nitroso y Qu\u00e9 Marca | FastGas","description":"Es importante encontrar un vendedor seguro y fiable al comprar \u00f3xido nitroso. Uno de estos especialistas en N2O es FastGas .","robots":{"index":"index","follow":"follow","max-snippet":"max-snippet:-1","max-image-preview":"max-image-preview:large","max-video-preview":"max-video-preview:-1"},"canonical":"https:\/\/fast-gas.com\/es\/oxido-nitroso\/","og_locale":"es_ES","og_type":"article","og_title":"D\u00f3nde Comprar Oxido Nitroso y Qu\u00e9 Marca | FastGas","og_description":"Es importante encontrar un vendedor seguro y fiable al comprar \u00f3xido nitroso. Uno de estos especialistas en N2O es FastGas .","og_url":"https:\/\/fast-gas.com\/es\/oxido-nitroso\/","og_site_name":"FastGas","article_publisher":"https:\/\/facebook.com\/wearefastgas","article_modified_time":"2025-03-27T07:24:57+00:00","og_image":[{"width":500,"height":500,"url":"https:\/\/fast-gas.com\/wp-content\/uploads\/2025\/09\/Untitled-design-4.png","type":"image\/png"}],"twitter_card":"summary_large_image","twitter_misc":{"Est. reading time":"3 minutes"},"schema":{"@context":"https:\/\/schema.org","@graph":[{"@type":["Article","BlogPosting"],"@id":"https:\/\/fast-gas.com\/es\/oxido-nitroso\/#article","isPartOf":{"@id":"https:\/\/fast-gas.com\/es\/oxido-nitroso\/"},"author":{"name":"Olivia Frost","@id":"https:\/\/fast-gas.com\/es\/#\/schema\/person\/fffce006e63079e2e34830714379ee63"},"headline":"D\u00f3nde Comprar Oxido Nitroso y Qu\u00e9 Marca","datePublished":"2022-02-21T14:39:04+00:00","dateModified":"2025-03-27T07:24:57+00:00","mainEntityOfPage":{"@id":"https:\/\/fast-gas.com\/es\/oxido-nitroso\/"},"wordCount":517,"publisher":{"@id":"https:\/\/fast-gas.com\/es\/#organization"},"inLanguage":"es-ES"},{"@type":"WebPage","@id":"https:\/\/fast-gas.com\/es\/oxido-nitroso\/","url":"https:\/\/fast-gas.com\/es\/oxido-nitroso\/","name":"D\u00f3nde Comprar Oxido Nitroso y Qu\u00e9 Marca | FastGas","isPartOf":{"@id":"https:\/\/fast-gas.com\/es\/#website"},"datePublished":"2022-02-21T14:39:04+00:00","dateModified":"2025-03-27T07:24:57+00:00","description":"Es importante encontrar un vendedor seguro y fiable al comprar \u00f3xido nitroso. Uno de estos especialistas en N2O es FastGas .","breadcrumb":{"@id":"https:\/\/fast-gas.com\/es\/oxido-nitroso\/#breadcrumb"},"inLanguage":"es-ES","potentialAction":[{"@type":"ReadAction","target":["https:\/\/fast-gas.com\/es\/oxido-nitroso\/"]}]},{"@type":"BreadcrumbList","@id":"https:\/\/fast-gas.com\/es\/oxido-nitroso\/#breadcrumb","itemListElement":[{"@type":"ListItem","position":1,"name":"Home","item":"https:\/\/fast-gas.com\/es\/"},{"@type":"ListItem","position":2,"name":"D\u00f3nde Comprar Oxido Nitroso y Qu\u00e9 Marca"}]},{"@type":"WebSite","@id":"https:\/\/fast-gas.com\/es\/#website","url":"https:\/\/fast-gas.com\/es\/","name":"FastGas","description":"N2O Cream Chargers","publisher":{"@id":"https:\/\/fast-gas.com\/es\/#organization"},"potentialAction":[{"@type":"SearchAction","target":{"@type":"EntryPoint","urlTemplate":"https:\/\/fast-gas.com\/es\/?s={search_term_string}"},"query-input":{"@type":"PropertyValueSpecification","valueRequired":true,"valueName":"search_term_string"}}],"inLanguage":"es-ES"},{"@type":"Organization","@id":"https:\/\/fast-gas.com\/es\/#organization","name":"FastGas - Helium, CO2 & N2O Wholesale","alternateName":"Fast Gas","url":"https:\/\/fast-gas.com\/es\/","logo":{"@type":"ImageObject","inLanguage":"es-ES","@id":"https:\/\/fast-gas.com\/es\/#\/schema\/logo\/image\/","url":"https:\/\/fast-gas.com\/wp-content\/uploads\/2025\/03\/cropped-Fastgas-Favicon.png","contentUrl":"https:\/\/fast-gas.com\/wp-content\/uploads\/2025\/03\/cropped-Fastgas-Favicon.png","width":512,"height":512,"caption":"FastGas - Helium, CO2 & N2O Wholesale"},"image":{"@id":"https:\/\/fast-gas.com\/es\/#\/schema\/logo\/image\/"},"sameAs":["https:\/\/facebook.com\/wearefastgas","https:\/\/www.youtube.com\/channel\/UCV5w9vrihWFu0yM7SZzQfVQ\/videos","https:\/\/instagram.com\/fastgas.official"]},{"@type":"Person","@id":"https:\/\/fast-gas.com\/es\/#\/schema\/person\/fffce006e63079e2e34830714379ee63","name":"Olivia Frost","description":"Culinary Gas &amp; Tech Editor exploring N2O, CO2 &amp; cream charger recipes, product reviews, and the latest industry insights.","url":"https:\/\/fast-gas.com\/es\/author\/expertmixologist\/"}]}},"_links":{"self":[{"href":"https:\/\/fast-gas.com\/es\/wp-json\/wp\/v2\/pages\/2070","targetHints":{"allow":["GET"]}}],"collection":[{"href":"https:\/\/fast-gas.com\/es\/wp-json\/wp\/v2\/pages"}],"about":[{"href":"https:\/\/fast-gas.com\/es\/wp-json\/wp\/v2\/types\/page"}],"author":[{"embeddable":true,"href":"https:\/\/fast-gas.com\/es\/wp-json\/wp\/v2\/users\/5208"}],"replies":[{"embeddable":true,"href":"https:\/\/fast-gas.com\/es\/wp-json\/wp\/v2\/comments?post=2070"}],"version-history":[{"count":11,"href":"https:\/\/fast-gas.com\/es\/wp-json\/wp\/v2\/pages\/2070\/revisions"}],"predecessor-version":[{"id":43917,"href":"https:\/\/fast-gas.com\/es\/wp-json\/wp\/v2\/pages\/2070\/revisions\/43917"}],"wp:attachment":[{"href":"https:\/\/fast-gas.com\/es\/wp-json\/wp\/v2\/media?parent=2070"}],"curies":[{"name":"wp","href":"https:\/\/api.w.org\/{rel}","templated":true}]}}