{"id":15411,"date":"2022-03-17T08:48:45","date_gmt":"2022-03-17T08:48:45","guid":{"rendered":"https:\/\/fast-gas.com\/?page_id=15411"},"modified":"2025-09-10T14:06:15","modified_gmt":"2025-09-10T12:06:15","slug":"los-cinco-mayores-proveedores-de-cargadores-de-nata-montada-en-espana","status":"publish","type":"page","link":"https:\/\/fast-gas.com\/es\/los-cinco-mayores-proveedores-de-cargadores-de-nata-montada-en-espana\/","title":{"rendered":"Bombona \u00f3xido nitroso &#8211; Los cinco mejores proveedores de Espa\u00f1a"},"content":{"rendered":"<p>Las jeringas de nata montada no s\u00f3lo son ideales para decorar un postre con nata montada si no que tambi\u00e9n son muy f\u00e1ciles de usar. Sin embargo, es importante que tengas suficientes cartuchos peque\u00f1os de nata montada de 8gr o <a href=\"https:\/\/fast-gas.com\/es\/\">bombona oxido nitroso Fastgas<\/a>, porque la jeringa de nata montada no funcionar\u00e1 sin esos cartuchos. \u00bfEstas pensando en airear tu mezcla con cargadores de crema y no sabes todav\u00eda d\u00f3nde comprarlos? A continuaci\u00f3n se muestra una <strong>lista de los cinco mayores proveedores de bombona oxido nitroso en Espa\u00f1a.<\/strong><\/p>\n<p style=\"text-align: center;\"><a class=\"button button--primary hero__button\" href=\"https:\/\/fast-gas.com\/es\/distribuidor\/\">Convi\u00e9rtase en Distribuidor<\/a><\/p>\n<h2>Cream Deluxe<\/h2>\n<ul>\n<li>Una alta calificaci\u00f3n de los clientes.<\/li>\n<li>Buenas promociones disponibles.<\/li>\n<li>Grandes cajas de descuento en Cream Deluxe.<\/li>\n<li>Gastos de env\u00edo bastante elevados.<\/li>\n<li>Un acuerdo de garant\u00eda directo real<\/li>\n<\/ul>\n<p>Este proveedor atiende a empresas del sector de la hosteler\u00eda que necesitan cilindros de \u00f3xido nitroso.\u00a0Adem\u00e1s, venden todo lo necesario para un negocio de catering. Las promociones en sus productos son de hasta un 20%, lo que les convierte en un proveedor barato de <a href=\"https:\/\/fast-gas.com\/es\/producto\/cilindro-original-fastgas-oxido-nitroso\/\">bombona \u00f3xido nitroso<\/a>. Se puede elegir entre tres cajas de 10, 24 o 50 de gas Cream deluxe. Sin embargo, los gastos de env\u00edo son relativamente caros en comparaci\u00f3n con <a href=\"https:\/\/fast-gas.com\/es\/#Distributor\">otros proveedores<\/a>. Por \u00faltimo, ofrecen una garant\u00eda de hasta dos a\u00f1os en sus productos.<\/p>\n<h2>Enjoygas Espa\u00f1a<\/h2>\n<ul>\n<li>Una buena revisi\u00f3n del cliente<\/li>\n<li>Precio relativamente econ\u00f3mico<\/li>\n<li>Diversas opciones de<a href=\"https:\/\/fast-gas.com\/es\/bombonas-de-oxido-nitroso\/\"> bombonas de \u00f3xido nitroso <\/a><\/li>\n<li>Gastos de transporte incluidos<\/li>\n<li>Entrega r\u00e1pida (2-5 d\u00edas a cualquier localidad en Espa\u00f1a)<\/li>\n<\/ul>\n<p><a href=\"https:\/\/fast-gas.com\/es\/distribuidor\/\">Enjoygas<\/a> no es s\u00f3lo un proveedor de bombonas de \u00f3xido nitroso (o cargadores de crema), sino que es una franquicia distribuidora oficial de las bombonas <a href=\"https:\/\/fast-gas.com\/es\/\">Fastgas<\/a> y ExoticWhip. Esta p\u00e1gina tiene un buen ranking org\u00e1nico en Google y los clientes lo califican con 4,5, lo cual dice mucho sobre la calidad de este proveedor. No obstante, los precios son encontrados por algunos como muy caros en comparaci\u00f3n con otros proveedores. Algo igualmente positivo es que en esta p\u00e1gina se ofertan tanto jeringas de nata montada como <a href=\"https:\/\/fast-gas.com\/es\/producto\/regulador-de-presion\/\">reguladores de presi\u00f3n<\/a> para usar en conjunto con tu <a href=\"https:\/\/fast-gas.com\/es\/producto\/cilindro-original-fastgas-oxido-nitroso\/\">bo<\/a>mbona oxido nitroso Fast Gas.<\/p>\n<p>A\u00f1adiendo a lo anterior, este proveedor tiene un tiempo de entrega de 2 a 5 d\u00edas a cualquier localidad en Espa\u00f1a.<\/p>\n<h2>Partygas24.nl<\/h2>\n<ul>\n<li>Tienda conocida en Espa\u00f1a<\/li>\n<li>Buenos precios<\/li>\n<li>Solo seis opciones de patrones de crema batida<\/li>\n<li>Env\u00edo gratis a partir de 39,95\u20ac<\/li>\n<li>Entrega r\u00e1pida o recogida en una tienda Partygas24.nl<\/li>\n<\/ul>\n<p>Partygas24.nl es una tienda muy conocida en Espa\u00f1a originalmente de Holanda que oferta desde accesorios como reguladores de presi\u00f3n hasta tanques de \u00f3xido nitroso de mayor tama\u00f1o. En partygas24.nl Puedes elegir entre 10, 24 \u00f3 50 piezas de diferentes marcas. Este proveedor tambi\u00e9n ofrece env\u00edo gratuito con un importe total superior a 39,95 euros. Finalmente, la entrega es al d\u00eda siguiente o puedes elegir recoger el paquete el mismo d\u00eda en una tienda Partygas24.nl.<\/p>\n<h2>Amazon.es<\/h2>\n<ul>\n<li>Proveedor que se enfoca principalmente en cartuchos de \u00f3xido nitroso<\/li>\n<li>Precios competitivos con buenas promociones<\/li>\n<li>Muchas opciones en la cantidad de cartuchos de crema batida<\/li>\n<li>Env\u00edo gratis<\/li>\n<li>Entrega r\u00e1pida<\/li>\n<\/ul>\n<p>Amazon.es se centra principalmente en todo lo relacionado con cartuchos de nata montada. Ofrecen sus productos a precios competitivos, gracias a buenas promociones que a veces son de \u00a1hasta un 21% de descuento! Tambi\u00e9n hay muchas opciones en cuantos cartuchos de crema batida desea comprar, desde 24 hasta 300 piezas. El env\u00edo gratuito lo convierte en un gran proveedor y tambi\u00e9n entregan r\u00e1pidamente. El paquete ser\u00e1 enviado al d\u00eda siguiente.<\/p>\n<h2>Fast-gas.com<\/h2>\n<ul>\n<li>Proveedor enfocado a empresas del sector alimentario y hotelero.<\/li>\n<li>A menudo promociones en sus productos.<\/li>\n<li>Posibilidad de compra de 1 hasta 24 unidades.<\/li>\n<li>Gastos de env\u00edo bastante incluidos<\/li>\n<li>Garant\u00eda de hasta dos a\u00f1os<\/li>\n<\/ul>\n<p>Este proveedor est\u00e1 dirigido a empresas del sector de la hosteler\u00eda que necesiten cartuchos de nata montada. Adem\u00e1s, venden todo lo necesario para una empresa de catering. Las promociones en sus productos son de hasta un 20%, lo que los convierte en un proveedor barato de cartuchos de nata montada. Sin embargo, los gastos de env\u00edo son relativamente caros en comparaci\u00f3n con los otros proveedores. Finalmente, ofrecen una garant\u00eda de hasta dos a\u00f1os en sus productos.<\/p>\n<p>Como se denota, hay muchos proveedores <a href=\"https:\/\/fast-gas.com\/es\/product-category\/todos\/\">diferentes de cartuchos de crema batida<\/a> en el mercado, pero estos son los cinco m\u00e1s importantes en Espa\u00f1a. Los proveedores se diferencian mucho entre s\u00ed, por lo que hay una opci\u00f3n para todos. \u00bfQuiere una buena garant\u00eda y est\u00e1 dispuesto a pagar un poco m\u00e1s? \u00bfO prefieres productos baratos con gastos de env\u00edo m\u00e1s caros? Ahora tienes suficientes opciones a considerar.<\/p>\n<p>Si te interesa saber m\u00e1s de Fastgas, sigue <a href=\"https:\/\/fast-gas.com\/es\/blog\/\">nuestro blog<\/a> para aprender m\u00e1s del \u00f3xido nitroso y de las bondades de los cargadores de crema<\/p>\n","protected":false},"excerpt":{"rendered":"<p>Las jeringas de nata montada no s\u00f3lo son ideales para decorar un postre con nata montada si no que tambi\u00e9n son muy f\u00e1ciles de usar. Sin embargo, es importante que tengas suficientes cartuchos peque\u00f1os de nata montada de 8gr o bombona oxido nitroso Fastgas, porque la jeringa de nata montada no funcionar\u00e1 sin esos cartuchos. [&hellip;]<\/p>\n","protected":false},"author":5216,"featured_media":15413,"parent":0,"menu_order":0,"comment_status":"closed","ping_status":"closed","template":"","meta":{"_acf_changed":false,"footnotes":""},"class_list":["post-15411","page","type-page","status-publish","has-post-thumbnail","hentry"],"acf":[],"yoast_head":"<!-- This site is optimized with the Yoast SEO plugin v27.4 - https:\/\/yoast.com\/product\/yoast-seo-wordpress\/ -->\n<title>Bombona \u00f3xido nitroso - Los cinco mejores proveedores de Espa\u00f1a<\/title>\n<meta name=\"description\" content=\"Los cinco mejores proveedores de \u00f3xido nitroso en Espa\u00f1a.Desde Fast Gas hasta Cream Deluxe, hemos comparado todos los proveedores.\" \/>\n<meta name=\"robots\" content=\"index, follow, max-snippet:-1, max-image-preview:large, max-video-preview:-1\" \/>\n<link rel=\"canonical\" href=\"https:\/\/fast-gas.com\/es\/los-cinco-mayores-proveedores-de-cargadores-de-nata-montada-en-espana\/\" \/>\n<meta property=\"og:locale\" content=\"es_ES\" \/>\n<meta property=\"og:type\" content=\"article\" \/>\n<meta property=\"og:title\" content=\"Bombona \u00f3xido nitroso - Los cinco mejores proveedores de Espa\u00f1a\" \/>\n<meta property=\"og:description\" content=\"Los cinco mejores proveedores de \u00f3xido nitroso en Espa\u00f1a.Desde Fast Gas hasta Cream Deluxe, hemos comparado todos los proveedores.\" \/>\n<meta property=\"og:url\" content=\"https:\/\/fast-gas.com\/es\/los-cinco-mayores-proveedores-de-cargadores-de-nata-montada-en-espana\/\" \/>\n<meta property=\"og:site_name\" content=\"FastGas\" \/>\n<meta property=\"article:publisher\" content=\"https:\/\/facebook.com\/wearefastgas\" \/>\n<meta property=\"article:modified_time\" content=\"2025-09-10T12:06:15+00:00\" \/>\n<meta property=\"og:image\" content=\"https:\/\/fast-gas.com\/wp-content\/uploads\/2022\/03\/DSC6249-scaled.jpg\" \/>\n\t<meta property=\"og:image:width\" content=\"2560\" \/>\n\t<meta property=\"og:image:height\" content=\"2560\" \/>\n\t<meta property=\"og:image:type\" content=\"image\/jpeg\" \/>\n<meta name=\"twitter:card\" content=\"summary_large_image\" \/>\n<meta name=\"twitter:label1\" content=\"Est. reading time\" \/>\n\t<meta name=\"twitter:data1\" content=\"4 minutes\" \/>\n<script type=\"application\/ld+json\" class=\"yoast-schema-graph\">{\"@context\":\"https:\\\/\\\/schema.org\",\"@graph\":[{\"@type\":[\"Article\",\"BlogPosting\"],\"@id\":\"https:\\\/\\\/fast-gas.com\\\/es\\\/los-cinco-mayores-proveedores-de-cargadores-de-nata-montada-en-espana\\\/#article\",\"isPartOf\":{\"@id\":\"https:\\\/\\\/fast-gas.com\\\/es\\\/los-cinco-mayores-proveedores-de-cargadores-de-nata-montada-en-espana\\\/\"},\"author\":{\"name\":\"Bro FastGas\",\"@id\":\"https:\\\/\\\/fast-gas.com\\\/es\\\/#\\\/schema\\\/person\\\/4b3a9beffb469faf985fef2c2b684689\"},\"headline\":\"Bombona \u00f3xido nitroso &#8211; Los cinco mejores proveedores de Espa\u00f1a\",\"datePublished\":\"2022-03-17T08:48:45+00:00\",\"dateModified\":\"2025-09-10T12:06:15+00:00\",\"mainEntityOfPage\":{\"@id\":\"https:\\\/\\\/fast-gas.com\\\/es\\\/los-cinco-mayores-proveedores-de-cargadores-de-nata-montada-en-espana\\\/\"},\"wordCount\":833,\"publisher\":{\"@id\":\"https:\\\/\\\/fast-gas.com\\\/es\\\/#organization\"},\"image\":{\"@id\":\"https:\\\/\\\/fast-gas.com\\\/es\\\/los-cinco-mayores-proveedores-de-cargadores-de-nata-montada-en-espana\\\/#primaryimage\"},\"thumbnailUrl\":\"https:\\\/\\\/fast-gas.com\\\/wp-content\\\/uploads\\\/2022\\\/03\\\/DSC6249-scaled.jpg\",\"inLanguage\":\"es-ES\"},{\"@type\":\"WebPage\",\"@id\":\"https:\\\/\\\/fast-gas.com\\\/es\\\/los-cinco-mayores-proveedores-de-cargadores-de-nata-montada-en-espana\\\/\",\"url\":\"https:\\\/\\\/fast-gas.com\\\/es\\\/los-cinco-mayores-proveedores-de-cargadores-de-nata-montada-en-espana\\\/\",\"name\":\"Bombona \u00f3xido nitroso - Los cinco mejores proveedores de Espa\u00f1a\",\"isPartOf\":{\"@id\":\"https:\\\/\\\/fast-gas.com\\\/es\\\/#website\"},\"primaryImageOfPage\":{\"@id\":\"https:\\\/\\\/fast-gas.com\\\/es\\\/los-cinco-mayores-proveedores-de-cargadores-de-nata-montada-en-espana\\\/#primaryimage\"},\"image\":{\"@id\":\"https:\\\/\\\/fast-gas.com\\\/es\\\/los-cinco-mayores-proveedores-de-cargadores-de-nata-montada-en-espana\\\/#primaryimage\"},\"thumbnailUrl\":\"https:\\\/\\\/fast-gas.com\\\/wp-content\\\/uploads\\\/2022\\\/03\\\/DSC6249-scaled.jpg\",\"datePublished\":\"2022-03-17T08:48:45+00:00\",\"dateModified\":\"2025-09-10T12:06:15+00:00\",\"description\":\"Los cinco mejores proveedores de \u00f3xido nitroso en Espa\u00f1a.Desde Fast Gas hasta Cream Deluxe, hemos comparado todos los proveedores.\",\"breadcrumb\":{\"@id\":\"https:\\\/\\\/fast-gas.com\\\/es\\\/los-cinco-mayores-proveedores-de-cargadores-de-nata-montada-en-espana\\\/#breadcrumb\"},\"inLanguage\":\"es-ES\",\"potentialAction\":[{\"@type\":\"ReadAction\",\"target\":[\"https:\\\/\\\/fast-gas.com\\\/es\\\/los-cinco-mayores-proveedores-de-cargadores-de-nata-montada-en-espana\\\/\"]}]},{\"@type\":\"ImageObject\",\"inLanguage\":\"es-ES\",\"@id\":\"https:\\\/\\\/fast-gas.com\\\/es\\\/los-cinco-mayores-proveedores-de-cargadores-de-nata-montada-en-espana\\\/#primaryimage\",\"url\":\"https:\\\/\\\/fast-gas.com\\\/wp-content\\\/uploads\\\/2022\\\/03\\\/DSC6249-scaled.jpg\",\"contentUrl\":\"https:\\\/\\\/fast-gas.com\\\/wp-content\\\/uploads\\\/2022\\\/03\\\/DSC6249-scaled.jpg\",\"width\":2560,\"height\":2560,\"caption\":\"Jeringas de nata montada\"},{\"@type\":\"BreadcrumbList\",\"@id\":\"https:\\\/\\\/fast-gas.com\\\/es\\\/los-cinco-mayores-proveedores-de-cargadores-de-nata-montada-en-espana\\\/#breadcrumb\",\"itemListElement\":[{\"@type\":\"ListItem\",\"position\":1,\"name\":\"Home\",\"item\":\"https:\\\/\\\/fast-gas.com\\\/es\\\/\"},{\"@type\":\"ListItem\",\"position\":2,\"name\":\"Bombona \u00f3xido nitroso &#8211; Los cinco mejores proveedores de Espa\u00f1a\"}]},{\"@type\":\"WebSite\",\"@id\":\"https:\\\/\\\/fast-gas.com\\\/es\\\/#website\",\"url\":\"https:\\\/\\\/fast-gas.com\\\/es\\\/\",\"name\":\"FastGas\",\"description\":\"N2O Cream Chargers\",\"publisher\":{\"@id\":\"https:\\\/\\\/fast-gas.com\\\/es\\\/#organization\"},\"potentialAction\":[{\"@type\":\"SearchAction\",\"target\":{\"@type\":\"EntryPoint\",\"urlTemplate\":\"https:\\\/\\\/fast-gas.com\\\/es\\\/?s={search_term_string}\"},\"query-input\":{\"@type\":\"PropertyValueSpecification\",\"valueRequired\":true,\"valueName\":\"search_term_string\"}}],\"inLanguage\":\"es-ES\"},{\"@type\":\"Organization\",\"@id\":\"https:\\\/\\\/fast-gas.com\\\/es\\\/#organization\",\"name\":\"FastGas - Helium, CO2 & N2O Wholesale\",\"alternateName\":\"Fast Gas\",\"url\":\"https:\\\/\\\/fast-gas.com\\\/es\\\/\",\"logo\":{\"@type\":\"ImageObject\",\"inLanguage\":\"es-ES\",\"@id\":\"https:\\\/\\\/fast-gas.com\\\/es\\\/#\\\/schema\\\/logo\\\/image\\\/\",\"url\":\"https:\\\/\\\/fast-gas.com\\\/wp-content\\\/uploads\\\/2025\\\/03\\\/cropped-Fastgas-Favicon.png\",\"contentUrl\":\"https:\\\/\\\/fast-gas.com\\\/wp-content\\\/uploads\\\/2025\\\/03\\\/cropped-Fastgas-Favicon.png\",\"width\":512,\"height\":512,\"caption\":\"FastGas - Helium, CO2 & N2O Wholesale\"},\"image\":{\"@id\":\"https:\\\/\\\/fast-gas.com\\\/es\\\/#\\\/schema\\\/logo\\\/image\\\/\"},\"sameAs\":[\"https:\\\/\\\/facebook.com\\\/wearefastgas\",\"https:\\\/\\\/www.youtube.com\\\/channel\\\/UCV5w9vrihWFu0yM7SZzQfVQ\\\/videos\",\"https:\\\/\\\/instagram.com\\\/fastgas.official\"]},{\"@type\":\"Person\",\"@id\":\"https:\\\/\\\/fast-gas.com\\\/es\\\/#\\\/schema\\\/person\\\/4b3a9beffb469faf985fef2c2b684689\",\"name\":\"Bro FastGas\",\"description\":\"Meet our Culinary Gas &amp; Tech Editor: pioneering N2O, CO2, and cream charger innovations with recipes, reviews, and cutting-edge insights.\",\"url\":\"https:\\\/\\\/fast-gas.com\\\/es\\\/author\\\/iryna\\\/\"}]}<\/script>\n<!-- \/ Yoast SEO plugin. -->","yoast_head_json":{"title":"Bombona \u00f3xido nitroso - Los cinco mejores proveedores de Espa\u00f1a","description":"Los cinco mejores proveedores de \u00f3xido nitroso en Espa\u00f1a.Desde Fast Gas hasta Cream Deluxe, hemos comparado todos los proveedores.","robots":{"index":"index","follow":"follow","max-snippet":"max-snippet:-1","max-image-preview":"max-image-preview:large","max-video-preview":"max-video-preview:-1"},"canonical":"https:\/\/fast-gas.com\/es\/los-cinco-mayores-proveedores-de-cargadores-de-nata-montada-en-espana\/","og_locale":"es_ES","og_type":"article","og_title":"Bombona \u00f3xido nitroso - Los cinco mejores proveedores de Espa\u00f1a","og_description":"Los cinco mejores proveedores de \u00f3xido nitroso en Espa\u00f1a.Desde Fast Gas hasta Cream Deluxe, hemos comparado todos los proveedores.","og_url":"https:\/\/fast-gas.com\/es\/los-cinco-mayores-proveedores-de-cargadores-de-nata-montada-en-espana\/","og_site_name":"FastGas","article_publisher":"https:\/\/facebook.com\/wearefastgas","article_modified_time":"2025-09-10T12:06:15+00:00","og_image":[{"width":2560,"height":2560,"url":"https:\/\/fast-gas.com\/wp-content\/uploads\/2022\/03\/DSC6249-scaled.jpg","type":"image\/jpeg"}],"twitter_card":"summary_large_image","twitter_misc":{"Est. reading time":"4 minutes"},"schema":{"@context":"https:\/\/schema.org","@graph":[{"@type":["Article","BlogPosting"],"@id":"https:\/\/fast-gas.com\/es\/los-cinco-mayores-proveedores-de-cargadores-de-nata-montada-en-espana\/#article","isPartOf":{"@id":"https:\/\/fast-gas.com\/es\/los-cinco-mayores-proveedores-de-cargadores-de-nata-montada-en-espana\/"},"author":{"name":"Bro FastGas","@id":"https:\/\/fast-gas.com\/es\/#\/schema\/person\/4b3a9beffb469faf985fef2c2b684689"},"headline":"Bombona \u00f3xido nitroso &#8211; Los cinco mejores proveedores de Espa\u00f1a","datePublished":"2022-03-17T08:48:45+00:00","dateModified":"2025-09-10T12:06:15+00:00","mainEntityOfPage":{"@id":"https:\/\/fast-gas.com\/es\/los-cinco-mayores-proveedores-de-cargadores-de-nata-montada-en-espana\/"},"wordCount":833,"publisher":{"@id":"https:\/\/fast-gas.com\/es\/#organization"},"image":{"@id":"https:\/\/fast-gas.com\/es\/los-cinco-mayores-proveedores-de-cargadores-de-nata-montada-en-espana\/#primaryimage"},"thumbnailUrl":"https:\/\/fast-gas.com\/wp-content\/uploads\/2022\/03\/DSC6249-scaled.jpg","inLanguage":"es-ES"},{"@type":"WebPage","@id":"https:\/\/fast-gas.com\/es\/los-cinco-mayores-proveedores-de-cargadores-de-nata-montada-en-espana\/","url":"https:\/\/fast-gas.com\/es\/los-cinco-mayores-proveedores-de-cargadores-de-nata-montada-en-espana\/","name":"Bombona \u00f3xido nitroso - Los cinco mejores proveedores de Espa\u00f1a","isPartOf":{"@id":"https:\/\/fast-gas.com\/es\/#website"},"primaryImageOfPage":{"@id":"https:\/\/fast-gas.com\/es\/los-cinco-mayores-proveedores-de-cargadores-de-nata-montada-en-espana\/#primaryimage"},"image":{"@id":"https:\/\/fast-gas.com\/es\/los-cinco-mayores-proveedores-de-cargadores-de-nata-montada-en-espana\/#primaryimage"},"thumbnailUrl":"https:\/\/fast-gas.com\/wp-content\/uploads\/2022\/03\/DSC6249-scaled.jpg","datePublished":"2022-03-17T08:48:45+00:00","dateModified":"2025-09-10T12:06:15+00:00","description":"Los cinco mejores proveedores de \u00f3xido nitroso en Espa\u00f1a.Desde Fast Gas hasta Cream Deluxe, hemos comparado todos los proveedores.","breadcrumb":{"@id":"https:\/\/fast-gas.com\/es\/los-cinco-mayores-proveedores-de-cargadores-de-nata-montada-en-espana\/#breadcrumb"},"inLanguage":"es-ES","potentialAction":[{"@type":"ReadAction","target":["https:\/\/fast-gas.com\/es\/los-cinco-mayores-proveedores-de-cargadores-de-nata-montada-en-espana\/"]}]},{"@type":"ImageObject","inLanguage":"es-ES","@id":"https:\/\/fast-gas.com\/es\/los-cinco-mayores-proveedores-de-cargadores-de-nata-montada-en-espana\/#primaryimage","url":"https:\/\/fast-gas.com\/wp-content\/uploads\/2022\/03\/DSC6249-scaled.jpg","contentUrl":"https:\/\/fast-gas.com\/wp-content\/uploads\/2022\/03\/DSC6249-scaled.jpg","width":2560,"height":2560,"caption":"Jeringas de nata montada"},{"@type":"BreadcrumbList","@id":"https:\/\/fast-gas.com\/es\/los-cinco-mayores-proveedores-de-cargadores-de-nata-montada-en-espana\/#breadcrumb","itemListElement":[{"@type":"ListItem","position":1,"name":"Home","item":"https:\/\/fast-gas.com\/es\/"},{"@type":"ListItem","position":2,"name":"Bombona \u00f3xido nitroso &#8211; Los cinco mejores proveedores de Espa\u00f1a"}]},{"@type":"WebSite","@id":"https:\/\/fast-gas.com\/es\/#website","url":"https:\/\/fast-gas.com\/es\/","name":"FastGas","description":"N2O Cream Chargers","publisher":{"@id":"https:\/\/fast-gas.com\/es\/#organization"},"potentialAction":[{"@type":"SearchAction","target":{"@type":"EntryPoint","urlTemplate":"https:\/\/fast-gas.com\/es\/?s={search_term_string}"},"query-input":{"@type":"PropertyValueSpecification","valueRequired":true,"valueName":"search_term_string"}}],"inLanguage":"es-ES"},{"@type":"Organization","@id":"https:\/\/fast-gas.com\/es\/#organization","name":"FastGas - Helium, CO2 & N2O Wholesale","alternateName":"Fast Gas","url":"https:\/\/fast-gas.com\/es\/","logo":{"@type":"ImageObject","inLanguage":"es-ES","@id":"https:\/\/fast-gas.com\/es\/#\/schema\/logo\/image\/","url":"https:\/\/fast-gas.com\/wp-content\/uploads\/2025\/03\/cropped-Fastgas-Favicon.png","contentUrl":"https:\/\/fast-gas.com\/wp-content\/uploads\/2025\/03\/cropped-Fastgas-Favicon.png","width":512,"height":512,"caption":"FastGas - Helium, CO2 & N2O Wholesale"},"image":{"@id":"https:\/\/fast-gas.com\/es\/#\/schema\/logo\/image\/"},"sameAs":["https:\/\/facebook.com\/wearefastgas","https:\/\/www.youtube.com\/channel\/UCV5w9vrihWFu0yM7SZzQfVQ\/videos","https:\/\/instagram.com\/fastgas.official"]},{"@type":"Person","@id":"https:\/\/fast-gas.com\/es\/#\/schema\/person\/4b3a9beffb469faf985fef2c2b684689","name":"Bro FastGas","description":"Meet our Culinary Gas &amp; Tech Editor: pioneering N2O, CO2, and cream charger innovations with recipes, reviews, and cutting-edge insights.","url":"https:\/\/fast-gas.com\/es\/author\/iryna\/"}]}},"_links":{"self":[{"href":"https:\/\/fast-gas.com\/es\/wp-json\/wp\/v2\/pages\/15411","targetHints":{"allow":["GET"]}}],"collection":[{"href":"https:\/\/fast-gas.com\/es\/wp-json\/wp\/v2\/pages"}],"about":[{"href":"https:\/\/fast-gas.com\/es\/wp-json\/wp\/v2\/types\/page"}],"author":[{"embeddable":true,"href":"https:\/\/fast-gas.com\/es\/wp-json\/wp\/v2\/users\/5216"}],"replies":[{"embeddable":true,"href":"https:\/\/fast-gas.com\/es\/wp-json\/wp\/v2\/comments?post=15411"}],"version-history":[{"count":15,"href":"https:\/\/fast-gas.com\/es\/wp-json\/wp\/v2\/pages\/15411\/revisions"}],"predecessor-version":[{"id":47886,"href":"https:\/\/fast-gas.com\/es\/wp-json\/wp\/v2\/pages\/15411\/revisions\/47886"}],"wp:featuredmedia":[{"embeddable":true,"href":"https:\/\/fast-gas.com\/es\/wp-json\/wp\/v2\/media\/15413"}],"wp:attachment":[{"href":"https:\/\/fast-gas.com\/es\/wp-json\/wp\/v2\/media?parent=15411"}],"curies":[{"name":"wp","href":"https:\/\/api.w.org\/{rel}","templated":true}]}}