{"id":15265,"date":"2022-01-24T10:36:38","date_gmt":"2022-01-24T09:36:38","guid":{"rendered":"https:\/\/fast-gas.com\/guidelines-to-buy-cream-chargers\/"},"modified":"2024-12-24T01:42:37","modified_gmt":"2024-12-24T01:42:37","slug":"pautas-para-comprar-oxido-nitroso","status":"publish","type":"page","link":"https:\/\/fast-gas.com\/es\/pautas-para-comprar-oxido-nitroso\/","title":{"rendered":"Pautas para comprar \u00f3xido nitroso"},"content":{"rendered":"<h3>Oxido Nitroso Cream Deluxe Gaz<\/h3>\n<p>Si quiere comprar cream deluxe gaz, aseg\u00farese de que los cargadores de nata y el sifon cocina sean compatibles. Los m\u00e1s comunes sifon cocina est\u00e1n dise\u00f1adas para contener c\u00e1psulas de N2O de 8g. <a href=\"https:\/\/fast-gas.com\/es\/product-category\/todos\/\">Las c\u00e1psulas de nata de N2O<\/a> est\u00e1n llenas de N2O (\u00f3xido nitroso) 100% puro.<\/p>\n<p>Con un solo cartucho de cream deluxe gaz puede preparar hasta 0,5 litros de nata reci\u00e9n montada. En Internet puede encontrar todo tipo de <a href=\"https:\/\/fast-gas.com\/es\/5-recetas-de-nata-montada-con-cargadores-de-crema\/\">ideas de recetas para preparar con cartuchos de nata<\/a>; s\u00f3lo tiene que echar un vistazo y dejarse inspirar.<\/p>\n<p>Absolutamente recomendable, es un sif\u00f3n cocina, hecho de acero inoxidable, con una capacidad de 1,0 litros.<\/p>\n<p>R\u00e1pido y sencillo: se llena el dispensador de c\u00e1psulas de nata hasta la mitad con nata, se introduce el cartucho de nata, a continuaci\u00f3n se cierra bien el recipiente y se agita en\u00e9rgicamente. El resultado es impresionante; con el dispensador de nata de acero inoxidable de \u00f3xido nitroso, se consigue una cobertura de nata montada perfecta que hace que cada bebida sea especial.<\/p>\n<p style=\"text-align: center;\"><a class=\"button button--primary hero__button\" href=\"https:\/\/fast-gas.com\/es\/distribuidor\/\">Convi\u00e9rtase en Distribuidor<\/a><\/p>\n<h2>\u00bfD\u00f3nde comprar c\u00e1psulas de oxido nitroso?<\/h2>\n<p><a href=\"https:\/\/fast-gas.com\/es\/producto\/cilindro-original-fastgas-oxido-nitroso\/\">Bombona \u00f3xido nitroso<\/a> est\u00e1n disponibles en diferentes versiones, por ejemplo, en 7,5g, sino tambi\u00e9n c\u00e1psulas de 8,4g, usted puede comprar en Internet o en la tienda de la esquina.<br \/>\nSi desea comprar <a href=\"https:\/\/fast-gas.com\/es\/producto\/cilindro-original-fastgas-oxido-nitroso\/\">bombona de \u00f3xido nitroso de Cream Deluxe o de Fast Gas<\/a>, encontrar\u00e1 en el mercado una amplia gama de fabricantes y marcas de las que puede comprar cartuchos de cargador de nata. Si el precio no importa, puedes comprar cilindros de oxido nitroso que cuestan algo menos de 70,00 euros. Si busca una alternativa barata, tambi\u00e9n puede encontrar cylindros de oxido nitroso por algo menos de 20,00 euros.<\/p>\n<h2>\u00bfCu\u00e1l es el mejor lugar para comprar cilindros de oxido nitroso?<\/h2>\n<p>Por supuesto, siempre encontrar\u00e1 la mayor selecci\u00f3n en l\u00ednea. En varias plataformas, los cilindros de oxido nitroso se ofrecen a diferentes precios. Sin embargo, no debe pedir inmediatamente los primeros cartuchos de N2O que encuentre, inf\u00f3rmese bien y posiblemente tambi\u00e9n busque un informe de prueba.<\/p>\n<p>Los cartuchos de nata de N2O, por desgracia, no s\u00f3lo se utilizan en la cocina, sino que las c\u00e1psulas tambi\u00e9n se utilizan a menudo de forma indebida. El uso de los cartuchos de nata como droga recreativa no es at\u00edpico y con un abridor de cartuchos de nata de libre acceso el consumo tambi\u00e9n es bastante f\u00e1cil. Sin un abridor de cartuchos de nata, abrir los cartuchos de nata deber\u00eda ser una empresa algo m\u00e1s dif\u00edcil. En cualquier caso, el consumo es definitivamente desaconsejable.<\/p>\n<p>Legal y bien conocido en Inglaterra, el \u00f3xido nitroso (N2O), al ser inhalado, provoca una violenta y breve intoxicaci\u00f3n que no debe subestimarse en absoluto. El estado despu\u00e9s de inhalar \u00f3xido nitroso, o N2O como se denomina cient\u00edficamente, se describe a menudo como de trance. El cuerpo se siente m\u00e1s pesado y la percepci\u00f3n sensorial se intensifica considerablemente. Los cilindros de oxido nitroso utilizados como droga recreativa suelen provocar un r\u00e1pido subid\u00f3n con efectos a largo plazo.<\/p>\n<p>La inhalaci\u00f3n de \u00f3xido nitroso puede conducir a la dependencia de N2O cuando se utiliza a menudo, las consecuencias como el da\u00f1o al sistema nervioso central tambi\u00e9n son muy aumentadas. La inhalaci\u00f3n de cartuchos de nata puede ser especialmente peligrosa si existen otros tipos de drogas en el organismo. En el peor de los casos, la inhalaci\u00f3n de \u00f3xido nitroso puede provocar la muerte.<\/p>\n<h2>Volviendo al tema que nos ocupa: \u00bfd\u00f3nde comprar cilindros de oxido nitroso?<\/h2>\n<p>Por supuesto, puede pedir <a href=\"https:\/\/fast-gas.com\/es\/producto\/cilindro-original-fastgas-oxido-nitroso\/\">cartuchos de N2O<\/a> en l\u00ednea, y los dispensadores de nata tambi\u00e9n se pueden encontrar en grandes cantidades. Sin embargo, si quiere ver de cerca los cartuchos de nata y el dispensador de nata antes de comprar, puede adquirir productos de alta calidad, como los cargadores de nata de Rossmann, de Flink&amp;Sauber. Los cartuchos de nata Rossmann est\u00e1n disponibles en paquetes de 10 unidades, a un precio asequible.<\/p>\n<p>Para la eliminaci\u00f3n profesional de los cartuchos de nata, debe entregar los cartuchos vac\u00edos en un desguace o tirarlos a un contenedor de chatarra. La eliminaci\u00f3n de los cargadores de nata no debe hacerse nunca a trav\u00e9s del contenedor de residuos. Los cargadores de nata est\u00e1n hechos de acero reutilizable, respetuoso con el medio ambiente. Si se deshace de los cargadores de nata como se ha descrito anteriormente, estar\u00e1 reciclando los cartuchos y haciendo algo bueno por el medio ambiente.<\/p>\n","protected":false},"excerpt":{"rendered":"<p>Oxido Nitroso Cream Deluxe Gaz Si quiere comprar cream deluxe gaz, aseg\u00farese de que los cargadores de nata y el sifon cocina sean compatibles. Los m\u00e1s comunes sifon cocina est\u00e1n dise\u00f1adas para contener c\u00e1psulas de N2O de 8g. Las c\u00e1psulas de nata de N2O est\u00e1n llenas de N2O (\u00f3xido nitroso) 100% puro. Con un solo [&hellip;]<\/p>\n","protected":false},"author":5216,"featured_media":1273,"parent":0,"menu_order":0,"comment_status":"closed","ping_status":"closed","template":"","meta":{"_acf_changed":false,"footnotes":""},"class_list":["post-15265","page","type-page","status-publish","has-post-thumbnail","hentry"],"acf":[],"yoast_head":"<!-- This site is optimized with the Yoast SEO plugin v27.2 - https:\/\/yoast.com\/product\/yoast-seo-wordpress\/ -->\n<title>\u00d3xido nitroso - Consejos para comprar N2O | Fast Gas Cream Charger<\/title>\n<meta name=\"description\" content=\"\u00d3xido nitroso, entonces el mejor lugar para comprar N2O y marcas como Fast Gas y Cream Deluxe cilindros de \u00f3xido nitroso\" \/>\n<meta name=\"robots\" content=\"index, follow, max-snippet:-1, max-image-preview:large, max-video-preview:-1\" \/>\n<link rel=\"canonical\" href=\"https:\/\/fast-gas.com\/es\/pautas-para-comprar-oxido-nitroso\/\" \/>\n<meta property=\"og:locale\" content=\"es_ES\" \/>\n<meta property=\"og:type\" content=\"article\" \/>\n<meta property=\"og:title\" content=\"\u00d3xido nitroso - Consejos para comprar N2O | Fast Gas Cream Charger\" \/>\n<meta property=\"og:description\" content=\"\u00d3xido nitroso, entonces el mejor lugar para comprar N2O y marcas como Fast Gas y Cream Deluxe cilindros de \u00f3xido nitroso\" \/>\n<meta property=\"og:url\" content=\"https:\/\/fast-gas.com\/es\/pautas-para-comprar-oxido-nitroso\/\" \/>\n<meta property=\"og:site_name\" content=\"FastGas\" \/>\n<meta property=\"article:publisher\" content=\"https:\/\/facebook.com\/wearefastgas\" \/>\n<meta property=\"article:modified_time\" content=\"2024-12-24T01:42:37+00:00\" \/>\n<meta property=\"og:image\" content=\"https:\/\/fast-gas.com\/wp-content\/uploads\/2022\/01\/FastGas-CylinderLogo.jpg\" \/>\n\t<meta property=\"og:image:width\" content=\"760\" \/>\n\t<meta property=\"og:image:height\" content=\"760\" \/>\n\t<meta property=\"og:image:type\" content=\"image\/jpeg\" \/>\n<meta name=\"twitter:card\" content=\"summary_large_image\" \/>\n<meta name=\"twitter:label1\" content=\"Est. reading time\" \/>\n\t<meta name=\"twitter:data1\" content=\"4 minutes\" \/>\n<script type=\"application\/ld+json\" class=\"yoast-schema-graph\">{\"@context\":\"https:\/\/schema.org\",\"@graph\":[{\"@type\":[\"Article\",\"BlogPosting\"],\"@id\":\"https:\/\/fast-gas.com\/es\/pautas-para-comprar-oxido-nitroso\/#article\",\"isPartOf\":{\"@id\":\"https:\/\/fast-gas.com\/es\/pautas-para-comprar-oxido-nitroso\/\"},\"author\":{\"name\":\"Bro FastGas\",\"@id\":\"https:\/\/fast-gas.com\/es\/#\/schema\/person\/4b3a9beffb469faf985fef2c2b684689\"},\"headline\":\"Pautas para comprar \u00f3xido nitroso\",\"datePublished\":\"2022-01-24T09:36:38+00:00\",\"dateModified\":\"2024-12-24T01:42:37+00:00\",\"mainEntityOfPage\":{\"@id\":\"https:\/\/fast-gas.com\/es\/pautas-para-comprar-oxido-nitroso\/\"},\"wordCount\":792,\"publisher\":{\"@id\":\"https:\/\/fast-gas.com\/es\/#organization\"},\"image\":{\"@id\":\"https:\/\/fast-gas.com\/es\/pautas-para-comprar-oxido-nitroso\/#primaryimage\"},\"thumbnailUrl\":\"https:\/\/fast-gas.com\/wp-content\/uploads\/2022\/01\/FastGas-CylinderLogo.jpg\",\"inLanguage\":\"es-ES\"},{\"@type\":\"WebPage\",\"@id\":\"https:\/\/fast-gas.com\/es\/pautas-para-comprar-oxido-nitroso\/\",\"url\":\"https:\/\/fast-gas.com\/es\/pautas-para-comprar-oxido-nitroso\/\",\"name\":\"\u00d3xido nitroso - Consejos para comprar N2O | Fast Gas Cream Charger\",\"isPartOf\":{\"@id\":\"https:\/\/fast-gas.com\/es\/#website\"},\"primaryImageOfPage\":{\"@id\":\"https:\/\/fast-gas.com\/es\/pautas-para-comprar-oxido-nitroso\/#primaryimage\"},\"image\":{\"@id\":\"https:\/\/fast-gas.com\/es\/pautas-para-comprar-oxido-nitroso\/#primaryimage\"},\"thumbnailUrl\":\"https:\/\/fast-gas.com\/wp-content\/uploads\/2022\/01\/FastGas-CylinderLogo.jpg\",\"datePublished\":\"2022-01-24T09:36:38+00:00\",\"dateModified\":\"2024-12-24T01:42:37+00:00\",\"description\":\"\u00d3xido nitroso, entonces el mejor lugar para comprar N2O y marcas como Fast Gas y Cream Deluxe cilindros de \u00f3xido nitroso\",\"breadcrumb\":{\"@id\":\"https:\/\/fast-gas.com\/es\/pautas-para-comprar-oxido-nitroso\/#breadcrumb\"},\"inLanguage\":\"es-ES\",\"potentialAction\":[{\"@type\":\"ReadAction\",\"target\":[\"https:\/\/fast-gas.com\/es\/pautas-para-comprar-oxido-nitroso\/\"]}]},{\"@type\":\"ImageObject\",\"inLanguage\":\"es-ES\",\"@id\":\"https:\/\/fast-gas.com\/es\/pautas-para-comprar-oxido-nitroso\/#primaryimage\",\"url\":\"https:\/\/fast-gas.com\/wp-content\/uploads\/2022\/01\/FastGas-CylinderLogo.jpg\",\"contentUrl\":\"https:\/\/fast-gas.com\/wp-content\/uploads\/2022\/01\/FastGas-CylinderLogo.jpg\",\"width\":760,\"height\":760,\"caption\":\"Guidelines to Buy Whipped Cream Chargers | Fast Gas Cream Charger\"},{\"@type\":\"BreadcrumbList\",\"@id\":\"https:\/\/fast-gas.com\/es\/pautas-para-comprar-oxido-nitroso\/#breadcrumb\",\"itemListElement\":[{\"@type\":\"ListItem\",\"position\":1,\"name\":\"Home\",\"item\":\"https:\/\/fast-gas.com\/es\/\"},{\"@type\":\"ListItem\",\"position\":2,\"name\":\"Pautas para comprar \u00f3xido nitroso\"}]},{\"@type\":\"WebSite\",\"@id\":\"https:\/\/fast-gas.com\/es\/#website\",\"url\":\"https:\/\/fast-gas.com\/es\/\",\"name\":\"FastGas\",\"description\":\"N2O Cream Chargers\",\"publisher\":{\"@id\":\"https:\/\/fast-gas.com\/es\/#organization\"},\"potentialAction\":[{\"@type\":\"SearchAction\",\"target\":{\"@type\":\"EntryPoint\",\"urlTemplate\":\"https:\/\/fast-gas.com\/es\/?s={search_term_string}\"},\"query-input\":{\"@type\":\"PropertyValueSpecification\",\"valueRequired\":true,\"valueName\":\"search_term_string\"}}],\"inLanguage\":\"es-ES\"},{\"@type\":\"Organization\",\"@id\":\"https:\/\/fast-gas.com\/es\/#organization\",\"name\":\"FastGas - Helium, CO2 & N2O Wholesale\",\"alternateName\":\"Fast Gas\",\"url\":\"https:\/\/fast-gas.com\/es\/\",\"logo\":{\"@type\":\"ImageObject\",\"inLanguage\":\"es-ES\",\"@id\":\"https:\/\/fast-gas.com\/es\/#\/schema\/logo\/image\/\",\"url\":\"https:\/\/fast-gas.com\/wp-content\/uploads\/2025\/03\/cropped-Fastgas-Favicon.png\",\"contentUrl\":\"https:\/\/fast-gas.com\/wp-content\/uploads\/2025\/03\/cropped-Fastgas-Favicon.png\",\"width\":512,\"height\":512,\"caption\":\"FastGas - Helium, CO2 & N2O Wholesale\"},\"image\":{\"@id\":\"https:\/\/fast-gas.com\/es\/#\/schema\/logo\/image\/\"},\"sameAs\":[\"https:\/\/facebook.com\/wearefastgas\",\"https:\/\/www.youtube.com\/channel\/UCV5w9vrihWFu0yM7SZzQfVQ\/videos\",\"https:\/\/instagram.com\/fastgas.official\"]},{\"@type\":\"Person\",\"@id\":\"https:\/\/fast-gas.com\/es\/#\/schema\/person\/4b3a9beffb469faf985fef2c2b684689\",\"name\":\"Bro FastGas\",\"description\":\"Meet our Culinary Gas &amp; Tech Editor: pioneering N2O, CO2, and cream charger innovations with recipes, reviews, and cutting-edge insights.\",\"url\":\"https:\/\/fast-gas.com\/es\/author\/iryna\/\"}]}<\/script>\n<!-- \/ Yoast SEO plugin. -->","yoast_head_json":{"title":"\u00d3xido nitroso - Consejos para comprar N2O | Fast Gas Cream Charger","description":"\u00d3xido nitroso, entonces el mejor lugar para comprar N2O y marcas como Fast Gas y Cream Deluxe cilindros de \u00f3xido nitroso","robots":{"index":"index","follow":"follow","max-snippet":"max-snippet:-1","max-image-preview":"max-image-preview:large","max-video-preview":"max-video-preview:-1"},"canonical":"https:\/\/fast-gas.com\/es\/pautas-para-comprar-oxido-nitroso\/","og_locale":"es_ES","og_type":"article","og_title":"\u00d3xido nitroso - Consejos para comprar N2O | Fast Gas Cream Charger","og_description":"\u00d3xido nitroso, entonces el mejor lugar para comprar N2O y marcas como Fast Gas y Cream Deluxe cilindros de \u00f3xido nitroso","og_url":"https:\/\/fast-gas.com\/es\/pautas-para-comprar-oxido-nitroso\/","og_site_name":"FastGas","article_publisher":"https:\/\/facebook.com\/wearefastgas","article_modified_time":"2024-12-24T01:42:37+00:00","og_image":[{"width":760,"height":760,"url":"https:\/\/fast-gas.com\/wp-content\/uploads\/2022\/01\/FastGas-CylinderLogo.jpg","type":"image\/jpeg"}],"twitter_card":"summary_large_image","twitter_misc":{"Est. reading time":"4 minutes"},"schema":{"@context":"https:\/\/schema.org","@graph":[{"@type":["Article","BlogPosting"],"@id":"https:\/\/fast-gas.com\/es\/pautas-para-comprar-oxido-nitroso\/#article","isPartOf":{"@id":"https:\/\/fast-gas.com\/es\/pautas-para-comprar-oxido-nitroso\/"},"author":{"name":"Bro FastGas","@id":"https:\/\/fast-gas.com\/es\/#\/schema\/person\/4b3a9beffb469faf985fef2c2b684689"},"headline":"Pautas para comprar \u00f3xido nitroso","datePublished":"2022-01-24T09:36:38+00:00","dateModified":"2024-12-24T01:42:37+00:00","mainEntityOfPage":{"@id":"https:\/\/fast-gas.com\/es\/pautas-para-comprar-oxido-nitroso\/"},"wordCount":792,"publisher":{"@id":"https:\/\/fast-gas.com\/es\/#organization"},"image":{"@id":"https:\/\/fast-gas.com\/es\/pautas-para-comprar-oxido-nitroso\/#primaryimage"},"thumbnailUrl":"https:\/\/fast-gas.com\/wp-content\/uploads\/2022\/01\/FastGas-CylinderLogo.jpg","inLanguage":"es-ES"},{"@type":"WebPage","@id":"https:\/\/fast-gas.com\/es\/pautas-para-comprar-oxido-nitroso\/","url":"https:\/\/fast-gas.com\/es\/pautas-para-comprar-oxido-nitroso\/","name":"\u00d3xido nitroso - Consejos para comprar N2O | Fast Gas Cream Charger","isPartOf":{"@id":"https:\/\/fast-gas.com\/es\/#website"},"primaryImageOfPage":{"@id":"https:\/\/fast-gas.com\/es\/pautas-para-comprar-oxido-nitroso\/#primaryimage"},"image":{"@id":"https:\/\/fast-gas.com\/es\/pautas-para-comprar-oxido-nitroso\/#primaryimage"},"thumbnailUrl":"https:\/\/fast-gas.com\/wp-content\/uploads\/2022\/01\/FastGas-CylinderLogo.jpg","datePublished":"2022-01-24T09:36:38+00:00","dateModified":"2024-12-24T01:42:37+00:00","description":"\u00d3xido nitroso, entonces el mejor lugar para comprar N2O y marcas como Fast Gas y Cream Deluxe cilindros de \u00f3xido nitroso","breadcrumb":{"@id":"https:\/\/fast-gas.com\/es\/pautas-para-comprar-oxido-nitroso\/#breadcrumb"},"inLanguage":"es-ES","potentialAction":[{"@type":"ReadAction","target":["https:\/\/fast-gas.com\/es\/pautas-para-comprar-oxido-nitroso\/"]}]},{"@type":"ImageObject","inLanguage":"es-ES","@id":"https:\/\/fast-gas.com\/es\/pautas-para-comprar-oxido-nitroso\/#primaryimage","url":"https:\/\/fast-gas.com\/wp-content\/uploads\/2022\/01\/FastGas-CylinderLogo.jpg","contentUrl":"https:\/\/fast-gas.com\/wp-content\/uploads\/2022\/01\/FastGas-CylinderLogo.jpg","width":760,"height":760,"caption":"Guidelines to Buy Whipped Cream Chargers | Fast Gas Cream Charger"},{"@type":"BreadcrumbList","@id":"https:\/\/fast-gas.com\/es\/pautas-para-comprar-oxido-nitroso\/#breadcrumb","itemListElement":[{"@type":"ListItem","position":1,"name":"Home","item":"https:\/\/fast-gas.com\/es\/"},{"@type":"ListItem","position":2,"name":"Pautas para comprar \u00f3xido nitroso"}]},{"@type":"WebSite","@id":"https:\/\/fast-gas.com\/es\/#website","url":"https:\/\/fast-gas.com\/es\/","name":"FastGas","description":"N2O Cream Chargers","publisher":{"@id":"https:\/\/fast-gas.com\/es\/#organization"},"potentialAction":[{"@type":"SearchAction","target":{"@type":"EntryPoint","urlTemplate":"https:\/\/fast-gas.com\/es\/?s={search_term_string}"},"query-input":{"@type":"PropertyValueSpecification","valueRequired":true,"valueName":"search_term_string"}}],"inLanguage":"es-ES"},{"@type":"Organization","@id":"https:\/\/fast-gas.com\/es\/#organization","name":"FastGas - Helium, CO2 & N2O Wholesale","alternateName":"Fast Gas","url":"https:\/\/fast-gas.com\/es\/","logo":{"@type":"ImageObject","inLanguage":"es-ES","@id":"https:\/\/fast-gas.com\/es\/#\/schema\/logo\/image\/","url":"https:\/\/fast-gas.com\/wp-content\/uploads\/2025\/03\/cropped-Fastgas-Favicon.png","contentUrl":"https:\/\/fast-gas.com\/wp-content\/uploads\/2025\/03\/cropped-Fastgas-Favicon.png","width":512,"height":512,"caption":"FastGas - Helium, CO2 & N2O Wholesale"},"image":{"@id":"https:\/\/fast-gas.com\/es\/#\/schema\/logo\/image\/"},"sameAs":["https:\/\/facebook.com\/wearefastgas","https:\/\/www.youtube.com\/channel\/UCV5w9vrihWFu0yM7SZzQfVQ\/videos","https:\/\/instagram.com\/fastgas.official"]},{"@type":"Person","@id":"https:\/\/fast-gas.com\/es\/#\/schema\/person\/4b3a9beffb469faf985fef2c2b684689","name":"Bro FastGas","description":"Meet our Culinary Gas &amp; Tech Editor: pioneering N2O, CO2, and cream charger innovations with recipes, reviews, and cutting-edge insights.","url":"https:\/\/fast-gas.com\/es\/author\/iryna\/"}]}},"_links":{"self":[{"href":"https:\/\/fast-gas.com\/es\/wp-json\/wp\/v2\/pages\/15265","targetHints":{"allow":["GET"]}}],"collection":[{"href":"https:\/\/fast-gas.com\/es\/wp-json\/wp\/v2\/pages"}],"about":[{"href":"https:\/\/fast-gas.com\/es\/wp-json\/wp\/v2\/types\/page"}],"author":[{"embeddable":true,"href":"https:\/\/fast-gas.com\/es\/wp-json\/wp\/v2\/users\/5216"}],"replies":[{"embeddable":true,"href":"https:\/\/fast-gas.com\/es\/wp-json\/wp\/v2\/comments?post=15265"}],"version-history":[{"count":10,"href":"https:\/\/fast-gas.com\/es\/wp-json\/wp\/v2\/pages\/15265\/revisions"}],"predecessor-version":[{"id":40013,"href":"https:\/\/fast-gas.com\/es\/wp-json\/wp\/v2\/pages\/15265\/revisions\/40013"}],"wp:featuredmedia":[{"embeddable":true,"href":"https:\/\/fast-gas.com\/es\/wp-json\/wp\/v2\/media\/1273"}],"wp:attachment":[{"href":"https:\/\/fast-gas.com\/es\/wp-json\/wp\/v2\/media?parent=15265"}],"curies":[{"name":"wp","href":"https:\/\/api.w.org\/{rel}","templated":true}]}}