{"id":42134,"date":"2025-03-18T13:26:42","date_gmt":"2025-03-18T12:26:42","guid":{"rendered":"https:\/\/staging.fast-gas.com\/?post_type=product&#038;p=42134"},"modified":"2025-10-30T15:57:09","modified_gmt":"2025-10-30T14:57:09","slug":"sahnesiphon","status":"publish","type":"product","link":"https:\/\/fast-gas.com\/de\/produkt\/sahnesiphon\/","title":{"rendered":"Siphon"},"excerpt":{"rendered":"<p>Der FastGas Sahne-Syphon ist daf\u00fcr konzipiert, das Endprodukt zu servieren: Schlagsahne, Espumas und Sch\u00e4ume f\u00fcr Ihre kulinarischen oder Bar-Kreationen.<\/p>\n<p>Kompatibel mit dem FastGas Creamer und dem FastGas Druckregler sowie den meisten Industriestandards.<\/p>\n<p>Nur f\u00fcr kalte Mischungen geeignet.<\/p>\n","protected":false},"featured_media":42736,"template":"","meta":{"_acf_changed":false},"product_brand":[],"product_cat":[499,454,453],"product_tag":[],"class_list":{"0":"post-42134","1":"product","2":"type-product","3":"status-publish","4":"has-post-thumbnail","6":"product_cat-alle","7":"product_cat-distickstoffmonoxid-de","8":"product_cat-sahnekapseln-de","10":"first","11":"instock","12":"taxable","13":"shipping-taxable","14":"product-type-simple"},"acf":[],"yoast_head":"<!-- This site is optimized with the Yoast SEO plugin v27.2 - https:\/\/yoast.com\/product\/yoast-seo-wordpress\/ -->\n<title>FastGas Sahnesiphon: Perfekte Sch\u00e4ume &amp; Cremes | FastGas<\/title>\n<meta name=\"description\" content=\"Verfeinern Sie Ihre kulinarischen oder Bar-Kreationen mit dem FastGas Sahnesiphon \u2013 perfekt f\u00fcr Schlagsahne, Sch\u00e4ume und Espumas. Nur f\u00fcr kalte Mischungen geeignet.\" \/>\n<meta name=\"robots\" content=\"index, follow, max-snippet:-1, max-image-preview:large, max-video-preview:-1\" \/>\n<link rel=\"canonical\" href=\"https:\/\/fast-gas.com\/de\/produkt\/sahnesiphon\/\" \/>\n<meta property=\"og:locale\" content=\"de_DE\" \/>\n<meta property=\"og:type\" content=\"article\" \/>\n<meta property=\"og:title\" content=\"FastGas Sahnesiphon: Perfekte Sch\u00e4ume &amp; Cremes | FastGas\" \/>\n<meta property=\"og:description\" content=\"Verfeinern Sie Ihre kulinarischen oder Bar-Kreationen mit dem FastGas Sahnesiphon \u2013 perfekt f\u00fcr Schlagsahne, Sch\u00e4ume und Espumas. Nur f\u00fcr kalte Mischungen geeignet.\" \/>\n<meta property=\"og:url\" content=\"https:\/\/fast-gas.com\/de\/produkt\/sahnesiphon\/\" \/>\n<meta property=\"og:site_name\" content=\"FastGas\" \/>\n<meta property=\"article:publisher\" content=\"https:\/\/facebook.com\/wearefastgas\" \/>\n<meta property=\"article:modified_time\" content=\"2025-10-30T14:57:09+00:00\" \/>\n<meta property=\"og:image\" content=\"https:\/\/fast-gas.com\/wp-content\/uploads\/2025\/03\/3.png\" \/>\n\t<meta property=\"og:image:width\" content=\"750\" \/>\n\t<meta property=\"og:image:height\" content=\"750\" \/>\n\t<meta property=\"og:image:type\" content=\"image\/png\" \/>\n<meta name=\"twitter:card\" content=\"summary_large_image\" \/>\n<meta name=\"twitter:label1\" content=\"Est. reading time\" \/>\n\t<meta name=\"twitter:data1\" content=\"1 minute\" \/>\n<script type=\"application\/ld+json\" class=\"yoast-schema-graph\">{\"@context\":\"https:\/\/schema.org\",\"@graph\":[{\"@type\":[\"WebPage\",\"ItemPage\"],\"@id\":\"https:\/\/fast-gas.com\/de\/produkt\/sahnesiphon\/\",\"url\":\"https:\/\/fast-gas.com\/de\/produkt\/sahnesiphon\/\",\"name\":\"FastGas Sahnesiphon: Perfekte Sch\u00e4ume & Cremes | FastGas\",\"isPartOf\":{\"@id\":\"https:\/\/fast-gas.com\/de\/#website\"},\"primaryImageOfPage\":{\"@id\":\"https:\/\/fast-gas.com\/de\/produkt\/sahnesiphon\/#primaryimage\"},\"image\":{\"@id\":\"https:\/\/fast-gas.com\/de\/produkt\/sahnesiphon\/#primaryimage\"},\"thumbnailUrl\":\"https:\/\/fast-gas.com\/wp-content\/uploads\/2025\/03\/3.png\",\"datePublished\":\"2025-03-18T12:26:42+00:00\",\"dateModified\":\"2025-10-30T14:57:09+00:00\",\"description\":\"Verfeinern Sie Ihre kulinarischen oder Bar-Kreationen mit dem FastGas Sahnesiphon \u2013 perfekt f\u00fcr Schlagsahne, Sch\u00e4ume und Espumas. Nur f\u00fcr kalte Mischungen geeignet.\",\"breadcrumb\":{\"@id\":\"https:\/\/fast-gas.com\/de\/produkt\/sahnesiphon\/#breadcrumb\"},\"inLanguage\":\"de-DE\",\"potentialAction\":[{\"@type\":\"ReadAction\",\"target\":[\"https:\/\/fast-gas.com\/de\/produkt\/sahnesiphon\/\"]}]},{\"@type\":\"ImageObject\",\"inLanguage\":\"de-DE\",\"@id\":\"https:\/\/fast-gas.com\/de\/produkt\/sahnesiphon\/#primaryimage\",\"url\":\"https:\/\/fast-gas.com\/wp-content\/uploads\/2025\/03\/3.png\",\"contentUrl\":\"https:\/\/fast-gas.com\/wp-content\/uploads\/2025\/03\/3.png\",\"width\":750,\"height\":750},{\"@type\":\"BreadcrumbList\",\"@id\":\"https:\/\/fast-gas.com\/de\/produkt\/sahnesiphon\/#breadcrumb\",\"itemListElement\":[{\"@type\":\"ListItem\",\"position\":1,\"name\":\"Home\",\"item\":\"https:\/\/fast-gas.com\/de\/\"},{\"@type\":\"ListItem\",\"position\":2,\"name\":\"Siphon\"}]},{\"@type\":\"WebSite\",\"@id\":\"https:\/\/fast-gas.com\/de\/#website\",\"url\":\"https:\/\/fast-gas.com\/de\/\",\"name\":\"FastGas\",\"description\":\"N2O Cream Chargers\",\"publisher\":{\"@id\":\"https:\/\/fast-gas.com\/de\/#organization\"},\"potentialAction\":[{\"@type\":\"SearchAction\",\"target\":{\"@type\":\"EntryPoint\",\"urlTemplate\":\"https:\/\/fast-gas.com\/de\/?s={search_term_string}\"},\"query-input\":{\"@type\":\"PropertyValueSpecification\",\"valueRequired\":true,\"valueName\":\"search_term_string\"}}],\"inLanguage\":\"de-DE\"},{\"@type\":\"Organization\",\"@id\":\"https:\/\/fast-gas.com\/de\/#organization\",\"name\":\"FastGas - Helium, CO2 & N2O Wholesale\",\"alternateName\":\"Fast Gas\",\"url\":\"https:\/\/fast-gas.com\/de\/\",\"logo\":{\"@type\":\"ImageObject\",\"inLanguage\":\"de-DE\",\"@id\":\"https:\/\/fast-gas.com\/de\/#\/schema\/logo\/image\/\",\"url\":\"https:\/\/fast-gas.com\/wp-content\/uploads\/2025\/03\/cropped-Fastgas-Favicon.png\",\"contentUrl\":\"https:\/\/fast-gas.com\/wp-content\/uploads\/2025\/03\/cropped-Fastgas-Favicon.png\",\"width\":512,\"height\":512,\"caption\":\"FastGas - Helium, CO2 & N2O Wholesale\"},\"image\":{\"@id\":\"https:\/\/fast-gas.com\/de\/#\/schema\/logo\/image\/\"},\"sameAs\":[\"https:\/\/facebook.com\/wearefastgas\",\"https:\/\/www.youtube.com\/channel\/UCV5w9vrihWFu0yM7SZzQfVQ\/videos\",\"https:\/\/instagram.com\/fastgas.official\"]}]}<\/script>\n<!-- \/ Yoast SEO plugin. -->","yoast_head_json":{"title":"FastGas Sahnesiphon: Perfekte Sch\u00e4ume & Cremes | FastGas","description":"Verfeinern Sie Ihre kulinarischen oder Bar-Kreationen mit dem FastGas Sahnesiphon \u2013 perfekt f\u00fcr Schlagsahne, Sch\u00e4ume und Espumas. Nur f\u00fcr kalte Mischungen geeignet.","robots":{"index":"index","follow":"follow","max-snippet":"max-snippet:-1","max-image-preview":"max-image-preview:large","max-video-preview":"max-video-preview:-1"},"canonical":"https:\/\/fast-gas.com\/de\/produkt\/sahnesiphon\/","og_locale":"de_DE","og_type":"article","og_title":"FastGas Sahnesiphon: Perfekte Sch\u00e4ume & Cremes | FastGas","og_description":"Verfeinern Sie Ihre kulinarischen oder Bar-Kreationen mit dem FastGas Sahnesiphon \u2013 perfekt f\u00fcr Schlagsahne, Sch\u00e4ume und Espumas. Nur f\u00fcr kalte Mischungen geeignet.","og_url":"https:\/\/fast-gas.com\/de\/produkt\/sahnesiphon\/","og_site_name":"FastGas","article_publisher":"https:\/\/facebook.com\/wearefastgas","article_modified_time":"2025-10-30T14:57:09+00:00","og_image":[{"width":750,"height":750,"url":"https:\/\/fast-gas.com\/wp-content\/uploads\/2025\/03\/3.png","type":"image\/png"}],"twitter_card":"summary_large_image","twitter_misc":{"Est. reading time":"1 minute"},"schema":{"@context":"https:\/\/schema.org","@graph":[{"@type":["WebPage","ItemPage"],"@id":"https:\/\/fast-gas.com\/de\/produkt\/sahnesiphon\/","url":"https:\/\/fast-gas.com\/de\/produkt\/sahnesiphon\/","name":"FastGas Sahnesiphon: Perfekte Sch\u00e4ume & Cremes | FastGas","isPartOf":{"@id":"https:\/\/fast-gas.com\/de\/#website"},"primaryImageOfPage":{"@id":"https:\/\/fast-gas.com\/de\/produkt\/sahnesiphon\/#primaryimage"},"image":{"@id":"https:\/\/fast-gas.com\/de\/produkt\/sahnesiphon\/#primaryimage"},"thumbnailUrl":"https:\/\/fast-gas.com\/wp-content\/uploads\/2025\/03\/3.png","datePublished":"2025-03-18T12:26:42+00:00","dateModified":"2025-10-30T14:57:09+00:00","description":"Verfeinern Sie Ihre kulinarischen oder Bar-Kreationen mit dem FastGas Sahnesiphon \u2013 perfekt f\u00fcr Schlagsahne, Sch\u00e4ume und Espumas. Nur f\u00fcr kalte Mischungen geeignet.","breadcrumb":{"@id":"https:\/\/fast-gas.com\/de\/produkt\/sahnesiphon\/#breadcrumb"},"inLanguage":"de-DE","potentialAction":[{"@type":"ReadAction","target":["https:\/\/fast-gas.com\/de\/produkt\/sahnesiphon\/"]}]},{"@type":"ImageObject","inLanguage":"de-DE","@id":"https:\/\/fast-gas.com\/de\/produkt\/sahnesiphon\/#primaryimage","url":"https:\/\/fast-gas.com\/wp-content\/uploads\/2025\/03\/3.png","contentUrl":"https:\/\/fast-gas.com\/wp-content\/uploads\/2025\/03\/3.png","width":750,"height":750},{"@type":"BreadcrumbList","@id":"https:\/\/fast-gas.com\/de\/produkt\/sahnesiphon\/#breadcrumb","itemListElement":[{"@type":"ListItem","position":1,"name":"Home","item":"https:\/\/fast-gas.com\/de\/"},{"@type":"ListItem","position":2,"name":"Siphon"}]},{"@type":"WebSite","@id":"https:\/\/fast-gas.com\/de\/#website","url":"https:\/\/fast-gas.com\/de\/","name":"FastGas","description":"N2O Cream Chargers","publisher":{"@id":"https:\/\/fast-gas.com\/de\/#organization"},"potentialAction":[{"@type":"SearchAction","target":{"@type":"EntryPoint","urlTemplate":"https:\/\/fast-gas.com\/de\/?s={search_term_string}"},"query-input":{"@type":"PropertyValueSpecification","valueRequired":true,"valueName":"search_term_string"}}],"inLanguage":"de-DE"},{"@type":"Organization","@id":"https:\/\/fast-gas.com\/de\/#organization","name":"FastGas - Helium, CO2 & N2O Wholesale","alternateName":"Fast Gas","url":"https:\/\/fast-gas.com\/de\/","logo":{"@type":"ImageObject","inLanguage":"de-DE","@id":"https:\/\/fast-gas.com\/de\/#\/schema\/logo\/image\/","url":"https:\/\/fast-gas.com\/wp-content\/uploads\/2025\/03\/cropped-Fastgas-Favicon.png","contentUrl":"https:\/\/fast-gas.com\/wp-content\/uploads\/2025\/03\/cropped-Fastgas-Favicon.png","width":512,"height":512,"caption":"FastGas - Helium, CO2 & N2O Wholesale"},"image":{"@id":"https:\/\/fast-gas.com\/de\/#\/schema\/logo\/image\/"},"sameAs":["https:\/\/facebook.com\/wearefastgas","https:\/\/www.youtube.com\/channel\/UCV5w9vrihWFu0yM7SZzQfVQ\/videos","https:\/\/instagram.com\/fastgas.official"]}]}},"_links":{"self":[{"href":"https:\/\/fast-gas.com\/de\/wp-json\/wp\/v2\/product\/42134","targetHints":{"allow":["GET"]}}],"collection":[{"href":"https:\/\/fast-gas.com\/de\/wp-json\/wp\/v2\/product"}],"about":[{"href":"https:\/\/fast-gas.com\/de\/wp-json\/wp\/v2\/types\/product"}],"wp:featuredmedia":[{"embeddable":true,"href":"https:\/\/fast-gas.com\/de\/wp-json\/wp\/v2\/media\/42736"}],"wp:attachment":[{"href":"https:\/\/fast-gas.com\/de\/wp-json\/wp\/v2\/media?parent=42134"}],"wp:term":[{"taxonomy":"product_brand","embeddable":true,"href":"https:\/\/fast-gas.com\/de\/wp-json\/wp\/v2\/product_brand?post=42134"},{"taxonomy":"product_cat","embeddable":true,"href":"https:\/\/fast-gas.com\/de\/wp-json\/wp\/v2\/product_cat?post=42134"},{"taxonomy":"product_tag","embeddable":true,"href":"https:\/\/fast-gas.com\/de\/wp-json\/wp\/v2\/product_tag?post=42134"}],"curies":[{"name":"wp","href":"https:\/\/api.w.org\/{rel}","templated":true}]}}