{"id":35998,"date":"2024-06-12T13:25:43","date_gmt":"2024-06-12T11:25:43","guid":{"rendered":"https:\/\/fast-gas.com\/?post_type=product&#038;p=35998"},"modified":"2025-10-30T15:45:07","modified_gmt":"2025-10-30T14:45:07","slug":"fastgas-creamer","status":"publish","type":"product","link":"https:\/\/fast-gas.com\/de\/produkt\/fastgas-creamer\/","title":{"rendered":"FastGas Creamer"},"excerpt":{"rendered":"<p>Unser ultimatives Bar- und K\u00fcchenaccessoire.<\/p>\n<p>Ein innovativer N2O-Spender, speziell entwickelt f\u00fcr die Herstellung von Schlagsahne, kalten Sch\u00e4umen und So\u00dfen. Kompatibel mit unserem FastGas 670g-Kanister.<\/p>\n<p>Egal, ob Sie ein Profi sind oder zu Hause Dinge ausprobieren, die Creamer-Maschine ist darauf ausgelegt, Ihre Kreativit\u00e4t zu entfesseln.<\/p>\n<p>Die EMPFOHLENE UNVERBINDLICHE PREIS ist 89,90 \u20ac<\/p>\n<p>Syphons werden separat verkauft.<\/p>\n","protected":false},"featured_media":42725,"template":"","meta":{"_acf_changed":false},"product_brand":[],"product_cat":[499,454,453],"product_tag":[],"class_list":{"0":"post-35998","1":"product","2":"type-product","3":"status-publish","4":"has-post-thumbnail","6":"product_cat-alle","7":"product_cat-distickstoffmonoxid-de","8":"product_cat-sahnekapseln-de","10":"first","11":"instock","12":"taxable","13":"shipping-taxable","14":"product-type-simple"},"acf":[],"yoast_head":"<!-- This site is optimized with the Yoast SEO plugin v27.2 - https:\/\/yoast.com\/product\/yoast-seo-wordpress\/ -->\n<title>FastGas Sahnebereiter | FastGas<\/title>\n<meta name=\"description\" content=\"Der FastGas Sahnebereiter ist ein innovativer N2O-Spender, ma\u00dfgeschneidert f\u00fcr die Herstellung von Sahne, Espumas f\u00fcr Cocktails, Sch\u00e4ume und So\u00dfen.\" \/>\n<meta name=\"robots\" content=\"index, follow, max-snippet:-1, max-image-preview:large, max-video-preview:-1\" \/>\n<link rel=\"canonical\" href=\"https:\/\/fast-gas.com\/de\/produkt\/fastgas-creamer\/\" \/>\n<meta property=\"og:locale\" content=\"de_DE\" \/>\n<meta property=\"og:type\" content=\"article\" \/>\n<meta property=\"og:title\" content=\"FastGas Sahnebereiter | FastGas\" \/>\n<meta property=\"og:description\" content=\"Der FastGas Sahnebereiter ist ein innovativer N2O-Spender, ma\u00dfgeschneidert f\u00fcr die Herstellung von Sahne, Espumas f\u00fcr Cocktails, Sch\u00e4ume und So\u00dfen.\" \/>\n<meta property=\"og:url\" content=\"https:\/\/fast-gas.com\/de\/produkt\/fastgas-creamer\/\" \/>\n<meta property=\"og:site_name\" content=\"FastGas\" \/>\n<meta property=\"article:publisher\" content=\"https:\/\/facebook.com\/wearefastgas\" \/>\n<meta property=\"article:modified_time\" content=\"2025-10-30T14:45:07+00:00\" \/>\n<meta property=\"og:image\" content=\"https:\/\/fast-gas.com\/wp-content\/uploads\/2024\/06\/fg-new-branding-670-original.png\" \/>\n\t<meta property=\"og:image:width\" content=\"750\" \/>\n\t<meta property=\"og:image:height\" content=\"750\" \/>\n\t<meta property=\"og:image:type\" content=\"image\/png\" \/>\n<meta name=\"twitter:card\" content=\"summary_large_image\" \/>\n<meta name=\"twitter:label1\" content=\"Est. reading time\" \/>\n\t<meta name=\"twitter:data1\" content=\"1 minute\" \/>\n<script type=\"application\/ld+json\" class=\"yoast-schema-graph\">{\"@context\":\"https:\/\/schema.org\",\"@graph\":[{\"@type\":[\"WebPage\",\"ItemPage\"],\"@id\":\"https:\/\/fast-gas.com\/de\/produkt\/fastgas-creamer\/\",\"url\":\"https:\/\/fast-gas.com\/de\/produkt\/fastgas-creamer\/\",\"name\":\"FastGas Sahnebereiter | FastGas\",\"isPartOf\":{\"@id\":\"https:\/\/fast-gas.com\/de\/#website\"},\"primaryImageOfPage\":{\"@id\":\"https:\/\/fast-gas.com\/de\/produkt\/fastgas-creamer\/#primaryimage\"},\"image\":{\"@id\":\"https:\/\/fast-gas.com\/de\/produkt\/fastgas-creamer\/#primaryimage\"},\"thumbnailUrl\":\"https:\/\/fast-gas.com\/wp-content\/uploads\/2024\/06\/fg-new-branding-670-original.png\",\"datePublished\":\"2024-06-12T11:25:43+00:00\",\"dateModified\":\"2025-10-30T14:45:07+00:00\",\"description\":\"Der FastGas Sahnebereiter ist ein innovativer N2O-Spender, ma\u00dfgeschneidert f\u00fcr die Herstellung von Sahne, Espumas f\u00fcr Cocktails, Sch\u00e4ume und So\u00dfen.\",\"breadcrumb\":{\"@id\":\"https:\/\/fast-gas.com\/de\/produkt\/fastgas-creamer\/#breadcrumb\"},\"inLanguage\":\"de-DE\",\"potentialAction\":[{\"@type\":\"ReadAction\",\"target\":[\"https:\/\/fast-gas.com\/de\/produkt\/fastgas-creamer\/\"]}]},{\"@type\":\"ImageObject\",\"inLanguage\":\"de-DE\",\"@id\":\"https:\/\/fast-gas.com\/de\/produkt\/fastgas-creamer\/#primaryimage\",\"url\":\"https:\/\/fast-gas.com\/wp-content\/uploads\/2024\/06\/fg-new-branding-670-original.png\",\"contentUrl\":\"https:\/\/fast-gas.com\/wp-content\/uploads\/2024\/06\/fg-new-branding-670-original.png\",\"width\":750,\"height\":750},{\"@type\":\"BreadcrumbList\",\"@id\":\"https:\/\/fast-gas.com\/de\/produkt\/fastgas-creamer\/#breadcrumb\",\"itemListElement\":[{\"@type\":\"ListItem\",\"position\":1,\"name\":\"Home\",\"item\":\"https:\/\/fast-gas.com\/de\/\"},{\"@type\":\"ListItem\",\"position\":2,\"name\":\"FastGas Creamer\"}]},{\"@type\":\"WebSite\",\"@id\":\"https:\/\/fast-gas.com\/de\/#website\",\"url\":\"https:\/\/fast-gas.com\/de\/\",\"name\":\"FastGas\",\"description\":\"N2O Cream Chargers\",\"publisher\":{\"@id\":\"https:\/\/fast-gas.com\/de\/#organization\"},\"potentialAction\":[{\"@type\":\"SearchAction\",\"target\":{\"@type\":\"EntryPoint\",\"urlTemplate\":\"https:\/\/fast-gas.com\/de\/?s={search_term_string}\"},\"query-input\":{\"@type\":\"PropertyValueSpecification\",\"valueRequired\":true,\"valueName\":\"search_term_string\"}}],\"inLanguage\":\"de-DE\"},{\"@type\":\"Organization\",\"@id\":\"https:\/\/fast-gas.com\/de\/#organization\",\"name\":\"FastGas - Helium, CO2 & N2O Wholesale\",\"alternateName\":\"Fast Gas\",\"url\":\"https:\/\/fast-gas.com\/de\/\",\"logo\":{\"@type\":\"ImageObject\",\"inLanguage\":\"de-DE\",\"@id\":\"https:\/\/fast-gas.com\/de\/#\/schema\/logo\/image\/\",\"url\":\"https:\/\/fast-gas.com\/wp-content\/uploads\/2025\/03\/cropped-Fastgas-Favicon.png\",\"contentUrl\":\"https:\/\/fast-gas.com\/wp-content\/uploads\/2025\/03\/cropped-Fastgas-Favicon.png\",\"width\":512,\"height\":512,\"caption\":\"FastGas - Helium, CO2 & N2O Wholesale\"},\"image\":{\"@id\":\"https:\/\/fast-gas.com\/de\/#\/schema\/logo\/image\/\"},\"sameAs\":[\"https:\/\/facebook.com\/wearefastgas\",\"https:\/\/www.youtube.com\/channel\/UCV5w9vrihWFu0yM7SZzQfVQ\/videos\",\"https:\/\/instagram.com\/fastgas.official\"]}]}<\/script>\n<!-- \/ Yoast SEO plugin. -->","yoast_head_json":{"title":"FastGas Sahnebereiter | FastGas","description":"Der FastGas Sahnebereiter ist ein innovativer N2O-Spender, ma\u00dfgeschneidert f\u00fcr die Herstellung von Sahne, Espumas f\u00fcr Cocktails, Sch\u00e4ume und So\u00dfen.","robots":{"index":"index","follow":"follow","max-snippet":"max-snippet:-1","max-image-preview":"max-image-preview:large","max-video-preview":"max-video-preview:-1"},"canonical":"https:\/\/fast-gas.com\/de\/produkt\/fastgas-creamer\/","og_locale":"de_DE","og_type":"article","og_title":"FastGas Sahnebereiter | FastGas","og_description":"Der FastGas Sahnebereiter ist ein innovativer N2O-Spender, ma\u00dfgeschneidert f\u00fcr die Herstellung von Sahne, Espumas f\u00fcr Cocktails, Sch\u00e4ume und So\u00dfen.","og_url":"https:\/\/fast-gas.com\/de\/produkt\/fastgas-creamer\/","og_site_name":"FastGas","article_publisher":"https:\/\/facebook.com\/wearefastgas","article_modified_time":"2025-10-30T14:45:07+00:00","og_image":[{"width":750,"height":750,"url":"https:\/\/fast-gas.com\/wp-content\/uploads\/2024\/06\/fg-new-branding-670-original.png","type":"image\/png"}],"twitter_card":"summary_large_image","twitter_misc":{"Est. reading time":"1 minute"},"schema":{"@context":"https:\/\/schema.org","@graph":[{"@type":["WebPage","ItemPage"],"@id":"https:\/\/fast-gas.com\/de\/produkt\/fastgas-creamer\/","url":"https:\/\/fast-gas.com\/de\/produkt\/fastgas-creamer\/","name":"FastGas Sahnebereiter | FastGas","isPartOf":{"@id":"https:\/\/fast-gas.com\/de\/#website"},"primaryImageOfPage":{"@id":"https:\/\/fast-gas.com\/de\/produkt\/fastgas-creamer\/#primaryimage"},"image":{"@id":"https:\/\/fast-gas.com\/de\/produkt\/fastgas-creamer\/#primaryimage"},"thumbnailUrl":"https:\/\/fast-gas.com\/wp-content\/uploads\/2024\/06\/fg-new-branding-670-original.png","datePublished":"2024-06-12T11:25:43+00:00","dateModified":"2025-10-30T14:45:07+00:00","description":"Der FastGas Sahnebereiter ist ein innovativer N2O-Spender, ma\u00dfgeschneidert f\u00fcr die Herstellung von Sahne, Espumas f\u00fcr Cocktails, Sch\u00e4ume und So\u00dfen.","breadcrumb":{"@id":"https:\/\/fast-gas.com\/de\/produkt\/fastgas-creamer\/#breadcrumb"},"inLanguage":"de-DE","potentialAction":[{"@type":"ReadAction","target":["https:\/\/fast-gas.com\/de\/produkt\/fastgas-creamer\/"]}]},{"@type":"ImageObject","inLanguage":"de-DE","@id":"https:\/\/fast-gas.com\/de\/produkt\/fastgas-creamer\/#primaryimage","url":"https:\/\/fast-gas.com\/wp-content\/uploads\/2024\/06\/fg-new-branding-670-original.png","contentUrl":"https:\/\/fast-gas.com\/wp-content\/uploads\/2024\/06\/fg-new-branding-670-original.png","width":750,"height":750},{"@type":"BreadcrumbList","@id":"https:\/\/fast-gas.com\/de\/produkt\/fastgas-creamer\/#breadcrumb","itemListElement":[{"@type":"ListItem","position":1,"name":"Home","item":"https:\/\/fast-gas.com\/de\/"},{"@type":"ListItem","position":2,"name":"FastGas Creamer"}]},{"@type":"WebSite","@id":"https:\/\/fast-gas.com\/de\/#website","url":"https:\/\/fast-gas.com\/de\/","name":"FastGas","description":"N2O Cream Chargers","publisher":{"@id":"https:\/\/fast-gas.com\/de\/#organization"},"potentialAction":[{"@type":"SearchAction","target":{"@type":"EntryPoint","urlTemplate":"https:\/\/fast-gas.com\/de\/?s={search_term_string}"},"query-input":{"@type":"PropertyValueSpecification","valueRequired":true,"valueName":"search_term_string"}}],"inLanguage":"de-DE"},{"@type":"Organization","@id":"https:\/\/fast-gas.com\/de\/#organization","name":"FastGas - Helium, CO2 & N2O Wholesale","alternateName":"Fast Gas","url":"https:\/\/fast-gas.com\/de\/","logo":{"@type":"ImageObject","inLanguage":"de-DE","@id":"https:\/\/fast-gas.com\/de\/#\/schema\/logo\/image\/","url":"https:\/\/fast-gas.com\/wp-content\/uploads\/2025\/03\/cropped-Fastgas-Favicon.png","contentUrl":"https:\/\/fast-gas.com\/wp-content\/uploads\/2025\/03\/cropped-Fastgas-Favicon.png","width":512,"height":512,"caption":"FastGas - Helium, CO2 & N2O Wholesale"},"image":{"@id":"https:\/\/fast-gas.com\/de\/#\/schema\/logo\/image\/"},"sameAs":["https:\/\/facebook.com\/wearefastgas","https:\/\/www.youtube.com\/channel\/UCV5w9vrihWFu0yM7SZzQfVQ\/videos","https:\/\/instagram.com\/fastgas.official"]}]}},"_links":{"self":[{"href":"https:\/\/fast-gas.com\/de\/wp-json\/wp\/v2\/product\/35998","targetHints":{"allow":["GET"]}}],"collection":[{"href":"https:\/\/fast-gas.com\/de\/wp-json\/wp\/v2\/product"}],"about":[{"href":"https:\/\/fast-gas.com\/de\/wp-json\/wp\/v2\/types\/product"}],"wp:featuredmedia":[{"embeddable":true,"href":"https:\/\/fast-gas.com\/de\/wp-json\/wp\/v2\/media\/42725"}],"wp:attachment":[{"href":"https:\/\/fast-gas.com\/de\/wp-json\/wp\/v2\/media?parent=35998"}],"wp:term":[{"taxonomy":"product_brand","embeddable":true,"href":"https:\/\/fast-gas.com\/de\/wp-json\/wp\/v2\/product_brand?post=35998"},{"taxonomy":"product_cat","embeddable":true,"href":"https:\/\/fast-gas.com\/de\/wp-json\/wp\/v2\/product_cat?post=35998"},{"taxonomy":"product_tag","embeddable":true,"href":"https:\/\/fast-gas.com\/de\/wp-json\/wp\/v2\/product_tag?post=35998"}],"curies":[{"name":"wp","href":"https:\/\/api.w.org\/{rel}","templated":true}]}}