{"id":33930,"date":"2023-08-17T08:27:33","date_gmt":"2023-08-17T06:27:33","guid":{"rendered":"https:\/\/fast-gas.com\/product\/fastgas-original-nitrous-oxide-cylinder-2000-grams\/"},"modified":"2025-10-30T16:19:41","modified_gmt":"2025-10-30T15:19:41","slug":"fastgas-original-stickstoffmonoxid-kartusche-2000-gramm","status":"publish","type":"product","link":"https:\/\/fast-gas.com\/de\/produkt\/fastgas-original-stickstoffmonoxid-kartusche-2000-gramm\/","title":{"rendered":"FastGas Sahnekapsel Original 2000g"},"excerpt":{"rendered":"<p>Unsere Kartusche mit der gr\u00f6\u00dften Kapazit\u00e4t kommt in einer praktischen Gr\u00f6\u00dfe und mit einem handlichen Tragegurt.<\/p>\n<p>Mit europ\u00e4ischem Qualit\u00e4ts-Stickstoffmonoxid bis zum Rand gef\u00fcllt und hergestellt gem\u00e4\u00df strenger Sicherheitsprotokolle.<\/p>\n<p>FastGas sorgt f\u00fcr die fluffigste Schlagsahne, Espumas f\u00fcr Cocktails, Saucen und mehr.<\/p>\n<p>Das neue Design beinhaltet einen Verifizierungs-QR-Code. <a href=\"https:\/\/fast-gas.com\/de\/verify\/\">Erfahren Sie, wie Sie Ihre Flasche \u00fcberpr\u00fcfen<\/a>.<\/p>\n<p><strong>*Jede Palette mit 2 kg enth\u00e4lt 162 Kartons (1 Beh\u00e4lter pro Karton)<\/strong><\/p>\n","protected":false},"featured_media":47717,"template":"","meta":{"_acf_changed":false},"product_brand":[],"product_cat":[499,454,453],"product_tag":[],"class_list":{"0":"post-33930","1":"product","2":"type-product","3":"status-publish","4":"has-post-thumbnail","6":"product_cat-alle","7":"product_cat-distickstoffmonoxid-de","8":"product_cat-sahnekapseln-de","10":"first","11":"instock","12":"taxable","13":"shipping-taxable","14":"product-type-simple"},"acf":[],"yoast_head":"<!-- This site is optimized with the Yoast SEO plugin v27.2 - https:\/\/yoast.com\/product\/yoast-seo-wordpress\/ -->\n<title>FastGas Original Distickstoffoxid-Kartusche - 2000 Gramm | FastGas<\/title>\n<meta name=\"description\" content=\"Sahne herstellen mit der FastGas N2O-Kartusche | 2000g - die Ladung mit der h\u00f6chsten Kapazit\u00e4t | Perfekt f\u00fcr Kuchen, Cocktails. Jetzt bestellen!\" \/>\n<meta name=\"robots\" content=\"index, follow, max-snippet:-1, max-image-preview:large, max-video-preview:-1\" \/>\n<link rel=\"canonical\" href=\"https:\/\/fast-gas.com\/de\/produkt\/fastgas-original-stickstoffmonoxid-kartusche-2000-gramm\/\" \/>\n<meta property=\"og:locale\" content=\"de_DE\" \/>\n<meta property=\"og:type\" content=\"article\" \/>\n<meta property=\"og:title\" content=\"FastGas Original Distickstoffoxid-Kartusche - 2000 Gramm | FastGas\" \/>\n<meta property=\"og:description\" content=\"Sahne herstellen mit der FastGas N2O-Kartusche | 2000g - die Ladung mit der h\u00f6chsten Kapazit\u00e4t | Perfekt f\u00fcr Kuchen, Cocktails. Jetzt bestellen!\" \/>\n<meta property=\"og:url\" content=\"https:\/\/fast-gas.com\/de\/produkt\/fastgas-original-stickstoffmonoxid-kartusche-2000-gramm\/\" \/>\n<meta property=\"og:site_name\" content=\"FastGas\" \/>\n<meta property=\"article:publisher\" content=\"https:\/\/facebook.com\/wearefastgas\" \/>\n<meta property=\"article:modified_time\" content=\"2025-10-30T15:19:41+00:00\" \/>\n<meta property=\"og:image\" content=\"https:\/\/fast-gas.com\/wp-content\/uploads\/2023\/08\/PRODUCT-PAGE_2000_front-view.png\" \/>\n\t<meta property=\"og:image:width\" content=\"750\" \/>\n\t<meta property=\"og:image:height\" content=\"750\" \/>\n\t<meta property=\"og:image:type\" content=\"image\/png\" \/>\n<meta name=\"twitter:card\" content=\"summary_large_image\" \/>\n<meta name=\"twitter:label1\" content=\"Est. reading time\" \/>\n\t<meta name=\"twitter:data1\" content=\"1 minute\" \/>\n<script type=\"application\/ld+json\" class=\"yoast-schema-graph\">{\"@context\":\"https:\/\/schema.org\",\"@graph\":[{\"@type\":[\"WebPage\",\"ItemPage\"],\"@id\":\"https:\/\/fast-gas.com\/de\/produkt\/fastgas-original-stickstoffmonoxid-kartusche-2000-gramm\/\",\"url\":\"https:\/\/fast-gas.com\/de\/produkt\/fastgas-original-stickstoffmonoxid-kartusche-2000-gramm\/\",\"name\":\"FastGas Original Distickstoffoxid-Kartusche - 2000 Gramm | FastGas\",\"isPartOf\":{\"@id\":\"https:\/\/fast-gas.com\/de\/#website\"},\"primaryImageOfPage\":{\"@id\":\"https:\/\/fast-gas.com\/de\/produkt\/fastgas-original-stickstoffmonoxid-kartusche-2000-gramm\/#primaryimage\"},\"image\":{\"@id\":\"https:\/\/fast-gas.com\/de\/produkt\/fastgas-original-stickstoffmonoxid-kartusche-2000-gramm\/#primaryimage\"},\"thumbnailUrl\":\"https:\/\/fast-gas.com\/wp-content\/uploads\/2023\/08\/PRODUCT-PAGE_2000_front-view.png\",\"datePublished\":\"2023-08-17T06:27:33+00:00\",\"dateModified\":\"2025-10-30T15:19:41+00:00\",\"description\":\"Sahne herstellen mit der FastGas N2O-Kartusche | 2000g - die Ladung mit der h\u00f6chsten Kapazit\u00e4t | Perfekt f\u00fcr Kuchen, Cocktails. Jetzt bestellen!\",\"breadcrumb\":{\"@id\":\"https:\/\/fast-gas.com\/de\/produkt\/fastgas-original-stickstoffmonoxid-kartusche-2000-gramm\/#breadcrumb\"},\"inLanguage\":\"de-DE\",\"potentialAction\":[{\"@type\":\"ReadAction\",\"target\":[\"https:\/\/fast-gas.com\/de\/produkt\/fastgas-original-stickstoffmonoxid-kartusche-2000-gramm\/\"]}]},{\"@type\":\"ImageObject\",\"inLanguage\":\"de-DE\",\"@id\":\"https:\/\/fast-gas.com\/de\/produkt\/fastgas-original-stickstoffmonoxid-kartusche-2000-gramm\/#primaryimage\",\"url\":\"https:\/\/fast-gas.com\/wp-content\/uploads\/2023\/08\/PRODUCT-PAGE_2000_front-view.png\",\"contentUrl\":\"https:\/\/fast-gas.com\/wp-content\/uploads\/2023\/08\/PRODUCT-PAGE_2000_front-view.png\",\"width\":750,\"height\":750},{\"@type\":\"BreadcrumbList\",\"@id\":\"https:\/\/fast-gas.com\/de\/produkt\/fastgas-original-stickstoffmonoxid-kartusche-2000-gramm\/#breadcrumb\",\"itemListElement\":[{\"@type\":\"ListItem\",\"position\":1,\"name\":\"Home\",\"item\":\"https:\/\/fast-gas.com\/de\/\"},{\"@type\":\"ListItem\",\"position\":2,\"name\":\"FastGas Sahnekapsel Original 2000g\"}]},{\"@type\":\"WebSite\",\"@id\":\"https:\/\/fast-gas.com\/de\/#website\",\"url\":\"https:\/\/fast-gas.com\/de\/\",\"name\":\"FastGas\",\"description\":\"N2O Cream Chargers\",\"publisher\":{\"@id\":\"https:\/\/fast-gas.com\/de\/#organization\"},\"potentialAction\":[{\"@type\":\"SearchAction\",\"target\":{\"@type\":\"EntryPoint\",\"urlTemplate\":\"https:\/\/fast-gas.com\/de\/?s={search_term_string}\"},\"query-input\":{\"@type\":\"PropertyValueSpecification\",\"valueRequired\":true,\"valueName\":\"search_term_string\"}}],\"inLanguage\":\"de-DE\"},{\"@type\":\"Organization\",\"@id\":\"https:\/\/fast-gas.com\/de\/#organization\",\"name\":\"FastGas - Helium, CO2 & N2O Wholesale\",\"alternateName\":\"Fast Gas\",\"url\":\"https:\/\/fast-gas.com\/de\/\",\"logo\":{\"@type\":\"ImageObject\",\"inLanguage\":\"de-DE\",\"@id\":\"https:\/\/fast-gas.com\/de\/#\/schema\/logo\/image\/\",\"url\":\"https:\/\/fast-gas.com\/wp-content\/uploads\/2025\/03\/cropped-Fastgas-Favicon.png\",\"contentUrl\":\"https:\/\/fast-gas.com\/wp-content\/uploads\/2025\/03\/cropped-Fastgas-Favicon.png\",\"width\":512,\"height\":512,\"caption\":\"FastGas - Helium, CO2 & N2O Wholesale\"},\"image\":{\"@id\":\"https:\/\/fast-gas.com\/de\/#\/schema\/logo\/image\/\"},\"sameAs\":[\"https:\/\/facebook.com\/wearefastgas\",\"https:\/\/www.youtube.com\/channel\/UCV5w9vrihWFu0yM7SZzQfVQ\/videos\",\"https:\/\/instagram.com\/fastgas.official\"]}]}<\/script>\n<!-- \/ Yoast SEO plugin. -->","yoast_head_json":{"title":"FastGas Original Distickstoffoxid-Kartusche - 2000 Gramm | FastGas","description":"Sahne herstellen mit der FastGas N2O-Kartusche | 2000g - die Ladung mit der h\u00f6chsten Kapazit\u00e4t | Perfekt f\u00fcr Kuchen, Cocktails. Jetzt bestellen!","robots":{"index":"index","follow":"follow","max-snippet":"max-snippet:-1","max-image-preview":"max-image-preview:large","max-video-preview":"max-video-preview:-1"},"canonical":"https:\/\/fast-gas.com\/de\/produkt\/fastgas-original-stickstoffmonoxid-kartusche-2000-gramm\/","og_locale":"de_DE","og_type":"article","og_title":"FastGas Original Distickstoffoxid-Kartusche - 2000 Gramm | FastGas","og_description":"Sahne herstellen mit der FastGas N2O-Kartusche | 2000g - die Ladung mit der h\u00f6chsten Kapazit\u00e4t | Perfekt f\u00fcr Kuchen, Cocktails. Jetzt bestellen!","og_url":"https:\/\/fast-gas.com\/de\/produkt\/fastgas-original-stickstoffmonoxid-kartusche-2000-gramm\/","og_site_name":"FastGas","article_publisher":"https:\/\/facebook.com\/wearefastgas","article_modified_time":"2025-10-30T15:19:41+00:00","og_image":[{"width":750,"height":750,"url":"https:\/\/fast-gas.com\/wp-content\/uploads\/2023\/08\/PRODUCT-PAGE_2000_front-view.png","type":"image\/png"}],"twitter_card":"summary_large_image","twitter_misc":{"Est. reading time":"1 minute"},"schema":{"@context":"https:\/\/schema.org","@graph":[{"@type":["WebPage","ItemPage"],"@id":"https:\/\/fast-gas.com\/de\/produkt\/fastgas-original-stickstoffmonoxid-kartusche-2000-gramm\/","url":"https:\/\/fast-gas.com\/de\/produkt\/fastgas-original-stickstoffmonoxid-kartusche-2000-gramm\/","name":"FastGas Original Distickstoffoxid-Kartusche - 2000 Gramm | FastGas","isPartOf":{"@id":"https:\/\/fast-gas.com\/de\/#website"},"primaryImageOfPage":{"@id":"https:\/\/fast-gas.com\/de\/produkt\/fastgas-original-stickstoffmonoxid-kartusche-2000-gramm\/#primaryimage"},"image":{"@id":"https:\/\/fast-gas.com\/de\/produkt\/fastgas-original-stickstoffmonoxid-kartusche-2000-gramm\/#primaryimage"},"thumbnailUrl":"https:\/\/fast-gas.com\/wp-content\/uploads\/2023\/08\/PRODUCT-PAGE_2000_front-view.png","datePublished":"2023-08-17T06:27:33+00:00","dateModified":"2025-10-30T15:19:41+00:00","description":"Sahne herstellen mit der FastGas N2O-Kartusche | 2000g - die Ladung mit der h\u00f6chsten Kapazit\u00e4t | Perfekt f\u00fcr Kuchen, Cocktails. Jetzt bestellen!","breadcrumb":{"@id":"https:\/\/fast-gas.com\/de\/produkt\/fastgas-original-stickstoffmonoxid-kartusche-2000-gramm\/#breadcrumb"},"inLanguage":"de-DE","potentialAction":[{"@type":"ReadAction","target":["https:\/\/fast-gas.com\/de\/produkt\/fastgas-original-stickstoffmonoxid-kartusche-2000-gramm\/"]}]},{"@type":"ImageObject","inLanguage":"de-DE","@id":"https:\/\/fast-gas.com\/de\/produkt\/fastgas-original-stickstoffmonoxid-kartusche-2000-gramm\/#primaryimage","url":"https:\/\/fast-gas.com\/wp-content\/uploads\/2023\/08\/PRODUCT-PAGE_2000_front-view.png","contentUrl":"https:\/\/fast-gas.com\/wp-content\/uploads\/2023\/08\/PRODUCT-PAGE_2000_front-view.png","width":750,"height":750},{"@type":"BreadcrumbList","@id":"https:\/\/fast-gas.com\/de\/produkt\/fastgas-original-stickstoffmonoxid-kartusche-2000-gramm\/#breadcrumb","itemListElement":[{"@type":"ListItem","position":1,"name":"Home","item":"https:\/\/fast-gas.com\/de\/"},{"@type":"ListItem","position":2,"name":"FastGas Sahnekapsel Original 2000g"}]},{"@type":"WebSite","@id":"https:\/\/fast-gas.com\/de\/#website","url":"https:\/\/fast-gas.com\/de\/","name":"FastGas","description":"N2O Cream Chargers","publisher":{"@id":"https:\/\/fast-gas.com\/de\/#organization"},"potentialAction":[{"@type":"SearchAction","target":{"@type":"EntryPoint","urlTemplate":"https:\/\/fast-gas.com\/de\/?s={search_term_string}"},"query-input":{"@type":"PropertyValueSpecification","valueRequired":true,"valueName":"search_term_string"}}],"inLanguage":"de-DE"},{"@type":"Organization","@id":"https:\/\/fast-gas.com\/de\/#organization","name":"FastGas - Helium, CO2 & N2O Wholesale","alternateName":"Fast Gas","url":"https:\/\/fast-gas.com\/de\/","logo":{"@type":"ImageObject","inLanguage":"de-DE","@id":"https:\/\/fast-gas.com\/de\/#\/schema\/logo\/image\/","url":"https:\/\/fast-gas.com\/wp-content\/uploads\/2025\/03\/cropped-Fastgas-Favicon.png","contentUrl":"https:\/\/fast-gas.com\/wp-content\/uploads\/2025\/03\/cropped-Fastgas-Favicon.png","width":512,"height":512,"caption":"FastGas - Helium, CO2 & N2O Wholesale"},"image":{"@id":"https:\/\/fast-gas.com\/de\/#\/schema\/logo\/image\/"},"sameAs":["https:\/\/facebook.com\/wearefastgas","https:\/\/www.youtube.com\/channel\/UCV5w9vrihWFu0yM7SZzQfVQ\/videos","https:\/\/instagram.com\/fastgas.official"]}]}},"_links":{"self":[{"href":"https:\/\/fast-gas.com\/de\/wp-json\/wp\/v2\/product\/33930","targetHints":{"allow":["GET"]}}],"collection":[{"href":"https:\/\/fast-gas.com\/de\/wp-json\/wp\/v2\/product"}],"about":[{"href":"https:\/\/fast-gas.com\/de\/wp-json\/wp\/v2\/types\/product"}],"wp:featuredmedia":[{"embeddable":true,"href":"https:\/\/fast-gas.com\/de\/wp-json\/wp\/v2\/media\/47717"}],"wp:attachment":[{"href":"https:\/\/fast-gas.com\/de\/wp-json\/wp\/v2\/media?parent=33930"}],"wp:term":[{"taxonomy":"product_brand","embeddable":true,"href":"https:\/\/fast-gas.com\/de\/wp-json\/wp\/v2\/product_brand?post=33930"},{"taxonomy":"product_cat","embeddable":true,"href":"https:\/\/fast-gas.com\/de\/wp-json\/wp\/v2\/product_cat?post=33930"},{"taxonomy":"product_tag","embeddable":true,"href":"https:\/\/fast-gas.com\/de\/wp-json\/wp\/v2\/product_tag?post=33930"}],"curies":[{"name":"wp","href":"https:\/\/api.w.org\/{rel}","templated":true}]}}