{"id":15445,"date":"2022-03-17T11:54:13","date_gmt":"2022-03-17T11:54:13","guid":{"rendered":"https:\/\/fast-gas.com\/?page_id=15445"},"modified":"2025-02-27T07:31:20","modified_gmt":"2025-02-27T07:31:20","slug":"top-5-der-lieferanten-von-sahnekapseln-in-deutschland","status":"publish","type":"page","link":"https:\/\/fast-gas.com\/de\/top-5-der-lieferanten-von-sahnekapseln-in-deutschland\/","title":{"rendered":"Top 5 der Lieferanten von sahnekapseln in Deutschland"},"content":{"rendered":"<p><a href=\"https:\/\/fast-gas.com\/de\/benutzerfreundlichkeit-eines-sahne-siphon\/\">Sahne-siphons<\/a> sind nicht nur ideal f\u00fcr die Dekoration eines Desserts mit Schlagsahne, sondern auch sehr einfach in der Handhabung. Wichtig ist jedoch, dass Sie gen\u00fcgend kleine 8g-Sahnekapseln oder <a href=\"https:\/\/fast-gas.com\/de\/produkt\/fastgas-original-stickstoffoxid-zylinder\/\"><strong>sahnekapseln<\/strong> wie Fastgas haben<\/a>, denn ohne diese Patronen funktioniert die Spritze nicht. Sie m\u00f6chten Ihre Mischung mit Sahneladeger\u00e4ten bel\u00fcften und wissen noch nicht, wo Sie diese kaufen k\u00f6nnen? Nachstehend finden Sie eine Liste der f\u00fcnf gr\u00f6\u00dften Anbieter von <strong>sahnekapseln<\/strong> in Deutschland.<\/p>\n<p style=\"text-align: center;\"><a class=\"button button--primary hero__button\" href=\"https:\/\/fast-gas.com\/de\/verteiler\/\">Werden Sie Vertriebspartner<\/a><\/p>\n<h2>Cream Deluxe<\/h2>\n<p>Cream Deluxe vertreibt eine eigene Marke von Cream Deluxe Sahnekapseln mit insgesamt 615 Gramm Distickstoffmonoxid. Seit kurzem hat Cream Deluxe ihren Online-Webshop geschlossen, so dass, wenn Sie f\u00fcr eine Alternative zu den Cream Deluxe Sahnekapseln suchen, \u00fcberpr\u00fcfen Sie die <a href=\"https:\/\/fast-gas.com\/de\/produkt\/fastgas-original-stickstoffoxid-zylinder\/\">Fast Gas 615 Gramm Distickstoffmonoxid Sahnekapseln<\/a>.<\/p>\n<ul>\n<li>Hohe Kundenbewertungen.<\/li>\n<li>Gute Sonderangebote verf\u00fcgbar.<\/li>\n<li>Gro\u00dfe Rabattboxen bei Cream Deluxe.<\/li>\n<li>Ziemlich hohe Versandkosten.<\/li>\n<li>Eine echte direkte Garantievereinbarung<\/li>\n<\/ul>\n<p>Dieser Anbieter richtet sich an Unternehmen des Gastst\u00e4ttengewerbes, die sahnekapseln ben\u00f6tigen. Dar\u00fcber hinaus verkaufen sie alles, was man f\u00fcr ein Catering-Unternehmen braucht. Die Sonderangebote f\u00fcr ihre Produkte betragen bis zu 20 %, was sie zu einem g\u00fcnstigen Anbieter von <a href=\"https:\/\/fast-gas.com\/de\/verwendung-von-615gr-sahnekapseln\/\">Distikstofmonoxide-Sahnekapseln<\/a> macht. Sie haben die Wahl zwischen drei Boxen mit 10, 24 oder 50 Cream Deluxe Gas.<\/p>\n<p>Allerdings sind die Versandkosten im Vergleich zu anderen Anbietern relativ teuer. Schlie\u00dflich bieten sie eine Garantie von bis zu zwei Jahren auf ihre Produkte.<\/p>\n<h2>Amazon.de<\/h2>\n<ul>\n<li>Lieferant mit Schwerpunkt auf Distickstoffoxidpatronen<\/li>\n<li>Wettbewerbsf\u00e4hige Preise mit guten Sonderangeboten<\/li>\n<li>Viele Optionen in der Menge der Schlagsahnepatronen<\/li>\n<li>Kostenloser Versand<\/li>\n<li>Schnelle Lieferung<\/li>\n<\/ul>\n<p><a href=\"https:\/\/www.amazon.de\/\">Amazon.de<\/a> konzentriert sich haupts\u00e4chlich auf alles, was mit <a href=\"https:\/\/fast-gas.com\/de\/wie-zu-verweden-sahnekapseln-offner\/\">Schlagsahnepatronen<\/a> zu tun hat. Sie bieten ihre Produkte zu wettbewerbsf\u00e4higen Preisen an, dank guter Werbeaktionen, die manchmal bis zu 21% g\u00fcnstiger sind! Auch bei der Anzahl der Schlagsahnepatronen haben Sie die Wahl: von 24 bis 300 St\u00fcck. Der kostenlose Versand macht sie zu einem gro\u00dfartigen Anbieter und sie liefern auch schnell. Das Paket wird am n\u00e4chsten Tag verschickt.<\/p>\n<h2>Billiger.de<\/h2>\n<ul>\n<li>Bekannter Laden in Deutschland<\/li>\n<li>Gute Preise<\/li>\n<li>Nur sechs Schlagsahnemuster zur Auswahl<\/li>\n<li>Kostenloser Versand ab 39,95 \u20ac<\/li>\n<li>Schnelle Lieferung oder Abholung in einer Blokker-Filiale<\/li>\n<\/ul>\n<p>Der <a href=\"https:\/\/www.billiger.de\/\">Billiger.de<\/a> ist ein in Deutschland bekannter Shop, der viele Produkte f\u00fcr rund ums Haus anbietet. Dies macht es vertraut, Ihre sahnekapseln hier zu kaufen. Au\u00dferdem sind die Preise gut und sicherlich nicht zu teuer. Es gibt jedoch nur sechs Auswahlm\u00f6glichkeiten, in denen Sie Schlagsahnemuster kaufen m\u00f6chten.<\/p>\n<p>Sie k\u00f6nnen aus 10, 24 oder 50 St\u00fcck verschiedener Marken w\u00e4hlen. Dieser Anbieter bietet auch kostenlosen Versand ab einem Gesamtbetrag von 39,95 Euro an. Schlie\u00dflich erfolgt die Lieferung am n\u00e4chsten Tag oder Sie k\u00f6nnen das Paket noch am selben Tag in einer Billiger.de-Filiale abholen.<\/p>\n<h2>Rossmann.de<\/h2>\n<ul>\n<li>Lieferant, der sich haupts\u00e4chlich auf Kartuschen konzentriert<\/li>\n<li>Konkurrenzf\u00e4hige Preise mit guten Aktionen<\/li>\n<li>Viele Optionen in der Menge der Schlagsahnemuster<\/li>\n<li>Kostenloser Versand<\/li>\n<li>Schnelle Lieferung<\/li>\n<\/ul>\n<p>Rossmann.del konzentriert sich haupts\u00e4chlich auf alles, was mit Mustern zu tun hat. Sie bieten ihre Produkte zu wettbewerbsf\u00e4higen Preisen an, dank guter Werbeaktionen bis zu 21% Rabatt! Es gibt auch viele M\u00f6glichkeiten, wie viele Schlagsahnekartuschen Sie kaufen m\u00f6chten, von 24 bis 300 St\u00fcck. Der kostenlose Versand macht dies zu einem gro\u00dfartigen Lieferanten und sie liefern auch schnell. Das Paket wird am n\u00e4chsten Tag versendet.<\/p>\n<h2>Galeria.de<\/h2>\n<ul>\n<li>Lieferant, der sich auf Unternehmen des Hotelsektors konzentriert.<\/li>\n<li>H\u00e4ufige Werbeaktionen f\u00fcr Ihre Produkte<\/li>\n<li>Wahl zwischen drei Boxen mit 10, 24 und 50 Artikeln<\/li>\n<li>Ziemlich hohe Versandkosten<\/li>\n<li>Garantie bis zu zwei Jahren<\/li>\n<\/ul>\n<p>Dieser Anbieter richtet sich an Unternehmen des Gastgewerbes, die Schlagsahnepatronen ben\u00f6tigen. Dar\u00fcber hinaus verkaufen sie alles, was man f\u00fcr ein Catering-Unternehmen braucht. Die Sonderangebote f\u00fcr ihre Produkte betragen bis zu 20 %, was sie zu einem erschwinglichen Anbieter von Schlagsahnepatronen macht.<\/p>\n<p>Sie k\u00f6nnen zwischen drei Boxen mit 10, 24 oder 50 Einheiten w\u00e4hlen. Allerdings sind die Versandkosten im Vergleich zu anderen Anbietern relativ teuer. Schlie\u00dflich bieten sie eine Garantie von bis zu zwei Jahren auf ihre Produkte.<\/p>\n<p>Wie Sie sehen, gibt es viele verschiedene <a href=\"https:\/\/fast-gas.com\/de\/\">Anbieter von Schlagsahnepatronen auf dem Markt<\/a>, aber dies sind die f\u00fcnf wichtigsten in Spanien. Die Anbieter unterscheiden sich stark voneinander, so dass f\u00fcr jeden etwas dabei ist. Wollen Sie eine gute Garantie und sind Sie bereit, etwas mehr zu bezahlen? Oder bevorzugen Sie billige Produkte mit teuren Versandkosten? Jetzt haben Sie gen\u00fcgend M\u00f6glichkeiten, die Sie in Betracht ziehen k\u00f6nnen.<\/p>\n<p>Wenn Sie daran interessiert sind, mehr \u00fcber Fastgas zu erfahren, folgen Sie <a href=\"https:\/\/fast-gas.com\/de\/blog\/\">unserem Blog<\/a>, um mehr \u00fcber distikstofmonoxide und die Vorz\u00fcge von sahnekapseln zu erfahren.<\/p>\n<p>&nbsp;<\/p>\n<p>&nbsp;<\/p>\n","protected":false},"excerpt":{"rendered":"<p>Sahne-siphons sind nicht nur ideal f\u00fcr die Dekoration eines Desserts mit Schlagsahne, sondern auch sehr einfach in der Handhabung. Wichtig ist jedoch, dass Sie gen\u00fcgend kleine 8g-Sahnekapseln oder sahnekapseln wie Fastgas haben, denn ohne diese Patronen funktioniert die Spritze nicht. Sie m\u00f6chten Ihre Mischung mit Sahneladeger\u00e4ten bel\u00fcften und wissen noch nicht, wo Sie diese kaufen [&hellip;]<\/p>\n","protected":false},"author":5216,"featured_media":15446,"parent":0,"menu_order":0,"comment_status":"closed","ping_status":"closed","template":"","meta":{"_acf_changed":false,"footnotes":""},"class_list":["post-15445","page","type-page","status-publish","has-post-thumbnail","hentry"],"acf":[],"yoast_head":"<!-- This site is optimized with the Yoast SEO plugin v27.2 - https:\/\/yoast.com\/product\/yoast-seo-wordpress\/ -->\n<title>Top 5 der Lieferanten von sahnekapseln in Deutschland | FastGas<\/title>\n<meta name=\"description\" content=\"Sie wollen die besten anbieter von sahnekapseln in Deutschland kennenlernen? schauen sie sich diese liste an!\" \/>\n<meta name=\"robots\" content=\"index, follow, max-snippet:-1, max-image-preview:large, max-video-preview:-1\" \/>\n<link rel=\"canonical\" href=\"https:\/\/fast-gas.com\/de\/top-5-der-lieferanten-von-sahnekapseln-in-deutschland\/\" \/>\n<meta property=\"og:locale\" content=\"de_DE\" \/>\n<meta property=\"og:type\" content=\"article\" \/>\n<meta property=\"og:title\" content=\"Top 5 der Lieferanten von sahnekapseln in Deutschland | FastGas\" \/>\n<meta property=\"og:description\" content=\"Sie wollen die besten anbieter von sahnekapseln in Deutschland kennenlernen? schauen sie sich diese liste an!\" \/>\n<meta property=\"og:url\" content=\"https:\/\/fast-gas.com\/de\/top-5-der-lieferanten-von-sahnekapseln-in-deutschland\/\" \/>\n<meta property=\"og:site_name\" content=\"FastGas\" \/>\n<meta property=\"article:publisher\" content=\"https:\/\/facebook.com\/wearefastgas\" \/>\n<meta property=\"article:modified_time\" content=\"2025-02-27T07:31:20+00:00\" \/>\n<meta property=\"og:image\" content=\"https:\/\/fast-gas.com\/wp-content\/uploads\/2022\/03\/DSC6266-scaled.jpg\" \/>\n\t<meta property=\"og:image:width\" content=\"2560\" \/>\n\t<meta property=\"og:image:height\" content=\"2560\" \/>\n\t<meta property=\"og:image:type\" content=\"image\/jpeg\" \/>\n<meta name=\"twitter:card\" content=\"summary_large_image\" \/>\n<meta name=\"twitter:label1\" content=\"Est. reading time\" \/>\n\t<meta name=\"twitter:data1\" content=\"4 minutes\" \/>\n<script type=\"application\/ld+json\" class=\"yoast-schema-graph\">{\"@context\":\"https:\/\/schema.org\",\"@graph\":[{\"@type\":[\"Article\",\"BlogPosting\"],\"@id\":\"https:\/\/fast-gas.com\/de\/top-5-der-lieferanten-von-sahnekapseln-in-deutschland\/#article\",\"isPartOf\":{\"@id\":\"https:\/\/fast-gas.com\/de\/top-5-der-lieferanten-von-sahnekapseln-in-deutschland\/\"},\"author\":{\"name\":\"Bro FastGas\",\"@id\":\"https:\/\/fast-gas.com\/de\/#\/schema\/person\/4b3a9beffb469faf985fef2c2b684689\"},\"headline\":\"Top 5 der Lieferanten von sahnekapseln in Deutschland\",\"datePublished\":\"2022-03-17T11:54:13+00:00\",\"dateModified\":\"2025-02-27T07:31:20+00:00\",\"mainEntityOfPage\":{\"@id\":\"https:\/\/fast-gas.com\/de\/top-5-der-lieferanten-von-sahnekapseln-in-deutschland\/\"},\"wordCount\":757,\"publisher\":{\"@id\":\"https:\/\/fast-gas.com\/de\/#organization\"},\"image\":{\"@id\":\"https:\/\/fast-gas.com\/de\/top-5-der-lieferanten-von-sahnekapseln-in-deutschland\/#primaryimage\"},\"thumbnailUrl\":\"https:\/\/fast-gas.com\/wp-content\/uploads\/2022\/03\/DSC6266-scaled.jpg\",\"inLanguage\":\"de-DE\"},{\"@type\":\"WebPage\",\"@id\":\"https:\/\/fast-gas.com\/de\/top-5-der-lieferanten-von-sahnekapseln-in-deutschland\/\",\"url\":\"https:\/\/fast-gas.com\/de\/top-5-der-lieferanten-von-sahnekapseln-in-deutschland\/\",\"name\":\"Top 5 der Lieferanten von sahnekapseln in Deutschland | FastGas\",\"isPartOf\":{\"@id\":\"https:\/\/fast-gas.com\/de\/#website\"},\"primaryImageOfPage\":{\"@id\":\"https:\/\/fast-gas.com\/de\/top-5-der-lieferanten-von-sahnekapseln-in-deutschland\/#primaryimage\"},\"image\":{\"@id\":\"https:\/\/fast-gas.com\/de\/top-5-der-lieferanten-von-sahnekapseln-in-deutschland\/#primaryimage\"},\"thumbnailUrl\":\"https:\/\/fast-gas.com\/wp-content\/uploads\/2022\/03\/DSC6266-scaled.jpg\",\"datePublished\":\"2022-03-17T11:54:13+00:00\",\"dateModified\":\"2025-02-27T07:31:20+00:00\",\"description\":\"Sie wollen die besten anbieter von sahnekapseln in Deutschland kennenlernen? schauen sie sich diese liste an!\",\"breadcrumb\":{\"@id\":\"https:\/\/fast-gas.com\/de\/top-5-der-lieferanten-von-sahnekapseln-in-deutschland\/#breadcrumb\"},\"inLanguage\":\"de-DE\",\"potentialAction\":[{\"@type\":\"ReadAction\",\"target\":[\"https:\/\/fast-gas.com\/de\/top-5-der-lieferanten-von-sahnekapseln-in-deutschland\/\"]}]},{\"@type\":\"ImageObject\",\"inLanguage\":\"de-DE\",\"@id\":\"https:\/\/fast-gas.com\/de\/top-5-der-lieferanten-von-sahnekapseln-in-deutschland\/#primaryimage\",\"url\":\"https:\/\/fast-gas.com\/wp-content\/uploads\/2022\/03\/DSC6266-scaled.jpg\",\"contentUrl\":\"https:\/\/fast-gas.com\/wp-content\/uploads\/2022\/03\/DSC6266-scaled.jpg\",\"width\":2560,\"height\":2560,\"caption\":\"sahnekapseln in duitsland - Fastgas\"},{\"@type\":\"BreadcrumbList\",\"@id\":\"https:\/\/fast-gas.com\/de\/top-5-der-lieferanten-von-sahnekapseln-in-deutschland\/#breadcrumb\",\"itemListElement\":[{\"@type\":\"ListItem\",\"position\":1,\"name\":\"Home\",\"item\":\"https:\/\/fast-gas.com\/de\/\"},{\"@type\":\"ListItem\",\"position\":2,\"name\":\"Top 5 der Lieferanten von sahnekapseln in Deutschland\"}]},{\"@type\":\"WebSite\",\"@id\":\"https:\/\/fast-gas.com\/de\/#website\",\"url\":\"https:\/\/fast-gas.com\/de\/\",\"name\":\"FastGas\",\"description\":\"N2O Cream Chargers\",\"publisher\":{\"@id\":\"https:\/\/fast-gas.com\/de\/#organization\"},\"potentialAction\":[{\"@type\":\"SearchAction\",\"target\":{\"@type\":\"EntryPoint\",\"urlTemplate\":\"https:\/\/fast-gas.com\/de\/?s={search_term_string}\"},\"query-input\":{\"@type\":\"PropertyValueSpecification\",\"valueRequired\":true,\"valueName\":\"search_term_string\"}}],\"inLanguage\":\"de-DE\"},{\"@type\":\"Organization\",\"@id\":\"https:\/\/fast-gas.com\/de\/#organization\",\"name\":\"FastGas - Helium, CO2 & N2O Wholesale\",\"alternateName\":\"Fast Gas\",\"url\":\"https:\/\/fast-gas.com\/de\/\",\"logo\":{\"@type\":\"ImageObject\",\"inLanguage\":\"de-DE\",\"@id\":\"https:\/\/fast-gas.com\/de\/#\/schema\/logo\/image\/\",\"url\":\"https:\/\/fast-gas.com\/wp-content\/uploads\/2025\/03\/cropped-Fastgas-Favicon.png\",\"contentUrl\":\"https:\/\/fast-gas.com\/wp-content\/uploads\/2025\/03\/cropped-Fastgas-Favicon.png\",\"width\":512,\"height\":512,\"caption\":\"FastGas - Helium, CO2 & N2O Wholesale\"},\"image\":{\"@id\":\"https:\/\/fast-gas.com\/de\/#\/schema\/logo\/image\/\"},\"sameAs\":[\"https:\/\/facebook.com\/wearefastgas\",\"https:\/\/www.youtube.com\/channel\/UCV5w9vrihWFu0yM7SZzQfVQ\/videos\",\"https:\/\/instagram.com\/fastgas.official\"]},{\"@type\":\"Person\",\"@id\":\"https:\/\/fast-gas.com\/de\/#\/schema\/person\/4b3a9beffb469faf985fef2c2b684689\",\"name\":\"Bro FastGas\",\"description\":\"Meet our Culinary Gas &amp; Tech Editor: pioneering N2O, CO2, and cream charger innovations with recipes, reviews, and cutting-edge insights.\",\"url\":\"https:\/\/fast-gas.com\/de\/author\/iryna\/\"}]}<\/script>\n<!-- \/ Yoast SEO plugin. -->","yoast_head_json":{"title":"Top 5 der Lieferanten von sahnekapseln in Deutschland | FastGas","description":"Sie wollen die besten anbieter von sahnekapseln in Deutschland kennenlernen? schauen sie sich diese liste an!","robots":{"index":"index","follow":"follow","max-snippet":"max-snippet:-1","max-image-preview":"max-image-preview:large","max-video-preview":"max-video-preview:-1"},"canonical":"https:\/\/fast-gas.com\/de\/top-5-der-lieferanten-von-sahnekapseln-in-deutschland\/","og_locale":"de_DE","og_type":"article","og_title":"Top 5 der Lieferanten von sahnekapseln in Deutschland | FastGas","og_description":"Sie wollen die besten anbieter von sahnekapseln in Deutschland kennenlernen? schauen sie sich diese liste an!","og_url":"https:\/\/fast-gas.com\/de\/top-5-der-lieferanten-von-sahnekapseln-in-deutschland\/","og_site_name":"FastGas","article_publisher":"https:\/\/facebook.com\/wearefastgas","article_modified_time":"2025-02-27T07:31:20+00:00","og_image":[{"width":2560,"height":2560,"url":"https:\/\/fast-gas.com\/wp-content\/uploads\/2022\/03\/DSC6266-scaled.jpg","type":"image\/jpeg"}],"twitter_card":"summary_large_image","twitter_misc":{"Est. reading time":"4 minutes"},"schema":{"@context":"https:\/\/schema.org","@graph":[{"@type":["Article","BlogPosting"],"@id":"https:\/\/fast-gas.com\/de\/top-5-der-lieferanten-von-sahnekapseln-in-deutschland\/#article","isPartOf":{"@id":"https:\/\/fast-gas.com\/de\/top-5-der-lieferanten-von-sahnekapseln-in-deutschland\/"},"author":{"name":"Bro FastGas","@id":"https:\/\/fast-gas.com\/de\/#\/schema\/person\/4b3a9beffb469faf985fef2c2b684689"},"headline":"Top 5 der Lieferanten von sahnekapseln in Deutschland","datePublished":"2022-03-17T11:54:13+00:00","dateModified":"2025-02-27T07:31:20+00:00","mainEntityOfPage":{"@id":"https:\/\/fast-gas.com\/de\/top-5-der-lieferanten-von-sahnekapseln-in-deutschland\/"},"wordCount":757,"publisher":{"@id":"https:\/\/fast-gas.com\/de\/#organization"},"image":{"@id":"https:\/\/fast-gas.com\/de\/top-5-der-lieferanten-von-sahnekapseln-in-deutschland\/#primaryimage"},"thumbnailUrl":"https:\/\/fast-gas.com\/wp-content\/uploads\/2022\/03\/DSC6266-scaled.jpg","inLanguage":"de-DE"},{"@type":"WebPage","@id":"https:\/\/fast-gas.com\/de\/top-5-der-lieferanten-von-sahnekapseln-in-deutschland\/","url":"https:\/\/fast-gas.com\/de\/top-5-der-lieferanten-von-sahnekapseln-in-deutschland\/","name":"Top 5 der Lieferanten von sahnekapseln in Deutschland | FastGas","isPartOf":{"@id":"https:\/\/fast-gas.com\/de\/#website"},"primaryImageOfPage":{"@id":"https:\/\/fast-gas.com\/de\/top-5-der-lieferanten-von-sahnekapseln-in-deutschland\/#primaryimage"},"image":{"@id":"https:\/\/fast-gas.com\/de\/top-5-der-lieferanten-von-sahnekapseln-in-deutschland\/#primaryimage"},"thumbnailUrl":"https:\/\/fast-gas.com\/wp-content\/uploads\/2022\/03\/DSC6266-scaled.jpg","datePublished":"2022-03-17T11:54:13+00:00","dateModified":"2025-02-27T07:31:20+00:00","description":"Sie wollen die besten anbieter von sahnekapseln in Deutschland kennenlernen? schauen sie sich diese liste an!","breadcrumb":{"@id":"https:\/\/fast-gas.com\/de\/top-5-der-lieferanten-von-sahnekapseln-in-deutschland\/#breadcrumb"},"inLanguage":"de-DE","potentialAction":[{"@type":"ReadAction","target":["https:\/\/fast-gas.com\/de\/top-5-der-lieferanten-von-sahnekapseln-in-deutschland\/"]}]},{"@type":"ImageObject","inLanguage":"de-DE","@id":"https:\/\/fast-gas.com\/de\/top-5-der-lieferanten-von-sahnekapseln-in-deutschland\/#primaryimage","url":"https:\/\/fast-gas.com\/wp-content\/uploads\/2022\/03\/DSC6266-scaled.jpg","contentUrl":"https:\/\/fast-gas.com\/wp-content\/uploads\/2022\/03\/DSC6266-scaled.jpg","width":2560,"height":2560,"caption":"sahnekapseln in duitsland - Fastgas"},{"@type":"BreadcrumbList","@id":"https:\/\/fast-gas.com\/de\/top-5-der-lieferanten-von-sahnekapseln-in-deutschland\/#breadcrumb","itemListElement":[{"@type":"ListItem","position":1,"name":"Home","item":"https:\/\/fast-gas.com\/de\/"},{"@type":"ListItem","position":2,"name":"Top 5 der Lieferanten von sahnekapseln in Deutschland"}]},{"@type":"WebSite","@id":"https:\/\/fast-gas.com\/de\/#website","url":"https:\/\/fast-gas.com\/de\/","name":"FastGas","description":"N2O Cream Chargers","publisher":{"@id":"https:\/\/fast-gas.com\/de\/#organization"},"potentialAction":[{"@type":"SearchAction","target":{"@type":"EntryPoint","urlTemplate":"https:\/\/fast-gas.com\/de\/?s={search_term_string}"},"query-input":{"@type":"PropertyValueSpecification","valueRequired":true,"valueName":"search_term_string"}}],"inLanguage":"de-DE"},{"@type":"Organization","@id":"https:\/\/fast-gas.com\/de\/#organization","name":"FastGas - Helium, CO2 & N2O Wholesale","alternateName":"Fast Gas","url":"https:\/\/fast-gas.com\/de\/","logo":{"@type":"ImageObject","inLanguage":"de-DE","@id":"https:\/\/fast-gas.com\/de\/#\/schema\/logo\/image\/","url":"https:\/\/fast-gas.com\/wp-content\/uploads\/2025\/03\/cropped-Fastgas-Favicon.png","contentUrl":"https:\/\/fast-gas.com\/wp-content\/uploads\/2025\/03\/cropped-Fastgas-Favicon.png","width":512,"height":512,"caption":"FastGas - Helium, CO2 & N2O Wholesale"},"image":{"@id":"https:\/\/fast-gas.com\/de\/#\/schema\/logo\/image\/"},"sameAs":["https:\/\/facebook.com\/wearefastgas","https:\/\/www.youtube.com\/channel\/UCV5w9vrihWFu0yM7SZzQfVQ\/videos","https:\/\/instagram.com\/fastgas.official"]},{"@type":"Person","@id":"https:\/\/fast-gas.com\/de\/#\/schema\/person\/4b3a9beffb469faf985fef2c2b684689","name":"Bro FastGas","description":"Meet our Culinary Gas &amp; Tech Editor: pioneering N2O, CO2, and cream charger innovations with recipes, reviews, and cutting-edge insights.","url":"https:\/\/fast-gas.com\/de\/author\/iryna\/"}]}},"_links":{"self":[{"href":"https:\/\/fast-gas.com\/de\/wp-json\/wp\/v2\/pages\/15445","targetHints":{"allow":["GET"]}}],"collection":[{"href":"https:\/\/fast-gas.com\/de\/wp-json\/wp\/v2\/pages"}],"about":[{"href":"https:\/\/fast-gas.com\/de\/wp-json\/wp\/v2\/types\/page"}],"author":[{"embeddable":true,"href":"https:\/\/fast-gas.com\/de\/wp-json\/wp\/v2\/users\/5216"}],"replies":[{"embeddable":true,"href":"https:\/\/fast-gas.com\/de\/wp-json\/wp\/v2\/comments?post=15445"}],"version-history":[{"count":12,"href":"https:\/\/fast-gas.com\/de\/wp-json\/wp\/v2\/pages\/15445\/revisions"}],"predecessor-version":[{"id":40115,"href":"https:\/\/fast-gas.com\/de\/wp-json\/wp\/v2\/pages\/15445\/revisions\/40115"}],"wp:featuredmedia":[{"embeddable":true,"href":"https:\/\/fast-gas.com\/de\/wp-json\/wp\/v2\/media\/15446"}],"wp:attachment":[{"href":"https:\/\/fast-gas.com\/de\/wp-json\/wp\/v2\/media?parent=15445"}],"curies":[{"name":"wp","href":"https:\/\/api.w.org\/{rel}","templated":true}]}}