{"id":1466,"date":"2022-01-24T10:36:38","date_gmt":"2022-01-24T10:36:38","guid":{"rendered":"https:\/\/fast-gas.com\/nitrous-oxide-in-the-medical-world\/"},"modified":"2025-01-02T10:55:16","modified_gmt":"2025-01-02T10:55:16","slug":"distickstoffmonoxid-in-der-medizinischen-welt","status":"publish","type":"page","link":"https:\/\/fast-gas.com\/de\/distickstoffmonoxid-in-der-medizinischen-welt\/","title":{"rendered":"Distickstoffmonoxid in der medizinischen Welt"},"content":{"rendered":"<h1>Distickstoffmonoxid, gemeinhin als N2O bezeichnet; was ist es und wof\u00fcr wird es verwendet?<\/h1>\n<p>N2O, in der chemischen Welt auch als Distickstoffmonoxid bekannt, hat sich dank seiner n\u00fctzlichen Funktionen sowohl in der medizinischen Welt als auch in der Lebensmittelindustrie etabliert. W\u00e4hrend N2O im Gesundheitsbereich vor allem als Beruhigungs- und Schmerzmittel eingesetzt wird, dient es in der Lebensmittelindustrie haupts\u00e4chlich als Treibmittel, um Sahne aus den daf\u00fcr vorgesehenen Spr\u00fchdosen zu leiten.<\/p>\n<p>Der Unterschied zwischen Distickstoffmonoxid f\u00fcr medizinische Zwecke und f\u00fcr die Lebensmittelindustrie besteht darin, dass es besonders sorgf\u00e4ltig gereinigt wird, um es so steril wie m\u00f6glich zu machen.<\/p>\n<p>N2O ist ideal f\u00fcr die Lebensmittelindustrie, was unter anderem daran liegt, dass Distickstoffmonoxid fast keinen Geschmack hat. Au\u00dferdem ist das gef\u00fcllte <a title=\"N2O Cream Charger - 580G Nitrous Oxide\" href=\"https:\/\/fast-gas.com\/de\/produkt\/fastgas-original-stickstoffoxid-zylinder\/\" target=\"_blank\" rel=\"noopener noreferrer\" data-cke-saved-href=\"https:\/\/fast-gas.com\/de\/products\/580g-n2ofast-gas-cream-charger\">N2O Sahnekapseln<\/a>\u00a0Fast Gas macht es sehr einfach, in jeder K\u00fcche zu verwenden.<\/p>\n<p>Die Europ\u00e4ische Union hat Distickstoffmonoxid mit einer E-Nummer (E942) gekennzeichnet. Das bedeutet, dass die Verwendung von Distickstoffmonoxid als Zusatzstoff in Lebensmitteln auf europ\u00e4ischer Ebene zul\u00e4ssig ist.<\/p>\n<p>Nicht zuletzt hat Distickstoffmonoxid in j\u00fcngster Zeit einen neuen Verwendungszweck f\u00fcr die ihm innewohnenden Funktionalit\u00e4ten gefunden. N2O wird seit kurzem bei der Herstellung von Elektronikchips verwendet. In dieser Industrie, wie auch in der Medizin, ist Distickstoffmonoxid von sehr hoher Sterilit\u00e4t und Reinheit.<\/p>\n<h2><strong>Geschichte von Distickstoffmonoxid<\/strong><\/h2>\n<p>Distickstoffmonoxid wurde 1776 entdeckt, aber nicht sofort verwendet. Erst etwa 20 Jahre sp\u00e4ter experimentierte ein Mitarbeiter des Pneumatischen Instituts in Bristol damit. Es handelte sich um Dr. Humphry Davy, der erforschte, wie Gase, darunter auch Distickstoffmonoxid, therapeutisch genutzt werden k\u00f6nnen. Humphry Davy lud Freunde ein, Distickstoffmonoxid zu probieren, um ihre Reaktionen zu beobachten. W\u00e4hrend dieser Partys bat Davy seine Freunde, ihre Erfahrungen aufzuschreiben, und er sammelte ihre Antworten, die dann 1800 ver\u00f6ffentlicht wurden. Auf diese Weise versuchte Davy, das menschliche Gehirn besser zu verstehen. Peter Mark Roget bemerkte auf der Party: &#8220;Ich schien das Gef\u00fchl f\u00fcr mein eigenes Gewicht zu verlieren und stellte mir vor, dass ich im Boden versinken w\u00fcrde.&#8221; Und der Dichter Samuel Coleridge beschreibt einen Zustand ruhiger Ekstase, &#8220;wie wenn man von einem Schneespaziergang in ein warmes Zimmer zur\u00fcckkehrt&#8221;. Davy sammelte etwa 30 Antworten und Beschreibungen der Erfahrungen seiner Freunde. Diese Partys f\u00fchrten zu einem der wichtigsten medizinischen Durchbr\u00fcche des 19. Jahrhunderts, denn Davy war der einzige, der Ende des 18. Jahrhunderts erkannte, dass Lachgas eine schmerzlindernde und narkotisierende Wirkung hat.<\/p>\n<p>Ein amerikanischer Zahnarzt, Horace Wells, der erkannte, dass Distickstoffmonoxid eine narkotisierende Wirkung hat, beschloss, einem Patienten bei der Entfernung eines Zahns Lachgas zu verabreichen. Er war von der narkotisierenden Wirkung so beeindruckt, dass er diese Erfahrung mit Chirurgen teilte und ihnen riet, bei der Behandlung ihrer Patienten Lachgas zu verwenden. \u00a0Leider hatte dies nicht bei allen Operationen die gleiche Wirkung; viele Operationen sind viel schmerzhafter und langwieriger als die Entfernung eines Zahns. &#8220;Er hatte die Dosis nicht richtig eingestellt, und es war ein komplettes Desaster, so dass Distickstoffmonoxid verboten wurde&#8221;, sagt Barry Baker, emeritierter Professor an der Universit\u00e4t Sydney und ehemaliger An\u00e4sthesist f\u00fcr Herz-Kreislauf-Erkrankungen.<\/p>\n<p>Ein Kollege von Wells, der Zeuge des verpfuschten chirurgischen Experiments geworden war, schlug einem anderen Zahnarzt, William Morton, vor, dass \u00c4ther ein besseres Narkosemittel als Distickstoffoxid sein k\u00f6nnte. Nach Experimenten an seinen Hunden und an sich selbst f\u00fchrte er 1846 eine erfolgreiche Demonstration einer \u00f6ffentlichen Operation mit \u00c4ther als Analgetikum durch. Dies war die Geburtsstunde der An\u00e4sthesie.<\/p>\n<p>Distickstoffmonoxid wird seit \u00fcber 200 Jahren in der Medizin eingesetzt. Es kann sowohl zur An\u00e4sthesie als auch zur Sedierung verwendet werden. Neben dem Schlaf bietet Distickstoffmonoxid auch eine Schmerzlinderung.<\/p>\n<h2>Distickstoffmonoxid und die medizinischen Anwendungen<\/h2>\n<p>In der Medizin wird Distickstoffmonoxid vor allem zur An\u00e4sthesie und Schmerzlinderung eingesetzt. Wir kennen daher einige Anwendungsbereiche, die h\u00e4ufiger genutzt werden. In der An\u00e4sthesie, im Krei\u00dfsaal, in der Palliativmedizin und beim Zahnarzt.<\/p>\n<p><strong>Verwendung von Distickstoffmonoxid im Gesundheitswesen<\/strong><br \/>\nDie Tatsache, dass der MAC-Wert von N2o (Lachgas) 101 % betr\u00e4gt, bedeutet, dass es nur in Kombination mit anderen Gasen (z. B. Sauerstoff) f\u00fcr eine vollst\u00e4ndige An\u00e4sthesie verabreicht werden kann.<\/p>\n<p><strong>Beispiele f\u00fcr die Verwendung von N2O im Gesundheitswesen<\/strong><br \/>\nWir haben bereits kurz die An\u00e4sthesie erw\u00e4hnt, d. h. den Prozess, bei dem Patienten bet\u00e4ubt werden. Dies geschieht zum Beispiel vor einer Operation. Es wird au\u00dferdem im Krei\u00dfsaal oder in der Notaufnahme eingesetzt. Jetzt ist es haupts\u00e4chlich als Analgetikum gedacht. Auch der Zahnarzt kann es aus diesem Grund verwenden.<\/p>\n<p><strong>Was genau ist ein MAC-Wert?<\/strong><br \/>\nDer MAC-Wert (Minimum Alveolar Concentration) ist ein Wert, bei dem 50 % der getesteten Personen nicht mehr auf einen chirurgischen Stimulus reagieren. Wenn der MAC-Wert 100 % \u00fcberschreitet, muss es immer in Kombination mit anderen Gasen verabreicht werden, um eine vollst\u00e4ndige An\u00e4sthesie zu erreichen.<\/p>\n<p><strong>Vorteile von Distickstoffmonoxid im Gesundheitswesen<\/strong><br \/>\nEs ist eine der sichersten Arten der Anwendung von medizinischem Gas.<br \/>\nDas Gas wirkt sehr schnell auf den Patienten, da es vom K\u00f6rper schnell aufgenommen wird.<br \/>\nDie Atmung der Patienten wird durch Distickstoffmonoxid besser aufrechterhalten als durch vergleichbare An\u00e4sthetika.<\/p>\n<p><img decoding=\"async\" src=\"https:\/\/cdn.shopify.com\/s\/files\/1\/0576\/3976\/4136\/files\/Nitrous-oxide-in-the-food-industry.jpg?v=1633949899\" alt=\"Nitrous oxide in the food industry Fast Gas\" data-cke-saved-src=\"https:\/\/cdn.shopify.com\/s\/files\/1\/0576\/3976\/4136\/files\/Nitrous-oxide-in-the-food-industry.jpg?v=1633949899\" \/><\/p>\n<h2>Verwendung von Distickstoffmonoxid in der Lebensmittelindustrie<\/h2>\n<p><strong>N2O-Anwendungen in der Lebensmittelindustrie<\/strong><br \/>\nEgal, welchen Koch man fragt, alle werden zustimmen, dass Distickstoffmonoxid in ihren K\u00fcchen nicht mehr wegzudenken ist. Der Druck von Distickstoffmonoxid wird verwendet, um Gerichte luftiger zu machen. Distickstoffmonoxid ist geruchs-, farb- und geschmacksneutral und eignet sich daher sehr gut f\u00fcr diese Anwendung.<\/p>\n<p><strong>Die Verwendung von Distickstoffmonoxid in der (Profi-)K\u00fcche?<\/strong><br \/>\nMit einem <a href=\"https:\/\/fast-gas.com\/de\/alles-uber-sahnespender\/\" data-cke-saved-href=\"https:\/\/fast-gas.com\/de\/pages\/cream-siphon-everything-you-should-know\">Siphon<\/a> und einer Kartusche l\u00fcften Sie das Gericht schnell. Mit der neuen L\u00f6sung des Fast-Gas <a href=\"https:\/\/fast-gas.com\/de\/richtlinien-zum-kauf-sahnekapseln\/\" data-cke-saved-href=\"https:\/\/fast-gas.com\/de\/pages\/guidelines-cream-chargers\">Sahnekapseln<\/a>\u00a0wird jedoch ein handlicher Zylinder verwendet. Dies erspart den K\u00f6chen die Zeit, die sie mit dem Wechsel der Sahnekartuschen verlieren, und ist au\u00dferdem umweltfreundlicher.<\/p>\n<p>Im Gegensatz zu den herk\u00f6mmlichen Sahnekartuschen mit einer einzigen F\u00fcllung sparen die Zylinder des Sahneladeger\u00e4ts etwa 20 % des Metallabfalls und au\u00dferdem Zeit, denn ein Zylinder des Sahneladeger\u00e4ts entspricht mehr als 70 einzelnen Sahnekartuschen,<\/p>\n<p><strong>Welche Art von Speisen kann man mit Hilfe von Distickstoffmonoxid zubereiten?<\/strong><br \/>\nDie bekannteste und am h\u00e4ufigsten verwendete Anwendung bei Speisen ist Schlagsahne. Es ist pl\u00f6tzlich sehr einfach, <a href=\"https:\/\/fast-gas.com\/de\/alles-uber-sahnespender\/\" data-cke-saved-href=\"https:\/\/fast-gas.com\/de\/pages\/cream-dispenser-all-you-need-to-know\">Schlagsahne<\/a> herzustellen. Hier ist also auch keine Maschine mehr beteiligt. Man f\u00fcllt den Siphon mit Schlagsahne und schlie\u00dft dann den Zylinder an. Das N2o wird mit sehr hohem Druck in die fl\u00fcssige Schlagsahne gepresst. Nun kann man (nach dem Abstecken) sofort mit dem Verspr\u00fchen der Schlagsahne beginnen. Au\u00dfer Schlagsahne k\u00f6nnen Sie im Grunde alle Meringues auf die gleiche Weise herstellen. In allen Geschmacksrichtungen und Farben.<\/p>\n<p><strong>Kann man mit N2O auch andere Gerichte als Meringues zubereiten?<\/strong><br \/>\nJa, das kann man! Man kann damit zum Beispiel auch belgische Waffeln zubereiten. Das sind etwas dicke Waffeln mit tiefen Rillen. Mit Distickstoffmonoxid wird der Teig besonders luftig. Da es keinen Geschmack, keine Farbe und keinen Geruch gibt, werden Ihre G\u00e4ste \u00fcberrascht sein! Ein weiterer toller Tipp sind Pfannkuchen. Auf die gleiche Weise k\u00f6nnen Sie einen leckeren Teig herstellen.<\/p>\n<p><strong>Eignet sich diese Anwendung also f\u00fcr eine kulinarische K\u00fcche?<\/strong><br \/>\nWenn Sie \u00f6fter in der Gourmetk\u00fcche essen, wissen Sie wahrscheinlich, dass viele K\u00f6che mit Baisers arbeiten. Diese Baisers gibt es in allen m\u00f6glichen Farben und Geschmacksrichtungen. Sie werden z. B. aus Pilzen, Zitrone oder Parmesan hergestellt. Dabei ist es sehr wichtig, dass Eiwei\u00df hinzugef\u00fcgt wird. Durch diese Zugabe beh\u00e4lt der Schaum tats\u00e4chlich dauerhaft seine Form.<\/p>\n<h2><strong>Distickstoffmonoxid in der Medizin und in der Lebensmittelindustrie, kurz gesagt<\/strong><\/h2>\n<p>Zun\u00e4chst einmal: Wie riecht, schmeckt und sieht Distickstoffmonoxid aus? Distickstoffmonoxid wird auch als N2O bezeichnet. Es ist ein farbloses, s\u00fc\u00dflich riechendes und schmeckendes Gas. Wenn man Distickstoffmonoxid einatmet, kommt es zu einem Bewusstseinsverlust, vergleichbar mit dem, wenn man ein bisschen zu viel Alkohol getrunken hat. Manchmal wird es auch noch in der Notaufnahme oder im Krei\u00dfsaal eingesetzt.<\/p>\n<p>Distickstoffmonoxid wird seit dem 18. Jahrhundert zu medizinischen Zwecken eingesetzt, um Patienten f\u00fcr kurze Zeit zu bet\u00e4uben. Bei sachkundiger Anwendung in der richtigen Dosierung hat es praktisch keine Nebenwirkungen. Bei l\u00e4ngerer Anwendung, etwa 2 bis 4 Stunden, kann es verschiedene Nebenwirkungen haben, wie z. B:<\/p>\n<ul>\n<li>Beschleunigung der Herzfrequenz<\/li>\n<li>Atmung<\/li>\n<li>Herzrhythmusst\u00f6rungen<\/li>\n<li>Bluthochdruck<\/li>\n<li>akutes Herzversagen<\/li>\n<li>Pupillenerweiterung<\/li>\n<li>Schwitzen<\/li>\n<li>spontane Muskelkontraktion<\/li>\n<\/ul>\n<p>Distickstoffmonoxid verk\u00fcrzt und hemmt den Schmerzreiz, es ist ein kurz wirksames Analgetikum, das auch beim Zahnarzt oder im Rettungswagen h\u00e4ufig eingesetzt wird. F\u00fcr l\u00e4nger dauernde Eingriffe werden heute andere An\u00e4sthetika verwendet.<\/p>\n<p>Unter An\u00e4sthesie versteht man die Bet\u00e4ubung von Patienten. Distickstoffmonoxid wird daher als schwaches Narkosemittel f\u00fcr die An\u00e4sthesie verwendet. Distickstoffmonoxid hat einen sogenannten MAC-Wert von 101 %. Ein MAC-Wert wird auch als minimale alveoleng\u00e4ngige Konzentration bezeichnet. Bei diesem Wert sprechen 50% der Menschen nicht mehr auf einen chirurgischen Eingriff an. Liegt dieser Wert \u00fcber 100 %, m\u00fcssen f\u00fcr eine vollst\u00e4ndige An\u00e4sthesie mehrere Mittel verabreicht werden. So bedeutet ein MAC-Wert von 101 % f\u00fcr Distickstoffmonoxid, dass mehrere Gase verabreicht werden m\u00fcssen, in diesem Fall Sauerstoff.<\/p>\n<p>Das Verh\u00e4ltnis von Distickstoffmonoxid zu Sauerstoff kann f\u00fcr jeden Patienten individuell angepasst werden.<br \/>\nDistickstoffmonoxid kann in einer Vielzahl von Industriezweigen verwendet werden, so wie gerade beschrieben kann es gut im medizinischen Bereich eingesetzt werden, in der Lebensmittelindustrie wird es als Treibmittel verwendet, im Automobil- und Motorradrennsport wird es zur Leistungssteigerung von Verbrennungsmotoren eingesetzt und in der K\u00fcche kann es f\u00fcr viele verschiedene Gerichte verwendet werden.<\/p>\n","protected":false},"excerpt":{"rendered":"<p>Distickstoffmonoxid, gemeinhin als N2O bezeichnet; was ist es und wof\u00fcr wird es verwendet? N2O, in der chemischen Welt auch als Distickstoffmonoxid bekannt, hat sich dank seiner n\u00fctzlichen Funktionen sowohl in der medizinischen Welt als auch in der Lebensmittelindustrie etabliert. W\u00e4hrend N2O im Gesundheitsbereich vor allem als Beruhigungs- und Schmerzmittel eingesetzt wird, dient es in der [&hellip;]<\/p>\n","protected":false},"author":5216,"featured_media":1404,"parent":0,"menu_order":0,"comment_status":"closed","ping_status":"closed","template":"","meta":{"_acf_changed":false,"footnotes":""},"class_list":["post-1466","page","type-page","status-publish","has-post-thumbnail","hentry"],"acf":[],"yoast_head":"<!-- This site is optimized with the Yoast SEO plugin v27.2 - https:\/\/yoast.com\/product\/yoast-seo-wordpress\/ -->\n<title>Distickstoffmonoxid in der medizinischen Welt | FastGas<\/title>\n<meta name=\"description\" content=\"Distickstoffmonoxid hat sich dank seiner n\u00fctzlichen Funktionen sowohl in der Medizin als auch in der Lebensmittelindustrie etabliert.\" \/>\n<meta name=\"robots\" content=\"index, follow, max-snippet:-1, max-image-preview:large, max-video-preview:-1\" \/>\n<link rel=\"canonical\" href=\"https:\/\/fast-gas.com\/de\/distickstoffmonoxid-in-der-medizinischen-welt\/\" \/>\n<meta property=\"og:locale\" content=\"de_DE\" \/>\n<meta property=\"og:type\" content=\"article\" \/>\n<meta property=\"og:title\" content=\"Distickstoffmonoxid in der medizinischen Welt | FastGas\" \/>\n<meta property=\"og:description\" content=\"Distickstoffmonoxid hat sich dank seiner n\u00fctzlichen Funktionen sowohl in der Medizin als auch in der Lebensmittelindustrie etabliert.\" \/>\n<meta property=\"og:url\" content=\"https:\/\/fast-gas.com\/de\/distickstoffmonoxid-in-der-medizinischen-welt\/\" \/>\n<meta property=\"og:site_name\" content=\"FastGas\" \/>\n<meta property=\"article:publisher\" content=\"https:\/\/facebook.com\/wearefastgas\" \/>\n<meta property=\"article:modified_time\" content=\"2025-01-02T10:55:16+00:00\" \/>\n<meta property=\"og:image\" content=\"https:\/\/fast-gas.com\/wp-content\/uploads\/2022\/01\/Nitrous-Oxide-Medical-Use-Fast-Gas.jpg\" \/>\n\t<meta property=\"og:image:width\" content=\"910\" \/>\n\t<meta property=\"og:image:height\" content=\"604\" \/>\n\t<meta property=\"og:image:type\" content=\"image\/jpeg\" \/>\n<meta name=\"twitter:card\" content=\"summary_large_image\" \/>\n<meta name=\"twitter:label1\" content=\"Est. reading time\" \/>\n\t<meta name=\"twitter:data1\" content=\"7 minutes\" \/>\n<script type=\"application\/ld+json\" class=\"yoast-schema-graph\">{\"@context\":\"https:\/\/schema.org\",\"@graph\":[{\"@type\":[\"Article\",\"BlogPosting\"],\"@id\":\"https:\/\/fast-gas.com\/de\/distickstoffmonoxid-in-der-medizinischen-welt\/#article\",\"isPartOf\":{\"@id\":\"https:\/\/fast-gas.com\/de\/distickstoffmonoxid-in-der-medizinischen-welt\/\"},\"author\":{\"name\":\"Bro FastGas\",\"@id\":\"https:\/\/fast-gas.com\/de\/#\/schema\/person\/4b3a9beffb469faf985fef2c2b684689\"},\"headline\":\"Distickstoffmonoxid in der medizinischen Welt\",\"datePublished\":\"2022-01-24T10:36:38+00:00\",\"dateModified\":\"2025-01-02T10:55:16+00:00\",\"mainEntityOfPage\":{\"@id\":\"https:\/\/fast-gas.com\/de\/distickstoffmonoxid-in-der-medizinischen-welt\/\"},\"wordCount\":1555,\"publisher\":{\"@id\":\"https:\/\/fast-gas.com\/de\/#organization\"},\"image\":{\"@id\":\"https:\/\/fast-gas.com\/de\/distickstoffmonoxid-in-der-medizinischen-welt\/#primaryimage\"},\"thumbnailUrl\":\"https:\/\/fast-gas.com\/wp-content\/uploads\/2022\/01\/Nitrous-Oxide-Medical-Use-Fast-Gas.jpg\",\"inLanguage\":\"de-DE\"},{\"@type\":\"WebPage\",\"@id\":\"https:\/\/fast-gas.com\/de\/distickstoffmonoxid-in-der-medizinischen-welt\/\",\"url\":\"https:\/\/fast-gas.com\/de\/distickstoffmonoxid-in-der-medizinischen-welt\/\",\"name\":\"Distickstoffmonoxid in der medizinischen Welt | FastGas\",\"isPartOf\":{\"@id\":\"https:\/\/fast-gas.com\/de\/#website\"},\"primaryImageOfPage\":{\"@id\":\"https:\/\/fast-gas.com\/de\/distickstoffmonoxid-in-der-medizinischen-welt\/#primaryimage\"},\"image\":{\"@id\":\"https:\/\/fast-gas.com\/de\/distickstoffmonoxid-in-der-medizinischen-welt\/#primaryimage\"},\"thumbnailUrl\":\"https:\/\/fast-gas.com\/wp-content\/uploads\/2022\/01\/Nitrous-Oxide-Medical-Use-Fast-Gas.jpg\",\"datePublished\":\"2022-01-24T10:36:38+00:00\",\"dateModified\":\"2025-01-02T10:55:16+00:00\",\"description\":\"Distickstoffmonoxid hat sich dank seiner n\u00fctzlichen Funktionen sowohl in der Medizin als auch in der Lebensmittelindustrie etabliert.\",\"breadcrumb\":{\"@id\":\"https:\/\/fast-gas.com\/de\/distickstoffmonoxid-in-der-medizinischen-welt\/#breadcrumb\"},\"inLanguage\":\"de-DE\",\"potentialAction\":[{\"@type\":\"ReadAction\",\"target\":[\"https:\/\/fast-gas.com\/de\/distickstoffmonoxid-in-der-medizinischen-welt\/\"]}]},{\"@type\":\"ImageObject\",\"inLanguage\":\"de-DE\",\"@id\":\"https:\/\/fast-gas.com\/de\/distickstoffmonoxid-in-der-medizinischen-welt\/#primaryimage\",\"url\":\"https:\/\/fast-gas.com\/wp-content\/uploads\/2022\/01\/Nitrous-Oxide-Medical-Use-Fast-Gas.jpg\",\"contentUrl\":\"https:\/\/fast-gas.com\/wp-content\/uploads\/2022\/01\/Nitrous-Oxide-Medical-Use-Fast-Gas.jpg\",\"width\":910,\"height\":604,\"caption\":\"Nitrous Oxide In The Medical World\"},{\"@type\":\"BreadcrumbList\",\"@id\":\"https:\/\/fast-gas.com\/de\/distickstoffmonoxid-in-der-medizinischen-welt\/#breadcrumb\",\"itemListElement\":[{\"@type\":\"ListItem\",\"position\":1,\"name\":\"Home\",\"item\":\"https:\/\/fast-gas.com\/de\/\"},{\"@type\":\"ListItem\",\"position\":2,\"name\":\"Distickstoffmonoxid in der medizinischen Welt\"}]},{\"@type\":\"WebSite\",\"@id\":\"https:\/\/fast-gas.com\/de\/#website\",\"url\":\"https:\/\/fast-gas.com\/de\/\",\"name\":\"FastGas\",\"description\":\"N2O Cream Chargers\",\"publisher\":{\"@id\":\"https:\/\/fast-gas.com\/de\/#organization\"},\"potentialAction\":[{\"@type\":\"SearchAction\",\"target\":{\"@type\":\"EntryPoint\",\"urlTemplate\":\"https:\/\/fast-gas.com\/de\/?s={search_term_string}\"},\"query-input\":{\"@type\":\"PropertyValueSpecification\",\"valueRequired\":true,\"valueName\":\"search_term_string\"}}],\"inLanguage\":\"de-DE\"},{\"@type\":\"Organization\",\"@id\":\"https:\/\/fast-gas.com\/de\/#organization\",\"name\":\"FastGas - Helium, CO2 & N2O Wholesale\",\"alternateName\":\"Fast Gas\",\"url\":\"https:\/\/fast-gas.com\/de\/\",\"logo\":{\"@type\":\"ImageObject\",\"inLanguage\":\"de-DE\",\"@id\":\"https:\/\/fast-gas.com\/de\/#\/schema\/logo\/image\/\",\"url\":\"https:\/\/fast-gas.com\/wp-content\/uploads\/2025\/03\/cropped-Fastgas-Favicon.png\",\"contentUrl\":\"https:\/\/fast-gas.com\/wp-content\/uploads\/2025\/03\/cropped-Fastgas-Favicon.png\",\"width\":512,\"height\":512,\"caption\":\"FastGas - Helium, CO2 & N2O Wholesale\"},\"image\":{\"@id\":\"https:\/\/fast-gas.com\/de\/#\/schema\/logo\/image\/\"},\"sameAs\":[\"https:\/\/facebook.com\/wearefastgas\",\"https:\/\/www.youtube.com\/channel\/UCV5w9vrihWFu0yM7SZzQfVQ\/videos\",\"https:\/\/instagram.com\/fastgas.official\"]},{\"@type\":\"Person\",\"@id\":\"https:\/\/fast-gas.com\/de\/#\/schema\/person\/4b3a9beffb469faf985fef2c2b684689\",\"name\":\"Bro FastGas\",\"description\":\"Meet our Culinary Gas &amp; Tech Editor: pioneering N2O, CO2, and cream charger innovations with recipes, reviews, and cutting-edge insights.\",\"url\":\"https:\/\/fast-gas.com\/de\/author\/iryna\/\"}]}<\/script>\n<!-- \/ Yoast SEO plugin. -->","yoast_head_json":{"title":"Distickstoffmonoxid in der medizinischen Welt | FastGas","description":"Distickstoffmonoxid hat sich dank seiner n\u00fctzlichen Funktionen sowohl in der Medizin als auch in der Lebensmittelindustrie etabliert.","robots":{"index":"index","follow":"follow","max-snippet":"max-snippet:-1","max-image-preview":"max-image-preview:large","max-video-preview":"max-video-preview:-1"},"canonical":"https:\/\/fast-gas.com\/de\/distickstoffmonoxid-in-der-medizinischen-welt\/","og_locale":"de_DE","og_type":"article","og_title":"Distickstoffmonoxid in der medizinischen Welt | FastGas","og_description":"Distickstoffmonoxid hat sich dank seiner n\u00fctzlichen Funktionen sowohl in der Medizin als auch in der Lebensmittelindustrie etabliert.","og_url":"https:\/\/fast-gas.com\/de\/distickstoffmonoxid-in-der-medizinischen-welt\/","og_site_name":"FastGas","article_publisher":"https:\/\/facebook.com\/wearefastgas","article_modified_time":"2025-01-02T10:55:16+00:00","og_image":[{"width":910,"height":604,"url":"https:\/\/fast-gas.com\/wp-content\/uploads\/2022\/01\/Nitrous-Oxide-Medical-Use-Fast-Gas.jpg","type":"image\/jpeg"}],"twitter_card":"summary_large_image","twitter_misc":{"Est. reading time":"7 minutes"},"schema":{"@context":"https:\/\/schema.org","@graph":[{"@type":["Article","BlogPosting"],"@id":"https:\/\/fast-gas.com\/de\/distickstoffmonoxid-in-der-medizinischen-welt\/#article","isPartOf":{"@id":"https:\/\/fast-gas.com\/de\/distickstoffmonoxid-in-der-medizinischen-welt\/"},"author":{"name":"Bro FastGas","@id":"https:\/\/fast-gas.com\/de\/#\/schema\/person\/4b3a9beffb469faf985fef2c2b684689"},"headline":"Distickstoffmonoxid in der medizinischen Welt","datePublished":"2022-01-24T10:36:38+00:00","dateModified":"2025-01-02T10:55:16+00:00","mainEntityOfPage":{"@id":"https:\/\/fast-gas.com\/de\/distickstoffmonoxid-in-der-medizinischen-welt\/"},"wordCount":1555,"publisher":{"@id":"https:\/\/fast-gas.com\/de\/#organization"},"image":{"@id":"https:\/\/fast-gas.com\/de\/distickstoffmonoxid-in-der-medizinischen-welt\/#primaryimage"},"thumbnailUrl":"https:\/\/fast-gas.com\/wp-content\/uploads\/2022\/01\/Nitrous-Oxide-Medical-Use-Fast-Gas.jpg","inLanguage":"de-DE"},{"@type":"WebPage","@id":"https:\/\/fast-gas.com\/de\/distickstoffmonoxid-in-der-medizinischen-welt\/","url":"https:\/\/fast-gas.com\/de\/distickstoffmonoxid-in-der-medizinischen-welt\/","name":"Distickstoffmonoxid in der medizinischen Welt | FastGas","isPartOf":{"@id":"https:\/\/fast-gas.com\/de\/#website"},"primaryImageOfPage":{"@id":"https:\/\/fast-gas.com\/de\/distickstoffmonoxid-in-der-medizinischen-welt\/#primaryimage"},"image":{"@id":"https:\/\/fast-gas.com\/de\/distickstoffmonoxid-in-der-medizinischen-welt\/#primaryimage"},"thumbnailUrl":"https:\/\/fast-gas.com\/wp-content\/uploads\/2022\/01\/Nitrous-Oxide-Medical-Use-Fast-Gas.jpg","datePublished":"2022-01-24T10:36:38+00:00","dateModified":"2025-01-02T10:55:16+00:00","description":"Distickstoffmonoxid hat sich dank seiner n\u00fctzlichen Funktionen sowohl in der Medizin als auch in der Lebensmittelindustrie etabliert.","breadcrumb":{"@id":"https:\/\/fast-gas.com\/de\/distickstoffmonoxid-in-der-medizinischen-welt\/#breadcrumb"},"inLanguage":"de-DE","potentialAction":[{"@type":"ReadAction","target":["https:\/\/fast-gas.com\/de\/distickstoffmonoxid-in-der-medizinischen-welt\/"]}]},{"@type":"ImageObject","inLanguage":"de-DE","@id":"https:\/\/fast-gas.com\/de\/distickstoffmonoxid-in-der-medizinischen-welt\/#primaryimage","url":"https:\/\/fast-gas.com\/wp-content\/uploads\/2022\/01\/Nitrous-Oxide-Medical-Use-Fast-Gas.jpg","contentUrl":"https:\/\/fast-gas.com\/wp-content\/uploads\/2022\/01\/Nitrous-Oxide-Medical-Use-Fast-Gas.jpg","width":910,"height":604,"caption":"Nitrous Oxide In The Medical World"},{"@type":"BreadcrumbList","@id":"https:\/\/fast-gas.com\/de\/distickstoffmonoxid-in-der-medizinischen-welt\/#breadcrumb","itemListElement":[{"@type":"ListItem","position":1,"name":"Home","item":"https:\/\/fast-gas.com\/de\/"},{"@type":"ListItem","position":2,"name":"Distickstoffmonoxid in der medizinischen Welt"}]},{"@type":"WebSite","@id":"https:\/\/fast-gas.com\/de\/#website","url":"https:\/\/fast-gas.com\/de\/","name":"FastGas","description":"N2O Cream Chargers","publisher":{"@id":"https:\/\/fast-gas.com\/de\/#organization"},"potentialAction":[{"@type":"SearchAction","target":{"@type":"EntryPoint","urlTemplate":"https:\/\/fast-gas.com\/de\/?s={search_term_string}"},"query-input":{"@type":"PropertyValueSpecification","valueRequired":true,"valueName":"search_term_string"}}],"inLanguage":"de-DE"},{"@type":"Organization","@id":"https:\/\/fast-gas.com\/de\/#organization","name":"FastGas - Helium, CO2 & N2O Wholesale","alternateName":"Fast Gas","url":"https:\/\/fast-gas.com\/de\/","logo":{"@type":"ImageObject","inLanguage":"de-DE","@id":"https:\/\/fast-gas.com\/de\/#\/schema\/logo\/image\/","url":"https:\/\/fast-gas.com\/wp-content\/uploads\/2025\/03\/cropped-Fastgas-Favicon.png","contentUrl":"https:\/\/fast-gas.com\/wp-content\/uploads\/2025\/03\/cropped-Fastgas-Favicon.png","width":512,"height":512,"caption":"FastGas - Helium, CO2 & N2O Wholesale"},"image":{"@id":"https:\/\/fast-gas.com\/de\/#\/schema\/logo\/image\/"},"sameAs":["https:\/\/facebook.com\/wearefastgas","https:\/\/www.youtube.com\/channel\/UCV5w9vrihWFu0yM7SZzQfVQ\/videos","https:\/\/instagram.com\/fastgas.official"]},{"@type":"Person","@id":"https:\/\/fast-gas.com\/de\/#\/schema\/person\/4b3a9beffb469faf985fef2c2b684689","name":"Bro FastGas","description":"Meet our Culinary Gas &amp; Tech Editor: pioneering N2O, CO2, and cream charger innovations with recipes, reviews, and cutting-edge insights.","url":"https:\/\/fast-gas.com\/de\/author\/iryna\/"}]}},"_links":{"self":[{"href":"https:\/\/fast-gas.com\/de\/wp-json\/wp\/v2\/pages\/1466","targetHints":{"allow":["GET"]}}],"collection":[{"href":"https:\/\/fast-gas.com\/de\/wp-json\/wp\/v2\/pages"}],"about":[{"href":"https:\/\/fast-gas.com\/de\/wp-json\/wp\/v2\/types\/page"}],"author":[{"embeddable":true,"href":"https:\/\/fast-gas.com\/de\/wp-json\/wp\/v2\/users\/5216"}],"replies":[{"embeddable":true,"href":"https:\/\/fast-gas.com\/de\/wp-json\/wp\/v2\/comments?post=1466"}],"version-history":[{"count":10,"href":"https:\/\/fast-gas.com\/de\/wp-json\/wp\/v2\/pages\/1466\/revisions"}],"predecessor-version":[{"id":40130,"href":"https:\/\/fast-gas.com\/de\/wp-json\/wp\/v2\/pages\/1466\/revisions\/40130"}],"wp:featuredmedia":[{"embeddable":true,"href":"https:\/\/fast-gas.com\/de\/wp-json\/wp\/v2\/media\/1404"}],"wp:attachment":[{"href":"https:\/\/fast-gas.com\/de\/wp-json\/wp\/v2\/media?parent=1466"}],"curies":[{"name":"wp","href":"https:\/\/api.w.org\/{rel}","templated":true}]}}