{"id":1459,"date":"2022-01-24T10:36:38","date_gmt":"2022-01-24T09:36:38","guid":{"rendered":"https:\/\/fast-gas.com\/cream-siphon-everything-you-should-know\/"},"modified":"2024-05-01T12:25:25","modified_gmt":"2024-05-01T12:25:25","slug":"alles-uber-sahnesyphon","status":"publish","type":"page","link":"https:\/\/fast-gas.com\/de\/alles-uber-sahnesyphon\/","title":{"rendered":"Wie funktioniert ein Sahnesyphon?"},"content":{"rendered":"<p>In den Sahnesyphon wird oben gegen\u00fcber dem Ausguss eine kleine <a href=\"https:\/\/fast-gas.com\/de\/wie-zu-verweden-sahnekapseln-offner\/\" data-cke-saved-href=\"https:\/\/fast-gas.com\/de\/pages\/how-to-use-cream-cartridges\">Patrone<\/a> eingef\u00fchrt. Diese Patrone ist mit <a href=\"https:\/\/fast-gas.com\/de\/distickstoffmonoxid-in-der-medizinischen-welt\/\" data-cke-saved-href=\"https:\/\/fast-gas.com\/de\/pages\/nitrous-oxide-in-the-medical-world\">Distickstoffmonoxid<\/a> gef\u00fcllt, einem Treibgas. Dadurch wird die fl\u00fcssige Sahne im Syphon aufgesch\u00e4umt und durch eine Spritzd\u00fcse am Kopf des Syphons hinaus gedr\u00fcckt.<\/p>\n<p>Vielfach werden sahnesyphon edelstahl in der Gastronomie verwendet, aber nat\u00fcrlich ist so ein Sahnespender auch im privaten Bereich kaum noch wegzudenken. Wann auch immer es daheim ein Dessert oder Kuchen gibt, ist der Sahnesyphon unentbehrlich. Langes <a href=\"https:\/\/fast-gas.com\/de\/wie-zu-verweden-sahnekapseln-offner\/\" data-cke-saved-href=\"https:\/\/fast-gas.com\/de\/pages\/how-to-use-cream-cartridges\">Sahne schlagen<\/a> entf\u00e4llt und die Sahne l\u00e4sst sich in dem syphon sahne auch am n\u00e4chsten Tag noch tadellos verwerten.<\/p>\n<p>Mit dem <a href=\"https:\/\/fast-gas.com\/de\/alles-uber-sahnespender\/\" data-cke-saved-href=\"https:\/\/fast-gas.com\/de\/pages\/cream-dispenser-all-you-need-to-know\">Sahnesyphon<\/a> bereiten Sie Ihre eigene Schlagsahne zu. Ein paar Mal sch\u00fctteln und schon ist die Sahne abrufbereit. Vielfach wird auch in der Molekulark\u00fcche Sahne verwendet. Eine gewisse Aromavielfalt l\u00e4sst sich hier einfach in den Schaum injizieren, um die Geschmacksvielfalt zu erh\u00f6hen.<\/p>\n<p style=\"text-align: center;\"><a class=\"button button--primary hero__button\" href=\"https:\/\/fast-gas.com\/de\/verteiler\/\">Werden Sie Vertriebspartner<\/a><\/p>\n<p><img decoding=\"async\" class=\"aligncenter wp-image-32159 size-large\" src=\"https:\/\/fast-gas.com\/wp-content\/uploads\/2023\/12\/How-to-Use-Whipped-Cream-Chargers-1024x538.jpg\" alt=\"How to Use Whipped Cream Chargers\" width=\"1024\" height=\"538\" srcset=\"https:\/\/fast-gas.com\/wp-content\/uploads\/2023\/12\/How-to-Use-Whipped-Cream-Chargers-1024x538.jpg 1024w, https:\/\/fast-gas.com\/wp-content\/uploads\/2023\/12\/How-to-Use-Whipped-Cream-Chargers-300x158.jpg 300w, https:\/\/fast-gas.com\/wp-content\/uploads\/2023\/12\/How-to-Use-Whipped-Cream-Chargers-768x403.jpg 768w, https:\/\/fast-gas.com\/wp-content\/uploads\/2023\/12\/How-to-Use-Whipped-Cream-Chargers-600x315.jpg 600w, https:\/\/fast-gas.com\/wp-content\/uploads\/2023\/12\/How-to-Use-Whipped-Cream-Chargers.jpg 1200w\" sizes=\"(max-width: 1024px) 100vw, 1024px\" \/><\/p>\n<h2>Was versteht man unter einem Sahnesyphon?<\/h2>\n<p>\u2022 Wenn Sie ein sahnesyphon kaufen, erhalten Sie damit ein geeignetes Hilfsmittel, um auf die Schnelle aus s\u00fc\u00dfer Sahne Schlagsahne herzustellen. Der Sahnesyphon oder auch Sahnespender genannt, wird kurz vor seinem Einsatz mit Sahne bef\u00fcllt.<\/p>\n<p>\u2022 Neben der Sahne werden in den Sahnespender sahnesyphon patronen eingesetzt. Je nach Menge der Sahne und Aufsch\u00e4umung werden laut sahnesyphon test 1-2 Patronen ben\u00f6tigt.<\/p>\n<p>\u2022 Zwar sind die Sahnespender sahnesyphon edelstahl sehr robust, aber auch dementsprechend schwer. F\u00fcr die weibliche Welt empfiehlt sich da eine leichtere Modellvariante in Form eines Sahnesyphon aus Aluminium. Von der Pflege v\u00f6llig unabh\u00e4ngig lassen sich beide einwandfrei im Geschirrsp\u00fcler reinigen.<\/p>\n<h3>Wie lange h\u00e4lt sich die Sahne in einem Sahnesyphon?<\/h3>\n<p>Laut Herstellerangaben h\u00e4lt sich die <a href=\"https:\/\/fast-gas.com\/de\/alles-uber-sahnespender\/\" data-cke-saved-href=\"https:\/\/fast-gas.com\/de\/pages\/cream-dispenser-all-you-need-to-know\">Sahne im Syphon<\/a> im K\u00fchlschrank bis zu 14 Tage. Da es bei den Sahnet\u00f6pfen unterschiedliche Gr\u00f6\u00dfen gibt, l\u00e4sst sich so auch die Haltbarkeit gut bestimmen und muss nicht 14 Tage im Syphon schmoren. Interessant sind auch die sahnesyphon rezepte.<\/p>\n<h3>Welche Sahne sollte man f\u00fcr ein Sahnesyphon verwenden?<\/h3>\n<p>Laut sahnesyphon test eignet sich besonders gut Frischsahne, weil hier der besonders gute Geschmack der Sahne f\u00fcr die sahnesyphon rezepte zum Vorschein kommt. Die Aufbewahrung bis zur Verwendung sollte stets im K\u00fchlschrank erfolgen. Am besten aufgehoben ist sie im syphon sahne. Die Sahne sollte bei 5 bis 7 Grad gelagert werden.<\/p>\n<p>Wie verh\u00e4lt es sich mit der Sahnekapsel? Die Sahnekapsel reicht lediglich nur f\u00fcr eine F\u00fcllung in einem ISI 1603 <a href=\"https:\/\/fast-gas.com\/de\/alles-uber-sahnespender\/\" data-cke-saved-href=\"https:\/\/fast-gas.com\/de\/pages\/cream-dispenser-all-you-need-to-know\">Sahnesyphon<\/a> (Inhalt 0,5 Liter). Sie m\u00fcssen aber nicht zwingend alles an einem Tag verbrauchen, nur damit die Patrone leer ist.<\/p>\n<p>Wie lange sind die Sahnepatronen haltbar? Alle patronen f\u00fcr sahnesyphon sind mit N2O (Distickstoffmonoxid) gef\u00fcllt und sind unbenutzt \u00fcber Jahre haltbar. Unabh\u00e4ngig von der Marke enthalten die patronen f\u00fcr sahnesyphon 8 Gramm fl\u00fcssiges druckbelastetes Distickstoffoxid. Au\u00dfer der Farbe gibt es keinen Unterschied zwischen den Patronen der verschiedenen Hersteller.<\/p>\n<h3>Was ist besser, wenn ich ein sahnesyphon kaufen m\u00f6chte \u2013 Edelstahl oder Aluminium?<\/h3>\n<p>In einem sahnesyphon test werden Sie zwei unterschiedliche Arten von einem Sahnespender vorfinden. Diese unterscheiden sich in der Handhabung, als auch im Material der Ger\u00e4te. Der Erste von beiden besteht aus Edelstahl, wobei nicht alles aus Edelstahl bestehen muss. Es kann auch durchaus sein, dass der Ger\u00e4tekopf aus Kunststoff oder einem anderen Metall besteht.<\/p>\n<p>In einer guten Qualit\u00e4t kann dieser Sahnesyphon wmf oder von anderen Fabrikaten f\u00fcr stark beanspruchte Anwendungsbereiche eingesetzt werden. So zum Beispiel in einer Cocktail-Bar oder bei umfangreichen Catering-Eins\u00e4tzen. Wenn Sie auf ein Markenger\u00e4t wie z. B. sahnesyphon wmf setzen, k\u00f6nnen Sie auf ein umfangreiches Sortiment an Ersatzteilen zur\u00fcckgreifen, sollte Ihr Syphon einmal ein technisches Problem haben.<\/p>\n<p>Was aber nicht hei\u00dfen soll, dass ein Sahnesyphon aus Aluminium nicht auch seine Qualit\u00e4ten hat. Auch diese sind sp\u00fclmaschinenfest und dar\u00fcber hinaus auch noch wesentlich leichter. F\u00fcr weibliches Personal in einer Cocktail-Bar spielt auf Dauer das Gewicht des Syphons eine wesentliche Rolle. Gerade bei einem Gebrauch an der Bar \u00fcber mehrere Stunden macht sich das Gewicht im Handling positiv bemerkbar. Hinzu kommt, dass es die Sahnesyphons mit 250 Milliliter und 500 Milliliter, jeweils mit den passenden sahnesyphon patronen gibt.<\/p>\n<h3>Sahnesyphon<\/h3>\n<p>Mit der professionellen <a href=\"https:\/\/fast-gas.com\/de\/alles-uber-sahnespender\/\" data-cke-saved-href=\"https:\/\/fast-gas.com\/de\/pages\/cream-dispenser-all-you-need-to-know\">Sahnespr\u00fchflasche<\/a> k\u00f6nnen sofort die eigenen Kochk\u00fcste verbessert werden! Gerichte kreieren wie der K\u00fcchenchef um die Ecke oder die schicke Cocktailbar in der Stadtmitte. Im Spr\u00fchsahne Test hat der Gourmet Whip sowie der Easy Whip hervorragend abgeschlossen. Des Weiteren waren die Bewertungen \u00fcber den Isi Gourmet Whip ebenso beachtlich. Im Spr\u00fchsahne Test wurde unter der Rubrik &#8220;Was ist Espuma?&#8221; ein interessanter Bericht publiziert.<\/p>\n<p>Es lohnt sich, den neuen Spr\u00fchsahne Test genauer unter die Lupe zu nehmen. Sehr interessant ist der Easy Wip Plus. Es hat sich viel getan auf dem Markt der Sahnespr\u00fcher. Das Sahne Schlagen Ger\u00e4t ist nicht mehr vergleichbar mit den ersten Modellen der Sahnespr\u00fcher. Es lassen sich jede Art von Mousses herstellen. Gerade schwer zu mischende Fl\u00fcssigkeiten k\u00f6nnen mit der Sahne hervorragend aufgeschlagen und kombiniert werden.<\/p>\n<h3>Verschiedenen m\u00f6glichkeiten Sahnesyphon<\/h3>\n<p>Die Textur der Sahne Spr\u00fchflasche ist deutlich verbessert. Mit der Sahnespr\u00fchflasche kann jedes Gericht an Aussehen und Geschmack gewissen. Das Sahne Schlagen Ger\u00e4t geh\u00f6rt in jede K\u00fcche. Die Sahnespr\u00fcher Rezepte verleihen der modernen K\u00fcche einen kreativen neuen Look.<\/p>\n<p>Dabei spielen der Easy Whip, der Easy Whip Plus und der Isi Gourmet Whip zuk\u00fcnftig sicherlich eine Hauptrolle. Gerade der neue Test der Sahne Spr\u00fchflasche spricht neben dem Thema &#8220;Was ist Espuma?&#8221; noch weitere interessante Neuerungen wie der Sahnesifon sowie der Espumas Siphon an. Wer bis noch keine Erfahrungen mit einem Sahnesifon oder einem expliziten Espumas Siphon gemacht hat, erh\u00e4lt hier alle wichtigen Informationen. Ebenso zum neuen Espuma Ger\u00e4t.<\/p>\n<p>Das Espuma Ger\u00e4t mit der <a href=\"https:\/\/fast-gas.com\/de\/alles-uber-sahnespender\/\" data-cke-saved-href=\"https:\/\/fast-gas.com\/de\/pages\/cream-dispenser-all-you-need-to-know\">Sahne Spr\u00fchflasche<\/a> wird sicherlich zu einem Dauerbrenner in der K\u00fcche. Ob in der professionellen K\u00fcche als zu Hause, das Espuma Ger\u00e4t nimmt wenig Platz ein. Mit der leicht lesbaren Bedienungsanleitung ist der Umgang mit der Sahnespender unkompliziert. Besonders beliebt ist der Gourmet Whip. Die Sahnespr\u00fcher Rezepte liefern eine Vielzahl an Ideen zum leichten Nachkochen.<\/p>\n<h3>Sahnesyphon Rezepte<\/h3>\n<p>Bevor es an das Kochen mit der Sahnespender geht, sollten alle Utensilien zusammengestellt werden f\u00fcr den Easy Whip Plus. Das Sahne Schlagen Ger\u00e4t wird aus der Verpackung genommen und f\u00fcr die erste Anwendung nach Anleitung bereitgestellt. Die Sahnespr\u00fcher Rezepte sollten ebenso zur Seite gelegt werden. Wenn der Sahnespr\u00fcher dann betriebsbereit ist, kann zur Tat geschritten werden.<\/p>\n<p>Die Inhaltsstoffe sollten genau abgemessen werden, bevor die Sahnespr\u00fchflasche zur Anwendung kommt. Die genaue Mengenangabe steht im ausgew\u00e4hlten Rezept. Es ist wichtig, dass immer der richtige Druck lt. dem ausgew\u00e4hlten Rezept gew\u00e4hlt wird. Wird der Easy Whip ausgew\u00e4hlt, dann sollte genau nach Anleitung vorgegangen werden.<\/p>\n<p>Pro ml wird der entsprechende Druck angegeben. Wird dies nicht beachtet, kann das Ergebnis nicht so werden, wie es im Rezept beschrieben wurde. Wird der Druck genau eingehalten, entsteht eine traumhafte Sahnekonsistenz. Nun kann die Sahnespender zum Einsatz kommen.<\/p>\n<p>Dabei ist es wichtig, den Heber fest nach unten zu dr\u00fccken, so kann das Gas freigegeben werden. Automatisch kommt es zu einem &#8220;klick&#8221;. Nach dem Isi Gourmet Whip lohnt sich auch den Easy Whip Plus auszuprobieren. Letztlich sind sie alle ein Genuss f\u00fcr den Gaumen.<\/p>\n<p>Jetzt sollten Sie kreativ werden. ob als Sahneh\u00e4ubchen zum Schluss auf den Kuchen oder auf das Dessert. Die Ideen kommen stets von ganz alleine. Mit dem Gourmet Whip lassen sich tolle Rezepte zaubern. Falls es Fragen zum Sahnesifon oder Espumas Siphon gibt, k\u00f6nnen diese gerne \u00fcber das Kontaktformular beantwortet werden. Selbstverst\u00e4ndlich stehen wir f\u00fcr alle weiteren Fragen &#8220;Was ist Espuma&#8221; genauso beratend zur Seite. Keine Frage bleibt unbeantwortet. Wir liefern in viele L\u00e4nder. Auf unserer Homepage sind alle aktuellen L\u00e4nder, welche beliefert werden, aufgelistet.<\/p>\n","protected":false},"excerpt":{"rendered":"<p>In den Sahnesyphon wird oben gegen\u00fcber dem Ausguss eine kleine Patrone eingef\u00fchrt. Diese Patrone ist mit Distickstoffmonoxid gef\u00fcllt, einem Treibgas. Dadurch wird die fl\u00fcssige Sahne im Syphon aufgesch\u00e4umt und durch eine Spritzd\u00fcse am Kopf des Syphons hinaus gedr\u00fcckt. Vielfach werden sahnesyphon edelstahl in der Gastronomie verwendet, aber nat\u00fcrlich ist so ein Sahnespender auch im privaten [&hellip;]<\/p>\n","protected":false},"author":5216,"featured_media":1342,"parent":0,"menu_order":0,"comment_status":"closed","ping_status":"closed","template":"","meta":{"_acf_changed":false,"footnotes":""},"class_list":["post-1459","page","type-page","status-publish","has-post-thumbnail","hentry"],"acf":[],"yoast_head":"<!-- This site is optimized with the Yoast SEO plugin v27.4 - https:\/\/yoast.com\/product\/yoast-seo-wordpress\/ -->\n<title>Wie funktioniert ein Sahnesyphon? | FastGas<\/title>\n<meta name=\"description\" content=\"Wenn Sie einen Sahnesiphon kaufen, erhalten Sie ein geeignetes Werkzeug, um schnell Schlagsahne herzustellen, aber worauf sollten Sie achten?\" \/>\n<meta name=\"robots\" content=\"index, follow, max-snippet:-1, max-image-preview:large, max-video-preview:-1\" \/>\n<link rel=\"canonical\" href=\"https:\/\/fast-gas.com\/de\/alles-uber-sahnesyphon\/\" \/>\n<meta property=\"og:locale\" content=\"de_DE\" \/>\n<meta property=\"og:type\" content=\"article\" \/>\n<meta property=\"og:title\" content=\"Wie funktioniert ein Sahnesyphon? | FastGas\" \/>\n<meta property=\"og:description\" content=\"Wenn Sie einen Sahnesiphon kaufen, erhalten Sie ein geeignetes Werkzeug, um schnell Schlagsahne herzustellen, aber worauf sollten Sie achten?\" \/>\n<meta property=\"og:url\" content=\"https:\/\/fast-gas.com\/de\/alles-uber-sahnesyphon\/\" \/>\n<meta property=\"og:site_name\" content=\"FastGas\" \/>\n<meta property=\"article:publisher\" content=\"https:\/\/facebook.com\/wearefastgas\" \/>\n<meta property=\"article:modified_time\" content=\"2024-05-01T12:25:25+00:00\" \/>\n<meta property=\"og:image\" content=\"https:\/\/fast-gas.com\/wp-content\/uploads\/2022\/01\/Whipped-Cream-Sweets.jpg\" \/>\n\t<meta property=\"og:image:width\" content=\"819\" \/>\n\t<meta property=\"og:image:height\" content=\"819\" \/>\n\t<meta property=\"og:image:type\" content=\"image\/jpeg\" \/>\n<meta name=\"twitter:card\" content=\"summary_large_image\" \/>\n<meta name=\"twitter:label1\" content=\"Est. reading time\" \/>\n\t<meta name=\"twitter:data1\" content=\"6 minutes\" \/>\n<script type=\"application\/ld+json\" class=\"yoast-schema-graph\">{\"@context\":\"https:\\\/\\\/schema.org\",\"@graph\":[{\"@type\":[\"Article\",\"BlogPosting\"],\"@id\":\"https:\\\/\\\/fast-gas.com\\\/de\\\/alles-uber-sahnesyphon\\\/#article\",\"isPartOf\":{\"@id\":\"https:\\\/\\\/fast-gas.com\\\/de\\\/alles-uber-sahnesyphon\\\/\"},\"author\":{\"name\":\"Bro FastGas\",\"@id\":\"https:\\\/\\\/fast-gas.com\\\/de\\\/#\\\/schema\\\/person\\\/4b3a9beffb469faf985fef2c2b684689\"},\"headline\":\"Wie funktioniert ein Sahnesyphon?\",\"datePublished\":\"2022-01-24T09:36:38+00:00\",\"dateModified\":\"2024-05-01T12:25:25+00:00\",\"mainEntityOfPage\":{\"@id\":\"https:\\\/\\\/fast-gas.com\\\/de\\\/alles-uber-sahnesyphon\\\/\"},\"wordCount\":1315,\"publisher\":{\"@id\":\"https:\\\/\\\/fast-gas.com\\\/de\\\/#organization\"},\"image\":{\"@id\":\"https:\\\/\\\/fast-gas.com\\\/de\\\/alles-uber-sahnesyphon\\\/#primaryimage\"},\"thumbnailUrl\":\"https:\\\/\\\/fast-gas.com\\\/wp-content\\\/uploads\\\/2022\\\/01\\\/Whipped-Cream-Sweets.jpg\",\"inLanguage\":\"de-DE\"},{\"@type\":\"WebPage\",\"@id\":\"https:\\\/\\\/fast-gas.com\\\/de\\\/alles-uber-sahnesyphon\\\/\",\"url\":\"https:\\\/\\\/fast-gas.com\\\/de\\\/alles-uber-sahnesyphon\\\/\",\"name\":\"Wie funktioniert ein Sahnesyphon? | FastGas\",\"isPartOf\":{\"@id\":\"https:\\\/\\\/fast-gas.com\\\/de\\\/#website\"},\"primaryImageOfPage\":{\"@id\":\"https:\\\/\\\/fast-gas.com\\\/de\\\/alles-uber-sahnesyphon\\\/#primaryimage\"},\"image\":{\"@id\":\"https:\\\/\\\/fast-gas.com\\\/de\\\/alles-uber-sahnesyphon\\\/#primaryimage\"},\"thumbnailUrl\":\"https:\\\/\\\/fast-gas.com\\\/wp-content\\\/uploads\\\/2022\\\/01\\\/Whipped-Cream-Sweets.jpg\",\"datePublished\":\"2022-01-24T09:36:38+00:00\",\"dateModified\":\"2024-05-01T12:25:25+00:00\",\"description\":\"Wenn Sie einen Sahnesiphon kaufen, erhalten Sie ein geeignetes Werkzeug, um schnell Schlagsahne herzustellen, aber worauf sollten Sie achten?\",\"breadcrumb\":{\"@id\":\"https:\\\/\\\/fast-gas.com\\\/de\\\/alles-uber-sahnesyphon\\\/#breadcrumb\"},\"inLanguage\":\"de-DE\",\"potentialAction\":[{\"@type\":\"ReadAction\",\"target\":[\"https:\\\/\\\/fast-gas.com\\\/de\\\/alles-uber-sahnesyphon\\\/\"]}]},{\"@type\":\"ImageObject\",\"inLanguage\":\"de-DE\",\"@id\":\"https:\\\/\\\/fast-gas.com\\\/de\\\/alles-uber-sahnesyphon\\\/#primaryimage\",\"url\":\"https:\\\/\\\/fast-gas.com\\\/wp-content\\\/uploads\\\/2022\\\/01\\\/Whipped-Cream-Sweets.jpg\",\"contentUrl\":\"https:\\\/\\\/fast-gas.com\\\/wp-content\\\/uploads\\\/2022\\\/01\\\/Whipped-Cream-Sweets.jpg\",\"width\":819,\"height\":819,\"caption\":\"Whipped Cream Chargers:\"},{\"@type\":\"BreadcrumbList\",\"@id\":\"https:\\\/\\\/fast-gas.com\\\/de\\\/alles-uber-sahnesyphon\\\/#breadcrumb\",\"itemListElement\":[{\"@type\":\"ListItem\",\"position\":1,\"name\":\"Home\",\"item\":\"https:\\\/\\\/fast-gas.com\\\/de\\\/\"},{\"@type\":\"ListItem\",\"position\":2,\"name\":\"Wie funktioniert ein Sahnesyphon?\"}]},{\"@type\":\"WebSite\",\"@id\":\"https:\\\/\\\/fast-gas.com\\\/de\\\/#website\",\"url\":\"https:\\\/\\\/fast-gas.com\\\/de\\\/\",\"name\":\"FastGas\",\"description\":\"N2O Cream Chargers\",\"publisher\":{\"@id\":\"https:\\\/\\\/fast-gas.com\\\/de\\\/#organization\"},\"potentialAction\":[{\"@type\":\"SearchAction\",\"target\":{\"@type\":\"EntryPoint\",\"urlTemplate\":\"https:\\\/\\\/fast-gas.com\\\/de\\\/?s={search_term_string}\"},\"query-input\":{\"@type\":\"PropertyValueSpecification\",\"valueRequired\":true,\"valueName\":\"search_term_string\"}}],\"inLanguage\":\"de-DE\"},{\"@type\":\"Organization\",\"@id\":\"https:\\\/\\\/fast-gas.com\\\/de\\\/#organization\",\"name\":\"FastGas - Helium, CO2 & N2O Wholesale\",\"alternateName\":\"Fast Gas\",\"url\":\"https:\\\/\\\/fast-gas.com\\\/de\\\/\",\"logo\":{\"@type\":\"ImageObject\",\"inLanguage\":\"de-DE\",\"@id\":\"https:\\\/\\\/fast-gas.com\\\/de\\\/#\\\/schema\\\/logo\\\/image\\\/\",\"url\":\"https:\\\/\\\/fast-gas.com\\\/wp-content\\\/uploads\\\/2025\\\/03\\\/cropped-Fastgas-Favicon.png\",\"contentUrl\":\"https:\\\/\\\/fast-gas.com\\\/wp-content\\\/uploads\\\/2025\\\/03\\\/cropped-Fastgas-Favicon.png\",\"width\":512,\"height\":512,\"caption\":\"FastGas - Helium, CO2 & N2O Wholesale\"},\"image\":{\"@id\":\"https:\\\/\\\/fast-gas.com\\\/de\\\/#\\\/schema\\\/logo\\\/image\\\/\"},\"sameAs\":[\"https:\\\/\\\/facebook.com\\\/wearefastgas\",\"https:\\\/\\\/www.youtube.com\\\/channel\\\/UCV5w9vrihWFu0yM7SZzQfVQ\\\/videos\",\"https:\\\/\\\/instagram.com\\\/fastgas.official\"]},{\"@type\":\"Person\",\"@id\":\"https:\\\/\\\/fast-gas.com\\\/de\\\/#\\\/schema\\\/person\\\/4b3a9beffb469faf985fef2c2b684689\",\"name\":\"Bro FastGas\",\"description\":\"Meet our Culinary Gas &amp; Tech Editor: pioneering N2O, CO2, and cream charger innovations with recipes, reviews, and cutting-edge insights.\",\"url\":\"https:\\\/\\\/fast-gas.com\\\/de\\\/author\\\/iryna\\\/\"}]}<\/script>\n<!-- \/ Yoast SEO plugin. -->","yoast_head_json":{"title":"Wie funktioniert ein Sahnesyphon? | FastGas","description":"Wenn Sie einen Sahnesiphon kaufen, erhalten Sie ein geeignetes Werkzeug, um schnell Schlagsahne herzustellen, aber worauf sollten Sie achten?","robots":{"index":"index","follow":"follow","max-snippet":"max-snippet:-1","max-image-preview":"max-image-preview:large","max-video-preview":"max-video-preview:-1"},"canonical":"https:\/\/fast-gas.com\/de\/alles-uber-sahnesyphon\/","og_locale":"de_DE","og_type":"article","og_title":"Wie funktioniert ein Sahnesyphon? | FastGas","og_description":"Wenn Sie einen Sahnesiphon kaufen, erhalten Sie ein geeignetes Werkzeug, um schnell Schlagsahne herzustellen, aber worauf sollten Sie achten?","og_url":"https:\/\/fast-gas.com\/de\/alles-uber-sahnesyphon\/","og_site_name":"FastGas","article_publisher":"https:\/\/facebook.com\/wearefastgas","article_modified_time":"2024-05-01T12:25:25+00:00","og_image":[{"width":819,"height":819,"url":"https:\/\/fast-gas.com\/wp-content\/uploads\/2022\/01\/Whipped-Cream-Sweets.jpg","type":"image\/jpeg"}],"twitter_card":"summary_large_image","twitter_misc":{"Est. reading time":"6 minutes"},"schema":{"@context":"https:\/\/schema.org","@graph":[{"@type":["Article","BlogPosting"],"@id":"https:\/\/fast-gas.com\/de\/alles-uber-sahnesyphon\/#article","isPartOf":{"@id":"https:\/\/fast-gas.com\/de\/alles-uber-sahnesyphon\/"},"author":{"name":"Bro FastGas","@id":"https:\/\/fast-gas.com\/de\/#\/schema\/person\/4b3a9beffb469faf985fef2c2b684689"},"headline":"Wie funktioniert ein Sahnesyphon?","datePublished":"2022-01-24T09:36:38+00:00","dateModified":"2024-05-01T12:25:25+00:00","mainEntityOfPage":{"@id":"https:\/\/fast-gas.com\/de\/alles-uber-sahnesyphon\/"},"wordCount":1315,"publisher":{"@id":"https:\/\/fast-gas.com\/de\/#organization"},"image":{"@id":"https:\/\/fast-gas.com\/de\/alles-uber-sahnesyphon\/#primaryimage"},"thumbnailUrl":"https:\/\/fast-gas.com\/wp-content\/uploads\/2022\/01\/Whipped-Cream-Sweets.jpg","inLanguage":"de-DE"},{"@type":"WebPage","@id":"https:\/\/fast-gas.com\/de\/alles-uber-sahnesyphon\/","url":"https:\/\/fast-gas.com\/de\/alles-uber-sahnesyphon\/","name":"Wie funktioniert ein Sahnesyphon? | FastGas","isPartOf":{"@id":"https:\/\/fast-gas.com\/de\/#website"},"primaryImageOfPage":{"@id":"https:\/\/fast-gas.com\/de\/alles-uber-sahnesyphon\/#primaryimage"},"image":{"@id":"https:\/\/fast-gas.com\/de\/alles-uber-sahnesyphon\/#primaryimage"},"thumbnailUrl":"https:\/\/fast-gas.com\/wp-content\/uploads\/2022\/01\/Whipped-Cream-Sweets.jpg","datePublished":"2022-01-24T09:36:38+00:00","dateModified":"2024-05-01T12:25:25+00:00","description":"Wenn Sie einen Sahnesiphon kaufen, erhalten Sie ein geeignetes Werkzeug, um schnell Schlagsahne herzustellen, aber worauf sollten Sie achten?","breadcrumb":{"@id":"https:\/\/fast-gas.com\/de\/alles-uber-sahnesyphon\/#breadcrumb"},"inLanguage":"de-DE","potentialAction":[{"@type":"ReadAction","target":["https:\/\/fast-gas.com\/de\/alles-uber-sahnesyphon\/"]}]},{"@type":"ImageObject","inLanguage":"de-DE","@id":"https:\/\/fast-gas.com\/de\/alles-uber-sahnesyphon\/#primaryimage","url":"https:\/\/fast-gas.com\/wp-content\/uploads\/2022\/01\/Whipped-Cream-Sweets.jpg","contentUrl":"https:\/\/fast-gas.com\/wp-content\/uploads\/2022\/01\/Whipped-Cream-Sweets.jpg","width":819,"height":819,"caption":"Whipped Cream Chargers:"},{"@type":"BreadcrumbList","@id":"https:\/\/fast-gas.com\/de\/alles-uber-sahnesyphon\/#breadcrumb","itemListElement":[{"@type":"ListItem","position":1,"name":"Home","item":"https:\/\/fast-gas.com\/de\/"},{"@type":"ListItem","position":2,"name":"Wie funktioniert ein Sahnesyphon?"}]},{"@type":"WebSite","@id":"https:\/\/fast-gas.com\/de\/#website","url":"https:\/\/fast-gas.com\/de\/","name":"FastGas","description":"N2O Cream Chargers","publisher":{"@id":"https:\/\/fast-gas.com\/de\/#organization"},"potentialAction":[{"@type":"SearchAction","target":{"@type":"EntryPoint","urlTemplate":"https:\/\/fast-gas.com\/de\/?s={search_term_string}"},"query-input":{"@type":"PropertyValueSpecification","valueRequired":true,"valueName":"search_term_string"}}],"inLanguage":"de-DE"},{"@type":"Organization","@id":"https:\/\/fast-gas.com\/de\/#organization","name":"FastGas - Helium, CO2 & N2O Wholesale","alternateName":"Fast Gas","url":"https:\/\/fast-gas.com\/de\/","logo":{"@type":"ImageObject","inLanguage":"de-DE","@id":"https:\/\/fast-gas.com\/de\/#\/schema\/logo\/image\/","url":"https:\/\/fast-gas.com\/wp-content\/uploads\/2025\/03\/cropped-Fastgas-Favicon.png","contentUrl":"https:\/\/fast-gas.com\/wp-content\/uploads\/2025\/03\/cropped-Fastgas-Favicon.png","width":512,"height":512,"caption":"FastGas - Helium, CO2 & N2O Wholesale"},"image":{"@id":"https:\/\/fast-gas.com\/de\/#\/schema\/logo\/image\/"},"sameAs":["https:\/\/facebook.com\/wearefastgas","https:\/\/www.youtube.com\/channel\/UCV5w9vrihWFu0yM7SZzQfVQ\/videos","https:\/\/instagram.com\/fastgas.official"]},{"@type":"Person","@id":"https:\/\/fast-gas.com\/de\/#\/schema\/person\/4b3a9beffb469faf985fef2c2b684689","name":"Bro FastGas","description":"Meet our Culinary Gas &amp; Tech Editor: pioneering N2O, CO2, and cream charger innovations with recipes, reviews, and cutting-edge insights.","url":"https:\/\/fast-gas.com\/de\/author\/iryna\/"}]}},"_links":{"self":[{"href":"https:\/\/fast-gas.com\/de\/wp-json\/wp\/v2\/pages\/1459","targetHints":{"allow":["GET"]}}],"collection":[{"href":"https:\/\/fast-gas.com\/de\/wp-json\/wp\/v2\/pages"}],"about":[{"href":"https:\/\/fast-gas.com\/de\/wp-json\/wp\/v2\/types\/page"}],"author":[{"embeddable":true,"href":"https:\/\/fast-gas.com\/de\/wp-json\/wp\/v2\/users\/5216"}],"replies":[{"embeddable":true,"href":"https:\/\/fast-gas.com\/de\/wp-json\/wp\/v2\/comments?post=1459"}],"version-history":[{"count":10,"href":"https:\/\/fast-gas.com\/de\/wp-json\/wp\/v2\/pages\/1459\/revisions"}],"predecessor-version":[{"id":34917,"href":"https:\/\/fast-gas.com\/de\/wp-json\/wp\/v2\/pages\/1459\/revisions\/34917"}],"wp:featuredmedia":[{"embeddable":true,"href":"https:\/\/fast-gas.com\/de\/wp-json\/wp\/v2\/media\/1342"}],"wp:attachment":[{"href":"https:\/\/fast-gas.com\/de\/wp-json\/wp\/v2\/media?parent=1459"}],"curies":[{"name":"wp","href":"https:\/\/api.w.org\/{rel}","templated":true}]}}